{"id":2427,"date":"2013-06-21T11:19:45","date_gmt":"2013-06-21T11:19:45","guid":{"rendered":"http:\/\/localhost\/wordpress\/medicenter-new\/my-account\/"},"modified":"2022-04-06T02:02:52","modified_gmt":"2022-04-06T02:02:52","slug":"moj-ucet","status":"publish","type":"page","link":"https:\/\/medicinasinc.com\/sk\/moj-ucet\/","title":{"rendered":"M\u00f4j \u00fa\u010det"},"content":{"rendered":"<div class=\"woocommerce\"><\/div>\n","protected":false},"excerpt":{"rendered":"","protected":false},"author":1,"featured_media":6036,"parent":0,"menu_order":0,"comment_status":"open","ping_status":"closed","template":"","meta":{"footnotes":""},"class_list":["post-2427","page","type-page","status-publish","has-post-thumbnail","hentry"],"yoast_head":"<!-- This site is optimized with the Yoast SEO plugin v27.2 - https:\/\/yoast.com\/product\/yoast-seo-wordpress\/ -->\n<title>M\u00f4j \u00fa\u010det - Medicinas Inc<\/title>\n<meta name=\"robots\" content=\"index, follow, max-snippet:-1, max-image-preview:large, max-video-preview:-1\" \/>\n<link rel=\"canonical\" href=\"https:\/\/medicinasinc.com\/sk\/moj-ucet\/\" \/>\n<meta property=\"og:locale\" content=\"en_US\" \/>\n<meta property=\"og:type\" content=\"article\" \/>\n<meta property=\"og:title\" content=\"M\u00f4j \u00fa\u010det - Medicinas Inc\" \/>\n<meta property=\"og:url\" content=\"https:\/\/medicinasinc.com\/sk\/moj-ucet\/\" \/>\n<meta property=\"og:site_name\" content=\"Medicinas Inc\" \/>\n<meta property=\"article:modified_time\" content=\"2022-04-06T02:02:52+00:00\" \/>\n<meta name=\"twitter:card\" content=\"summary_large_image\" \/>\n<script type=\"application\/ld+json\" class=\"yoast-schema-graph\">{\"@context\":\"https:\/\/schema.org\",\"@graph\":[{\"@type\":\"WebPage\",\"@id\":\"https:\/\/medicinasinc.com\/sk\/moj-ucet\/\",\"url\":\"https:\/\/medicinasinc.com\/sk\/moj-ucet\/\",\"name\":\"M\u00f4j \u00fa\u010det - Medicinas Inc\",\"isPartOf\":{\"@id\":\"https:\/\/medicinasinc.com\/sk\/#website\"},\"primaryImageOfPage\":{\"@id\":\"https:\/\/medicinasinc.com\/sk\/moj-ucet\/#primaryimage\"},\"image\":{\"@id\":\"https:\/\/medicinasinc.com\/sk\/moj-ucet\/#primaryimage\"},\"thumbnailUrl\":\"https:\/\/medicinasinc.com\/sk\/wp-content\/uploads\/sites\/10\/2022\/04\/woocommerce-placeholder-medicinasinc.com_.png\",\"datePublished\":\"2013-06-21T11:19:45+00:00\",\"dateModified\":\"2022-04-06T02:02:52+00:00\",\"inLanguage\":\"en-US\",\"potentialAction\":[{\"@type\":\"ReadAction\",\"target\":[\"https:\/\/medicinasinc.com\/sk\/moj-ucet\/\"]}]},{\"@type\":\"ImageObject\",\"inLanguage\":\"en-US\",\"@id\":\"https:\/\/medicinasinc.com\/sk\/moj-ucet\/#primaryimage\",\"url\":\"https:\/\/medicinasinc.com\/sk\/wp-content\/uploads\/sites\/10\/2022\/04\/woocommerce-placeholder-medicinasinc.com_.png\",\"contentUrl\":\"https:\/\/medicinasinc.com\/sk\/wp-content\/uploads\/sites\/10\/2022\/04\/woocommerce-placeholder-medicinasinc.com_.png\",\"width\":1200,\"height\":1200},{\"@type\":\"WebSite\",\"@id\":\"https:\/\/medicinasinc.com\/sk\/#website\",\"url\":\"https:\/\/medicinasinc.com\/sk\/\",\"name\":\"Medicinas Inc\",\"description\":\"Health Medical Clinic\",\"potentialAction\":[{\"@type\":\"SearchAction\",\"target\":{\"@type\":\"EntryPoint\",\"urlTemplate\":\"https:\/\/medicinasinc.com\/sk\/?s={search_term_string}\"},\"query-input\":{\"@type\":\"PropertyValueSpecification\",\"valueRequired\":true,\"valueName\":\"search_term_string\"}}],\"inLanguage\":\"en-US\"}]}<\/script>\n<!-- \/ Yoast SEO plugin. -->","yoast_head_json":{"title":"M\u00f4j \u00fa\u010det - Medicinas Inc","robots":{"index":"index","follow":"follow","max-snippet":"max-snippet:-1","max-image-preview":"max-image-preview:large","max-video-preview":"max-video-preview:-1"},"canonical":"https:\/\/medicinasinc.com\/sk\/moj-ucet\/","og_locale":"en_US","og_type":"article","og_title":"M\u00f4j \u00fa\u010det - Medicinas Inc","og_url":"https:\/\/medicinasinc.com\/sk\/moj-ucet\/","og_site_name":"Medicinas Inc","article_modified_time":"2022-04-06T02:02:52+00:00","twitter_card":"summary_large_image","schema":{"@context":"https:\/\/schema.org","@graph":[{"@type":"WebPage","@id":"https:\/\/medicinasinc.com\/sk\/moj-ucet\/","url":"https:\/\/medicinasinc.com\/sk\/moj-ucet\/","name":"M\u00f4j \u00fa\u010det - Medicinas Inc","isPartOf":{"@id":"https:\/\/medicinasinc.com\/sk\/#website"},"primaryImageOfPage":{"@id":"https:\/\/medicinasinc.com\/sk\/moj-ucet\/#primaryimage"},"image":{"@id":"https:\/\/medicinasinc.com\/sk\/moj-ucet\/#primaryimage"},"thumbnailUrl":"https:\/\/medicinasinc.com\/sk\/wp-content\/uploads\/sites\/10\/2022\/04\/woocommerce-placeholder-medicinasinc.com_.png","datePublished":"2013-06-21T11:19:45+00:00","dateModified":"2022-04-06T02:02:52+00:00","inLanguage":"en-US","potentialAction":[{"@type":"ReadAction","target":["https:\/\/medicinasinc.com\/sk\/moj-ucet\/"]}]},{"@type":"ImageObject","inLanguage":"en-US","@id":"https:\/\/medicinasinc.com\/sk\/moj-ucet\/#primaryimage","url":"https:\/\/medicinasinc.com\/sk\/wp-content\/uploads\/sites\/10\/2022\/04\/woocommerce-placeholder-medicinasinc.com_.png","contentUrl":"https:\/\/medicinasinc.com\/sk\/wp-content\/uploads\/sites\/10\/2022\/04\/woocommerce-placeholder-medicinasinc.com_.png","width":1200,"height":1200},{"@type":"WebSite","@id":"https:\/\/medicinasinc.com\/sk\/#website","url":"https:\/\/medicinasinc.com\/sk\/","name":"Medicinas Inc","description":"Health Medical Clinic","potentialAction":[{"@type":"SearchAction","target":{"@type":"EntryPoint","urlTemplate":"https:\/\/medicinasinc.com\/sk\/?s={search_term_string}"},"query-input":{"@type":"PropertyValueSpecification","valueRequired":true,"valueName":"search_term_string"}}],"inLanguage":"en-US"}]}},"_links":{"self":[{"href":"https:\/\/medicinasinc.com\/sk\/wp-json\/wp\/v2\/pages\/2427","targetHints":{"allow":["GET"]}}],"collection":[{"href":"https:\/\/medicinasinc.com\/sk\/wp-json\/wp\/v2\/pages"}],"about":[{"href":"https:\/\/medicinasinc.com\/sk\/wp-json\/wp\/v2\/types\/page"}],"author":[{"embeddable":true,"href":"https:\/\/medicinasinc.com\/sk\/wp-json\/wp\/v2\/users\/1"}],"replies":[{"embeddable":true,"href":"https:\/\/medicinasinc.com\/sk\/wp-json\/wp\/v2\/comments?post=2427"}],"version-history":[{"count":0,"href":"https:\/\/medicinasinc.com\/sk\/wp-json\/wp\/v2\/pages\/2427\/revisions"}],"wp:featuredmedia":[{"embeddable":true,"href":"https:\/\/medicinasinc.com\/sk\/wp-json\/wp\/v2\/media\/6036"}],"wp:attachment":[{"href":"https:\/\/medicinasinc.com\/sk\/wp-json\/wp\/v2\/media?parent=2427"}],"curies":[{"name":"wp","href":"https:\/\/api.w.org\/{rel}","templated":true}]}}