{"id":5926,"date":"2022-02-22T08:28:02","date_gmt":"2022-02-22T08:28:02","guid":{"rendered":"https:\/\/medicinasinc.com\/se\/?post_type=product&#038;p=5926"},"modified":"2022-07-03T23:08:45","modified_gmt":"2022-07-03T23:08:45","slug":"kop-thj-018","status":"publish","type":"product","link":"https:\/\/medicinasinc.com\/se\/product\/kop-thj-018\/","title":{"rendered":"K\u00f6p THJ-018"},"content":{"rendered":"<p>Trots den \u00f6kande prevalensen av nya psykoaktiva f\u00f6reningar finns det f\u00f6r n\u00e4rvarande inga tillg\u00e4ngliga data om m\u00e4nsklig metabolism, vilket g\u00f6r laboratoriedokumentation av intag i urinprov och bed\u00f6mning av l\u00e4kemedlens farmakodynamiska, farmakokinetiska och toxikologiska egenskaper sv\u00e5rare.<\/p>\n<p>Syntetiska cannabisindazolanaloger av JWH-018 och THJ-2201 sl\u00e4pptes 2014 som THJ-018 och THJ-2201.<\/p>\n<p>THJ 018 \u00e4r ett helt nytt syntetiskt l\u00e4kemedel som finns att k\u00f6pa. Det klassas som en cannabinoid. Denna f\u00f6rening \u00e4r ett derivat av det v\u00e4lk\u00e4nda l\u00e4kemedlet jwh 018.<\/p>\n<p>National Forensic Laboratory Information System har 220 THJ-2201-rapporter, enligt AM-2201. I januari 2015 klassade Drug Enforcement Administration THJ-2201 som schema I p\u00e5 grund av m\u00e5nga ogynnsamma h\u00e4ndelser.<\/p>\n<p>METODER: Efter att ha inkuberat 10 mol\/L THJ-018 och THJ-2201 i humana hepatocyter i 3 timmar, vi anv\u00e4nde h\u00f6guppl\u00f6st masspektrometri (HR-MS) (TripleTOF 5600+) f\u00f6r att uppt\u00e4cka optimala metabolitmark\u00f6rer. Produktjonskanningar med massdefektfilter aktiverades genom fullst\u00e4ndig skanning och informationsberoende inh\u00e4mtning. MetaSite anv\u00e4ndes f\u00f6r att g\u00f6ra in silico-metabolitf\u00f6ruts\u00e4gelser, som sedan j\u00e4mf\u00f6rdes med metaboliter som finns i humana hepatocyter.<\/p>\n<p>RESULTAT: Tretton THJ-018-metaboliter hittades, med hydroxylering p\u00e5 N-pentylkedjan och efterf\u00f6ljande oxidation eller glukuronidering \u00e4r de dominerande metabola v\u00e4garna. Det hittades 27 metaboliter i THJ-2201, varav majoriteten var oxidativ defluorering f\u00f6ljt av karboxylering eller glukuronidering, s\u00e5v\u00e4l som glukuronidering av hydroxylerade metaboliter.<\/p>\n<p>B\u00e5da f\u00f6reningarna visade dihydrodiolsyntes p\u00e5 naftalendelen. MetaSite f\u00f6ruts\u00e4gelse var korrekt f\u00f6r THJ-018 hepatocytmetaboliter, medan THJ-2201 oxidativ defluorering underskattades.<\/p>\n<p>SLUTSATS: Vi unders\u00f6kte THJ-018 och THJ-2201 metabolism i humana hepatocyter med hj\u00e4lp av HR-MS f\u00f6r datainsamling bearbetning, och vi rekommenderar relevanta indikatorer f\u00f6r laboratorier f\u00f6r att identifiera intag av THJ-018 och THJ-2201 och relatera dokumenterade negativa utfall till dessa nya syntetiska cannabinoider.<\/p>\n<p>SC binder till endogena cannabinoidreceptorer och producerar cannabimimetiska effekter j\u00e4mf\u00f6rbara med 9 -tetrahydrocannabinol (1, 2). Missbruk av SC3 leder till allvarliga biverkningar s\u00e5som akut njurskada, hj\u00e4rtinfarkt och d\u00f6d (3, 4).<\/p>\n<p>Trots dessa risker forts\u00e4tter m\u00e4nniskor att konsumera SC. M\u00e5nga SC har schemalagts i USA, Japan och de flesta europeiska l\u00e4nder (till exempel JWH018, JWH-073, AKB48 och XLR-11); men ytterligare strukturellt varierade f\u00f6reningar dyker st\u00e4ndigt upp.<\/p>\n","protected":false},"excerpt":{"rendered":"<p>K\u00f6p THJ-018 (SGT-17) till salu Europa, Storbritannien \u00e4r en syntetisk cannabinoid som \u00e4r indazolanalogen till JWH-018 och har s\u00e5lts online som en designerdrog. Grossistorder tillg\u00e4nglig<\/p>\n","protected":false},"featured_media":5940,"comment_status":"open","ping_status":"closed","template":"","meta":[],"product_brand":[],"product_cat":[2596],"product_tag":[4105,4107,4104,4106,4103,4108,4109],"class_list":{"0":"post-5926","1":"product","2":"type-product","3":"status-publish","4":"has-post-thumbnail","6":"product_cat-cannabinoider-till-salu","7":"product_tag-order-thj-018-online","8":"product_tag-det-bsta-stllet-att-kpa-thj-018-online","9":"product_tag-how-to-buy-thj-018-online","10":"product_tag-kp-thj-018-online","11":"product_tag-k-c3-b6p-thj-018-online","12":"product_tag-thj-018-till-salu","13":"product_tag-var-att-kpa-thj-018-online","15":"first","16":"instock","17":"shipping-taxable","18":"purchasable","19":"product-type-variable"},"yoast_head":"<!-- This site is optimized with the Yoast SEO plugin v27.3 - https:\/\/yoast.com\/product\/yoast-seo-wordpress\/ -->\n<title>K\u00f6p THJ-018 - SGT-17 - B\u00e4sta b\u00e4sta globala medicinerna<\/title>\n<meta name=\"description\" content=\"K\u00f6p THJ-018 (SGT-17) till salu Europa, Storbritannien \u00e4r en syntetisk cannabinoid som \u00e4r indazolanalogen till JWH-018 och har s\u00e5lts online som en designerdrog. Grossistorder tillg\u00e4nglig\" \/>\n<meta name=\"robots\" content=\"index, follow, max-snippet:-1, max-image-preview:large, max-video-preview:-1\" \/>\n<link rel=\"canonical\" href=\"https:\/\/medicinasinc.com\/se\/product\/kop-thj-018\/\" \/>\n<meta property=\"og:locale\" content=\"sv_SE\" \/>\n<meta property=\"og:type\" content=\"article\" \/>\n<meta property=\"og:title\" content=\"K\u00f6p THJ-018 - SGT-17 - B\u00e4sta b\u00e4sta globala medicinerna\" \/>\n<meta property=\"og:description\" content=\"K\u00f6p THJ-018 (SGT-17) till salu Europa, Storbritannien \u00e4r en syntetisk cannabinoid som \u00e4r indazolanalogen till JWH-018 och har s\u00e5lts online som en designerdrog. Grossistorder tillg\u00e4nglig\" \/>\n<meta property=\"og:url\" content=\"https:\/\/medicinasinc.com\/se\/product\/kop-thj-018\/\" \/>\n<meta property=\"og:site_name\" content=\"Medicinas Inc\" \/>\n<meta property=\"article:modified_time\" content=\"2022-07-03T23:08:45+00:00\" \/>\n<meta property=\"og:image\" content=\"https:\/\/medicinasinc.com\/se\/wp-content\/uploads\/sites\/16\/2022\/02\/Buy-THJ-018.jpeg\" \/>\n\t<meta property=\"og:image:width\" content=\"751\" \/>\n\t<meta property=\"og:image:height\" content=\"800\" \/>\n\t<meta property=\"og:image:type\" content=\"image\/jpeg\" \/>\n<meta name=\"twitter:card\" content=\"summary_large_image\" \/>\n<meta name=\"twitter:label1\" content=\"Ber\u00e4knad l\u00e4stid\" \/>\n\t<meta name=\"twitter:data1\" content=\"2 minuter\" \/>\n<script type=\"application\/ld+json\" class=\"yoast-schema-graph\">{\"@context\":\"https:\\\/\\\/schema.org\",\"@graph\":[{\"@type\":\"WebPage\",\"@id\":\"https:\\\/\\\/medicinasinc.com\\\/se\\\/product\\\/kop-thj-018\\\/\",\"url\":\"https:\\\/\\\/medicinasinc.com\\\/se\\\/product\\\/kop-thj-018\\\/\",\"name\":\"K\u00f6p THJ-018 - SGT-17 - B\u00e4sta b\u00e4sta globala medicinerna\",\"isPartOf\":{\"@id\":\"https:\\\/\\\/medicinasinc.com\\\/se\\\/#website\"},\"primaryImageOfPage\":{\"@id\":\"https:\\\/\\\/medicinasinc.com\\\/se\\\/product\\\/kop-thj-018\\\/#primaryimage\"},\"image\":{\"@id\":\"https:\\\/\\\/medicinasinc.com\\\/se\\\/product\\\/kop-thj-018\\\/#primaryimage\"},\"thumbnailUrl\":\"https:\\\/\\\/medicinasinc.com\\\/se\\\/wp-content\\\/uploads\\\/sites\\\/16\\\/2022\\\/02\\\/Buy-THJ-018.jpeg\",\"datePublished\":\"2022-02-22T08:28:02+00:00\",\"dateModified\":\"2022-07-03T23:08:45+00:00\",\"description\":\"K\u00f6p THJ-018 (SGT-17) till salu Europa, Storbritannien \u00e4r en syntetisk cannabinoid som \u00e4r indazolanalogen till JWH-018 och har s\u00e5lts online som en designerdrog. Grossistorder tillg\u00e4nglig\",\"breadcrumb\":{\"@id\":\"https:\\\/\\\/medicinasinc.com\\\/se\\\/product\\\/kop-thj-018\\\/#breadcrumb\"},\"inLanguage\":\"sv-SE\",\"potentialAction\":[{\"@type\":\"ReadAction\",\"target\":[\"https:\\\/\\\/medicinasinc.com\\\/se\\\/product\\\/kop-thj-018\\\/\"]}]},{\"@type\":\"ImageObject\",\"inLanguage\":\"sv-SE\",\"@id\":\"https:\\\/\\\/medicinasinc.com\\\/se\\\/product\\\/kop-thj-018\\\/#primaryimage\",\"url\":\"https:\\\/\\\/medicinasinc.com\\\/se\\\/wp-content\\\/uploads\\\/sites\\\/16\\\/2022\\\/02\\\/Buy-THJ-018.jpeg\",\"contentUrl\":\"https:\\\/\\\/medicinasinc.com\\\/se\\\/wp-content\\\/uploads\\\/sites\\\/16\\\/2022\\\/02\\\/Buy-THJ-018.jpeg\",\"width\":751,\"height\":800},{\"@type\":\"BreadcrumbList\",\"@id\":\"https:\\\/\\\/medicinasinc.com\\\/se\\\/product\\\/kop-thj-018\\\/#breadcrumb\",\"itemListElement\":[{\"@type\":\"ListItem\",\"position\":1,\"name\":\"aff\u00e4r\",\"item\":\"https:\\\/\\\/medicinasinc.com\\\/se\\\/affar\\\/\"},{\"@type\":\"ListItem\",\"position\":2,\"name\":\"K\u00f6p THJ-018\"}]},{\"@type\":\"WebSite\",\"@id\":\"https:\\\/\\\/medicinasinc.com\\\/se\\\/#website\",\"url\":\"https:\\\/\\\/medicinasinc.com\\\/se\\\/\",\"name\":\"Medicinas Inc\",\"description\":\"Health Medical Clinic\",\"potentialAction\":[{\"@type\":\"SearchAction\",\"target\":{\"@type\":\"EntryPoint\",\"urlTemplate\":\"https:\\\/\\\/medicinasinc.com\\\/se\\\/?s={search_term_string}\"},\"query-input\":{\"@type\":\"PropertyValueSpecification\",\"valueRequired\":true,\"valueName\":\"search_term_string\"}}],\"inLanguage\":\"sv-SE\"}]}<\/script>\n<!-- \/ Yoast SEO plugin. -->","yoast_head_json":{"title":"K\u00f6p THJ-018 - SGT-17 - B\u00e4sta b\u00e4sta globala medicinerna","description":"K\u00f6p THJ-018 (SGT-17) till salu Europa, Storbritannien \u00e4r en syntetisk cannabinoid som \u00e4r indazolanalogen till JWH-018 och har s\u00e5lts online som en designerdrog. Grossistorder tillg\u00e4nglig","robots":{"index":"index","follow":"follow","max-snippet":"max-snippet:-1","max-image-preview":"max-image-preview:large","max-video-preview":"max-video-preview:-1"},"canonical":"https:\/\/medicinasinc.com\/se\/product\/kop-thj-018\/","og_locale":"sv_SE","og_type":"article","og_title":"K\u00f6p THJ-018 - SGT-17 - B\u00e4sta b\u00e4sta globala medicinerna","og_description":"K\u00f6p THJ-018 (SGT-17) till salu Europa, Storbritannien \u00e4r en syntetisk cannabinoid som \u00e4r indazolanalogen till JWH-018 och har s\u00e5lts online som en designerdrog. Grossistorder tillg\u00e4nglig","og_url":"https:\/\/medicinasinc.com\/se\/product\/kop-thj-018\/","og_site_name":"Medicinas Inc","article_modified_time":"2022-07-03T23:08:45+00:00","og_image":[{"width":751,"height":800,"url":"https:\/\/medicinasinc.com\/se\/wp-content\/uploads\/sites\/16\/2022\/02\/Buy-THJ-018.jpeg","type":"image\/jpeg"}],"twitter_card":"summary_large_image","twitter_misc":{"Ber\u00e4knad l\u00e4stid":"2 minuter"},"schema":{"@context":"https:\/\/schema.org","@graph":[{"@type":"WebPage","@id":"https:\/\/medicinasinc.com\/se\/product\/kop-thj-018\/","url":"https:\/\/medicinasinc.com\/se\/product\/kop-thj-018\/","name":"K\u00f6p THJ-018 - SGT-17 - B\u00e4sta b\u00e4sta globala medicinerna","isPartOf":{"@id":"https:\/\/medicinasinc.com\/se\/#website"},"primaryImageOfPage":{"@id":"https:\/\/medicinasinc.com\/se\/product\/kop-thj-018\/#primaryimage"},"image":{"@id":"https:\/\/medicinasinc.com\/se\/product\/kop-thj-018\/#primaryimage"},"thumbnailUrl":"https:\/\/medicinasinc.com\/se\/wp-content\/uploads\/sites\/16\/2022\/02\/Buy-THJ-018.jpeg","datePublished":"2022-02-22T08:28:02+00:00","dateModified":"2022-07-03T23:08:45+00:00","description":"K\u00f6p THJ-018 (SGT-17) till salu Europa, Storbritannien \u00e4r en syntetisk cannabinoid som \u00e4r indazolanalogen till JWH-018 och har s\u00e5lts online som en designerdrog. Grossistorder tillg\u00e4nglig","breadcrumb":{"@id":"https:\/\/medicinasinc.com\/se\/product\/kop-thj-018\/#breadcrumb"},"inLanguage":"sv-SE","potentialAction":[{"@type":"ReadAction","target":["https:\/\/medicinasinc.com\/se\/product\/kop-thj-018\/"]}]},{"@type":"ImageObject","inLanguage":"sv-SE","@id":"https:\/\/medicinasinc.com\/se\/product\/kop-thj-018\/#primaryimage","url":"https:\/\/medicinasinc.com\/se\/wp-content\/uploads\/sites\/16\/2022\/02\/Buy-THJ-018.jpeg","contentUrl":"https:\/\/medicinasinc.com\/se\/wp-content\/uploads\/sites\/16\/2022\/02\/Buy-THJ-018.jpeg","width":751,"height":800},{"@type":"BreadcrumbList","@id":"https:\/\/medicinasinc.com\/se\/product\/kop-thj-018\/#breadcrumb","itemListElement":[{"@type":"ListItem","position":1,"name":"aff\u00e4r","item":"https:\/\/medicinasinc.com\/se\/affar\/"},{"@type":"ListItem","position":2,"name":"K\u00f6p THJ-018"}]},{"@type":"WebSite","@id":"https:\/\/medicinasinc.com\/se\/#website","url":"https:\/\/medicinasinc.com\/se\/","name":"Medicinas Inc","description":"Health Medical Clinic","potentialAction":[{"@type":"SearchAction","target":{"@type":"EntryPoint","urlTemplate":"https:\/\/medicinasinc.com\/se\/?s={search_term_string}"},"query-input":{"@type":"PropertyValueSpecification","valueRequired":true,"valueName":"search_term_string"}}],"inLanguage":"sv-SE"}]}},"_links":{"self":[{"href":"https:\/\/medicinasinc.com\/se\/wp-json\/wp\/v2\/product\/5926","targetHints":{"allow":["GET"]}}],"collection":[{"href":"https:\/\/medicinasinc.com\/se\/wp-json\/wp\/v2\/product"}],"about":[{"href":"https:\/\/medicinasinc.com\/se\/wp-json\/wp\/v2\/types\/product"}],"replies":[{"embeddable":true,"href":"https:\/\/medicinasinc.com\/se\/wp-json\/wp\/v2\/comments?post=5926"}],"wp:featuredmedia":[{"embeddable":true,"href":"https:\/\/medicinasinc.com\/se\/wp-json\/wp\/v2\/media\/5940"}],"wp:attachment":[{"href":"https:\/\/medicinasinc.com\/se\/wp-json\/wp\/v2\/media?parent=5926"}],"wp:term":[{"taxonomy":"product_brand","embeddable":true,"href":"https:\/\/medicinasinc.com\/se\/wp-json\/wp\/v2\/product_brand?post=5926"},{"taxonomy":"product_cat","embeddable":true,"href":"https:\/\/medicinasinc.com\/se\/wp-json\/wp\/v2\/product_cat?post=5926"},{"taxonomy":"product_tag","embeddable":true,"href":"https:\/\/medicinasinc.com\/se\/wp-json\/wp\/v2\/product_tag?post=5926"}],"curies":[{"name":"wp","href":"https:\/\/api.w.org\/{rel}","templated":true}]}}