{"id":5921,"date":"2022-02-22T08:23:15","date_gmt":"2022-02-22T08:23:15","guid":{"rendered":"https:\/\/medicinasinc.com\/se\/?post_type=product&#038;p=5921"},"modified":"2022-07-03T23:08:53","modified_gmt":"2022-07-03T23:08:53","slug":"kop-sdb-005","status":"publish","type":"product","link":"https:\/\/medicinasinc.com\/se\/product\/kop-sdb-005\/","title":{"rendered":"K\u00f6p SDB-005"},"content":{"rendered":"<p>SDB-005 \u00e4r en syntetisk cannabis baserad p\u00e5 indazoler som har erbjudits som designerdrog online. Det tros vara en cannabinoidreceptoragonist f\u00f6r CB1 och CB2. SDB-005 \u00e4r en indazolk\u00e4rnaanalog av PB-22 med en naftalengrupp i st\u00e4llet f\u00f6r 8-hydroxikinolin.<\/p>\n<p>SDB-005 tilldelades tidigare en annan kemikalie, N-fenylanalogen av SDB- 006, snarare \u00e4n N-bensylmotsvarigheten till SDB-006. Denna kemikalie \u00e4r en stark agonist av CB1 (Ki = 21 nM) och CB2 (Ki = 140 nM) receptorer.<\/p>\n<p>SDB-005 \u00e4r en syntetisk cannabis baserad p\u00e5 indazoler som har erbjudits som ett designdroger uppkopplad. Det tros vara en cannabinoidreceptoragonist f\u00f6r CB1 och CB2. SDB-005 \u00e4r en indazolk\u00e4rnaanalog av PB-22 med en naftalengrupp i st\u00e4llet f\u00f6r 8-hydroxikinolin.<\/p>\n","protected":false},"excerpt":{"rendered":"<p>K\u00f6p SDB-005 till salu Europa, Storbritannien\u00a0\u00e4r en\u00a0indazolbaserad\u00a0syntetisk cannabinoid\u00a0som har s\u00e5lts online som en\u00a0designerdrog<\/p>\n","protected":false},"featured_media":5939,"comment_status":"open","ping_status":"closed","template":"","meta":[],"product_brand":[],"product_cat":[2596],"product_tag":[4098,4096,4101,4097,4099,4100,4102],"class_list":{"0":"post-5921","1":"product","2":"type-product","3":"status-publish","4":"has-post-thumbnail","6":"product_cat-cannabinoider-till-salu","7":"product_tag-order-sdb005-online","8":"product_tag-buy-sdb005-online","9":"product_tag-det-bsta-stllet-att-kpa-sdb005-online","10":"product_tag-hur-man-kper-sdb005-online","11":"product_tag-kp-sdb005-online","12":"product_tag-sdb005-till-salu","13":"product_tag-var-att-kpa-sdb005-online","15":"first","16":"instock","17":"shipping-taxable","18":"purchasable","19":"product-type-variable"},"yoast_head":"<!-- This site is optimized with the Yoast SEO plugin v27.3 - https:\/\/yoast.com\/product\/yoast-seo-wordpress\/ -->\n<title>K\u00f6p SDB-005 - SDB005 - B\u00e4sta globala mediciner<\/title>\n<meta name=\"description\" content=\"K\u00f6p SDB-005 till salu Europa, Storbritannien\u00a0\u00e4r en\u00a0indazolbaserad\u00a0syntetisk cannabinoid\u00a0som har s\u00e5lts online som en\u00a0designerdrog.\" \/>\n<meta name=\"robots\" content=\"index, follow, max-snippet:-1, max-image-preview:large, max-video-preview:-1\" \/>\n<link rel=\"canonical\" href=\"https:\/\/medicinasinc.com\/se\/product\/kop-sdb-005\/\" \/>\n<meta property=\"og:locale\" content=\"sv_SE\" \/>\n<meta property=\"og:type\" content=\"article\" \/>\n<meta property=\"og:title\" content=\"K\u00f6p SDB-005 - SDB005 - B\u00e4sta globala mediciner\" \/>\n<meta property=\"og:description\" content=\"K\u00f6p SDB-005 till salu Europa, Storbritannien\u00a0\u00e4r en\u00a0indazolbaserad\u00a0syntetisk cannabinoid\u00a0som har s\u00e5lts online som en\u00a0designerdrog.\" \/>\n<meta property=\"og:url\" content=\"https:\/\/medicinasinc.com\/se\/product\/kop-sdb-005\/\" \/>\n<meta property=\"og:site_name\" content=\"Medicinas Inc\" \/>\n<meta property=\"article:modified_time\" content=\"2022-07-03T23:08:53+00:00\" \/>\n<meta property=\"og:image\" content=\"https:\/\/medicinasinc.com\/se\/wp-content\/uploads\/sites\/16\/2022\/02\/Buy-SDB-005.jpeg\" \/>\n\t<meta property=\"og:image:width\" content=\"600\" \/>\n\t<meta property=\"og:image:height\" content=\"451\" \/>\n\t<meta property=\"og:image:type\" content=\"image\/jpeg\" \/>\n<meta name=\"twitter:card\" content=\"summary_large_image\" \/>\n<meta name=\"twitter:label1\" content=\"Ber\u00e4knad l\u00e4stid\" \/>\n\t<meta name=\"twitter:data1\" content=\"1 minut\" \/>\n<script type=\"application\/ld+json\" class=\"yoast-schema-graph\">{\"@context\":\"https:\\\/\\\/schema.org\",\"@graph\":[{\"@type\":\"WebPage\",\"@id\":\"https:\\\/\\\/medicinasinc.com\\\/se\\\/product\\\/kop-sdb-005\\\/\",\"url\":\"https:\\\/\\\/medicinasinc.com\\\/se\\\/product\\\/kop-sdb-005\\\/\",\"name\":\"K\u00f6p SDB-005 - SDB005 - B\u00e4sta globala mediciner\",\"isPartOf\":{\"@id\":\"https:\\\/\\\/medicinasinc.com\\\/se\\\/#website\"},\"primaryImageOfPage\":{\"@id\":\"https:\\\/\\\/medicinasinc.com\\\/se\\\/product\\\/kop-sdb-005\\\/#primaryimage\"},\"image\":{\"@id\":\"https:\\\/\\\/medicinasinc.com\\\/se\\\/product\\\/kop-sdb-005\\\/#primaryimage\"},\"thumbnailUrl\":\"https:\\\/\\\/medicinasinc.com\\\/se\\\/wp-content\\\/uploads\\\/sites\\\/16\\\/2022\\\/02\\\/Buy-SDB-005.jpeg\",\"datePublished\":\"2022-02-22T08:23:15+00:00\",\"dateModified\":\"2022-07-03T23:08:53+00:00\",\"description\":\"K\u00f6p SDB-005 till salu Europa, Storbritannien\u00a0\u00e4r en\u00a0indazolbaserad\u00a0syntetisk cannabinoid\u00a0som har s\u00e5lts online som en\u00a0designerdrog.\",\"breadcrumb\":{\"@id\":\"https:\\\/\\\/medicinasinc.com\\\/se\\\/product\\\/kop-sdb-005\\\/#breadcrumb\"},\"inLanguage\":\"sv-SE\",\"potentialAction\":[{\"@type\":\"ReadAction\",\"target\":[\"https:\\\/\\\/medicinasinc.com\\\/se\\\/product\\\/kop-sdb-005\\\/\"]}]},{\"@type\":\"ImageObject\",\"inLanguage\":\"sv-SE\",\"@id\":\"https:\\\/\\\/medicinasinc.com\\\/se\\\/product\\\/kop-sdb-005\\\/#primaryimage\",\"url\":\"https:\\\/\\\/medicinasinc.com\\\/se\\\/wp-content\\\/uploads\\\/sites\\\/16\\\/2022\\\/02\\\/Buy-SDB-005.jpeg\",\"contentUrl\":\"https:\\\/\\\/medicinasinc.com\\\/se\\\/wp-content\\\/uploads\\\/sites\\\/16\\\/2022\\\/02\\\/Buy-SDB-005.jpeg\",\"width\":600,\"height\":451},{\"@type\":\"BreadcrumbList\",\"@id\":\"https:\\\/\\\/medicinasinc.com\\\/se\\\/product\\\/kop-sdb-005\\\/#breadcrumb\",\"itemListElement\":[{\"@type\":\"ListItem\",\"position\":1,\"name\":\"aff\u00e4r\",\"item\":\"https:\\\/\\\/medicinasinc.com\\\/se\\\/affar\\\/\"},{\"@type\":\"ListItem\",\"position\":2,\"name\":\"K\u00f6p SDB-005\"}]},{\"@type\":\"WebSite\",\"@id\":\"https:\\\/\\\/medicinasinc.com\\\/se\\\/#website\",\"url\":\"https:\\\/\\\/medicinasinc.com\\\/se\\\/\",\"name\":\"Medicinas Inc\",\"description\":\"Health Medical Clinic\",\"potentialAction\":[{\"@type\":\"SearchAction\",\"target\":{\"@type\":\"EntryPoint\",\"urlTemplate\":\"https:\\\/\\\/medicinasinc.com\\\/se\\\/?s={search_term_string}\"},\"query-input\":{\"@type\":\"PropertyValueSpecification\",\"valueRequired\":true,\"valueName\":\"search_term_string\"}}],\"inLanguage\":\"sv-SE\"}]}<\/script>\n<!-- \/ Yoast SEO plugin. -->","yoast_head_json":{"title":"K\u00f6p SDB-005 - SDB005 - B\u00e4sta globala mediciner","description":"K\u00f6p SDB-005 till salu Europa, Storbritannien\u00a0\u00e4r en\u00a0indazolbaserad\u00a0syntetisk cannabinoid\u00a0som har s\u00e5lts online som en\u00a0designerdrog.","robots":{"index":"index","follow":"follow","max-snippet":"max-snippet:-1","max-image-preview":"max-image-preview:large","max-video-preview":"max-video-preview:-1"},"canonical":"https:\/\/medicinasinc.com\/se\/product\/kop-sdb-005\/","og_locale":"sv_SE","og_type":"article","og_title":"K\u00f6p SDB-005 - SDB005 - B\u00e4sta globala mediciner","og_description":"K\u00f6p SDB-005 till salu Europa, Storbritannien\u00a0\u00e4r en\u00a0indazolbaserad\u00a0syntetisk cannabinoid\u00a0som har s\u00e5lts online som en\u00a0designerdrog.","og_url":"https:\/\/medicinasinc.com\/se\/product\/kop-sdb-005\/","og_site_name":"Medicinas Inc","article_modified_time":"2022-07-03T23:08:53+00:00","og_image":[{"width":600,"height":451,"url":"https:\/\/medicinasinc.com\/se\/wp-content\/uploads\/sites\/16\/2022\/02\/Buy-SDB-005.jpeg","type":"image\/jpeg"}],"twitter_card":"summary_large_image","twitter_misc":{"Ber\u00e4knad l\u00e4stid":"1 minut"},"schema":{"@context":"https:\/\/schema.org","@graph":[{"@type":"WebPage","@id":"https:\/\/medicinasinc.com\/se\/product\/kop-sdb-005\/","url":"https:\/\/medicinasinc.com\/se\/product\/kop-sdb-005\/","name":"K\u00f6p SDB-005 - SDB005 - B\u00e4sta globala mediciner","isPartOf":{"@id":"https:\/\/medicinasinc.com\/se\/#website"},"primaryImageOfPage":{"@id":"https:\/\/medicinasinc.com\/se\/product\/kop-sdb-005\/#primaryimage"},"image":{"@id":"https:\/\/medicinasinc.com\/se\/product\/kop-sdb-005\/#primaryimage"},"thumbnailUrl":"https:\/\/medicinasinc.com\/se\/wp-content\/uploads\/sites\/16\/2022\/02\/Buy-SDB-005.jpeg","datePublished":"2022-02-22T08:23:15+00:00","dateModified":"2022-07-03T23:08:53+00:00","description":"K\u00f6p SDB-005 till salu Europa, Storbritannien\u00a0\u00e4r en\u00a0indazolbaserad\u00a0syntetisk cannabinoid\u00a0som har s\u00e5lts online som en\u00a0designerdrog.","breadcrumb":{"@id":"https:\/\/medicinasinc.com\/se\/product\/kop-sdb-005\/#breadcrumb"},"inLanguage":"sv-SE","potentialAction":[{"@type":"ReadAction","target":["https:\/\/medicinasinc.com\/se\/product\/kop-sdb-005\/"]}]},{"@type":"ImageObject","inLanguage":"sv-SE","@id":"https:\/\/medicinasinc.com\/se\/product\/kop-sdb-005\/#primaryimage","url":"https:\/\/medicinasinc.com\/se\/wp-content\/uploads\/sites\/16\/2022\/02\/Buy-SDB-005.jpeg","contentUrl":"https:\/\/medicinasinc.com\/se\/wp-content\/uploads\/sites\/16\/2022\/02\/Buy-SDB-005.jpeg","width":600,"height":451},{"@type":"BreadcrumbList","@id":"https:\/\/medicinasinc.com\/se\/product\/kop-sdb-005\/#breadcrumb","itemListElement":[{"@type":"ListItem","position":1,"name":"aff\u00e4r","item":"https:\/\/medicinasinc.com\/se\/affar\/"},{"@type":"ListItem","position":2,"name":"K\u00f6p SDB-005"}]},{"@type":"WebSite","@id":"https:\/\/medicinasinc.com\/se\/#website","url":"https:\/\/medicinasinc.com\/se\/","name":"Medicinas Inc","description":"Health Medical Clinic","potentialAction":[{"@type":"SearchAction","target":{"@type":"EntryPoint","urlTemplate":"https:\/\/medicinasinc.com\/se\/?s={search_term_string}"},"query-input":{"@type":"PropertyValueSpecification","valueRequired":true,"valueName":"search_term_string"}}],"inLanguage":"sv-SE"}]}},"_links":{"self":[{"href":"https:\/\/medicinasinc.com\/se\/wp-json\/wp\/v2\/product\/5921","targetHints":{"allow":["GET"]}}],"collection":[{"href":"https:\/\/medicinasinc.com\/se\/wp-json\/wp\/v2\/product"}],"about":[{"href":"https:\/\/medicinasinc.com\/se\/wp-json\/wp\/v2\/types\/product"}],"replies":[{"embeddable":true,"href":"https:\/\/medicinasinc.com\/se\/wp-json\/wp\/v2\/comments?post=5921"}],"wp:featuredmedia":[{"embeddable":true,"href":"https:\/\/medicinasinc.com\/se\/wp-json\/wp\/v2\/media\/5939"}],"wp:attachment":[{"href":"https:\/\/medicinasinc.com\/se\/wp-json\/wp\/v2\/media?parent=5921"}],"wp:term":[{"taxonomy":"product_brand","embeddable":true,"href":"https:\/\/medicinasinc.com\/se\/wp-json\/wp\/v2\/product_brand?post=5921"},{"taxonomy":"product_cat","embeddable":true,"href":"https:\/\/medicinasinc.com\/se\/wp-json\/wp\/v2\/product_cat?post=5921"},{"taxonomy":"product_tag","embeddable":true,"href":"https:\/\/medicinasinc.com\/se\/wp-json\/wp\/v2\/product_tag?post=5921"}],"curies":[{"name":"wp","href":"https:\/\/api.w.org\/{rel}","templated":true}]}}