{"id":5917,"date":"2022-02-22T08:19:52","date_gmt":"2022-02-22T08:19:52","guid":{"rendered":"https:\/\/medicinasinc.com\/se\/?post_type=product&#038;p=5917"},"modified":"2022-07-03T23:09:02","modified_gmt":"2022-07-03T23:09:02","slug":"kop-nm-2201","status":"publish","type":"product","link":"https:\/\/medicinasinc.com\/se\/product\/kop-nm-2201\/","title":{"rendered":"K\u00f6p NM-2201"},"content":{"rendered":"<p>\u00c4r en indolbaserad syntetisk cannabinoid som heter CBL-2201. Den har f\u00f6rmodligen samma egenskaper som 5F-PB-22 och NNE1, som b\u00e5da \u00e4r fullst\u00e4ndiga agonister och binder till CB1- och CB2-receptorer med l\u00e5g nanomol\u00e4r affinitet.<\/p>\n<p>K\u00f6p NM-2201 online \u00e4r ett bra st\u00e4lle att k\u00f6p Research Chemicals. Du kan k\u00f6pa NM-2201 online fr\u00e5n en p\u00e5litlig leverant\u00f6r till ett rabatterat pris. Globalhomemed.com \u00e4r platsen att k\u00f6pa den. Det \u00e4r s\u00e4kert att skicka NM-2201 fr\u00e5n Europa till USA och andra platser.<\/p>\n<p>Detta \u00e4r en syntetisk cannabinoid som heter NM-2201. Den har mycket av samma egenskaper som sina n\u00e4ra sl\u00e4ktingar, 5F-PB-22 och NNE1, som b\u00e5da \u00e4r fullst\u00e4ndiga agonister och binder till b\u00e5de CB1- och CB2-receptorer med l\u00e5g nanomol\u00e4r affinitet.<\/p>\n<p>Endast f\u00f6r forskning. Det kan inte anv\u00e4ndas till n\u00e5got annat, som in vivo-diagnostik, mat, l\u00e4kemedel, medicinsk utrustning och kosmetika f\u00f6r m\u00e4nniskor och\/eller djur, och det kan inte anv\u00e4ndas p\u00e5 m\u00e4nniskor eller djur.<\/p>\n<p>5F -PB-22 och NNE1 \u00e4r b\u00e5da syntetiska cannabinoider som \u00e4r indolbaserade. De \u00e4r b\u00e5da fullst\u00e4ndiga agonister och binder till b\u00e5de CB1- och CB2-receptorer med l\u00e5g nanomol\u00e4r affinitet.<\/p>\n<p>1. 1-(5-fluor-pentyl)-1H, 3-karboxylsyra-N-naftalen-1-ylester N-naftalen-1-ylester N-naftalen-1-ylester N-naftalen-1-1-ylester NM-2201 har den kemiska formeln C24H22FNO2 och v\u00e4ger 375,16 gram. Det \u00e4r fortfarande v\u00e4ldigt tidigt i processen att studera NM-2201. Det finns inte tillr\u00e4ckligt med data f\u00f6r att visa vad den kan g\u00f6ra \u00e4nnu. Det \u00e4r dock samma som AM-2201. Det betyder att egenskaperna \u00e4r desamma.<\/p>\n<p>Detta \u00e4r en syntetisk cannabinoid som heter NM-2201. Den har mycket av samma egenskaper som sina n\u00e4ra sl\u00e4ktingar, 5F-PB-22 och NNE1, som b\u00e5da \u00e4r fullst\u00e4ndiga agonister och binder till b\u00e5de CB1- och CB2-receptorer med l\u00e5g nanomol\u00e4r affinitet.<\/p>\n<p>Endast f\u00f6r forskning. Det kan inte anv\u00e4ndas till n\u00e5got annat, som in vivo-diagnostik, mat, l\u00e4kemedel, medicinsk utrustning och kosmetika f\u00f6r m\u00e4nniskor och\/eller djur, och det kan inte anv\u00e4ndas p\u00e5 m\u00e4nniskor eller djur.<\/p>\n<p>5F -PB-22 och NNE1 \u00e4r b\u00e5da syntetiska cannabinoider som \u00e4r indolbaserade. De \u00e4r b\u00e5da fullst\u00e4ndiga agonister och binder till b\u00e5de CB1- och CB2-receptorer med l\u00e5g nanomol\u00e4r affinitet.<\/p>\n<p>1. 1-(5-fluor-pentyl)-1H, 3-karboxylsyra-N-naftalen-1-ylester N-naftalen-1-ylester N-naftalen-1-ylester N-naftalen-1-1-ylester NM-2201 har den kemiska formeln C24H22FNO2 och v\u00e4ger 375,16 gram. Det \u00e4r fortfarande v\u00e4ldigt tidigt i processen att studera NM-2201. Det finns inte tillr\u00e4ckligt med data f\u00f6r att visa vad den kan g\u00f6ra \u00e4nnu. Det \u00e4r dock samma som AM-2201. Det betyder att egenskaperna \u00e4r desamma.<\/p>\n","protected":false},"excerpt":{"rendered":"<p><b>K\u00f6p NM-2201 <\/b>till salu Europa, Storbritannien (\u00e4ven k\u00e4nd som\u00a0<b>CBL-2201<\/b>) \u00e4r en\u00a0indolbaserad\u00a0<a class=\"mw-redirect\" title=\"Syntetisk cannabinoid\" href=\"https:\/\/en.wikipedia.org\/wiki\/Synthetic_cannabinoid\">syntetisk cannabinoid<\/a>\u00a0som f\u00f6rmodligen har liknande egenskaper som den n\u00e4rbesl\u00e4ktade\u00a05F-PB-22\u00a0och\u00a0NNE1, som b\u00e5da \u00e4r\u00a0fullst\u00e4ndiga agonister och\u00a0oselektivt\u00a0binda till\u00a0CB<sub>1<\/sub>\u00a0och\u00a0CB<sub>2<\/sub>-receptorer med l\u00e5g nanomol\u00e4r affinitet, tillg\u00e4nglig i grossistledet<\/p>\n","protected":false},"featured_media":5938,"comment_status":"open","ping_status":"closed","template":"","meta":[],"product_brand":[],"product_cat":[2596],"product_tag":[4092,4094,4090,4091,4093,4095],"class_list":{"0":"post-5917","1":"product","2":"type-product","3":"status-publish","4":"has-post-thumbnail","6":"product_cat-cannabinoider-till-salu","7":"product_tag-order-nm2201-online","8":"product_tag-det-bsta-stllet-att-kpa-nm2201-online","9":"product_tag-kp-nm2201-online","10":"product_tag-nm2201-till-salu","11":"product_tag-purchase-nm2201-online","12":"product_tag-var-att-kpa-nm2201-online","14":"first","15":"instock","16":"shipping-taxable","17":"purchasable","18":"product-type-variable"},"yoast_head":"<!-- This site is optimized with the Yoast SEO plugin v27.3 - https:\/\/yoast.com\/product\/yoast-seo-wordpress\/ -->\n<title>K\u00f6p NM-2201\u00a0\u2013 CBL-2201 \u2013 B\u00e4sta b\u00e4sta globala l\u00e4kemedel<\/title>\n<meta name=\"description\" content=\"K\u00f6p NM-2201 till salu Europa, Storbritannien (\u00e4ven k\u00e4nd som\u00a0CBL-2201) \u00e4r en\u00a0indolbaserad\u00a0syntetisk cannabinoid\u00a0som f\u00f6rmodligen har liknande egenskaper som den n\u00e4rbesl\u00e4ktade\u00a05F-PB-22\u00a0och\u00a0NNE1, som b\u00e5da \u00e4r\u00a0fullst\u00e4ndiga agonister\u00a0och\u00a0oselektivt\u00a0binder till CB1- och CB2-receptorer med l\u00e5g nanomol\u00e4r affinitet, tillg\u00e4nglig i grossistledet\" \/>\n<meta name=\"robots\" content=\"index, follow, max-snippet:-1, max-image-preview:large, max-video-preview:-1\" \/>\n<link rel=\"canonical\" href=\"https:\/\/medicinasinc.com\/se\/product\/kop-nm-2201\/\" \/>\n<meta property=\"og:locale\" content=\"sv_SE\" \/>\n<meta property=\"og:type\" content=\"article\" \/>\n<meta property=\"og:title\" content=\"K\u00f6p NM-2201\u00a0\u2013 CBL-2201 \u2013 B\u00e4sta b\u00e4sta globala l\u00e4kemedel\" \/>\n<meta property=\"og:description\" content=\"K\u00f6p NM-2201 till salu Europa, Storbritannien (\u00e4ven k\u00e4nd som\u00a0CBL-2201) \u00e4r en\u00a0indolbaserad\u00a0syntetisk cannabinoid\u00a0som f\u00f6rmodligen har liknande egenskaper som den n\u00e4rbesl\u00e4ktade\u00a05F-PB-22\u00a0och\u00a0NNE1, som b\u00e5da \u00e4r\u00a0fullst\u00e4ndiga agonister\u00a0och\u00a0oselektivt\u00a0binder till CB1- och CB2-receptorer med l\u00e5g nanomol\u00e4r affinitet, tillg\u00e4nglig i grossistledet\" \/>\n<meta property=\"og:url\" content=\"https:\/\/medicinasinc.com\/se\/product\/kop-nm-2201\/\" \/>\n<meta property=\"og:site_name\" content=\"Medicinas Inc\" \/>\n<meta property=\"article:modified_time\" content=\"2022-07-03T23:09:02+00:00\" \/>\n<meta property=\"og:image\" content=\"https:\/\/medicinasinc.com\/se\/wp-content\/uploads\/sites\/16\/2022\/02\/Buy-NM-2201.jpg\" \/>\n\t<meta property=\"og:image:width\" content=\"458\" \/>\n\t<meta property=\"og:image:height\" content=\"458\" \/>\n\t<meta property=\"og:image:type\" content=\"image\/jpeg\" \/>\n<meta name=\"twitter:card\" content=\"summary_large_image\" \/>\n<meta name=\"twitter:label1\" content=\"Ber\u00e4knad l\u00e4stid\" \/>\n\t<meta name=\"twitter:data1\" content=\"2 minuter\" \/>\n<script type=\"application\/ld+json\" class=\"yoast-schema-graph\">{\"@context\":\"https:\\\/\\\/schema.org\",\"@graph\":[{\"@type\":\"WebPage\",\"@id\":\"https:\\\/\\\/medicinasinc.com\\\/se\\\/product\\\/kop-nm-2201\\\/\",\"url\":\"https:\\\/\\\/medicinasinc.com\\\/se\\\/product\\\/kop-nm-2201\\\/\",\"name\":\"K\u00f6p NM-2201\u00a0\u2013 CBL-2201 \u2013 B\u00e4sta b\u00e4sta globala l\u00e4kemedel\",\"isPartOf\":{\"@id\":\"https:\\\/\\\/medicinasinc.com\\\/se\\\/#website\"},\"primaryImageOfPage\":{\"@id\":\"https:\\\/\\\/medicinasinc.com\\\/se\\\/product\\\/kop-nm-2201\\\/#primaryimage\"},\"image\":{\"@id\":\"https:\\\/\\\/medicinasinc.com\\\/se\\\/product\\\/kop-nm-2201\\\/#primaryimage\"},\"thumbnailUrl\":\"https:\\\/\\\/medicinasinc.com\\\/se\\\/wp-content\\\/uploads\\\/sites\\\/16\\\/2022\\\/02\\\/Buy-NM-2201.jpg\",\"datePublished\":\"2022-02-22T08:19:52+00:00\",\"dateModified\":\"2022-07-03T23:09:02+00:00\",\"description\":\"K\u00f6p NM-2201 till salu Europa, Storbritannien (\u00e4ven k\u00e4nd som\u00a0CBL-2201) \u00e4r en\u00a0indolbaserad\u00a0syntetisk cannabinoid\u00a0som f\u00f6rmodligen har liknande egenskaper som den n\u00e4rbesl\u00e4ktade\u00a05F-PB-22\u00a0och\u00a0NNE1, som b\u00e5da \u00e4r\u00a0fullst\u00e4ndiga agonister\u00a0och\u00a0oselektivt\u00a0binder till CB1- och CB2-receptorer med l\u00e5g nanomol\u00e4r affinitet, tillg\u00e4nglig i grossistledet\",\"breadcrumb\":{\"@id\":\"https:\\\/\\\/medicinasinc.com\\\/se\\\/product\\\/kop-nm-2201\\\/#breadcrumb\"},\"inLanguage\":\"sv-SE\",\"potentialAction\":[{\"@type\":\"ReadAction\",\"target\":[\"https:\\\/\\\/medicinasinc.com\\\/se\\\/product\\\/kop-nm-2201\\\/\"]}]},{\"@type\":\"ImageObject\",\"inLanguage\":\"sv-SE\",\"@id\":\"https:\\\/\\\/medicinasinc.com\\\/se\\\/product\\\/kop-nm-2201\\\/#primaryimage\",\"url\":\"https:\\\/\\\/medicinasinc.com\\\/se\\\/wp-content\\\/uploads\\\/sites\\\/16\\\/2022\\\/02\\\/Buy-NM-2201.jpg\",\"contentUrl\":\"https:\\\/\\\/medicinasinc.com\\\/se\\\/wp-content\\\/uploads\\\/sites\\\/16\\\/2022\\\/02\\\/Buy-NM-2201.jpg\",\"width\":458,\"height\":458},{\"@type\":\"BreadcrumbList\",\"@id\":\"https:\\\/\\\/medicinasinc.com\\\/se\\\/product\\\/kop-nm-2201\\\/#breadcrumb\",\"itemListElement\":[{\"@type\":\"ListItem\",\"position\":1,\"name\":\"aff\u00e4r\",\"item\":\"https:\\\/\\\/medicinasinc.com\\\/se\\\/affar\\\/\"},{\"@type\":\"ListItem\",\"position\":2,\"name\":\"K\u00f6p NM-2201\"}]},{\"@type\":\"WebSite\",\"@id\":\"https:\\\/\\\/medicinasinc.com\\\/se\\\/#website\",\"url\":\"https:\\\/\\\/medicinasinc.com\\\/se\\\/\",\"name\":\"Medicinas Inc\",\"description\":\"Health Medical Clinic\",\"potentialAction\":[{\"@type\":\"SearchAction\",\"target\":{\"@type\":\"EntryPoint\",\"urlTemplate\":\"https:\\\/\\\/medicinasinc.com\\\/se\\\/?s={search_term_string}\"},\"query-input\":{\"@type\":\"PropertyValueSpecification\",\"valueRequired\":true,\"valueName\":\"search_term_string\"}}],\"inLanguage\":\"sv-SE\"}]}<\/script>\n<!-- \/ Yoast SEO plugin. -->","yoast_head_json":{"title":"K\u00f6p NM-2201\u00a0\u2013 CBL-2201 \u2013 B\u00e4sta b\u00e4sta globala l\u00e4kemedel","description":"K\u00f6p NM-2201 till salu Europa, Storbritannien (\u00e4ven k\u00e4nd som\u00a0CBL-2201) \u00e4r en\u00a0indolbaserad\u00a0syntetisk cannabinoid\u00a0som f\u00f6rmodligen har liknande egenskaper som den n\u00e4rbesl\u00e4ktade\u00a05F-PB-22\u00a0och\u00a0NNE1, som b\u00e5da \u00e4r\u00a0fullst\u00e4ndiga agonister\u00a0och\u00a0oselektivt\u00a0binder till CB1- och CB2-receptorer med l\u00e5g nanomol\u00e4r affinitet, tillg\u00e4nglig i grossistledet","robots":{"index":"index","follow":"follow","max-snippet":"max-snippet:-1","max-image-preview":"max-image-preview:large","max-video-preview":"max-video-preview:-1"},"canonical":"https:\/\/medicinasinc.com\/se\/product\/kop-nm-2201\/","og_locale":"sv_SE","og_type":"article","og_title":"K\u00f6p NM-2201\u00a0\u2013 CBL-2201 \u2013 B\u00e4sta b\u00e4sta globala l\u00e4kemedel","og_description":"K\u00f6p NM-2201 till salu Europa, Storbritannien (\u00e4ven k\u00e4nd som\u00a0CBL-2201) \u00e4r en\u00a0indolbaserad\u00a0syntetisk cannabinoid\u00a0som f\u00f6rmodligen har liknande egenskaper som den n\u00e4rbesl\u00e4ktade\u00a05F-PB-22\u00a0och\u00a0NNE1, som b\u00e5da \u00e4r\u00a0fullst\u00e4ndiga agonister\u00a0och\u00a0oselektivt\u00a0binder till CB1- och CB2-receptorer med l\u00e5g nanomol\u00e4r affinitet, tillg\u00e4nglig i grossistledet","og_url":"https:\/\/medicinasinc.com\/se\/product\/kop-nm-2201\/","og_site_name":"Medicinas Inc","article_modified_time":"2022-07-03T23:09:02+00:00","og_image":[{"width":458,"height":458,"url":"https:\/\/medicinasinc.com\/se\/wp-content\/uploads\/sites\/16\/2022\/02\/Buy-NM-2201.jpg","type":"image\/jpeg"}],"twitter_card":"summary_large_image","twitter_misc":{"Ber\u00e4knad l\u00e4stid":"2 minuter"},"schema":{"@context":"https:\/\/schema.org","@graph":[{"@type":"WebPage","@id":"https:\/\/medicinasinc.com\/se\/product\/kop-nm-2201\/","url":"https:\/\/medicinasinc.com\/se\/product\/kop-nm-2201\/","name":"K\u00f6p NM-2201\u00a0\u2013 CBL-2201 \u2013 B\u00e4sta b\u00e4sta globala l\u00e4kemedel","isPartOf":{"@id":"https:\/\/medicinasinc.com\/se\/#website"},"primaryImageOfPage":{"@id":"https:\/\/medicinasinc.com\/se\/product\/kop-nm-2201\/#primaryimage"},"image":{"@id":"https:\/\/medicinasinc.com\/se\/product\/kop-nm-2201\/#primaryimage"},"thumbnailUrl":"https:\/\/medicinasinc.com\/se\/wp-content\/uploads\/sites\/16\/2022\/02\/Buy-NM-2201.jpg","datePublished":"2022-02-22T08:19:52+00:00","dateModified":"2022-07-03T23:09:02+00:00","description":"K\u00f6p NM-2201 till salu Europa, Storbritannien (\u00e4ven k\u00e4nd som\u00a0CBL-2201) \u00e4r en\u00a0indolbaserad\u00a0syntetisk cannabinoid\u00a0som f\u00f6rmodligen har liknande egenskaper som den n\u00e4rbesl\u00e4ktade\u00a05F-PB-22\u00a0och\u00a0NNE1, som b\u00e5da \u00e4r\u00a0fullst\u00e4ndiga agonister\u00a0och\u00a0oselektivt\u00a0binder till CB1- och CB2-receptorer med l\u00e5g nanomol\u00e4r affinitet, tillg\u00e4nglig i grossistledet","breadcrumb":{"@id":"https:\/\/medicinasinc.com\/se\/product\/kop-nm-2201\/#breadcrumb"},"inLanguage":"sv-SE","potentialAction":[{"@type":"ReadAction","target":["https:\/\/medicinasinc.com\/se\/product\/kop-nm-2201\/"]}]},{"@type":"ImageObject","inLanguage":"sv-SE","@id":"https:\/\/medicinasinc.com\/se\/product\/kop-nm-2201\/#primaryimage","url":"https:\/\/medicinasinc.com\/se\/wp-content\/uploads\/sites\/16\/2022\/02\/Buy-NM-2201.jpg","contentUrl":"https:\/\/medicinasinc.com\/se\/wp-content\/uploads\/sites\/16\/2022\/02\/Buy-NM-2201.jpg","width":458,"height":458},{"@type":"BreadcrumbList","@id":"https:\/\/medicinasinc.com\/se\/product\/kop-nm-2201\/#breadcrumb","itemListElement":[{"@type":"ListItem","position":1,"name":"aff\u00e4r","item":"https:\/\/medicinasinc.com\/se\/affar\/"},{"@type":"ListItem","position":2,"name":"K\u00f6p NM-2201"}]},{"@type":"WebSite","@id":"https:\/\/medicinasinc.com\/se\/#website","url":"https:\/\/medicinasinc.com\/se\/","name":"Medicinas Inc","description":"Health Medical Clinic","potentialAction":[{"@type":"SearchAction","target":{"@type":"EntryPoint","urlTemplate":"https:\/\/medicinasinc.com\/se\/?s={search_term_string}"},"query-input":{"@type":"PropertyValueSpecification","valueRequired":true,"valueName":"search_term_string"}}],"inLanguage":"sv-SE"}]}},"_links":{"self":[{"href":"https:\/\/medicinasinc.com\/se\/wp-json\/wp\/v2\/product\/5917","targetHints":{"allow":["GET"]}}],"collection":[{"href":"https:\/\/medicinasinc.com\/se\/wp-json\/wp\/v2\/product"}],"about":[{"href":"https:\/\/medicinasinc.com\/se\/wp-json\/wp\/v2\/types\/product"}],"replies":[{"embeddable":true,"href":"https:\/\/medicinasinc.com\/se\/wp-json\/wp\/v2\/comments?post=5917"}],"wp:featuredmedia":[{"embeddable":true,"href":"https:\/\/medicinasinc.com\/se\/wp-json\/wp\/v2\/media\/5938"}],"wp:attachment":[{"href":"https:\/\/medicinasinc.com\/se\/wp-json\/wp\/v2\/media?parent=5917"}],"wp:term":[{"taxonomy":"product_brand","embeddable":true,"href":"https:\/\/medicinasinc.com\/se\/wp-json\/wp\/v2\/product_brand?post=5917"},{"taxonomy":"product_cat","embeddable":true,"href":"https:\/\/medicinasinc.com\/se\/wp-json\/wp\/v2\/product_cat?post=5917"},{"taxonomy":"product_tag","embeddable":true,"href":"https:\/\/medicinasinc.com\/se\/wp-json\/wp\/v2\/product_tag?post=5917"}],"curies":[{"name":"wp","href":"https:\/\/api.w.org\/{rel}","templated":true}]}}