{"id":5912,"date":"2022-02-22T08:15:30","date_gmt":"2022-02-22T08:15:30","guid":{"rendered":"https:\/\/medicinasinc.com\/se\/?post_type=product&#038;p=5912"},"modified":"2022-07-03T23:09:12","modified_gmt":"2022-07-03T23:09:12","slug":"kop-mdmb-chmica","status":"publish","type":"product","link":"https:\/\/medicinasinc.com\/se\/product\/kop-mdmb-chmica\/","title":{"rendered":"K\u00f6p MDMB-CHMICA"},"content":{"rendered":"<p>MDMB-CHMICA (eller MMB-CHMINACA) \u00e4r en indolbaserad syntetisk cannabis som har erbjudits online som designerdrog. Medan MDMB-CHMICA ursprungligen marknadsf\u00f6rdes som &#8221;MMB-CHMINACA&#8221;, uppt\u00e4cktes isopropylanalogen av MDMB-CHMINACA (AMB-CHMINACA) p\u00e5 marknaden f\u00f6r designade l\u00e4kemedel 2015.<\/p>\n<p>MMB-CHMINACA<\/p>\n<p>MDMB-CHMINACA<\/p>\n<p>MMB-CHMINACA (MDMB-CHMINACA) \u00e4r en indolbaserad syntetisk cannabis som har erbjudits online som en designerdrog.<\/p>\n<p>MMB-CHMINACA<\/p>\n<p> p&gt; <\/p>\n<p>MDMB-CHMINACA<\/p>\n<p>IUPAC Namn: (2S)<\/p>\n<p>2,3-dimetylbutanoat<br \/> CAS: N\/A<br \/> N\/A ChemSpider <br \/> C23H32N2O3<br \/> 384,5 g\/mol MMB<br \/> MDMB-CHMINACA<\/p>\n<p>(2S)-metyl<\/p>\n<p>1 H-indol-3-ylkarbonylamino-2 ,3-dimetylbutanoat<\/p>\n<p>MMB-CHMINACA (MDMB-CHMINACA) \u00e4r en indolbaserad cannabinoid med en dimetylbutanoatgrupp. Denna kemikalie verkar ha h\u00f6gre bindningsaffinitet in vitro \u00e4n m\u00e5nga nuvarande cannabinoider, och forskare b\u00f6r ha detta i \u00e5tanke n\u00e4r de utformar studier och distribuerar material p\u00e5 cellul\u00e4ra substrat.<\/p>\n<p>Syntetiska cannabinoider \u00e4r en stor samling av f\u00f6reningar som st\u00e4ndigt utvecklas och presenteras f\u00f6r allm\u00e4nheten. Men introduktionen av MMB-CHMINACA v\u00e4ckte anm\u00e4rkningsv\u00e4rt intresse p\u00e5 grund av dess unika egenskaper. Dess antagna inverkan p\u00e5 CB1- och CB2-receptorerna \u00e4r avsev\u00e4rt st\u00f6rre per enhet \u00e4n AB-CHMINACA, vilket kr\u00e4ver mindre m\u00e4ngder aktivt material f\u00f6r att tillfredsst\u00e4lla experimentets m\u00e5l.<\/p>\n<p>MMB-CHMINACA \u00e4r ett vitt pulver som s\u00e4kert kan lagras och hanteras i ett laboratorium. Denna syntetiska cannabinoid har den komplicerade kemiska formeln (2S)-metyl-2-(1-(cyklohexylmetyl)-1 H-indol-3-ylkarbonylamino)-3,3-dimetylbutanoat. Dess molekylvikt \u00e4r 384,5 g\/mol och dess formel \u00e4r C23H32N2O3.<\/p>\n<p>MMB-CHMINACA \u00e4r en ny kemikalie som b\u00f6r hanteras med st\u00f6rsta uppm\u00e4rksamhet och m\u00e4tas exakt p\u00e5 grund av sin exceptionella renhet. Vi uppmanar alla att unders\u00f6ka tillst\u00e5ndet f\u00f6r lokala restriktioner innan de k\u00f6per syntetisk cannabis och andra \u00e4mnen fr\u00e5n v\u00e5r onlinebutik.<\/p>\n","protected":false},"excerpt":{"rendered":"<p>K\u00f6p MDMB-CHMICA, MMB2101\u00a0till salu Europa, Storbritannien (\u00e4ven felaktigt k\u00e4nd som MMB-CHMINACA) \u00e4r en\u00a0indolbaserad\u00a0syntetisk cannabinoid\u00a0som \u00e4r en potent\u00a0agonist\u00a0av\u00a0CB1\u00a0receptorn\u00a0och har s\u00e5lts online som en\u00a0designerdrog, Wholesale Best\u00e4llning tillg\u00e4nglig<\/p>\n","protected":false},"featured_media":5937,"comment_status":"open","ping_status":"closed","template":"","meta":[],"product_brand":[],"product_cat":[2596],"product_tag":[4087,4088,4084,4083,4085,4086,4089],"class_list":{"0":"post-5912","1":"product","2":"type-product","3":"status-publish","4":"has-post-thumbnail","6":"product_cat-cannabinoider-till-salu","7":"product_tag-bestll-mmb-chminaca-online","8":"product_tag-det-bsta-stllet-att-kpa-mmb-chminaca-online","9":"product_tag-how-to-buy-mmb-chminaca-online","10":"product_tag-kp-mmb-chminaca-online","11":"product_tag-mmb-chminaca","12":"product_tag-mmb-chminaca-till-salu","13":"product_tag-var-att-kpa-mmb-chminaca-online","15":"first","16":"instock","17":"shipping-taxable","18":"purchasable","19":"product-type-variable"},"yoast_head":"<!-- This site is optimized with the Yoast SEO plugin v27.3 - https:\/\/yoast.com\/product\/yoast-seo-wordpress\/ -->\n<title>K\u00f6p MMB-Chminaca - MMB-CHMINACA - Best Global Meds<\/title>\n<meta name=\"description\" content=\"K\u00f6p MDMB-CHMICA, MMB2101\u00a0till salu Europa, Storbritannien (\u00e4ven felaktigt k\u00e4nd som MMB-CHMINACA) \u00e4r en\u00a0indolbaserad\u00a0syntetisk cannabinoid\u00a0som \u00e4r en potent\u00a0agonist\u00a0av\u00a0CB1\u00a0receptorn\u00a0och har s\u00e5lts online som en\u00a0designerdrog, grossistbest\u00e4llning tillg\u00e4nglig\" \/>\n<meta name=\"robots\" content=\"index, follow, max-snippet:-1, max-image-preview:large, max-video-preview:-1\" \/>\n<link rel=\"canonical\" href=\"https:\/\/medicinasinc.com\/se\/product\/kop-mdmb-chmica\/\" \/>\n<meta property=\"og:locale\" content=\"sv_SE\" \/>\n<meta property=\"og:type\" content=\"article\" \/>\n<meta property=\"og:title\" content=\"K\u00f6p MMB-Chminaca - MMB-CHMINACA - Best Global Meds\" \/>\n<meta property=\"og:description\" content=\"K\u00f6p MDMB-CHMICA, MMB2101\u00a0till salu Europa, Storbritannien (\u00e4ven felaktigt k\u00e4nd som MMB-CHMINACA) \u00e4r en\u00a0indolbaserad\u00a0syntetisk cannabinoid\u00a0som \u00e4r en potent\u00a0agonist\u00a0av\u00a0CB1\u00a0receptorn\u00a0och har s\u00e5lts online som en\u00a0designerdrog, grossistbest\u00e4llning tillg\u00e4nglig\" \/>\n<meta property=\"og:url\" content=\"https:\/\/medicinasinc.com\/se\/product\/kop-mdmb-chmica\/\" \/>\n<meta property=\"og:site_name\" content=\"Medicinas Inc\" \/>\n<meta property=\"article:modified_time\" content=\"2022-07-03T23:09:12+00:00\" \/>\n<meta property=\"og:image\" content=\"https:\/\/medicinasinc.com\/se\/wp-content\/uploads\/sites\/16\/2022\/02\/Buy-MDMB-CHMICA.jpg\" \/>\n\t<meta property=\"og:image:width\" content=\"459\" \/>\n\t<meta property=\"og:image:height\" content=\"443\" \/>\n\t<meta property=\"og:image:type\" content=\"image\/jpeg\" \/>\n<meta name=\"twitter:card\" content=\"summary_large_image\" \/>\n<meta name=\"twitter:label1\" content=\"Ber\u00e4knad l\u00e4stid\" \/>\n\t<meta name=\"twitter:data1\" content=\"2 minuter\" \/>\n<script type=\"application\/ld+json\" class=\"yoast-schema-graph\">{\"@context\":\"https:\\\/\\\/schema.org\",\"@graph\":[{\"@type\":\"WebPage\",\"@id\":\"https:\\\/\\\/medicinasinc.com\\\/se\\\/product\\\/kop-mdmb-chmica\\\/\",\"url\":\"https:\\\/\\\/medicinasinc.com\\\/se\\\/product\\\/kop-mdmb-chmica\\\/\",\"name\":\"K\u00f6p MMB-Chminaca - MMB-CHMINACA - Best Global Meds\",\"isPartOf\":{\"@id\":\"https:\\\/\\\/medicinasinc.com\\\/se\\\/#website\"},\"primaryImageOfPage\":{\"@id\":\"https:\\\/\\\/medicinasinc.com\\\/se\\\/product\\\/kop-mdmb-chmica\\\/#primaryimage\"},\"image\":{\"@id\":\"https:\\\/\\\/medicinasinc.com\\\/se\\\/product\\\/kop-mdmb-chmica\\\/#primaryimage\"},\"thumbnailUrl\":\"https:\\\/\\\/medicinasinc.com\\\/se\\\/wp-content\\\/uploads\\\/sites\\\/16\\\/2022\\\/02\\\/Buy-MDMB-CHMICA.jpg\",\"datePublished\":\"2022-02-22T08:15:30+00:00\",\"dateModified\":\"2022-07-03T23:09:12+00:00\",\"description\":\"K\u00f6p MDMB-CHMICA, MMB2101\u00a0till salu Europa, Storbritannien (\u00e4ven felaktigt k\u00e4nd som MMB-CHMINACA) \u00e4r en\u00a0indolbaserad\u00a0syntetisk cannabinoid\u00a0som \u00e4r en potent\u00a0agonist\u00a0av\u00a0CB1\u00a0receptorn\u00a0och har s\u00e5lts online som en\u00a0designerdrog, grossistbest\u00e4llning tillg\u00e4nglig\",\"breadcrumb\":{\"@id\":\"https:\\\/\\\/medicinasinc.com\\\/se\\\/product\\\/kop-mdmb-chmica\\\/#breadcrumb\"},\"inLanguage\":\"sv-SE\",\"potentialAction\":[{\"@type\":\"ReadAction\",\"target\":[\"https:\\\/\\\/medicinasinc.com\\\/se\\\/product\\\/kop-mdmb-chmica\\\/\"]}]},{\"@type\":\"ImageObject\",\"inLanguage\":\"sv-SE\",\"@id\":\"https:\\\/\\\/medicinasinc.com\\\/se\\\/product\\\/kop-mdmb-chmica\\\/#primaryimage\",\"url\":\"https:\\\/\\\/medicinasinc.com\\\/se\\\/wp-content\\\/uploads\\\/sites\\\/16\\\/2022\\\/02\\\/Buy-MDMB-CHMICA.jpg\",\"contentUrl\":\"https:\\\/\\\/medicinasinc.com\\\/se\\\/wp-content\\\/uploads\\\/sites\\\/16\\\/2022\\\/02\\\/Buy-MDMB-CHMICA.jpg\",\"width\":459,\"height\":443},{\"@type\":\"BreadcrumbList\",\"@id\":\"https:\\\/\\\/medicinasinc.com\\\/se\\\/product\\\/kop-mdmb-chmica\\\/#breadcrumb\",\"itemListElement\":[{\"@type\":\"ListItem\",\"position\":1,\"name\":\"aff\u00e4r\",\"item\":\"https:\\\/\\\/medicinasinc.com\\\/se\\\/affar\\\/\"},{\"@type\":\"ListItem\",\"position\":2,\"name\":\"K\u00f6p MDMB-CHMICA\"}]},{\"@type\":\"WebSite\",\"@id\":\"https:\\\/\\\/medicinasinc.com\\\/se\\\/#website\",\"url\":\"https:\\\/\\\/medicinasinc.com\\\/se\\\/\",\"name\":\"Medicinas Inc\",\"description\":\"Health Medical Clinic\",\"potentialAction\":[{\"@type\":\"SearchAction\",\"target\":{\"@type\":\"EntryPoint\",\"urlTemplate\":\"https:\\\/\\\/medicinasinc.com\\\/se\\\/?s={search_term_string}\"},\"query-input\":{\"@type\":\"PropertyValueSpecification\",\"valueRequired\":true,\"valueName\":\"search_term_string\"}}],\"inLanguage\":\"sv-SE\"}]}<\/script>\n<!-- \/ Yoast SEO plugin. -->","yoast_head_json":{"title":"K\u00f6p MMB-Chminaca - MMB-CHMINACA - Best Global Meds","description":"K\u00f6p MDMB-CHMICA, MMB2101\u00a0till salu Europa, Storbritannien (\u00e4ven felaktigt k\u00e4nd som MMB-CHMINACA) \u00e4r en\u00a0indolbaserad\u00a0syntetisk cannabinoid\u00a0som \u00e4r en potent\u00a0agonist\u00a0av\u00a0CB1\u00a0receptorn\u00a0och har s\u00e5lts online som en\u00a0designerdrog, grossistbest\u00e4llning tillg\u00e4nglig","robots":{"index":"index","follow":"follow","max-snippet":"max-snippet:-1","max-image-preview":"max-image-preview:large","max-video-preview":"max-video-preview:-1"},"canonical":"https:\/\/medicinasinc.com\/se\/product\/kop-mdmb-chmica\/","og_locale":"sv_SE","og_type":"article","og_title":"K\u00f6p MMB-Chminaca - MMB-CHMINACA - Best Global Meds","og_description":"K\u00f6p MDMB-CHMICA, MMB2101\u00a0till salu Europa, Storbritannien (\u00e4ven felaktigt k\u00e4nd som MMB-CHMINACA) \u00e4r en\u00a0indolbaserad\u00a0syntetisk cannabinoid\u00a0som \u00e4r en potent\u00a0agonist\u00a0av\u00a0CB1\u00a0receptorn\u00a0och har s\u00e5lts online som en\u00a0designerdrog, grossistbest\u00e4llning tillg\u00e4nglig","og_url":"https:\/\/medicinasinc.com\/se\/product\/kop-mdmb-chmica\/","og_site_name":"Medicinas Inc","article_modified_time":"2022-07-03T23:09:12+00:00","og_image":[{"width":459,"height":443,"url":"https:\/\/medicinasinc.com\/se\/wp-content\/uploads\/sites\/16\/2022\/02\/Buy-MDMB-CHMICA.jpg","type":"image\/jpeg"}],"twitter_card":"summary_large_image","twitter_misc":{"Ber\u00e4knad l\u00e4stid":"2 minuter"},"schema":{"@context":"https:\/\/schema.org","@graph":[{"@type":"WebPage","@id":"https:\/\/medicinasinc.com\/se\/product\/kop-mdmb-chmica\/","url":"https:\/\/medicinasinc.com\/se\/product\/kop-mdmb-chmica\/","name":"K\u00f6p MMB-Chminaca - MMB-CHMINACA - Best Global Meds","isPartOf":{"@id":"https:\/\/medicinasinc.com\/se\/#website"},"primaryImageOfPage":{"@id":"https:\/\/medicinasinc.com\/se\/product\/kop-mdmb-chmica\/#primaryimage"},"image":{"@id":"https:\/\/medicinasinc.com\/se\/product\/kop-mdmb-chmica\/#primaryimage"},"thumbnailUrl":"https:\/\/medicinasinc.com\/se\/wp-content\/uploads\/sites\/16\/2022\/02\/Buy-MDMB-CHMICA.jpg","datePublished":"2022-02-22T08:15:30+00:00","dateModified":"2022-07-03T23:09:12+00:00","description":"K\u00f6p MDMB-CHMICA, MMB2101\u00a0till salu Europa, Storbritannien (\u00e4ven felaktigt k\u00e4nd som MMB-CHMINACA) \u00e4r en\u00a0indolbaserad\u00a0syntetisk cannabinoid\u00a0som \u00e4r en potent\u00a0agonist\u00a0av\u00a0CB1\u00a0receptorn\u00a0och har s\u00e5lts online som en\u00a0designerdrog, grossistbest\u00e4llning tillg\u00e4nglig","breadcrumb":{"@id":"https:\/\/medicinasinc.com\/se\/product\/kop-mdmb-chmica\/#breadcrumb"},"inLanguage":"sv-SE","potentialAction":[{"@type":"ReadAction","target":["https:\/\/medicinasinc.com\/se\/product\/kop-mdmb-chmica\/"]}]},{"@type":"ImageObject","inLanguage":"sv-SE","@id":"https:\/\/medicinasinc.com\/se\/product\/kop-mdmb-chmica\/#primaryimage","url":"https:\/\/medicinasinc.com\/se\/wp-content\/uploads\/sites\/16\/2022\/02\/Buy-MDMB-CHMICA.jpg","contentUrl":"https:\/\/medicinasinc.com\/se\/wp-content\/uploads\/sites\/16\/2022\/02\/Buy-MDMB-CHMICA.jpg","width":459,"height":443},{"@type":"BreadcrumbList","@id":"https:\/\/medicinasinc.com\/se\/product\/kop-mdmb-chmica\/#breadcrumb","itemListElement":[{"@type":"ListItem","position":1,"name":"aff\u00e4r","item":"https:\/\/medicinasinc.com\/se\/affar\/"},{"@type":"ListItem","position":2,"name":"K\u00f6p MDMB-CHMICA"}]},{"@type":"WebSite","@id":"https:\/\/medicinasinc.com\/se\/#website","url":"https:\/\/medicinasinc.com\/se\/","name":"Medicinas Inc","description":"Health Medical Clinic","potentialAction":[{"@type":"SearchAction","target":{"@type":"EntryPoint","urlTemplate":"https:\/\/medicinasinc.com\/se\/?s={search_term_string}"},"query-input":{"@type":"PropertyValueSpecification","valueRequired":true,"valueName":"search_term_string"}}],"inLanguage":"sv-SE"}]}},"_links":{"self":[{"href":"https:\/\/medicinasinc.com\/se\/wp-json\/wp\/v2\/product\/5912","targetHints":{"allow":["GET"]}}],"collection":[{"href":"https:\/\/medicinasinc.com\/se\/wp-json\/wp\/v2\/product"}],"about":[{"href":"https:\/\/medicinasinc.com\/se\/wp-json\/wp\/v2\/types\/product"}],"replies":[{"embeddable":true,"href":"https:\/\/medicinasinc.com\/se\/wp-json\/wp\/v2\/comments?post=5912"}],"wp:featuredmedia":[{"embeddable":true,"href":"https:\/\/medicinasinc.com\/se\/wp-json\/wp\/v2\/media\/5937"}],"wp:attachment":[{"href":"https:\/\/medicinasinc.com\/se\/wp-json\/wp\/v2\/media?parent=5912"}],"wp:term":[{"taxonomy":"product_brand","embeddable":true,"href":"https:\/\/medicinasinc.com\/se\/wp-json\/wp\/v2\/product_brand?post=5912"},{"taxonomy":"product_cat","embeddable":true,"href":"https:\/\/medicinasinc.com\/se\/wp-json\/wp\/v2\/product_cat?post=5912"},{"taxonomy":"product_tag","embeddable":true,"href":"https:\/\/medicinasinc.com\/se\/wp-json\/wp\/v2\/product_tag?post=5912"}],"curies":[{"name":"wp","href":"https:\/\/api.w.org\/{rel}","templated":true}]}}