{"id":5906,"date":"2022-02-22T08:12:00","date_gmt":"2022-02-22T08:12:00","guid":{"rendered":"https:\/\/medicinasinc.com\/se\/?post_type=product&#038;p=5906"},"modified":"2022-07-03T23:09:24","modified_gmt":"2022-07-03T23:09:24","slug":"kop-med-fubinaca","status":"publish","type":"product","link":"https:\/\/medicinasinc.com\/se\/product\/kop-med-fubinaca\/","title":{"rendered":"K\u00f6p AMB-FUBINACA"},"content":{"rendered":"<p>Indazolbaserad syntetisk cannabinoid AMB-FUBINACA, \u00e4ven k\u00e4nd som FUB-AMB och MMB-FUBINACA, \u00e4r en kraftfull cannabinoidagonist. Den har Ki-v\u00e4rden p\u00e5 10,04 nM vid CB1 och 0,786 nM vid CB2 och EC50-v\u00e4rden p\u00e5 0,5433 nM vid CB1 och 0,1278 nM vid CB2. Det har s\u00e5lts online som en designerdrog. Det gjordes f\u00f6rst av Pfizer, som l\u00e4mnade in ett patent f\u00f6r f\u00f6reningen 2009. F\u00f6reningen testades aldrig p\u00e5 m\u00e4nniskor. Det gjordes m\u00e5nga drogbeslag av DEA under 2017 och f\u00f6rsta halvan av 2018. Den vanligaste syntetiska cannabinoiden var AMB-FUBINACA.<\/p>\n<p>Det \u00e4r en indazolbaserad syntetisk cannabinoid som kallas AMB-FUBINACA, och det \u00e4r en kraftfull agonist f\u00f6r cannabinoidreceptorerna. Den har Ki-v\u00e4rden p\u00e5 10,04 nM vid CB1 och 0,786 nM vid CB2, och EC50-v\u00e4rden p\u00e5 0,5433 nM vid CB1 och 0,1278 nM vid CB2. Det har s\u00e5lts online som en designerdrog.<\/p>\n","protected":false},"excerpt":{"rendered":"<p><b>K\u00f6p AMB-FUBINACA<\/b> f\u00f6r skull Storbritannien, Europa (\u00e4ven k\u00e4nd som <b>FUB-AMB<\/b>\u00a0och\u00a0<b>MMB-FUBINACA<\/b>) \u00e4r en\u00a0indazolbaserad <a class=\"mw-redirect\" title=\"Synthetic cannabinoid\" href=\"https:\/\/en.wikipedia.org\/wiki\/Synthetic_cannabinoid\">syntetisk cannabinoid<\/a>\u00a0som \u00e4r en potent\u00a0<a title=\"Agonist\" href=\"https:\/\/en.wikipedia.org\/wiki\/Agonist\">agonist<\/a>\u00a0f\u00f6r\u00a0cannabinoidreceptorerna, med\u00a0<i>K<\/i><sub>i<\/sub>\u00a0v\u00e4rden p\u00e5 10,04\u00a0nM vid CB<sub>1<\/sub>\u00a0och 0,786\u00a0nM vid\u00a0CB<sub>2<\/sub>\u00a0och\u00a0EC<sub>50<\/sub>\u00a0v\u00e4rden p\u00e5 0,5433\u00a0nM vid CB<sub>1<\/sub>\u00a0och 0,1278\u00a0nM vid CB<sub>2<\/sub>, <sup id=\"cite_ref-1\" class=\"reference\"><\/sup>och har s\u00e5lts online som en\u00a0designerdrog<\/p>\n","protected":false},"featured_media":5936,"comment_status":"open","ping_status":"closed","template":"","meta":[],"product_brand":[],"product_cat":[2596],"product_tag":[4080,4078,4079,4081,4077,4082],"class_list":{"0":"post-5906","1":"product","2":"type-product","3":"status-publish","4":"has-post-thumbnail","6":"product_cat-cannabinoider-till-salu","7":"product_tag-bestll-fub-med-online","8":"product_tag-fub-med-till-frsljning","9":"product_tag-how-to-buy-fub-amb-online","10":"product_tag-kp-fub-med-online","11":"product_tag-k-c3-b6p-fub-med-online","12":"product_tag-var-att-kpa-fub-amb-online","14":"first","15":"instock","16":"shipping-taxable","17":"purchasable","18":"product-type-variable"},"yoast_head":"<!-- This site is optimized with the Yoast SEO plugin v27.3 - https:\/\/yoast.com\/product\/yoast-seo-wordpress\/ -->\n<title>K\u00f6p AMB-FUBINACA - FUB-AMB - MMB-FUBINACA - Best Global Meds<\/title>\n<meta name=\"description\" content=\"K\u00f6p AMB-FUBINACA f\u00f6r skull Storbritannien, Europa (\u00e4ven k\u00e4nd som FUB-AMB\u00a0och\u00a0MMB-FUBINACA) \u00e4r en\u00a0indazolbaserad\u00a0syntetisk cannabinoid\u00a0som \u00e4r en potent\u00a0agonist\u00a0f\u00f6r\u00a0cannabinoidreceptorerna, med\u00a0Ki\u00a0v\u00e4rden p\u00e5 10,04\u00a0nM vid 0\u00a0CB\u00a0n\u00a0och\u00a0n. CB2\u00a0och\u00a0EC50\u00a0v\u00e4rden p\u00e5 0,5433\u00a0nM vid CB1\u00a0och 0,1278\u00a0nM vid CB2, och har s\u00e5lts online som ett\u00a0designerl\u00e4kemedel\" \/>\n<meta name=\"robots\" content=\"index, follow, max-snippet:-1, max-image-preview:large, max-video-preview:-1\" \/>\n<link rel=\"canonical\" href=\"https:\/\/medicinasinc.com\/se\/product\/kop-med-fubinaca\/\" \/>\n<meta property=\"og:locale\" content=\"sv_SE\" \/>\n<meta property=\"og:type\" content=\"article\" \/>\n<meta property=\"og:title\" content=\"K\u00f6p AMB-FUBINACA - FUB-AMB - MMB-FUBINACA - Best Global Meds\" \/>\n<meta property=\"og:description\" content=\"K\u00f6p AMB-FUBINACA f\u00f6r skull Storbritannien, Europa (\u00e4ven k\u00e4nd som FUB-AMB\u00a0och\u00a0MMB-FUBINACA) \u00e4r en\u00a0indazolbaserad\u00a0syntetisk cannabinoid\u00a0som \u00e4r en potent\u00a0agonist\u00a0f\u00f6r\u00a0cannabinoidreceptorerna, med\u00a0Ki\u00a0v\u00e4rden p\u00e5 10,04\u00a0nM vid 0\u00a0CB\u00a0n\u00a0och\u00a0n. CB2\u00a0och\u00a0EC50\u00a0v\u00e4rden p\u00e5 0,5433\u00a0nM vid CB1\u00a0och 0,1278\u00a0nM vid CB2, och har s\u00e5lts online som ett\u00a0designerl\u00e4kemedel\" \/>\n<meta property=\"og:url\" content=\"https:\/\/medicinasinc.com\/se\/product\/kop-med-fubinaca\/\" \/>\n<meta property=\"og:site_name\" content=\"Medicinas Inc\" \/>\n<meta property=\"article:modified_time\" content=\"2022-07-03T23:09:24+00:00\" \/>\n<meta property=\"og:image\" content=\"https:\/\/medicinasinc.com\/se\/wp-content\/uploads\/sites\/16\/2022\/02\/Buy-AMB-FUBINACA.jpg\" \/>\n\t<meta property=\"og:image:width\" content=\"400\" \/>\n\t<meta property=\"og:image:height\" content=\"400\" \/>\n\t<meta property=\"og:image:type\" content=\"image\/jpeg\" \/>\n<meta name=\"twitter:card\" content=\"summary_large_image\" \/>\n<meta name=\"twitter:label1\" content=\"Ber\u00e4knad l\u00e4stid\" \/>\n\t<meta name=\"twitter:data1\" content=\"1 minut\" \/>\n<script type=\"application\/ld+json\" class=\"yoast-schema-graph\">{\"@context\":\"https:\\\/\\\/schema.org\",\"@graph\":[{\"@type\":\"WebPage\",\"@id\":\"https:\\\/\\\/medicinasinc.com\\\/se\\\/product\\\/kop-med-fubinaca\\\/\",\"url\":\"https:\\\/\\\/medicinasinc.com\\\/se\\\/product\\\/kop-med-fubinaca\\\/\",\"name\":\"K\u00f6p AMB-FUBINACA - FUB-AMB - MMB-FUBINACA - Best Global Meds\",\"isPartOf\":{\"@id\":\"https:\\\/\\\/medicinasinc.com\\\/se\\\/#website\"},\"primaryImageOfPage\":{\"@id\":\"https:\\\/\\\/medicinasinc.com\\\/se\\\/product\\\/kop-med-fubinaca\\\/#primaryimage\"},\"image\":{\"@id\":\"https:\\\/\\\/medicinasinc.com\\\/se\\\/product\\\/kop-med-fubinaca\\\/#primaryimage\"},\"thumbnailUrl\":\"https:\\\/\\\/medicinasinc.com\\\/se\\\/wp-content\\\/uploads\\\/sites\\\/16\\\/2022\\\/02\\\/Buy-AMB-FUBINACA.jpg\",\"datePublished\":\"2022-02-22T08:12:00+00:00\",\"dateModified\":\"2022-07-03T23:09:24+00:00\",\"description\":\"K\u00f6p AMB-FUBINACA f\u00f6r skull Storbritannien, Europa (\u00e4ven k\u00e4nd som FUB-AMB\u00a0och\u00a0MMB-FUBINACA) \u00e4r en\u00a0indazolbaserad\u00a0syntetisk cannabinoid\u00a0som \u00e4r en potent\u00a0agonist\u00a0f\u00f6r\u00a0cannabinoidreceptorerna, med\u00a0Ki\u00a0v\u00e4rden p\u00e5 10,04\u00a0nM vid 0\u00a0CB\u00a0n\u00a0och\u00a0n. CB2\u00a0och\u00a0EC50\u00a0v\u00e4rden p\u00e5 0,5433\u00a0nM vid CB1\u00a0och 0,1278\u00a0nM vid CB2, och har s\u00e5lts online som ett\u00a0designerl\u00e4kemedel\",\"breadcrumb\":{\"@id\":\"https:\\\/\\\/medicinasinc.com\\\/se\\\/product\\\/kop-med-fubinaca\\\/#breadcrumb\"},\"inLanguage\":\"sv-SE\",\"potentialAction\":[{\"@type\":\"ReadAction\",\"target\":[\"https:\\\/\\\/medicinasinc.com\\\/se\\\/product\\\/kop-med-fubinaca\\\/\"]}]},{\"@type\":\"ImageObject\",\"inLanguage\":\"sv-SE\",\"@id\":\"https:\\\/\\\/medicinasinc.com\\\/se\\\/product\\\/kop-med-fubinaca\\\/#primaryimage\",\"url\":\"https:\\\/\\\/medicinasinc.com\\\/se\\\/wp-content\\\/uploads\\\/sites\\\/16\\\/2022\\\/02\\\/Buy-AMB-FUBINACA.jpg\",\"contentUrl\":\"https:\\\/\\\/medicinasinc.com\\\/se\\\/wp-content\\\/uploads\\\/sites\\\/16\\\/2022\\\/02\\\/Buy-AMB-FUBINACA.jpg\",\"width\":400,\"height\":400},{\"@type\":\"BreadcrumbList\",\"@id\":\"https:\\\/\\\/medicinasinc.com\\\/se\\\/product\\\/kop-med-fubinaca\\\/#breadcrumb\",\"itemListElement\":[{\"@type\":\"ListItem\",\"position\":1,\"name\":\"aff\u00e4r\",\"item\":\"https:\\\/\\\/medicinasinc.com\\\/se\\\/affar\\\/\"},{\"@type\":\"ListItem\",\"position\":2,\"name\":\"K\u00f6p AMB-FUBINACA\"}]},{\"@type\":\"WebSite\",\"@id\":\"https:\\\/\\\/medicinasinc.com\\\/se\\\/#website\",\"url\":\"https:\\\/\\\/medicinasinc.com\\\/se\\\/\",\"name\":\"Medicinas Inc\",\"description\":\"Health Medical Clinic\",\"potentialAction\":[{\"@type\":\"SearchAction\",\"target\":{\"@type\":\"EntryPoint\",\"urlTemplate\":\"https:\\\/\\\/medicinasinc.com\\\/se\\\/?s={search_term_string}\"},\"query-input\":{\"@type\":\"PropertyValueSpecification\",\"valueRequired\":true,\"valueName\":\"search_term_string\"}}],\"inLanguage\":\"sv-SE\"}]}<\/script>\n<!-- \/ Yoast SEO plugin. -->","yoast_head_json":{"title":"K\u00f6p AMB-FUBINACA - FUB-AMB - MMB-FUBINACA - Best Global Meds","description":"K\u00f6p AMB-FUBINACA f\u00f6r skull Storbritannien, Europa (\u00e4ven k\u00e4nd som FUB-AMB\u00a0och\u00a0MMB-FUBINACA) \u00e4r en\u00a0indazolbaserad\u00a0syntetisk cannabinoid\u00a0som \u00e4r en potent\u00a0agonist\u00a0f\u00f6r\u00a0cannabinoidreceptorerna, med\u00a0Ki\u00a0v\u00e4rden p\u00e5 10,04\u00a0nM vid 0\u00a0CB\u00a0n\u00a0och\u00a0n. CB2\u00a0och\u00a0EC50\u00a0v\u00e4rden p\u00e5 0,5433\u00a0nM vid CB1\u00a0och 0,1278\u00a0nM vid CB2, och har s\u00e5lts online som ett\u00a0designerl\u00e4kemedel","robots":{"index":"index","follow":"follow","max-snippet":"max-snippet:-1","max-image-preview":"max-image-preview:large","max-video-preview":"max-video-preview:-1"},"canonical":"https:\/\/medicinasinc.com\/se\/product\/kop-med-fubinaca\/","og_locale":"sv_SE","og_type":"article","og_title":"K\u00f6p AMB-FUBINACA - FUB-AMB - MMB-FUBINACA - Best Global Meds","og_description":"K\u00f6p AMB-FUBINACA f\u00f6r skull Storbritannien, Europa (\u00e4ven k\u00e4nd som FUB-AMB\u00a0och\u00a0MMB-FUBINACA) \u00e4r en\u00a0indazolbaserad\u00a0syntetisk cannabinoid\u00a0som \u00e4r en potent\u00a0agonist\u00a0f\u00f6r\u00a0cannabinoidreceptorerna, med\u00a0Ki\u00a0v\u00e4rden p\u00e5 10,04\u00a0nM vid 0\u00a0CB\u00a0n\u00a0och\u00a0n. CB2\u00a0och\u00a0EC50\u00a0v\u00e4rden p\u00e5 0,5433\u00a0nM vid CB1\u00a0och 0,1278\u00a0nM vid CB2, och har s\u00e5lts online som ett\u00a0designerl\u00e4kemedel","og_url":"https:\/\/medicinasinc.com\/se\/product\/kop-med-fubinaca\/","og_site_name":"Medicinas Inc","article_modified_time":"2022-07-03T23:09:24+00:00","og_image":[{"width":400,"height":400,"url":"https:\/\/medicinasinc.com\/se\/wp-content\/uploads\/sites\/16\/2022\/02\/Buy-AMB-FUBINACA.jpg","type":"image\/jpeg"}],"twitter_card":"summary_large_image","twitter_misc":{"Ber\u00e4knad l\u00e4stid":"1 minut"},"schema":{"@context":"https:\/\/schema.org","@graph":[{"@type":"WebPage","@id":"https:\/\/medicinasinc.com\/se\/product\/kop-med-fubinaca\/","url":"https:\/\/medicinasinc.com\/se\/product\/kop-med-fubinaca\/","name":"K\u00f6p AMB-FUBINACA - FUB-AMB - MMB-FUBINACA - Best Global Meds","isPartOf":{"@id":"https:\/\/medicinasinc.com\/se\/#website"},"primaryImageOfPage":{"@id":"https:\/\/medicinasinc.com\/se\/product\/kop-med-fubinaca\/#primaryimage"},"image":{"@id":"https:\/\/medicinasinc.com\/se\/product\/kop-med-fubinaca\/#primaryimage"},"thumbnailUrl":"https:\/\/medicinasinc.com\/se\/wp-content\/uploads\/sites\/16\/2022\/02\/Buy-AMB-FUBINACA.jpg","datePublished":"2022-02-22T08:12:00+00:00","dateModified":"2022-07-03T23:09:24+00:00","description":"K\u00f6p AMB-FUBINACA f\u00f6r skull Storbritannien, Europa (\u00e4ven k\u00e4nd som FUB-AMB\u00a0och\u00a0MMB-FUBINACA) \u00e4r en\u00a0indazolbaserad\u00a0syntetisk cannabinoid\u00a0som \u00e4r en potent\u00a0agonist\u00a0f\u00f6r\u00a0cannabinoidreceptorerna, med\u00a0Ki\u00a0v\u00e4rden p\u00e5 10,04\u00a0nM vid 0\u00a0CB\u00a0n\u00a0och\u00a0n. CB2\u00a0och\u00a0EC50\u00a0v\u00e4rden p\u00e5 0,5433\u00a0nM vid CB1\u00a0och 0,1278\u00a0nM vid CB2, och har s\u00e5lts online som ett\u00a0designerl\u00e4kemedel","breadcrumb":{"@id":"https:\/\/medicinasinc.com\/se\/product\/kop-med-fubinaca\/#breadcrumb"},"inLanguage":"sv-SE","potentialAction":[{"@type":"ReadAction","target":["https:\/\/medicinasinc.com\/se\/product\/kop-med-fubinaca\/"]}]},{"@type":"ImageObject","inLanguage":"sv-SE","@id":"https:\/\/medicinasinc.com\/se\/product\/kop-med-fubinaca\/#primaryimage","url":"https:\/\/medicinasinc.com\/se\/wp-content\/uploads\/sites\/16\/2022\/02\/Buy-AMB-FUBINACA.jpg","contentUrl":"https:\/\/medicinasinc.com\/se\/wp-content\/uploads\/sites\/16\/2022\/02\/Buy-AMB-FUBINACA.jpg","width":400,"height":400},{"@type":"BreadcrumbList","@id":"https:\/\/medicinasinc.com\/se\/product\/kop-med-fubinaca\/#breadcrumb","itemListElement":[{"@type":"ListItem","position":1,"name":"aff\u00e4r","item":"https:\/\/medicinasinc.com\/se\/affar\/"},{"@type":"ListItem","position":2,"name":"K\u00f6p AMB-FUBINACA"}]},{"@type":"WebSite","@id":"https:\/\/medicinasinc.com\/se\/#website","url":"https:\/\/medicinasinc.com\/se\/","name":"Medicinas Inc","description":"Health Medical Clinic","potentialAction":[{"@type":"SearchAction","target":{"@type":"EntryPoint","urlTemplate":"https:\/\/medicinasinc.com\/se\/?s={search_term_string}"},"query-input":{"@type":"PropertyValueSpecification","valueRequired":true,"valueName":"search_term_string"}}],"inLanguage":"sv-SE"}]}},"_links":{"self":[{"href":"https:\/\/medicinasinc.com\/se\/wp-json\/wp\/v2\/product\/5906","targetHints":{"allow":["GET"]}}],"collection":[{"href":"https:\/\/medicinasinc.com\/se\/wp-json\/wp\/v2\/product"}],"about":[{"href":"https:\/\/medicinasinc.com\/se\/wp-json\/wp\/v2\/types\/product"}],"replies":[{"embeddable":true,"href":"https:\/\/medicinasinc.com\/se\/wp-json\/wp\/v2\/comments?post=5906"}],"wp:featuredmedia":[{"embeddable":true,"href":"https:\/\/medicinasinc.com\/se\/wp-json\/wp\/v2\/media\/5936"}],"wp:attachment":[{"href":"https:\/\/medicinasinc.com\/se\/wp-json\/wp\/v2\/media?parent=5906"}],"wp:term":[{"taxonomy":"product_brand","embeddable":true,"href":"https:\/\/medicinasinc.com\/se\/wp-json\/wp\/v2\/product_brand?post=5906"},{"taxonomy":"product_cat","embeddable":true,"href":"https:\/\/medicinasinc.com\/se\/wp-json\/wp\/v2\/product_cat?post=5906"},{"taxonomy":"product_tag","embeddable":true,"href":"https:\/\/medicinasinc.com\/se\/wp-json\/wp\/v2\/product_tag?post=5906"}],"curies":[{"name":"wp","href":"https:\/\/api.w.org\/{rel}","templated":true}]}}