{"id":5897,"date":"2022-02-22T08:07:13","date_gmt":"2022-02-22T08:07:13","guid":{"rendered":"https:\/\/medicinasinc.com\/se\/?post_type=product&#038;p=5897"},"modified":"2022-07-03T23:09:45","modified_gmt":"2022-07-03T23:09:45","slug":"kop-5c-akb48","status":"publish","type":"product","link":"https:\/\/medicinasinc.com\/se\/product\/kop-5c-akb48\/","title":{"rendered":"K\u00f6p 5C-AKB48"},"content":{"rendered":"<p>Vad \u00e4r 5C-AKB48-koden?<\/p>\n<p>5C-AKB48 \u00e4r en syntetisk cannabinoid som tillh\u00f6r klassen indazolkarboxamid. Det \u00e4r 5-kloroanalogen till 5F-AKB48 (ofta kallad AKB48, 5F-APINACA eller 5F-AKB48), den mer v\u00e4lk\u00e4nda syntetiska cannabinoiden som uppt\u00e4ckts i Sydkorea.<\/p>\n<p>Europas st\u00f6rsta \u00e5terf\u00f6rs\u00e4ljare av 5C-AKB48-pulver.<\/p>\n<p>5C-AKB48 kan k\u00f6pas online med Bitcoin. 5C-AKB48 \u00e4r en starkare version av AKB-48 som verkar p\u00e5 cannabinoidreceptorer.<\/p>\n<p>5C-AKB48 p\u00e5st\u00e5s ha liknande, men mer potenta, effekter \u00e4n 5F-AKB48, och som alla syntetiska cannabinoider, den har h\u00f6g affinitet f\u00f6r CB1- och CB2-receptorerna.<\/p>\n<p>5C-AKB48 kemiska egenskaper<\/p>\n<p>C23H30CIN3O<\/p>\n<p>N- (adamantan-1-yl)<\/p>\n<p> p&gt; <\/p>\n<p>-1-(5-klorpentyl)-1H-indazol<\/p>\n<p>-3-karboxamid<\/p>\n<p>Molekylvikt: 400,00 g\/mol<\/p>\n<p>Renhet : mer \u00e4n 98 procent<\/p>\n<p>5C-AKB48 \u00e4r en syntetisk cannabinoid som tillh\u00f6r indazol-3-karboxamidfamiljen. Den delar liknande molekyl\u00e4ra egenskaper med 5F-ABD. Som \u00e4r fallet med m\u00e5nga cannabinoider har den en h\u00f6g affinitet f\u00f6r CB1- och CB2-receptorerna, vilket bidrar till dess euforiska egenskaper. Som \u00e4r fallet med de flesta cannabinoider \u00e4r den ol\u00f6slig i vatten och stabil vid rumstemperatur. Som \u00e4r fallet med de flesta cannabinoider har 5C-AKB48 betydande potential att anv\u00e4ndas som sm\u00e4rtstillande och aptitstimulerande medel. \u00c4ven om inga m\u00e4nskliga f\u00f6rs\u00f6k har utf\u00f6rts, \u00e4r det rimligt att anta att 5C-AKB48 har samma syntetiska cannabinoideffekter som andra kemikalier i samma klass. Det b\u00f6r n\u00e4mnas att detta l\u00e4kemedels s\u00e4kerhetsprofil inte har utv\u00e4rderats noggrant och att det inte \u00e4r avsett f\u00f6r m\u00e4nsklig konsumtion.<\/p>\n<p>Vilka \u00e4r de troliga biverkningarna och f\u00f6rsiktighets\u00e5tg\u00e4rderna f\u00f6rknippade med 5C-AKB48?<\/p>\n<p>5C-psykoaktiva AKB48s effekter \u00e4r j\u00e4mf\u00f6rbara med effekterna av andra naturliga och syntetiska cannabinoider, framf\u00f6r allt 5F-ABD.<\/p>\n<p>Sedering: Den kanske mest v\u00e4lk\u00e4nda effekten av cannabinoider, konsumenter rapporterar en djup k\u00e4nsla av lugn och minskade energiniv\u00e5er efter 5C-AKB48-konsumtion.<\/p>\n<p>Minska inflammation: I \u00e5rtusenden har naturligt f\u00f6rekommande cannabinoider anv\u00e4nts f\u00f6r sina antiinflammatoriska egenskaper. CBD (en icke-psykoaktiv cannabinoid) har nyligen vunnit popularitet som sm\u00e4rt- och inflammationsd\u00e4mpare. \u00c4ven om inga officiella studier har genomf\u00f6rts, \u00e4r det rimligt att anta att 5C-AKB48 har de antiinflammatoriska egenskaper som \u00e4r f\u00f6rknippade med cannabinoider.<\/p>\n<p>Anti-illam\u00e5ende och kr\u00e4kningsegenskaper: Cannabinoider har anti-illam\u00e5ende och kr\u00e4kningsegenskaper som har setts kliniskt i m\u00e5nga \u00e5r [1], med rutinf\u00f6rskrivna mediciner som Marinol, syndros och Nabilone som inneh\u00e5ller syntetiska cannabinoider.<\/p>\n<p>Cannabinoider har l\u00e4nge erk\u00e4nts f\u00f6r sin f\u00f6rm\u00e5ga att avsev\u00e4rt minska sv\u00e5righetsgraden av migr\u00e4n och kronisk huvudv\u00e4rk hos m\u00e4nniskor [2]. Tyv\u00e4rr har inga kontrollerade studier om anv\u00e4ndbarheten av 5C-AKB48 vid behandling av huvudv\u00e4rk utf\u00f6rts, och endast ett f\u00e5tal anekdotiska rapporter finns.<\/p>\n<p>Som tidigare antytts har ingen formell forskning utf\u00f6rts p\u00e5 5C-AKB48 , och d\u00e4rf\u00f6r \u00e4r dess s\u00e4kerhetsprofil f\u00f6r n\u00e4rvarande oklar. Trots fr\u00e5nvaron av tester kan vi f\u00f6rv\u00e4nta oss att det kommer att uppvisa de typiska cannabisbiverkningarna. Som ett resultat \u00e4r det viktigt att komma ih\u00e5g att 5C-AKB48 endast \u00e4r avsedd f\u00f6r forskningsanv\u00e4ndning och inte \u00e4r avsedd f\u00f6r m\u00e4nsklig konsumtion. Den b\u00f6r inte hanteras utan anv\u00e4ndning av l\u00e4mplig laboratorieutrustning, inklusive \u00f6gonskydd och handskar.<\/p>\n<p>Var kan jag k\u00f6pa?<\/p>\n<p>Chemical Planet \u00e4r stolta \u00f6ver att kunna erbjuda 5C- av h\u00f6gsta kvalitet AKB48 p\u00e5 marknaden. Chemical Planet \u00e4r ocks\u00e5 en nummer 1 p\u00e5litlig leverant\u00f6r som tillhandah\u00e5ller snabb, diskret leverans till ett antal platser \u00f6ver hela v\u00e4rlden.<\/p>\n<p>F\u00f6r att k\u00f6pa 5C-AKB48 m\u00e5ste du vara minst 18 \u00e5r gammal och alla vanliga kreditkort samt bitcoin accepteras. Alla produkter, inklusive 5C-AKB48, \u00e4r endast avsedda f\u00f6r forskningsanv\u00e4ndning och \u00e4r inte avsedda att anv\u00e4ndas som livsmedel.<\/p>\n","protected":false},"excerpt":{"rendered":"<p>K\u00f6p 5c-akb48 till salu, grossist 5c-akb48 UK, best\u00e4ll 5cakb48 Europe leverant\u00f6r. 5c-akb48 \u00e4r en indazolbaserad syntetisk cannabinoid som har s\u00e5lts online som en designerdrog.<\/p>\n","protected":false},"featured_media":5928,"comment_status":"open","ping_status":"closed","template":"","meta":[],"product_brand":[],"product_cat":[2596],"product_tag":[4052,4053,4054,4055,4056,2600,4057,4058,2616,4059,2615,4060,4061,4064,4062,4063,4065],"class_list":{"0":"post-5897","1":"product","2":"type-product","3":"status-publish","4":"has-post-thumbnail","6":"product_cat-cannabinoider-till-salu","7":"product_tag-5c-akb48","8":"product_tag-5c-akb48-till-salu","9":"product_tag-5cakb48","10":"product_tag-5f-mdmb-2201-5f-mdmb-2201-cannabinoid","11":"product_tag-5f-mdmb-2201-psykonaut","12":"product_tag-5f-mdmb-2201","13":"product_tag-5f-mdmb-2201-cayman","14":"product_tag-5f-mdmb-2201-dosering","15":"product_tag-5f-mdmb-2201-recension","16":"product_tag-5f-mdmb-2201-recensioner","17":"product_tag-5f-mdmb-2201-reddit","18":"product_tag-5f-mdmb-2201-wiki","19":"product_tag-5fmdmb2201-5f-mdmb-2201-kannabinoid","20":"product_tag-det-bsta-stllet-att-kpa-5c-akb48-online","21":"product_tag-kp-5c-akb48-online","22":"product_tag-purchase-5c-akb48-online","23":"product_tag-var-att-kpa-5c-akb48-online","25":"first","26":"instock","27":"shipping-taxable","28":"purchasable","29":"product-type-variable"},"yoast_head":"<!-- This site is optimized with the Yoast SEO plugin v27.3 - https:\/\/yoast.com\/product\/yoast-seo-wordpress\/ -->\n<title>K\u00f6p 5c-akb48 fr\u00e5n en p\u00e5litlig leverant\u00f6r - Cannabinoider - B\u00e4sta globala medicinerna<\/title>\n<meta name=\"description\" content=\"K\u00f6p 5c-akb48 till salu, grossist 5c-akb48 Storbritannien, Best\u00e4ll 5cakb48 Europa leverant\u00f6r. 5c-akb48 \u00e4r en indazolbaserad syntetisk cannabinoid som har s\u00e5lts online som en designerdrog.\" \/>\n<meta name=\"robots\" content=\"index, follow, max-snippet:-1, max-image-preview:large, max-video-preview:-1\" \/>\n<link rel=\"canonical\" href=\"https:\/\/medicinasinc.com\/se\/product\/kop-5c-akb48\/\" \/>\n<meta property=\"og:locale\" content=\"sv_SE\" \/>\n<meta property=\"og:type\" content=\"article\" \/>\n<meta property=\"og:title\" content=\"K\u00f6p 5c-akb48 fr\u00e5n en p\u00e5litlig leverant\u00f6r - Cannabinoider - B\u00e4sta globala medicinerna\" \/>\n<meta property=\"og:description\" content=\"K\u00f6p 5c-akb48 till salu, grossist 5c-akb48 Storbritannien, Best\u00e4ll 5cakb48 Europa leverant\u00f6r. 5c-akb48 \u00e4r en indazolbaserad syntetisk cannabinoid som har s\u00e5lts online som en designerdrog.\" \/>\n<meta property=\"og:url\" content=\"https:\/\/medicinasinc.com\/se\/product\/kop-5c-akb48\/\" \/>\n<meta property=\"og:site_name\" content=\"Medicinas Inc\" \/>\n<meta property=\"article:modified_time\" content=\"2022-07-03T23:09:45+00:00\" \/>\n<meta property=\"og:image\" content=\"https:\/\/medicinasinc.com\/se\/wp-content\/uploads\/sites\/16\/2022\/02\/Buy-5C-AKB48.png\" \/>\n\t<meta property=\"og:image:width\" content=\"500\" \/>\n\t<meta property=\"og:image:height\" content=\"500\" \/>\n\t<meta property=\"og:image:type\" content=\"image\/png\" \/>\n<meta name=\"twitter:card\" content=\"summary_large_image\" \/>\n<meta name=\"twitter:label1\" content=\"Ber\u00e4knad l\u00e4stid\" \/>\n\t<meta name=\"twitter:data1\" content=\"3 minuter\" \/>\n<script type=\"application\/ld+json\" class=\"yoast-schema-graph\">{\"@context\":\"https:\\\/\\\/schema.org\",\"@graph\":[{\"@type\":\"WebPage\",\"@id\":\"https:\\\/\\\/medicinasinc.com\\\/se\\\/product\\\/kop-5c-akb48\\\/\",\"url\":\"https:\\\/\\\/medicinasinc.com\\\/se\\\/product\\\/kop-5c-akb48\\\/\",\"name\":\"K\u00f6p 5c-akb48 fr\u00e5n en p\u00e5litlig leverant\u00f6r - Cannabinoider - B\u00e4sta globala medicinerna\",\"isPartOf\":{\"@id\":\"https:\\\/\\\/medicinasinc.com\\\/se\\\/#website\"},\"primaryImageOfPage\":{\"@id\":\"https:\\\/\\\/medicinasinc.com\\\/se\\\/product\\\/kop-5c-akb48\\\/#primaryimage\"},\"image\":{\"@id\":\"https:\\\/\\\/medicinasinc.com\\\/se\\\/product\\\/kop-5c-akb48\\\/#primaryimage\"},\"thumbnailUrl\":\"https:\\\/\\\/medicinasinc.com\\\/se\\\/wp-content\\\/uploads\\\/sites\\\/16\\\/2022\\\/02\\\/Buy-5C-AKB48.png\",\"datePublished\":\"2022-02-22T08:07:13+00:00\",\"dateModified\":\"2022-07-03T23:09:45+00:00\",\"description\":\"K\u00f6p 5c-akb48 till salu, grossist 5c-akb48 Storbritannien, Best\u00e4ll 5cakb48 Europa leverant\u00f6r. 5c-akb48 \u00e4r en indazolbaserad syntetisk cannabinoid som har s\u00e5lts online som en designerdrog.\",\"breadcrumb\":{\"@id\":\"https:\\\/\\\/medicinasinc.com\\\/se\\\/product\\\/kop-5c-akb48\\\/#breadcrumb\"},\"inLanguage\":\"sv-SE\",\"potentialAction\":[{\"@type\":\"ReadAction\",\"target\":[\"https:\\\/\\\/medicinasinc.com\\\/se\\\/product\\\/kop-5c-akb48\\\/\"]}]},{\"@type\":\"ImageObject\",\"inLanguage\":\"sv-SE\",\"@id\":\"https:\\\/\\\/medicinasinc.com\\\/se\\\/product\\\/kop-5c-akb48\\\/#primaryimage\",\"url\":\"https:\\\/\\\/medicinasinc.com\\\/se\\\/wp-content\\\/uploads\\\/sites\\\/16\\\/2022\\\/02\\\/Buy-5C-AKB48.png\",\"contentUrl\":\"https:\\\/\\\/medicinasinc.com\\\/se\\\/wp-content\\\/uploads\\\/sites\\\/16\\\/2022\\\/02\\\/Buy-5C-AKB48.png\",\"width\":500,\"height\":500},{\"@type\":\"BreadcrumbList\",\"@id\":\"https:\\\/\\\/medicinasinc.com\\\/se\\\/product\\\/kop-5c-akb48\\\/#breadcrumb\",\"itemListElement\":[{\"@type\":\"ListItem\",\"position\":1,\"name\":\"aff\u00e4r\",\"item\":\"https:\\\/\\\/medicinasinc.com\\\/se\\\/affar\\\/\"},{\"@type\":\"ListItem\",\"position\":2,\"name\":\"K\u00f6p 5C-AKB48\"}]},{\"@type\":\"WebSite\",\"@id\":\"https:\\\/\\\/medicinasinc.com\\\/se\\\/#website\",\"url\":\"https:\\\/\\\/medicinasinc.com\\\/se\\\/\",\"name\":\"Medicinas Inc\",\"description\":\"Health Medical Clinic\",\"potentialAction\":[{\"@type\":\"SearchAction\",\"target\":{\"@type\":\"EntryPoint\",\"urlTemplate\":\"https:\\\/\\\/medicinasinc.com\\\/se\\\/?s={search_term_string}\"},\"query-input\":{\"@type\":\"PropertyValueSpecification\",\"valueRequired\":true,\"valueName\":\"search_term_string\"}}],\"inLanguage\":\"sv-SE\"}]}<\/script>\n<!-- \/ Yoast SEO plugin. -->","yoast_head_json":{"title":"K\u00f6p 5c-akb48 fr\u00e5n en p\u00e5litlig leverant\u00f6r - Cannabinoider - B\u00e4sta globala medicinerna","description":"K\u00f6p 5c-akb48 till salu, grossist 5c-akb48 Storbritannien, Best\u00e4ll 5cakb48 Europa leverant\u00f6r. 5c-akb48 \u00e4r en indazolbaserad syntetisk cannabinoid som har s\u00e5lts online som en designerdrog.","robots":{"index":"index","follow":"follow","max-snippet":"max-snippet:-1","max-image-preview":"max-image-preview:large","max-video-preview":"max-video-preview:-1"},"canonical":"https:\/\/medicinasinc.com\/se\/product\/kop-5c-akb48\/","og_locale":"sv_SE","og_type":"article","og_title":"K\u00f6p 5c-akb48 fr\u00e5n en p\u00e5litlig leverant\u00f6r - Cannabinoider - B\u00e4sta globala medicinerna","og_description":"K\u00f6p 5c-akb48 till salu, grossist 5c-akb48 Storbritannien, Best\u00e4ll 5cakb48 Europa leverant\u00f6r. 5c-akb48 \u00e4r en indazolbaserad syntetisk cannabinoid som har s\u00e5lts online som en designerdrog.","og_url":"https:\/\/medicinasinc.com\/se\/product\/kop-5c-akb48\/","og_site_name":"Medicinas Inc","article_modified_time":"2022-07-03T23:09:45+00:00","og_image":[{"width":500,"height":500,"url":"https:\/\/medicinasinc.com\/se\/wp-content\/uploads\/sites\/16\/2022\/02\/Buy-5C-AKB48.png","type":"image\/png"}],"twitter_card":"summary_large_image","twitter_misc":{"Ber\u00e4knad l\u00e4stid":"3 minuter"},"schema":{"@context":"https:\/\/schema.org","@graph":[{"@type":"WebPage","@id":"https:\/\/medicinasinc.com\/se\/product\/kop-5c-akb48\/","url":"https:\/\/medicinasinc.com\/se\/product\/kop-5c-akb48\/","name":"K\u00f6p 5c-akb48 fr\u00e5n en p\u00e5litlig leverant\u00f6r - Cannabinoider - B\u00e4sta globala medicinerna","isPartOf":{"@id":"https:\/\/medicinasinc.com\/se\/#website"},"primaryImageOfPage":{"@id":"https:\/\/medicinasinc.com\/se\/product\/kop-5c-akb48\/#primaryimage"},"image":{"@id":"https:\/\/medicinasinc.com\/se\/product\/kop-5c-akb48\/#primaryimage"},"thumbnailUrl":"https:\/\/medicinasinc.com\/se\/wp-content\/uploads\/sites\/16\/2022\/02\/Buy-5C-AKB48.png","datePublished":"2022-02-22T08:07:13+00:00","dateModified":"2022-07-03T23:09:45+00:00","description":"K\u00f6p 5c-akb48 till salu, grossist 5c-akb48 Storbritannien, Best\u00e4ll 5cakb48 Europa leverant\u00f6r. 5c-akb48 \u00e4r en indazolbaserad syntetisk cannabinoid som har s\u00e5lts online som en designerdrog.","breadcrumb":{"@id":"https:\/\/medicinasinc.com\/se\/product\/kop-5c-akb48\/#breadcrumb"},"inLanguage":"sv-SE","potentialAction":[{"@type":"ReadAction","target":["https:\/\/medicinasinc.com\/se\/product\/kop-5c-akb48\/"]}]},{"@type":"ImageObject","inLanguage":"sv-SE","@id":"https:\/\/medicinasinc.com\/se\/product\/kop-5c-akb48\/#primaryimage","url":"https:\/\/medicinasinc.com\/se\/wp-content\/uploads\/sites\/16\/2022\/02\/Buy-5C-AKB48.png","contentUrl":"https:\/\/medicinasinc.com\/se\/wp-content\/uploads\/sites\/16\/2022\/02\/Buy-5C-AKB48.png","width":500,"height":500},{"@type":"BreadcrumbList","@id":"https:\/\/medicinasinc.com\/se\/product\/kop-5c-akb48\/#breadcrumb","itemListElement":[{"@type":"ListItem","position":1,"name":"aff\u00e4r","item":"https:\/\/medicinasinc.com\/se\/affar\/"},{"@type":"ListItem","position":2,"name":"K\u00f6p 5C-AKB48"}]},{"@type":"WebSite","@id":"https:\/\/medicinasinc.com\/se\/#website","url":"https:\/\/medicinasinc.com\/se\/","name":"Medicinas Inc","description":"Health Medical Clinic","potentialAction":[{"@type":"SearchAction","target":{"@type":"EntryPoint","urlTemplate":"https:\/\/medicinasinc.com\/se\/?s={search_term_string}"},"query-input":{"@type":"PropertyValueSpecification","valueRequired":true,"valueName":"search_term_string"}}],"inLanguage":"sv-SE"}]}},"_links":{"self":[{"href":"https:\/\/medicinasinc.com\/se\/wp-json\/wp\/v2\/product\/5897","targetHints":{"allow":["GET"]}}],"collection":[{"href":"https:\/\/medicinasinc.com\/se\/wp-json\/wp\/v2\/product"}],"about":[{"href":"https:\/\/medicinasinc.com\/se\/wp-json\/wp\/v2\/types\/product"}],"replies":[{"embeddable":true,"href":"https:\/\/medicinasinc.com\/se\/wp-json\/wp\/v2\/comments?post=5897"}],"wp:featuredmedia":[{"embeddable":true,"href":"https:\/\/medicinasinc.com\/se\/wp-json\/wp\/v2\/media\/5928"}],"wp:attachment":[{"href":"https:\/\/medicinasinc.com\/se\/wp-json\/wp\/v2\/media?parent=5897"}],"wp:term":[{"taxonomy":"product_brand","embeddable":true,"href":"https:\/\/medicinasinc.com\/se\/wp-json\/wp\/v2\/product_brand?post=5897"},{"taxonomy":"product_cat","embeddable":true,"href":"https:\/\/medicinasinc.com\/se\/wp-json\/wp\/v2\/product_cat?post=5897"},{"taxonomy":"product_tag","embeddable":true,"href":"https:\/\/medicinasinc.com\/se\/wp-json\/wp\/v2\/product_tag?post=5897"}],"curies":[{"name":"wp","href":"https:\/\/api.w.org\/{rel}","templated":true}]}}