{"id":5893,"date":"2022-02-22T08:05:19","date_gmt":"2022-02-22T08:05:19","guid":{"rendered":"https:\/\/medicinasinc.com\/se\/?post_type=product&#038;p=5893"},"modified":"2022-07-03T23:09:53","modified_gmt":"2022-07-03T23:09:53","slug":"kop-bensyl-metyl-keton-bmk-pulver-online","status":"publish","type":"product","link":"https:\/\/medicinasinc.com\/se\/product\/kop-bensyl-metyl-keton-bmk-pulver-online\/","title":{"rendered":"K\u00f6p Benzyl Methyl Ketone (BMK) Powder Online"},"content":{"rendered":"<p>Onlinek\u00f6p av BMK-pulver<\/p>\n<p>BMK-pulver kan k\u00f6pas online. Den kemiska formeln f\u00f6r fenylaceton \u00e4r C6H5CH2COCH3. Det \u00e4r en olja som \u00e4r f\u00e4rgl\u00f6s och l\u00f6slig i organiska l\u00f6sningsmedel. Denna kemikalie kallas vanligtvis P2P eftersom den anv\u00e4nds vid tillverkning av metamfetamin och amfetamin. Fenylaceton produceras hos m\u00e4nniskor som en metabolit av amfetamin och metamfetamin via oxidativ deaminering medierad av FMO3.<\/p>\n<p>Fenylaceton, \u00e4ven k\u00e4nd som bensylmetylketon (BMK) eller P2P, var f\u00f6rstadiet till produktionen av amfetamin. Det regleras av Europeiska unionen (EU) enligt f\u00f6rordning (EG) 273\/2004 om narkotikaprekursorer och r\u00e5dets f\u00f6rordning (EG) 111\/2005 om utbyte av narkotikaprekursorer. Som ett resultat m\u00e5ste administrat\u00f6rer f\u00e5 tillst\u00e5nd fr\u00e5n skickliga specialister f\u00f6r att \u00e4ga, importera eller transportera den. P\u00e5 senare tid har det inte skett n\u00e5gra storskaliga BMK-f\u00e5ngster inom EU. Vi har en riktigt bra kundn\u00f6jdhet och \u00e4r beredda att vara de b\u00e4sta onlineleverant\u00f6rerna av fenylacetonolja.<\/p>\n<p>Fenylaceton kan ocks\u00e5 syntetiseras fr\u00e5n prekursorer som APAAN (alfa-fenylacetoacetonitril). P\u00e5 senare tid har importen av APAAN varit p\u00e5 den h\u00f6gsta niv\u00e5n n\u00e5gonsin, och som ett resultat av detta balanserades den ut i EU i slutet av 2013. I mars 2014 r\u00f6stade FN:s kommission f\u00f6r narkotiska droger enh\u00e4lligt f\u00f6r att reglera det globalt. <\/p>\n<p>V\u00e5ra leverans- och leveransmetoder \u00e4r helt s\u00e4kra och enkla f\u00f6r att k\u00f6pa fenylacetonolja online. Vi \u00e4r beredda att s\u00e4lja sm\u00e5 kvantiteter s\u00e5v\u00e4l som stora m\u00e4ngder av v\u00e5r fenylacetonolja online. V\u00e5r fenylacetonolja onlinekvalitet \u00e4r o\u00f6vertr\u00e4ffad, och vi s\u00e4ljer i sm\u00e5\/stora kvantiteter med f\u00f6rs\u00e4kran om diskret leverans i r\u00e4tt tid efter att du k\u00f6pt fenylacetonolja online. Frakt via DHL, TNT eller FedEx, bland annat. Dessutom \u00e4r det beroende av kundens transports\u00e4tt n\u00e4r man l\u00e4gger en best\u00e4llning p\u00e5 fenylacetonolja online. Tveka inte att kontakta oss n\u00e4r du \u00e4r redo att k\u00f6pa fenylaceton, eftersom vi erbjuder det billigaste priset.<\/p>\n<p>Vi \u00e4r avsedda att g\u00f6ra det enkelt att k\u00f6pa ett brett utbud av v\u00e5ra produkter. N\u00e4r du har lagt en best\u00e4llning p\u00e5 fenylacetonolja online hos oss kommer vi att ge dig r\u00e5d om ditt k\u00f6p. Vi ser till att v\u00e5ra kunder f\u00e5r sitt paket och sin h\u00f6gkvalitativa fenylacetonolja, samt att de n\u00e5r sina m\u00e5l genom att se till att v\u00e5ra f\u00f6rem\u00e5l behandlas p\u00e5 r\u00e4tt s\u00e4tt.<\/p>\n","protected":false},"excerpt":{"rendered":"<p>K\u00f6p Benzyl Methyl Ketone (BMK) Powder Online. V\u00e5rt BMK-pulver \u00e4r 100 % laboratorietestat. Vi skickar v\u00e5rt BMK Powder som diskret och expressleverans<\/p>\n","protected":false},"featured_media":5922,"comment_status":"open","ping_status":"closed","template":"","meta":[],"product_brand":[],"product_cat":[2014],"product_tag":[],"class_list":{"0":"post-5893","1":"product","2":"type-product","3":"status-publish","4":"has-post-thumbnail","6":"product_cat-kop-research-chemicals","8":"first","9":"instock","10":"shipping-taxable","11":"purchasable","12":"product-type-variable"},"yoast_head":"<!-- This site is optimized with the Yoast SEO plugin v27.3 - https:\/\/yoast.com\/product\/yoast-seo-wordpress\/ -->\n<title>K\u00f6p Benzyl Methyl Ketone (BMK) Powder Online - Best Global Meds<\/title>\n<meta name=\"description\" content=\"K\u00f6p bensylmetylketon (BMK) pulver online. V\u00e5rt BMK-pulver \u00e4r 100 % laboratorietestat. Vi skickar v\u00e5rt BMK Powder som diskret och expressf\u00f6rs\u00e4ndelse\" \/>\n<meta name=\"robots\" content=\"index, follow, max-snippet:-1, max-image-preview:large, max-video-preview:-1\" \/>\n<link rel=\"canonical\" href=\"https:\/\/medicinasinc.com\/se\/product\/kop-bensyl-metyl-keton-bmk-pulver-online\/\" \/>\n<meta property=\"og:locale\" content=\"sv_SE\" \/>\n<meta property=\"og:type\" content=\"article\" \/>\n<meta property=\"og:title\" content=\"K\u00f6p Benzyl Methyl Ketone (BMK) Powder Online - Best Global Meds\" \/>\n<meta property=\"og:description\" content=\"K\u00f6p bensylmetylketon (BMK) pulver online. V\u00e5rt BMK-pulver \u00e4r 100 % laboratorietestat. Vi skickar v\u00e5rt BMK Powder som diskret och expressf\u00f6rs\u00e4ndelse\" \/>\n<meta property=\"og:url\" content=\"https:\/\/medicinasinc.com\/se\/product\/kop-bensyl-metyl-keton-bmk-pulver-online\/\" \/>\n<meta property=\"og:site_name\" content=\"Medicinas Inc\" \/>\n<meta property=\"article:modified_time\" content=\"2022-07-03T23:09:53+00:00\" \/>\n<meta property=\"og:image\" content=\"https:\/\/medicinasinc.com\/se\/wp-content\/uploads\/sites\/16\/2022\/02\/buy-bmk-powder.jpg\" \/>\n\t<meta property=\"og:image:width\" content=\"447\" \/>\n\t<meta property=\"og:image:height\" content=\"389\" \/>\n\t<meta property=\"og:image:type\" content=\"image\/jpeg\" \/>\n<meta name=\"twitter:card\" content=\"summary_large_image\" \/>\n<meta name=\"twitter:label1\" content=\"Ber\u00e4knad l\u00e4stid\" \/>\n\t<meta name=\"twitter:data1\" content=\"2 minuter\" \/>\n<script type=\"application\/ld+json\" class=\"yoast-schema-graph\">{\"@context\":\"https:\\\/\\\/schema.org\",\"@graph\":[{\"@type\":\"WebPage\",\"@id\":\"https:\\\/\\\/medicinasinc.com\\\/se\\\/product\\\/kop-bensyl-metyl-keton-bmk-pulver-online\\\/\",\"url\":\"https:\\\/\\\/medicinasinc.com\\\/se\\\/product\\\/kop-bensyl-metyl-keton-bmk-pulver-online\\\/\",\"name\":\"K\u00f6p Benzyl Methyl Ketone (BMK) Powder Online - Best Global Meds\",\"isPartOf\":{\"@id\":\"https:\\\/\\\/medicinasinc.com\\\/se\\\/#website\"},\"primaryImageOfPage\":{\"@id\":\"https:\\\/\\\/medicinasinc.com\\\/se\\\/product\\\/kop-bensyl-metyl-keton-bmk-pulver-online\\\/#primaryimage\"},\"image\":{\"@id\":\"https:\\\/\\\/medicinasinc.com\\\/se\\\/product\\\/kop-bensyl-metyl-keton-bmk-pulver-online\\\/#primaryimage\"},\"thumbnailUrl\":\"https:\\\/\\\/medicinasinc.com\\\/se\\\/wp-content\\\/uploads\\\/sites\\\/16\\\/2022\\\/02\\\/buy-bmk-powder.jpg\",\"datePublished\":\"2022-02-22T08:05:19+00:00\",\"dateModified\":\"2022-07-03T23:09:53+00:00\",\"description\":\"K\u00f6p bensylmetylketon (BMK) pulver online. V\u00e5rt BMK-pulver \u00e4r 100 % laboratorietestat. Vi skickar v\u00e5rt BMK Powder som diskret och expressf\u00f6rs\u00e4ndelse\",\"breadcrumb\":{\"@id\":\"https:\\\/\\\/medicinasinc.com\\\/se\\\/product\\\/kop-bensyl-metyl-keton-bmk-pulver-online\\\/#breadcrumb\"},\"inLanguage\":\"sv-SE\",\"potentialAction\":[{\"@type\":\"ReadAction\",\"target\":[\"https:\\\/\\\/medicinasinc.com\\\/se\\\/product\\\/kop-bensyl-metyl-keton-bmk-pulver-online\\\/\"]}]},{\"@type\":\"ImageObject\",\"inLanguage\":\"sv-SE\",\"@id\":\"https:\\\/\\\/medicinasinc.com\\\/se\\\/product\\\/kop-bensyl-metyl-keton-bmk-pulver-online\\\/#primaryimage\",\"url\":\"https:\\\/\\\/medicinasinc.com\\\/se\\\/wp-content\\\/uploads\\\/sites\\\/16\\\/2022\\\/02\\\/buy-bmk-powder.jpg\",\"contentUrl\":\"https:\\\/\\\/medicinasinc.com\\\/se\\\/wp-content\\\/uploads\\\/sites\\\/16\\\/2022\\\/02\\\/buy-bmk-powder.jpg\",\"width\":447,\"height\":389},{\"@type\":\"BreadcrumbList\",\"@id\":\"https:\\\/\\\/medicinasinc.com\\\/se\\\/product\\\/kop-bensyl-metyl-keton-bmk-pulver-online\\\/#breadcrumb\",\"itemListElement\":[{\"@type\":\"ListItem\",\"position\":1,\"name\":\"aff\u00e4r\",\"item\":\"https:\\\/\\\/medicinasinc.com\\\/se\\\/affar\\\/\"},{\"@type\":\"ListItem\",\"position\":2,\"name\":\"K\u00f6p Benzyl Methyl Ketone (BMK) Powder Online\"}]},{\"@type\":\"WebSite\",\"@id\":\"https:\\\/\\\/medicinasinc.com\\\/se\\\/#website\",\"url\":\"https:\\\/\\\/medicinasinc.com\\\/se\\\/\",\"name\":\"Medicinas Inc\",\"description\":\"Health Medical Clinic\",\"potentialAction\":[{\"@type\":\"SearchAction\",\"target\":{\"@type\":\"EntryPoint\",\"urlTemplate\":\"https:\\\/\\\/medicinasinc.com\\\/se\\\/?s={search_term_string}\"},\"query-input\":{\"@type\":\"PropertyValueSpecification\",\"valueRequired\":true,\"valueName\":\"search_term_string\"}}],\"inLanguage\":\"sv-SE\"}]}<\/script>\n<!-- \/ Yoast SEO plugin. -->","yoast_head_json":{"title":"K\u00f6p Benzyl Methyl Ketone (BMK) Powder Online - Best Global Meds","description":"K\u00f6p bensylmetylketon (BMK) pulver online. V\u00e5rt BMK-pulver \u00e4r 100 % laboratorietestat. Vi skickar v\u00e5rt BMK Powder som diskret och expressf\u00f6rs\u00e4ndelse","robots":{"index":"index","follow":"follow","max-snippet":"max-snippet:-1","max-image-preview":"max-image-preview:large","max-video-preview":"max-video-preview:-1"},"canonical":"https:\/\/medicinasinc.com\/se\/product\/kop-bensyl-metyl-keton-bmk-pulver-online\/","og_locale":"sv_SE","og_type":"article","og_title":"K\u00f6p Benzyl Methyl Ketone (BMK) Powder Online - Best Global Meds","og_description":"K\u00f6p bensylmetylketon (BMK) pulver online. V\u00e5rt BMK-pulver \u00e4r 100 % laboratorietestat. Vi skickar v\u00e5rt BMK Powder som diskret och expressf\u00f6rs\u00e4ndelse","og_url":"https:\/\/medicinasinc.com\/se\/product\/kop-bensyl-metyl-keton-bmk-pulver-online\/","og_site_name":"Medicinas Inc","article_modified_time":"2022-07-03T23:09:53+00:00","og_image":[{"width":447,"height":389,"url":"https:\/\/medicinasinc.com\/se\/wp-content\/uploads\/sites\/16\/2022\/02\/buy-bmk-powder.jpg","type":"image\/jpeg"}],"twitter_card":"summary_large_image","twitter_misc":{"Ber\u00e4knad l\u00e4stid":"2 minuter"},"schema":{"@context":"https:\/\/schema.org","@graph":[{"@type":"WebPage","@id":"https:\/\/medicinasinc.com\/se\/product\/kop-bensyl-metyl-keton-bmk-pulver-online\/","url":"https:\/\/medicinasinc.com\/se\/product\/kop-bensyl-metyl-keton-bmk-pulver-online\/","name":"K\u00f6p Benzyl Methyl Ketone (BMK) Powder Online - Best Global Meds","isPartOf":{"@id":"https:\/\/medicinasinc.com\/se\/#website"},"primaryImageOfPage":{"@id":"https:\/\/medicinasinc.com\/se\/product\/kop-bensyl-metyl-keton-bmk-pulver-online\/#primaryimage"},"image":{"@id":"https:\/\/medicinasinc.com\/se\/product\/kop-bensyl-metyl-keton-bmk-pulver-online\/#primaryimage"},"thumbnailUrl":"https:\/\/medicinasinc.com\/se\/wp-content\/uploads\/sites\/16\/2022\/02\/buy-bmk-powder.jpg","datePublished":"2022-02-22T08:05:19+00:00","dateModified":"2022-07-03T23:09:53+00:00","description":"K\u00f6p bensylmetylketon (BMK) pulver online. V\u00e5rt BMK-pulver \u00e4r 100 % laboratorietestat. Vi skickar v\u00e5rt BMK Powder som diskret och expressf\u00f6rs\u00e4ndelse","breadcrumb":{"@id":"https:\/\/medicinasinc.com\/se\/product\/kop-bensyl-metyl-keton-bmk-pulver-online\/#breadcrumb"},"inLanguage":"sv-SE","potentialAction":[{"@type":"ReadAction","target":["https:\/\/medicinasinc.com\/se\/product\/kop-bensyl-metyl-keton-bmk-pulver-online\/"]}]},{"@type":"ImageObject","inLanguage":"sv-SE","@id":"https:\/\/medicinasinc.com\/se\/product\/kop-bensyl-metyl-keton-bmk-pulver-online\/#primaryimage","url":"https:\/\/medicinasinc.com\/se\/wp-content\/uploads\/sites\/16\/2022\/02\/buy-bmk-powder.jpg","contentUrl":"https:\/\/medicinasinc.com\/se\/wp-content\/uploads\/sites\/16\/2022\/02\/buy-bmk-powder.jpg","width":447,"height":389},{"@type":"BreadcrumbList","@id":"https:\/\/medicinasinc.com\/se\/product\/kop-bensyl-metyl-keton-bmk-pulver-online\/#breadcrumb","itemListElement":[{"@type":"ListItem","position":1,"name":"aff\u00e4r","item":"https:\/\/medicinasinc.com\/se\/affar\/"},{"@type":"ListItem","position":2,"name":"K\u00f6p Benzyl Methyl Ketone (BMK) Powder Online"}]},{"@type":"WebSite","@id":"https:\/\/medicinasinc.com\/se\/#website","url":"https:\/\/medicinasinc.com\/se\/","name":"Medicinas Inc","description":"Health Medical Clinic","potentialAction":[{"@type":"SearchAction","target":{"@type":"EntryPoint","urlTemplate":"https:\/\/medicinasinc.com\/se\/?s={search_term_string}"},"query-input":{"@type":"PropertyValueSpecification","valueRequired":true,"valueName":"search_term_string"}}],"inLanguage":"sv-SE"}]}},"_links":{"self":[{"href":"https:\/\/medicinasinc.com\/se\/wp-json\/wp\/v2\/product\/5893","targetHints":{"allow":["GET"]}}],"collection":[{"href":"https:\/\/medicinasinc.com\/se\/wp-json\/wp\/v2\/product"}],"about":[{"href":"https:\/\/medicinasinc.com\/se\/wp-json\/wp\/v2\/types\/product"}],"replies":[{"embeddable":true,"href":"https:\/\/medicinasinc.com\/se\/wp-json\/wp\/v2\/comments?post=5893"}],"wp:featuredmedia":[{"embeddable":true,"href":"https:\/\/medicinasinc.com\/se\/wp-json\/wp\/v2\/media\/5922"}],"wp:attachment":[{"href":"https:\/\/medicinasinc.com\/se\/wp-json\/wp\/v2\/media?parent=5893"}],"wp:term":[{"taxonomy":"product_brand","embeddable":true,"href":"https:\/\/medicinasinc.com\/se\/wp-json\/wp\/v2\/product_brand?post=5893"},{"taxonomy":"product_cat","embeddable":true,"href":"https:\/\/medicinasinc.com\/se\/wp-json\/wp\/v2\/product_cat?post=5893"},{"taxonomy":"product_tag","embeddable":true,"href":"https:\/\/medicinasinc.com\/se\/wp-json\/wp\/v2\/product_tag?post=5893"}],"curies":[{"name":"wp","href":"https:\/\/api.w.org\/{rel}","templated":true}]}}