{"id":5890,"date":"2022-02-22T08:03:24","date_gmt":"2022-02-22T08:03:24","guid":{"rendered":"https:\/\/medicinasinc.com\/se\/?post_type=product&#038;p=5890"},"modified":"2022-07-03T23:10:06","modified_gmt":"2022-07-03T23:10:06","slug":"kop-apaan-online-alfa-fenylacetoacetonitril","status":"publish","type":"product","link":"https:\/\/medicinasinc.com\/se\/product\/kop-apaan-online-alfa-fenylacetoacetonitril\/","title":{"rendered":"K\u00f6p APAAN online (alfa-fenylacetoacetonitril)"},"content":{"rendered":"<p>K\u00f6p APAAN fr\u00e5n ett v\u00e4lrenommerat onlineapotek.<\/p>\n<p>APAAN, CAS-registreringsnummer 4468-48-8, \u00e4r ett kristallint pulver i f\u00e4rgen fr\u00e5n vitt till ljusgult som \u00e4r syntetiserat fr\u00e5n bensylcyanid.<\/p>\n<p>Vad \u00e4r APAAN (alfa-fenylacetoacetonitril)?<\/p>\n<p>Alfa-fenylacetoacetonitril \u00e4r en kemikalie med CAS-nummer 4468-48-8 som lagen om kontrollerade \u00e4mnen klassificerar som ett schema I-\u00e4mne (CSA). Det uppt\u00e4cks att det anv\u00e4nds i hemliga kemiska laboratorier f\u00f6r att olagligt tillverka ett schema II-begr\u00e4nsat \u00e4mne k\u00e4nt som fenyl-2-propanon eller P2P), metamfetamin och amfetamin. Som ett resultat av detta har DEA beg\u00e4rt att det ska klassificeras som ett kontrollerat \u00e4mne.<\/p>\n<p>Alla kemiska blandningar som inneh\u00e5ller alfa-fenylacetoacetonitril regleras av CSA, utom under begr\u00e4nsade omst\u00e4ndigheter.<\/p>\n<p>Vad \u00e4r n\u00e5gra alfafenylacetoacetonitril synonymer?<\/p>\n<p>Dessutom h\u00e4nvisas till alfafenylacetoacetonitril med f\u00f6ljande namn:<\/p>\n<p>NSC 11777 NSC 25183 NSC 55206 APAAN 2-Fenylacetoacetonitril<br \/> Vilka \u00e4r de m\u00e5nga<br \/> tillg\u00e4ngliga typer av alfafenylacetoacetonitril?<\/p>\n<p>Denna kemikalie \u00e4r tillg\u00e4nglig i pulverform, gul, brun eller vit, s\u00e5v\u00e4l som kristallina former med en svag halmgul nyans.<\/p>\n<p>Hur kan jag k\u00f6pa Alpha Phenylacetoacetonitril?<\/p>\n<p>Alpha Phenylacetoacetonitril finns att k\u00f6pa via v\u00e5r webbutik. V\u00e5r kemikalie \u00e4r extremt ren. Inte nog med det, du kommer ocks\u00e5 att f\u00e5 den fr\u00e5n oss till ett betydligt l\u00e4gre pris \u00e4n de flesta andra leverant\u00f6rer p\u00e5 marknaden. Ett annat \u00f6vertygande incitament att handla i v\u00e5r onlinebutik \u00e4r att vi distribuerar det diskret och s\u00e4kert till v\u00e5ra kunder p\u00e5 m\u00e5nga platser \u00f6ver hela v\u00e4rlden via v\u00e5ra p\u00e5litliga budpartners.<\/p>\n<p>Vilka egenskaper har Alpha Phenylacetoacetonitril?<br \/> F\u00f6ljande \u00e4r de specifika egenskaperna hos denna kemikalie:<\/p>\n<p>Anv\u00e4nd en tabell f\u00f6r denna del (t.ex. sm\u00e4ltpunkt, kokpunkt, densitet, CAS-nummer, renhet och molekylvikt).<\/p>\n<p>Vilka till\u00e4mpningar har Alpha Phenylacetoacetonitril?<\/p>\n<p>Alpha Phenylacetoacetonitril har ingen auktoriserad anv\u00e4ndning annat \u00e4n f\u00f6r forsknings- och utvecklings\u00e4ndam\u00e5l samt analytiska \u00e4ndam\u00e5l i laboratorier.<\/p>\n<p>Flera v\u00e4lk\u00e4nda leverant\u00f6rer av denna kemikalie inkluderar f\u00f6ljande:<br \/> F\u00f6ljande \u00e4r en lista \u00f6ver leverant\u00f6rer av Alpha Phenylacetoacetonitril:<br \/> Aurum Pharmatech LLC Activate Scientific<br \/> Heterocyclics Research Chemicals and Building Blocks MolPort<br \/> Kemisk forskning och utveckling av Wolves<br \/> AK Scienti fic, Inc. (AKSCI) Alfa Chemistry Oakwood Products<br \/> APIChem Technology Vitas-M Laboratory LabNetwork, ett WuXi AppTec-f\u00f6retag Chemieliva Pharmaceutical Co., Ltd Hangzhou APIChem Technology Vitas-M Laboratory<br \/> Hur syntetiseras alfafenylacetoacetonitril eller beredd?<\/p>\n<p>60 g rent natrium med en massa p\u00e5 2,6 gramatomer kombineras med 700 cc absolut alkohol. En natriumetoxidl\u00f6sning framst\u00e4lls med denna metod i en 2-1 rundbottnad kolv utrustad med en \u00e5terloppskylare. Till denna upphettade l\u00f6sning tills\u00e4tts 234 g eller 2 mol ren bensylcyanid och 264 g eller 3 mol torr etylacetat och skakas ordentligt. Kondensorn \u00e4r f\u00f6rseglad med ett kalciumkloridr\u00f6r. L\u00f6sningen kokas i ett \u00e5ngbad i tv\u00e5 timmar och l\u00e4mnas sedan \u00f6ver natten. F\u00f6ljande morgon kommer du att m\u00e4rka att det har bildats klumpar i blandningen. Som ett resultat anv\u00e4nds en tr\u00e4stav f\u00f6r att r\u00f6ra om v\u00e4tskan, vilket g\u00f6r att klumparna splittras. D\u00e4refter anv\u00e4nds en frysblandning f\u00f6r att kyla den till en temperatur p\u00e5 10\u00b0. Temperaturen h\u00e5lls sedan vid denna niv\u00e5 under tv\u00e5 timmar. En 6-tum. B\u00fcchner-tratt anv\u00e4nds f\u00f6r att samla upp natriumsaltet, som sk\u00f6ljs fyra g\u00e5nger i tratten med 250-cc. delar av eter. Du kommer att uppt\u00e4cka en f\u00e4rgl\u00f6s filterkaka motsvarande 250\u2013275 g. torrt natriumsalt, eller 69\u201376 % av den f\u00f6rv\u00e4ntade m\u00e4ngden. Kombinera filtraten och tills\u00e4tt dem till den frysta blandningen.<\/p>\n<p>L\u00f6s upp natriumsaltet som fortfarande \u00e4r v\u00e5tt med eter i rumstemperatur i 1,3 l destillerat vatten och kyl sedan l\u00f6sningen till 0\u00b0. F\u00e4ll ut nitril genom att f\u00f6rsiktigt tills\u00e4tta 90cc is\u00e4ttika och skaka kraftigt. Separera f\u00e4llningen med sugfiltrering och tv\u00e4tta den fyra g\u00e5nger i 250 cc vatten med en tratt. Du b\u00f6r nu ha en fuktig kaka av -Phenylacetoacetonitril med en vikt p\u00e5 300 g (188-206 g). Den \u00e4r 59\u201364 procent torr och har en sm\u00e4ltpunkt p\u00e5 87\u201389\u00b0, vilket \u00e4r l\u00e4mpligt f\u00f6r de flesta applikationer.<\/p>\n<p>Om omkristallisering av r\u00e5kemikalien \u00f6nskas, l\u00f6s upp den fuktiga kakan i 100cc av kokande metylalkohol. Filtrera l\u00f6sningen och kyl den till en temperatur av 10\u00b0 genom omr\u00f6rning. Sugfiltrera kristallerna och tv\u00e4tta dem en g\u00e5ng med 40cc metylalkohol kyld till 10\u00b0. Produkten v\u00e4ger 173\u2013191 g (54%\u201360%) n\u00e4r den \u00e4r torr och har en sm\u00e4ltpunkt p\u00e5 88,5\u201389,5\u00b0. I en 5-1. kombinera filtraten och tv\u00e4ttv\u00e4tskorna fr\u00e5n natriumsaltseparationen. Du kan sp\u00e4da den med iskallt vatten upp till den punkt d\u00e4r kolven \u00e4r helt full. Ta bort det nedre lagret helt genom att suga. En betydande del av etern kan avl\u00e4gsnas via dekantering och resten separeras med hj\u00e4lp av en separertratt.<\/p>\n<p>Extrahera vattenskiktet tv\u00e5 g\u00e5nger till med 500 cc delar eter och kassera sedan eterextrakten.<\/p>\n<p>Vid reducerat tryck kan du ta bort eventuell eterrester i vattenskiktet genom att suga luft genom l\u00f6sningen i en timme med hj\u00e4lp av en sugpump. Genom att tills\u00e4tta 60 cc is\u00e4ttika, f\u00e4ll ut -Fenylacetoacetonitril.<\/p>\n<p>Om olja kasseras, doppa ner kolven i ett isbad tills f\u00e4llningen kristalliserat. Separera kristallerna med sugfiltrering och tv\u00e4tta dem fyra g\u00e5nger i en tratt fylld med 50 cc vatten. Det brunf\u00e4rgade materialet v\u00e4ger 50\u201355 g och har en sm\u00e4ltpunkt p\u00e5 83\u201386\u00b0 n\u00e4r det torkat. L\u00f6s sedan upp den i metylalkoholmoderluten som blivit \u00f6ver fr\u00e5n f\u00f6reg\u00e5ende partis kristallisation. Den resulterande l\u00f6sningen upphettas sedan i n\u00e4rvaro av ett sp\u00e5r av Norite. Den filtreras och kyls till en temperatur av 10\u00b0. Samla upp kristallerna som skapats med ett filter och tv\u00e4tta dem med 10cc kall metylalkohol, f\u00f6ljt av torkning. D\u00e5 erh\u00e5lls en 43\u201348 grams substans med blek str\u00e5f\u00e4rg och en sm\u00e4ltpunkt p\u00e5 87\u201389\u00b0. Den omkristalliseras fr\u00e5n en l\u00f6sning av 25 cc ren metylalkohol och 10 cc kall metylalkohol. Ett 37\u201341 g material med en sm\u00e4ltpunkt p\u00e5 88,5\u201389,5\u00b0 produceras. Detta resulterar i att ett totalt material av denna renhet v\u00e4ger mellan 210 och 232 g, eller 66\u201373 procent av den teoretiska m\u00e4ngden.<\/p>\n<p>Vilka egenskaper har alfafenylacetoacetonitril?<\/p>\n<p>F\u00f6ljande \u00e4r de specifika egenskaperna hos denna kemikalie:<\/p>\n<p>Molekylvikt: 159,188 g\/mol Exakt massa: 159,068 g\/mol CAS: 4468-48-8<br \/> 99,8 % renhet<br \/> Hur mycket kostar Alpha Kostnad f\u00f6r fenylacetoacetonitril?<\/p>\n<p>Kostnaden f\u00f6r denna kemikalie varierar beroende p\u00e5 leverant\u00f6r. Det faktiska priset best\u00e4ms av rabatten som beviljas av en online\u00e5terf\u00f6rs\u00e4ljare och m\u00e4ngden k\u00f6pt kemikalie. Vi kan se till att du hittar den till det b\u00e4sta priset p\u00e5 marknaden i v\u00e5r butik. Dessutom garanterar vi produktens kvalitet och p\u00e5skyndar leverans till ditt hem.<\/p>\n<p>Hur klassificeras alfafenylacetoacetonitril lagligt?<\/p>\n<p>P\u00e5 grund av det faktum att alfafenylacetoacetonitril \u00e4r en schema I-kemikalie, \u00e4r alla transaktioner som involverar den, oavsett m\u00e4ngden, kontrolleras.<\/p>\n<p>Tillverkare av blandningar som inneh\u00e5ller denna kemikalie som inte kvalificerar sig f\u00f6r automatisk dispens m\u00e5ste l\u00e4mna in en ans\u00f6kan om dispens, eftersom alla kemiska blandningar inklusive den i alla koncentrationer \u00e4r reglerade. <\/p>\n<p>Vilka varningar \u00e4r f\u00f6rknippade med denna kemikalie som du m\u00e5ste f\u00f6lja?<\/p>\n<p>Vi m\u00e5ste iaktta vissa f\u00f6rsiktighets\u00e5tg\u00e4rder f\u00f6r att skydda din s\u00e4kerhet n\u00e4r du hanterar detta \u00e4mne. F\u00f6ljande \u00e4r varningarna och f\u00f6rsiktighets\u00e5tg\u00e4rderna:<\/p>\n<p>Om den \u00e4ts oralt \u00e4r denna kemikalie extremt farlig. Undvik det d\u00e4rf\u00f6r till varje pris.<br \/> Eftersom det \u00e4r farligt om det kommer i kontakt med ditt k\u00f6tt m\u00e5ste du hantera dem med extrem f\u00f6rsiktighet och b\u00e4ra handskar f\u00f6r att skydda din hud.<br \/> Du kommer att upplever hudirritation och det kan till och med fr\u00e4ta, s\u00e5 undvik n\u00e4ra ber\u00f6ring.<br \/> Eftersom kemikalien \u00e4r k\u00e4nd f\u00f6r att orsaka allvarlig irritation och skada p\u00e5 \u00f6gonen, \u00e4r det viktigt att anv\u00e4nda skyddsglas\u00f6gon som helt t\u00e4cker \u00f6gonen och d\u00e4rigenom f\u00f6rhindra oavsiktlig kontakt med \u00f6gonen.<br \/> Det visade sig vara extremt farligt vid inandning. Ansiktet m\u00e5ste allts\u00e5 t\u00e4ckas f\u00f6r att f\u00f6rhindra oavsiktlig inandning av kemikalien under forskning, utveckling eller analys.<br \/> L\u00e4kemedlet \u00e4r tillr\u00e4ckligt kraftfullt f\u00f6r att ge andningsbesv\u00e4r. \u00c4ven en enda exponering f\u00f6r det kan ge toxicitet f\u00f6r m\u00e5lorganet. Allvarlig inflammation, s\u00e4rskilt i luftv\u00e4garna, \u00e4r m\u00f6jlig.<\/p>\n<p>K\u00f6p APAAN Online | K\u00f6p APAAN Till salu | K\u00f6p APAAN Online | K\u00f6p APAAN online (USA, KINA, STORBRITANNIEN, V\u00c4RLDEN)<\/p>\n","protected":false},"excerpt":{"rendered":"<p>K\u00f6p APAAN (alfa-fenylacetoacetonitril) till salu Europa, Storbritannien online utan recept. Best\u00e4ll APAAN (alfa-fenylacetoacetonitril) online.<\/p>\n<p>APAAN (alfa-fenylacetoacetonitril) \u00e4r en analytisk referensstandard med en strukturell likhet med amfetamin.<\/p>\n<p>-acetylbensenacetonitril<\/p>\n<p> 4468-48-8 CAS-nr.<\/p>\n<p>Synonymer :APAAN ,2-Fenylacetoacetonitril<\/p>\n<p>Molekylformel :C10H9NO<\/p>\n<p>Formelvikt :159,2<\/p>\n<p>Renhet:\u226598%<\/p>\n<p>Formulering: Ett kristallint fast \u00e4mne<\/p>\n<p>\u03bbmax:264 nm<\/p>\n<p>Lagring:-20\u00b0C<\/p>\n<p>Stabilitet :\u2265 2 \u00e5r<\/p>\n","protected":false},"featured_media":5916,"comment_status":"open","ping_status":"closed","template":"","meta":[],"product_brand":[],"product_cat":[703],"product_tag":[],"class_list":{"0":"post-5890","1":"product","2":"type-product","3":"status-publish","4":"has-post-thumbnail","6":"product_cat-kop-psykedeliska-droger","8":"first","9":"instock","10":"shipping-taxable","11":"purchasable","12":"product-type-variable"},"yoast_head":"<!-- This site is optimized with the Yoast SEO plugin v27.3 - https:\/\/yoast.com\/product\/yoast-seo-wordpress\/ -->\n<title>K\u00f6p APAAN online (alfa-fenylacetoacetonitril) - b\u00e4sta globala mediciner<\/title>\n<meta name=\"description\" content=\"K\u00f6p APAAN (alfa-fenylacetoacetonitril) till salu Europa, Storbritannien online utan recept. Best\u00e4ll APAAN (alfa-fenylacetoacetonitril) online.\" \/>\n<meta name=\"robots\" content=\"index, follow, max-snippet:-1, max-image-preview:large, max-video-preview:-1\" \/>\n<link rel=\"canonical\" href=\"https:\/\/medicinasinc.com\/se\/product\/kop-apaan-online-alfa-fenylacetoacetonitril\/\" \/>\n<meta property=\"og:locale\" content=\"sv_SE\" \/>\n<meta property=\"og:type\" content=\"article\" \/>\n<meta property=\"og:title\" content=\"K\u00f6p APAAN online (alfa-fenylacetoacetonitril) - b\u00e4sta globala mediciner\" \/>\n<meta property=\"og:description\" content=\"K\u00f6p APAAN (alfa-fenylacetoacetonitril) till salu Europa, Storbritannien online utan recept. Best\u00e4ll APAAN (alfa-fenylacetoacetonitril) online.\" \/>\n<meta property=\"og:url\" content=\"https:\/\/medicinasinc.com\/se\/product\/kop-apaan-online-alfa-fenylacetoacetonitril\/\" \/>\n<meta property=\"og:site_name\" content=\"Medicinas Inc\" \/>\n<meta property=\"article:modified_time\" content=\"2022-07-03T23:10:06+00:00\" \/>\n<meta property=\"og:image\" content=\"https:\/\/medicinasinc.com\/se\/wp-content\/uploads\/sites\/16\/2022\/02\/buy-apaan-alpha-phenylacetoacetonitrile.jpg\" \/>\n\t<meta property=\"og:image:width\" content=\"600\" \/>\n\t<meta property=\"og:image:height\" content=\"600\" \/>\n\t<meta property=\"og:image:type\" content=\"image\/jpeg\" \/>\n<meta name=\"twitter:card\" content=\"summary_large_image\" \/>\n<meta name=\"twitter:label1\" content=\"Ber\u00e4knad l\u00e4stid\" \/>\n\t<meta name=\"twitter:data1\" content=\"6 minuter\" \/>\n<script type=\"application\/ld+json\" class=\"yoast-schema-graph\">{\"@context\":\"https:\\\/\\\/schema.org\",\"@graph\":[{\"@type\":\"WebPage\",\"@id\":\"https:\\\/\\\/medicinasinc.com\\\/se\\\/product\\\/kop-apaan-online-alfa-fenylacetoacetonitril\\\/\",\"url\":\"https:\\\/\\\/medicinasinc.com\\\/se\\\/product\\\/kop-apaan-online-alfa-fenylacetoacetonitril\\\/\",\"name\":\"K\u00f6p APAAN online (alfa-fenylacetoacetonitril) - b\u00e4sta globala mediciner\",\"isPartOf\":{\"@id\":\"https:\\\/\\\/medicinasinc.com\\\/se\\\/#website\"},\"primaryImageOfPage\":{\"@id\":\"https:\\\/\\\/medicinasinc.com\\\/se\\\/product\\\/kop-apaan-online-alfa-fenylacetoacetonitril\\\/#primaryimage\"},\"image\":{\"@id\":\"https:\\\/\\\/medicinasinc.com\\\/se\\\/product\\\/kop-apaan-online-alfa-fenylacetoacetonitril\\\/#primaryimage\"},\"thumbnailUrl\":\"https:\\\/\\\/medicinasinc.com\\\/se\\\/wp-content\\\/uploads\\\/sites\\\/16\\\/2022\\\/02\\\/buy-apaan-alpha-phenylacetoacetonitrile.jpg\",\"datePublished\":\"2022-02-22T08:03:24+00:00\",\"dateModified\":\"2022-07-03T23:10:06+00:00\",\"description\":\"K\u00f6p APAAN (alfa-fenylacetoacetonitril) till salu Europa, Storbritannien online utan recept. Best\u00e4ll APAAN (alfa-fenylacetoacetonitril) online.\",\"breadcrumb\":{\"@id\":\"https:\\\/\\\/medicinasinc.com\\\/se\\\/product\\\/kop-apaan-online-alfa-fenylacetoacetonitril\\\/#breadcrumb\"},\"inLanguage\":\"sv-SE\",\"potentialAction\":[{\"@type\":\"ReadAction\",\"target\":[\"https:\\\/\\\/medicinasinc.com\\\/se\\\/product\\\/kop-apaan-online-alfa-fenylacetoacetonitril\\\/\"]}]},{\"@type\":\"ImageObject\",\"inLanguage\":\"sv-SE\",\"@id\":\"https:\\\/\\\/medicinasinc.com\\\/se\\\/product\\\/kop-apaan-online-alfa-fenylacetoacetonitril\\\/#primaryimage\",\"url\":\"https:\\\/\\\/medicinasinc.com\\\/se\\\/wp-content\\\/uploads\\\/sites\\\/16\\\/2022\\\/02\\\/buy-apaan-alpha-phenylacetoacetonitrile.jpg\",\"contentUrl\":\"https:\\\/\\\/medicinasinc.com\\\/se\\\/wp-content\\\/uploads\\\/sites\\\/16\\\/2022\\\/02\\\/buy-apaan-alpha-phenylacetoacetonitrile.jpg\",\"width\":600,\"height\":600},{\"@type\":\"BreadcrumbList\",\"@id\":\"https:\\\/\\\/medicinasinc.com\\\/se\\\/product\\\/kop-apaan-online-alfa-fenylacetoacetonitril\\\/#breadcrumb\",\"itemListElement\":[{\"@type\":\"ListItem\",\"position\":1,\"name\":\"aff\u00e4r\",\"item\":\"https:\\\/\\\/medicinasinc.com\\\/se\\\/affar\\\/\"},{\"@type\":\"ListItem\",\"position\":2,\"name\":\"K\u00f6p APAAN online (alfa-fenylacetoacetonitril)\"}]},{\"@type\":\"WebSite\",\"@id\":\"https:\\\/\\\/medicinasinc.com\\\/se\\\/#website\",\"url\":\"https:\\\/\\\/medicinasinc.com\\\/se\\\/\",\"name\":\"Medicinas Inc\",\"description\":\"Health Medical Clinic\",\"potentialAction\":[{\"@type\":\"SearchAction\",\"target\":{\"@type\":\"EntryPoint\",\"urlTemplate\":\"https:\\\/\\\/medicinasinc.com\\\/se\\\/?s={search_term_string}\"},\"query-input\":{\"@type\":\"PropertyValueSpecification\",\"valueRequired\":true,\"valueName\":\"search_term_string\"}}],\"inLanguage\":\"sv-SE\"}]}<\/script>\n<!-- \/ Yoast SEO plugin. -->","yoast_head_json":{"title":"K\u00f6p APAAN online (alfa-fenylacetoacetonitril) - b\u00e4sta globala mediciner","description":"K\u00f6p APAAN (alfa-fenylacetoacetonitril) till salu Europa, Storbritannien online utan recept. Best\u00e4ll APAAN (alfa-fenylacetoacetonitril) online.","robots":{"index":"index","follow":"follow","max-snippet":"max-snippet:-1","max-image-preview":"max-image-preview:large","max-video-preview":"max-video-preview:-1"},"canonical":"https:\/\/medicinasinc.com\/se\/product\/kop-apaan-online-alfa-fenylacetoacetonitril\/","og_locale":"sv_SE","og_type":"article","og_title":"K\u00f6p APAAN online (alfa-fenylacetoacetonitril) - b\u00e4sta globala mediciner","og_description":"K\u00f6p APAAN (alfa-fenylacetoacetonitril) till salu Europa, Storbritannien online utan recept. Best\u00e4ll APAAN (alfa-fenylacetoacetonitril) online.","og_url":"https:\/\/medicinasinc.com\/se\/product\/kop-apaan-online-alfa-fenylacetoacetonitril\/","og_site_name":"Medicinas Inc","article_modified_time":"2022-07-03T23:10:06+00:00","og_image":[{"width":600,"height":600,"url":"https:\/\/medicinasinc.com\/se\/wp-content\/uploads\/sites\/16\/2022\/02\/buy-apaan-alpha-phenylacetoacetonitrile.jpg","type":"image\/jpeg"}],"twitter_card":"summary_large_image","twitter_misc":{"Ber\u00e4knad l\u00e4stid":"6 minuter"},"schema":{"@context":"https:\/\/schema.org","@graph":[{"@type":"WebPage","@id":"https:\/\/medicinasinc.com\/se\/product\/kop-apaan-online-alfa-fenylacetoacetonitril\/","url":"https:\/\/medicinasinc.com\/se\/product\/kop-apaan-online-alfa-fenylacetoacetonitril\/","name":"K\u00f6p APAAN online (alfa-fenylacetoacetonitril) - b\u00e4sta globala mediciner","isPartOf":{"@id":"https:\/\/medicinasinc.com\/se\/#website"},"primaryImageOfPage":{"@id":"https:\/\/medicinasinc.com\/se\/product\/kop-apaan-online-alfa-fenylacetoacetonitril\/#primaryimage"},"image":{"@id":"https:\/\/medicinasinc.com\/se\/product\/kop-apaan-online-alfa-fenylacetoacetonitril\/#primaryimage"},"thumbnailUrl":"https:\/\/medicinasinc.com\/se\/wp-content\/uploads\/sites\/16\/2022\/02\/buy-apaan-alpha-phenylacetoacetonitrile.jpg","datePublished":"2022-02-22T08:03:24+00:00","dateModified":"2022-07-03T23:10:06+00:00","description":"K\u00f6p APAAN (alfa-fenylacetoacetonitril) till salu Europa, Storbritannien online utan recept. Best\u00e4ll APAAN (alfa-fenylacetoacetonitril) online.","breadcrumb":{"@id":"https:\/\/medicinasinc.com\/se\/product\/kop-apaan-online-alfa-fenylacetoacetonitril\/#breadcrumb"},"inLanguage":"sv-SE","potentialAction":[{"@type":"ReadAction","target":["https:\/\/medicinasinc.com\/se\/product\/kop-apaan-online-alfa-fenylacetoacetonitril\/"]}]},{"@type":"ImageObject","inLanguage":"sv-SE","@id":"https:\/\/medicinasinc.com\/se\/product\/kop-apaan-online-alfa-fenylacetoacetonitril\/#primaryimage","url":"https:\/\/medicinasinc.com\/se\/wp-content\/uploads\/sites\/16\/2022\/02\/buy-apaan-alpha-phenylacetoacetonitrile.jpg","contentUrl":"https:\/\/medicinasinc.com\/se\/wp-content\/uploads\/sites\/16\/2022\/02\/buy-apaan-alpha-phenylacetoacetonitrile.jpg","width":600,"height":600},{"@type":"BreadcrumbList","@id":"https:\/\/medicinasinc.com\/se\/product\/kop-apaan-online-alfa-fenylacetoacetonitril\/#breadcrumb","itemListElement":[{"@type":"ListItem","position":1,"name":"aff\u00e4r","item":"https:\/\/medicinasinc.com\/se\/affar\/"},{"@type":"ListItem","position":2,"name":"K\u00f6p APAAN online (alfa-fenylacetoacetonitril)"}]},{"@type":"WebSite","@id":"https:\/\/medicinasinc.com\/se\/#website","url":"https:\/\/medicinasinc.com\/se\/","name":"Medicinas Inc","description":"Health Medical Clinic","potentialAction":[{"@type":"SearchAction","target":{"@type":"EntryPoint","urlTemplate":"https:\/\/medicinasinc.com\/se\/?s={search_term_string}"},"query-input":{"@type":"PropertyValueSpecification","valueRequired":true,"valueName":"search_term_string"}}],"inLanguage":"sv-SE"}]}},"_links":{"self":[{"href":"https:\/\/medicinasinc.com\/se\/wp-json\/wp\/v2\/product\/5890","targetHints":{"allow":["GET"]}}],"collection":[{"href":"https:\/\/medicinasinc.com\/se\/wp-json\/wp\/v2\/product"}],"about":[{"href":"https:\/\/medicinasinc.com\/se\/wp-json\/wp\/v2\/types\/product"}],"replies":[{"embeddable":true,"href":"https:\/\/medicinasinc.com\/se\/wp-json\/wp\/v2\/comments?post=5890"}],"wp:featuredmedia":[{"embeddable":true,"href":"https:\/\/medicinasinc.com\/se\/wp-json\/wp\/v2\/media\/5916"}],"wp:attachment":[{"href":"https:\/\/medicinasinc.com\/se\/wp-json\/wp\/v2\/media?parent=5890"}],"wp:term":[{"taxonomy":"product_brand","embeddable":true,"href":"https:\/\/medicinasinc.com\/se\/wp-json\/wp\/v2\/product_brand?post=5890"},{"taxonomy":"product_cat","embeddable":true,"href":"https:\/\/medicinasinc.com\/se\/wp-json\/wp\/v2\/product_cat?post=5890"},{"taxonomy":"product_tag","embeddable":true,"href":"https:\/\/medicinasinc.com\/se\/wp-json\/wp\/v2\/product_tag?post=5890"}],"curies":[{"name":"wp","href":"https:\/\/api.w.org\/{rel}","templated":true}]}}