{"id":5886,"date":"2022-02-22T07:58:50","date_gmt":"2022-02-22T07:58:50","guid":{"rendered":"https:\/\/medicinasinc.com\/se\/?post_type=product&#038;p=5886"},"modified":"2022-07-03T23:10:15","modified_gmt":"2022-07-03T23:10:15","slug":"kop-dilaudid-4-mg","status":"publish","type":"product","link":"https:\/\/medicinasinc.com\/se\/product\/kop-dilaudid-4-mg\/","title":{"rendered":"K\u00f6p Dilaudid 4 mg"},"content":{"rendered":"<p>K\u00f6p dilaudid 4 mg i Storbritannien och Europa fr\u00e5n v\u00e5rt globala med onlineapotek med snabb internationell leverans! Du kommer att f\u00e5 den b\u00e4sta Dilaudid 4 mg att k\u00f6pa h\u00e4r!<\/p>\n<p>Dilaudid 4 mg, Hydromorphone \u00e4r ett narkotiskt sm\u00e4rtstillande medel. En opioid kallas ibland f\u00f6r narkotika.<\/p>\n<p>Dilaudid 4 mg \u00e4r ett receptbelagt l\u00e4kemedel som anv\u00e4nds f\u00f6r att behandla m\u00e5ttlig till sv\u00e5r sm\u00e4rta.<\/p>\n<p>Om du skaffar Dilaudid online kan du ocks\u00e5 f\u00e5 en dos information. Du b\u00f6r ta 2 mg till 4 mg som ordinerats f\u00f6r den initiala behandlingen.<\/p>\n<p>Detta l\u00e4kemedel \u00e4r tillg\u00e4ngligt i en formulering med f\u00f6rl\u00e4ngd fris\u00e4ttning f\u00f6r behandling av m\u00e5ttlig till sv\u00e5r sm\u00e4rta 24 timmar om dygnet. Denna doseringsform av Dilaudid 4 mg \u00e4r inte avsedd f\u00f6r anv\u00e4ndning vid behov mot sm\u00e4rta.<\/p>\n<p>Hydromorphone Dilaudid 4 mg kan ocks\u00e5 anv\u00e4ndas f\u00f6r andra anv\u00e4ndningsomr\u00e5den som inte ing\u00e5r i denna l\u00e4kemedelsguide.<\/p>\n<p>Vad \u00e4r den mest kritiska informationen jag b\u00f6r k\u00e4nna till ang\u00e5ende hydromorfon?<\/p>\n<p>Om du har allvarliga andningsproblem eller en blockering i magen eller tarmarna b\u00f6r du inte anv\u00e4nda hydromorfon.<\/p>\n<p>4 mg dilaudid Hydromorphone kan orsaka snabbt eller fullst\u00e4ndigt andningsuppeh\u00e5ll och kan utveckla en vana. F\u00f6r att undvika en potentiellt d\u00f6dlig dos, ta endast den f\u00f6reskrivna dosen och sv\u00e4lj ett piller med f\u00f6rl\u00e4ngd fris\u00e4ttning hel. Ge aldrig n\u00e5gon annan person Dilaudid 4 mg.<\/p>\n<p>&nbsp;<\/p>\n<p>FEL\u00c4CKLIG ANV\u00c4NDNING AV NARKOTISKA MEDICIN KAN RESULTERA TILL BEROENDE, \u00d6VERDOSER ELLER D\u00d6D, s\u00e4rskilt hos barn eller andra individer som f\u00e5r medicinen utan ett recept.<\/p>\n<p>Om mamman tog Dilaudid 4 mg under graviditeten kan det nyf\u00f6dda barnet uppleva livshotande abstinensbesv\u00e4r.<\/p>\n<p>Drick inga alkoholhaltiga drycker.<\/p>\n<p>Det finns \u00e4r en m\u00f6jlighet till farliga biverkningar inklusive d\u00f6dsfall.<\/p>\n<p>Vad ska jag diskutera med min l\u00e4kare innan jag p\u00e5b\u00f6rjar behandling med hydromorfon?<\/p>\n<p>Du ska inte ta denna medicin om du n\u00e5gonsin har haft ett negativt svar p\u00e5 hydromorfon eller andra narkotiska l\u00e4kemedel, eller om du har n\u00e5got av f\u00f6ljande tillst\u00e5nd:<\/p>\n<p>sv\u00e5r astma eller andningssv\u00e5righeter; en blockering i magen eller tarmarna; eller paralytisk ileus, en tarmobstruktion.<\/p>\n<p>Om du har anv\u00e4nt en MAO-h\u00e4mmare inom de senaste 14 dagarna, ta inte Dilaudid 4 mg hydromorfon. En potentiellt skadlig l\u00e4kemedelsinteraktion kan intr\u00e4ffa. Isokarboxazid, linezolid, metylenbl\u00e5tt injektion, fenelzin, rasagilin, selegilin och tranylcypromin \u00e4r alla MAO-h\u00e4mmare.<\/p>\n<p>Vissa mediciner kan interagera med hydromorfon, vilket resulterar i en potentiellt d\u00f6dlig sjukdom som kallas serotonergt syndrom. Kontrollera att din l\u00e4kare \u00e4r medveten om eventuella mediciner du tar f\u00f6r depression, psykisk sjukdom, Parkinsons sjukdom, migr\u00e4n, allvarliga infektioner eller f\u00f6rebyggande av illam\u00e5ende och kr\u00e4kningar. R\u00e5dfr\u00e5ga din l\u00e4kare innan du g\u00f6r n\u00e5gra \u00e4ndringar i hur eller hur ofta du tar dina mediciner.<\/p>\n<p>Du kanske inte kan ta Dilaudid 4 mg hydromorfon om du f\u00f6r n\u00e4rvarande inte anv\u00e4nder en opioid (narkotisk) sm\u00e4rtstillande medicin och \u00e4r toleranta mot det. R\u00e5dg\u00f6r med din l\u00e4kare om du \u00e4r os\u00e4ker p\u00e5 om du \u00e4r opioidtolerant.<\/p>\n<p>F\u00f6r att s\u00e4kerst\u00e4lla att hydromorfon \u00e4r s\u00e4kert f\u00f6r dig, informera din l\u00e4kare om du har n\u00e5got av f\u00f6ljande:<\/p>\n<p>alla typer av andningssv\u00e5righeter eller lungsjukdom; en historia av hj\u00e4rnskakning, hj\u00e4rntum\u00f6r eller anfall; en historia av drogmissbruk, alkoholism eller psykisk sjukdom; urineringsproblem; lever- eller njursjukdom; sulfitallergi; Addisons sjukdom eller andra binjuresjukdomar; problem med gallbl\u00e5san, bukspottk\u00f6rteln eller sk\u00f6ldk\u00f6rteln; eller om du tar lugnande medel som Valium (diazepam, alprazolam, lorazepam, Ativan, Klonopin, Restoril, Tranxene, Versed, Xanax och andra).<\/p>\n","protected":false},"excerpt":{"rendered":"<p>K\u00f6p dilaudid 4 mg till salu Storbritannien, Europa i v\u00e5r b\u00e4sta globala medicin onlinebutik med snabb leverans \u00f6ver hela v\u00e4rlden! Den b\u00e4sta Dilaudid 4 mg f\u00f6r att best\u00e4lla hittar du h\u00e4r!<\/p>\n<p>Dilaudid 4 mg, Hydromorphone kan orsaka bromsad eller avbruten andning och kan utvecklas till en vana. F\u00f6r att undvika en potentiellt d\u00f6dlig dos, ta endast den f\u00f6reskrivna dosen och sv\u00e4lj ett piller med f\u00f6rl\u00e4ngd fris\u00e4ttning hel. Ge aldrig n\u00e5gon annan person Dilaudid 4 mg.<\/p>\n","protected":false},"featured_media":5911,"comment_status":"open","ping_status":"closed","template":"","meta":[],"product_brand":[],"product_cat":[1117],"product_tag":[4048,4045,4050,4046,4047,4049,4051],"class_list":{"0":"post-5886","1":"product","2":"type-product","3":"status-publish","4":"has-post-thumbnail","6":"product_cat-kop-smarta-somn-sextabletter","7":"product_tag-order-dilaudid-4-mg-online","8":"product_tag-buy-dilaudid-4-mg-online","9":"product_tag-det-bsta-stllet-att-kpa-dilaudid-4-mg-online","10":"product_tag-dilaudid-4-mg-till-salu","11":"product_tag-hur-man-kper-dilaudid-4-mg-online","12":"product_tag-kp-dilaudid-4-mg-online","13":"product_tag-var-att-kpa-dilaudid-4-mg-online","15":"first","16":"instock","17":"featured","18":"shipping-taxable","19":"purchasable","20":"product-type-variable","21":"has-default-attributes"},"yoast_head":"<!-- This site is optimized with the Yoast SEO plugin v27.3 - https:\/\/yoast.com\/product\/yoast-seo-wordpress\/ -->\n<title>K\u00f6p Dilaudid 4 mg - B\u00e4sta b\u00e4sta globala medicinerna<\/title>\n<meta name=\"description\" content=\"K\u00f6p dilaudid 4 mg till salu Storbritannien, Europa i v\u00e5r b\u00e4sta globala medicin onlinebutik med snabb leverans \u00f6ver hela v\u00e4rlden! Den b\u00e4sta Dilaudid 4 mg f\u00f6r best\u00e4llning hittar du h\u00e4r!\" \/>\n<meta name=\"robots\" content=\"index, follow, max-snippet:-1, max-image-preview:large, max-video-preview:-1\" \/>\n<link rel=\"canonical\" href=\"https:\/\/medicinasinc.com\/se\/product\/kop-dilaudid-4-mg\/\" \/>\n<meta property=\"og:locale\" content=\"sv_SE\" \/>\n<meta property=\"og:type\" content=\"article\" \/>\n<meta property=\"og:title\" content=\"K\u00f6p Dilaudid 4 mg - B\u00e4sta b\u00e4sta globala medicinerna\" \/>\n<meta property=\"og:description\" content=\"K\u00f6p dilaudid 4 mg till salu Storbritannien, Europa i v\u00e5r b\u00e4sta globala medicin onlinebutik med snabb leverans \u00f6ver hela v\u00e4rlden! Den b\u00e4sta Dilaudid 4 mg f\u00f6r best\u00e4llning hittar du h\u00e4r!\" \/>\n<meta property=\"og:url\" content=\"https:\/\/medicinasinc.com\/se\/product\/kop-dilaudid-4-mg\/\" \/>\n<meta property=\"og:site_name\" content=\"Medicinas Inc\" \/>\n<meta property=\"article:modified_time\" content=\"2022-07-03T23:10:15+00:00\" \/>\n<meta property=\"og:image\" content=\"https:\/\/medicinasinc.com\/se\/wp-content\/uploads\/sites\/16\/2022\/02\/Buy-Dilaudid-4-mg.jpg\" \/>\n\t<meta property=\"og:image:width\" content=\"720\" \/>\n\t<meta property=\"og:image:height\" content=\"445\" \/>\n\t<meta property=\"og:image:type\" content=\"image\/jpeg\" \/>\n<meta name=\"twitter:card\" content=\"summary_large_image\" \/>\n<meta name=\"twitter:label1\" content=\"Ber\u00e4knad l\u00e4stid\" \/>\n\t<meta name=\"twitter:data1\" content=\"3 minuter\" \/>\n<script type=\"application\/ld+json\" class=\"yoast-schema-graph\">{\"@context\":\"https:\\\/\\\/schema.org\",\"@graph\":[{\"@type\":\"WebPage\",\"@id\":\"https:\\\/\\\/medicinasinc.com\\\/se\\\/product\\\/kop-dilaudid-4-mg\\\/\",\"url\":\"https:\\\/\\\/medicinasinc.com\\\/se\\\/product\\\/kop-dilaudid-4-mg\\\/\",\"name\":\"K\u00f6p Dilaudid 4 mg - B\u00e4sta b\u00e4sta globala medicinerna\",\"isPartOf\":{\"@id\":\"https:\\\/\\\/medicinasinc.com\\\/se\\\/#website\"},\"primaryImageOfPage\":{\"@id\":\"https:\\\/\\\/medicinasinc.com\\\/se\\\/product\\\/kop-dilaudid-4-mg\\\/#primaryimage\"},\"image\":{\"@id\":\"https:\\\/\\\/medicinasinc.com\\\/se\\\/product\\\/kop-dilaudid-4-mg\\\/#primaryimage\"},\"thumbnailUrl\":\"https:\\\/\\\/medicinasinc.com\\\/se\\\/wp-content\\\/uploads\\\/sites\\\/16\\\/2022\\\/02\\\/Buy-Dilaudid-4-mg.jpg\",\"datePublished\":\"2022-02-22T07:58:50+00:00\",\"dateModified\":\"2022-07-03T23:10:15+00:00\",\"description\":\"K\u00f6p dilaudid 4 mg till salu Storbritannien, Europa i v\u00e5r b\u00e4sta globala medicin onlinebutik med snabb leverans \u00f6ver hela v\u00e4rlden! Den b\u00e4sta Dilaudid 4 mg f\u00f6r best\u00e4llning hittar du h\u00e4r!\",\"breadcrumb\":{\"@id\":\"https:\\\/\\\/medicinasinc.com\\\/se\\\/product\\\/kop-dilaudid-4-mg\\\/#breadcrumb\"},\"inLanguage\":\"sv-SE\",\"potentialAction\":[{\"@type\":\"ReadAction\",\"target\":[\"https:\\\/\\\/medicinasinc.com\\\/se\\\/product\\\/kop-dilaudid-4-mg\\\/\"]}]},{\"@type\":\"ImageObject\",\"inLanguage\":\"sv-SE\",\"@id\":\"https:\\\/\\\/medicinasinc.com\\\/se\\\/product\\\/kop-dilaudid-4-mg\\\/#primaryimage\",\"url\":\"https:\\\/\\\/medicinasinc.com\\\/se\\\/wp-content\\\/uploads\\\/sites\\\/16\\\/2022\\\/02\\\/Buy-Dilaudid-4-mg.jpg\",\"contentUrl\":\"https:\\\/\\\/medicinasinc.com\\\/se\\\/wp-content\\\/uploads\\\/sites\\\/16\\\/2022\\\/02\\\/Buy-Dilaudid-4-mg.jpg\",\"width\":720,\"height\":445},{\"@type\":\"BreadcrumbList\",\"@id\":\"https:\\\/\\\/medicinasinc.com\\\/se\\\/product\\\/kop-dilaudid-4-mg\\\/#breadcrumb\",\"itemListElement\":[{\"@type\":\"ListItem\",\"position\":1,\"name\":\"aff\u00e4r\",\"item\":\"https:\\\/\\\/medicinasinc.com\\\/se\\\/affar\\\/\"},{\"@type\":\"ListItem\",\"position\":2,\"name\":\"K\u00f6p Dilaudid 4 mg\"}]},{\"@type\":\"WebSite\",\"@id\":\"https:\\\/\\\/medicinasinc.com\\\/se\\\/#website\",\"url\":\"https:\\\/\\\/medicinasinc.com\\\/se\\\/\",\"name\":\"Medicinas Inc\",\"description\":\"Health Medical Clinic\",\"potentialAction\":[{\"@type\":\"SearchAction\",\"target\":{\"@type\":\"EntryPoint\",\"urlTemplate\":\"https:\\\/\\\/medicinasinc.com\\\/se\\\/?s={search_term_string}\"},\"query-input\":{\"@type\":\"PropertyValueSpecification\",\"valueRequired\":true,\"valueName\":\"search_term_string\"}}],\"inLanguage\":\"sv-SE\"}]}<\/script>\n<!-- \/ Yoast SEO plugin. -->","yoast_head_json":{"title":"K\u00f6p Dilaudid 4 mg - B\u00e4sta b\u00e4sta globala medicinerna","description":"K\u00f6p dilaudid 4 mg till salu Storbritannien, Europa i v\u00e5r b\u00e4sta globala medicin onlinebutik med snabb leverans \u00f6ver hela v\u00e4rlden! Den b\u00e4sta Dilaudid 4 mg f\u00f6r best\u00e4llning hittar du h\u00e4r!","robots":{"index":"index","follow":"follow","max-snippet":"max-snippet:-1","max-image-preview":"max-image-preview:large","max-video-preview":"max-video-preview:-1"},"canonical":"https:\/\/medicinasinc.com\/se\/product\/kop-dilaudid-4-mg\/","og_locale":"sv_SE","og_type":"article","og_title":"K\u00f6p Dilaudid 4 mg - B\u00e4sta b\u00e4sta globala medicinerna","og_description":"K\u00f6p dilaudid 4 mg till salu Storbritannien, Europa i v\u00e5r b\u00e4sta globala medicin onlinebutik med snabb leverans \u00f6ver hela v\u00e4rlden! Den b\u00e4sta Dilaudid 4 mg f\u00f6r best\u00e4llning hittar du h\u00e4r!","og_url":"https:\/\/medicinasinc.com\/se\/product\/kop-dilaudid-4-mg\/","og_site_name":"Medicinas Inc","article_modified_time":"2022-07-03T23:10:15+00:00","og_image":[{"width":720,"height":445,"url":"https:\/\/medicinasinc.com\/se\/wp-content\/uploads\/sites\/16\/2022\/02\/Buy-Dilaudid-4-mg.jpg","type":"image\/jpeg"}],"twitter_card":"summary_large_image","twitter_misc":{"Ber\u00e4knad l\u00e4stid":"3 minuter"},"schema":{"@context":"https:\/\/schema.org","@graph":[{"@type":"WebPage","@id":"https:\/\/medicinasinc.com\/se\/product\/kop-dilaudid-4-mg\/","url":"https:\/\/medicinasinc.com\/se\/product\/kop-dilaudid-4-mg\/","name":"K\u00f6p Dilaudid 4 mg - B\u00e4sta b\u00e4sta globala medicinerna","isPartOf":{"@id":"https:\/\/medicinasinc.com\/se\/#website"},"primaryImageOfPage":{"@id":"https:\/\/medicinasinc.com\/se\/product\/kop-dilaudid-4-mg\/#primaryimage"},"image":{"@id":"https:\/\/medicinasinc.com\/se\/product\/kop-dilaudid-4-mg\/#primaryimage"},"thumbnailUrl":"https:\/\/medicinasinc.com\/se\/wp-content\/uploads\/sites\/16\/2022\/02\/Buy-Dilaudid-4-mg.jpg","datePublished":"2022-02-22T07:58:50+00:00","dateModified":"2022-07-03T23:10:15+00:00","description":"K\u00f6p dilaudid 4 mg till salu Storbritannien, Europa i v\u00e5r b\u00e4sta globala medicin onlinebutik med snabb leverans \u00f6ver hela v\u00e4rlden! Den b\u00e4sta Dilaudid 4 mg f\u00f6r best\u00e4llning hittar du h\u00e4r!","breadcrumb":{"@id":"https:\/\/medicinasinc.com\/se\/product\/kop-dilaudid-4-mg\/#breadcrumb"},"inLanguage":"sv-SE","potentialAction":[{"@type":"ReadAction","target":["https:\/\/medicinasinc.com\/se\/product\/kop-dilaudid-4-mg\/"]}]},{"@type":"ImageObject","inLanguage":"sv-SE","@id":"https:\/\/medicinasinc.com\/se\/product\/kop-dilaudid-4-mg\/#primaryimage","url":"https:\/\/medicinasinc.com\/se\/wp-content\/uploads\/sites\/16\/2022\/02\/Buy-Dilaudid-4-mg.jpg","contentUrl":"https:\/\/medicinasinc.com\/se\/wp-content\/uploads\/sites\/16\/2022\/02\/Buy-Dilaudid-4-mg.jpg","width":720,"height":445},{"@type":"BreadcrumbList","@id":"https:\/\/medicinasinc.com\/se\/product\/kop-dilaudid-4-mg\/#breadcrumb","itemListElement":[{"@type":"ListItem","position":1,"name":"aff\u00e4r","item":"https:\/\/medicinasinc.com\/se\/affar\/"},{"@type":"ListItem","position":2,"name":"K\u00f6p Dilaudid 4 mg"}]},{"@type":"WebSite","@id":"https:\/\/medicinasinc.com\/se\/#website","url":"https:\/\/medicinasinc.com\/se\/","name":"Medicinas Inc","description":"Health Medical Clinic","potentialAction":[{"@type":"SearchAction","target":{"@type":"EntryPoint","urlTemplate":"https:\/\/medicinasinc.com\/se\/?s={search_term_string}"},"query-input":{"@type":"PropertyValueSpecification","valueRequired":true,"valueName":"search_term_string"}}],"inLanguage":"sv-SE"}]}},"_links":{"self":[{"href":"https:\/\/medicinasinc.com\/se\/wp-json\/wp\/v2\/product\/5886","targetHints":{"allow":["GET"]}}],"collection":[{"href":"https:\/\/medicinasinc.com\/se\/wp-json\/wp\/v2\/product"}],"about":[{"href":"https:\/\/medicinasinc.com\/se\/wp-json\/wp\/v2\/types\/product"}],"replies":[{"embeddable":true,"href":"https:\/\/medicinasinc.com\/se\/wp-json\/wp\/v2\/comments?post=5886"}],"wp:featuredmedia":[{"embeddable":true,"href":"https:\/\/medicinasinc.com\/se\/wp-json\/wp\/v2\/media\/5911"}],"wp:attachment":[{"href":"https:\/\/medicinasinc.com\/se\/wp-json\/wp\/v2\/media?parent=5886"}],"wp:term":[{"taxonomy":"product_brand","embeddable":true,"href":"https:\/\/medicinasinc.com\/se\/wp-json\/wp\/v2\/product_brand?post=5886"},{"taxonomy":"product_cat","embeddable":true,"href":"https:\/\/medicinasinc.com\/se\/wp-json\/wp\/v2\/product_cat?post=5886"},{"taxonomy":"product_tag","embeddable":true,"href":"https:\/\/medicinasinc.com\/se\/wp-json\/wp\/v2\/product_tag?post=5886"}],"curies":[{"name":"wp","href":"https:\/\/api.w.org\/{rel}","templated":true}]}}