{"id":5875,"date":"2022-02-22T07:46:55","date_gmt":"2022-02-22T07:46:55","guid":{"rendered":"https:\/\/medicinasinc.com\/se\/?post_type=product&#038;p=5875"},"modified":"2022-07-03T23:10:33","modified_gmt":"2022-07-03T23:10:33","slug":"kop-gamma-butyrolakton","status":"publish","type":"product","link":"https:\/\/medicinasinc.com\/se\/product\/kop-gamma-butyrolakton\/","title":{"rendered":"K\u00f6p Gamma-Butyrolactone"},"content":{"rendered":"<p>Gamma-Butyrolactone (-butyrolactone eller GBL) \u00e4r en vit hygroskopisk v\u00e4tska med en svag distinkt lukt som \u00e4r vattenl\u00f6slig. GBL \u00e4r ett allm\u00e4nt anv\u00e4nt l\u00f6sningsmedel och reagens inom kemi, samt ett smak\u00e4mne, ett reng\u00f6ringsl\u00f6sningsmedel, ett superlimborttagningsmedel och ett l\u00f6sningsmedel i vissa v\u00e5ta aluminiumelektrolytiska kondensatorer.<\/p>\n<p>K\u00f6p gamma\u2013butyrolakton (GBL) 1,0 mg\/ml i acetonitrilreferensstandarder h\u00e4rledda fr\u00e5n GHB och liknande f\u00f6reningar. K\u00f6pbar online<\/p>\n<p>Gammabutyrolakton till salu online, gbl (gamma-butyrolakton) till salu, gammabutyrolakton till salu i Storbritannien, gammabutyrolaktonreng\u00f6ringsmedel till salu<\/p>\n<p>Det fungerar som en f\u00f6reg\u00e5ngare till GHB hos m\u00e4nniskor och anv\u00e4nds som fritidsberusning med effekter j\u00e4mf\u00f6rbara med alkohol.<\/p>\n<p>GBL har p\u00e5visats i extrakt fr\u00e5n rena vinprover. Denna forskning tyder p\u00e5 att GBL f\u00f6rekommer naturligt i vissa viner och kan finnas i j\u00e4mf\u00f6rbara produkter. Den uppt\u00e4ckta koncentrationen var runt 5 g\/ml, vilket helt enkelt best\u00e4mdes med en enkel extraktionsmetod f\u00f6ljt av GC\/MS-analys.<\/p>\n<p>GBL kan detekteras i ostaromer, men den slutliga livsmedelsprodukten har normalt mindre \u00e4n 0,0002 procent GBL.<\/p>\n<p>GBL klassificeras som en lakton. Det hydrolyseras till natrium-gamma-hydroxibutyrat, natriumsaltet av gamma-hydroxism\u00f6rsyra, under basiska f\u00f6rh\u00e5llanden, till exempel i en natriumhydroxidl\u00f6sning. Det genererar en j\u00e4mviktskombination av b\u00e5da kemikalierna under sura omst\u00e4ndigheter. Efter det kan dessa kemikalier kombineras f\u00f6r att skapa en polymer. N\u00e4r en icke-nukleofil bas, s\u00e5som litiumdiisopropylamid, anv\u00e4nds, har<\/p>\n<p>GBL potential att fungera som en alfa-kolnukleofil. Kaprolakton, en liknande kemikalie, kan anv\u00e4ndas p\u00e5 detta s\u00e4tt f\u00f6r att skapa en polyester.<\/p>\n<p>GBL \u00e4r inte en aktiv substans i sig sj\u00e4lv; dess verkningsmekanism h\u00e4rr\u00f6r fr\u00e5n dess status som en prodrug av GHB. GHB:s hypnotiska effekt f\u00f6rst\u00e4rks i kombination med alkohol. I en r\u00e5ttstudie fr\u00e5n 2003 visade sig GBL ha en f\u00f6rst\u00e4rkt hypnotisk effekt i kombination med etanol, eftersom s\u00f6mntidsm\u00e5ttet var l\u00e4ngre \u00e4n summan av de tv\u00e5 oberoende komponenterna.<\/p>\n","protected":false},"excerpt":{"rendered":"<p>Du kan k\u00f6pa Gamma-Butyrolactone fr\u00e5n leverant\u00f6rer vi litar p\u00e5, och vi samarbetar med dessa leverant\u00f6rer f\u00f6r att f\u00e5 tillg\u00e5ng till att k\u00f6pa Gamma-Butyrolactone till salu Storbritannien, Europa<\/p>\n<p>Alla pyrrolidoner syntetiseras med GBL som en kemisk mellanhand . Det kan anv\u00e4ndas f\u00f6r att tillverka insekticider, herbicider och tillv\u00e4xtregulatorer f\u00f6r v\u00e4xter.<\/p>\n","protected":false},"featured_media":5885,"comment_status":"open","ping_status":"closed","template":"","meta":[],"product_brand":[],"product_cat":[2014],"product_tag":[4034,4036,4032,4033,4031,4035,4037],"class_list":{"0":"post-5875","1":"product","2":"type-product","3":"status-publish","4":"has-post-thumbnail","6":"product_cat-kop-research-chemicals","7":"product_tag-bestll-gamma-butyrolakton-online","8":"product_tag-det-bsta-stllet-att-kpa-gamma-butyrolakton-online","9":"product_tag-gamma-butyrolakton-till-salu","10":"product_tag-how-to-buy-gamma-butyrolactone-online","11":"product_tag-kp-gamma-butyrolakton-online","12":"product_tag-purchase-gamma-butyrolactone-online","13":"product_tag-var-att-kpa-gamma-butyrolakton-online","15":"first","16":"instock","17":"featured","18":"shipping-taxable","19":"purchasable","20":"product-type-variable"},"yoast_head":"<!-- This site is optimized with the Yoast SEO plugin v27.3 - https:\/\/yoast.com\/product\/yoast-seo-wordpress\/ -->\n<title>K\u00f6p Gamma-Butyrolactone - B\u00e4sta b\u00e4sta globala medicinerna<\/title>\n<meta name=\"description\" content=\"Du kan k\u00f6pa Gamma-Butyrolactone fr\u00e5n leverant\u00f6rer vi litar p\u00e5, och vi samarbetar med dessa leverant\u00f6rer f\u00f6r att f\u00e5 tillg\u00e5ng till att k\u00f6pa Gamma-Butyrolactone till salu Storbritannien, Europa\" \/>\n<meta name=\"robots\" content=\"index, follow, max-snippet:-1, max-image-preview:large, max-video-preview:-1\" \/>\n<link rel=\"canonical\" href=\"https:\/\/medicinasinc.com\/se\/product\/kop-gamma-butyrolakton\/\" \/>\n<meta property=\"og:locale\" content=\"sv_SE\" \/>\n<meta property=\"og:type\" content=\"article\" \/>\n<meta property=\"og:title\" content=\"K\u00f6p Gamma-Butyrolactone - B\u00e4sta b\u00e4sta globala medicinerna\" \/>\n<meta property=\"og:description\" content=\"Du kan k\u00f6pa Gamma-Butyrolactone fr\u00e5n leverant\u00f6rer vi litar p\u00e5, och vi samarbetar med dessa leverant\u00f6rer f\u00f6r att f\u00e5 tillg\u00e5ng till att k\u00f6pa Gamma-Butyrolactone till salu Storbritannien, Europa\" \/>\n<meta property=\"og:url\" content=\"https:\/\/medicinasinc.com\/se\/product\/kop-gamma-butyrolakton\/\" \/>\n<meta property=\"og:site_name\" content=\"Medicinas Inc\" \/>\n<meta property=\"article:modified_time\" content=\"2022-07-03T23:10:33+00:00\" \/>\n<meta property=\"og:image\" content=\"https:\/\/medicinasinc.com\/se\/wp-content\/uploads\/sites\/16\/2022\/02\/Buy-Gamma-Butyrolactone.jpg\" \/>\n\t<meta property=\"og:image:width\" content=\"500\" \/>\n\t<meta property=\"og:image:height\" content=\"500\" \/>\n\t<meta property=\"og:image:type\" content=\"image\/jpeg\" \/>\n<meta name=\"twitter:card\" content=\"summary_large_image\" \/>\n<meta name=\"twitter:label1\" content=\"Ber\u00e4knad l\u00e4stid\" \/>\n\t<meta name=\"twitter:data1\" content=\"2 minuter\" \/>\n<script type=\"application\/ld+json\" class=\"yoast-schema-graph\">{\"@context\":\"https:\\\/\\\/schema.org\",\"@graph\":[{\"@type\":\"WebPage\",\"@id\":\"https:\\\/\\\/medicinasinc.com\\\/se\\\/product\\\/kop-gamma-butyrolakton\\\/\",\"url\":\"https:\\\/\\\/medicinasinc.com\\\/se\\\/product\\\/kop-gamma-butyrolakton\\\/\",\"name\":\"K\u00f6p Gamma-Butyrolactone - B\u00e4sta b\u00e4sta globala medicinerna\",\"isPartOf\":{\"@id\":\"https:\\\/\\\/medicinasinc.com\\\/se\\\/#website\"},\"primaryImageOfPage\":{\"@id\":\"https:\\\/\\\/medicinasinc.com\\\/se\\\/product\\\/kop-gamma-butyrolakton\\\/#primaryimage\"},\"image\":{\"@id\":\"https:\\\/\\\/medicinasinc.com\\\/se\\\/product\\\/kop-gamma-butyrolakton\\\/#primaryimage\"},\"thumbnailUrl\":\"https:\\\/\\\/medicinasinc.com\\\/se\\\/wp-content\\\/uploads\\\/sites\\\/16\\\/2022\\\/02\\\/Buy-Gamma-Butyrolactone.jpg\",\"datePublished\":\"2022-02-22T07:46:55+00:00\",\"dateModified\":\"2022-07-03T23:10:33+00:00\",\"description\":\"Du kan k\u00f6pa Gamma-Butyrolactone fr\u00e5n leverant\u00f6rer vi litar p\u00e5, och vi samarbetar med dessa leverant\u00f6rer f\u00f6r att f\u00e5 tillg\u00e5ng till att k\u00f6pa Gamma-Butyrolactone till salu Storbritannien, Europa\",\"breadcrumb\":{\"@id\":\"https:\\\/\\\/medicinasinc.com\\\/se\\\/product\\\/kop-gamma-butyrolakton\\\/#breadcrumb\"},\"inLanguage\":\"sv-SE\",\"potentialAction\":[{\"@type\":\"ReadAction\",\"target\":[\"https:\\\/\\\/medicinasinc.com\\\/se\\\/product\\\/kop-gamma-butyrolakton\\\/\"]}]},{\"@type\":\"ImageObject\",\"inLanguage\":\"sv-SE\",\"@id\":\"https:\\\/\\\/medicinasinc.com\\\/se\\\/product\\\/kop-gamma-butyrolakton\\\/#primaryimage\",\"url\":\"https:\\\/\\\/medicinasinc.com\\\/se\\\/wp-content\\\/uploads\\\/sites\\\/16\\\/2022\\\/02\\\/Buy-Gamma-Butyrolactone.jpg\",\"contentUrl\":\"https:\\\/\\\/medicinasinc.com\\\/se\\\/wp-content\\\/uploads\\\/sites\\\/16\\\/2022\\\/02\\\/Buy-Gamma-Butyrolactone.jpg\",\"width\":500,\"height\":500},{\"@type\":\"BreadcrumbList\",\"@id\":\"https:\\\/\\\/medicinasinc.com\\\/se\\\/product\\\/kop-gamma-butyrolakton\\\/#breadcrumb\",\"itemListElement\":[{\"@type\":\"ListItem\",\"position\":1,\"name\":\"aff\u00e4r\",\"item\":\"https:\\\/\\\/medicinasinc.com\\\/se\\\/affar\\\/\"},{\"@type\":\"ListItem\",\"position\":2,\"name\":\"K\u00f6p Gamma-Butyrolactone\"}]},{\"@type\":\"WebSite\",\"@id\":\"https:\\\/\\\/medicinasinc.com\\\/se\\\/#website\",\"url\":\"https:\\\/\\\/medicinasinc.com\\\/se\\\/\",\"name\":\"Medicinas Inc\",\"description\":\"Health Medical Clinic\",\"potentialAction\":[{\"@type\":\"SearchAction\",\"target\":{\"@type\":\"EntryPoint\",\"urlTemplate\":\"https:\\\/\\\/medicinasinc.com\\\/se\\\/?s={search_term_string}\"},\"query-input\":{\"@type\":\"PropertyValueSpecification\",\"valueRequired\":true,\"valueName\":\"search_term_string\"}}],\"inLanguage\":\"sv-SE\"}]}<\/script>\n<!-- \/ Yoast SEO plugin. -->","yoast_head_json":{"title":"K\u00f6p Gamma-Butyrolactone - B\u00e4sta b\u00e4sta globala medicinerna","description":"Du kan k\u00f6pa Gamma-Butyrolactone fr\u00e5n leverant\u00f6rer vi litar p\u00e5, och vi samarbetar med dessa leverant\u00f6rer f\u00f6r att f\u00e5 tillg\u00e5ng till att k\u00f6pa Gamma-Butyrolactone till salu Storbritannien, Europa","robots":{"index":"index","follow":"follow","max-snippet":"max-snippet:-1","max-image-preview":"max-image-preview:large","max-video-preview":"max-video-preview:-1"},"canonical":"https:\/\/medicinasinc.com\/se\/product\/kop-gamma-butyrolakton\/","og_locale":"sv_SE","og_type":"article","og_title":"K\u00f6p Gamma-Butyrolactone - B\u00e4sta b\u00e4sta globala medicinerna","og_description":"Du kan k\u00f6pa Gamma-Butyrolactone fr\u00e5n leverant\u00f6rer vi litar p\u00e5, och vi samarbetar med dessa leverant\u00f6rer f\u00f6r att f\u00e5 tillg\u00e5ng till att k\u00f6pa Gamma-Butyrolactone till salu Storbritannien, Europa","og_url":"https:\/\/medicinasinc.com\/se\/product\/kop-gamma-butyrolakton\/","og_site_name":"Medicinas Inc","article_modified_time":"2022-07-03T23:10:33+00:00","og_image":[{"width":500,"height":500,"url":"https:\/\/medicinasinc.com\/se\/wp-content\/uploads\/sites\/16\/2022\/02\/Buy-Gamma-Butyrolactone.jpg","type":"image\/jpeg"}],"twitter_card":"summary_large_image","twitter_misc":{"Ber\u00e4knad l\u00e4stid":"2 minuter"},"schema":{"@context":"https:\/\/schema.org","@graph":[{"@type":"WebPage","@id":"https:\/\/medicinasinc.com\/se\/product\/kop-gamma-butyrolakton\/","url":"https:\/\/medicinasinc.com\/se\/product\/kop-gamma-butyrolakton\/","name":"K\u00f6p Gamma-Butyrolactone - B\u00e4sta b\u00e4sta globala medicinerna","isPartOf":{"@id":"https:\/\/medicinasinc.com\/se\/#website"},"primaryImageOfPage":{"@id":"https:\/\/medicinasinc.com\/se\/product\/kop-gamma-butyrolakton\/#primaryimage"},"image":{"@id":"https:\/\/medicinasinc.com\/se\/product\/kop-gamma-butyrolakton\/#primaryimage"},"thumbnailUrl":"https:\/\/medicinasinc.com\/se\/wp-content\/uploads\/sites\/16\/2022\/02\/Buy-Gamma-Butyrolactone.jpg","datePublished":"2022-02-22T07:46:55+00:00","dateModified":"2022-07-03T23:10:33+00:00","description":"Du kan k\u00f6pa Gamma-Butyrolactone fr\u00e5n leverant\u00f6rer vi litar p\u00e5, och vi samarbetar med dessa leverant\u00f6rer f\u00f6r att f\u00e5 tillg\u00e5ng till att k\u00f6pa Gamma-Butyrolactone till salu Storbritannien, Europa","breadcrumb":{"@id":"https:\/\/medicinasinc.com\/se\/product\/kop-gamma-butyrolakton\/#breadcrumb"},"inLanguage":"sv-SE","potentialAction":[{"@type":"ReadAction","target":["https:\/\/medicinasinc.com\/se\/product\/kop-gamma-butyrolakton\/"]}]},{"@type":"ImageObject","inLanguage":"sv-SE","@id":"https:\/\/medicinasinc.com\/se\/product\/kop-gamma-butyrolakton\/#primaryimage","url":"https:\/\/medicinasinc.com\/se\/wp-content\/uploads\/sites\/16\/2022\/02\/Buy-Gamma-Butyrolactone.jpg","contentUrl":"https:\/\/medicinasinc.com\/se\/wp-content\/uploads\/sites\/16\/2022\/02\/Buy-Gamma-Butyrolactone.jpg","width":500,"height":500},{"@type":"BreadcrumbList","@id":"https:\/\/medicinasinc.com\/se\/product\/kop-gamma-butyrolakton\/#breadcrumb","itemListElement":[{"@type":"ListItem","position":1,"name":"aff\u00e4r","item":"https:\/\/medicinasinc.com\/se\/affar\/"},{"@type":"ListItem","position":2,"name":"K\u00f6p Gamma-Butyrolactone"}]},{"@type":"WebSite","@id":"https:\/\/medicinasinc.com\/se\/#website","url":"https:\/\/medicinasinc.com\/se\/","name":"Medicinas Inc","description":"Health Medical Clinic","potentialAction":[{"@type":"SearchAction","target":{"@type":"EntryPoint","urlTemplate":"https:\/\/medicinasinc.com\/se\/?s={search_term_string}"},"query-input":{"@type":"PropertyValueSpecification","valueRequired":true,"valueName":"search_term_string"}}],"inLanguage":"sv-SE"}]}},"_links":{"self":[{"href":"https:\/\/medicinasinc.com\/se\/wp-json\/wp\/v2\/product\/5875","targetHints":{"allow":["GET"]}}],"collection":[{"href":"https:\/\/medicinasinc.com\/se\/wp-json\/wp\/v2\/product"}],"about":[{"href":"https:\/\/medicinasinc.com\/se\/wp-json\/wp\/v2\/types\/product"}],"replies":[{"embeddable":true,"href":"https:\/\/medicinasinc.com\/se\/wp-json\/wp\/v2\/comments?post=5875"}],"wp:featuredmedia":[{"embeddable":true,"href":"https:\/\/medicinasinc.com\/se\/wp-json\/wp\/v2\/media\/5885"}],"wp:attachment":[{"href":"https:\/\/medicinasinc.com\/se\/wp-json\/wp\/v2\/media?parent=5875"}],"wp:term":[{"taxonomy":"product_brand","embeddable":true,"href":"https:\/\/medicinasinc.com\/se\/wp-json\/wp\/v2\/product_brand?post=5875"},{"taxonomy":"product_cat","embeddable":true,"href":"https:\/\/medicinasinc.com\/se\/wp-json\/wp\/v2\/product_cat?post=5875"},{"taxonomy":"product_tag","embeddable":true,"href":"https:\/\/medicinasinc.com\/se\/wp-json\/wp\/v2\/product_tag?post=5875"}],"curies":[{"name":"wp","href":"https:\/\/api.w.org\/{rel}","templated":true}]}}