{"id":5863,"date":"2022-02-22T07:36:01","date_gmt":"2022-02-22T07:36:01","guid":{"rendered":"https:\/\/medicinasinc.com\/se\/?post_type=product&#038;p=5863"},"modified":"2022-07-03T23:10:53","modified_gmt":"2022-07-03T23:10:53","slug":"kop-gamma-hydroxibutyrat-ghb-pulver","status":"publish","type":"product","link":"https:\/\/medicinasinc.com\/se\/product\/kop-gamma-hydroxibutyrat-ghb-pulver\/","title":{"rendered":"K\u00f6p gamma hydroxybutyrate (GHB) pulver"},"content":{"rendered":"<p>Onlinek\u00f6p av GHB-pulver<\/p>\n<p>K\u00f6p GHB-pulver online. GHB \u00e4r ett syntetiskt bed\u00f6vningsmedel. Den finns som en transparent v\u00e4tska eller ett pulver och har en milt salt smak. Eftersom styrkan varierar finns det inget som heter en &#8221;s\u00e4ker dos&#8221;. GBL (gamma-butyrolakton) och 1,4-butandiol \u00e4r kommersiellt tillg\u00e4ngliga som GHB-alternativ. Dessa \u00e4r lagligt tillg\u00e4ngliga som reng\u00f6ringsmedel, och n\u00e4r de sv\u00e4ljs omvandlas de naturligt till GHB.<\/p>\n<p>Gammabutyrolakton anv\u00e4nds f\u00f6r att f\u00f6rb\u00e4ttra atletisk prestation, s\u00f6mnkvalitet och sexuell prestation och njutning. Dessutom anv\u00e4nder de det f\u00f6r att behandla depression och stress, f\u00f6r att f\u00f6rl\u00e4nga livet, f\u00f6r att fr\u00e4mja klart t\u00e4nkande, f\u00f6r att inducera avslappning och f\u00f6r att frig\u00f6ra tillv\u00e4xthormon. Dessutom anv\u00e4nds GBL f\u00f6r att minska kroppsfettet och som kropps- eller muskelbyggare. Vissa individer anv\u00e4nder det f\u00f6r rekreation.<\/p>\n<p>GHB eller GBL Chemicals for Research<\/p>\n<p>(alternativa namn: gammahydroxibutyrat, flytande ecstasy, flytande X, gammahydroxibutyrat)<\/p>\n<p>Vanligtvis GHB erbjuds i sm\u00e5 flaskor som en klar v\u00e4tska med en n\u00e5got tjockare konsistens \u00e4n vatten.<br \/> Doser administreras i sm\u00e5 m\u00e4ngder, kallade &#8221;caps&#8221; eller &#8221;caps of G.&#8221;<br \/> \u00c4ven om det kan konsumeras hel, sp\u00e4ds den vanligtvis i vatten eller juice och dricks.<br \/> GHB har ingen lukt och har ingen m\u00e4rkbar smak.<br \/> GBL har en mild salt, kemisk smak och lukt som \u00e4r l\u00e4tt att maskera n\u00e4r den blandas med andra v\u00e4tskor . GBL \u00e4r en mer potent version av medicinen.<br \/> Begr\u00e4nsa dig till extremt l\u00e5ga doser av GHB. Det \u00e4r ganska potent, och styrkan kan variera avsev\u00e4rt mellan batcher, \u00e4ven bland erfarna anv\u00e4ndare. Det rekommenderas att v\u00e4nta mellan doserna. Vissa k\u00e4llor rekommenderar att man v\u00e4ntar upp till tv\u00e5 timmar mellan doseringarna f\u00f6r att undvika att g\u00e5 ut.<\/p>\n<p>GHB:s effekter<\/p>\n<p>Effekterna b\u00f6rjar cirka tjugo minuter efter konsumtion och kan vara i upp till fyra timmar.<br \/> Mindre, mildare m\u00e4ngder framkallar avslappning och lugn.<br \/> Om du tar h\u00f6gre m\u00e4ngder kan du f\u00e5 s\u00f6mnighet, yrsel och f\u00f6rvirring. Dessutom kan du uppleva illam\u00e5ende, kr\u00e4kningar och muskelspasmer.<br \/> Kan resultera i kramper, medvetsl\u00f6shet, koma och andningssv\u00e5righeter<br \/> M\u00f6jlighet att \u00f6ka muskeltillv\u00e4xten hos kroppsbyggare<\/p>\n<p>Sex med GHB<\/p>\n<p>I likhet med alkohol minskar det h\u00e4mningar samtidigt som det \u00f6kar sj\u00e4lvf\u00f6rtroendet och s\u00e4llskapligheten.<br \/> \u00d6kad taktil k\u00e4nslighet och k\u00e4nslighet f\u00f6r stimuli<br \/> Vissa m\u00e4n har starkare erektioner.<br \/> Orgasmer som \u00e4r ganska intensiv, \u00e4ven om detta \u00e4r dosberoende<br \/> F\u00f6r mycket GHB kan orsaka tr\u00f6tthet och svimma under sex.<br \/> GHB kallas en &#8221;date-rape&#8221;-medicin eftersom det \u00f6kar din vilja att engagera sig i sexuellt umg\u00e4nge. aktiviteter och f\u00f6rs\u00e4mrar din f\u00f6rm\u00e5ga att etablera och h\u00e4vda sexuella gr\u00e4nser. Det \u00e4r s\u00e4rskilt viktigt att bekr\u00e4fta samtycke med partner som \u00e4r p\u00e5 G. H\u00e5ll kontakten under en sexuell session. Sexuell kontakt med n\u00e5gon som \u00e4r medvetsl\u00f6s kan tolkas som sexuella \u00f6vergrepp.<\/p>\n","protected":false},"excerpt":{"rendered":"<p>K\u00f6p Gamma-Hydroxybutyric\u00a0GHB-pulver f\u00f6r f\u00f6rs\u00e4ljning\u00a0i Storbritannien, Europa, Japan, F\u00f6renade Arabemiraten, Kina, Asien fr\u00e5n den b\u00e4sta GHB-grossistleverant\u00f6ren, vi garanterar diskret leverans \u00f6ver hela v\u00e4rlden<\/p>\n","protected":false},"featured_media":5873,"comment_status":"open","ping_status":"closed","template":"","meta":[],"product_brand":[],"product_cat":[2014],"product_tag":[4015,4016,4023,4017,4019,4020,4018,4021,4022,4014],"class_list":{"0":"post-5863","1":"product","2":"type-product","3":"status-publish","4":"has-post-thumbnail","6":"product_cat-kop-research-chemicals","7":"product_tag-buy-ghb","8":"product_tag-buy-ghb-online","9":"product_tag-buy-ghb-powder","10":"product_tag-drug","11":"product_tag-gamma-hydroxismrsyra-antidepressivt-medel","12":"product_tag-gamma-hydroxismrsyra-kroppsbyggnad","13":"product_tag-gamma-hydroxismrsyra-och-tillvxthormon","14":"product_tag-gamma-hydroxismrsyra-pris","15":"product_tag-ghb-till-salu","16":"product_tag-kp-gamma-hydroxibutyrat-online","18":"first","19":"instock","20":"shipping-taxable","21":"purchasable","22":"product-type-variable"},"yoast_head":"<!-- This site is optimized with the Yoast SEO plugin v27.3 - https:\/\/yoast.com\/product\/yoast-seo-wordpress\/ -->\n<title>K\u00f6p gamma hydroxybutyrate (GHB) pulver - b\u00e4sta b\u00e4sta globala medicinen<\/title>\n<meta name=\"description\" content=\"K\u00f6p Gamma-Hydroxybutyric\u00a0GHB-pulver till salu\u00a0i Storbritannien, Europa, Japan, UAE, Kina, Asien fr\u00e5n den b\u00e4sta GHB-grossistleverant\u00f6ren, vi garanterar diskret leverans \u00f6ver hela v\u00e4rlden\" \/>\n<meta name=\"robots\" content=\"index, follow, max-snippet:-1, max-image-preview:large, max-video-preview:-1\" \/>\n<link rel=\"canonical\" href=\"https:\/\/medicinasinc.com\/se\/product\/kop-gamma-hydroxibutyrat-ghb-pulver\/\" \/>\n<meta property=\"og:locale\" content=\"sv_SE\" \/>\n<meta property=\"og:type\" content=\"article\" \/>\n<meta property=\"og:title\" content=\"K\u00f6p gamma hydroxybutyrate (GHB) pulver - b\u00e4sta b\u00e4sta globala medicinen\" \/>\n<meta property=\"og:description\" content=\"K\u00f6p Gamma-Hydroxybutyric\u00a0GHB-pulver till salu\u00a0i Storbritannien, Europa, Japan, UAE, Kina, Asien fr\u00e5n den b\u00e4sta GHB-grossistleverant\u00f6ren, vi garanterar diskret leverans \u00f6ver hela v\u00e4rlden\" \/>\n<meta property=\"og:url\" content=\"https:\/\/medicinasinc.com\/se\/product\/kop-gamma-hydroxibutyrat-ghb-pulver\/\" \/>\n<meta property=\"og:site_name\" content=\"Medicinas Inc\" \/>\n<meta property=\"article:modified_time\" content=\"2022-07-03T23:10:53+00:00\" \/>\n<meta property=\"og:image\" content=\"https:\/\/medicinasinc.com\/se\/wp-content\/uploads\/sites\/16\/2022\/02\/buy-GHB-powder-1.jpg\" \/>\n\t<meta property=\"og:image:width\" content=\"612\" \/>\n\t<meta property=\"og:image:height\" content=\"408\" \/>\n\t<meta property=\"og:image:type\" content=\"image\/jpeg\" \/>\n<meta name=\"twitter:card\" content=\"summary_large_image\" \/>\n<meta name=\"twitter:label1\" content=\"Ber\u00e4knad l\u00e4stid\" \/>\n\t<meta name=\"twitter:data1\" content=\"2 minuter\" \/>\n<script type=\"application\/ld+json\" class=\"yoast-schema-graph\">{\"@context\":\"https:\\\/\\\/schema.org\",\"@graph\":[{\"@type\":\"WebPage\",\"@id\":\"https:\\\/\\\/medicinasinc.com\\\/se\\\/product\\\/kop-gamma-hydroxibutyrat-ghb-pulver\\\/\",\"url\":\"https:\\\/\\\/medicinasinc.com\\\/se\\\/product\\\/kop-gamma-hydroxibutyrat-ghb-pulver\\\/\",\"name\":\"K\u00f6p gamma hydroxybutyrate (GHB) pulver - b\u00e4sta b\u00e4sta globala medicinen\",\"isPartOf\":{\"@id\":\"https:\\\/\\\/medicinasinc.com\\\/se\\\/#website\"},\"primaryImageOfPage\":{\"@id\":\"https:\\\/\\\/medicinasinc.com\\\/se\\\/product\\\/kop-gamma-hydroxibutyrat-ghb-pulver\\\/#primaryimage\"},\"image\":{\"@id\":\"https:\\\/\\\/medicinasinc.com\\\/se\\\/product\\\/kop-gamma-hydroxibutyrat-ghb-pulver\\\/#primaryimage\"},\"thumbnailUrl\":\"https:\\\/\\\/medicinasinc.com\\\/se\\\/wp-content\\\/uploads\\\/sites\\\/16\\\/2022\\\/02\\\/buy-GHB-powder-1.jpg\",\"datePublished\":\"2022-02-22T07:36:01+00:00\",\"dateModified\":\"2022-07-03T23:10:53+00:00\",\"description\":\"K\u00f6p Gamma-Hydroxybutyric\u00a0GHB-pulver till salu\u00a0i Storbritannien, Europa, Japan, UAE, Kina, Asien fr\u00e5n den b\u00e4sta GHB-grossistleverant\u00f6ren, vi garanterar diskret leverans \u00f6ver hela v\u00e4rlden\",\"breadcrumb\":{\"@id\":\"https:\\\/\\\/medicinasinc.com\\\/se\\\/product\\\/kop-gamma-hydroxibutyrat-ghb-pulver\\\/#breadcrumb\"},\"inLanguage\":\"sv-SE\",\"potentialAction\":[{\"@type\":\"ReadAction\",\"target\":[\"https:\\\/\\\/medicinasinc.com\\\/se\\\/product\\\/kop-gamma-hydroxibutyrat-ghb-pulver\\\/\"]}]},{\"@type\":\"ImageObject\",\"inLanguage\":\"sv-SE\",\"@id\":\"https:\\\/\\\/medicinasinc.com\\\/se\\\/product\\\/kop-gamma-hydroxibutyrat-ghb-pulver\\\/#primaryimage\",\"url\":\"https:\\\/\\\/medicinasinc.com\\\/se\\\/wp-content\\\/uploads\\\/sites\\\/16\\\/2022\\\/02\\\/buy-GHB-powder-1.jpg\",\"contentUrl\":\"https:\\\/\\\/medicinasinc.com\\\/se\\\/wp-content\\\/uploads\\\/sites\\\/16\\\/2022\\\/02\\\/buy-GHB-powder-1.jpg\",\"width\":612,\"height\":408},{\"@type\":\"BreadcrumbList\",\"@id\":\"https:\\\/\\\/medicinasinc.com\\\/se\\\/product\\\/kop-gamma-hydroxibutyrat-ghb-pulver\\\/#breadcrumb\",\"itemListElement\":[{\"@type\":\"ListItem\",\"position\":1,\"name\":\"aff\u00e4r\",\"item\":\"https:\\\/\\\/medicinasinc.com\\\/se\\\/affar\\\/\"},{\"@type\":\"ListItem\",\"position\":2,\"name\":\"K\u00f6p gamma hydroxybutyrate (GHB) pulver\"}]},{\"@type\":\"WebSite\",\"@id\":\"https:\\\/\\\/medicinasinc.com\\\/se\\\/#website\",\"url\":\"https:\\\/\\\/medicinasinc.com\\\/se\\\/\",\"name\":\"Medicinas Inc\",\"description\":\"Health Medical Clinic\",\"potentialAction\":[{\"@type\":\"SearchAction\",\"target\":{\"@type\":\"EntryPoint\",\"urlTemplate\":\"https:\\\/\\\/medicinasinc.com\\\/se\\\/?s={search_term_string}\"},\"query-input\":{\"@type\":\"PropertyValueSpecification\",\"valueRequired\":true,\"valueName\":\"search_term_string\"}}],\"inLanguage\":\"sv-SE\"}]}<\/script>\n<!-- \/ Yoast SEO plugin. -->","yoast_head_json":{"title":"K\u00f6p gamma hydroxybutyrate (GHB) pulver - b\u00e4sta b\u00e4sta globala medicinen","description":"K\u00f6p Gamma-Hydroxybutyric\u00a0GHB-pulver till salu\u00a0i Storbritannien, Europa, Japan, UAE, Kina, Asien fr\u00e5n den b\u00e4sta GHB-grossistleverant\u00f6ren, vi garanterar diskret leverans \u00f6ver hela v\u00e4rlden","robots":{"index":"index","follow":"follow","max-snippet":"max-snippet:-1","max-image-preview":"max-image-preview:large","max-video-preview":"max-video-preview:-1"},"canonical":"https:\/\/medicinasinc.com\/se\/product\/kop-gamma-hydroxibutyrat-ghb-pulver\/","og_locale":"sv_SE","og_type":"article","og_title":"K\u00f6p gamma hydroxybutyrate (GHB) pulver - b\u00e4sta b\u00e4sta globala medicinen","og_description":"K\u00f6p Gamma-Hydroxybutyric\u00a0GHB-pulver till salu\u00a0i Storbritannien, Europa, Japan, UAE, Kina, Asien fr\u00e5n den b\u00e4sta GHB-grossistleverant\u00f6ren, vi garanterar diskret leverans \u00f6ver hela v\u00e4rlden","og_url":"https:\/\/medicinasinc.com\/se\/product\/kop-gamma-hydroxibutyrat-ghb-pulver\/","og_site_name":"Medicinas Inc","article_modified_time":"2022-07-03T23:10:53+00:00","og_image":[{"width":612,"height":408,"url":"https:\/\/medicinasinc.com\/se\/wp-content\/uploads\/sites\/16\/2022\/02\/buy-GHB-powder-1.jpg","type":"image\/jpeg"}],"twitter_card":"summary_large_image","twitter_misc":{"Ber\u00e4knad l\u00e4stid":"2 minuter"},"schema":{"@context":"https:\/\/schema.org","@graph":[{"@type":"WebPage","@id":"https:\/\/medicinasinc.com\/se\/product\/kop-gamma-hydroxibutyrat-ghb-pulver\/","url":"https:\/\/medicinasinc.com\/se\/product\/kop-gamma-hydroxibutyrat-ghb-pulver\/","name":"K\u00f6p gamma hydroxybutyrate (GHB) pulver - b\u00e4sta b\u00e4sta globala medicinen","isPartOf":{"@id":"https:\/\/medicinasinc.com\/se\/#website"},"primaryImageOfPage":{"@id":"https:\/\/medicinasinc.com\/se\/product\/kop-gamma-hydroxibutyrat-ghb-pulver\/#primaryimage"},"image":{"@id":"https:\/\/medicinasinc.com\/se\/product\/kop-gamma-hydroxibutyrat-ghb-pulver\/#primaryimage"},"thumbnailUrl":"https:\/\/medicinasinc.com\/se\/wp-content\/uploads\/sites\/16\/2022\/02\/buy-GHB-powder-1.jpg","datePublished":"2022-02-22T07:36:01+00:00","dateModified":"2022-07-03T23:10:53+00:00","description":"K\u00f6p Gamma-Hydroxybutyric\u00a0GHB-pulver till salu\u00a0i Storbritannien, Europa, Japan, UAE, Kina, Asien fr\u00e5n den b\u00e4sta GHB-grossistleverant\u00f6ren, vi garanterar diskret leverans \u00f6ver hela v\u00e4rlden","breadcrumb":{"@id":"https:\/\/medicinasinc.com\/se\/product\/kop-gamma-hydroxibutyrat-ghb-pulver\/#breadcrumb"},"inLanguage":"sv-SE","potentialAction":[{"@type":"ReadAction","target":["https:\/\/medicinasinc.com\/se\/product\/kop-gamma-hydroxibutyrat-ghb-pulver\/"]}]},{"@type":"ImageObject","inLanguage":"sv-SE","@id":"https:\/\/medicinasinc.com\/se\/product\/kop-gamma-hydroxibutyrat-ghb-pulver\/#primaryimage","url":"https:\/\/medicinasinc.com\/se\/wp-content\/uploads\/sites\/16\/2022\/02\/buy-GHB-powder-1.jpg","contentUrl":"https:\/\/medicinasinc.com\/se\/wp-content\/uploads\/sites\/16\/2022\/02\/buy-GHB-powder-1.jpg","width":612,"height":408},{"@type":"BreadcrumbList","@id":"https:\/\/medicinasinc.com\/se\/product\/kop-gamma-hydroxibutyrat-ghb-pulver\/#breadcrumb","itemListElement":[{"@type":"ListItem","position":1,"name":"aff\u00e4r","item":"https:\/\/medicinasinc.com\/se\/affar\/"},{"@type":"ListItem","position":2,"name":"K\u00f6p gamma hydroxybutyrate (GHB) pulver"}]},{"@type":"WebSite","@id":"https:\/\/medicinasinc.com\/se\/#website","url":"https:\/\/medicinasinc.com\/se\/","name":"Medicinas Inc","description":"Health Medical Clinic","potentialAction":[{"@type":"SearchAction","target":{"@type":"EntryPoint","urlTemplate":"https:\/\/medicinasinc.com\/se\/?s={search_term_string}"},"query-input":{"@type":"PropertyValueSpecification","valueRequired":true,"valueName":"search_term_string"}}],"inLanguage":"sv-SE"}]}},"_links":{"self":[{"href":"https:\/\/medicinasinc.com\/se\/wp-json\/wp\/v2\/product\/5863","targetHints":{"allow":["GET"]}}],"collection":[{"href":"https:\/\/medicinasinc.com\/se\/wp-json\/wp\/v2\/product"}],"about":[{"href":"https:\/\/medicinasinc.com\/se\/wp-json\/wp\/v2\/types\/product"}],"replies":[{"embeddable":true,"href":"https:\/\/medicinasinc.com\/se\/wp-json\/wp\/v2\/comments?post=5863"}],"wp:featuredmedia":[{"embeddable":true,"href":"https:\/\/medicinasinc.com\/se\/wp-json\/wp\/v2\/media\/5873"}],"wp:attachment":[{"href":"https:\/\/medicinasinc.com\/se\/wp-json\/wp\/v2\/media?parent=5863"}],"wp:term":[{"taxonomy":"product_brand","embeddable":true,"href":"https:\/\/medicinasinc.com\/se\/wp-json\/wp\/v2\/product_brand?post=5863"},{"taxonomy":"product_cat","embeddable":true,"href":"https:\/\/medicinasinc.com\/se\/wp-json\/wp\/v2\/product_cat?post=5863"},{"taxonomy":"product_tag","embeddable":true,"href":"https:\/\/medicinasinc.com\/se\/wp-json\/wp\/v2\/product_tag?post=5863"}],"curies":[{"name":"wp","href":"https:\/\/api.w.org\/{rel}","templated":true}]}}