{"id":5858,"date":"2022-02-22T07:31:17","date_gmt":"2022-02-22T07:31:17","guid":{"rendered":"https:\/\/medicinasinc.com\/se\/?post_type=product&#038;p=5858"},"modified":"2022-07-03T23:11:02","modified_gmt":"2022-07-03T23:11:02","slug":"kopa-gamma-hydroxibutyrat-ghb-vatska","status":"publish","type":"product","link":"https:\/\/medicinasinc.com\/se\/product\/kopa-gamma-hydroxibutyrat-ghb-vatska\/","title":{"rendered":"K\u00f6p flytande gammahydroxibutyrat (GHB)."},"content":{"rendered":"<p>Gamma-Hydroxybutyric GHB till salu i Storbritannien, Europa, Japan, F\u00f6renade Arabemiraten, Kina och Asien fr\u00e5n den fr\u00e4msta GHB-grossistk\u00e4llan. Vi lovar diskret internationell frakt.<\/p>\n<p>-Hydroxybutyric acid (GHB), \u00e4ven k\u00e4nd som 4-hydroxibutansyra, \u00e4r en naturligt f\u00f6rekommande signalsubstans och hallucinogen substans. P\u00e5 specifika platser i hj\u00e4rnan fungerar det som en f\u00f6reg\u00e5ngare till GABA, glutamat och glycin. Det \u00e4r en blygsam agonist vid GABAB-receptorn och verkar p\u00e5 GHB-receptorn. GHB har anv\u00e4nts som allm\u00e4nbed\u00f6vning och som behandling f\u00f6r kataplexi, narkolepsi och alkoholism i medicinsk milj\u00f6. Dessutom anv\u00e4nds det olagligt som ett berusningsmedel, en prestationsh\u00f6jare, en dadel-v\u00e5ldt\u00e4ktsdrog och en rekreationssubstans.<\/p>\n<p>Det anv\u00e4nds ofta som ett salt i form av natrium-hydroxibutyrat (NaGHB, natrium). oxybat eller Xyrem) eller kalium-hydroxibutyrat (KGHB, kaliumoxybat). GHB skapas ocks\u00e5 under j\u00e4sning och finns i sp\u00e5rm\u00e4ngder i en m\u00e4ngd olika \u00f6l och viner, s\u00e5v\u00e4l som n\u00f6tk\u00f6tt och sm\u00e5 citrusfrukter.<\/p>\n<p>GHB anv\u00e4nds medicinskt f\u00f6r att behandla narkolepsi och, mer s\u00e4llan, alkoholism, \u00e4ven om dess effektivitet i j\u00e4mf\u00f6relse med andra farmakoterapier f\u00f6r alkoholism fortfarande \u00e4r ok\u00e4nd.<\/p>\n<p>Det anv\u00e4nds ibland off-label f\u00f6r att behandla fibromyalgi.<\/p>\n<p>Natriumoxybat \u00e4r ett receptbelagt l\u00e4kemedel som inneh\u00e5ller den aktiva komponenten GHB (Xyrem). US Food and Drug Administration har godk\u00e4nt natriumoxybat f\u00f6r behandling av kataplexi associerad med narkolepsi och \u00f6verdriven s\u00f6mnighet under dagen (EDS) associerad med narkolepsi.<\/p>\n<p>I modifierade multipla s\u00f6mnlatenstest har GHB visat sig \u00f6ka tillf\u00f6rlitligt l\u00e5ngsam s\u00f6mn och minska lutningen mot REM-s\u00f6mn.<\/p>\n<p>Den FDA-godk\u00e4nda m\u00e4rkningen f\u00f6r natriumoxybat indikerar att det inte finns n\u00e5gra bevis f\u00f6r att GHB \u00e4r cancerframkallande, teratogent eller hepatotoxiskt. Dess \u00f6verl\u00e4gsna s\u00e4kerhetsprofil j\u00e4mf\u00f6rt med etanol kan f\u00f6rklara varf\u00f6r GHB fortfarande utforskas] som ett m\u00f6jligt alkoholers\u00e4ttningsprodukt.<\/p>\n","protected":false},"excerpt":{"rendered":"<p>K\u00f6p Gamma-Hydroxybutyric GHB Liquid till salu i Storbritannien, Europa, Japan, F\u00f6renade Arabemiraten, Kina, Asien fr\u00e5n den b\u00e4sta GHB-grossistleverant\u00f6ren, vi garanterar diskret leverans \u00f6ver hela v\u00e4rlden<\/p>\n<p>Minsta kvantitet\u00a0 200ml<\/p>\n","protected":false},"featured_media":5868,"comment_status":"open","ping_status":"closed","template":"","meta":[],"product_brand":[],"product_cat":[2014],"product_tag":[4015,4016,4017,4019,4020,4018,4021,4022,4014],"class_list":{"0":"post-5858","1":"product","2":"type-product","3":"status-publish","4":"has-post-thumbnail","6":"product_cat-kop-research-chemicals","7":"product_tag-buy-ghb","8":"product_tag-buy-ghb-online","9":"product_tag-drug","10":"product_tag-gamma-hydroxismrsyra-antidepressivt-medel","11":"product_tag-gamma-hydroxismrsyra-kroppsbyggnad","12":"product_tag-gamma-hydroxismrsyra-och-tillvxthormon","13":"product_tag-gamma-hydroxismrsyra-pris","14":"product_tag-ghb-till-salu","15":"product_tag-kp-gamma-hydroxibutyrat-online","17":"first","18":"instock","19":"shipping-taxable","20":"purchasable","21":"product-type-variable"},"yoast_head":"<!-- This site is optimized with the Yoast SEO plugin v27.3 - https:\/\/yoast.com\/product\/yoast-seo-wordpress\/ -->\n<title>K\u00f6p gammahydroxibutyrat (GHB) - B\u00e4sta b\u00e4sta globala medicinerna<\/title>\n<meta name=\"description\" content=\"K\u00f6p Gamma-Hydroxybutyric GHB Liquid till salu i Storbritannien, Europa, Japan, UAE, Kina, Asien fr\u00e5n den b\u00e4sta GHB-grossistleverant\u00f6ren, vi garanterar diskret leverans \u00f6ver hela v\u00e4rlden\" \/>\n<meta name=\"robots\" content=\"index, follow, max-snippet:-1, max-image-preview:large, max-video-preview:-1\" \/>\n<link rel=\"canonical\" href=\"https:\/\/medicinasinc.com\/se\/product\/kopa-gamma-hydroxibutyrat-ghb-vatska\/\" \/>\n<meta property=\"og:locale\" content=\"sv_SE\" \/>\n<meta property=\"og:type\" content=\"article\" \/>\n<meta property=\"og:title\" content=\"K\u00f6p gammahydroxibutyrat (GHB) - B\u00e4sta b\u00e4sta globala medicinerna\" \/>\n<meta property=\"og:description\" content=\"K\u00f6p Gamma-Hydroxybutyric GHB Liquid till salu i Storbritannien, Europa, Japan, UAE, Kina, Asien fr\u00e5n den b\u00e4sta GHB-grossistleverant\u00f6ren, vi garanterar diskret leverans \u00f6ver hela v\u00e4rlden\" \/>\n<meta property=\"og:url\" content=\"https:\/\/medicinasinc.com\/se\/product\/kopa-gamma-hydroxibutyrat-ghb-vatska\/\" \/>\n<meta property=\"og:site_name\" content=\"Medicinas Inc\" \/>\n<meta property=\"article:modified_time\" content=\"2022-07-03T23:11:02+00:00\" \/>\n<meta property=\"og:image\" content=\"https:\/\/medicinasinc.com\/se\/wp-content\/uploads\/sites\/16\/2022\/02\/Buy-gamma-hydroxybutyrate.jpg\" \/>\n\t<meta property=\"og:image:width\" content=\"600\" \/>\n\t<meta property=\"og:image:height\" content=\"450\" \/>\n\t<meta property=\"og:image:type\" content=\"image\/jpeg\" \/>\n<meta name=\"twitter:card\" content=\"summary_large_image\" \/>\n<meta name=\"twitter:label1\" content=\"Ber\u00e4knad l\u00e4stid\" \/>\n\t<meta name=\"twitter:data1\" content=\"2 minuter\" \/>\n<script type=\"application\/ld+json\" class=\"yoast-schema-graph\">{\"@context\":\"https:\\\/\\\/schema.org\",\"@graph\":[{\"@type\":\"WebPage\",\"@id\":\"https:\\\/\\\/medicinasinc.com\\\/se\\\/product\\\/kopa-gamma-hydroxibutyrat-ghb-vatska\\\/\",\"url\":\"https:\\\/\\\/medicinasinc.com\\\/se\\\/product\\\/kopa-gamma-hydroxibutyrat-ghb-vatska\\\/\",\"name\":\"K\u00f6p gammahydroxibutyrat (GHB) - B\u00e4sta b\u00e4sta globala medicinerna\",\"isPartOf\":{\"@id\":\"https:\\\/\\\/medicinasinc.com\\\/se\\\/#website\"},\"primaryImageOfPage\":{\"@id\":\"https:\\\/\\\/medicinasinc.com\\\/se\\\/product\\\/kopa-gamma-hydroxibutyrat-ghb-vatska\\\/#primaryimage\"},\"image\":{\"@id\":\"https:\\\/\\\/medicinasinc.com\\\/se\\\/product\\\/kopa-gamma-hydroxibutyrat-ghb-vatska\\\/#primaryimage\"},\"thumbnailUrl\":\"https:\\\/\\\/medicinasinc.com\\\/se\\\/wp-content\\\/uploads\\\/sites\\\/16\\\/2022\\\/02\\\/Buy-gamma-hydroxybutyrate.jpg\",\"datePublished\":\"2022-02-22T07:31:17+00:00\",\"dateModified\":\"2022-07-03T23:11:02+00:00\",\"description\":\"K\u00f6p Gamma-Hydroxybutyric GHB Liquid till salu i Storbritannien, Europa, Japan, UAE, Kina, Asien fr\u00e5n den b\u00e4sta GHB-grossistleverant\u00f6ren, vi garanterar diskret leverans \u00f6ver hela v\u00e4rlden\",\"breadcrumb\":{\"@id\":\"https:\\\/\\\/medicinasinc.com\\\/se\\\/product\\\/kopa-gamma-hydroxibutyrat-ghb-vatska\\\/#breadcrumb\"},\"inLanguage\":\"sv-SE\",\"potentialAction\":[{\"@type\":\"ReadAction\",\"target\":[\"https:\\\/\\\/medicinasinc.com\\\/se\\\/product\\\/kopa-gamma-hydroxibutyrat-ghb-vatska\\\/\"]}]},{\"@type\":\"ImageObject\",\"inLanguage\":\"sv-SE\",\"@id\":\"https:\\\/\\\/medicinasinc.com\\\/se\\\/product\\\/kopa-gamma-hydroxibutyrat-ghb-vatska\\\/#primaryimage\",\"url\":\"https:\\\/\\\/medicinasinc.com\\\/se\\\/wp-content\\\/uploads\\\/sites\\\/16\\\/2022\\\/02\\\/Buy-gamma-hydroxybutyrate.jpg\",\"contentUrl\":\"https:\\\/\\\/medicinasinc.com\\\/se\\\/wp-content\\\/uploads\\\/sites\\\/16\\\/2022\\\/02\\\/Buy-gamma-hydroxybutyrate.jpg\",\"width\":600,\"height\":450},{\"@type\":\"BreadcrumbList\",\"@id\":\"https:\\\/\\\/medicinasinc.com\\\/se\\\/product\\\/kopa-gamma-hydroxibutyrat-ghb-vatska\\\/#breadcrumb\",\"itemListElement\":[{\"@type\":\"ListItem\",\"position\":1,\"name\":\"aff\u00e4r\",\"item\":\"https:\\\/\\\/medicinasinc.com\\\/se\\\/affar\\\/\"},{\"@type\":\"ListItem\",\"position\":2,\"name\":\"K\u00f6p flytande gammahydroxibutyrat (GHB).\"}]},{\"@type\":\"WebSite\",\"@id\":\"https:\\\/\\\/medicinasinc.com\\\/se\\\/#website\",\"url\":\"https:\\\/\\\/medicinasinc.com\\\/se\\\/\",\"name\":\"Medicinas Inc\",\"description\":\"Health Medical Clinic\",\"potentialAction\":[{\"@type\":\"SearchAction\",\"target\":{\"@type\":\"EntryPoint\",\"urlTemplate\":\"https:\\\/\\\/medicinasinc.com\\\/se\\\/?s={search_term_string}\"},\"query-input\":{\"@type\":\"PropertyValueSpecification\",\"valueRequired\":true,\"valueName\":\"search_term_string\"}}],\"inLanguage\":\"sv-SE\"}]}<\/script>\n<!-- \/ Yoast SEO plugin. -->","yoast_head_json":{"title":"K\u00f6p gammahydroxibutyrat (GHB) - B\u00e4sta b\u00e4sta globala medicinerna","description":"K\u00f6p Gamma-Hydroxybutyric GHB Liquid till salu i Storbritannien, Europa, Japan, UAE, Kina, Asien fr\u00e5n den b\u00e4sta GHB-grossistleverant\u00f6ren, vi garanterar diskret leverans \u00f6ver hela v\u00e4rlden","robots":{"index":"index","follow":"follow","max-snippet":"max-snippet:-1","max-image-preview":"max-image-preview:large","max-video-preview":"max-video-preview:-1"},"canonical":"https:\/\/medicinasinc.com\/se\/product\/kopa-gamma-hydroxibutyrat-ghb-vatska\/","og_locale":"sv_SE","og_type":"article","og_title":"K\u00f6p gammahydroxibutyrat (GHB) - B\u00e4sta b\u00e4sta globala medicinerna","og_description":"K\u00f6p Gamma-Hydroxybutyric GHB Liquid till salu i Storbritannien, Europa, Japan, UAE, Kina, Asien fr\u00e5n den b\u00e4sta GHB-grossistleverant\u00f6ren, vi garanterar diskret leverans \u00f6ver hela v\u00e4rlden","og_url":"https:\/\/medicinasinc.com\/se\/product\/kopa-gamma-hydroxibutyrat-ghb-vatska\/","og_site_name":"Medicinas Inc","article_modified_time":"2022-07-03T23:11:02+00:00","og_image":[{"width":600,"height":450,"url":"https:\/\/medicinasinc.com\/se\/wp-content\/uploads\/sites\/16\/2022\/02\/Buy-gamma-hydroxybutyrate.jpg","type":"image\/jpeg"}],"twitter_card":"summary_large_image","twitter_misc":{"Ber\u00e4knad l\u00e4stid":"2 minuter"},"schema":{"@context":"https:\/\/schema.org","@graph":[{"@type":"WebPage","@id":"https:\/\/medicinasinc.com\/se\/product\/kopa-gamma-hydroxibutyrat-ghb-vatska\/","url":"https:\/\/medicinasinc.com\/se\/product\/kopa-gamma-hydroxibutyrat-ghb-vatska\/","name":"K\u00f6p gammahydroxibutyrat (GHB) - B\u00e4sta b\u00e4sta globala medicinerna","isPartOf":{"@id":"https:\/\/medicinasinc.com\/se\/#website"},"primaryImageOfPage":{"@id":"https:\/\/medicinasinc.com\/se\/product\/kopa-gamma-hydroxibutyrat-ghb-vatska\/#primaryimage"},"image":{"@id":"https:\/\/medicinasinc.com\/se\/product\/kopa-gamma-hydroxibutyrat-ghb-vatska\/#primaryimage"},"thumbnailUrl":"https:\/\/medicinasinc.com\/se\/wp-content\/uploads\/sites\/16\/2022\/02\/Buy-gamma-hydroxybutyrate.jpg","datePublished":"2022-02-22T07:31:17+00:00","dateModified":"2022-07-03T23:11:02+00:00","description":"K\u00f6p Gamma-Hydroxybutyric GHB Liquid till salu i Storbritannien, Europa, Japan, UAE, Kina, Asien fr\u00e5n den b\u00e4sta GHB-grossistleverant\u00f6ren, vi garanterar diskret leverans \u00f6ver hela v\u00e4rlden","breadcrumb":{"@id":"https:\/\/medicinasinc.com\/se\/product\/kopa-gamma-hydroxibutyrat-ghb-vatska\/#breadcrumb"},"inLanguage":"sv-SE","potentialAction":[{"@type":"ReadAction","target":["https:\/\/medicinasinc.com\/se\/product\/kopa-gamma-hydroxibutyrat-ghb-vatska\/"]}]},{"@type":"ImageObject","inLanguage":"sv-SE","@id":"https:\/\/medicinasinc.com\/se\/product\/kopa-gamma-hydroxibutyrat-ghb-vatska\/#primaryimage","url":"https:\/\/medicinasinc.com\/se\/wp-content\/uploads\/sites\/16\/2022\/02\/Buy-gamma-hydroxybutyrate.jpg","contentUrl":"https:\/\/medicinasinc.com\/se\/wp-content\/uploads\/sites\/16\/2022\/02\/Buy-gamma-hydroxybutyrate.jpg","width":600,"height":450},{"@type":"BreadcrumbList","@id":"https:\/\/medicinasinc.com\/se\/product\/kopa-gamma-hydroxibutyrat-ghb-vatska\/#breadcrumb","itemListElement":[{"@type":"ListItem","position":1,"name":"aff\u00e4r","item":"https:\/\/medicinasinc.com\/se\/affar\/"},{"@type":"ListItem","position":2,"name":"K\u00f6p flytande gammahydroxibutyrat (GHB)."}]},{"@type":"WebSite","@id":"https:\/\/medicinasinc.com\/se\/#website","url":"https:\/\/medicinasinc.com\/se\/","name":"Medicinas Inc","description":"Health Medical Clinic","potentialAction":[{"@type":"SearchAction","target":{"@type":"EntryPoint","urlTemplate":"https:\/\/medicinasinc.com\/se\/?s={search_term_string}"},"query-input":{"@type":"PropertyValueSpecification","valueRequired":true,"valueName":"search_term_string"}}],"inLanguage":"sv-SE"}]}},"_links":{"self":[{"href":"https:\/\/medicinasinc.com\/se\/wp-json\/wp\/v2\/product\/5858","targetHints":{"allow":["GET"]}}],"collection":[{"href":"https:\/\/medicinasinc.com\/se\/wp-json\/wp\/v2\/product"}],"about":[{"href":"https:\/\/medicinasinc.com\/se\/wp-json\/wp\/v2\/types\/product"}],"replies":[{"embeddable":true,"href":"https:\/\/medicinasinc.com\/se\/wp-json\/wp\/v2\/comments?post=5858"}],"wp:featuredmedia":[{"embeddable":true,"href":"https:\/\/medicinasinc.com\/se\/wp-json\/wp\/v2\/media\/5868"}],"wp:attachment":[{"href":"https:\/\/medicinasinc.com\/se\/wp-json\/wp\/v2\/media?parent=5858"}],"wp:term":[{"taxonomy":"product_brand","embeddable":true,"href":"https:\/\/medicinasinc.com\/se\/wp-json\/wp\/v2\/product_brand?post=5858"},{"taxonomy":"product_cat","embeddable":true,"href":"https:\/\/medicinasinc.com\/se\/wp-json\/wp\/v2\/product_cat?post=5858"},{"taxonomy":"product_tag","embeddable":true,"href":"https:\/\/medicinasinc.com\/se\/wp-json\/wp\/v2\/product_tag?post=5858"}],"curies":[{"name":"wp","href":"https:\/\/api.w.org\/{rel}","templated":true}]}}