{"id":5852,"date":"2022-02-22T07:25:44","date_gmt":"2022-02-22T07:25:44","guid":{"rendered":"https:\/\/medicinasinc.com\/se\/?post_type=product&#038;p=5852"},"modified":"2022-07-03T23:11:12","modified_gmt":"2022-07-03T23:11:12","slug":"kopa-amfetamin-pulver","status":"publish","type":"product","link":"https:\/\/medicinasinc.com\/se\/product\/kopa-amfetamin-pulver\/","title":{"rendered":"K\u00f6p amfetaminpulver"},"content":{"rendered":"<p>Amfetaminpulver kan k\u00f6pas online.<\/p>\n<p>Amfetaminpulver online i Storbritannien, Europa och Europeiska unionen, Amfetaminpulver postorder, Amfetamin \u00e4r stimulerande mediciner, vilket inneb\u00e4r att de p\u00e5skyndar \u00f6verf\u00f6ringen av meddelanden mellan hj\u00e4rnan och kroppen.<\/p>\n<p>Amfetamin \u00e4r stimulerande mediciner som p\u00e5skyndar \u00f6verf\u00f6ringen av information mellan hj\u00e4rnan och kroppen.<\/p>\n<p>Du kanske ocks\u00e5 \u00e4r intresserad av att l\u00e4ra dig mer om effekterna och h\u00e4lsorisker f\u00f6rknippade med amfetaminpulver. Det kan yttra sig p\u00e5 samma s\u00e4tt som m\u00e5nga andra mediciner g\u00f6r.<\/p>\n<p>Vissa klasser av amfetamin rekommenderas legitimt av l\u00e4kare f\u00f6r behandling av sjukdomar som ADHD och narkolepsi (d\u00e4r en person har en okontrollerbar lust att sova). Andra typer av amfetamin, s\u00e5som speed, tillverkas och s\u00e4ljs olagligt. Ett separat faktablad \u00e4r till\u00e4gnat den mer potenta formen av metamfetamin, kristallmetamfetamin (is).<\/p>\n<p>Amfetamin finns i en m\u00e4ngd olika former. Dessa mediciner finns i pulver-, tablett-, kristall- och kapselform. N\u00e4r de s\u00e4ljs illegalt kan de vara f\u00f6rpackade i &#8221;folier&#8221; (aluminiumfolie), plastp\u00e5sar eller miniatyrballonger.<\/p>\n<p>Amfetaminpulver varierar i f\u00e4rg fr\u00e5n vitt till brunt och inneh\u00e5ller ibland sp\u00e5r av gr\u00e5tt eller rosa. Den har en skarp arom och en bitter smak. Kapslar och tabletter som inneh\u00e5ller amfetamin varierar avsev\u00e4rt i storlek och f\u00e4rg.<\/p>\n<p>Amfetamin -Olagligt tillverkade amfetaminer kan inneh\u00e5lla en kombination av droger, bindemedel, koffein och socker. Dessutom kan nya psykoaktiva droger l\u00e4ggas till.<\/p>\n<p>Slangtermer<\/p>\n<p>Hastighet, snabb, stigande, uppers, louee, goey och whiz.<\/p>\n<p>Vilket syfte har de tj\u00e4nar?<\/p>\n<p>I allm\u00e4nhet intas, injiceras eller r\u00f6ks amfetamin. Dessutom fnyser de.<\/p>\n<p>Amfetamins effekter<\/p>\n<p>Amfetaminer har en varierande effekt p\u00e5 varje individ, beroende p\u00e5:<\/p>\n<p>Body mass index, vikt och h\u00e4lsa <br \/> Om individen \u00e4r van vid att ta det<br \/> Om n\u00e5gra andra mediciner tas samtidigt<br \/> Summan som dras in<br \/> L\u00e4kemedlets styrka (varierar fr\u00e5n batch till batch med illegalt producerade droger)<\/p>\n<p>Amfetamin ut\u00f6var sina effekter omedelbart (oavsett om det injiceras eller r\u00f6ks) eller inom 30 minuter (om det snusas eller sv\u00e4ljas).<\/p>\n<p>F\u00f6ljande effekter kan intr\u00e4ffa:<\/p>\n<p>Lycka och sj\u00e4lv -f\u00f6rs\u00e4kran<br \/> Att prata mer och k\u00e4nna sig mer energifylld<br \/> Upprepning av enkla handlingar som att kliar och klia sig<br \/> Pupiller stora och muntorr<br \/> Snabba hj\u00e4rtslag och andning<br \/> Tandgnissling <br \/> Aptittd\u00e4mpning<br \/> Att svettas \u00f6verdrivet<br \/> \u00d6kad sexuell upphetsning<br \/> \u00d6verdosering<\/p>\n<p>Om en betydande m\u00e4ngd eller en s\u00e4rskilt potent batch konsumeras kan det resulterar ocks\u00e5 i en \u00f6verdos. Om n\u00e5got av f\u00f6ljande symtom uppst\u00e5r ska ambulans tillkallas omedelbart genom att sl\u00e5 trippelnoll (000). Ambulanstj\u00e4nstem\u00e4n beh\u00f6ver inte r\u00e5dg\u00f6ra med polisen.<\/p>\n<p>Passar ett h\u00e4ftigt hj\u00e4rtslag<br \/> Stroke, hj\u00e4rtinfarkt och d\u00f6dsfall<\/p>\n<p>Amfetamin som snorats kan irritera n\u00e4sg\u00e5ngarna och leda till n\u00e4sblod.<\/p>\n<p>Att injicera amfetamin och dela n\u00e5lar kan \u00f6ka risken att drabbas av f\u00f6ljande:<\/p>\n<p>Virus Hepatit B<br \/> HIV\/AIDS Hepatit C<br \/> Stelkramp<br \/> Fallande<\/p>\n<p>Efter amfetaminanv\u00e4ndning kan f\u00f6ljande effekter uppst\u00e5:<\/p>\n<p>S\u00f6mnl\u00f6shet och utmattning<br \/> Huvudv\u00e4rk<br \/> Desorientering och skymd syn<br \/> F\u00f6rvirring, paranoia, och hallucinationer<br \/> Irritabilitet, hum\u00f6rsv\u00e4ngningar och depression \u00e4r alla symtom p\u00e5 depression.<\/p>\n<p>Anv\u00e4ndning av ett depressivt medel som alkohol, bensodiazepiner eller cannabis f\u00f6r att hj\u00e4lpa till att &#8221;falla ner&#8221;-processen kan kulminera i en cykel av beroende av b\u00e5da typerna av substanser.<\/p>\n<p>L\u00e5ngsiktiga konsekvenser<\/p>\n<p>Regelbunden anv\u00e4ndning av amfetamin kan s\u00e5 sm\u00e5ningom resultera i f\u00f6ljande:<\/p>\n<p>aptitd\u00e4mpning och snabb viktminskning<br \/> S\u00f6mnl\u00f6s s\u00f6mn<br \/> Tandproblem och muntorrhet<br \/> F\u00f6rkylningar och influensa \u00e4r vanliga.<br \/> Koncentrationssv\u00e5righeter<br \/> Andningssv\u00e5righeter<br \/> Muskelstelhet<br \/> Panikattacker och paranoia<br \/> Depression<br \/> Kardiovaskul\u00e4ra och njurproblem<br \/> Risken f\u00f6r stroke \u00f6kar<br \/> Att beh\u00f6va anv\u00e4nda mer f\u00f6r att uppn\u00e5 \u00f6nskad effekt<br \/> Beroende av amfetamin<br \/> Ekonomiska, yrkesm\u00e4ssiga och sociala sv\u00e5righeter<br \/> Psykos orsakad av amfetamin<\/p>\n<p>Dessutom kan h\u00f6ga doser och upprepad tung anv\u00e4ndning resultera i en &#8221;amfetaminpsykos&#8221;, som k\u00e4nnetecknas av paranoida vanf\u00f6rest\u00e4llningar, hallucinationer och aggressivt eller v\u00e5ldsamt beteende. Dessa symtom avtar ofta inom n\u00e5gra dagar efter det att individen slutat anv\u00e4nda amfetamin.<\/p>\n<p>Amfetamin i kombination med andra l\u00e4kemedel<\/p>\n<p>Interaktionerna mellan amfetamin och andra substanser, t.ex. motrecept eller receptbelagda l\u00e4kemedel, kan vara of\u00f6ruts\u00e4gbara och d\u00f6dliga och kan resultera i f\u00f6ljande:<\/p>\n<p>Amfetaminer och vissa antidepressiva l\u00e4kemedel orsakar h\u00f6gt blodtryck, vilket kan resultera i oregelbunden puls, hj\u00e4rtsvikt och stroke.<\/p>\n<p>4<\/p>\n<p>Amfetaminer som anv\u00e4nds tillsammans med alkohol, cannabis eller bensodiazepiner s\u00e4tter kroppen under extrem stress n\u00e4r den f\u00f6rs\u00f6ker hantera de mots\u00e4gelsefulla effekterna av de tv\u00e5 drogerna, vilket kan resultera i en \u00f6verdos.<\/p>\n<p>Avh\u00e4mtning<\/p>\n<p>Att ge upp amfetamin efter en l\u00e4ngre tids anv\u00e4ndning \u00e4r sv\u00e5rt eftersom kroppen m\u00e5ste anpassa sig till att fungera utan dem. Abstinensbesv\u00e4r b\u00f6r avta inom en vecka och b\u00f6r vara helt borta efter en m\u00e5nad. Symtomen inkluderar f\u00f6ljande:<\/p>\n<p>Amfetaminsug<br \/> Stimulering av aptit<br \/> F\u00f6rvirring och irritation<br \/> Bl\u00e5m\u00e4rken och v\u00e4rk<br \/> Utmattning<br \/> S\u00f6mnl\u00f6shet och mardr\u00f6mmar<br \/> Affektiva st\u00f6rningar som \u00e5ngest, depression och paranoia<\/p>\n","protected":false},"excerpt":{"rendered":"<p>K\u00f6p amfetaminpulver till salu Storbritannien, Europa billiga generiska och m\u00e4rkespiller i Sapporo. Du kan k\u00f6pa amfetaminpulver till salu online genom att anv\u00e4nda Bitcoin (BTC)<\/p>\n<p>Amfetaminpulver \u00e4r ett starkt stimulerande medel f\u00f6r centralnerv\u00f6sa system (hj\u00e4rn- och ryggm\u00e4rgsneuroner) och har anv\u00e4nts medicinskt f\u00f6r att behandla en m\u00e4ngd olika tillst\u00e5nd. Dessutom \u00e4r det extremt beroendeframkallande och har en historia av missbruk.<\/p>\n<p>Amfetaminpulver \u00e4r ett receptbelagt l\u00e4kemedel som anv\u00e4nds f\u00f6r att behandla uppm\u00e4rksamhetsst\u00f6rning med hyperaktivitet (ADHD).<\/p>\n","protected":false},"featured_media":5862,"comment_status":"open","ping_status":"closed","template":"","meta":[],"product_brand":[],"product_cat":[703,2014],"product_tag":[4007,4008,4010,4009,4012,4011,4013],"class_list":{"0":"post-5852","1":"product","2":"type-product","3":"status-publish","4":"has-post-thumbnail","6":"product_cat-kop-psykedeliska-droger","7":"product_cat-kop-research-chemicals","8":"product_tag-amfetamin-pulver","9":"product_tag-amfetamin-pulver-till-salu","10":"product_tag-bestlla-amfetamin-pulver-online","11":"product_tag-buy-amphetamine-powder-online","12":"product_tag-det-bsta-stllet-att-kpa-amfetamin-pulver-online","13":"product_tag-kpa-amfetamin-pulver-online","14":"product_tag-var-att-kpa-amfetamin-pulver-online","16":"first","17":"instock","18":"shipping-taxable","19":"purchasable","20":"product-type-variable"},"yoast_head":"<!-- This site is optimized with the Yoast SEO plugin v27.3 - https:\/\/yoast.com\/product\/yoast-seo-wordpress\/ -->\n<title>K\u00f6p amfetaminpulver - b\u00e4sta b\u00e4sta globala medicin<\/title>\n<meta name=\"description\" content=\"K\u00f6p amfetaminpulver till salu Storbritannien, Europa billiga generiska och m\u00e4rkespiller i Sapporo, du kan best\u00e4lla amfetaminpulver till salu online genom att anv\u00e4nda Bitcoin (BTC)\" \/>\n<meta name=\"robots\" content=\"index, follow, max-snippet:-1, max-image-preview:large, max-video-preview:-1\" \/>\n<link rel=\"canonical\" href=\"https:\/\/medicinasinc.com\/se\/product\/kopa-amfetamin-pulver\/\" \/>\n<meta property=\"og:locale\" content=\"sv_SE\" \/>\n<meta property=\"og:type\" content=\"article\" \/>\n<meta property=\"og:title\" content=\"K\u00f6p amfetaminpulver - b\u00e4sta b\u00e4sta globala medicin\" \/>\n<meta property=\"og:description\" content=\"K\u00f6p amfetaminpulver till salu Storbritannien, Europa billiga generiska och m\u00e4rkespiller i Sapporo, du kan best\u00e4lla amfetaminpulver till salu online genom att anv\u00e4nda Bitcoin (BTC)\" \/>\n<meta property=\"og:url\" content=\"https:\/\/medicinasinc.com\/se\/product\/kopa-amfetamin-pulver\/\" \/>\n<meta property=\"og:site_name\" content=\"Medicinas Inc\" \/>\n<meta property=\"article:modified_time\" content=\"2022-07-03T23:11:12+00:00\" \/>\n<meta property=\"og:image\" content=\"https:\/\/medicinasinc.com\/se\/wp-content\/uploads\/sites\/16\/2022\/02\/Buy-Amphetamine-Powder.png\" \/>\n\t<meta property=\"og:image:width\" content=\"412\" \/>\n\t<meta property=\"og:image:height\" content=\"550\" \/>\n\t<meta property=\"og:image:type\" content=\"image\/png\" \/>\n<meta name=\"twitter:card\" content=\"summary_large_image\" \/>\n<meta name=\"twitter:label1\" content=\"Ber\u00e4knad l\u00e4stid\" \/>\n\t<meta name=\"twitter:data1\" content=\"4 minuter\" \/>\n<script type=\"application\/ld+json\" class=\"yoast-schema-graph\">{\"@context\":\"https:\\\/\\\/schema.org\",\"@graph\":[{\"@type\":\"WebPage\",\"@id\":\"https:\\\/\\\/medicinasinc.com\\\/se\\\/product\\\/kopa-amfetamin-pulver\\\/\",\"url\":\"https:\\\/\\\/medicinasinc.com\\\/se\\\/product\\\/kopa-amfetamin-pulver\\\/\",\"name\":\"K\u00f6p amfetaminpulver - b\u00e4sta b\u00e4sta globala medicin\",\"isPartOf\":{\"@id\":\"https:\\\/\\\/medicinasinc.com\\\/se\\\/#website\"},\"primaryImageOfPage\":{\"@id\":\"https:\\\/\\\/medicinasinc.com\\\/se\\\/product\\\/kopa-amfetamin-pulver\\\/#primaryimage\"},\"image\":{\"@id\":\"https:\\\/\\\/medicinasinc.com\\\/se\\\/product\\\/kopa-amfetamin-pulver\\\/#primaryimage\"},\"thumbnailUrl\":\"https:\\\/\\\/medicinasinc.com\\\/se\\\/wp-content\\\/uploads\\\/sites\\\/16\\\/2022\\\/02\\\/Buy-Amphetamine-Powder.png\",\"datePublished\":\"2022-02-22T07:25:44+00:00\",\"dateModified\":\"2022-07-03T23:11:12+00:00\",\"description\":\"K\u00f6p amfetaminpulver till salu Storbritannien, Europa billiga generiska och m\u00e4rkespiller i Sapporo, du kan best\u00e4lla amfetaminpulver till salu online genom att anv\u00e4nda Bitcoin (BTC)\",\"breadcrumb\":{\"@id\":\"https:\\\/\\\/medicinasinc.com\\\/se\\\/product\\\/kopa-amfetamin-pulver\\\/#breadcrumb\"},\"inLanguage\":\"sv-SE\",\"potentialAction\":[{\"@type\":\"ReadAction\",\"target\":[\"https:\\\/\\\/medicinasinc.com\\\/se\\\/product\\\/kopa-amfetamin-pulver\\\/\"]}]},{\"@type\":\"ImageObject\",\"inLanguage\":\"sv-SE\",\"@id\":\"https:\\\/\\\/medicinasinc.com\\\/se\\\/product\\\/kopa-amfetamin-pulver\\\/#primaryimage\",\"url\":\"https:\\\/\\\/medicinasinc.com\\\/se\\\/wp-content\\\/uploads\\\/sites\\\/16\\\/2022\\\/02\\\/Buy-Amphetamine-Powder.png\",\"contentUrl\":\"https:\\\/\\\/medicinasinc.com\\\/se\\\/wp-content\\\/uploads\\\/sites\\\/16\\\/2022\\\/02\\\/Buy-Amphetamine-Powder.png\",\"width\":412,\"height\":550},{\"@type\":\"BreadcrumbList\",\"@id\":\"https:\\\/\\\/medicinasinc.com\\\/se\\\/product\\\/kopa-amfetamin-pulver\\\/#breadcrumb\",\"itemListElement\":[{\"@type\":\"ListItem\",\"position\":1,\"name\":\"aff\u00e4r\",\"item\":\"https:\\\/\\\/medicinasinc.com\\\/se\\\/affar\\\/\"},{\"@type\":\"ListItem\",\"position\":2,\"name\":\"K\u00f6p amfetaminpulver\"}]},{\"@type\":\"WebSite\",\"@id\":\"https:\\\/\\\/medicinasinc.com\\\/se\\\/#website\",\"url\":\"https:\\\/\\\/medicinasinc.com\\\/se\\\/\",\"name\":\"Medicinas Inc\",\"description\":\"Health Medical Clinic\",\"potentialAction\":[{\"@type\":\"SearchAction\",\"target\":{\"@type\":\"EntryPoint\",\"urlTemplate\":\"https:\\\/\\\/medicinasinc.com\\\/se\\\/?s={search_term_string}\"},\"query-input\":{\"@type\":\"PropertyValueSpecification\",\"valueRequired\":true,\"valueName\":\"search_term_string\"}}],\"inLanguage\":\"sv-SE\"}]}<\/script>\n<!-- \/ Yoast SEO plugin. -->","yoast_head_json":{"title":"K\u00f6p amfetaminpulver - b\u00e4sta b\u00e4sta globala medicin","description":"K\u00f6p amfetaminpulver till salu Storbritannien, Europa billiga generiska och m\u00e4rkespiller i Sapporo, du kan best\u00e4lla amfetaminpulver till salu online genom att anv\u00e4nda Bitcoin (BTC)","robots":{"index":"index","follow":"follow","max-snippet":"max-snippet:-1","max-image-preview":"max-image-preview:large","max-video-preview":"max-video-preview:-1"},"canonical":"https:\/\/medicinasinc.com\/se\/product\/kopa-amfetamin-pulver\/","og_locale":"sv_SE","og_type":"article","og_title":"K\u00f6p amfetaminpulver - b\u00e4sta b\u00e4sta globala medicin","og_description":"K\u00f6p amfetaminpulver till salu Storbritannien, Europa billiga generiska och m\u00e4rkespiller i Sapporo, du kan best\u00e4lla amfetaminpulver till salu online genom att anv\u00e4nda Bitcoin (BTC)","og_url":"https:\/\/medicinasinc.com\/se\/product\/kopa-amfetamin-pulver\/","og_site_name":"Medicinas Inc","article_modified_time":"2022-07-03T23:11:12+00:00","og_image":[{"width":412,"height":550,"url":"https:\/\/medicinasinc.com\/se\/wp-content\/uploads\/sites\/16\/2022\/02\/Buy-Amphetamine-Powder.png","type":"image\/png"}],"twitter_card":"summary_large_image","twitter_misc":{"Ber\u00e4knad l\u00e4stid":"4 minuter"},"schema":{"@context":"https:\/\/schema.org","@graph":[{"@type":"WebPage","@id":"https:\/\/medicinasinc.com\/se\/product\/kopa-amfetamin-pulver\/","url":"https:\/\/medicinasinc.com\/se\/product\/kopa-amfetamin-pulver\/","name":"K\u00f6p amfetaminpulver - b\u00e4sta b\u00e4sta globala medicin","isPartOf":{"@id":"https:\/\/medicinasinc.com\/se\/#website"},"primaryImageOfPage":{"@id":"https:\/\/medicinasinc.com\/se\/product\/kopa-amfetamin-pulver\/#primaryimage"},"image":{"@id":"https:\/\/medicinasinc.com\/se\/product\/kopa-amfetamin-pulver\/#primaryimage"},"thumbnailUrl":"https:\/\/medicinasinc.com\/se\/wp-content\/uploads\/sites\/16\/2022\/02\/Buy-Amphetamine-Powder.png","datePublished":"2022-02-22T07:25:44+00:00","dateModified":"2022-07-03T23:11:12+00:00","description":"K\u00f6p amfetaminpulver till salu Storbritannien, Europa billiga generiska och m\u00e4rkespiller i Sapporo, du kan best\u00e4lla amfetaminpulver till salu online genom att anv\u00e4nda Bitcoin (BTC)","breadcrumb":{"@id":"https:\/\/medicinasinc.com\/se\/product\/kopa-amfetamin-pulver\/#breadcrumb"},"inLanguage":"sv-SE","potentialAction":[{"@type":"ReadAction","target":["https:\/\/medicinasinc.com\/se\/product\/kopa-amfetamin-pulver\/"]}]},{"@type":"ImageObject","inLanguage":"sv-SE","@id":"https:\/\/medicinasinc.com\/se\/product\/kopa-amfetamin-pulver\/#primaryimage","url":"https:\/\/medicinasinc.com\/se\/wp-content\/uploads\/sites\/16\/2022\/02\/Buy-Amphetamine-Powder.png","contentUrl":"https:\/\/medicinasinc.com\/se\/wp-content\/uploads\/sites\/16\/2022\/02\/Buy-Amphetamine-Powder.png","width":412,"height":550},{"@type":"BreadcrumbList","@id":"https:\/\/medicinasinc.com\/se\/product\/kopa-amfetamin-pulver\/#breadcrumb","itemListElement":[{"@type":"ListItem","position":1,"name":"aff\u00e4r","item":"https:\/\/medicinasinc.com\/se\/affar\/"},{"@type":"ListItem","position":2,"name":"K\u00f6p amfetaminpulver"}]},{"@type":"WebSite","@id":"https:\/\/medicinasinc.com\/se\/#website","url":"https:\/\/medicinasinc.com\/se\/","name":"Medicinas Inc","description":"Health Medical Clinic","potentialAction":[{"@type":"SearchAction","target":{"@type":"EntryPoint","urlTemplate":"https:\/\/medicinasinc.com\/se\/?s={search_term_string}"},"query-input":{"@type":"PropertyValueSpecification","valueRequired":true,"valueName":"search_term_string"}}],"inLanguage":"sv-SE"}]}},"_links":{"self":[{"href":"https:\/\/medicinasinc.com\/se\/wp-json\/wp\/v2\/product\/5852","targetHints":{"allow":["GET"]}}],"collection":[{"href":"https:\/\/medicinasinc.com\/se\/wp-json\/wp\/v2\/product"}],"about":[{"href":"https:\/\/medicinasinc.com\/se\/wp-json\/wp\/v2\/types\/product"}],"replies":[{"embeddable":true,"href":"https:\/\/medicinasinc.com\/se\/wp-json\/wp\/v2\/comments?post=5852"}],"wp:featuredmedia":[{"embeddable":true,"href":"https:\/\/medicinasinc.com\/se\/wp-json\/wp\/v2\/media\/5862"}],"wp:attachment":[{"href":"https:\/\/medicinasinc.com\/se\/wp-json\/wp\/v2\/media?parent=5852"}],"wp:term":[{"taxonomy":"product_brand","embeddable":true,"href":"https:\/\/medicinasinc.com\/se\/wp-json\/wp\/v2\/product_brand?post=5852"},{"taxonomy":"product_cat","embeddable":true,"href":"https:\/\/medicinasinc.com\/se\/wp-json\/wp\/v2\/product_cat?post=5852"},{"taxonomy":"product_tag","embeddable":true,"href":"https:\/\/medicinasinc.com\/se\/wp-json\/wp\/v2\/product_tag?post=5852"}],"curies":[{"name":"wp","href":"https:\/\/api.w.org\/{rel}","templated":true}]}}