{"id":5846,"date":"2022-02-22T07:19:31","date_gmt":"2022-02-22T07:19:31","guid":{"rendered":"https:\/\/medicinasinc.com\/se\/?post_type=product&#038;p=5846"},"modified":"2022-07-03T23:11:21","modified_gmt":"2022-07-03T23:11:21","slug":"approvarbitone","status":"publish","type":"product","link":"https:\/\/medicinasinc.com\/se\/product\/approvarbitone\/","title":{"rendered":"Aprobarbiton"},"content":{"rendered":"<p>Aprobarbiton kan k\u00f6pas online fr\u00e5n ett f\u00f6rstklassigt Nembutal-apotek p\u00e5 n\u00e4tet<\/p>\n<p>Nembutal-apotek online har funnits under en l\u00e5ng tid. Vi har nu en grundlig f\u00f6rst\u00e5else f\u00f6r synpunkter och f\u00f6rv\u00e4ntningar hos kunder \u00f6ver hela v\u00e4rlden. Vi \u00e4r h\u00e4r f\u00f6r att uppfylla alla dina Aprobarbitone-krav. Om du funderar p\u00e5 att k\u00f6pa Aprobarbitone online \u00e4r v\u00e5rt apotek det b\u00e4sta st\u00e4llet att g\u00f6ra det. Vi erbjuder detta terapeutiska l\u00e4kemedel till ett rimligt pris. Du kan enkelt k\u00f6pa det fr\u00e5n oss och vi kommer att leverera det inom den angivna tidsramen.<\/p>\n<p>Vad \u00e4r Aprobarbitones roll i din h\u00e4lsa?<\/p>\n<p>Aprobarbitone kan hj\u00e4lpa dig att f\u00e5 en god natts s\u00f6mn . I ett n\u00f6tskal \u00e4r det ett idealiskt botemedel f\u00f6r s\u00f6mnl\u00f6sa. Det \u00e4r v\u00e4lk\u00e4nt f\u00f6r sina extraordin\u00e4ra lugnande, hypnotiska och antikonvulsiva egenskaper.<\/p>\n<p>Varf\u00f6r ska du k\u00f6pa Aprobarbitone online fr\u00e5n oss?<\/p>\n<p>Vi \u00e4r en mycket specialiserad grupp individer med l\u00e5ng erfarenhet inom l\u00e4kemedels- och l\u00e4kemedelsomr\u00e5det. Dessutom ut\u00f6kar vi tillg\u00e5ngen till Aprobarbitone och andra mediciner \u00f6ver hela v\u00e4rlden. Du kan nu f\u00e5 Aprobarbitone online till det billigaste priset fr\u00e5n bekv\u00e4mligheten av ditt eget hem. Vi \u00e4r bara ett musklick bort. Skicka din best\u00e4llning f\u00f6r att k\u00f6pa Aprobarbitone online idag och den kommer att levereras till din angivna adress inom kort.<\/p>\n","protected":false},"excerpt":{"rendered":"<p>Hur k\u00f6per man Aprobarbitone online fr\u00e5n ett Nembutal-apotek?<\/p>\n<p>Nembutal Online Pharmacy \u00e4r den idealiska platsen f\u00f6r att m\u00f6ta alla dina Aprobarbitone-behov och krav. L\u00e4gg bara din medicin i kundvagnen, forts\u00e4tt genom betalningsprocessen och g\u00f6r din best\u00e4llning p\u00e5 v\u00e5r hemsida. Nu \u00e4r det dags att kontakta v\u00e5rt apotek och f\u00e5 b\u00e4sta m\u00f6jliga v\u00e5rd f\u00f6r din h\u00e4lsa. K\u00f6p Aprobarbital nu!<\/p>\n","protected":false},"featured_media":5856,"comment_status":"open","ping_status":"closed","template":"","meta":[],"product_brand":[],"product_cat":[3818],"product_tag":[],"class_list":{"0":"post-5846","1":"product","2":"type-product","3":"status-publish","4":"has-post-thumbnail","6":"product_cat-pentobarbital-till-salu","8":"first","9":"instock","10":"featured","11":"shipping-taxable","12":"purchasable","13":"product-type-variable"},"yoast_head":"<!-- This site is optimized with the Yoast SEO plugin v27.3 - https:\/\/yoast.com\/product\/yoast-seo-wordpress\/ -->\n<title>K\u00f6p Aprobarbitone - Best Best Global Meds<\/title>\n<meta name=\"robots\" content=\"index, follow, max-snippet:-1, max-image-preview:large, max-video-preview:-1\" \/>\n<link rel=\"canonical\" href=\"https:\/\/medicinasinc.com\/se\/product\/approvarbitone\/\" \/>\n<meta property=\"og:locale\" content=\"sv_SE\" \/>\n<meta property=\"og:type\" content=\"article\" \/>\n<meta property=\"og:title\" content=\"K\u00f6p Aprobarbitone - Best Best Global Meds\" \/>\n<meta property=\"og:description\" content=\"Hur k\u00f6per man Aprobarbitone online fr\u00e5n ett Nembutal-apotek? Nembutal Online Pharmacy \u00e4r den idealiska platsen f\u00f6r att m\u00f6ta alla dina Aprobarbitone-behov och krav. L\u00e4gg bara din medicin i kundvagnen, forts\u00e4tt genom betalningsprocessen och g\u00f6r din best\u00e4llning p\u00e5 v\u00e5r hemsida. Nu \u00e4r det dags att kontakta v\u00e5rt apotek och f\u00e5 b\u00e4sta m\u00f6jliga v\u00e5rd f\u00f6r din h\u00e4lsa. K\u00f6p Aprobarbital nu!\" \/>\n<meta property=\"og:url\" content=\"https:\/\/medicinasinc.com\/se\/product\/approvarbitone\/\" \/>\n<meta property=\"og:site_name\" content=\"Medicinas Inc\" \/>\n<meta property=\"article:modified_time\" content=\"2022-07-03T23:11:21+00:00\" \/>\n<meta property=\"og:image\" content=\"https:\/\/medicinasinc.com\/se\/wp-content\/uploads\/sites\/16\/2022\/02\/Aprobarbitone.jpg\" \/>\n\t<meta property=\"og:image:width\" content=\"600\" \/>\n\t<meta property=\"og:image:height\" content=\"600\" \/>\n\t<meta property=\"og:image:type\" content=\"image\/jpeg\" \/>\n<meta name=\"twitter:card\" content=\"summary_large_image\" \/>\n<meta name=\"twitter:label1\" content=\"Ber\u00e4knad l\u00e4stid\" \/>\n\t<meta name=\"twitter:data1\" content=\"1 minut\" \/>\n<script type=\"application\/ld+json\" class=\"yoast-schema-graph\">{\"@context\":\"https:\\\/\\\/schema.org\",\"@graph\":[{\"@type\":\"WebPage\",\"@id\":\"https:\\\/\\\/medicinasinc.com\\\/se\\\/product\\\/approvarbitone\\\/\",\"url\":\"https:\\\/\\\/medicinasinc.com\\\/se\\\/product\\\/approvarbitone\\\/\",\"name\":\"K\u00f6p Aprobarbitone - Best Best Global Meds\",\"isPartOf\":{\"@id\":\"https:\\\/\\\/medicinasinc.com\\\/se\\\/#website\"},\"primaryImageOfPage\":{\"@id\":\"https:\\\/\\\/medicinasinc.com\\\/se\\\/product\\\/approvarbitone\\\/#primaryimage\"},\"image\":{\"@id\":\"https:\\\/\\\/medicinasinc.com\\\/se\\\/product\\\/approvarbitone\\\/#primaryimage\"},\"thumbnailUrl\":\"https:\\\/\\\/medicinasinc.com\\\/se\\\/wp-content\\\/uploads\\\/sites\\\/16\\\/2022\\\/02\\\/Aprobarbitone.jpg\",\"datePublished\":\"2022-02-22T07:19:31+00:00\",\"dateModified\":\"2022-07-03T23:11:21+00:00\",\"breadcrumb\":{\"@id\":\"https:\\\/\\\/medicinasinc.com\\\/se\\\/product\\\/approvarbitone\\\/#breadcrumb\"},\"inLanguage\":\"sv-SE\",\"potentialAction\":[{\"@type\":\"ReadAction\",\"target\":[\"https:\\\/\\\/medicinasinc.com\\\/se\\\/product\\\/approvarbitone\\\/\"]}]},{\"@type\":\"ImageObject\",\"inLanguage\":\"sv-SE\",\"@id\":\"https:\\\/\\\/medicinasinc.com\\\/se\\\/product\\\/approvarbitone\\\/#primaryimage\",\"url\":\"https:\\\/\\\/medicinasinc.com\\\/se\\\/wp-content\\\/uploads\\\/sites\\\/16\\\/2022\\\/02\\\/Aprobarbitone.jpg\",\"contentUrl\":\"https:\\\/\\\/medicinasinc.com\\\/se\\\/wp-content\\\/uploads\\\/sites\\\/16\\\/2022\\\/02\\\/Aprobarbitone.jpg\",\"width\":600,\"height\":600},{\"@type\":\"BreadcrumbList\",\"@id\":\"https:\\\/\\\/medicinasinc.com\\\/se\\\/product\\\/approvarbitone\\\/#breadcrumb\",\"itemListElement\":[{\"@type\":\"ListItem\",\"position\":1,\"name\":\"aff\u00e4r\",\"item\":\"https:\\\/\\\/medicinasinc.com\\\/se\\\/affar\\\/\"},{\"@type\":\"ListItem\",\"position\":2,\"name\":\"Aprobarbiton\"}]},{\"@type\":\"WebSite\",\"@id\":\"https:\\\/\\\/medicinasinc.com\\\/se\\\/#website\",\"url\":\"https:\\\/\\\/medicinasinc.com\\\/se\\\/\",\"name\":\"Medicinas Inc\",\"description\":\"Health Medical Clinic\",\"potentialAction\":[{\"@type\":\"SearchAction\",\"target\":{\"@type\":\"EntryPoint\",\"urlTemplate\":\"https:\\\/\\\/medicinasinc.com\\\/se\\\/?s={search_term_string}\"},\"query-input\":{\"@type\":\"PropertyValueSpecification\",\"valueRequired\":true,\"valueName\":\"search_term_string\"}}],\"inLanguage\":\"sv-SE\"}]}<\/script>\n<!-- \/ Yoast SEO plugin. -->","yoast_head_json":{"title":"K\u00f6p Aprobarbitone - Best Best Global Meds","robots":{"index":"index","follow":"follow","max-snippet":"max-snippet:-1","max-image-preview":"max-image-preview:large","max-video-preview":"max-video-preview:-1"},"canonical":"https:\/\/medicinasinc.com\/se\/product\/approvarbitone\/","og_locale":"sv_SE","og_type":"article","og_title":"K\u00f6p Aprobarbitone - Best Best Global Meds","og_description":"Hur k\u00f6per man Aprobarbitone online fr\u00e5n ett Nembutal-apotek? Nembutal Online Pharmacy \u00e4r den idealiska platsen f\u00f6r att m\u00f6ta alla dina Aprobarbitone-behov och krav. L\u00e4gg bara din medicin i kundvagnen, forts\u00e4tt genom betalningsprocessen och g\u00f6r din best\u00e4llning p\u00e5 v\u00e5r hemsida. Nu \u00e4r det dags att kontakta v\u00e5rt apotek och f\u00e5 b\u00e4sta m\u00f6jliga v\u00e5rd f\u00f6r din h\u00e4lsa. K\u00f6p Aprobarbital nu!","og_url":"https:\/\/medicinasinc.com\/se\/product\/approvarbitone\/","og_site_name":"Medicinas Inc","article_modified_time":"2022-07-03T23:11:21+00:00","og_image":[{"width":600,"height":600,"url":"https:\/\/medicinasinc.com\/se\/wp-content\/uploads\/sites\/16\/2022\/02\/Aprobarbitone.jpg","type":"image\/jpeg"}],"twitter_card":"summary_large_image","twitter_misc":{"Ber\u00e4knad l\u00e4stid":"1 minut"},"schema":{"@context":"https:\/\/schema.org","@graph":[{"@type":"WebPage","@id":"https:\/\/medicinasinc.com\/se\/product\/approvarbitone\/","url":"https:\/\/medicinasinc.com\/se\/product\/approvarbitone\/","name":"K\u00f6p Aprobarbitone - Best Best Global Meds","isPartOf":{"@id":"https:\/\/medicinasinc.com\/se\/#website"},"primaryImageOfPage":{"@id":"https:\/\/medicinasinc.com\/se\/product\/approvarbitone\/#primaryimage"},"image":{"@id":"https:\/\/medicinasinc.com\/se\/product\/approvarbitone\/#primaryimage"},"thumbnailUrl":"https:\/\/medicinasinc.com\/se\/wp-content\/uploads\/sites\/16\/2022\/02\/Aprobarbitone.jpg","datePublished":"2022-02-22T07:19:31+00:00","dateModified":"2022-07-03T23:11:21+00:00","breadcrumb":{"@id":"https:\/\/medicinasinc.com\/se\/product\/approvarbitone\/#breadcrumb"},"inLanguage":"sv-SE","potentialAction":[{"@type":"ReadAction","target":["https:\/\/medicinasinc.com\/se\/product\/approvarbitone\/"]}]},{"@type":"ImageObject","inLanguage":"sv-SE","@id":"https:\/\/medicinasinc.com\/se\/product\/approvarbitone\/#primaryimage","url":"https:\/\/medicinasinc.com\/se\/wp-content\/uploads\/sites\/16\/2022\/02\/Aprobarbitone.jpg","contentUrl":"https:\/\/medicinasinc.com\/se\/wp-content\/uploads\/sites\/16\/2022\/02\/Aprobarbitone.jpg","width":600,"height":600},{"@type":"BreadcrumbList","@id":"https:\/\/medicinasinc.com\/se\/product\/approvarbitone\/#breadcrumb","itemListElement":[{"@type":"ListItem","position":1,"name":"aff\u00e4r","item":"https:\/\/medicinasinc.com\/se\/affar\/"},{"@type":"ListItem","position":2,"name":"Aprobarbiton"}]},{"@type":"WebSite","@id":"https:\/\/medicinasinc.com\/se\/#website","url":"https:\/\/medicinasinc.com\/se\/","name":"Medicinas Inc","description":"Health Medical Clinic","potentialAction":[{"@type":"SearchAction","target":{"@type":"EntryPoint","urlTemplate":"https:\/\/medicinasinc.com\/se\/?s={search_term_string}"},"query-input":{"@type":"PropertyValueSpecification","valueRequired":true,"valueName":"search_term_string"}}],"inLanguage":"sv-SE"}]}},"_links":{"self":[{"href":"https:\/\/medicinasinc.com\/se\/wp-json\/wp\/v2\/product\/5846","targetHints":{"allow":["GET"]}}],"collection":[{"href":"https:\/\/medicinasinc.com\/se\/wp-json\/wp\/v2\/product"}],"about":[{"href":"https:\/\/medicinasinc.com\/se\/wp-json\/wp\/v2\/types\/product"}],"replies":[{"embeddable":true,"href":"https:\/\/medicinasinc.com\/se\/wp-json\/wp\/v2\/comments?post=5846"}],"wp:featuredmedia":[{"embeddable":true,"href":"https:\/\/medicinasinc.com\/se\/wp-json\/wp\/v2\/media\/5856"}],"wp:attachment":[{"href":"https:\/\/medicinasinc.com\/se\/wp-json\/wp\/v2\/media?parent=5846"}],"wp:term":[{"taxonomy":"product_brand","embeddable":true,"href":"https:\/\/medicinasinc.com\/se\/wp-json\/wp\/v2\/product_brand?post=5846"},{"taxonomy":"product_cat","embeddable":true,"href":"https:\/\/medicinasinc.com\/se\/wp-json\/wp\/v2\/product_cat?post=5846"},{"taxonomy":"product_tag","embeddable":true,"href":"https:\/\/medicinasinc.com\/se\/wp-json\/wp\/v2\/product_tag?post=5846"}],"curies":[{"name":"wp","href":"https:\/\/api.w.org\/{rel}","templated":true}]}}