{"id":5834,"date":"2022-02-22T07:05:31","date_gmt":"2022-02-22T07:05:31","guid":{"rendered":"https:\/\/medicinasinc.com\/se\/?post_type=product&#038;p=5834"},"modified":"2022-07-03T23:11:36","modified_gmt":"2022-07-03T23:11:36","slug":"kop-butabarbital-online","status":"publish","type":"product","link":"https:\/\/medicinasinc.com\/se\/product\/kop-butabarbital-online\/","title":{"rendered":"K\u00f6p Butabarbital online"},"content":{"rendered":"<p>K\u00f6p Butabarbital Sodium 50 mg tabletter fr\u00e5n The Best Pharmacy Online.<\/p>\n<p>Nembutal Online Pharmacy \u00e4r det b\u00e4sta st\u00e4llet att k\u00f6pa Butabarbital Sodium 50 mg tabletter till l\u00e4gsta kostnad. Vi har varit i l\u00e4kemedelsindustrin under en l\u00e5ng tid. Du kan lita p\u00e5 att vi ger b\u00e4sta m\u00f6jliga v\u00e5rd f\u00f6r din h\u00e4lsa. V\u00e5ra skickliga teammedlemmar kommer att g\u00f6ra allt f\u00f6r att \u00f6vertr\u00e4ffa dina f\u00f6rv\u00e4ntningar. K\u00f6p omedelbart!<\/p>\n<p>Hur ska du anv\u00e4nda butabarbitalnatrium efter att du k\u00f6pt det fr\u00e5n oss?<\/p>\n<p>Butabarbitalnatrium \u00e4r ett utm\u00e4rkt l\u00e4kemedel f\u00f6r att behandla s\u00f6mnl\u00f6shet hos m\u00e4nniskor. Vanligtvis \u00e4r det en korttidsmedicinering. Denna substans kan anv\u00e4ndas inom den medicinska industrin som ett lugnande medel f\u00f6re en operation.<\/p>\n<p>F\u00f6r att s\u00e4kerst\u00e4lla korrekt administrering av butabarbitalnatrium f\u00f6rser vi v\u00e5ra kunder med en manuell guide. Denna manual inneh\u00e5ller alla instruktioner f\u00f6r medicinen. Du kan enkelt l\u00e4sa dem en efter en och anv\u00e4nda dem av de sk\u00e4l som de var avsedda f\u00f6r. Du kan ha fullt f\u00f6rtroende f\u00f6r v\u00e5rt v\u00e4lrenommerade onlineapotek. Vi \u00f6verv\u00e4ger konsekvent v\u00e5ra uppskattade konsumenters b\u00e4sta. Vi \u00e4r st\u00e4ndigt bekymrade \u00f6ver v\u00e5ra kunders h\u00e4lsa och inspekterar alla produkter f\u00f6re leverans.<\/p>\n<p>Du kan kontakta oss f\u00f6r att f\u00e5 b\u00e4sta pris p\u00e5 Butabarbital Sodium. V\u00e5ra experter \u00f6vers\u00e4tter din best\u00e4llning och ordnar den f\u00f6r omedelbar leverans. Dina mediciner kommer att skickas till dig inom den tidsram som anges av v\u00e5rt onlineapotek. Nembutal \u00e4r tillg\u00e4ngligt till ett rabatterat pris just nu!<\/p>\n","protected":false},"excerpt":{"rendered":"<p>Hur kan jag f\u00e5 butabarbitalnatrium fr\u00e5n ett Nembutal onlineapotek?<\/p>\n<p>Nembutal onlineapotek \u00e4r nu tillg\u00e4ngligt. Skicka in dina best\u00e4llningsuppgifter och betalning f\u00f6r Butabarbital Sodium 50 mg tabletter p\u00e5 v\u00e5r officiella hemsida. N\u00e4r en best\u00e4llning har lagts kommer den att behandlas inom den angivna tidsramen. L\u00e4gg din best\u00e4llning idag!<\/p>\n","protected":false},"featured_media":5844,"comment_status":"open","ping_status":"closed","template":"","meta":[],"product_brand":[],"product_cat":[3818],"product_tag":[],"class_list":{"0":"post-5834","1":"product","2":"type-product","3":"status-publish","4":"has-post-thumbnail","6":"product_cat-pentobarbital-till-salu","8":"first","9":"instock","10":"shipping-taxable","11":"purchasable","12":"product-type-variable"},"yoast_head":"<!-- This site is optimized with the Yoast SEO plugin v27.3 - https:\/\/yoast.com\/product\/yoast-seo-wordpress\/ -->\n<title>K\u00f6p Butabarbital Online - B\u00e4sta b\u00e4sta globala medicinerna<\/title>\n<meta name=\"robots\" content=\"index, follow, max-snippet:-1, max-image-preview:large, max-video-preview:-1\" \/>\n<link rel=\"canonical\" href=\"https:\/\/medicinasinc.com\/se\/product\/kop-butabarbital-online\/\" \/>\n<meta property=\"og:locale\" content=\"sv_SE\" \/>\n<meta property=\"og:type\" content=\"article\" \/>\n<meta property=\"og:title\" content=\"K\u00f6p Butabarbital Online - B\u00e4sta b\u00e4sta globala medicinerna\" \/>\n<meta property=\"og:description\" content=\"Hur kan jag f\u00e5 butabarbitalnatrium fr\u00e5n ett Nembutal onlineapotek? Nembutal onlineapotek \u00e4r nu tillg\u00e4ngligt. Skicka in dina best\u00e4llningsuppgifter och betalning f\u00f6r Butabarbital Sodium 50 mg tabletter p\u00e5 v\u00e5r officiella hemsida. N\u00e4r en best\u00e4llning har lagts kommer den att behandlas inom den angivna tidsramen. L\u00e4gg din best\u00e4llning idag!\" \/>\n<meta property=\"og:url\" content=\"https:\/\/medicinasinc.com\/se\/product\/kop-butabarbital-online\/\" \/>\n<meta property=\"og:site_name\" content=\"Medicinas Inc\" \/>\n<meta property=\"article:modified_time\" content=\"2022-07-03T23:11:36+00:00\" \/>\n<meta property=\"og:image\" content=\"https:\/\/medicinasinc.com\/se\/wp-content\/uploads\/sites\/16\/2022\/02\/Buy-Butabarbital.jpg\" \/>\n\t<meta property=\"og:image:width\" content=\"600\" \/>\n\t<meta property=\"og:image:height\" content=\"600\" \/>\n\t<meta property=\"og:image:type\" content=\"image\/jpeg\" \/>\n<meta name=\"twitter:card\" content=\"summary_large_image\" \/>\n<meta name=\"twitter:label1\" content=\"Ber\u00e4knad l\u00e4stid\" \/>\n\t<meta name=\"twitter:data1\" content=\"2 minuter\" \/>\n<script type=\"application\/ld+json\" class=\"yoast-schema-graph\">{\"@context\":\"https:\\\/\\\/schema.org\",\"@graph\":[{\"@type\":\"WebPage\",\"@id\":\"https:\\\/\\\/medicinasinc.com\\\/se\\\/product\\\/kop-butabarbital-online\\\/\",\"url\":\"https:\\\/\\\/medicinasinc.com\\\/se\\\/product\\\/kop-butabarbital-online\\\/\",\"name\":\"K\u00f6p Butabarbital Online - B\u00e4sta b\u00e4sta globala medicinerna\",\"isPartOf\":{\"@id\":\"https:\\\/\\\/medicinasinc.com\\\/se\\\/#website\"},\"primaryImageOfPage\":{\"@id\":\"https:\\\/\\\/medicinasinc.com\\\/se\\\/product\\\/kop-butabarbital-online\\\/#primaryimage\"},\"image\":{\"@id\":\"https:\\\/\\\/medicinasinc.com\\\/se\\\/product\\\/kop-butabarbital-online\\\/#primaryimage\"},\"thumbnailUrl\":\"https:\\\/\\\/medicinasinc.com\\\/se\\\/wp-content\\\/uploads\\\/sites\\\/16\\\/2022\\\/02\\\/Buy-Butabarbital.jpg\",\"datePublished\":\"2022-02-22T07:05:31+00:00\",\"dateModified\":\"2022-07-03T23:11:36+00:00\",\"breadcrumb\":{\"@id\":\"https:\\\/\\\/medicinasinc.com\\\/se\\\/product\\\/kop-butabarbital-online\\\/#breadcrumb\"},\"inLanguage\":\"sv-SE\",\"potentialAction\":[{\"@type\":\"ReadAction\",\"target\":[\"https:\\\/\\\/medicinasinc.com\\\/se\\\/product\\\/kop-butabarbital-online\\\/\"]}]},{\"@type\":\"ImageObject\",\"inLanguage\":\"sv-SE\",\"@id\":\"https:\\\/\\\/medicinasinc.com\\\/se\\\/product\\\/kop-butabarbital-online\\\/#primaryimage\",\"url\":\"https:\\\/\\\/medicinasinc.com\\\/se\\\/wp-content\\\/uploads\\\/sites\\\/16\\\/2022\\\/02\\\/Buy-Butabarbital.jpg\",\"contentUrl\":\"https:\\\/\\\/medicinasinc.com\\\/se\\\/wp-content\\\/uploads\\\/sites\\\/16\\\/2022\\\/02\\\/Buy-Butabarbital.jpg\",\"width\":600,\"height\":600},{\"@type\":\"BreadcrumbList\",\"@id\":\"https:\\\/\\\/medicinasinc.com\\\/se\\\/product\\\/kop-butabarbital-online\\\/#breadcrumb\",\"itemListElement\":[{\"@type\":\"ListItem\",\"position\":1,\"name\":\"aff\u00e4r\",\"item\":\"https:\\\/\\\/medicinasinc.com\\\/se\\\/affar\\\/\"},{\"@type\":\"ListItem\",\"position\":2,\"name\":\"K\u00f6p Butabarbital online\"}]},{\"@type\":\"WebSite\",\"@id\":\"https:\\\/\\\/medicinasinc.com\\\/se\\\/#website\",\"url\":\"https:\\\/\\\/medicinasinc.com\\\/se\\\/\",\"name\":\"Medicinas Inc\",\"description\":\"Health Medical Clinic\",\"potentialAction\":[{\"@type\":\"SearchAction\",\"target\":{\"@type\":\"EntryPoint\",\"urlTemplate\":\"https:\\\/\\\/medicinasinc.com\\\/se\\\/?s={search_term_string}\"},\"query-input\":{\"@type\":\"PropertyValueSpecification\",\"valueRequired\":true,\"valueName\":\"search_term_string\"}}],\"inLanguage\":\"sv-SE\"}]}<\/script>\n<!-- \/ Yoast SEO plugin. -->","yoast_head_json":{"title":"K\u00f6p Butabarbital Online - B\u00e4sta b\u00e4sta globala medicinerna","robots":{"index":"index","follow":"follow","max-snippet":"max-snippet:-1","max-image-preview":"max-image-preview:large","max-video-preview":"max-video-preview:-1"},"canonical":"https:\/\/medicinasinc.com\/se\/product\/kop-butabarbital-online\/","og_locale":"sv_SE","og_type":"article","og_title":"K\u00f6p Butabarbital Online - B\u00e4sta b\u00e4sta globala medicinerna","og_description":"Hur kan jag f\u00e5 butabarbitalnatrium fr\u00e5n ett Nembutal onlineapotek? Nembutal onlineapotek \u00e4r nu tillg\u00e4ngligt. Skicka in dina best\u00e4llningsuppgifter och betalning f\u00f6r Butabarbital Sodium 50 mg tabletter p\u00e5 v\u00e5r officiella hemsida. N\u00e4r en best\u00e4llning har lagts kommer den att behandlas inom den angivna tidsramen. L\u00e4gg din best\u00e4llning idag!","og_url":"https:\/\/medicinasinc.com\/se\/product\/kop-butabarbital-online\/","og_site_name":"Medicinas Inc","article_modified_time":"2022-07-03T23:11:36+00:00","og_image":[{"width":600,"height":600,"url":"https:\/\/medicinasinc.com\/se\/wp-content\/uploads\/sites\/16\/2022\/02\/Buy-Butabarbital.jpg","type":"image\/jpeg"}],"twitter_card":"summary_large_image","twitter_misc":{"Ber\u00e4knad l\u00e4stid":"2 minuter"},"schema":{"@context":"https:\/\/schema.org","@graph":[{"@type":"WebPage","@id":"https:\/\/medicinasinc.com\/se\/product\/kop-butabarbital-online\/","url":"https:\/\/medicinasinc.com\/se\/product\/kop-butabarbital-online\/","name":"K\u00f6p Butabarbital Online - B\u00e4sta b\u00e4sta globala medicinerna","isPartOf":{"@id":"https:\/\/medicinasinc.com\/se\/#website"},"primaryImageOfPage":{"@id":"https:\/\/medicinasinc.com\/se\/product\/kop-butabarbital-online\/#primaryimage"},"image":{"@id":"https:\/\/medicinasinc.com\/se\/product\/kop-butabarbital-online\/#primaryimage"},"thumbnailUrl":"https:\/\/medicinasinc.com\/se\/wp-content\/uploads\/sites\/16\/2022\/02\/Buy-Butabarbital.jpg","datePublished":"2022-02-22T07:05:31+00:00","dateModified":"2022-07-03T23:11:36+00:00","breadcrumb":{"@id":"https:\/\/medicinasinc.com\/se\/product\/kop-butabarbital-online\/#breadcrumb"},"inLanguage":"sv-SE","potentialAction":[{"@type":"ReadAction","target":["https:\/\/medicinasinc.com\/se\/product\/kop-butabarbital-online\/"]}]},{"@type":"ImageObject","inLanguage":"sv-SE","@id":"https:\/\/medicinasinc.com\/se\/product\/kop-butabarbital-online\/#primaryimage","url":"https:\/\/medicinasinc.com\/se\/wp-content\/uploads\/sites\/16\/2022\/02\/Buy-Butabarbital.jpg","contentUrl":"https:\/\/medicinasinc.com\/se\/wp-content\/uploads\/sites\/16\/2022\/02\/Buy-Butabarbital.jpg","width":600,"height":600},{"@type":"BreadcrumbList","@id":"https:\/\/medicinasinc.com\/se\/product\/kop-butabarbital-online\/#breadcrumb","itemListElement":[{"@type":"ListItem","position":1,"name":"aff\u00e4r","item":"https:\/\/medicinasinc.com\/se\/affar\/"},{"@type":"ListItem","position":2,"name":"K\u00f6p Butabarbital online"}]},{"@type":"WebSite","@id":"https:\/\/medicinasinc.com\/se\/#website","url":"https:\/\/medicinasinc.com\/se\/","name":"Medicinas Inc","description":"Health Medical Clinic","potentialAction":[{"@type":"SearchAction","target":{"@type":"EntryPoint","urlTemplate":"https:\/\/medicinasinc.com\/se\/?s={search_term_string}"},"query-input":{"@type":"PropertyValueSpecification","valueRequired":true,"valueName":"search_term_string"}}],"inLanguage":"sv-SE"}]}},"_links":{"self":[{"href":"https:\/\/medicinasinc.com\/se\/wp-json\/wp\/v2\/product\/5834","targetHints":{"allow":["GET"]}}],"collection":[{"href":"https:\/\/medicinasinc.com\/se\/wp-json\/wp\/v2\/product"}],"about":[{"href":"https:\/\/medicinasinc.com\/se\/wp-json\/wp\/v2\/types\/product"}],"replies":[{"embeddable":true,"href":"https:\/\/medicinasinc.com\/se\/wp-json\/wp\/v2\/comments?post=5834"}],"wp:featuredmedia":[{"embeddable":true,"href":"https:\/\/medicinasinc.com\/se\/wp-json\/wp\/v2\/media\/5844"}],"wp:attachment":[{"href":"https:\/\/medicinasinc.com\/se\/wp-json\/wp\/v2\/media?parent=5834"}],"wp:term":[{"taxonomy":"product_brand","embeddable":true,"href":"https:\/\/medicinasinc.com\/se\/wp-json\/wp\/v2\/product_brand?post=5834"},{"taxonomy":"product_cat","embeddable":true,"href":"https:\/\/medicinasinc.com\/se\/wp-json\/wp\/v2\/product_cat?post=5834"},{"taxonomy":"product_tag","embeddable":true,"href":"https:\/\/medicinasinc.com\/se\/wp-json\/wp\/v2\/product_tag?post=5834"}],"curies":[{"name":"wp","href":"https:\/\/api.w.org\/{rel}","templated":true}]}}