{"id":5828,"date":"2022-02-22T06:59:00","date_gmt":"2022-02-22T06:59:00","guid":{"rendered":"https:\/\/medicinasinc.com\/se\/?post_type=product&#038;p=5828"},"modified":"2022-07-03T23:11:44","modified_gmt":"2022-07-03T23:11:44","slug":"kop-butalbital-online","status":"publish","type":"product","link":"https:\/\/medicinasinc.com\/se\/product\/kop-butalbital-online\/","title":{"rendered":"K\u00f6p Butalbital online"},"content":{"rendered":"<div class=\"mkdf-single-product-content\">\n<div class=\"mkdf-single-product-summary\">\n<div class=\"summary entry-summary\">\n<div class=\"woocommerce-tabs wc-tabs -wrapper\">\n<div id=\"tab-description\" class=\"woocommerce-Tabs-panel woocommerce-Tabs-panel--description panel entry-content wc-tab\" role=\"tabpanel\" aria-labelledby=\"tab-title -description\">\n<div id=\"ftwp-postcontent\">\n<p>Utan ett recept, k\u00f6p Nembutal Butalbital fr\u00e5n det b\u00e4sta onlineapoteket<\/p>\n<p>Nembutal onlineapotek \u00e4r ett v\u00e4lrenommerat onlineapotek som \u00e4r v\u00e4lk\u00e4nt f\u00f6r dess professionalism och h\u00f6gkvalitativa mediciner. Du kan enkelt f\u00e5 Nembutal Butalbital online utan recept fr\u00e5n denna sida. Vi \u00e4r fast beslutna att tillhandah\u00e5lla en h\u00f6gkvalitativ produkt till kunder \u00f6ver hela v\u00e4rlden. Vi tillgodoser varje kunds behov och behov och m\u00f6ter dem alltid enligt tidtabell.<\/p>\n<p>Du kan snabbt kontakta oss via internetplattformen och skaffa \u00f6nskade mediciner inom kort tid. Idag kan du best\u00e4lla Butalbital online!<\/p>\n<p>Vilka \u00e4r f\u00f6rdelarna med Nembutal Butalbital?<\/p>\n<p>Butalbital \u00e4r ett receptbelagt l\u00e4kemedel som anv\u00e4nds under en kort tidsperiod. Denna medicin kan anv\u00e4ndas tillsammans med andra mediciner som paracetamol (acetaminophen) eller acetylsalicylsyra f\u00f6r att lindra sm\u00e4rta och huvudv\u00e4rk. Dessutom har den godk\u00e4nts f\u00f6r att behandla sp\u00e4nningshuvudv\u00e4rk.<\/p>\n<p>F\u00f6r att k\u00f6pa Butalbital online till b\u00e4sta pris, b\u00f6rja med att l\u00e4gga den i din varukorg. N\u00e4r du har slutf\u00f6rt till\u00e4gget kan du forts\u00e4tta med betalningen. Vi har inkluderat en m\u00e4ngd olika betalningsgateways. Du kan v\u00e4lja den mest l\u00e4mpliga och slutf\u00f6ra betalningsprocessen f\u00f6r din best\u00e4llning.<\/p>\n<p>Var kan jag k\u00f6pa Nembutal Butalbital online till b\u00e4sta pris?<\/p>\n<p>Om du har f\u00e5tt Butalbital ordinerat, \u00e4r det \u00e4r det dags att k\u00f6pa Butalbital online fr\u00e5n v\u00e5rt Nembutal-apotek.<\/p>\n<p>Att kontakta v\u00e5rt onlineapotek har aldrig varit enklare. V\u00e5r webbplats \u00e4r extremt enkel och anv\u00e4ndarv\u00e4nlig, vilket hj\u00e4lper v\u00e5ra konsumenter att k\u00e4nna sig bekv\u00e4ma n\u00e4r de best\u00e4ller sina produkter.<\/p>\n<\/p><\/div><\/div><\/div><\/div><\/div><\/div>\n","protected":false},"excerpt":{"rendered":"<p>V\u00e5rt onlineapotek tar emot din best\u00e4llning omedelbart efter placering. Vi kommer att prioritera det och slutf\u00f6ra det s\u00e5 snabbt som m\u00f6jligt. Vi tar vanligtvis 5 dagar att leverera varorna, vilket endast omfattar arbetsdagar. Inom en vecka f\u00e5r du Nembutal Butalbital i b\u00e4sta m\u00f6jliga skick. G\u00f6r ditt k\u00f6p omedelbart!<\/p>\n","protected":false},"featured_media":5838,"comment_status":"open","ping_status":"closed","template":"","meta":[],"product_brand":[],"product_cat":[3818],"product_tag":[3972,3973,4002,1051,3974,3976,3978,4001,3979,3981,3983,3840,3982,3980,3928,3934,3977,3975,3845,3985,3986,3987,3988,3984,3990,3989,3991,3992,3993,3994,3865,3995,3936,3996,3997,4000,3847,3998,3999,4003,4004,4005,4006],"class_list":{"0":"post-5828","1":"product","2":"type-product","3":"status-publish","4":"has-post-thumbnail","6":"product_cat-pentobarbital-till-salu","7":"product_tag-and-amytal","8":"product_tag-r","9":"product_tag-bestll-nembutal-online","10":"product_tag-buy-nembutal","11":"product_tag-buy-nembutal-canada","12":"product_tag-buying-nembutal","13":"product_tag-drugs-prescribed-to-reduce-insomnia","14":"product_tag-erhllande-nembutal","15":"product_tag-how-much-does-nembutal-cost","16":"product_tag-how-to-get-nembutal","17":"product_tag-how-to-take-nembutal-to-die","18":"product_tag-hur-att-frvrva-nembutal","19":"product_tag-hur-man-g-c3-b6r-nembutal","20":"product_tag-hur-mycket-nembutal-r-ddligt","21":"product_tag-kp-nembutal-online","22":"product_tag-nembutal-kp-online","23":"product_tag-k-c3-b6pa-nembutal-online","24":"product_tag-kp-nembutal-mexiko","25":"product_tag-nembutal","26":"product_tag-nembutal-china","27":"product_tag-nembutal-death","28":"product_tag-nembutal-definition","29":"product_tag-nembutal-ddlig-dos","30":"product_tag-nembutal-kapslar","31":"product_tag-nembutal-mexico-2018","32":"product_tag-nembutal-mexiko","33":"product_tag-nembutal-online","34":"product_tag-nembutal-receptfritt","35":"product_tag-nembutal-pentobarbital","36":"product_tag-nembutal-piller","37":"product_tag-nembutal-piller-till-frsljning","38":"product_tag-nembutal-price","39":"product_tag-nembutal-pulver","40":"product_tag-nembutal-reddit","41":"product_tag-nembutal-schema","42":"product_tag-nembutal-suppository","43":"product_tag-nembutal-till-salu","44":"product_tag-nembutal-biverkningar","45":"product_tag-nembutalnatrium","46":"product_tag-sekundr","47":"product_tag-vad-r-nembutal","48":"product_tag-var-kan-jag-kpa-nembutal","49":"product_tag-var-att-kpa-nembutal-i-mexiko","51":"first","52":"instock","53":"shipping-taxable","54":"purchasable","55":"product-type-variable"},"yoast_head":"<!-- This site is optimized with the Yoast SEO plugin v27.3 - https:\/\/yoast.com\/product\/yoast-seo-wordpress\/ -->\n<title>K\u00f6p Butalbital Online - B\u00e4sta b\u00e4sta globala medicinerna<\/title>\n<meta name=\"robots\" content=\"index, follow, max-snippet:-1, max-image-preview:large, max-video-preview:-1\" \/>\n<link rel=\"canonical\" href=\"https:\/\/medicinasinc.com\/se\/product\/kop-butalbital-online\/\" \/>\n<meta property=\"og:locale\" content=\"sv_SE\" \/>\n<meta property=\"og:type\" content=\"article\" \/>\n<meta property=\"og:title\" content=\"K\u00f6p Butalbital Online - B\u00e4sta b\u00e4sta globala medicinerna\" \/>\n<meta property=\"og:description\" content=\"V\u00e5rt onlineapotek tar emot din best\u00e4llning omedelbart efter placering. Vi kommer att prioritera det och slutf\u00f6ra det s\u00e5 snabbt som m\u00f6jligt. Vi tar vanligtvis 5 dagar att leverera varorna, vilket endast omfattar arbetsdagar. Inom en vecka f\u00e5r du Nembutal Butalbital i b\u00e4sta m\u00f6jliga skick. G\u00f6r ditt k\u00f6p omedelbart!\" \/>\n<meta property=\"og:url\" content=\"https:\/\/medicinasinc.com\/se\/product\/kop-butalbital-online\/\" \/>\n<meta property=\"og:site_name\" content=\"Medicinas Inc\" \/>\n<meta property=\"article:modified_time\" content=\"2022-07-03T23:11:44+00:00\" \/>\n<meta property=\"og:image\" content=\"https:\/\/medicinasinc.com\/se\/wp-content\/uploads\/sites\/16\/2022\/02\/Buy-Butalbital-Online.jpg\" \/>\n\t<meta property=\"og:image:width\" content=\"600\" \/>\n\t<meta property=\"og:image:height\" content=\"600\" \/>\n\t<meta property=\"og:image:type\" content=\"image\/jpeg\" \/>\n<meta name=\"twitter:card\" content=\"summary_large_image\" \/>\n<meta name=\"twitter:label1\" content=\"Ber\u00e4knad l\u00e4stid\" \/>\n\t<meta name=\"twitter:data1\" content=\"2 minuter\" \/>\n<script type=\"application\/ld+json\" class=\"yoast-schema-graph\">{\"@context\":\"https:\\\/\\\/schema.org\",\"@graph\":[{\"@type\":\"WebPage\",\"@id\":\"https:\\\/\\\/medicinasinc.com\\\/se\\\/product\\\/kop-butalbital-online\\\/\",\"url\":\"https:\\\/\\\/medicinasinc.com\\\/se\\\/product\\\/kop-butalbital-online\\\/\",\"name\":\"K\u00f6p Butalbital Online - B\u00e4sta b\u00e4sta globala medicinerna\",\"isPartOf\":{\"@id\":\"https:\\\/\\\/medicinasinc.com\\\/se\\\/#website\"},\"primaryImageOfPage\":{\"@id\":\"https:\\\/\\\/medicinasinc.com\\\/se\\\/product\\\/kop-butalbital-online\\\/#primaryimage\"},\"image\":{\"@id\":\"https:\\\/\\\/medicinasinc.com\\\/se\\\/product\\\/kop-butalbital-online\\\/#primaryimage\"},\"thumbnailUrl\":\"https:\\\/\\\/medicinasinc.com\\\/se\\\/wp-content\\\/uploads\\\/sites\\\/16\\\/2022\\\/02\\\/Buy-Butalbital-Online.jpg\",\"datePublished\":\"2022-02-22T06:59:00+00:00\",\"dateModified\":\"2022-07-03T23:11:44+00:00\",\"breadcrumb\":{\"@id\":\"https:\\\/\\\/medicinasinc.com\\\/se\\\/product\\\/kop-butalbital-online\\\/#breadcrumb\"},\"inLanguage\":\"sv-SE\",\"potentialAction\":[{\"@type\":\"ReadAction\",\"target\":[\"https:\\\/\\\/medicinasinc.com\\\/se\\\/product\\\/kop-butalbital-online\\\/\"]}]},{\"@type\":\"ImageObject\",\"inLanguage\":\"sv-SE\",\"@id\":\"https:\\\/\\\/medicinasinc.com\\\/se\\\/product\\\/kop-butalbital-online\\\/#primaryimage\",\"url\":\"https:\\\/\\\/medicinasinc.com\\\/se\\\/wp-content\\\/uploads\\\/sites\\\/16\\\/2022\\\/02\\\/Buy-Butalbital-Online.jpg\",\"contentUrl\":\"https:\\\/\\\/medicinasinc.com\\\/se\\\/wp-content\\\/uploads\\\/sites\\\/16\\\/2022\\\/02\\\/Buy-Butalbital-Online.jpg\",\"width\":600,\"height\":600},{\"@type\":\"BreadcrumbList\",\"@id\":\"https:\\\/\\\/medicinasinc.com\\\/se\\\/product\\\/kop-butalbital-online\\\/#breadcrumb\",\"itemListElement\":[{\"@type\":\"ListItem\",\"position\":1,\"name\":\"aff\u00e4r\",\"item\":\"https:\\\/\\\/medicinasinc.com\\\/se\\\/affar\\\/\"},{\"@type\":\"ListItem\",\"position\":2,\"name\":\"K\u00f6p Butalbital online\"}]},{\"@type\":\"WebSite\",\"@id\":\"https:\\\/\\\/medicinasinc.com\\\/se\\\/#website\",\"url\":\"https:\\\/\\\/medicinasinc.com\\\/se\\\/\",\"name\":\"Medicinas Inc\",\"description\":\"Health Medical Clinic\",\"potentialAction\":[{\"@type\":\"SearchAction\",\"target\":{\"@type\":\"EntryPoint\",\"urlTemplate\":\"https:\\\/\\\/medicinasinc.com\\\/se\\\/?s={search_term_string}\"},\"query-input\":{\"@type\":\"PropertyValueSpecification\",\"valueRequired\":true,\"valueName\":\"search_term_string\"}}],\"inLanguage\":\"sv-SE\"}]}<\/script>\n<!-- \/ Yoast SEO plugin. -->","yoast_head_json":{"title":"K\u00f6p Butalbital Online - B\u00e4sta b\u00e4sta globala medicinerna","robots":{"index":"index","follow":"follow","max-snippet":"max-snippet:-1","max-image-preview":"max-image-preview:large","max-video-preview":"max-video-preview:-1"},"canonical":"https:\/\/medicinasinc.com\/se\/product\/kop-butalbital-online\/","og_locale":"sv_SE","og_type":"article","og_title":"K\u00f6p Butalbital Online - B\u00e4sta b\u00e4sta globala medicinerna","og_description":"V\u00e5rt onlineapotek tar emot din best\u00e4llning omedelbart efter placering. Vi kommer att prioritera det och slutf\u00f6ra det s\u00e5 snabbt som m\u00f6jligt. Vi tar vanligtvis 5 dagar att leverera varorna, vilket endast omfattar arbetsdagar. Inom en vecka f\u00e5r du Nembutal Butalbital i b\u00e4sta m\u00f6jliga skick. G\u00f6r ditt k\u00f6p omedelbart!","og_url":"https:\/\/medicinasinc.com\/se\/product\/kop-butalbital-online\/","og_site_name":"Medicinas Inc","article_modified_time":"2022-07-03T23:11:44+00:00","og_image":[{"width":600,"height":600,"url":"https:\/\/medicinasinc.com\/se\/wp-content\/uploads\/sites\/16\/2022\/02\/Buy-Butalbital-Online.jpg","type":"image\/jpeg"}],"twitter_card":"summary_large_image","twitter_misc":{"Ber\u00e4knad l\u00e4stid":"2 minuter"},"schema":{"@context":"https:\/\/schema.org","@graph":[{"@type":"WebPage","@id":"https:\/\/medicinasinc.com\/se\/product\/kop-butalbital-online\/","url":"https:\/\/medicinasinc.com\/se\/product\/kop-butalbital-online\/","name":"K\u00f6p Butalbital Online - B\u00e4sta b\u00e4sta globala medicinerna","isPartOf":{"@id":"https:\/\/medicinasinc.com\/se\/#website"},"primaryImageOfPage":{"@id":"https:\/\/medicinasinc.com\/se\/product\/kop-butalbital-online\/#primaryimage"},"image":{"@id":"https:\/\/medicinasinc.com\/se\/product\/kop-butalbital-online\/#primaryimage"},"thumbnailUrl":"https:\/\/medicinasinc.com\/se\/wp-content\/uploads\/sites\/16\/2022\/02\/Buy-Butalbital-Online.jpg","datePublished":"2022-02-22T06:59:00+00:00","dateModified":"2022-07-03T23:11:44+00:00","breadcrumb":{"@id":"https:\/\/medicinasinc.com\/se\/product\/kop-butalbital-online\/#breadcrumb"},"inLanguage":"sv-SE","potentialAction":[{"@type":"ReadAction","target":["https:\/\/medicinasinc.com\/se\/product\/kop-butalbital-online\/"]}]},{"@type":"ImageObject","inLanguage":"sv-SE","@id":"https:\/\/medicinasinc.com\/se\/product\/kop-butalbital-online\/#primaryimage","url":"https:\/\/medicinasinc.com\/se\/wp-content\/uploads\/sites\/16\/2022\/02\/Buy-Butalbital-Online.jpg","contentUrl":"https:\/\/medicinasinc.com\/se\/wp-content\/uploads\/sites\/16\/2022\/02\/Buy-Butalbital-Online.jpg","width":600,"height":600},{"@type":"BreadcrumbList","@id":"https:\/\/medicinasinc.com\/se\/product\/kop-butalbital-online\/#breadcrumb","itemListElement":[{"@type":"ListItem","position":1,"name":"aff\u00e4r","item":"https:\/\/medicinasinc.com\/se\/affar\/"},{"@type":"ListItem","position":2,"name":"K\u00f6p Butalbital online"}]},{"@type":"WebSite","@id":"https:\/\/medicinasinc.com\/se\/#website","url":"https:\/\/medicinasinc.com\/se\/","name":"Medicinas Inc","description":"Health Medical Clinic","potentialAction":[{"@type":"SearchAction","target":{"@type":"EntryPoint","urlTemplate":"https:\/\/medicinasinc.com\/se\/?s={search_term_string}"},"query-input":{"@type":"PropertyValueSpecification","valueRequired":true,"valueName":"search_term_string"}}],"inLanguage":"sv-SE"}]}},"_links":{"self":[{"href":"https:\/\/medicinasinc.com\/se\/wp-json\/wp\/v2\/product\/5828","targetHints":{"allow":["GET"]}}],"collection":[{"href":"https:\/\/medicinasinc.com\/se\/wp-json\/wp\/v2\/product"}],"about":[{"href":"https:\/\/medicinasinc.com\/se\/wp-json\/wp\/v2\/types\/product"}],"replies":[{"embeddable":true,"href":"https:\/\/medicinasinc.com\/se\/wp-json\/wp\/v2\/comments?post=5828"}],"wp:featuredmedia":[{"embeddable":true,"href":"https:\/\/medicinasinc.com\/se\/wp-json\/wp\/v2\/media\/5838"}],"wp:attachment":[{"href":"https:\/\/medicinasinc.com\/se\/wp-json\/wp\/v2\/media?parent=5828"}],"wp:term":[{"taxonomy":"product_brand","embeddable":true,"href":"https:\/\/medicinasinc.com\/se\/wp-json\/wp\/v2\/product_brand?post=5828"},{"taxonomy":"product_cat","embeddable":true,"href":"https:\/\/medicinasinc.com\/se\/wp-json\/wp\/v2\/product_cat?post=5828"},{"taxonomy":"product_tag","embeddable":true,"href":"https:\/\/medicinasinc.com\/se\/wp-json\/wp\/v2\/product_tag?post=5828"}],"curies":[{"name":"wp","href":"https:\/\/api.w.org\/{rel}","templated":true}]}}