{"id":5822,"date":"2022-02-22T06:52:56","date_gmt":"2022-02-22T06:52:56","guid":{"rendered":"https:\/\/medicinasinc.com\/se\/?post_type=product&#038;p=5822"},"modified":"2022-07-03T23:14:08","modified_gmt":"2022-07-03T23:14:08","slug":"kopa-nembutal-pentobarbital","status":"publish","type":"product","link":"https:\/\/medicinasinc.com\/se\/product\/kopa-nembutal-pentobarbital\/","title":{"rendered":"K\u00f6p Nembutal Pentobarbital"},"content":{"rendered":"<p>Onlinek\u00f6p av Nembutal Pentobarbital fr\u00e5n The Best Global Meds<\/p>\n<p>Online Nembutal Pharmacy \u00e4r den enda v\u00e4lrenommerade k\u00e4llan f\u00f6r att k\u00f6pa Nembutal Pentobarbital online till l\u00e4gsta m\u00f6jliga kostnad.<\/p>\n<p>S\u00e5 snart vi ta emot din best\u00e4llningsdata, kommer vi att p\u00e5b\u00f6rja f\u00f6rberedelseprocessen, f\u00f6ljt av leverans. V\u00e5ra teammedlemmar kommer s\u00e4kert att f\u00f6rpacka dina mediciner och snabbt leverera dem till dig. Du kan f\u00f6rv\u00e4nta dig inget mindre \u00e4n det b\u00e4sta av oss n\u00e4r det g\u00e4ller kvaliteten och aktualiteten hos Nembutal Pentobarbital.<\/p>\n<p>Vad ska du k\u00f6pa n\u00e4r du k\u00f6per Nembutal Pentobarbital? Vilket \u00e4r l\u00e4mpligt att k\u00f6pa det?<\/p>\n<p>Nembutal Pentobarbital \u00e4r ett effektivt anfallsl\u00e4kemedel som vanligtvis anv\u00e4nds i kombination med andra receptbelagda l\u00e4kemedel. Om du har en krampsjukdom \u00e4r detta l\u00e4kemedel perfekt f\u00f6r dig. Du kan g\u00e5 igenom din dag med full vitalitet, obekymrad \u00f6ver anfallsepisoden. Det har en effekt p\u00e5 m\u00e5nga omr\u00e5den i hj\u00e4rnan, vilket resulterar i ett tillst\u00e5nd av lugn i kroppen.<\/p>\n<p>Nembutal Pentobarbital Online Pharmacy \u00e4r den b\u00e4sta platsen att k\u00f6pa Nembutal Pentobarbital online till l\u00e4gsta pris. Detta l\u00e4kemedel s\u00e4ljs h\u00e4r i b\u00e4sta m\u00f6jliga skick och med st\u00f6rsta f\u00f6rsiktighet. Alla v\u00e5ra mediciner \u00e4r laboratorietestade och uts\u00e4tts f\u00f6r ett antal tester. Vi har samarbetat med v\u00e4rldens ledande l\u00e4kemedelstillverkare. Om du f\u00e5r mediciner av oss beh\u00f6ver du inte bry dig om n\u00e5gonting. Du kommer utan tvekan att f\u00e5 st\u00f6rsta m\u00f6jliga v\u00e5rd f\u00f6r din h\u00e4lsa!<\/p>\n","protected":false},"excerpt":{"rendered":"<p>Vilka Nembutal Phenobarbital doseringsformer beh\u00f6ver du?<\/p>\n<p>Vem som helst i v\u00e4rlden kan k\u00f6pa Nembutal online fr\u00e5n ett onlineapotek. N\u00e4r som helst, var som helst, kontakta oss. Alla fr\u00e5gor eller funderingar som v\u00e5ra kunder har kommer omedelbart att besvaras av en av v\u00e5ra kundtj\u00e4nstrepresentanter. Kvaliteten p\u00e5 dina mediciner eller statusen f\u00f6r din leverans \u00e4r aldrig ett problem n\u00e4r du arbetar med oss. Nembutal Phenobarbital till salu kan k\u00f6pas via telefon, e-post eller sms. Nu \u00e4r det dags att ansluta!<\/p>\n","protected":false},"featured_media":5832,"comment_status":"open","ping_status":"closed","template":"","meta":[],"product_brand":[],"product_cat":[3818],"product_tag":[],"class_list":{"0":"post-5822","1":"product","2":"type-product","3":"status-publish","4":"has-post-thumbnail","6":"product_cat-pentobarbital-till-salu","8":"first","9":"instock","10":"shipping-taxable","11":"purchasable","12":"product-type-variable"},"yoast_head":"<!-- This site is optimized with the Yoast SEO plugin v27.3 - https:\/\/yoast.com\/product\/yoast-seo-wordpress\/ -->\n<title>K\u00f6p Nembutal Pentobarbital - b\u00e4sta globala mediciner<\/title>\n<meta name=\"robots\" content=\"index, follow, max-snippet:-1, max-image-preview:large, max-video-preview:-1\" \/>\n<link rel=\"canonical\" href=\"https:\/\/medicinasinc.com\/se\/product\/kopa-nembutal-pentobarbital\/\" \/>\n<meta property=\"og:locale\" content=\"sv_SE\" \/>\n<meta property=\"og:type\" content=\"article\" \/>\n<meta property=\"og:title\" content=\"K\u00f6p Nembutal Pentobarbital - b\u00e4sta globala mediciner\" \/>\n<meta property=\"og:description\" content=\"Vilka Nembutal Phenobarbital doseringsformer beh\u00f6ver du? Vem som helst i v\u00e4rlden kan k\u00f6pa Nembutal online fr\u00e5n ett onlineapotek. N\u00e4r som helst, var som helst, kontakta oss. Alla fr\u00e5gor eller funderingar som v\u00e5ra kunder har kommer omedelbart att besvaras av en av v\u00e5ra kundtj\u00e4nstrepresentanter. Kvaliteten p\u00e5 dina mediciner eller statusen f\u00f6r din leverans \u00e4r aldrig ett problem n\u00e4r du arbetar med oss. Nembutal Phenobarbital till salu kan k\u00f6pas via telefon, e-post eller sms. Nu \u00e4r det dags att ansluta!\" \/>\n<meta property=\"og:url\" content=\"https:\/\/medicinasinc.com\/se\/product\/kopa-nembutal-pentobarbital\/\" \/>\n<meta property=\"og:site_name\" content=\"Medicinas Inc\" \/>\n<meta property=\"article:modified_time\" content=\"2022-07-03T23:14:08+00:00\" \/>\n<meta property=\"og:image\" content=\"https:\/\/medicinasinc.com\/se\/wp-content\/uploads\/sites\/16\/2022\/02\/buy-Nembutal-Pentobarbital-1.jpg\" \/>\n\t<meta property=\"og:image:width\" content=\"600\" \/>\n\t<meta property=\"og:image:height\" content=\"600\" \/>\n\t<meta property=\"og:image:type\" content=\"image\/jpeg\" \/>\n<meta name=\"twitter:card\" content=\"summary_large_image\" \/>\n<meta name=\"twitter:label1\" content=\"Ber\u00e4knad l\u00e4stid\" \/>\n\t<meta name=\"twitter:data1\" content=\"2 minuter\" \/>\n<script type=\"application\/ld+json\" class=\"yoast-schema-graph\">{\"@context\":\"https:\\\/\\\/schema.org\",\"@graph\":[{\"@type\":\"WebPage\",\"@id\":\"https:\\\/\\\/medicinasinc.com\\\/se\\\/product\\\/kopa-nembutal-pentobarbital\\\/\",\"url\":\"https:\\\/\\\/medicinasinc.com\\\/se\\\/product\\\/kopa-nembutal-pentobarbital\\\/\",\"name\":\"K\u00f6p Nembutal Pentobarbital - b\u00e4sta globala mediciner\",\"isPartOf\":{\"@id\":\"https:\\\/\\\/medicinasinc.com\\\/se\\\/#website\"},\"primaryImageOfPage\":{\"@id\":\"https:\\\/\\\/medicinasinc.com\\\/se\\\/product\\\/kopa-nembutal-pentobarbital\\\/#primaryimage\"},\"image\":{\"@id\":\"https:\\\/\\\/medicinasinc.com\\\/se\\\/product\\\/kopa-nembutal-pentobarbital\\\/#primaryimage\"},\"thumbnailUrl\":\"https:\\\/\\\/medicinasinc.com\\\/se\\\/wp-content\\\/uploads\\\/sites\\\/16\\\/2022\\\/02\\\/buy-Nembutal-Pentobarbital-1.jpg\",\"datePublished\":\"2022-02-22T06:52:56+00:00\",\"dateModified\":\"2022-07-03T23:14:08+00:00\",\"breadcrumb\":{\"@id\":\"https:\\\/\\\/medicinasinc.com\\\/se\\\/product\\\/kopa-nembutal-pentobarbital\\\/#breadcrumb\"},\"inLanguage\":\"sv-SE\",\"potentialAction\":[{\"@type\":\"ReadAction\",\"target\":[\"https:\\\/\\\/medicinasinc.com\\\/se\\\/product\\\/kopa-nembutal-pentobarbital\\\/\"]}]},{\"@type\":\"ImageObject\",\"inLanguage\":\"sv-SE\",\"@id\":\"https:\\\/\\\/medicinasinc.com\\\/se\\\/product\\\/kopa-nembutal-pentobarbital\\\/#primaryimage\",\"url\":\"https:\\\/\\\/medicinasinc.com\\\/se\\\/wp-content\\\/uploads\\\/sites\\\/16\\\/2022\\\/02\\\/buy-Nembutal-Pentobarbital-1.jpg\",\"contentUrl\":\"https:\\\/\\\/medicinasinc.com\\\/se\\\/wp-content\\\/uploads\\\/sites\\\/16\\\/2022\\\/02\\\/buy-Nembutal-Pentobarbital-1.jpg\",\"width\":600,\"height\":600},{\"@type\":\"BreadcrumbList\",\"@id\":\"https:\\\/\\\/medicinasinc.com\\\/se\\\/product\\\/kopa-nembutal-pentobarbital\\\/#breadcrumb\",\"itemListElement\":[{\"@type\":\"ListItem\",\"position\":1,\"name\":\"aff\u00e4r\",\"item\":\"https:\\\/\\\/medicinasinc.com\\\/se\\\/affar\\\/\"},{\"@type\":\"ListItem\",\"position\":2,\"name\":\"K\u00f6p Nembutal Pentobarbital\"}]},{\"@type\":\"WebSite\",\"@id\":\"https:\\\/\\\/medicinasinc.com\\\/se\\\/#website\",\"url\":\"https:\\\/\\\/medicinasinc.com\\\/se\\\/\",\"name\":\"Medicinas Inc\",\"description\":\"Health Medical Clinic\",\"potentialAction\":[{\"@type\":\"SearchAction\",\"target\":{\"@type\":\"EntryPoint\",\"urlTemplate\":\"https:\\\/\\\/medicinasinc.com\\\/se\\\/?s={search_term_string}\"},\"query-input\":{\"@type\":\"PropertyValueSpecification\",\"valueRequired\":true,\"valueName\":\"search_term_string\"}}],\"inLanguage\":\"sv-SE\"}]}<\/script>\n<!-- \/ Yoast SEO plugin. -->","yoast_head_json":{"title":"K\u00f6p Nembutal Pentobarbital - b\u00e4sta globala mediciner","robots":{"index":"index","follow":"follow","max-snippet":"max-snippet:-1","max-image-preview":"max-image-preview:large","max-video-preview":"max-video-preview:-1"},"canonical":"https:\/\/medicinasinc.com\/se\/product\/kopa-nembutal-pentobarbital\/","og_locale":"sv_SE","og_type":"article","og_title":"K\u00f6p Nembutal Pentobarbital - b\u00e4sta globala mediciner","og_description":"Vilka Nembutal Phenobarbital doseringsformer beh\u00f6ver du? Vem som helst i v\u00e4rlden kan k\u00f6pa Nembutal online fr\u00e5n ett onlineapotek. N\u00e4r som helst, var som helst, kontakta oss. Alla fr\u00e5gor eller funderingar som v\u00e5ra kunder har kommer omedelbart att besvaras av en av v\u00e5ra kundtj\u00e4nstrepresentanter. Kvaliteten p\u00e5 dina mediciner eller statusen f\u00f6r din leverans \u00e4r aldrig ett problem n\u00e4r du arbetar med oss. Nembutal Phenobarbital till salu kan k\u00f6pas via telefon, e-post eller sms. Nu \u00e4r det dags att ansluta!","og_url":"https:\/\/medicinasinc.com\/se\/product\/kopa-nembutal-pentobarbital\/","og_site_name":"Medicinas Inc","article_modified_time":"2022-07-03T23:14:08+00:00","og_image":[{"width":600,"height":600,"url":"https:\/\/medicinasinc.com\/se\/wp-content\/uploads\/sites\/16\/2022\/02\/buy-Nembutal-Pentobarbital-1.jpg","type":"image\/jpeg"}],"twitter_card":"summary_large_image","twitter_misc":{"Ber\u00e4knad l\u00e4stid":"2 minuter"},"schema":{"@context":"https:\/\/schema.org","@graph":[{"@type":"WebPage","@id":"https:\/\/medicinasinc.com\/se\/product\/kopa-nembutal-pentobarbital\/","url":"https:\/\/medicinasinc.com\/se\/product\/kopa-nembutal-pentobarbital\/","name":"K\u00f6p Nembutal Pentobarbital - b\u00e4sta globala mediciner","isPartOf":{"@id":"https:\/\/medicinasinc.com\/se\/#website"},"primaryImageOfPage":{"@id":"https:\/\/medicinasinc.com\/se\/product\/kopa-nembutal-pentobarbital\/#primaryimage"},"image":{"@id":"https:\/\/medicinasinc.com\/se\/product\/kopa-nembutal-pentobarbital\/#primaryimage"},"thumbnailUrl":"https:\/\/medicinasinc.com\/se\/wp-content\/uploads\/sites\/16\/2022\/02\/buy-Nembutal-Pentobarbital-1.jpg","datePublished":"2022-02-22T06:52:56+00:00","dateModified":"2022-07-03T23:14:08+00:00","breadcrumb":{"@id":"https:\/\/medicinasinc.com\/se\/product\/kopa-nembutal-pentobarbital\/#breadcrumb"},"inLanguage":"sv-SE","potentialAction":[{"@type":"ReadAction","target":["https:\/\/medicinasinc.com\/se\/product\/kopa-nembutal-pentobarbital\/"]}]},{"@type":"ImageObject","inLanguage":"sv-SE","@id":"https:\/\/medicinasinc.com\/se\/product\/kopa-nembutal-pentobarbital\/#primaryimage","url":"https:\/\/medicinasinc.com\/se\/wp-content\/uploads\/sites\/16\/2022\/02\/buy-Nembutal-Pentobarbital-1.jpg","contentUrl":"https:\/\/medicinasinc.com\/se\/wp-content\/uploads\/sites\/16\/2022\/02\/buy-Nembutal-Pentobarbital-1.jpg","width":600,"height":600},{"@type":"BreadcrumbList","@id":"https:\/\/medicinasinc.com\/se\/product\/kopa-nembutal-pentobarbital\/#breadcrumb","itemListElement":[{"@type":"ListItem","position":1,"name":"aff\u00e4r","item":"https:\/\/medicinasinc.com\/se\/affar\/"},{"@type":"ListItem","position":2,"name":"K\u00f6p Nembutal Pentobarbital"}]},{"@type":"WebSite","@id":"https:\/\/medicinasinc.com\/se\/#website","url":"https:\/\/medicinasinc.com\/se\/","name":"Medicinas Inc","description":"Health Medical Clinic","potentialAction":[{"@type":"SearchAction","target":{"@type":"EntryPoint","urlTemplate":"https:\/\/medicinasinc.com\/se\/?s={search_term_string}"},"query-input":{"@type":"PropertyValueSpecification","valueRequired":true,"valueName":"search_term_string"}}],"inLanguage":"sv-SE"}]}},"_links":{"self":[{"href":"https:\/\/medicinasinc.com\/se\/wp-json\/wp\/v2\/product\/5822","targetHints":{"allow":["GET"]}}],"collection":[{"href":"https:\/\/medicinasinc.com\/se\/wp-json\/wp\/v2\/product"}],"about":[{"href":"https:\/\/medicinasinc.com\/se\/wp-json\/wp\/v2\/types\/product"}],"replies":[{"embeddable":true,"href":"https:\/\/medicinasinc.com\/se\/wp-json\/wp\/v2\/comments?post=5822"}],"wp:featuredmedia":[{"embeddable":true,"href":"https:\/\/medicinasinc.com\/se\/wp-json\/wp\/v2\/media\/5832"}],"wp:attachment":[{"href":"https:\/\/medicinasinc.com\/se\/wp-json\/wp\/v2\/media?parent=5822"}],"wp:term":[{"taxonomy":"product_brand","embeddable":true,"href":"https:\/\/medicinasinc.com\/se\/wp-json\/wp\/v2\/product_brand?post=5822"},{"taxonomy":"product_cat","embeddable":true,"href":"https:\/\/medicinasinc.com\/se\/wp-json\/wp\/v2\/product_cat?post=5822"},{"taxonomy":"product_tag","embeddable":true,"href":"https:\/\/medicinasinc.com\/se\/wp-json\/wp\/v2\/product_tag?post=5822"}],"curies":[{"name":"wp","href":"https:\/\/api.w.org\/{rel}","templated":true}]}}