{"id":5816,"date":"2022-02-22T06:47:51","date_gmt":"2022-02-22T06:47:51","guid":{"rendered":"https:\/\/medicinasinc.com\/se\/?post_type=product&#038;p=5816"},"modified":"2022-07-03T23:14:25","modified_gmt":"2022-07-03T23:14:25","slug":"kop-nembutal-piller","status":"publish","type":"product","link":"https:\/\/medicinasinc.com\/se\/product\/kop-nembutal-piller\/","title":{"rendered":"K\u00f6p Nembutal-piller"},"content":{"rendered":"<p>Nembutal-piller till salu fr\u00e5n det b\u00e4sta onlineapoteket till l\u00e5ga priser<\/p>\n<p>Nu kan du k\u00f6pa Nembutal-tabletter p\u00e5 Best Global Meds och anv\u00e4nda dem till sin fulla potential f\u00f6r din h\u00e4lsa. Vi tar h\u00e4nsyn till din best\u00e4llning och ser till att den kommer dit den ska. Om du vill k\u00f6pa Nembutal-piller till f\u00f6rs\u00e4ljning, kontakta oss idag.<\/p>\n<p>Vi kan tillhandah\u00e5lla Nembutal-tabletter p\u00e5 en exakt metod p\u00e5 grund av v\u00e5rt fantastiska rykte i branschen. F\u00f6r att s\u00e4kerst\u00e4lla att v\u00e5ra kunder f\u00e5r sina best\u00e4llningar s\u00e5 snabbt som m\u00f6jligt anv\u00e4nder vi en enkel och \u00e4ndam\u00e5lsenlig fraktprocess. Vi g\u00f6r allt vi kan f\u00f6r att s\u00e4kerst\u00e4lla att v\u00e5ra kunder inte beh\u00f6ver v\u00e4nta p\u00e5 sina produkter.<\/p>\n<p>Som ett professionellt onlineapotek missar vi inte ett slag n\u00e4r det g\u00e4ller att se till att din best\u00e4llning kommer fram i tid . F\u00f6r att s\u00e4kerst\u00e4lla att ingenting f\u00f6rbises \u00f6vervakar en medlem av v\u00e5rt team allt 24 timmar om dygnet. Vi vill att v\u00e5ra konsumenter ska ha st\u00f6rsta m\u00f6jliga omsorg f\u00f6r sitt v\u00e4lbefinnande.<\/p>\n<p>Vad \u00e4r syftet med Nembutal-piller?<\/p>\n<p>Att k\u00f6pa Nembutal-piller fr\u00e5n en lokal apotek eller apotek kommer inte att f\u00e5 du helt enkelt n\u00e5gon gammal drog. Vid behandling av s\u00f6mnbrist \u00e4r det ett narkotika som anv\u00e4nds i h\u00f6ga doser. Patienter p\u00e5 sjukhus och medicinska kliniker s\u00f6vs med Nembutal-piller av l\u00e4kare och kirurger f\u00f6r att forts\u00e4tta med processen. F\u00f6r dem som beh\u00f6ver Nembutal-piller kan du kontakta Online Nembutal Pharmacy, ett internetapotek i toppskiktet. H\u00e4r hittar du det b\u00e4sta av det b\u00e4sta. Kontakta oss direkt!<\/p>\n","protected":false},"excerpt":{"rendered":"<p>Hur hittar man det b\u00e4sta onlineapoteket f\u00f6r att k\u00f6pa Nembutal Pills?<\/p>\n<p>K\u00f6p Nembutal [Pills fr\u00e5n v\u00e5rt urval av Pentobarbital Sodium piller och injektioner, Barbiturates mediciner och Nembutal till salu n\u00e4ra mig med s\u00e4ker transport.<\/p>\n<p>Om du \u00e4r os\u00e4ker p\u00e5 hur du f\u00e5r kontakt med det b\u00e4sta onlineapoteket f\u00f6r att k\u00f6pa Nembutal-tabletter online, \u00e4r Pentobarbital Global Meds alltid tillg\u00e4nglig f\u00f6r att hj\u00e4lpa dig. Vi \u00e4r h\u00e4r f\u00f6r att hj\u00e4lpa dig att k\u00f6pa Nembutal-piller online till l\u00e4gsta m\u00f6jliga pris. Du kan l\u00e4gga din best\u00e4llning h\u00e4r och v\u00e4nta p\u00e5 att den ska slutf\u00f6ras i tid. Vi kommer inte att f\u00f6rsena leveransen p\u00e5 n\u00e5got s\u00e4tt som \u00e4r on\u00f6digt. Kontakta oss omedelbart!<\/p>\n","protected":false},"featured_media":5826,"comment_status":"open","ping_status":"closed","template":"","meta":[],"product_brand":[],"product_cat":[3818],"product_tag":[3871,3825,3832,3839,3837,3864,3858,3861,3862,3863,3868,3867,3865,3857,3860,3859,3915],"class_list":{"0":"post-5816","1":"product","2":"type-product","3":"status-publish","4":"has-post-thumbnail","6":"product_cat-pentobarbital-till-salu","7":"product_tag-bestll-nembutal-piller","8":"product_tag-buy-nembutal-pills-online","9":"product_tag-can-i-order-nembutal-online","10":"product_tag-how-can-i-take-nembutal","11":"product_tag-hur-kan-jag-bestlla-nembutal-piller","12":"product_tag-nembutal-piller-dos","13":"product_tag-nembutal-piller-kp","14":"product_tag-nembutal-piller-kp-europa","15":"product_tag-nembutal-piller-kp-online","16":"product_tag-nembutal-piller-kp-uk","17":"product_tag-nembutal-piller-leverantr","18":"product_tag-nembutal-piller-verdos","19":"product_tag-nembutal-piller-till-frsljning","20":"product_tag-nembutal-pills","21":"product_tag-nembutal-pills-buy-austria","22":"product_tag-nembutal-piller-k-c3-b6p-australien","23":"product_tag-var-kan-jag-kpa-nembutal-piller","25":"first","26":"instock","27":"shipping-taxable","28":"purchasable","29":"product-type-variable"},"yoast_head":"<!-- This site is optimized with the Yoast SEO plugin v27.3 - https:\/\/yoast.com\/product\/yoast-seo-wordpress\/ -->\n<title>K\u00f6p Nembutal Pills - B\u00e4sta B\u00e4sta Global Meds<\/title>\n<meta name=\"description\" content=\"K\u00f6p Nembutal [Piller fr\u00e5n v\u00e5ra Pentobarbital Sodium piller &amp; injektioner, barbiturater och Nembutal till salu n\u00e4ra mig med s\u00e4ker frakt.\" \/>\n<meta name=\"robots\" content=\"index, follow, max-snippet:-1, max-image-preview:large, max-video-preview:-1\" \/>\n<link rel=\"canonical\" href=\"https:\/\/medicinasinc.com\/se\/product\/kop-nembutal-piller\/\" \/>\n<meta property=\"og:locale\" content=\"sv_SE\" \/>\n<meta property=\"og:type\" content=\"article\" \/>\n<meta property=\"og:title\" content=\"K\u00f6p Nembutal Pills - B\u00e4sta B\u00e4sta Global Meds\" \/>\n<meta property=\"og:description\" content=\"K\u00f6p Nembutal [Piller fr\u00e5n v\u00e5ra Pentobarbital Sodium piller &amp; injektioner, barbiturater och Nembutal till salu n\u00e4ra mig med s\u00e4ker frakt.\" \/>\n<meta property=\"og:url\" content=\"https:\/\/medicinasinc.com\/se\/product\/kop-nembutal-piller\/\" \/>\n<meta property=\"og:site_name\" content=\"Medicinas Inc\" \/>\n<meta property=\"article:modified_time\" content=\"2022-07-03T23:14:25+00:00\" \/>\n<meta property=\"og:image\" content=\"https:\/\/medicinasinc.com\/se\/wp-content\/uploads\/sites\/16\/2022\/02\/Buy-Nembutal-Pills.jpg\" \/>\n\t<meta property=\"og:image:width\" content=\"600\" \/>\n\t<meta property=\"og:image:height\" content=\"600\" \/>\n\t<meta property=\"og:image:type\" content=\"image\/jpeg\" \/>\n<meta name=\"twitter:card\" content=\"summary_large_image\" \/>\n<meta name=\"twitter:label1\" content=\"Ber\u00e4knad l\u00e4stid\" \/>\n\t<meta name=\"twitter:data1\" content=\"2 minuter\" \/>\n<script type=\"application\/ld+json\" class=\"yoast-schema-graph\">{\"@context\":\"https:\\\/\\\/schema.org\",\"@graph\":[{\"@type\":\"WebPage\",\"@id\":\"https:\\\/\\\/medicinasinc.com\\\/se\\\/product\\\/kop-nembutal-piller\\\/\",\"url\":\"https:\\\/\\\/medicinasinc.com\\\/se\\\/product\\\/kop-nembutal-piller\\\/\",\"name\":\"K\u00f6p Nembutal Pills - B\u00e4sta B\u00e4sta Global Meds\",\"isPartOf\":{\"@id\":\"https:\\\/\\\/medicinasinc.com\\\/se\\\/#website\"},\"primaryImageOfPage\":{\"@id\":\"https:\\\/\\\/medicinasinc.com\\\/se\\\/product\\\/kop-nembutal-piller\\\/#primaryimage\"},\"image\":{\"@id\":\"https:\\\/\\\/medicinasinc.com\\\/se\\\/product\\\/kop-nembutal-piller\\\/#primaryimage\"},\"thumbnailUrl\":\"https:\\\/\\\/medicinasinc.com\\\/se\\\/wp-content\\\/uploads\\\/sites\\\/16\\\/2022\\\/02\\\/Buy-Nembutal-Pills.jpg\",\"datePublished\":\"2022-02-22T06:47:51+00:00\",\"dateModified\":\"2022-07-03T23:14:25+00:00\",\"description\":\"K\u00f6p Nembutal [Piller fr\u00e5n v\u00e5ra Pentobarbital Sodium piller &amp; injektioner, barbiturater och Nembutal till salu n\u00e4ra mig med s\u00e4ker frakt.\",\"breadcrumb\":{\"@id\":\"https:\\\/\\\/medicinasinc.com\\\/se\\\/product\\\/kop-nembutal-piller\\\/#breadcrumb\"},\"inLanguage\":\"sv-SE\",\"potentialAction\":[{\"@type\":\"ReadAction\",\"target\":[\"https:\\\/\\\/medicinasinc.com\\\/se\\\/product\\\/kop-nembutal-piller\\\/\"]}]},{\"@type\":\"ImageObject\",\"inLanguage\":\"sv-SE\",\"@id\":\"https:\\\/\\\/medicinasinc.com\\\/se\\\/product\\\/kop-nembutal-piller\\\/#primaryimage\",\"url\":\"https:\\\/\\\/medicinasinc.com\\\/se\\\/wp-content\\\/uploads\\\/sites\\\/16\\\/2022\\\/02\\\/Buy-Nembutal-Pills.jpg\",\"contentUrl\":\"https:\\\/\\\/medicinasinc.com\\\/se\\\/wp-content\\\/uploads\\\/sites\\\/16\\\/2022\\\/02\\\/Buy-Nembutal-Pills.jpg\",\"width\":600,\"height\":600},{\"@type\":\"BreadcrumbList\",\"@id\":\"https:\\\/\\\/medicinasinc.com\\\/se\\\/product\\\/kop-nembutal-piller\\\/#breadcrumb\",\"itemListElement\":[{\"@type\":\"ListItem\",\"position\":1,\"name\":\"aff\u00e4r\",\"item\":\"https:\\\/\\\/medicinasinc.com\\\/se\\\/affar\\\/\"},{\"@type\":\"ListItem\",\"position\":2,\"name\":\"K\u00f6p Nembutal-piller\"}]},{\"@type\":\"WebSite\",\"@id\":\"https:\\\/\\\/medicinasinc.com\\\/se\\\/#website\",\"url\":\"https:\\\/\\\/medicinasinc.com\\\/se\\\/\",\"name\":\"Medicinas Inc\",\"description\":\"Health Medical Clinic\",\"potentialAction\":[{\"@type\":\"SearchAction\",\"target\":{\"@type\":\"EntryPoint\",\"urlTemplate\":\"https:\\\/\\\/medicinasinc.com\\\/se\\\/?s={search_term_string}\"},\"query-input\":{\"@type\":\"PropertyValueSpecification\",\"valueRequired\":true,\"valueName\":\"search_term_string\"}}],\"inLanguage\":\"sv-SE\"}]}<\/script>\n<!-- \/ Yoast SEO plugin. -->","yoast_head_json":{"title":"K\u00f6p Nembutal Pills - B\u00e4sta B\u00e4sta Global Meds","description":"K\u00f6p Nembutal [Piller fr\u00e5n v\u00e5ra Pentobarbital Sodium piller &amp; injektioner, barbiturater och Nembutal till salu n\u00e4ra mig med s\u00e4ker frakt.","robots":{"index":"index","follow":"follow","max-snippet":"max-snippet:-1","max-image-preview":"max-image-preview:large","max-video-preview":"max-video-preview:-1"},"canonical":"https:\/\/medicinasinc.com\/se\/product\/kop-nembutal-piller\/","og_locale":"sv_SE","og_type":"article","og_title":"K\u00f6p Nembutal Pills - B\u00e4sta B\u00e4sta Global Meds","og_description":"K\u00f6p Nembutal [Piller fr\u00e5n v\u00e5ra Pentobarbital Sodium piller &amp; injektioner, barbiturater och Nembutal till salu n\u00e4ra mig med s\u00e4ker frakt.","og_url":"https:\/\/medicinasinc.com\/se\/product\/kop-nembutal-piller\/","og_site_name":"Medicinas Inc","article_modified_time":"2022-07-03T23:14:25+00:00","og_image":[{"width":600,"height":600,"url":"https:\/\/medicinasinc.com\/se\/wp-content\/uploads\/sites\/16\/2022\/02\/Buy-Nembutal-Pills.jpg","type":"image\/jpeg"}],"twitter_card":"summary_large_image","twitter_misc":{"Ber\u00e4knad l\u00e4stid":"2 minuter"},"schema":{"@context":"https:\/\/schema.org","@graph":[{"@type":"WebPage","@id":"https:\/\/medicinasinc.com\/se\/product\/kop-nembutal-piller\/","url":"https:\/\/medicinasinc.com\/se\/product\/kop-nembutal-piller\/","name":"K\u00f6p Nembutal Pills - B\u00e4sta B\u00e4sta Global Meds","isPartOf":{"@id":"https:\/\/medicinasinc.com\/se\/#website"},"primaryImageOfPage":{"@id":"https:\/\/medicinasinc.com\/se\/product\/kop-nembutal-piller\/#primaryimage"},"image":{"@id":"https:\/\/medicinasinc.com\/se\/product\/kop-nembutal-piller\/#primaryimage"},"thumbnailUrl":"https:\/\/medicinasinc.com\/se\/wp-content\/uploads\/sites\/16\/2022\/02\/Buy-Nembutal-Pills.jpg","datePublished":"2022-02-22T06:47:51+00:00","dateModified":"2022-07-03T23:14:25+00:00","description":"K\u00f6p Nembutal [Piller fr\u00e5n v\u00e5ra Pentobarbital Sodium piller &amp; injektioner, barbiturater och Nembutal till salu n\u00e4ra mig med s\u00e4ker frakt.","breadcrumb":{"@id":"https:\/\/medicinasinc.com\/se\/product\/kop-nembutal-piller\/#breadcrumb"},"inLanguage":"sv-SE","potentialAction":[{"@type":"ReadAction","target":["https:\/\/medicinasinc.com\/se\/product\/kop-nembutal-piller\/"]}]},{"@type":"ImageObject","inLanguage":"sv-SE","@id":"https:\/\/medicinasinc.com\/se\/product\/kop-nembutal-piller\/#primaryimage","url":"https:\/\/medicinasinc.com\/se\/wp-content\/uploads\/sites\/16\/2022\/02\/Buy-Nembutal-Pills.jpg","contentUrl":"https:\/\/medicinasinc.com\/se\/wp-content\/uploads\/sites\/16\/2022\/02\/Buy-Nembutal-Pills.jpg","width":600,"height":600},{"@type":"BreadcrumbList","@id":"https:\/\/medicinasinc.com\/se\/product\/kop-nembutal-piller\/#breadcrumb","itemListElement":[{"@type":"ListItem","position":1,"name":"aff\u00e4r","item":"https:\/\/medicinasinc.com\/se\/affar\/"},{"@type":"ListItem","position":2,"name":"K\u00f6p Nembutal-piller"}]},{"@type":"WebSite","@id":"https:\/\/medicinasinc.com\/se\/#website","url":"https:\/\/medicinasinc.com\/se\/","name":"Medicinas Inc","description":"Health Medical Clinic","potentialAction":[{"@type":"SearchAction","target":{"@type":"EntryPoint","urlTemplate":"https:\/\/medicinasinc.com\/se\/?s={search_term_string}"},"query-input":{"@type":"PropertyValueSpecification","valueRequired":true,"valueName":"search_term_string"}}],"inLanguage":"sv-SE"}]}},"_links":{"self":[{"href":"https:\/\/medicinasinc.com\/se\/wp-json\/wp\/v2\/product\/5816","targetHints":{"allow":["GET"]}}],"collection":[{"href":"https:\/\/medicinasinc.com\/se\/wp-json\/wp\/v2\/product"}],"about":[{"href":"https:\/\/medicinasinc.com\/se\/wp-json\/wp\/v2\/types\/product"}],"replies":[{"embeddable":true,"href":"https:\/\/medicinasinc.com\/se\/wp-json\/wp\/v2\/comments?post=5816"}],"wp:featuredmedia":[{"embeddable":true,"href":"https:\/\/medicinasinc.com\/se\/wp-json\/wp\/v2\/media\/5826"}],"wp:attachment":[{"href":"https:\/\/medicinasinc.com\/se\/wp-json\/wp\/v2\/media?parent=5816"}],"wp:term":[{"taxonomy":"product_brand","embeddable":true,"href":"https:\/\/medicinasinc.com\/se\/wp-json\/wp\/v2\/product_brand?post=5816"},{"taxonomy":"product_cat","embeddable":true,"href":"https:\/\/medicinasinc.com\/se\/wp-json\/wp\/v2\/product_cat?post=5816"},{"taxonomy":"product_tag","embeddable":true,"href":"https:\/\/medicinasinc.com\/se\/wp-json\/wp\/v2\/product_tag?post=5816"}],"curies":[{"name":"wp","href":"https:\/\/api.w.org\/{rel}","templated":true}]}}