{"id":5810,"date":"2022-02-22T06:41:43","date_gmt":"2022-02-22T06:41:43","guid":{"rendered":"https:\/\/medicinasinc.com\/se\/?post_type=product&#038;p=5810"},"modified":"2022-07-03T23:14:35","modified_gmt":"2022-07-03T23:14:35","slug":"kopa-nembutal-tabletter","status":"publish","type":"product","link":"https:\/\/medicinasinc.com\/se\/product\/kopa-nembutal-tabletter\/","title":{"rendered":"K\u00f6p Nembutal-tabletter"},"content":{"rendered":"<p>Nembutal-tabletter till salu online till l\u00e4gsta priser fr\u00e5n v\u00e5rt v\u00e4lrenommerade onlineapotek<\/p>\n<p>Onlineplattformen har gjort det enkelt och okomplicerat f\u00f6r alla att k\u00f6pa Nembutal-tabletter. Om du ocks\u00e5 \u00e4r intresserad av att k\u00f6pa Nembutal-tabletter online, kontakta Online Nembutal Pharmacy. V\u00e5rt apotek \u00e4r en engagerad, p\u00e5litlig och ekonomisk plats f\u00f6r dig att uppfylla dina Nembutal-krav.<\/p>\n<p>Vi tror p\u00e5 vikten av varor av h\u00f6g kvalitet och str\u00e4var efter att ge dem till v\u00e5ra kunder. Vi kommer omedelbart att slutf\u00f6ra din beg\u00e4ran om att k\u00f6pa Nembutal-tabletter online till b\u00e4sta pris. Vi kommer inte att l\u00e5ta dig v\u00e4nta p\u00e5 obest\u00e4md tid. V\u00e5rt onlineapotek skickar dina produkter omg\u00e5ende. V\u00e5rt distributionssystem \u00e4r diskret och s\u00e4kert. Vi l\u00e4mnar inget utrymme f\u00f6r misstag. Alla best\u00e4llningar utf\u00f6rs fackmannam\u00e4ssigt h\u00e4r. K\u00f6p omedelbart!<\/p>\n<p>Nembutal-tabletter &#8211; Utbilda dig sj\u00e4lv om dess s\u00e4kra anv\u00e4ndningsomr\u00e5den med hj\u00e4lp av v\u00e5rt professionella team<\/p>\n<p>Nembutal-tabletter ordineras i stor utstr\u00e4ckning f\u00f6r behandling av s\u00f6mnl\u00f6shet, sedering och krampanfall. Under en l\u00e5ng tid har vi levererat Nembutal-tabletter \u00f6ver hela v\u00e4rlden. I vissa fall anv\u00e4nder kirurger detta l\u00e4kemedel f\u00f6r att lugna patienter innan de utf\u00f6r operation p\u00e5 dem. Vi genomf\u00f6r regelbundna tester p\u00e5 dessa tabletter f\u00f6r att s\u00e4kerst\u00e4lla deras effektivitet.<\/p>\n<p>Vi inkluderar en medicinguide med Nembutal-tabletter. Detta hj\u00e4lper v\u00e5ra kunder att administrera l\u00e4kemedlet p\u00e5 r\u00e4tt s\u00e4tt och att f\u00f6rst\u00e5 den l\u00e4mpliga dosen baserat p\u00e5 deras vikt, \u00e5lder och medicinska tillst\u00e5nd. Dessutom tror vi att Nembutal-tabletter \u00e4r det enklaste och mest effektiva l\u00e4kemedlet f\u00f6r personer som har sv\u00e5rt att sova.<\/p>\n<p>V\u00e5ra proffs finns d\u00e4r 24 timmar om dygnet f\u00f6r att hj\u00e4lpa dig att f\u00f6rst\u00e5 allt om Nembutal-tabletterna. V\u00e5ra Nembutal-tabletter \u00e4r rimligt prissatta. Du beh\u00f6ver dock inte oroa dig f\u00f6r kostnaden f\u00f6r denna produkt. Best\u00e4ll dina krav omedelbart!<\/p>\n","protected":false},"excerpt":{"rendered":"<p>Hur kan vi hj\u00e4lpa dig att k\u00f6pa Nembutal-tabletter Phenobarbital till salu i Storbritannien, Europa online? Online Nembutal Pharmacy \u00e4r tillg\u00e4ngligt f\u00f6r alla m\u00e4nniskor globalt. Du kan n\u00e5 oss n\u00e4r som helst, var som helst.<\/p>\n<p>P\u00e5 Online Nembutal Pharmacy kan du k\u00f6pa Nembutal-tabletter och f\u00e5 dem levererade till din angivna adress inom n\u00e5gra dagar. Nembutal-tabletter m\u00e5ste l\u00e4ggas till i din kundvagn online f\u00f6r att transaktionen ska kunna slutf\u00f6ras. G\u00e5 till betalningssektionen och betala f\u00f6r det n\u00e4r du har lagt till det. Du kommer att kunna g\u00f6ra din best\u00e4llning s\u00e5 snart du har gjort din betalning. Vi kommer att leverera din best\u00e4llning till dig s\u00e5 snart den har tagits emot av v\u00e5rt onlineapotek. L\u00e4gg din best\u00e4llning nu!<\/p>\n","protected":false},"featured_media":5820,"comment_status":"open","ping_status":"closed","template":"","meta":[],"product_brand":[],"product_cat":[3818],"product_tag":[],"class_list":{"0":"post-5810","1":"product","2":"type-product","3":"status-publish","4":"has-post-thumbnail","6":"product_cat-pentobarbital-till-salu","8":"first","9":"instock","10":"shipping-taxable","11":"purchasable","12":"product-type-variable"},"yoast_head":"<!-- This site is optimized with the Yoast SEO plugin v27.3 - https:\/\/yoast.com\/product\/yoast-seo-wordpress\/ -->\n<title>K\u00f6p Nembutal-tabletter - b\u00e4sta globala mediciner<\/title>\n<meta name=\"description\" content=\"Hur kan vi hj\u00e4lpa dig att k\u00f6pa Nembutal-tabletter Phenobarbital till salu i Storbritannien, Europa online? Online Nembutal Pharmacy \u00e4r tillg\u00e4ngligt f\u00f6r alla m\u00e4nniskor globalt. Du kan n\u00e5 oss n\u00e4r som helst, var som helst.\" \/>\n<meta name=\"robots\" content=\"index, follow, max-snippet:-1, max-image-preview:large, max-video-preview:-1\" \/>\n<link rel=\"canonical\" href=\"https:\/\/medicinasinc.com\/se\/product\/kopa-nembutal-tabletter\/\" \/>\n<meta property=\"og:locale\" content=\"sv_SE\" \/>\n<meta property=\"og:type\" content=\"article\" \/>\n<meta property=\"og:title\" content=\"K\u00f6p Nembutal-tabletter - b\u00e4sta globala mediciner\" \/>\n<meta property=\"og:description\" content=\"Hur kan vi hj\u00e4lpa dig att k\u00f6pa Nembutal-tabletter Phenobarbital till salu i Storbritannien, Europa online? Online Nembutal Pharmacy \u00e4r tillg\u00e4ngligt f\u00f6r alla m\u00e4nniskor globalt. Du kan n\u00e5 oss n\u00e4r som helst, var som helst.\" \/>\n<meta property=\"og:url\" content=\"https:\/\/medicinasinc.com\/se\/product\/kopa-nembutal-tabletter\/\" \/>\n<meta property=\"og:site_name\" content=\"Medicinas Inc\" \/>\n<meta property=\"article:modified_time\" content=\"2022-07-03T23:14:35+00:00\" \/>\n<meta property=\"og:image\" content=\"https:\/\/medicinasinc.com\/se\/wp-content\/uploads\/sites\/16\/2022\/02\/Buy-Nembutal-Tablets.jpg\" \/>\n\t<meta property=\"og:image:width\" content=\"600\" \/>\n\t<meta property=\"og:image:height\" content=\"600\" \/>\n\t<meta property=\"og:image:type\" content=\"image\/jpeg\" \/>\n<meta name=\"twitter:card\" content=\"summary_large_image\" \/>\n<meta name=\"twitter:label1\" content=\"Ber\u00e4knad l\u00e4stid\" \/>\n\t<meta name=\"twitter:data1\" content=\"2 minuter\" \/>\n<script type=\"application\/ld+json\" class=\"yoast-schema-graph\">{\"@context\":\"https:\\\/\\\/schema.org\",\"@graph\":[{\"@type\":\"WebPage\",\"@id\":\"https:\\\/\\\/medicinasinc.com\\\/se\\\/product\\\/kopa-nembutal-tabletter\\\/\",\"url\":\"https:\\\/\\\/medicinasinc.com\\\/se\\\/product\\\/kopa-nembutal-tabletter\\\/\",\"name\":\"K\u00f6p Nembutal-tabletter - b\u00e4sta globala mediciner\",\"isPartOf\":{\"@id\":\"https:\\\/\\\/medicinasinc.com\\\/se\\\/#website\"},\"primaryImageOfPage\":{\"@id\":\"https:\\\/\\\/medicinasinc.com\\\/se\\\/product\\\/kopa-nembutal-tabletter\\\/#primaryimage\"},\"image\":{\"@id\":\"https:\\\/\\\/medicinasinc.com\\\/se\\\/product\\\/kopa-nembutal-tabletter\\\/#primaryimage\"},\"thumbnailUrl\":\"https:\\\/\\\/medicinasinc.com\\\/se\\\/wp-content\\\/uploads\\\/sites\\\/16\\\/2022\\\/02\\\/Buy-Nembutal-Tablets.jpg\",\"datePublished\":\"2022-02-22T06:41:43+00:00\",\"dateModified\":\"2022-07-03T23:14:35+00:00\",\"description\":\"Hur kan vi hj\u00e4lpa dig att k\u00f6pa Nembutal-tabletter Phenobarbital till salu i Storbritannien, Europa online? Online Nembutal Pharmacy \u00e4r tillg\u00e4ngligt f\u00f6r alla m\u00e4nniskor globalt. Du kan n\u00e5 oss n\u00e4r som helst, var som helst.\",\"breadcrumb\":{\"@id\":\"https:\\\/\\\/medicinasinc.com\\\/se\\\/product\\\/kopa-nembutal-tabletter\\\/#breadcrumb\"},\"inLanguage\":\"sv-SE\",\"potentialAction\":[{\"@type\":\"ReadAction\",\"target\":[\"https:\\\/\\\/medicinasinc.com\\\/se\\\/product\\\/kopa-nembutal-tabletter\\\/\"]}]},{\"@type\":\"ImageObject\",\"inLanguage\":\"sv-SE\",\"@id\":\"https:\\\/\\\/medicinasinc.com\\\/se\\\/product\\\/kopa-nembutal-tabletter\\\/#primaryimage\",\"url\":\"https:\\\/\\\/medicinasinc.com\\\/se\\\/wp-content\\\/uploads\\\/sites\\\/16\\\/2022\\\/02\\\/Buy-Nembutal-Tablets.jpg\",\"contentUrl\":\"https:\\\/\\\/medicinasinc.com\\\/se\\\/wp-content\\\/uploads\\\/sites\\\/16\\\/2022\\\/02\\\/Buy-Nembutal-Tablets.jpg\",\"width\":600,\"height\":600},{\"@type\":\"BreadcrumbList\",\"@id\":\"https:\\\/\\\/medicinasinc.com\\\/se\\\/product\\\/kopa-nembutal-tabletter\\\/#breadcrumb\",\"itemListElement\":[{\"@type\":\"ListItem\",\"position\":1,\"name\":\"aff\u00e4r\",\"item\":\"https:\\\/\\\/medicinasinc.com\\\/se\\\/affar\\\/\"},{\"@type\":\"ListItem\",\"position\":2,\"name\":\"K\u00f6p Nembutal-tabletter\"}]},{\"@type\":\"WebSite\",\"@id\":\"https:\\\/\\\/medicinasinc.com\\\/se\\\/#website\",\"url\":\"https:\\\/\\\/medicinasinc.com\\\/se\\\/\",\"name\":\"Medicinas Inc\",\"description\":\"Health Medical Clinic\",\"potentialAction\":[{\"@type\":\"SearchAction\",\"target\":{\"@type\":\"EntryPoint\",\"urlTemplate\":\"https:\\\/\\\/medicinasinc.com\\\/se\\\/?s={search_term_string}\"},\"query-input\":{\"@type\":\"PropertyValueSpecification\",\"valueRequired\":true,\"valueName\":\"search_term_string\"}}],\"inLanguage\":\"sv-SE\"}]}<\/script>\n<!-- \/ Yoast SEO plugin. -->","yoast_head_json":{"title":"K\u00f6p Nembutal-tabletter - b\u00e4sta globala mediciner","description":"Hur kan vi hj\u00e4lpa dig att k\u00f6pa Nembutal-tabletter Phenobarbital till salu i Storbritannien, Europa online? Online Nembutal Pharmacy \u00e4r tillg\u00e4ngligt f\u00f6r alla m\u00e4nniskor globalt. Du kan n\u00e5 oss n\u00e4r som helst, var som helst.","robots":{"index":"index","follow":"follow","max-snippet":"max-snippet:-1","max-image-preview":"max-image-preview:large","max-video-preview":"max-video-preview:-1"},"canonical":"https:\/\/medicinasinc.com\/se\/product\/kopa-nembutal-tabletter\/","og_locale":"sv_SE","og_type":"article","og_title":"K\u00f6p Nembutal-tabletter - b\u00e4sta globala mediciner","og_description":"Hur kan vi hj\u00e4lpa dig att k\u00f6pa Nembutal-tabletter Phenobarbital till salu i Storbritannien, Europa online? Online Nembutal Pharmacy \u00e4r tillg\u00e4ngligt f\u00f6r alla m\u00e4nniskor globalt. Du kan n\u00e5 oss n\u00e4r som helst, var som helst.","og_url":"https:\/\/medicinasinc.com\/se\/product\/kopa-nembutal-tabletter\/","og_site_name":"Medicinas Inc","article_modified_time":"2022-07-03T23:14:35+00:00","og_image":[{"width":600,"height":600,"url":"https:\/\/medicinasinc.com\/se\/wp-content\/uploads\/sites\/16\/2022\/02\/Buy-Nembutal-Tablets.jpg","type":"image\/jpeg"}],"twitter_card":"summary_large_image","twitter_misc":{"Ber\u00e4knad l\u00e4stid":"2 minuter"},"schema":{"@context":"https:\/\/schema.org","@graph":[{"@type":"WebPage","@id":"https:\/\/medicinasinc.com\/se\/product\/kopa-nembutal-tabletter\/","url":"https:\/\/medicinasinc.com\/se\/product\/kopa-nembutal-tabletter\/","name":"K\u00f6p Nembutal-tabletter - b\u00e4sta globala mediciner","isPartOf":{"@id":"https:\/\/medicinasinc.com\/se\/#website"},"primaryImageOfPage":{"@id":"https:\/\/medicinasinc.com\/se\/product\/kopa-nembutal-tabletter\/#primaryimage"},"image":{"@id":"https:\/\/medicinasinc.com\/se\/product\/kopa-nembutal-tabletter\/#primaryimage"},"thumbnailUrl":"https:\/\/medicinasinc.com\/se\/wp-content\/uploads\/sites\/16\/2022\/02\/Buy-Nembutal-Tablets.jpg","datePublished":"2022-02-22T06:41:43+00:00","dateModified":"2022-07-03T23:14:35+00:00","description":"Hur kan vi hj\u00e4lpa dig att k\u00f6pa Nembutal-tabletter Phenobarbital till salu i Storbritannien, Europa online? Online Nembutal Pharmacy \u00e4r tillg\u00e4ngligt f\u00f6r alla m\u00e4nniskor globalt. Du kan n\u00e5 oss n\u00e4r som helst, var som helst.","breadcrumb":{"@id":"https:\/\/medicinasinc.com\/se\/product\/kopa-nembutal-tabletter\/#breadcrumb"},"inLanguage":"sv-SE","potentialAction":[{"@type":"ReadAction","target":["https:\/\/medicinasinc.com\/se\/product\/kopa-nembutal-tabletter\/"]}]},{"@type":"ImageObject","inLanguage":"sv-SE","@id":"https:\/\/medicinasinc.com\/se\/product\/kopa-nembutal-tabletter\/#primaryimage","url":"https:\/\/medicinasinc.com\/se\/wp-content\/uploads\/sites\/16\/2022\/02\/Buy-Nembutal-Tablets.jpg","contentUrl":"https:\/\/medicinasinc.com\/se\/wp-content\/uploads\/sites\/16\/2022\/02\/Buy-Nembutal-Tablets.jpg","width":600,"height":600},{"@type":"BreadcrumbList","@id":"https:\/\/medicinasinc.com\/se\/product\/kopa-nembutal-tabletter\/#breadcrumb","itemListElement":[{"@type":"ListItem","position":1,"name":"aff\u00e4r","item":"https:\/\/medicinasinc.com\/se\/affar\/"},{"@type":"ListItem","position":2,"name":"K\u00f6p Nembutal-tabletter"}]},{"@type":"WebSite","@id":"https:\/\/medicinasinc.com\/se\/#website","url":"https:\/\/medicinasinc.com\/se\/","name":"Medicinas Inc","description":"Health Medical Clinic","potentialAction":[{"@type":"SearchAction","target":{"@type":"EntryPoint","urlTemplate":"https:\/\/medicinasinc.com\/se\/?s={search_term_string}"},"query-input":{"@type":"PropertyValueSpecification","valueRequired":true,"valueName":"search_term_string"}}],"inLanguage":"sv-SE"}]}},"_links":{"self":[{"href":"https:\/\/medicinasinc.com\/se\/wp-json\/wp\/v2\/product\/5810","targetHints":{"allow":["GET"]}}],"collection":[{"href":"https:\/\/medicinasinc.com\/se\/wp-json\/wp\/v2\/product"}],"about":[{"href":"https:\/\/medicinasinc.com\/se\/wp-json\/wp\/v2\/types\/product"}],"replies":[{"embeddable":true,"href":"https:\/\/medicinasinc.com\/se\/wp-json\/wp\/v2\/comments?post=5810"}],"wp:featuredmedia":[{"embeddable":true,"href":"https:\/\/medicinasinc.com\/se\/wp-json\/wp\/v2\/media\/5820"}],"wp:attachment":[{"href":"https:\/\/medicinasinc.com\/se\/wp-json\/wp\/v2\/media?parent=5810"}],"wp:term":[{"taxonomy":"product_brand","embeddable":true,"href":"https:\/\/medicinasinc.com\/se\/wp-json\/wp\/v2\/product_brand?post=5810"},{"taxonomy":"product_cat","embeddable":true,"href":"https:\/\/medicinasinc.com\/se\/wp-json\/wp\/v2\/product_cat?post=5810"},{"taxonomy":"product_tag","embeddable":true,"href":"https:\/\/medicinasinc.com\/se\/wp-json\/wp\/v2\/product_tag?post=5810"}],"curies":[{"name":"wp","href":"https:\/\/api.w.org\/{rel}","templated":true}]}}