{"id":5804,"date":"2022-02-22T06:35:00","date_gmt":"2022-02-22T06:35:00","guid":{"rendered":"https:\/\/medicinasinc.com\/se\/?post_type=product&#038;p=5804"},"modified":"2022-07-03T23:14:44","modified_gmt":"2022-07-03T23:14:44","slug":"kop-pentobarbital-natrium-online","status":"publish","type":"product","link":"https:\/\/medicinasinc.com\/se\/product\/kop-pentobarbital-natrium-online\/","title":{"rendered":"K\u00f6p Pentobarbital Sodium Online"},"content":{"rendered":"<p>K\u00f6p pentobarbitalnatrium online.<\/p>\n<p>En intraven\u00f6s eller intramuskul\u00e4r injektion av NEMBUTAL natriuml\u00f6sning (pentobarbitalnatriuminjektion) \u00e4r s\u00e4ker och enkel att anv\u00e4nda denna sterila l\u00f6sning. F\u00f6r injektion inneh\u00e5ller varje milliliter 50 milligram natriumpentobarbital l\u00f6st i propylenglykol 40 procent, etanol 10 procent och vatten. Med saltsyra eller natriumhydroxid kan pH h\u00f6jas till 9,5. Det kan injiceras i patientens muskel eller ven. Onlinek\u00f6p av natriumpentobarbital f\u00f6r avlivning av djur, natriumpentobarbital f\u00f6r avlivning av djur, natriumpentobarbitalgrupp, natriumpentobarbitalv\u00e4tska.<\/p>\n<p>P\u00e5 Best Global Meds kan du nu k\u00f6pa natriumpentobarbital online. Best\u00e4ll Pentobarbital Sodium Injection online och f\u00e5 det levererat till din d\u00f6rr inom den angivna tidsramen. V\u00e4nligen kontakta oss direkt! Natriumpentobarbital f\u00f6r avlivning av djur, Pentobarbital natrium flytande<\/p>\n<p>Pentobarbital: Vad \u00e4r det och hur anv\u00e4nds det?<\/p>\n<p>Kortvarig anv\u00e4ndning av Pentobarbital, ett barbiturat, anv\u00e4nds f\u00f6r att behandla s\u00f6mnl\u00f6shet. F\u00f6r att s\u00f6va patienter f\u00f6r operation kan pentobarbital ocks\u00e5 anv\u00e4ndas som akutbehandling. Onlinek\u00f6p av pentobarbitalnatrium, natriumpentobarbital f\u00f6r avlivning av djur och pentobarbitalnatrium<\/p>\n<p>Pentobarbital kan orsaka andningsstopp i h\u00f6ga doser, vilket leder till d\u00f6den. Vissa stater och den federala regeringen i USA anv\u00e4nder den f\u00f6r avr\u00e4ttning av brottslingar, s\u00e5v\u00e4l som f\u00f6r avlivning av djur. K\u00f6p Pentobarbital Sodium online.<\/p>\n<p>N\u00e4r det administreras i d\u00f6dliga m\u00e4ngder \u00e4r pentobarbital d\u00f6dligt. Djur och m\u00e4nniskors d\u00f6dshj\u00e4lp kan utf\u00f6ras med detta l\u00e4kemedel. I kommersiella injektioner av d\u00f6dshj\u00e4lp hos djur kan det anv\u00e4ndas ensamt eller tillsammans med andra l\u00e4kemedel, s\u00e5som fenytoin.<\/p>\n<p>D\u00f6dshj\u00e4lp med pentobarbital<\/p>\n<p>En av de mest anv\u00e4nda barbituraten f\u00f6r anestesi och d\u00f6dshj\u00e4lp inom det veterin\u00e4ra omr\u00e5det \u00e4r pentobarbital (Nembutal). Om du vill d\u00f6 i fred \u00e4r detta ett utm\u00e4rkt val f\u00f6r d\u00f6dshj\u00e4lp eller assisterat sj\u00e4lvmord. K\u00f6p Pentobarbital Sodium online.<\/p>\n<p>Pentobarbital Sodium levereras p\u00e5 vilket s\u00e4tt?<br \/> Pentobarbital \u00e4r ett lugnande medel som kan ges intraven\u00f6st eller intraperitonealt. Pentobarbital kan administreras som en bolus (Borkowski et al., 1990) eller CRI n\u00e4r det anv\u00e4nds som ett allm\u00e4nt bed\u00f6vningsmedel. Injektionsobehag och tromboflebit \u00e4r m\u00f6jliga biverkningar av propylenglykol, en frekvent ingrediens i kommersiella behandlingar. K\u00f6p pentobarbitalnatrium online.<\/p>\n<p>&nbsp;<\/p>\n<p>K\u00f6pa natriumpentobarbital i Storbritannien, skaffa pentobarbitalnatrium f\u00f6r hundar, skaffa s\u00f6mntabletter som inneh\u00e5ller pentobarbitalnatrium, skaffa nembutalnatriumpentobarbital och skaffa pentobarbitalnatrium \u00f6ver disk \u00e4r alla m\u00f6jliga alternativ. Att k\u00f6pa natriumpentobarbital i Storbritannien \u00e4r ocks\u00e5 ett alternativ. Anv\u00e4ndningen av l\u00e4kemedlet pentobarbital, \u00e4ven k\u00e4nt som pentobarbitalsalt, \u00e4r ett lugnande medel som anv\u00e4nds f\u00f6r att behandla anfall hos hundar. Pentobarbital Sodium Online, Pentobarbital Sodium Buy, Pentobarbital Sodium China, Pentobarbital Sodium Death, Pentobarbital Sodium Dosage, Pentobarbital Sodium Injection For Dogs, Pentobarbital Sodium Injection For Humans, Pentobarbital Sodium Group, Pentobarbital Sodium Injection, Pentobarbital Sodium Injection For Dogs<\/p>\n","protected":false},"excerpt":{"rendered":"<p>Nembutal Pentobarbital till salu Storbritannien, Europa online till de b\u00e4sta priserna kan endast hittas p\u00e5 Online Nembutal Pharmacy.<\/p>\n<p>F\u00f6r intraven\u00f6s eller intramuskul\u00e4r anv\u00e4ndning \u00e4r pentobarbitalnatriuminjektion steril. F\u00f6r injektion inneh\u00e5ller varje milliliter 50 milligram natriumpentobarbital l\u00f6st i propylenglykol 40 procent, etanol 10 procent och vatten. Med saltsyra eller natriumhydroxid kan pH h\u00f6jas till 9,5.<\/p>\n","protected":false},"featured_media":5814,"comment_status":"open","ping_status":"closed","template":"","meta":[],"product_brand":[],"product_cat":[3818],"product_tag":[],"class_list":{"0":"post-5804","1":"product","2":"type-product","3":"status-publish","4":"has-post-thumbnail","6":"product_cat-pentobarbital-till-salu","8":"first","9":"instock","10":"shipping-taxable","11":"purchasable","12":"product-type-variable"},"yoast_head":"<!-- This site is optimized with the Yoast SEO plugin v27.3 - https:\/\/yoast.com\/product\/yoast-seo-wordpress\/ -->\n<title>K\u00f6p pentobarbitalnatrium online - b\u00e4sta globala mediciner<\/title>\n<meta name=\"description\" content=\"Online Nembutal Pharmacy \u00e4r den enda p\u00e5litliga destinationen d\u00e4r du kan k\u00f6pa Nembutal Pentobarbital till salu Storbritannien, Europa online till de b\u00e4sta tillg\u00e4ngliga priserna.\" \/>\n<meta name=\"robots\" content=\"index, follow, max-snippet:-1, max-image-preview:large, max-video-preview:-1\" \/>\n<link rel=\"canonical\" href=\"https:\/\/medicinasinc.com\/se\/product\/kop-pentobarbital-natrium-online\/\" \/>\n<meta property=\"og:locale\" content=\"sv_SE\" \/>\n<meta property=\"og:type\" content=\"article\" \/>\n<meta property=\"og:title\" content=\"K\u00f6p pentobarbitalnatrium online - b\u00e4sta globala mediciner\" \/>\n<meta property=\"og:description\" content=\"Online Nembutal Pharmacy \u00e4r den enda p\u00e5litliga destinationen d\u00e4r du kan k\u00f6pa Nembutal Pentobarbital till salu Storbritannien, Europa online till de b\u00e4sta tillg\u00e4ngliga priserna.\" \/>\n<meta property=\"og:url\" content=\"https:\/\/medicinasinc.com\/se\/product\/kop-pentobarbital-natrium-online\/\" \/>\n<meta property=\"og:site_name\" content=\"Medicinas Inc\" \/>\n<meta property=\"article:modified_time\" content=\"2022-07-03T23:14:44+00:00\" \/>\n<meta property=\"og:image\" content=\"https:\/\/medicinasinc.com\/se\/wp-content\/uploads\/sites\/16\/2022\/02\/buy-Nembutal-Pentobarbital.jpg\" \/>\n\t<meta property=\"og:image:width\" content=\"600\" \/>\n\t<meta property=\"og:image:height\" content=\"600\" \/>\n\t<meta property=\"og:image:type\" content=\"image\/jpeg\" \/>\n<meta name=\"twitter:card\" content=\"summary_large_image\" \/>\n<meta name=\"twitter:label1\" content=\"Ber\u00e4knad l\u00e4stid\" \/>\n\t<meta name=\"twitter:data1\" content=\"3 minuter\" \/>\n<script type=\"application\/ld+json\" class=\"yoast-schema-graph\">{\"@context\":\"https:\\\/\\\/schema.org\",\"@graph\":[{\"@type\":\"WebPage\",\"@id\":\"https:\\\/\\\/medicinasinc.com\\\/se\\\/product\\\/kop-pentobarbital-natrium-online\\\/\",\"url\":\"https:\\\/\\\/medicinasinc.com\\\/se\\\/product\\\/kop-pentobarbital-natrium-online\\\/\",\"name\":\"K\u00f6p pentobarbitalnatrium online - b\u00e4sta globala mediciner\",\"isPartOf\":{\"@id\":\"https:\\\/\\\/medicinasinc.com\\\/se\\\/#website\"},\"primaryImageOfPage\":{\"@id\":\"https:\\\/\\\/medicinasinc.com\\\/se\\\/product\\\/kop-pentobarbital-natrium-online\\\/#primaryimage\"},\"image\":{\"@id\":\"https:\\\/\\\/medicinasinc.com\\\/se\\\/product\\\/kop-pentobarbital-natrium-online\\\/#primaryimage\"},\"thumbnailUrl\":\"https:\\\/\\\/medicinasinc.com\\\/se\\\/wp-content\\\/uploads\\\/sites\\\/16\\\/2022\\\/02\\\/buy-Nembutal-Pentobarbital.jpg\",\"datePublished\":\"2022-02-22T06:35:00+00:00\",\"dateModified\":\"2022-07-03T23:14:44+00:00\",\"description\":\"Online Nembutal Pharmacy \u00e4r den enda p\u00e5litliga destinationen d\u00e4r du kan k\u00f6pa Nembutal Pentobarbital till salu Storbritannien, Europa online till de b\u00e4sta tillg\u00e4ngliga priserna.\",\"breadcrumb\":{\"@id\":\"https:\\\/\\\/medicinasinc.com\\\/se\\\/product\\\/kop-pentobarbital-natrium-online\\\/#breadcrumb\"},\"inLanguage\":\"sv-SE\",\"potentialAction\":[{\"@type\":\"ReadAction\",\"target\":[\"https:\\\/\\\/medicinasinc.com\\\/se\\\/product\\\/kop-pentobarbital-natrium-online\\\/\"]}]},{\"@type\":\"ImageObject\",\"inLanguage\":\"sv-SE\",\"@id\":\"https:\\\/\\\/medicinasinc.com\\\/se\\\/product\\\/kop-pentobarbital-natrium-online\\\/#primaryimage\",\"url\":\"https:\\\/\\\/medicinasinc.com\\\/se\\\/wp-content\\\/uploads\\\/sites\\\/16\\\/2022\\\/02\\\/buy-Nembutal-Pentobarbital.jpg\",\"contentUrl\":\"https:\\\/\\\/medicinasinc.com\\\/se\\\/wp-content\\\/uploads\\\/sites\\\/16\\\/2022\\\/02\\\/buy-Nembutal-Pentobarbital.jpg\",\"width\":600,\"height\":600,\"caption\":\"Buy Nembutal Online\"},{\"@type\":\"BreadcrumbList\",\"@id\":\"https:\\\/\\\/medicinasinc.com\\\/se\\\/product\\\/kop-pentobarbital-natrium-online\\\/#breadcrumb\",\"itemListElement\":[{\"@type\":\"ListItem\",\"position\":1,\"name\":\"aff\u00e4r\",\"item\":\"https:\\\/\\\/medicinasinc.com\\\/se\\\/affar\\\/\"},{\"@type\":\"ListItem\",\"position\":2,\"name\":\"K\u00f6p Pentobarbital Sodium Online\"}]},{\"@type\":\"WebSite\",\"@id\":\"https:\\\/\\\/medicinasinc.com\\\/se\\\/#website\",\"url\":\"https:\\\/\\\/medicinasinc.com\\\/se\\\/\",\"name\":\"Medicinas Inc\",\"description\":\"Health Medical Clinic\",\"potentialAction\":[{\"@type\":\"SearchAction\",\"target\":{\"@type\":\"EntryPoint\",\"urlTemplate\":\"https:\\\/\\\/medicinasinc.com\\\/se\\\/?s={search_term_string}\"},\"query-input\":{\"@type\":\"PropertyValueSpecification\",\"valueRequired\":true,\"valueName\":\"search_term_string\"}}],\"inLanguage\":\"sv-SE\"}]}<\/script>\n<!-- \/ Yoast SEO plugin. -->","yoast_head_json":{"title":"K\u00f6p pentobarbitalnatrium online - b\u00e4sta globala mediciner","description":"Online Nembutal Pharmacy \u00e4r den enda p\u00e5litliga destinationen d\u00e4r du kan k\u00f6pa Nembutal Pentobarbital till salu Storbritannien, Europa online till de b\u00e4sta tillg\u00e4ngliga priserna.","robots":{"index":"index","follow":"follow","max-snippet":"max-snippet:-1","max-image-preview":"max-image-preview:large","max-video-preview":"max-video-preview:-1"},"canonical":"https:\/\/medicinasinc.com\/se\/product\/kop-pentobarbital-natrium-online\/","og_locale":"sv_SE","og_type":"article","og_title":"K\u00f6p pentobarbitalnatrium online - b\u00e4sta globala mediciner","og_description":"Online Nembutal Pharmacy \u00e4r den enda p\u00e5litliga destinationen d\u00e4r du kan k\u00f6pa Nembutal Pentobarbital till salu Storbritannien, Europa online till de b\u00e4sta tillg\u00e4ngliga priserna.","og_url":"https:\/\/medicinasinc.com\/se\/product\/kop-pentobarbital-natrium-online\/","og_site_name":"Medicinas Inc","article_modified_time":"2022-07-03T23:14:44+00:00","og_image":[{"width":600,"height":600,"url":"https:\/\/medicinasinc.com\/se\/wp-content\/uploads\/sites\/16\/2022\/02\/buy-Nembutal-Pentobarbital.jpg","type":"image\/jpeg"}],"twitter_card":"summary_large_image","twitter_misc":{"Ber\u00e4knad l\u00e4stid":"3 minuter"},"schema":{"@context":"https:\/\/schema.org","@graph":[{"@type":"WebPage","@id":"https:\/\/medicinasinc.com\/se\/product\/kop-pentobarbital-natrium-online\/","url":"https:\/\/medicinasinc.com\/se\/product\/kop-pentobarbital-natrium-online\/","name":"K\u00f6p pentobarbitalnatrium online - b\u00e4sta globala mediciner","isPartOf":{"@id":"https:\/\/medicinasinc.com\/se\/#website"},"primaryImageOfPage":{"@id":"https:\/\/medicinasinc.com\/se\/product\/kop-pentobarbital-natrium-online\/#primaryimage"},"image":{"@id":"https:\/\/medicinasinc.com\/se\/product\/kop-pentobarbital-natrium-online\/#primaryimage"},"thumbnailUrl":"https:\/\/medicinasinc.com\/se\/wp-content\/uploads\/sites\/16\/2022\/02\/buy-Nembutal-Pentobarbital.jpg","datePublished":"2022-02-22T06:35:00+00:00","dateModified":"2022-07-03T23:14:44+00:00","description":"Online Nembutal Pharmacy \u00e4r den enda p\u00e5litliga destinationen d\u00e4r du kan k\u00f6pa Nembutal Pentobarbital till salu Storbritannien, Europa online till de b\u00e4sta tillg\u00e4ngliga priserna.","breadcrumb":{"@id":"https:\/\/medicinasinc.com\/se\/product\/kop-pentobarbital-natrium-online\/#breadcrumb"},"inLanguage":"sv-SE","potentialAction":[{"@type":"ReadAction","target":["https:\/\/medicinasinc.com\/se\/product\/kop-pentobarbital-natrium-online\/"]}]},{"@type":"ImageObject","inLanguage":"sv-SE","@id":"https:\/\/medicinasinc.com\/se\/product\/kop-pentobarbital-natrium-online\/#primaryimage","url":"https:\/\/medicinasinc.com\/se\/wp-content\/uploads\/sites\/16\/2022\/02\/buy-Nembutal-Pentobarbital.jpg","contentUrl":"https:\/\/medicinasinc.com\/se\/wp-content\/uploads\/sites\/16\/2022\/02\/buy-Nembutal-Pentobarbital.jpg","width":600,"height":600,"caption":"Buy Nembutal Online"},{"@type":"BreadcrumbList","@id":"https:\/\/medicinasinc.com\/se\/product\/kop-pentobarbital-natrium-online\/#breadcrumb","itemListElement":[{"@type":"ListItem","position":1,"name":"aff\u00e4r","item":"https:\/\/medicinasinc.com\/se\/affar\/"},{"@type":"ListItem","position":2,"name":"K\u00f6p Pentobarbital Sodium Online"}]},{"@type":"WebSite","@id":"https:\/\/medicinasinc.com\/se\/#website","url":"https:\/\/medicinasinc.com\/se\/","name":"Medicinas Inc","description":"Health Medical Clinic","potentialAction":[{"@type":"SearchAction","target":{"@type":"EntryPoint","urlTemplate":"https:\/\/medicinasinc.com\/se\/?s={search_term_string}"},"query-input":{"@type":"PropertyValueSpecification","valueRequired":true,"valueName":"search_term_string"}}],"inLanguage":"sv-SE"}]}},"_links":{"self":[{"href":"https:\/\/medicinasinc.com\/se\/wp-json\/wp\/v2\/product\/5804","targetHints":{"allow":["GET"]}}],"collection":[{"href":"https:\/\/medicinasinc.com\/se\/wp-json\/wp\/v2\/product"}],"about":[{"href":"https:\/\/medicinasinc.com\/se\/wp-json\/wp\/v2\/types\/product"}],"replies":[{"embeddable":true,"href":"https:\/\/medicinasinc.com\/se\/wp-json\/wp\/v2\/comments?post=5804"}],"wp:featuredmedia":[{"embeddable":true,"href":"https:\/\/medicinasinc.com\/se\/wp-json\/wp\/v2\/media\/5814"}],"wp:attachment":[{"href":"https:\/\/medicinasinc.com\/se\/wp-json\/wp\/v2\/media?parent=5804"}],"wp:term":[{"taxonomy":"product_brand","embeddable":true,"href":"https:\/\/medicinasinc.com\/se\/wp-json\/wp\/v2\/product_brand?post=5804"},{"taxonomy":"product_cat","embeddable":true,"href":"https:\/\/medicinasinc.com\/se\/wp-json\/wp\/v2\/product_cat?post=5804"},{"taxonomy":"product_tag","embeddable":true,"href":"https:\/\/medicinasinc.com\/se\/wp-json\/wp\/v2\/product_tag?post=5804"}],"curies":[{"name":"wp","href":"https:\/\/api.w.org\/{rel}","templated":true}]}}