{"id":5798,"date":"2022-02-22T06:27:38","date_gmt":"2022-02-22T06:27:38","guid":{"rendered":"https:\/\/medicinasinc.com\/se\/?post_type=product&#038;p=5798"},"modified":"2022-07-03T23:14:55","modified_gmt":"2022-07-03T23:14:55","slug":"kop-fenobarbital-fenobarbital-luminal","status":"publish","type":"product","link":"https:\/\/medicinasinc.com\/se\/product\/kop-fenobarbital-fenobarbital-luminal\/","title":{"rendered":"K\u00f6p Phenobarbital (Phenobarbital) \/ Luminal"},"content":{"rendered":"<p>K\u00f6p billigt Phenobarbital Luminal Phenobarbital Luminal online fr\u00e5n ett v\u00e4lrenommerat apotek f\u00f6r b\u00e4sta pris<\/p>\n<p>Att anv\u00e4nda ett onlineapotek som Nembutal Pharmacy \u00e4r ett bekv\u00e4mt s\u00e4tt f\u00f6r konsumenter att f\u00e5 sina recept och l\u00e4kemedel. Phenobarbital Luminal online kan k\u00f6pas fr\u00e5n v\u00e5r hemsida n\u00e4r som helst, s\u00e5 missa inte det. H\u00e4r kan du k\u00f6pa denna medicin till ett rimligt pris.<\/p>\n<p>Med v\u00e5rt onlineapotek kan du vara s\u00e4ker p\u00e5 att du alltid f\u00e5r mediciner av h\u00f6g kvalitet. Kunder kan f\u00f6rv\u00e4nta sig att deras recept kommer i tid till detta apotek. Vi tolererar inte n\u00e5gon form av tr\u00f6ghet i v\u00e5rt jobb och slutf\u00f6r varje uppgift snabbt. Kontakta oss omedelbart f\u00f6r att best\u00e4lla Phenobarbital Luminal online till b\u00e4sta pris och f\u00e5 det snabbt levererat om du letar efter ett onlineapotek som v\u00e5rt!<\/p>\n<p>Luminal Phenobarbital: Vad kan vi g\u00f6ra f\u00f6r att se till att du anv\u00e4nder det S\u00e4kert?<\/p>\n<p>Phenobarbital Luminal \u00e4r ett v\u00e4letablerat l\u00e4kemedel f\u00f6r behandling av epileptiska anfall. Du kan ocks\u00e5 ta denna medicin f\u00f6r att behandla \u00e5ngest, s\u00f6mnl\u00f6shet och andra tillst\u00e5nd. Innan du tar detta l\u00e4kemedel b\u00f6r du r\u00e5dg\u00f6ra med din l\u00e4kare. Phenobarbital Luminal b\u00f6r startas f\u00f6rst efter en noggrann diskussion med din l\u00e4kare.<\/p>\n<p>Med varje best\u00e4llning tillhandah\u00e5ller v\u00e5rt onlineapotek en detaljerad medicineringsguide. P\u00e5 grund av detta kan du s\u00e4kert f\u00f6lja l\u00e4kemedlets instruktioner och anv\u00e4nda det. Vi \u00e4r h\u00e4r f\u00f6r att g\u00f6ra det s\u00e5 enkelt som m\u00f6jligt f\u00f6r dig att best\u00e4lla Phenobarbital Luminal online. Dra f\u00f6rdel av denna medicins f\u00f6rdelar genom att kontakta oss omedelbart. Vi \u00e4r h\u00e4r f\u00f6r att hj\u00e4lpa dig hela tiden.<\/p>\n","protected":false},"excerpt":{"rendered":"<p>Vilket onlineapotek erbjuder det billigaste Phenobarbital Luminal?<\/p>\n<p>V\u00e5rt onlineapotek s\u00e4ljer f\u00f6r n\u00e4rvarande Phenobarbital Luminal-piller. Phenobarbital Luminal f\u00f6r f\u00f6rs\u00e4ljningsordrar behandlas s\u00e5 snabbt som m\u00f6jligt. Kontakta oss helt enkelt idag s\u00e5 skickar vi din medicin till dig s\u00e5 snart som m\u00f6jligt. Nu \u00e4r det dags att ansluta!<\/p>\n","protected":false},"featured_media":5808,"comment_status":"open","ping_status":"closed","template":"","meta":[],"product_brand":[],"product_cat":[3818],"product_tag":[3955,3966,3956,3967,3961,3960,3963,3962,3964,3958,3959,3968,3957,3965,3969,3970,3971],"class_list":{"0":"post-5798","1":"product","2":"type-product","3":"status-publish","4":"has-post-thumbnail","6":"product_cat-pentobarbital-till-salu","7":"product_tag-barbiturat-bieffekt","8":"product_tag-fenobarbital-biverkningar","9":"product_tag-cost-of-phenobarbital-for-dogs","10":"product_tag-fenobarbital-biverkningar-hundar","11":"product_tag-fenobarbital-doser","12":"product_tag-fenobarbital-dosering","13":"product_tag-fenobarbital-fr-hundar-biverkningar","14":"product_tag-fenobarbital-fr-hundar-dosering","15":"product_tag-fenobarbital-niv","16":"product_tag-fenobarbital-varumrke","17":"product_tag-fenobarbital-kontrollerat-mne","18":"product_tag-fenobarbiton-niv","19":"product_tag-fenobarb-verdos","20":"product_tag-fenobarbital-verdos","21":"product_tag-vad-anvnds-fenobarb-till","22":"product_tag-vad-r-fenobarbital","23":"product_tag-vad-r-po-i-medicinska-termer","25":"first","26":"instock","27":"shipping-taxable","28":"purchasable","29":"product-type-variable"},"yoast_head":"<!-- This site is optimized with the Yoast SEO plugin v27.3 - https:\/\/yoast.com\/product\/yoast-seo-wordpress\/ -->\n<title>K\u00f6p Phenobarbital (Phenobarbital) \/ Luminal - b\u00e4sta globala mediciner<\/title>\n<meta name=\"description\" content=\"Du kan nu k\u00f6pa Phenobarbital Luminal-tabletter p\u00e5 Online Nembutal Pharmacy. Din best\u00e4llning till Phenobarbital Luminal till salu kommer att slutf\u00f6ras p\u00e5 kortast m\u00f6jliga tid. Allt du beh\u00f6ver g\u00f6ra \u00e4r att ringa oss, sms:a eller mejla idag och f\u00e5 dina droger levererade snart. Anslut nu!\" \/>\n<meta name=\"robots\" content=\"index, follow, max-snippet:-1, max-image-preview:large, max-video-preview:-1\" \/>\n<link rel=\"canonical\" href=\"https:\/\/medicinasinc.com\/se\/product\/kop-fenobarbital-fenobarbital-luminal\/\" \/>\n<meta property=\"og:locale\" content=\"sv_SE\" \/>\n<meta property=\"og:type\" content=\"article\" \/>\n<meta property=\"og:title\" content=\"K\u00f6p Phenobarbital (Phenobarbital) \/ Luminal - b\u00e4sta globala mediciner\" \/>\n<meta property=\"og:description\" content=\"Du kan nu k\u00f6pa Phenobarbital Luminal-tabletter p\u00e5 Online Nembutal Pharmacy. Din best\u00e4llning till Phenobarbital Luminal till salu kommer att slutf\u00f6ras p\u00e5 kortast m\u00f6jliga tid. Allt du beh\u00f6ver g\u00f6ra \u00e4r att ringa oss, sms:a eller mejla idag och f\u00e5 dina droger levererade snart. Anslut nu!\" \/>\n<meta property=\"og:url\" content=\"https:\/\/medicinasinc.com\/se\/product\/kop-fenobarbital-fenobarbital-luminal\/\" \/>\n<meta property=\"og:site_name\" content=\"Medicinas Inc\" \/>\n<meta property=\"article:modified_time\" content=\"2022-07-03T23:14:55+00:00\" \/>\n<meta property=\"og:image\" content=\"https:\/\/medicinasinc.com\/se\/wp-content\/uploads\/sites\/16\/2022\/02\/Buy-Phenobarbital-Tablets.jpg\" \/>\n\t<meta property=\"og:image:width\" content=\"600\" \/>\n\t<meta property=\"og:image:height\" content=\"600\" \/>\n\t<meta property=\"og:image:type\" content=\"image\/jpeg\" \/>\n<meta name=\"twitter:card\" content=\"summary_large_image\" \/>\n<meta name=\"twitter:label1\" content=\"Ber\u00e4knad l\u00e4stid\" \/>\n\t<meta name=\"twitter:data1\" content=\"2 minuter\" \/>\n<script type=\"application\/ld+json\" class=\"yoast-schema-graph\">{\"@context\":\"https:\\\/\\\/schema.org\",\"@graph\":[{\"@type\":\"WebPage\",\"@id\":\"https:\\\/\\\/medicinasinc.com\\\/se\\\/product\\\/kop-fenobarbital-fenobarbital-luminal\\\/\",\"url\":\"https:\\\/\\\/medicinasinc.com\\\/se\\\/product\\\/kop-fenobarbital-fenobarbital-luminal\\\/\",\"name\":\"K\u00f6p Phenobarbital (Phenobarbital) \\\/ Luminal - b\u00e4sta globala mediciner\",\"isPartOf\":{\"@id\":\"https:\\\/\\\/medicinasinc.com\\\/se\\\/#website\"},\"primaryImageOfPage\":{\"@id\":\"https:\\\/\\\/medicinasinc.com\\\/se\\\/product\\\/kop-fenobarbital-fenobarbital-luminal\\\/#primaryimage\"},\"image\":{\"@id\":\"https:\\\/\\\/medicinasinc.com\\\/se\\\/product\\\/kop-fenobarbital-fenobarbital-luminal\\\/#primaryimage\"},\"thumbnailUrl\":\"https:\\\/\\\/medicinasinc.com\\\/se\\\/wp-content\\\/uploads\\\/sites\\\/16\\\/2022\\\/02\\\/Buy-Phenobarbital-Tablets.jpg\",\"datePublished\":\"2022-02-22T06:27:38+00:00\",\"dateModified\":\"2022-07-03T23:14:55+00:00\",\"description\":\"Du kan nu k\u00f6pa Phenobarbital Luminal-tabletter p\u00e5 Online Nembutal Pharmacy. Din best\u00e4llning till Phenobarbital Luminal till salu kommer att slutf\u00f6ras p\u00e5 kortast m\u00f6jliga tid. Allt du beh\u00f6ver g\u00f6ra \u00e4r att ringa oss, sms:a eller mejla idag och f\u00e5 dina droger levererade snart. Anslut nu!\",\"breadcrumb\":{\"@id\":\"https:\\\/\\\/medicinasinc.com\\\/se\\\/product\\\/kop-fenobarbital-fenobarbital-luminal\\\/#breadcrumb\"},\"inLanguage\":\"sv-SE\",\"potentialAction\":[{\"@type\":\"ReadAction\",\"target\":[\"https:\\\/\\\/medicinasinc.com\\\/se\\\/product\\\/kop-fenobarbital-fenobarbital-luminal\\\/\"]}]},{\"@type\":\"ImageObject\",\"inLanguage\":\"sv-SE\",\"@id\":\"https:\\\/\\\/medicinasinc.com\\\/se\\\/product\\\/kop-fenobarbital-fenobarbital-luminal\\\/#primaryimage\",\"url\":\"https:\\\/\\\/medicinasinc.com\\\/se\\\/wp-content\\\/uploads\\\/sites\\\/16\\\/2022\\\/02\\\/Buy-Phenobarbital-Tablets.jpg\",\"contentUrl\":\"https:\\\/\\\/medicinasinc.com\\\/se\\\/wp-content\\\/uploads\\\/sites\\\/16\\\/2022\\\/02\\\/Buy-Phenobarbital-Tablets.jpg\",\"width\":600,\"height\":600},{\"@type\":\"BreadcrumbList\",\"@id\":\"https:\\\/\\\/medicinasinc.com\\\/se\\\/product\\\/kop-fenobarbital-fenobarbital-luminal\\\/#breadcrumb\",\"itemListElement\":[{\"@type\":\"ListItem\",\"position\":1,\"name\":\"aff\u00e4r\",\"item\":\"https:\\\/\\\/medicinasinc.com\\\/se\\\/affar\\\/\"},{\"@type\":\"ListItem\",\"position\":2,\"name\":\"K\u00f6p Phenobarbital (Phenobarbital) \\\/ Luminal\"}]},{\"@type\":\"WebSite\",\"@id\":\"https:\\\/\\\/medicinasinc.com\\\/se\\\/#website\",\"url\":\"https:\\\/\\\/medicinasinc.com\\\/se\\\/\",\"name\":\"Medicinas Inc\",\"description\":\"Health Medical Clinic\",\"potentialAction\":[{\"@type\":\"SearchAction\",\"target\":{\"@type\":\"EntryPoint\",\"urlTemplate\":\"https:\\\/\\\/medicinasinc.com\\\/se\\\/?s={search_term_string}\"},\"query-input\":{\"@type\":\"PropertyValueSpecification\",\"valueRequired\":true,\"valueName\":\"search_term_string\"}}],\"inLanguage\":\"sv-SE\"}]}<\/script>\n<!-- \/ Yoast SEO plugin. -->","yoast_head_json":{"title":"K\u00f6p Phenobarbital (Phenobarbital) \/ Luminal - b\u00e4sta globala mediciner","description":"Du kan nu k\u00f6pa Phenobarbital Luminal-tabletter p\u00e5 Online Nembutal Pharmacy. Din best\u00e4llning till Phenobarbital Luminal till salu kommer att slutf\u00f6ras p\u00e5 kortast m\u00f6jliga tid. Allt du beh\u00f6ver g\u00f6ra \u00e4r att ringa oss, sms:a eller mejla idag och f\u00e5 dina droger levererade snart. Anslut nu!","robots":{"index":"index","follow":"follow","max-snippet":"max-snippet:-1","max-image-preview":"max-image-preview:large","max-video-preview":"max-video-preview:-1"},"canonical":"https:\/\/medicinasinc.com\/se\/product\/kop-fenobarbital-fenobarbital-luminal\/","og_locale":"sv_SE","og_type":"article","og_title":"K\u00f6p Phenobarbital (Phenobarbital) \/ Luminal - b\u00e4sta globala mediciner","og_description":"Du kan nu k\u00f6pa Phenobarbital Luminal-tabletter p\u00e5 Online Nembutal Pharmacy. Din best\u00e4llning till Phenobarbital Luminal till salu kommer att slutf\u00f6ras p\u00e5 kortast m\u00f6jliga tid. Allt du beh\u00f6ver g\u00f6ra \u00e4r att ringa oss, sms:a eller mejla idag och f\u00e5 dina droger levererade snart. Anslut nu!","og_url":"https:\/\/medicinasinc.com\/se\/product\/kop-fenobarbital-fenobarbital-luminal\/","og_site_name":"Medicinas Inc","article_modified_time":"2022-07-03T23:14:55+00:00","og_image":[{"width":600,"height":600,"url":"https:\/\/medicinasinc.com\/se\/wp-content\/uploads\/sites\/16\/2022\/02\/Buy-Phenobarbital-Tablets.jpg","type":"image\/jpeg"}],"twitter_card":"summary_large_image","twitter_misc":{"Ber\u00e4knad l\u00e4stid":"2 minuter"},"schema":{"@context":"https:\/\/schema.org","@graph":[{"@type":"WebPage","@id":"https:\/\/medicinasinc.com\/se\/product\/kop-fenobarbital-fenobarbital-luminal\/","url":"https:\/\/medicinasinc.com\/se\/product\/kop-fenobarbital-fenobarbital-luminal\/","name":"K\u00f6p Phenobarbital (Phenobarbital) \/ Luminal - b\u00e4sta globala mediciner","isPartOf":{"@id":"https:\/\/medicinasinc.com\/se\/#website"},"primaryImageOfPage":{"@id":"https:\/\/medicinasinc.com\/se\/product\/kop-fenobarbital-fenobarbital-luminal\/#primaryimage"},"image":{"@id":"https:\/\/medicinasinc.com\/se\/product\/kop-fenobarbital-fenobarbital-luminal\/#primaryimage"},"thumbnailUrl":"https:\/\/medicinasinc.com\/se\/wp-content\/uploads\/sites\/16\/2022\/02\/Buy-Phenobarbital-Tablets.jpg","datePublished":"2022-02-22T06:27:38+00:00","dateModified":"2022-07-03T23:14:55+00:00","description":"Du kan nu k\u00f6pa Phenobarbital Luminal-tabletter p\u00e5 Online Nembutal Pharmacy. Din best\u00e4llning till Phenobarbital Luminal till salu kommer att slutf\u00f6ras p\u00e5 kortast m\u00f6jliga tid. Allt du beh\u00f6ver g\u00f6ra \u00e4r att ringa oss, sms:a eller mejla idag och f\u00e5 dina droger levererade snart. Anslut nu!","breadcrumb":{"@id":"https:\/\/medicinasinc.com\/se\/product\/kop-fenobarbital-fenobarbital-luminal\/#breadcrumb"},"inLanguage":"sv-SE","potentialAction":[{"@type":"ReadAction","target":["https:\/\/medicinasinc.com\/se\/product\/kop-fenobarbital-fenobarbital-luminal\/"]}]},{"@type":"ImageObject","inLanguage":"sv-SE","@id":"https:\/\/medicinasinc.com\/se\/product\/kop-fenobarbital-fenobarbital-luminal\/#primaryimage","url":"https:\/\/medicinasinc.com\/se\/wp-content\/uploads\/sites\/16\/2022\/02\/Buy-Phenobarbital-Tablets.jpg","contentUrl":"https:\/\/medicinasinc.com\/se\/wp-content\/uploads\/sites\/16\/2022\/02\/Buy-Phenobarbital-Tablets.jpg","width":600,"height":600},{"@type":"BreadcrumbList","@id":"https:\/\/medicinasinc.com\/se\/product\/kop-fenobarbital-fenobarbital-luminal\/#breadcrumb","itemListElement":[{"@type":"ListItem","position":1,"name":"aff\u00e4r","item":"https:\/\/medicinasinc.com\/se\/affar\/"},{"@type":"ListItem","position":2,"name":"K\u00f6p Phenobarbital (Phenobarbital) \/ Luminal"}]},{"@type":"WebSite","@id":"https:\/\/medicinasinc.com\/se\/#website","url":"https:\/\/medicinasinc.com\/se\/","name":"Medicinas Inc","description":"Health Medical Clinic","potentialAction":[{"@type":"SearchAction","target":{"@type":"EntryPoint","urlTemplate":"https:\/\/medicinasinc.com\/se\/?s={search_term_string}"},"query-input":{"@type":"PropertyValueSpecification","valueRequired":true,"valueName":"search_term_string"}}],"inLanguage":"sv-SE"}]}},"_links":{"self":[{"href":"https:\/\/medicinasinc.com\/se\/wp-json\/wp\/v2\/product\/5798","targetHints":{"allow":["GET"]}}],"collection":[{"href":"https:\/\/medicinasinc.com\/se\/wp-json\/wp\/v2\/product"}],"about":[{"href":"https:\/\/medicinasinc.com\/se\/wp-json\/wp\/v2\/types\/product"}],"replies":[{"embeddable":true,"href":"https:\/\/medicinasinc.com\/se\/wp-json\/wp\/v2\/comments?post=5798"}],"wp:featuredmedia":[{"embeddable":true,"href":"https:\/\/medicinasinc.com\/se\/wp-json\/wp\/v2\/media\/5808"}],"wp:attachment":[{"href":"https:\/\/medicinasinc.com\/se\/wp-json\/wp\/v2\/media?parent=5798"}],"wp:term":[{"taxonomy":"product_brand","embeddable":true,"href":"https:\/\/medicinasinc.com\/se\/wp-json\/wp\/v2\/product_brand?post=5798"},{"taxonomy":"product_cat","embeddable":true,"href":"https:\/\/medicinasinc.com\/se\/wp-json\/wp\/v2\/product_cat?post=5798"},{"taxonomy":"product_tag","embeddable":true,"href":"https:\/\/medicinasinc.com\/se\/wp-json\/wp\/v2\/product_tag?post=5798"}],"curies":[{"name":"wp","href":"https:\/\/api.w.org\/{rel}","templated":true}]}}