{"id":5792,"date":"2022-02-22T06:20:38","date_gmt":"2022-02-22T06:20:38","guid":{"rendered":"https:\/\/medicinasinc.com\/se\/?post_type=product&#038;p=5792"},"modified":"2022-07-03T23:15:04","modified_gmt":"2022-07-03T23:15:04","slug":"kopa-seconal-natrium","status":"publish","type":"product","link":"https:\/\/medicinasinc.com\/se\/product\/kopa-seconal-natrium\/","title":{"rendered":"K\u00f6p Seconal Sodium"},"content":{"rendered":"<p>Best\u00e4ll Seconal Sodium Online fr\u00e5n det b\u00e4sta apoteket. \u2013<\/p>\n<p>Det \u00e4r nu m\u00f6jligt att k\u00f6pa Nembutal online med Seconal Sodium till l\u00e4gsta kostnad. P\u00e5 v\u00e5rt onlineapotek kan du best\u00e4lla Seconal Sodium och f\u00e5 det levererat till din d\u00f6rr inom n\u00e5gra dagar. F\u00f6r att f\u00e5 snabb leverans av din Seconal Sodium g\u00f6r du helt enkelt en best\u00e4llning hos oss s\u00e5 kommer en av v\u00e5ra teammedlemmar att f\u00f6rbereda och packa den \u00e5t dig. Eftersom vi har varit i den h\u00e4r branschen s\u00e5 l\u00e4nge har vi byggt upp ett gediget rykte som ett p\u00e5litligt apotek. N\u00e4r det g\u00e4ller att skaffa de b\u00e4sta l\u00e4kemedlen kan du lita p\u00e5 att vi levererar dem i tid.<\/p>\n<p>Vilka \u00e4r f\u00f6rdelarna med Seconal Sodium? Varf\u00f6r ska du k\u00f6pa det fr\u00e5n oss?<\/p>\n<p>Innan operation anv\u00e4nds Seconal Sodium f\u00f6r att hj\u00e4lpa dig att slappna av. Det tillh\u00f6r klassen av l\u00e4kemedel som kallas barbiturats\u00f6mnande medel, som inkluderar Seconal. Det lugnar dig genom att p\u00e5verka specifika delar av din hj\u00e4rna. Seniorer b\u00f6r diskutera f\u00f6rdelarna och riskerna med denna medicin, s\u00e5v\u00e4l som de med mer potenta men m\u00f6jligen s\u00e4krare mediciner, med sin l\u00e4kare eller l\u00e4kemedelsspecialist. Innan du b\u00f6rjar ta Seconal Sodium och varje g\u00e5ng du f\u00e5r en p\u00e5fyllning, l\u00e4s medicinguiden fr\u00e5n v\u00e5rt onlineapotek. R\u00e5dfr\u00e5ga din l\u00e4kare eller en l\u00e4kemedelsspecialist om du har n\u00e5gra fr\u00e5gor. F\u00f6re operationen, f\u00f6lj din l\u00e4kares instruktioner och ta detta recept genom munnen med ett glas vatten p\u00e5 fastande mage.<\/p>\n<p>En \u00e5komma som Seconal Sodium uteslutande anv\u00e4nds f\u00f6r \u00e4r den som listas nedan:<\/p>\n<p>extra bed\u00f6vningsinjektioner<br \/> extra anestesiframkallande medel<\/p>\n<p>V\u00e5rt onlineapotek Nembutal s\u00e4ljer och levererar Seconal Sodium Secobarbital till \u00f6nskad plats s\u00e5 snabbt som m\u00f6jligt. Det b\u00e4sta s\u00e4ttet vi kan betj\u00e4na dig \u00e4r att till\u00e5ta oss att g\u00f6ra det. Det \u00e4r s\u00e4kert att lita p\u00e5 v\u00e5rt Nembutal-apotek online. Vi \u00e4r st\u00e4ndigt h\u00e4r f\u00f6r att hj\u00e4lpa v\u00e5ra viktiga kunder att n\u00e5 sina m\u00e5l och uppfylla deras kriterier. V\u00e4nligen kontakta oss s\u00e5 snart som m\u00f6jligt!<\/p>\n","protected":false},"excerpt":{"rendered":"<p>Ta kontakt med ett onlineapotek med nembutal f\u00f6r hj\u00e4lp<\/p>\n<p>K\u00f6p Seconal Sodium till salu i Storbritannien, Europa och resten av v\u00e4rlden till b\u00e4sta m\u00f6jliga pris genom att best\u00e4lla online. V\u00e5rt onlineapotek Seconal Sodium erbjuder ett brett utbud av h\u00f6gkvalitativa vitaminer och l\u00e4kemedel. F\u00f6r att g\u00f6ra en best\u00e4llning, g\u00e5 till webbplatsen.<\/p>\n<p>Vem som helst i v\u00e4rlden kan k\u00f6pa Nembutal online fr\u00e5n ett onlineapotek. N\u00e4r som helst, var som helst, kontakta oss. Alla fr\u00e5gor eller funderingar som v\u00e5ra kunder har kommer omedelbart att besvaras av en av v\u00e5ra kundtj\u00e4nstrepresentanter. Vi b\u00f6rjar paketera din produkt s\u00e5 snart vi f\u00e5r din best\u00e4llningsdata fr\u00e5n dig. Vi ser till att alla v\u00e5ra kunder&#8217; l\u00e4kemedel kommer i s\u00e4kra och korrekta f\u00f6rpackningar, och att ingen av dem har manipulerats. Kvaliteten p\u00e5 dina mediciner eller statusen f\u00f6r din leverans \u00e4r aldrig ett problem n\u00e4r du arbetar med oss. Vi \u00e4r h\u00e4r f\u00f6r att ta fullt ansvar f\u00f6r allt. H\u00e4rifr\u00e5n kan du inte f\u00f6rv\u00e4nta dig n\u00e5got annat \u00e4n det b\u00e4sta f\u00f6r ditt v\u00e4lbefinnande. Du kan komma i kontakt med oss \u200b\u200bvia telefon, e-post eller sms. K\u00f6p Seconal Sodium Secobarbital 100 mg fr\u00e5n Online Nembutal Pharmacy idag och f\u00e5 det levererat p\u00e5 kort tid.<\/p>\n","protected":false},"featured_media":5802,"comment_status":"open","ping_status":"closed","template":"","meta":[],"product_brand":[],"product_cat":[3818,59],"product_tag":[3819,3950,3820,3821,3824,3826,3827,3828,3831,3834,3835,3843,3844,3951,3948,3842,3840,3841,3822,3823,3829,3830,3907,3953,3906,3908,3909,3911,3845,3949,3866,3869,3874,3875,3876,3880,3881,3886,3887,3888,3889,3894,3895,3896,3897,3902,3903,3883,3884,3879,3891,3892,3893,3899,3900,3901,3878,3882,3885,3898,3890,3952,3904,3910,3920,3916,3918,3919,3923,3954,3925,3922,3927,3926,3913,3921],"class_list":{"0":"post-5792","1":"product","2":"type-product","3":"status-publish","4":"has-post-thumbnail","6":"product_cat-pentobarbital-till-salu","7":"product_cat-uncategorized","8":"product_tag-bsta-lkemedlet-fr-sjlvmord-verdos","9":"product_tag-bestll-nembutal-vtska-online","10":"product_tag-buy-cheap-nembutal-liquid-online","11":"product_tag-buy-cheap-nembutal-online","12":"product_tag-buy-nembutal-pentobarbital-sodium","13":"product_tag-buy-nembutal-sodium-online","14":"product_tag-buy-pentobarbital-sodium","15":"product_tag-buy-pentobarbital-sodium-2021","16":"product_tag-can-i-buy-pentobarbital","17":"product_tag-can-you-buy-pentobarbital-sodium-over-the-counter","18":"product_tag-can-you-buy-sodium-pentobarbital","19":"product_tag-det-r-ltt-att-kpa-nembutal-online","20":"product_tag-ddlig-injektion-kp-online","21":"product_tag-fenobarbital-natrium-intravens","22":"product_tag-how-to-buy-nembutal-liquid-online","23":"product_tag-hur-man-bsta-c3-a4ller-nembutal-per-post","24":"product_tag-hur-att-frvrva-nembutal","25":"product_tag-hur-man-k-c3-b6per-nembutal-online","26":"product_tag-k-c3-b6p-nembutal-h-c3-a4r","27":"product_tag-kp-nembutal-vtska-online","28":"product_tag-kp-pentobarbital-natrium-pentobarbital-natrium-salt","29":"product_tag-kp-natrium-pentobarbital-uk","30":"product_tag-natrium-pentobarbital-kostnad","31":"product_tag-natrium","32":"product_tag-natrium-pentobarbital-nembutal","33":"product_tag-natrium-pentobarbital-fr-djur-eutanasi","34":"product_tag-natrium-pentobarbital-fr-eutanasi","35":"product_tag-natrium-pentobarbital-hllbarhet","36":"product_tag-nembutal","37":"product_tag-nembutal-vtska-till-frsljning","38":"product_tag-nembutal-piller-online","39":"product_tag-nembutal-sjlvmordsdos","40":"product_tag-pentobarbital","41":"product_tag-pentobarbital-de-sodium-dose-letale","42":"product_tag-pentobarbital-fr-eutanasi","43":"product_tag-pentobarbital-sodium-china","44":"product_tag-pentobarbital-sodium-death","45":"product_tag-pentobarbital-sodium-injection-for-dogs","46":"product_tag-pentobarbital-sodium-injection-for-humans","47":"product_tag-pentobarbital-sodium-injection-solution","48":"product_tag-pentobarbital-sodium-injection-usp","49":"product_tag-pentobarbital-sodium-pills","50":"product_tag-pentobarbital-sodium-powder","51":"product_tag-pentobarbital-sodium-prescription","52":"product_tag-pentobarbital-sodium-price","53":"product_tag-pentobarbital-sodium-where-to-buy","54":"product_tag-pentobarbital-use","55":"product_tag-pentobarbital-natrium-fr-hundar","56":"product_tag-pentobarbital-natrium-fr-mnniskor","57":"product_tag-pentobarbital-natrium-kp","58":"product_tag-pentobarbital-natrium-nz","59":"product_tag-pentobarbital-natrium-oral","60":"product_tag-pentobarbital-natrium-receptfria","61":"product_tag-pentobarbital-natrium-smntabletter","62":"product_tag-pentobarbital-natrium-smntabletter-receptfria","63":"product_tag-pentobarbital-natrium-tabletter","64":"product_tag-pentobarbital-natrium-anestesi","65":"product_tag-pentobarbitalnatriumdosering","66":"product_tag-pentobarbital-natrium-grupp","67":"product_tag-pentobarbital-natrium-salt","68":"product_tag-pentobarbital-natrium-vtska","69":"product_tag-purchase-nembutal-liquid-online","70":"product_tag-purchase-nembutal-online","71":"product_tag-natrium-pentobarbital-tillverkare","72":"product_tag-var-kan-jag-kpa-natrium-pentobarbital","73":"product_tag-var-kan-jag-kpa-nembutal-natrium-pentobarbital","74":"product_tag-var-kan-jag-kpa-pentobarbital-natrium","75":"product_tag-var-kan-jag-kpa-pentobarbital-natrium-smntabletter","76":"product_tag-var-att-kpa-billigt-nembutal-online","77":"product_tag-var-att-kpa-nembutal-vtska-online","78":"product_tag-var-man-kan-kpa-pentobarbital-natrium","79":"product_tag-var-kan-du-kpa-pentobarbital-natrium","80":"product_tag-var-att-f-pentobarbital-natrium","81":"product_tag-var-att-kpa-pentobarbital-natrium-fr-hundar","82":"product_tag-vill-kpa-nembutal","83":"product_tag-where-can-i-purchase-nembutal","85":"first","86":"instock","87":"shipping-taxable","88":"purchasable","89":"product-type-variable"},"yoast_head":"<!-- This site is optimized with the Yoast SEO plugin v27.3 - https:\/\/yoast.com\/product\/yoast-seo-wordpress\/ -->\n<title>K\u00f6p Seconal Sodium - Best Best Global Meds<\/title>\n<meta name=\"description\" content=\"K\u00f6p Seconal Sodium till salu Storbritannien, Europa 100mg online till b\u00e4sta pris. Stort urval av h\u00f6gkvalitativa kosttillskott och mediciner p\u00e5 v\u00e5rt onlineapotek Seconal Sodium. Best\u00e4lla online.\" \/>\n<meta name=\"robots\" content=\"index, follow, max-snippet:-1, max-image-preview:large, max-video-preview:-1\" \/>\n<link rel=\"canonical\" href=\"https:\/\/medicinasinc.com\/se\/product\/kopa-seconal-natrium\/\" \/>\n<meta property=\"og:locale\" content=\"sv_SE\" \/>\n<meta property=\"og:type\" content=\"article\" \/>\n<meta property=\"og:title\" content=\"K\u00f6p Seconal Sodium - Best Best Global Meds\" \/>\n<meta property=\"og:description\" content=\"K\u00f6p Seconal Sodium till salu Storbritannien, Europa 100mg online till b\u00e4sta pris. Stort urval av h\u00f6gkvalitativa kosttillskott och mediciner p\u00e5 v\u00e5rt onlineapotek Seconal Sodium. Best\u00e4lla online.\" \/>\n<meta property=\"og:url\" content=\"https:\/\/medicinasinc.com\/se\/product\/kopa-seconal-natrium\/\" \/>\n<meta property=\"og:site_name\" content=\"Medicinas Inc\" \/>\n<meta property=\"article:modified_time\" content=\"2022-07-03T23:15:04+00:00\" \/>\n<meta property=\"og:image\" content=\"https:\/\/medicinasinc.com\/se\/wp-content\/uploads\/sites\/16\/2022\/02\/Buy-Seconal-Sodium.jpg\" \/>\n\t<meta property=\"og:image:width\" content=\"600\" \/>\n\t<meta property=\"og:image:height\" content=\"600\" \/>\n\t<meta property=\"og:image:type\" content=\"image\/jpeg\" \/>\n<meta name=\"twitter:card\" content=\"summary_large_image\" \/>\n<meta name=\"twitter:label1\" content=\"Ber\u00e4knad l\u00e4stid\" \/>\n\t<meta name=\"twitter:data1\" content=\"2 minuter\" \/>\n<script type=\"application\/ld+json\" class=\"yoast-schema-graph\">{\"@context\":\"https:\\\/\\\/schema.org\",\"@graph\":[{\"@type\":\"WebPage\",\"@id\":\"https:\\\/\\\/medicinasinc.com\\\/se\\\/product\\\/kopa-seconal-natrium\\\/\",\"url\":\"https:\\\/\\\/medicinasinc.com\\\/se\\\/product\\\/kopa-seconal-natrium\\\/\",\"name\":\"K\u00f6p Seconal Sodium - Best Best Global Meds\",\"isPartOf\":{\"@id\":\"https:\\\/\\\/medicinasinc.com\\\/se\\\/#website\"},\"primaryImageOfPage\":{\"@id\":\"https:\\\/\\\/medicinasinc.com\\\/se\\\/product\\\/kopa-seconal-natrium\\\/#primaryimage\"},\"image\":{\"@id\":\"https:\\\/\\\/medicinasinc.com\\\/se\\\/product\\\/kopa-seconal-natrium\\\/#primaryimage\"},\"thumbnailUrl\":\"https:\\\/\\\/medicinasinc.com\\\/se\\\/wp-content\\\/uploads\\\/sites\\\/16\\\/2022\\\/02\\\/Buy-Seconal-Sodium.jpg\",\"datePublished\":\"2022-02-22T06:20:38+00:00\",\"dateModified\":\"2022-07-03T23:15:04+00:00\",\"description\":\"K\u00f6p Seconal Sodium till salu Storbritannien, Europa 100mg online till b\u00e4sta pris. Stort urval av h\u00f6gkvalitativa kosttillskott och mediciner p\u00e5 v\u00e5rt onlineapotek Seconal Sodium. Best\u00e4lla online.\",\"breadcrumb\":{\"@id\":\"https:\\\/\\\/medicinasinc.com\\\/se\\\/product\\\/kopa-seconal-natrium\\\/#breadcrumb\"},\"inLanguage\":\"sv-SE\",\"potentialAction\":[{\"@type\":\"ReadAction\",\"target\":[\"https:\\\/\\\/medicinasinc.com\\\/se\\\/product\\\/kopa-seconal-natrium\\\/\"]}]},{\"@type\":\"ImageObject\",\"inLanguage\":\"sv-SE\",\"@id\":\"https:\\\/\\\/medicinasinc.com\\\/se\\\/product\\\/kopa-seconal-natrium\\\/#primaryimage\",\"url\":\"https:\\\/\\\/medicinasinc.com\\\/se\\\/wp-content\\\/uploads\\\/sites\\\/16\\\/2022\\\/02\\\/Buy-Seconal-Sodium.jpg\",\"contentUrl\":\"https:\\\/\\\/medicinasinc.com\\\/se\\\/wp-content\\\/uploads\\\/sites\\\/16\\\/2022\\\/02\\\/Buy-Seconal-Sodium.jpg\",\"width\":600,\"height\":600},{\"@type\":\"BreadcrumbList\",\"@id\":\"https:\\\/\\\/medicinasinc.com\\\/se\\\/product\\\/kopa-seconal-natrium\\\/#breadcrumb\",\"itemListElement\":[{\"@type\":\"ListItem\",\"position\":1,\"name\":\"aff\u00e4r\",\"item\":\"https:\\\/\\\/medicinasinc.com\\\/se\\\/affar\\\/\"},{\"@type\":\"ListItem\",\"position\":2,\"name\":\"K\u00f6p Seconal Sodium\"}]},{\"@type\":\"WebSite\",\"@id\":\"https:\\\/\\\/medicinasinc.com\\\/se\\\/#website\",\"url\":\"https:\\\/\\\/medicinasinc.com\\\/se\\\/\",\"name\":\"Medicinas Inc\",\"description\":\"Health Medical Clinic\",\"potentialAction\":[{\"@type\":\"SearchAction\",\"target\":{\"@type\":\"EntryPoint\",\"urlTemplate\":\"https:\\\/\\\/medicinasinc.com\\\/se\\\/?s={search_term_string}\"},\"query-input\":{\"@type\":\"PropertyValueSpecification\",\"valueRequired\":true,\"valueName\":\"search_term_string\"}}],\"inLanguage\":\"sv-SE\"}]}<\/script>\n<!-- \/ Yoast SEO plugin. -->","yoast_head_json":{"title":"K\u00f6p Seconal Sodium - Best Best Global Meds","description":"K\u00f6p Seconal Sodium till salu Storbritannien, Europa 100mg online till b\u00e4sta pris. Stort urval av h\u00f6gkvalitativa kosttillskott och mediciner p\u00e5 v\u00e5rt onlineapotek Seconal Sodium. Best\u00e4lla online.","robots":{"index":"index","follow":"follow","max-snippet":"max-snippet:-1","max-image-preview":"max-image-preview:large","max-video-preview":"max-video-preview:-1"},"canonical":"https:\/\/medicinasinc.com\/se\/product\/kopa-seconal-natrium\/","og_locale":"sv_SE","og_type":"article","og_title":"K\u00f6p Seconal Sodium - Best Best Global Meds","og_description":"K\u00f6p Seconal Sodium till salu Storbritannien, Europa 100mg online till b\u00e4sta pris. Stort urval av h\u00f6gkvalitativa kosttillskott och mediciner p\u00e5 v\u00e5rt onlineapotek Seconal Sodium. Best\u00e4lla online.","og_url":"https:\/\/medicinasinc.com\/se\/product\/kopa-seconal-natrium\/","og_site_name":"Medicinas Inc","article_modified_time":"2022-07-03T23:15:04+00:00","og_image":[{"width":600,"height":600,"url":"https:\/\/medicinasinc.com\/se\/wp-content\/uploads\/sites\/16\/2022\/02\/Buy-Seconal-Sodium.jpg","type":"image\/jpeg"}],"twitter_card":"summary_large_image","twitter_misc":{"Ber\u00e4knad l\u00e4stid":"2 minuter"},"schema":{"@context":"https:\/\/schema.org","@graph":[{"@type":"WebPage","@id":"https:\/\/medicinasinc.com\/se\/product\/kopa-seconal-natrium\/","url":"https:\/\/medicinasinc.com\/se\/product\/kopa-seconal-natrium\/","name":"K\u00f6p Seconal Sodium - Best Best Global Meds","isPartOf":{"@id":"https:\/\/medicinasinc.com\/se\/#website"},"primaryImageOfPage":{"@id":"https:\/\/medicinasinc.com\/se\/product\/kopa-seconal-natrium\/#primaryimage"},"image":{"@id":"https:\/\/medicinasinc.com\/se\/product\/kopa-seconal-natrium\/#primaryimage"},"thumbnailUrl":"https:\/\/medicinasinc.com\/se\/wp-content\/uploads\/sites\/16\/2022\/02\/Buy-Seconal-Sodium.jpg","datePublished":"2022-02-22T06:20:38+00:00","dateModified":"2022-07-03T23:15:04+00:00","description":"K\u00f6p Seconal Sodium till salu Storbritannien, Europa 100mg online till b\u00e4sta pris. Stort urval av h\u00f6gkvalitativa kosttillskott och mediciner p\u00e5 v\u00e5rt onlineapotek Seconal Sodium. Best\u00e4lla online.","breadcrumb":{"@id":"https:\/\/medicinasinc.com\/se\/product\/kopa-seconal-natrium\/#breadcrumb"},"inLanguage":"sv-SE","potentialAction":[{"@type":"ReadAction","target":["https:\/\/medicinasinc.com\/se\/product\/kopa-seconal-natrium\/"]}]},{"@type":"ImageObject","inLanguage":"sv-SE","@id":"https:\/\/medicinasinc.com\/se\/product\/kopa-seconal-natrium\/#primaryimage","url":"https:\/\/medicinasinc.com\/se\/wp-content\/uploads\/sites\/16\/2022\/02\/Buy-Seconal-Sodium.jpg","contentUrl":"https:\/\/medicinasinc.com\/se\/wp-content\/uploads\/sites\/16\/2022\/02\/Buy-Seconal-Sodium.jpg","width":600,"height":600},{"@type":"BreadcrumbList","@id":"https:\/\/medicinasinc.com\/se\/product\/kopa-seconal-natrium\/#breadcrumb","itemListElement":[{"@type":"ListItem","position":1,"name":"aff\u00e4r","item":"https:\/\/medicinasinc.com\/se\/affar\/"},{"@type":"ListItem","position":2,"name":"K\u00f6p Seconal Sodium"}]},{"@type":"WebSite","@id":"https:\/\/medicinasinc.com\/se\/#website","url":"https:\/\/medicinasinc.com\/se\/","name":"Medicinas Inc","description":"Health Medical Clinic","potentialAction":[{"@type":"SearchAction","target":{"@type":"EntryPoint","urlTemplate":"https:\/\/medicinasinc.com\/se\/?s={search_term_string}"},"query-input":{"@type":"PropertyValueSpecification","valueRequired":true,"valueName":"search_term_string"}}],"inLanguage":"sv-SE"}]}},"_links":{"self":[{"href":"https:\/\/medicinasinc.com\/se\/wp-json\/wp\/v2\/product\/5792","targetHints":{"allow":["GET"]}}],"collection":[{"href":"https:\/\/medicinasinc.com\/se\/wp-json\/wp\/v2\/product"}],"about":[{"href":"https:\/\/medicinasinc.com\/se\/wp-json\/wp\/v2\/types\/product"}],"replies":[{"embeddable":true,"href":"https:\/\/medicinasinc.com\/se\/wp-json\/wp\/v2\/comments?post=5792"}],"wp:featuredmedia":[{"embeddable":true,"href":"https:\/\/medicinasinc.com\/se\/wp-json\/wp\/v2\/media\/5802"}],"wp:attachment":[{"href":"https:\/\/medicinasinc.com\/se\/wp-json\/wp\/v2\/media?parent=5792"}],"wp:term":[{"taxonomy":"product_brand","embeddable":true,"href":"https:\/\/medicinasinc.com\/se\/wp-json\/wp\/v2\/product_brand?post=5792"},{"taxonomy":"product_cat","embeddable":true,"href":"https:\/\/medicinasinc.com\/se\/wp-json\/wp\/v2\/product_cat?post=5792"},{"taxonomy":"product_tag","embeddable":true,"href":"https:\/\/medicinasinc.com\/se\/wp-json\/wp\/v2\/product_tag?post=5792"}],"curies":[{"name":"wp","href":"https:\/\/api.w.org\/{rel}","templated":true}]}}