{"id":5785,"date":"2022-02-22T06:12:06","date_gmt":"2022-02-22T06:12:06","guid":{"rendered":"https:\/\/medicinasinc.com\/se\/?post_type=product&#038;p=5785"},"modified":"2022-07-03T23:15:14","modified_gmt":"2022-07-03T23:15:14","slug":"kopa-nembutal-pentobarbital-natrium","status":"publish","type":"product","link":"https:\/\/medicinasinc.com\/se\/product\/kopa-nembutal-pentobarbital-natrium\/","title":{"rendered":"K\u00f6p Nembutal Pentobarbital Sodium"},"content":{"rendered":"<p>Best Global Med erbjuder b\u00e4sta pris och kvalitet p\u00e5 Nembutal Pentobarbital Sodium till salu. L\u00e4gg in en onlinef\u00f6rfr\u00e5gan p\u00e5 v\u00e5r webbplats.<\/p>\n<p>Det finns flera anledningar till varf\u00f6r m\u00e4nniskor v\u00e4ljer Nembutal Pentobarbital f\u00f6r oral anv\u00e4ndning, men en av de vanligaste \u00e4r den flytande formen.<\/p>\n<p>En flytande form. av Nembutal Phenobarbital (\u00e4ven k\u00e4nd som Nembutal) \u00e4r ett barbituratl\u00e4kemedel. \u00c4ven om det anv\u00e4ndes i stor utstr\u00e4ckning som s\u00f6mnhj\u00e4lpmedel p\u00e5 1940- och 1950-talen, anv\u00e4ndes fascinerande ocks\u00e5 som en form av \u00e5ngestd\u00e4mpande l\u00e4kemedel (till exempel narkotika). \u00d6verdosering av Nembutal \u00e4r mycket mer d\u00f6dligt \u00e4n vad det \u00e4r med dagens s\u00f6mnhj\u00e4lpmedel. Det \u00e4r en av de b\u00e4sta drogerna f\u00f6r assisterat sj\u00e4lvmord eftersom det \u00e4r solidt och tyst. Nembutal anv\u00e4nds av avsiktliga utrotningsorganisationer i USA (Oregon Death With Dignity Act), Schweiz (Dignitas) och Nederl\u00e4nderna.<\/p>\n<p>Nembutal togs bort fr\u00e5n marknaden eftersom det var s\u00e5 l\u00e4tt att \u00f6verdosera det. (oavsett om det var oavsiktligt eller planerat), s\u00e5 ersattes det av s\u00e4krare s\u00f6mnmedel. F\u00f6r \u00e5r 1998 togs Nembutal bort fr\u00e5n den australiensiska regeringens lista \u00f6ver rekommenderade mediciner. Nembutal, \u00e5 andra sidan, anv\u00e4nds fortfarande av veterin\u00e4rer f\u00f6r att avsluta livet p\u00e5 st\u00f6rre djur. M\u00e5nga m\u00e4nniskor kunde skaffa veterin\u00e4rmedicinsk Nembutal f\u00f6r att avsluta sina liv. Marilyn Monroe, den legendariska amerikanska sk\u00e5despelerskan och s\u00e5ngerskan, tog tydligen livet av sig med en d\u00f6dlig dos Nembutal.<\/p>\n<p>N\u00e4r Dr. John S. Lundy f\u00f6rst b\u00f6rjade anv\u00e4nda natriumsalt-ekvationen &#8211; Na (natrium) + etyl + metyl + butyl + al\u20141930 fick den m\u00e4rkesnamnet &#8221;Nembutal&#8221; (normal postfix f\u00f6r barbiturater). I Danmark \u00e4ger Lundbeck varum\u00e4rket och tillverkar Nembutal.<\/p>\n<p>Kortverkande barbiturater inkluderar fenobarbital (amerikansk engelska) och pentobarbiton (brittisk engelska). N\u00e4r det g\u00e4ller fenobarbital kommer det i en m\u00e4ngd olika former inklusive fria fr\u00e4tande och salter av olika best\u00e5ndsdelar, s\u00e5som natrium och kalcium. I vatten och etanol \u00e4r det fria fr\u00e4tande medlet bara n\u00e5got l\u00f6sligt. Nembutal \u00e4r ett av l\u00e4kemedlets varum\u00e4rkesnamn.<\/p>\n<p>Den kemiska formeln f\u00f6r C11H18N2O3 \u00e4r f\u00f6ljande:<\/p>\n<p>Levern \u00e4r involverad i metaboliska processer.<\/p>\n<p>Halveringstid av organiska f\u00f6reningar: 15\u201348 timmar. Pulveriserad v\u00e4tska, piller<\/p>\n","protected":false},"excerpt":{"rendered":"<p>K\u00f6p Nembutal Pentobarbital Sodium online fr\u00e5n v\u00e5r medicinasinc.com\/se-butik och f\u00e5 det levererat till din d\u00f6rr omg\u00e5ende! Du hittar det b\u00e4sta st\u00e4llet att k\u00f6pa Nembutal online h\u00e4r!<\/p>\n<p>Du kan k\u00f6pa Nembutal online fr\u00e5n Best Global Meds, som levererar till din d\u00f6rr. Nembutal utan recept finns h\u00e4r till l\u00e4gsta kostnad.<\/p>\n<p>Eftersom \u00f6verdoser av Nembutal var s\u00e5 vanliga drogs l\u00e4kemedlet fr\u00e5n marknaden och ersattes med s\u00e4krare s\u00f6mnhj\u00e4lpmedel. Australiensare fick inte l\u00e4ngre rekommendera Nembutal som behandlingsalternativ 1998. Veteraner forts\u00e4tter i alla fall att ta Nembutal.<\/p>\n","protected":false},"featured_media":5796,"comment_status":"open","ping_status":"closed","template":"","meta":[],"product_brand":[],"product_cat":[3818],"product_tag":[3819,3950,3820,3821,3824,3826,3827,3828,3831,3834,3835,3843,3844,3951,3948,3842,3840,3841,3822,3823,3829,3830,3907,3953,3906,3908,3909,3911,3845,3949,3866,3869,3874,3875,3876,3880,3881,3886,3887,3888,3889,3894,3895,3896,3897,3902,3903,3883,3884,3879,3891,3892,3893,3899,3900,3901,3878,3882,3885,3898,3890,3952,3904,3910,3920,3916,3918,3919,3923,3954,3922,3925,3927,3926,3913,3921],"class_list":{"0":"post-5785","1":"product","2":"type-product","3":"status-publish","4":"has-post-thumbnail","6":"product_cat-pentobarbital-till-salu","7":"product_tag-bsta-lkemedlet-fr-sjlvmord-verdos","8":"product_tag-bestll-nembutal-vtska-online","9":"product_tag-buy-cheap-nembutal-liquid-online","10":"product_tag-buy-cheap-nembutal-online","11":"product_tag-buy-nembutal-pentobarbital-sodium","12":"product_tag-buy-nembutal-sodium-online","13":"product_tag-buy-pentobarbital-sodium","14":"product_tag-buy-pentobarbital-sodium-2021","15":"product_tag-can-i-buy-pentobarbital","16":"product_tag-can-you-buy-pentobarbital-sodium-over-the-counter","17":"product_tag-can-you-buy-sodium-pentobarbital","18":"product_tag-det-r-ltt-att-kpa-nembutal-online","19":"product_tag-ddlig-injektion-kp-online","20":"product_tag-fenobarbital-natrium-intravens","21":"product_tag-how-to-buy-nembutal-liquid-online","22":"product_tag-hur-man-bsta-c3-a4ller-nembutal-per-post","23":"product_tag-hur-att-frvrva-nembutal","24":"product_tag-hur-man-k-c3-b6per-nembutal-online","25":"product_tag-k-c3-b6p-nembutal-h-c3-a4r","26":"product_tag-kp-nembutal-vtska-online","27":"product_tag-kp-pentobarbital-natrium-pentobarbital-natrium-salt","28":"product_tag-kp-natrium-pentobarbital-uk","29":"product_tag-natrium-pentobarbital-kostnad","30":"product_tag-natrium","31":"product_tag-natrium-pentobarbital-nembutal","32":"product_tag-natrium-pentobarbital-fr-djur-eutanasi","33":"product_tag-natrium-pentobarbital-fr-eutanasi","34":"product_tag-natrium-pentobarbital-hllbarhet","35":"product_tag-nembutal","36":"product_tag-nembutal-vtska-till-frsljning","37":"product_tag-nembutal-piller-online","38":"product_tag-nembutal-sjlvmordsdos","39":"product_tag-pentobarbital","40":"product_tag-pentobarbital-de-sodium-dose-letale","41":"product_tag-pentobarbital-fr-eutanasi","42":"product_tag-pentobarbital-sodium-china","43":"product_tag-pentobarbital-sodium-death","44":"product_tag-pentobarbital-sodium-injection-for-dogs","45":"product_tag-pentobarbital-sodium-injection-for-humans","46":"product_tag-pentobarbital-sodium-injection-solution","47":"product_tag-pentobarbital-sodium-injection-usp","48":"product_tag-pentobarbital-sodium-pills","49":"product_tag-pentobarbital-sodium-powder","50":"product_tag-pentobarbital-sodium-prescription","51":"product_tag-pentobarbital-sodium-price","52":"product_tag-pentobarbital-sodium-where-to-buy","53":"product_tag-pentobarbital-use","54":"product_tag-pentobarbital-natrium-fr-hundar","55":"product_tag-pentobarbital-natrium-fr-mnniskor","56":"product_tag-pentobarbital-natrium-kp","57":"product_tag-pentobarbital-natrium-nz","58":"product_tag-pentobarbital-natrium-oral","59":"product_tag-pentobarbital-natrium-receptfria","60":"product_tag-pentobarbital-natrium-smntabletter","61":"product_tag-pentobarbital-natrium-smntabletter-receptfria","62":"product_tag-pentobarbital-natrium-tabletter","63":"product_tag-pentobarbital-natrium-anestesi","64":"product_tag-pentobarbitalnatriumdosering","65":"product_tag-pentobarbital-natrium-grupp","66":"product_tag-pentobarbital-natrium-salt","67":"product_tag-pentobarbital-natrium-vtska","68":"product_tag-purchase-nembutal-liquid-online","69":"product_tag-purchase-nembutal-online","70":"product_tag-natrium-pentobarbital-tillverkare","71":"product_tag-var-kan-jag-kpa-natrium-pentobarbital","72":"product_tag-var-kan-jag-kpa-nembutal-natrium-pentobarbital","73":"product_tag-var-kan-jag-kpa-pentobarbital-natrium","74":"product_tag-var-kan-jag-kpa-pentobarbital-natrium-smntabletter","75":"product_tag-var-att-kpa-billigt-nembutal-online","76":"product_tag-var-att-kpa-nembutal-vtska-online","77":"product_tag-var-kan-du-kpa-pentobarbital-natrium","78":"product_tag-var-man-kan-kpa-pentobarbital-natrium","79":"product_tag-var-att-f-pentobarbital-natrium","80":"product_tag-var-att-kpa-pentobarbital-natrium-fr-hundar","81":"product_tag-vill-kpa-nembutal","82":"product_tag-where-can-i-purchase-nembutal","84":"first","85":"instock","86":"shipping-taxable","87":"purchasable","88":"product-type-variable"},"yoast_head":"<!-- This site is optimized with the Yoast SEO plugin v27.2 - https:\/\/yoast.com\/product\/yoast-seo-wordpress\/ -->\n<title>K\u00f6p Nembutal Pentobarbital Sodium - Best Global Meds<\/title>\n<meta name=\"description\" content=\"K\u00f6p Nembutal Pentobarbital Sodium Storbritannien, Europa, Asien, Kina i v\u00e5r medicinasinc.com\/se onlinebutik med snabb leverans \u00f6ver hela v\u00e4rlden! Den b\u00e4sta Nembutal f\u00f6r best\u00e4llning hittar du h\u00e4r!\" \/>\n<meta name=\"robots\" content=\"index, follow, max-snippet:-1, max-image-preview:large, max-video-preview:-1\" \/>\n<link rel=\"canonical\" href=\"https:\/\/medicinasinc.com\/se\/product\/kopa-nembutal-pentobarbital-natrium\/\" \/>\n<meta property=\"og:locale\" content=\"sv_SE\" \/>\n<meta property=\"og:type\" content=\"article\" \/>\n<meta property=\"og:title\" content=\"K\u00f6p Nembutal Pentobarbital Sodium - Best Global Meds\" \/>\n<meta property=\"og:description\" content=\"K\u00f6p Nembutal Pentobarbital Sodium Storbritannien, Europa, Asien, Kina i v\u00e5r medicinasinc.com\/se onlinebutik med snabb leverans \u00f6ver hela v\u00e4rlden! Den b\u00e4sta Nembutal f\u00f6r best\u00e4llning hittar du h\u00e4r!\" \/>\n<meta property=\"og:url\" content=\"https:\/\/medicinasinc.com\/se\/product\/kopa-nembutal-pentobarbital-natrium\/\" \/>\n<meta property=\"og:site_name\" content=\"Medicinas Inc\" \/>\n<meta property=\"article:modified_time\" content=\"2022-07-03T23:15:14+00:00\" \/>\n<meta property=\"og:image\" content=\"https:\/\/medicinasinc.com\/se\/wp-content\/uploads\/sites\/16\/2022\/02\/Buy-Pentobarbital-Sodium-1.jpg\" \/>\n\t<meta property=\"og:image:width\" content=\"356\" \/>\n\t<meta property=\"og:image:height\" content=\"540\" \/>\n\t<meta property=\"og:image:type\" content=\"image\/jpeg\" \/>\n<meta name=\"twitter:card\" content=\"summary_large_image\" \/>\n<meta name=\"twitter:label1\" content=\"Ber\u00e4knad l\u00e4stid\" \/>\n\t<meta name=\"twitter:data1\" content=\"2 minuter\" \/>\n<script type=\"application\/ld+json\" class=\"yoast-schema-graph\">{\"@context\":\"https:\/\/schema.org\",\"@graph\":[{\"@type\":\"WebPage\",\"@id\":\"https:\/\/medicinasinc.com\/se\/product\/kopa-nembutal-pentobarbital-natrium\/\",\"url\":\"https:\/\/medicinasinc.com\/se\/product\/kopa-nembutal-pentobarbital-natrium\/\",\"name\":\"K\u00f6p Nembutal Pentobarbital Sodium - Best Global Meds\",\"isPartOf\":{\"@id\":\"https:\/\/medicinasinc.com\/se\/#website\"},\"primaryImageOfPage\":{\"@id\":\"https:\/\/medicinasinc.com\/se\/product\/kopa-nembutal-pentobarbital-natrium\/#primaryimage\"},\"image\":{\"@id\":\"https:\/\/medicinasinc.com\/se\/product\/kopa-nembutal-pentobarbital-natrium\/#primaryimage\"},\"thumbnailUrl\":\"https:\/\/medicinasinc.com\/se\/wp-content\/uploads\/sites\/16\/2022\/02\/Buy-Pentobarbital-Sodium-1.jpg\",\"datePublished\":\"2022-02-22T06:12:06+00:00\",\"dateModified\":\"2022-07-03T23:15:14+00:00\",\"description\":\"K\u00f6p Nembutal Pentobarbital Sodium Storbritannien, Europa, Asien, Kina i v\u00e5r medicinasinc.com\/se onlinebutik med snabb leverans \u00f6ver hela v\u00e4rlden! Den b\u00e4sta Nembutal f\u00f6r best\u00e4llning hittar du h\u00e4r!\",\"breadcrumb\":{\"@id\":\"https:\/\/medicinasinc.com\/se\/product\/kopa-nembutal-pentobarbital-natrium\/#breadcrumb\"},\"inLanguage\":\"sv-SE\",\"potentialAction\":[{\"@type\":\"ReadAction\",\"target\":[\"https:\/\/medicinasinc.com\/se\/product\/kopa-nembutal-pentobarbital-natrium\/\"]}]},{\"@type\":\"ImageObject\",\"inLanguage\":\"sv-SE\",\"@id\":\"https:\/\/medicinasinc.com\/se\/product\/kopa-nembutal-pentobarbital-natrium\/#primaryimage\",\"url\":\"https:\/\/medicinasinc.com\/se\/wp-content\/uploads\/sites\/16\/2022\/02\/Buy-Pentobarbital-Sodium-1.jpg\",\"contentUrl\":\"https:\/\/medicinasinc.com\/se\/wp-content\/uploads\/sites\/16\/2022\/02\/Buy-Pentobarbital-Sodium-1.jpg\",\"width\":356,\"height\":540},{\"@type\":\"BreadcrumbList\",\"@id\":\"https:\/\/medicinasinc.com\/se\/product\/kopa-nembutal-pentobarbital-natrium\/#breadcrumb\",\"itemListElement\":[{\"@type\":\"ListItem\",\"position\":1,\"name\":\"aff\u00e4r\",\"item\":\"https:\/\/medicinasinc.com\/se\/affar\/\"},{\"@type\":\"ListItem\",\"position\":2,\"name\":\"K\u00f6p Nembutal Pentobarbital Sodium\"}]},{\"@type\":\"WebSite\",\"@id\":\"https:\/\/medicinasinc.com\/se\/#website\",\"url\":\"https:\/\/medicinasinc.com\/se\/\",\"name\":\"Medicinas Inc\",\"description\":\"Health Medical Clinic\",\"potentialAction\":[{\"@type\":\"SearchAction\",\"target\":{\"@type\":\"EntryPoint\",\"urlTemplate\":\"https:\/\/medicinasinc.com\/se\/?s={search_term_string}\"},\"query-input\":{\"@type\":\"PropertyValueSpecification\",\"valueRequired\":true,\"valueName\":\"search_term_string\"}}],\"inLanguage\":\"sv-SE\"}]}<\/script>\n<!-- \/ Yoast SEO plugin. -->","yoast_head_json":{"title":"K\u00f6p Nembutal Pentobarbital Sodium - Best Global Meds","description":"K\u00f6p Nembutal Pentobarbital Sodium Storbritannien, Europa, Asien, Kina i v\u00e5r medicinasinc.com\/se onlinebutik med snabb leverans \u00f6ver hela v\u00e4rlden! Den b\u00e4sta Nembutal f\u00f6r best\u00e4llning hittar du h\u00e4r!","robots":{"index":"index","follow":"follow","max-snippet":"max-snippet:-1","max-image-preview":"max-image-preview:large","max-video-preview":"max-video-preview:-1"},"canonical":"https:\/\/medicinasinc.com\/se\/product\/kopa-nembutal-pentobarbital-natrium\/","og_locale":"sv_SE","og_type":"article","og_title":"K\u00f6p Nembutal Pentobarbital Sodium - Best Global Meds","og_description":"K\u00f6p Nembutal Pentobarbital Sodium Storbritannien, Europa, Asien, Kina i v\u00e5r medicinasinc.com\/se onlinebutik med snabb leverans \u00f6ver hela v\u00e4rlden! Den b\u00e4sta Nembutal f\u00f6r best\u00e4llning hittar du h\u00e4r!","og_url":"https:\/\/medicinasinc.com\/se\/product\/kopa-nembutal-pentobarbital-natrium\/","og_site_name":"Medicinas Inc","article_modified_time":"2022-07-03T23:15:14+00:00","og_image":[{"width":356,"height":540,"url":"https:\/\/medicinasinc.com\/se\/wp-content\/uploads\/sites\/16\/2022\/02\/Buy-Pentobarbital-Sodium-1.jpg","type":"image\/jpeg"}],"twitter_card":"summary_large_image","twitter_misc":{"Ber\u00e4knad l\u00e4stid":"2 minuter"},"schema":{"@context":"https:\/\/schema.org","@graph":[{"@type":"WebPage","@id":"https:\/\/medicinasinc.com\/se\/product\/kopa-nembutal-pentobarbital-natrium\/","url":"https:\/\/medicinasinc.com\/se\/product\/kopa-nembutal-pentobarbital-natrium\/","name":"K\u00f6p Nembutal Pentobarbital Sodium - Best Global Meds","isPartOf":{"@id":"https:\/\/medicinasinc.com\/se\/#website"},"primaryImageOfPage":{"@id":"https:\/\/medicinasinc.com\/se\/product\/kopa-nembutal-pentobarbital-natrium\/#primaryimage"},"image":{"@id":"https:\/\/medicinasinc.com\/se\/product\/kopa-nembutal-pentobarbital-natrium\/#primaryimage"},"thumbnailUrl":"https:\/\/medicinasinc.com\/se\/wp-content\/uploads\/sites\/16\/2022\/02\/Buy-Pentobarbital-Sodium-1.jpg","datePublished":"2022-02-22T06:12:06+00:00","dateModified":"2022-07-03T23:15:14+00:00","description":"K\u00f6p Nembutal Pentobarbital Sodium Storbritannien, Europa, Asien, Kina i v\u00e5r medicinasinc.com\/se onlinebutik med snabb leverans \u00f6ver hela v\u00e4rlden! Den b\u00e4sta Nembutal f\u00f6r best\u00e4llning hittar du h\u00e4r!","breadcrumb":{"@id":"https:\/\/medicinasinc.com\/se\/product\/kopa-nembutal-pentobarbital-natrium\/#breadcrumb"},"inLanguage":"sv-SE","potentialAction":[{"@type":"ReadAction","target":["https:\/\/medicinasinc.com\/se\/product\/kopa-nembutal-pentobarbital-natrium\/"]}]},{"@type":"ImageObject","inLanguage":"sv-SE","@id":"https:\/\/medicinasinc.com\/se\/product\/kopa-nembutal-pentobarbital-natrium\/#primaryimage","url":"https:\/\/medicinasinc.com\/se\/wp-content\/uploads\/sites\/16\/2022\/02\/Buy-Pentobarbital-Sodium-1.jpg","contentUrl":"https:\/\/medicinasinc.com\/se\/wp-content\/uploads\/sites\/16\/2022\/02\/Buy-Pentobarbital-Sodium-1.jpg","width":356,"height":540},{"@type":"BreadcrumbList","@id":"https:\/\/medicinasinc.com\/se\/product\/kopa-nembutal-pentobarbital-natrium\/#breadcrumb","itemListElement":[{"@type":"ListItem","position":1,"name":"aff\u00e4r","item":"https:\/\/medicinasinc.com\/se\/affar\/"},{"@type":"ListItem","position":2,"name":"K\u00f6p Nembutal Pentobarbital Sodium"}]},{"@type":"WebSite","@id":"https:\/\/medicinasinc.com\/se\/#website","url":"https:\/\/medicinasinc.com\/se\/","name":"Medicinas Inc","description":"Health Medical Clinic","potentialAction":[{"@type":"SearchAction","target":{"@type":"EntryPoint","urlTemplate":"https:\/\/medicinasinc.com\/se\/?s={search_term_string}"},"query-input":{"@type":"PropertyValueSpecification","valueRequired":true,"valueName":"search_term_string"}}],"inLanguage":"sv-SE"}]}},"_links":{"self":[{"href":"https:\/\/medicinasinc.com\/se\/wp-json\/wp\/v2\/product\/5785","targetHints":{"allow":["GET"]}}],"collection":[{"href":"https:\/\/medicinasinc.com\/se\/wp-json\/wp\/v2\/product"}],"about":[{"href":"https:\/\/medicinasinc.com\/se\/wp-json\/wp\/v2\/types\/product"}],"replies":[{"embeddable":true,"href":"https:\/\/medicinasinc.com\/se\/wp-json\/wp\/v2\/comments?post=5785"}],"wp:featuredmedia":[{"embeddable":true,"href":"https:\/\/medicinasinc.com\/se\/wp-json\/wp\/v2\/media\/5796"}],"wp:attachment":[{"href":"https:\/\/medicinasinc.com\/se\/wp-json\/wp\/v2\/media?parent=5785"}],"wp:term":[{"taxonomy":"product_brand","embeddable":true,"href":"https:\/\/medicinasinc.com\/se\/wp-json\/wp\/v2\/product_brand?post=5785"},{"taxonomy":"product_cat","embeddable":true,"href":"https:\/\/medicinasinc.com\/se\/wp-json\/wp\/v2\/product_cat?post=5785"},{"taxonomy":"product_tag","embeddable":true,"href":"https:\/\/medicinasinc.com\/se\/wp-json\/wp\/v2\/product_tag?post=5785"}],"curies":[{"name":"wp","href":"https:\/\/api.w.org\/{rel}","templated":true}]}}