{"id":5781,"date":"2022-02-22T06:07:08","date_gmt":"2022-02-22T06:07:08","guid":{"rendered":"https:\/\/medicinasinc.com\/se\/?post_type=product&#038;p=5781"},"modified":"2022-07-03T23:15:27","modified_gmt":"2022-07-03T23:15:27","slug":"kop-nembutal-pulver","status":"publish","type":"product","link":"https:\/\/medicinasinc.com\/se\/product\/kop-nembutal-pulver\/","title":{"rendered":"K\u00f6p Nembutal Powder"},"content":{"rendered":"<p>Nembutalpulver fr\u00e5n de b\u00e4sta leverant\u00f6rerna till de l\u00e4gsta priserna<\/p>\n<p>P\u00e5 onlinemarknaden kan du hitta h\u00f6gkvalitativa l\u00e4kemedel och l\u00e4kemedel p\u00e5 Online Nembutal Pharmacy. F\u00f6r att f\u00e5 Nembutal Powder fr\u00e5n de b\u00e4sta Nembutal Powder-leverant\u00f6rerna b\u00f6r du komma till v\u00e5rt apotek. Kontakta oss idag s\u00e5 g\u00f6r vi ditt jobb direkt. Din medicin kommer att levereras till den adress du anger. F\u00f6r b\u00e4sta erbjudande p\u00e5 Nembutal-pulver, g\u00f6r din best\u00e4llning direkt!<\/p>\n<p>Med Nembutal Powder, vad kan du f\u00f6rv\u00e4nta dig att vinna?<\/p>\n<p>Nembutal Powder \u00e4r k\u00e4nt f\u00f6r att hj\u00e4lpa s\u00f6mnl\u00f6sa och de som hittar det \u00e4r sv\u00e5rt att sova och sluta \u00f6gonen. I m\u00e5nga fall anv\u00e4nds det som ett \u00e5ngestd\u00e4mpande l\u00e4kemedel. V\u00e5rt onlineapotek \u00e4r det b\u00e4sta st\u00e4llet att k\u00f6pa Nembutal Powder om du har samma m\u00e5l i \u00e5tanke.<\/p>\n<p>Vilken onlinebutik s\u00e4ljer det b\u00e4sta Nembutal Powder?<\/p>\n<p>Oavsett varf\u00f6r du best\u00e4ller Nembutal Powder , kan du alltid lita p\u00e5 Online Nembutal Pharmacy f\u00f6r att f\u00e5 jobbet gjort r\u00e4tt f\u00f6r dig.<\/p>\n<p>Vi f\u00f6rst\u00e5r v\u00e5ra kunders behov och f\u00f6rv\u00e4ntningar p\u00e5 grund av v\u00e5r \u00e5r av expertis. Vi har aldrig tillg\u00e5ng till eller lagrar n\u00e5gon av dina kreditkorts- eller personliga uppgifter. All information h\u00e5lls privat. Det betyder att du kan k\u00f6pa Nembutal-pulver online fr\u00e5n oss till det b\u00e4sta priset.<\/p>\n<p>Om du g\u00f6r ett k\u00f6p fr\u00e5n v\u00e5rt onlineapotek kommer du att vara ett steg f\u00f6re konkurrenterna. Med tiden har vi f\u00e5tt m\u00e5nga potentiella konsumenter. Om du letar efter det b\u00e4sta, tveka inte att kontakta oss n\u00e4r som helst.<\/p>\n","protected":false},"excerpt":{"rendered":"<p>Det finns ett antal onlineapotek som s\u00e4ljer Nembutal Powder pentobarbitalnatrium till f\u00f6rs\u00e4ljning, inklusive medicinasinc.com\/se. Du hittar det b\u00e4sta st\u00e4llet att k\u00f6pa Nembutal online h\u00e4r! Det \u00e4r nu m\u00f6jligt att f\u00e5 ett Nembutal-apotek online fr\u00e5n bekv\u00e4mligheten av ditt eget hem. Nembutalpulver till salu till l\u00e4gsta m\u00f6jliga kostnad hittar du h\u00e4r.<\/p>\n<p>medicinasinc.com\/se erbjuder Nembutalpulver till f\u00f6rs\u00e4ljning online till \u00f6verkomliga priser. Nembutal piller, tabletter och kapslar av h\u00f6gsta kvalitet kan k\u00f6pas till de h\u00f6gsta kostnaderna. Tveka inte att kontakta oss direkt!<\/p>\n","protected":false},"featured_media":5791,"comment_status":"open","ping_status":"closed","template":"","meta":[],"product_brand":[],"product_cat":[3818],"product_tag":[3943,3942,3929,3832,3945,3839,3930,3931,3928,3934,3944,3937,3845,3933,3935,3932,3940,3941,3936,3939,3938,3946,3947],"class_list":{"0":"post-5781","1":"product","2":"type-product","3":"status-publish","4":"has-post-thumbnail","6":"product_cat-pentobarbital-till-salu","7":"product_tag-bestll-nembutal-pulver-online","8":"product_tag-order-nembutal-pulver","9":"product_tag-buy-nembutal-powder-online","10":"product_tag-can-i-order-nembutal-online","11":"product_tag-det-bsta-stllet-att-kpa-nembutal-pulver-online","12":"product_tag-how-can-i-take-nembutal","13":"product_tag-hur-kan-jag-bestlla-nembutal-pulver","14":"product_tag-hur-man-k-c3-b6per-nembutal-pulver-online","15":"product_tag-kp-nembutal-online","16":"product_tag-nembutal-kp-online","17":"product_tag-kp-nembutal-pulver-online","18":"product_tag-nembutal-pulver-kp","19":"product_tag-nembutal","20":"product_tag-nembutal-buy-austria","21":"product_tag-nembutal-buy-uk","22":"product_tag-nembutal-k-c3-b6p-australisk","23":"product_tag-nembutal-powder-overdose","24":"product_tag-nembutal-powder-supplier","25":"product_tag-nembutal-pulver","26":"product_tag-nembutal-pulver-till-frsljning","27":"product_tag-nembutal-pulver-dos","28":"product_tag-var-kan-jag-kpa-nembutal-pulver","29":"product_tag-var-att-kpa-nembutal-pulver-online","31":"first","32":"instock","33":"shipping-taxable","34":"purchasable","35":"product-type-variable"},"yoast_head":"<!-- This site is optimized with the Yoast SEO plugin v27.3 - https:\/\/yoast.com\/product\/yoast-seo-wordpress\/ -->\n<title>K\u00f6p Nembutal Powder - Pentobarbital sodium - Best Global Meds<\/title>\n<meta name=\"description\" content=\"K\u00f6p Nembutal Powder pentobarbitalnatrium till salu Storbritannien, F\u00f6renade Arabemiraten, Europa, Kina i v\u00e5r medicinasinc.com\/se onlinebutik med snabb leverans \u00f6ver hela v\u00e4rlden! Den b\u00e4sta Nembutal f\u00f6r best\u00e4llning hittar du h\u00e4r!\" \/>\n<meta name=\"robots\" content=\"index, follow, max-snippet:-1, max-image-preview:large, max-video-preview:-1\" \/>\n<link rel=\"canonical\" href=\"https:\/\/medicinasinc.com\/se\/product\/kop-nembutal-pulver\/\" \/>\n<meta property=\"og:locale\" content=\"sv_SE\" \/>\n<meta property=\"og:type\" content=\"article\" \/>\n<meta property=\"og:title\" content=\"K\u00f6p Nembutal Powder - Pentobarbital sodium - Best Global Meds\" \/>\n<meta property=\"og:description\" content=\"K\u00f6p Nembutal Powder pentobarbitalnatrium till salu Storbritannien, F\u00f6renade Arabemiraten, Europa, Kina i v\u00e5r medicinasinc.com\/se onlinebutik med snabb leverans \u00f6ver hela v\u00e4rlden! Den b\u00e4sta Nembutal f\u00f6r best\u00e4llning hittar du h\u00e4r!\" \/>\n<meta property=\"og:url\" content=\"https:\/\/medicinasinc.com\/se\/product\/kop-nembutal-pulver\/\" \/>\n<meta property=\"og:site_name\" content=\"Medicinas Inc\" \/>\n<meta property=\"article:modified_time\" content=\"2022-07-03T23:15:27+00:00\" \/>\n<meta property=\"og:image\" content=\"https:\/\/medicinasinc.com\/se\/wp-content\/uploads\/sites\/16\/2022\/02\/Buy-Nembutal-Powder-2.jpg\" \/>\n\t<meta property=\"og:image:width\" content=\"600\" \/>\n\t<meta property=\"og:image:height\" content=\"600\" \/>\n\t<meta property=\"og:image:type\" content=\"image\/jpeg\" \/>\n<meta name=\"twitter:card\" content=\"summary_large_image\" \/>\n<meta name=\"twitter:label1\" content=\"Ber\u00e4knad l\u00e4stid\" \/>\n\t<meta name=\"twitter:data1\" content=\"2 minuter\" \/>\n<script type=\"application\/ld+json\" class=\"yoast-schema-graph\">{\"@context\":\"https:\\\/\\\/schema.org\",\"@graph\":[{\"@type\":\"WebPage\",\"@id\":\"https:\\\/\\\/medicinasinc.com\\\/se\\\/product\\\/kop-nembutal-pulver\\\/\",\"url\":\"https:\\\/\\\/medicinasinc.com\\\/se\\\/product\\\/kop-nembutal-pulver\\\/\",\"name\":\"K\u00f6p Nembutal Powder - Pentobarbital sodium - Best Global Meds\",\"isPartOf\":{\"@id\":\"https:\\\/\\\/medicinasinc.com\\\/se\\\/#website\"},\"primaryImageOfPage\":{\"@id\":\"https:\\\/\\\/medicinasinc.com\\\/se\\\/product\\\/kop-nembutal-pulver\\\/#primaryimage\"},\"image\":{\"@id\":\"https:\\\/\\\/medicinasinc.com\\\/se\\\/product\\\/kop-nembutal-pulver\\\/#primaryimage\"},\"thumbnailUrl\":\"https:\\\/\\\/medicinasinc.com\\\/se\\\/wp-content\\\/uploads\\\/sites\\\/16\\\/2022\\\/02\\\/Buy-Nembutal-Powder-2.jpg\",\"datePublished\":\"2022-02-22T06:07:08+00:00\",\"dateModified\":\"2022-07-03T23:15:27+00:00\",\"description\":\"K\u00f6p Nembutal Powder pentobarbitalnatrium till salu Storbritannien, F\u00f6renade Arabemiraten, Europa, Kina i v\u00e5r medicinasinc.com\\\/se onlinebutik med snabb leverans \u00f6ver hela v\u00e4rlden! Den b\u00e4sta Nembutal f\u00f6r best\u00e4llning hittar du h\u00e4r!\",\"breadcrumb\":{\"@id\":\"https:\\\/\\\/medicinasinc.com\\\/se\\\/product\\\/kop-nembutal-pulver\\\/#breadcrumb\"},\"inLanguage\":\"sv-SE\",\"potentialAction\":[{\"@type\":\"ReadAction\",\"target\":[\"https:\\\/\\\/medicinasinc.com\\\/se\\\/product\\\/kop-nembutal-pulver\\\/\"]}]},{\"@type\":\"ImageObject\",\"inLanguage\":\"sv-SE\",\"@id\":\"https:\\\/\\\/medicinasinc.com\\\/se\\\/product\\\/kop-nembutal-pulver\\\/#primaryimage\",\"url\":\"https:\\\/\\\/medicinasinc.com\\\/se\\\/wp-content\\\/uploads\\\/sites\\\/16\\\/2022\\\/02\\\/Buy-Nembutal-Powder-2.jpg\",\"contentUrl\":\"https:\\\/\\\/medicinasinc.com\\\/se\\\/wp-content\\\/uploads\\\/sites\\\/16\\\/2022\\\/02\\\/Buy-Nembutal-Powder-2.jpg\",\"width\":600,\"height\":600},{\"@type\":\"BreadcrumbList\",\"@id\":\"https:\\\/\\\/medicinasinc.com\\\/se\\\/product\\\/kop-nembutal-pulver\\\/#breadcrumb\",\"itemListElement\":[{\"@type\":\"ListItem\",\"position\":1,\"name\":\"aff\u00e4r\",\"item\":\"https:\\\/\\\/medicinasinc.com\\\/se\\\/affar\\\/\"},{\"@type\":\"ListItem\",\"position\":2,\"name\":\"K\u00f6p Nembutal Powder\"}]},{\"@type\":\"WebSite\",\"@id\":\"https:\\\/\\\/medicinasinc.com\\\/se\\\/#website\",\"url\":\"https:\\\/\\\/medicinasinc.com\\\/se\\\/\",\"name\":\"Medicinas Inc\",\"description\":\"Health Medical Clinic\",\"potentialAction\":[{\"@type\":\"SearchAction\",\"target\":{\"@type\":\"EntryPoint\",\"urlTemplate\":\"https:\\\/\\\/medicinasinc.com\\\/se\\\/?s={search_term_string}\"},\"query-input\":{\"@type\":\"PropertyValueSpecification\",\"valueRequired\":true,\"valueName\":\"search_term_string\"}}],\"inLanguage\":\"sv-SE\"}]}<\/script>\n<!-- \/ Yoast SEO plugin. -->","yoast_head_json":{"title":"K\u00f6p Nembutal Powder - Pentobarbital sodium - Best Global Meds","description":"K\u00f6p Nembutal Powder pentobarbitalnatrium till salu Storbritannien, F\u00f6renade Arabemiraten, Europa, Kina i v\u00e5r medicinasinc.com\/se onlinebutik med snabb leverans \u00f6ver hela v\u00e4rlden! Den b\u00e4sta Nembutal f\u00f6r best\u00e4llning hittar du h\u00e4r!","robots":{"index":"index","follow":"follow","max-snippet":"max-snippet:-1","max-image-preview":"max-image-preview:large","max-video-preview":"max-video-preview:-1"},"canonical":"https:\/\/medicinasinc.com\/se\/product\/kop-nembutal-pulver\/","og_locale":"sv_SE","og_type":"article","og_title":"K\u00f6p Nembutal Powder - Pentobarbital sodium - Best Global Meds","og_description":"K\u00f6p Nembutal Powder pentobarbitalnatrium till salu Storbritannien, F\u00f6renade Arabemiraten, Europa, Kina i v\u00e5r medicinasinc.com\/se onlinebutik med snabb leverans \u00f6ver hela v\u00e4rlden! Den b\u00e4sta Nembutal f\u00f6r best\u00e4llning hittar du h\u00e4r!","og_url":"https:\/\/medicinasinc.com\/se\/product\/kop-nembutal-pulver\/","og_site_name":"Medicinas Inc","article_modified_time":"2022-07-03T23:15:27+00:00","og_image":[{"width":600,"height":600,"url":"https:\/\/medicinasinc.com\/se\/wp-content\/uploads\/sites\/16\/2022\/02\/Buy-Nembutal-Powder-2.jpg","type":"image\/jpeg"}],"twitter_card":"summary_large_image","twitter_misc":{"Ber\u00e4knad l\u00e4stid":"2 minuter"},"schema":{"@context":"https:\/\/schema.org","@graph":[{"@type":"WebPage","@id":"https:\/\/medicinasinc.com\/se\/product\/kop-nembutal-pulver\/","url":"https:\/\/medicinasinc.com\/se\/product\/kop-nembutal-pulver\/","name":"K\u00f6p Nembutal Powder - Pentobarbital sodium - Best Global Meds","isPartOf":{"@id":"https:\/\/medicinasinc.com\/se\/#website"},"primaryImageOfPage":{"@id":"https:\/\/medicinasinc.com\/se\/product\/kop-nembutal-pulver\/#primaryimage"},"image":{"@id":"https:\/\/medicinasinc.com\/se\/product\/kop-nembutal-pulver\/#primaryimage"},"thumbnailUrl":"https:\/\/medicinasinc.com\/se\/wp-content\/uploads\/sites\/16\/2022\/02\/Buy-Nembutal-Powder-2.jpg","datePublished":"2022-02-22T06:07:08+00:00","dateModified":"2022-07-03T23:15:27+00:00","description":"K\u00f6p Nembutal Powder pentobarbitalnatrium till salu Storbritannien, F\u00f6renade Arabemiraten, Europa, Kina i v\u00e5r medicinasinc.com\/se onlinebutik med snabb leverans \u00f6ver hela v\u00e4rlden! Den b\u00e4sta Nembutal f\u00f6r best\u00e4llning hittar du h\u00e4r!","breadcrumb":{"@id":"https:\/\/medicinasinc.com\/se\/product\/kop-nembutal-pulver\/#breadcrumb"},"inLanguage":"sv-SE","potentialAction":[{"@type":"ReadAction","target":["https:\/\/medicinasinc.com\/se\/product\/kop-nembutal-pulver\/"]}]},{"@type":"ImageObject","inLanguage":"sv-SE","@id":"https:\/\/medicinasinc.com\/se\/product\/kop-nembutal-pulver\/#primaryimage","url":"https:\/\/medicinasinc.com\/se\/wp-content\/uploads\/sites\/16\/2022\/02\/Buy-Nembutal-Powder-2.jpg","contentUrl":"https:\/\/medicinasinc.com\/se\/wp-content\/uploads\/sites\/16\/2022\/02\/Buy-Nembutal-Powder-2.jpg","width":600,"height":600},{"@type":"BreadcrumbList","@id":"https:\/\/medicinasinc.com\/se\/product\/kop-nembutal-pulver\/#breadcrumb","itemListElement":[{"@type":"ListItem","position":1,"name":"aff\u00e4r","item":"https:\/\/medicinasinc.com\/se\/affar\/"},{"@type":"ListItem","position":2,"name":"K\u00f6p Nembutal Powder"}]},{"@type":"WebSite","@id":"https:\/\/medicinasinc.com\/se\/#website","url":"https:\/\/medicinasinc.com\/se\/","name":"Medicinas Inc","description":"Health Medical Clinic","potentialAction":[{"@type":"SearchAction","target":{"@type":"EntryPoint","urlTemplate":"https:\/\/medicinasinc.com\/se\/?s={search_term_string}"},"query-input":{"@type":"PropertyValueSpecification","valueRequired":true,"valueName":"search_term_string"}}],"inLanguage":"sv-SE"}]}},"_links":{"self":[{"href":"https:\/\/medicinasinc.com\/se\/wp-json\/wp\/v2\/product\/5781","targetHints":{"allow":["GET"]}}],"collection":[{"href":"https:\/\/medicinasinc.com\/se\/wp-json\/wp\/v2\/product"}],"about":[{"href":"https:\/\/medicinasinc.com\/se\/wp-json\/wp\/v2\/types\/product"}],"replies":[{"embeddable":true,"href":"https:\/\/medicinasinc.com\/se\/wp-json\/wp\/v2\/comments?post=5781"}],"wp:featuredmedia":[{"embeddable":true,"href":"https:\/\/medicinasinc.com\/se\/wp-json\/wp\/v2\/media\/5791"}],"wp:attachment":[{"href":"https:\/\/medicinasinc.com\/se\/wp-json\/wp\/v2\/media?parent=5781"}],"wp:term":[{"taxonomy":"product_brand","embeddable":true,"href":"https:\/\/medicinasinc.com\/se\/wp-json\/wp\/v2\/product_brand?post=5781"},{"taxonomy":"product_cat","embeddable":true,"href":"https:\/\/medicinasinc.com\/se\/wp-json\/wp\/v2\/product_cat?post=5781"},{"taxonomy":"product_tag","embeddable":true,"href":"https:\/\/medicinasinc.com\/se\/wp-json\/wp\/v2\/product_tag?post=5781"}],"curies":[{"name":"wp","href":"https:\/\/api.w.org\/{rel}","templated":true}]}}