{"id":5777,"date":"2022-02-22T05:58:59","date_gmt":"2022-02-22T05:58:59","guid":{"rendered":"https:\/\/medicinasinc.com\/se\/?post_type=product&#038;p=5777"},"modified":"2022-07-03T23:15:39","modified_gmt":"2022-07-03T23:15:39","slug":"kop-nembutal-kapslar","status":"publish","type":"product","link":"https:\/\/medicinasinc.com\/se\/product\/kop-nembutal-kapslar\/","title":{"rendered":"K\u00f6p Nembutal kapslar"},"content":{"rendered":"<p>Hitta de b\u00e4sta Nembutal-kapslarnas leverant\u00f6rer och \u00e5terf\u00f6rs\u00e4ljare p\u00e5 v\u00e5rt Nembutal-apotek online<\/p>\n<p>F\u00f6rs\u00f6ker du hitta ett v\u00e4lrenommerat onlineapotek d\u00e4r du kan f\u00e5 det b\u00e4sta erbjudandet p\u00e5 Nembutal-kapslar? Ja? D\u00e5 \u00e4r detta den perfekta platsen f\u00f6r dig. K\u00e4nt som Online Nembutal Pharmacy, vi \u00e4r ett v\u00e4lk\u00e4nt onlineapotek. Vi har f\u00e5tt m\u00e5nga h\u00e4ngivna kunder tack vare v\u00e5rt rykte som en av de ledande online\u00e5terf\u00f6rs\u00e4ljarna och leverant\u00f6rerna av Nembutal-kapslar.<\/p>\n<p>Oroa dig inte om det \u00e4r f\u00f6rsta g\u00e5ngen du k\u00f6per Nembutal-kapslar fr\u00e5n v\u00e5rt onlineapotek. . Du kan inte f\u00f6rv\u00e4nta dig n\u00e5got annat \u00e4n det b\u00e4sta h\u00e4r. Vi finns alltid h\u00e4r f\u00f6r att hj\u00e4lpa dig att hitta Nembutal-kapslarna du beh\u00f6ver och f\u00e5 dem till dig s\u00e5 snabbt som m\u00f6jligt. I enlighet med branschnormer uppfyller eller \u00f6vertr\u00e4ffar vi v\u00e5ra kunders f\u00f6rv\u00e4ntningar. V\u00e5rt onlineapotek Nembutal-kapslar \u00e4r av h\u00f6gsta kvalitet, och detta inkluderar \u00e4ven f\u00f6rpackning och frakt. Kontakta oss idag om du \u00e4r intresserad av att skaffa Nembutal-kapslar s\u00e5 kommer vi att m\u00f6ta dina behov i god tid.<\/p>\n<p>Varf\u00f6r \u00e4r det b\u00e4sta valet att k\u00f6pa Nembutal-kapslar fr\u00e5n ett Nembutal-apotek online?<\/p>\n<p> V\u00e5rt f\u00f6retag \u00e4r det b\u00e4sta alternativet om du vill ha Nembutal-kapslar p\u00e5 ett exakt s\u00e4tt med en kvalitetskontrollerad och snabb leveransservice. Nembutal-kapslar av b\u00e4sta kvalitet finns tillg\u00e4ngliga till billiga priser fr\u00e5n Nembutal-apoteket online. Eftersom vi inte anv\u00e4nder n\u00e5gra mellanh\u00e4nder kan vi se till att allt g\u00e5r smidigt. Kundservice \u00e4r en prioritet f\u00f6r oss, och vi ser till att best\u00e4llningar levereras i tid.<\/p>\n<p>Vi har f\u00e5tt bra feedback och utv\u00e4rderingar fr\u00e5n v\u00e5ra konsumenter eftersom vi har arbetat inom detta omr\u00e5de under l\u00e5ng tid. Nembutal kapslar skickas till kunder p\u00e5 ett s\u00e4kert s\u00e4tt av v\u00e5rt team. Vi inkluderar en upps\u00e4ttning instruktioner med varje vara du k\u00f6per fr\u00e5n oss. Dessa anvisningar visar dig hur du s\u00e4kert tar ditt recept p\u00e5 Nembutal-kapslar.<\/p>\n<p>Du kan alltid lita p\u00e5 v\u00e5ra f\u00f6rstklassiga tj\u00e4nster. V\u00e5rt onlineapotek kan hj\u00e4lpa dig att l\u00e4ra dig mer om l\u00e4kemedlet Nembutal Capsules. Nembutal kapslar brukade vara sv\u00e5ra att f\u00e5 tag p\u00e5 f\u00f6rr. Men allt eftersom tiden har g\u00e5tt har v\u00e5rt onlineapotek kunnat erbjuda Nembutal-varor online. Du kan f\u00e5 dem n\u00e4r du vill.<\/p>\n","protected":false},"excerpt":{"rendered":"<p>Best\u00e4lla Nembutal-kapslar online: Vad \u00e4r stegen att vidta?<\/p>\n<p>Du kan skicka in din beg\u00e4ran om att k\u00f6pa Nembutal-kapslar online till b\u00e4sta pris p\u00e5 v\u00e5r officiella webbplats och f\u00e5 den klar p\u00e5 kort tid. . Vi ansvarar f\u00f6r att utf\u00f6ra din best\u00e4llning. Du kan k\u00f6pa Nembutal Capsules fr\u00e5n oss just nu om du kontaktar oss idag!<\/p>\n<p>I v\u00e5r medicinasinc.com\/se onlinebutik kan du f\u00e5 Nembutal Capsules, pills Europe och Pentobarbital till f\u00f6rs\u00e4ljning i Storbritannien med snabb \u00f6ver hela v\u00e4rlden leverans! Du hittar det b\u00e4sta st\u00e4llet att k\u00f6pa Nembutal online h\u00e4r!<\/p>\n","protected":false},"featured_media":5786,"comment_status":"open","ping_status":"closed","template":"","meta":[],"product_brand":[],"product_cat":[3818],"product_tag":[3819,3871,3870,3872,3873,3820,3821,3824,3825,3826,3827,3828,3831,3832,3833,3834,3835,3843,3912,3844,3838,3839,3837,3836,3842,3840,3841,3822,3823,3856,3905,3829,3830,3907,3906,3908,3909,3911,3845,3855,3846,3851,3852,3853,3864,3858,3861,3862,3863,3868,3866,3867,3865,3857,3860,3869,3847,3848,3849,3850,3854,3859,3874,3875,3876,3877,3880,3881,3886,3887,3888,3889,3894,3895,3896,3897,3902,3903,3883,3884,3879,3891,3892,3893,3899,3900,3901,3878,3882,3885,3898,3890,3904,3910,3920,3916,3915,3914,3917,3918,3919,3923,3924,3922,3925,3927,3926,3913,3921],"class_list":{"0":"post-5777","1":"product","2":"type-product","3":"status-publish","4":"has-post-thumbnail","6":"product_cat-pentobarbital-till-salu","7":"product_tag-bsta-lkemedlet-fr-sjlvmord-verdos","8":"product_tag-bestll-nembutal-piller","9":"product_tag-order-nembutal-vtska","10":"product_tag-bestll-nembutal-piller-online","11":"product_tag-ordning-pentobarbital-natrium","12":"product_tag-buy-cheap-nembutal-liquid-online","13":"product_tag-buy-cheap-nembutal-online","14":"product_tag-buy-nembutal-pentobarbital-sodium","15":"product_tag-buy-nembutal-pills-online","16":"product_tag-buy-nembutal-sodium-online","17":"product_tag-buy-pentobarbital-sodium","18":"product_tag-buy-pentobarbital-sodium-2021","19":"product_tag-can-i-buy-pentobarbital","20":"product_tag-can-i-order-nembutal-online","21":"product_tag-can-i-order-pentobarbital-online","22":"product_tag-can-you-buy-pentobarbital-sodium-over-the-counter","23":"product_tag-can-you-buy-sodium-pentobarbital","24":"product_tag-det-r-ltt-att-kpa-nembutal-online","25":"product_tag-det-bsta-stllet-att-kpa-nembutal-piller-online","26":"product_tag-ddlig-injektion-kp-online","27":"product_tag-how-can-i-order-pentobarbital-sodium","28":"product_tag-how-can-i-take-nembutal","29":"product_tag-hur-kan-jag-bestlla-nembutal-piller","30":"product_tag-hur-kan-jag-bestlla-nembutal-vtska","31":"product_tag-hur-man-bsta-c3-a4ller-nembutal-per-post","32":"product_tag-hur-att-frvrva-nembutal","33":"product_tag-hur-man-k-c3-b6per-nembutal-online","34":"product_tag-k-c3-b6p-nembutal-h-c3-a4r","35":"product_tag-kp-nembutal-vtska-online","36":"product_tag-nembutal-pentobarbital-natrium-kp","37":"product_tag-kp-nembutal-piller-online","38":"product_tag-kp-pentobarbital-natrium-pentobarbital-natrium-salt","39":"product_tag-kp-natrium-pentobarbital-uk","40":"product_tag-natrium-pentobarbital-kostnad","41":"product_tag-natrium-pentobarbital-nembutal","42":"product_tag-natrium-pentobarbital-fr-djur-eutanasi","43":"product_tag-natrium-pentobarbital-fr-eutanasi","44":"product_tag-natrium-pentobarbital-hllbarhet","45":"product_tag-nembutal","46":"product_tag-nembutal-vtska-leverantr","47":"product_tag-nembutal-kapsel","48":"product_tag-nembutal-liquid-buy-europe","49":"product_tag-nembutal-liquid-buy-uk","50":"product_tag-nembutal-liquid-dose","51":"product_tag-nembutal-piller-dos","52":"product_tag-nembutal-piller-kp","53":"product_tag-nembutal-piller-kp-europa","54":"product_tag-nembutal-piller-kp-online","55":"product_tag-nembutal-piller-kp-uk","56":"product_tag-nembutal-piller-leverantr","57":"product_tag-nembutal-piller-online","58":"product_tag-nembutal-piller-verdos","59":"product_tag-nembutal-piller-till-frsljning","60":"product_tag-nembutal-pills","61":"product_tag-nembutal-pills-buy-austria","62":"product_tag-nembutal-sjlvmordsdos","63":"product_tag-nembutal-till-salu","64":"product_tag-nembutal-vtska-kp","65":"product_tag-nembutal-liquid-buy-australia","66":"product_tag-nembutal-liquid-buy-austria","67":"product_tag-nembutal-vtska-verdos","68":"product_tag-nembutal-piller-k-c3-b6p-australien","69":"product_tag-pentobarbital","70":"product_tag-pentobarbital-de-sodium-dose-letale","71":"product_tag-pentobarbital-fr-eutanasi","72":"product_tag-pentobarbital-nra-mig","73":"product_tag-pentobarbital-sodium-china","74":"product_tag-pentobarbital-sodium-death","75":"product_tag-pentobarbital-sodium-injection-for-dogs","76":"product_tag-pentobarbital-sodium-injection-for-humans","77":"product_tag-pentobarbital-sodium-injection-solution","78":"product_tag-pentobarbital-sodium-injection-usp","79":"product_tag-pentobarbital-sodium-pills","80":"product_tag-pentobarbital-sodium-powder","81":"product_tag-pentobarbital-sodium-prescription","82":"product_tag-pentobarbital-sodium-price","83":"product_tag-pentobarbital-sodium-where-to-buy","84":"product_tag-pentobarbital-use","85":"product_tag-pentobarbital-natrium-fr-hundar","86":"product_tag-pentobarbital-natrium-fr-mnniskor","87":"product_tag-pentobarbital-natrium-kp","88":"product_tag-pentobarbital-natrium-nz","89":"product_tag-pentobarbital-natrium-oral","90":"product_tag-pentobarbital-natrium-receptfria","91":"product_tag-pentobarbital-natrium-smntabletter","92":"product_tag-pentobarbital-natrium-smntabletter-receptfria","93":"product_tag-pentobarbital-natrium-tabletter","94":"product_tag-pentobarbital-natrium-anestesi","95":"product_tag-pentobarbitalnatriumdosering","96":"product_tag-pentobarbital-natrium-grupp","97":"product_tag-pentobarbital-natrium-salt","98":"product_tag-pentobarbital-natrium-vtska","99":"product_tag-purchase-nembutal-online","100":"product_tag-natrium-pentobarbital-tillverkare","101":"product_tag-var-kan-jag-kpa-natrium-pentobarbital","102":"product_tag-var-kan-jag-kpa-nembutal-natrium-pentobarbital","103":"product_tag-var-kan-jag-kpa-nembutal-piller","104":"product_tag-var-kan-jag-kpa-nembutal-vtska","105":"product_tag-var-kan-jag-kpa-pentobarbital","106":"product_tag-var-kan-jag-kpa-pentobarbital-natrium","107":"product_tag-var-kan-jag-kpa-pentobarbital-natrium-smntabletter","108":"product_tag-var-att-kpa-billigt-nembutal-online","109":"product_tag-var-att-kpa-nembutal-piller-online","110":"product_tag-var-kan-du-kpa-pentobarbital-natrium","111":"product_tag-var-man-kan-kpa-pentobarbital-natrium","112":"product_tag-var-att-f-pentobarbital-natrium","113":"product_tag-var-att-kpa-pentobarbital-natrium-fr-hundar","114":"product_tag-vill-kpa-nembutal","115":"product_tag-where-can-i-purchase-nembutal","117":"first","118":"instock","119":"shipping-taxable","120":"purchasable","121":"product-type-variable"},"yoast_head":"<!-- This site is optimized with the Yoast SEO plugin v27.3 - https:\/\/yoast.com\/product\/yoast-seo-wordpress\/ -->\n<title>K\u00f6p Nembutal Capsules - Best\u00e4ll Nembutal Capsules - Best Global Meds<\/title>\n<meta name=\"description\" content=\"K\u00f6p\/best\u00e4ll Nembutal kapslar, piller till salu Storbritannien, Europa, Kina, Japan, Israel fr\u00e5n ett v\u00e4lrenommerat onlineapotek utan recept och garanterad diskret frakt.\" \/>\n<meta name=\"robots\" content=\"index, follow, max-snippet:-1, max-image-preview:large, max-video-preview:-1\" \/>\n<link rel=\"canonical\" href=\"https:\/\/medicinasinc.com\/se\/product\/kop-nembutal-kapslar\/\" \/>\n<meta property=\"og:locale\" content=\"sv_SE\" \/>\n<meta property=\"og:type\" content=\"article\" \/>\n<meta property=\"og:title\" content=\"K\u00f6p Nembutal Capsules - Best\u00e4ll Nembutal Capsules - Best Global Meds\" \/>\n<meta property=\"og:description\" content=\"K\u00f6p\/best\u00e4ll Nembutal kapslar, piller till salu Storbritannien, Europa, Kina, Japan, Israel fr\u00e5n ett v\u00e4lrenommerat onlineapotek utan recept och garanterad diskret frakt.\" \/>\n<meta property=\"og:url\" content=\"https:\/\/medicinasinc.com\/se\/product\/kop-nembutal-kapslar\/\" \/>\n<meta property=\"og:site_name\" content=\"Medicinas Inc\" \/>\n<meta property=\"article:modified_time\" content=\"2022-07-03T23:15:39+00:00\" \/>\n<meta property=\"og:image\" content=\"https:\/\/medicinasinc.com\/se\/wp-content\/uploads\/sites\/16\/2022\/02\/Buy-Nembutal-Capsules.jpg\" \/>\n\t<meta property=\"og:image:width\" content=\"600\" \/>\n\t<meta property=\"og:image:height\" content=\"600\" \/>\n\t<meta property=\"og:image:type\" content=\"image\/jpeg\" \/>\n<meta name=\"twitter:card\" content=\"summary_large_image\" \/>\n<meta name=\"twitter:label1\" content=\"Ber\u00e4knad l\u00e4stid\" \/>\n\t<meta name=\"twitter:data1\" content=\"2 minuter\" \/>\n<script type=\"application\/ld+json\" class=\"yoast-schema-graph\">{\"@context\":\"https:\\\/\\\/schema.org\",\"@graph\":[{\"@type\":\"WebPage\",\"@id\":\"https:\\\/\\\/medicinasinc.com\\\/se\\\/product\\\/kop-nembutal-kapslar\\\/\",\"url\":\"https:\\\/\\\/medicinasinc.com\\\/se\\\/product\\\/kop-nembutal-kapslar\\\/\",\"name\":\"K\u00f6p Nembutal Capsules - Best\u00e4ll Nembutal Capsules - Best Global Meds\",\"isPartOf\":{\"@id\":\"https:\\\/\\\/medicinasinc.com\\\/se\\\/#website\"},\"primaryImageOfPage\":{\"@id\":\"https:\\\/\\\/medicinasinc.com\\\/se\\\/product\\\/kop-nembutal-kapslar\\\/#primaryimage\"},\"image\":{\"@id\":\"https:\\\/\\\/medicinasinc.com\\\/se\\\/product\\\/kop-nembutal-kapslar\\\/#primaryimage\"},\"thumbnailUrl\":\"https:\\\/\\\/medicinasinc.com\\\/se\\\/wp-content\\\/uploads\\\/sites\\\/16\\\/2022\\\/02\\\/Buy-Nembutal-Capsules.jpg\",\"datePublished\":\"2022-02-22T05:58:59+00:00\",\"dateModified\":\"2022-07-03T23:15:39+00:00\",\"description\":\"K\u00f6p\\\/best\u00e4ll Nembutal kapslar, piller till salu Storbritannien, Europa, Kina, Japan, Israel fr\u00e5n ett v\u00e4lrenommerat onlineapotek utan recept och garanterad diskret frakt.\",\"breadcrumb\":{\"@id\":\"https:\\\/\\\/medicinasinc.com\\\/se\\\/product\\\/kop-nembutal-kapslar\\\/#breadcrumb\"},\"inLanguage\":\"sv-SE\",\"potentialAction\":[{\"@type\":\"ReadAction\",\"target\":[\"https:\\\/\\\/medicinasinc.com\\\/se\\\/product\\\/kop-nembutal-kapslar\\\/\"]}]},{\"@type\":\"ImageObject\",\"inLanguage\":\"sv-SE\",\"@id\":\"https:\\\/\\\/medicinasinc.com\\\/se\\\/product\\\/kop-nembutal-kapslar\\\/#primaryimage\",\"url\":\"https:\\\/\\\/medicinasinc.com\\\/se\\\/wp-content\\\/uploads\\\/sites\\\/16\\\/2022\\\/02\\\/Buy-Nembutal-Capsules.jpg\",\"contentUrl\":\"https:\\\/\\\/medicinasinc.com\\\/se\\\/wp-content\\\/uploads\\\/sites\\\/16\\\/2022\\\/02\\\/Buy-Nembutal-Capsules.jpg\",\"width\":600,\"height\":600},{\"@type\":\"BreadcrumbList\",\"@id\":\"https:\\\/\\\/medicinasinc.com\\\/se\\\/product\\\/kop-nembutal-kapslar\\\/#breadcrumb\",\"itemListElement\":[{\"@type\":\"ListItem\",\"position\":1,\"name\":\"aff\u00e4r\",\"item\":\"https:\\\/\\\/medicinasinc.com\\\/se\\\/affar\\\/\"},{\"@type\":\"ListItem\",\"position\":2,\"name\":\"K\u00f6p Nembutal kapslar\"}]},{\"@type\":\"WebSite\",\"@id\":\"https:\\\/\\\/medicinasinc.com\\\/se\\\/#website\",\"url\":\"https:\\\/\\\/medicinasinc.com\\\/se\\\/\",\"name\":\"Medicinas Inc\",\"description\":\"Health Medical Clinic\",\"potentialAction\":[{\"@type\":\"SearchAction\",\"target\":{\"@type\":\"EntryPoint\",\"urlTemplate\":\"https:\\\/\\\/medicinasinc.com\\\/se\\\/?s={search_term_string}\"},\"query-input\":{\"@type\":\"PropertyValueSpecification\",\"valueRequired\":true,\"valueName\":\"search_term_string\"}}],\"inLanguage\":\"sv-SE\"}]}<\/script>\n<!-- \/ Yoast SEO plugin. -->","yoast_head_json":{"title":"K\u00f6p Nembutal Capsules - Best\u00e4ll Nembutal Capsules - Best Global Meds","description":"K\u00f6p\/best\u00e4ll Nembutal kapslar, piller till salu Storbritannien, Europa, Kina, Japan, Israel fr\u00e5n ett v\u00e4lrenommerat onlineapotek utan recept och garanterad diskret frakt.","robots":{"index":"index","follow":"follow","max-snippet":"max-snippet:-1","max-image-preview":"max-image-preview:large","max-video-preview":"max-video-preview:-1"},"canonical":"https:\/\/medicinasinc.com\/se\/product\/kop-nembutal-kapslar\/","og_locale":"sv_SE","og_type":"article","og_title":"K\u00f6p Nembutal Capsules - Best\u00e4ll Nembutal Capsules - Best Global Meds","og_description":"K\u00f6p\/best\u00e4ll Nembutal kapslar, piller till salu Storbritannien, Europa, Kina, Japan, Israel fr\u00e5n ett v\u00e4lrenommerat onlineapotek utan recept och garanterad diskret frakt.","og_url":"https:\/\/medicinasinc.com\/se\/product\/kop-nembutal-kapslar\/","og_site_name":"Medicinas Inc","article_modified_time":"2022-07-03T23:15:39+00:00","og_image":[{"width":600,"height":600,"url":"https:\/\/medicinasinc.com\/se\/wp-content\/uploads\/sites\/16\/2022\/02\/Buy-Nembutal-Capsules.jpg","type":"image\/jpeg"}],"twitter_card":"summary_large_image","twitter_misc":{"Ber\u00e4knad l\u00e4stid":"2 minuter"},"schema":{"@context":"https:\/\/schema.org","@graph":[{"@type":"WebPage","@id":"https:\/\/medicinasinc.com\/se\/product\/kop-nembutal-kapslar\/","url":"https:\/\/medicinasinc.com\/se\/product\/kop-nembutal-kapslar\/","name":"K\u00f6p Nembutal Capsules - Best\u00e4ll Nembutal Capsules - Best Global Meds","isPartOf":{"@id":"https:\/\/medicinasinc.com\/se\/#website"},"primaryImageOfPage":{"@id":"https:\/\/medicinasinc.com\/se\/product\/kop-nembutal-kapslar\/#primaryimage"},"image":{"@id":"https:\/\/medicinasinc.com\/se\/product\/kop-nembutal-kapslar\/#primaryimage"},"thumbnailUrl":"https:\/\/medicinasinc.com\/se\/wp-content\/uploads\/sites\/16\/2022\/02\/Buy-Nembutal-Capsules.jpg","datePublished":"2022-02-22T05:58:59+00:00","dateModified":"2022-07-03T23:15:39+00:00","description":"K\u00f6p\/best\u00e4ll Nembutal kapslar, piller till salu Storbritannien, Europa, Kina, Japan, Israel fr\u00e5n ett v\u00e4lrenommerat onlineapotek utan recept och garanterad diskret frakt.","breadcrumb":{"@id":"https:\/\/medicinasinc.com\/se\/product\/kop-nembutal-kapslar\/#breadcrumb"},"inLanguage":"sv-SE","potentialAction":[{"@type":"ReadAction","target":["https:\/\/medicinasinc.com\/se\/product\/kop-nembutal-kapslar\/"]}]},{"@type":"ImageObject","inLanguage":"sv-SE","@id":"https:\/\/medicinasinc.com\/se\/product\/kop-nembutal-kapslar\/#primaryimage","url":"https:\/\/medicinasinc.com\/se\/wp-content\/uploads\/sites\/16\/2022\/02\/Buy-Nembutal-Capsules.jpg","contentUrl":"https:\/\/medicinasinc.com\/se\/wp-content\/uploads\/sites\/16\/2022\/02\/Buy-Nembutal-Capsules.jpg","width":600,"height":600},{"@type":"BreadcrumbList","@id":"https:\/\/medicinasinc.com\/se\/product\/kop-nembutal-kapslar\/#breadcrumb","itemListElement":[{"@type":"ListItem","position":1,"name":"aff\u00e4r","item":"https:\/\/medicinasinc.com\/se\/affar\/"},{"@type":"ListItem","position":2,"name":"K\u00f6p Nembutal kapslar"}]},{"@type":"WebSite","@id":"https:\/\/medicinasinc.com\/se\/#website","url":"https:\/\/medicinasinc.com\/se\/","name":"Medicinas Inc","description":"Health Medical Clinic","potentialAction":[{"@type":"SearchAction","target":{"@type":"EntryPoint","urlTemplate":"https:\/\/medicinasinc.com\/se\/?s={search_term_string}"},"query-input":{"@type":"PropertyValueSpecification","valueRequired":true,"valueName":"search_term_string"}}],"inLanguage":"sv-SE"}]}},"_links":{"self":[{"href":"https:\/\/medicinasinc.com\/se\/wp-json\/wp\/v2\/product\/5777","targetHints":{"allow":["GET"]}}],"collection":[{"href":"https:\/\/medicinasinc.com\/se\/wp-json\/wp\/v2\/product"}],"about":[{"href":"https:\/\/medicinasinc.com\/se\/wp-json\/wp\/v2\/types\/product"}],"replies":[{"embeddable":true,"href":"https:\/\/medicinasinc.com\/se\/wp-json\/wp\/v2\/comments?post=5777"}],"wp:featuredmedia":[{"embeddable":true,"href":"https:\/\/medicinasinc.com\/se\/wp-json\/wp\/v2\/media\/5786"}],"wp:attachment":[{"href":"https:\/\/medicinasinc.com\/se\/wp-json\/wp\/v2\/media?parent=5777"}],"wp:term":[{"taxonomy":"product_brand","embeddable":true,"href":"https:\/\/medicinasinc.com\/se\/wp-json\/wp\/v2\/product_brand?post=5777"},{"taxonomy":"product_cat","embeddable":true,"href":"https:\/\/medicinasinc.com\/se\/wp-json\/wp\/v2\/product_cat?post=5777"},{"taxonomy":"product_tag","embeddable":true,"href":"https:\/\/medicinasinc.com\/se\/wp-json\/wp\/v2\/product_tag?post=5777"}],"curies":[{"name":"wp","href":"https:\/\/api.w.org\/{rel}","templated":true}]}}