{"id":5739,"date":"2022-02-22T05:15:21","date_gmt":"2022-02-22T05:15:21","guid":{"rendered":"https:\/\/medicinasinc.com\/se\/?post_type=product&#038;p=5739"},"modified":"2022-07-03T23:15:52","modified_gmt":"2022-07-03T23:15:52","slug":"kopa-pyrazolam-0-5-mg-pellets","status":"publish","type":"product","link":"https:\/\/medicinasinc.com\/se\/product\/kopa-pyrazolam-0-5-mg-pellets\/","title":{"rendered":"K\u00f6p Pyrazolam 0,5 mg pellets"},"content":{"rendered":"<p>Pyrazolam 0,5 mg pellets till salu i Storbritannien, Europa, Australien och EU. Pyrazolam-pris, Pyrazolam-leverans \u00f6ver natten och var du kan k\u00f6pa kvalitetspyrazolam.<\/p>\n<p>Bitcoin kan anv\u00e4ndas f\u00f6r att k\u00f6pa 1mg Pyrazolam-pellets online. C16H12BrN5 \u00e4r molekylstrukturen f\u00f6r denna presspellet. Pyrazolam kan vara sv\u00e5rt att f\u00e5 tag p\u00e5.<\/p>\n<p>Bensodiazepinklassen av l\u00e4kemedel inkluderar pyrazolam, ett helt nytt depressivt medel. Avslappning, h\u00e4mningsl\u00f6shet och eufori \u00e4r bara n\u00e5gra av de positiva biverkningar m\u00e4nniskor rapporterar. Handla och best\u00e4ll billiga 2022 Pyrazolam Pellets p\u00e5 Internet.<\/p>\n<p>Bensodiazepiner som pyrazolam och diazepam har mindre eufori och \u00e4r mer lugnande, s\u00e5 de anv\u00e4nds inte ofta f\u00f6r rekreations\u00e4ndam\u00e5l.<\/p>\n<p> L\u00e4kemedel Best\u00e4ll billiga 2022 Pyrazolam Pellets Online<\/p>\n<p>Det finns m\u00e5nga olika effekter som kan produceras genom att ta bensos eftersom de binder till bensodiazepinreceptorn och f\u00f6rb\u00e4ttrar gamma-aminosm\u00f6rsyrans effektivitet och effekter p\u00e5 dess receptorer.<\/p>\n<p>Pyazolams lugnande eller lugnande effekter p\u00e5 nervsystemet kan tillskrivas dess modulering av denna plats, som \u00e4r hj\u00e4rnans mest produktiva h\u00e4mmande receptorupps\u00e4ttning.<\/p>\n<p>Att k\u00f6pa Pyrazolam fr\u00e5n en ansedd leverant\u00f6r s\u00e4kerst\u00e4ller att du kommer att f\u00e5 din best\u00e4llning i tid till \u00e5r 2021.<\/p>\n<p>Ist\u00e4llet f\u00f6r bensodiazepinreceptorer kan de krampl\u00f6sande effekterna av bensodiazepiner bero p\u00e5 deras bindning till sp\u00e4nningsberoende natriumkanaler.<\/p>\n<p>Effekter p\u00e5 Kropps<br \/> Yrsel<br \/> f\u00f6rlust av motorisk funktion<br \/> Avslappning av muskler<br \/> Depression av andningsorganen<br \/> Pyazolam \u00e4r mindre lugnande \u00e4n andra bensodiazepiner om de inte tas i h\u00f6ga doser, varf\u00f6r det ofta ordineras f\u00f6r att behandla s\u00f6mnl\u00f6shet.<br \/> Effekter p\u00e5 sinnet<\/p>\n<p>Pyrazolams kognitiva effekter kan delas upp i flera komponenter som \u00f6kar i intensitet n\u00e4r dosen \u00f6kas.<\/p>\n<p>Att k\u00f6pa Pyrazolam fr\u00e5n en v\u00e4lrenommerad leverant\u00f6r s\u00e4kerst\u00e4ller att du f\u00e5r din ordning i tid till \u00e5r 2021.<\/p>\n<p>M\u00e5nga beskriver pyrazolams allm\u00e4nna effekt p\u00e5 sinnet som mild sedering, men med en motsvarande stark minskning av \u00e5ngest. Det har ett stort antal kognitiva effekter som vanligtvis f\u00f6rknippas med depression.<\/p>\n<p>I allm\u00e4nhet \u00e4r de mest m\u00e4rkbara kognitiva effekterna:<\/p>\n<p>Amnesi<br \/> Undertryckande av \u00e5ngest<br \/> F\u00f6rdr\u00f6jning av sinnet<br \/> Undertryckande av dataanalys<br \/> Disinhibition<br \/> Upprepad uppspelning av sina egna misstag<br \/> Nykterhetsvanf\u00f6rest\u00e4llning: Trots uppenbara bevis f\u00f6r motsatsen, s\u00e5som grav kognitiv funktionsneds\u00e4ttning och en of\u00f6rm\u00e5ga att helt kommunicera med andra, den falska tron \u200b\u200batt man \u00e4r helt nykter kvarst\u00e5r hos individen.<br \/> Dr\u00f6mf\u00f6rst\u00e4rkning<br \/> H\u00e4pnadsv\u00e4ckande kontraster<br \/> Best\u00e4ll Pyrazolam Pellets 2021, K\u00f6p Pyrazolam Online f\u00f6r billigt 2021<\/p>\n<p>Det \u00e4r inte ovanligt att personer som tar bensodiazepiner upplever ovanliga biverkningar s\u00e5som \u00f6kad anfallsfrekvens, aggression, irritabilitet och sj\u00e4lvmordstankar.<\/p>\n<p>Narkotikamissbrukare, personer med psykiska sjukdomar, barn, och patienter p\u00e5 h\u00f6ga doser \u00e4r mer ben\u00e4gna att uppleva e dessa paradoxala effekter.<\/p>\n<p>Beroende- och toleranspotential<\/p>\n<p>Pyrazolam har en h\u00f6g niv\u00e5 av fysiskt och mentalt beroende.<br \/> Tolerans mot de lugnande-hypnotiska effekterna kommer att utvecklas inom n\u00e5gra f\u00e5 dagar av att anv\u00e4nda l\u00e4kemedlet p\u00e5 regelbunden basis.<\/p>\n<p>Toleransen \u00e5terg\u00e5r till det normala inom 7 till 14 dagar efter upph\u00f6rande. Det \u00e4r dock m\u00f6jligt att beroende p\u00e5 hur l\u00e4nge och hur h\u00e5rt du anv\u00e4nder det, kan det ta betydligt l\u00e4ngre tid.<\/p>\n<p>Efter n\u00e5gra veckor eller l\u00e4ngre med stadig dosering, kan abstinenssymtom eller reboundsymtom uppst\u00e5, vilket kr\u00e4ver en gradvis dosminskning.<\/p>\n<p>Interaktioner som kan vara skadliga. K\u00f6p Pyrazolam Online, best\u00e4ll Pyrazolam Pellets 2022<\/p>\n<p>M\u00e5nga l\u00e4kemedel \u00e4r s\u00e4kra p\u00e5 egen hand, men i kombination med andra \u00e4mnen kan de vara farliga och till och med livshotande. N\u00e5gra av de farligaste kombinationerna listas nedan, men detta \u00e4r av ingen inneb\u00e4r en utt\u00f6mmande lista.<\/p>\n<p>Men \u00e4ven i l\u00e5ga doser kan vissa kombinationer \u00f6ka risken f\u00f6r d\u00f6dsfall. Innan du konsumerar en blandning av tv\u00e5 eller flera \u00e4mnen, b\u00f6r oberoende forskning utf\u00f6ras f\u00f6r att s\u00e4kerst\u00e4lla att det \u00e4r s\u00e4kert.<\/p>\n<p>Att kombinera ett d\u00e4mpande medel med ett annat d\u00e4mpande medel kan leda till farlig eller till och med d\u00f6dlig andningsdepression. Vid h\u00f6ga doser kan muskelavslappning, sedering och minnesf\u00f6rlust som vart och ett av dessa l\u00e4kemedel orsakar f\u00f6rst\u00e4rkas till en ov\u00e4ntad f\u00f6rlust av medvetande.<\/p>\n<p>Som ett resultat av denna kombination, risken f\u00f6r kr\u00e4kningar och d\u00f6dsfall. genom kv\u00e4vning under medvetsl\u00f6shet \u00f6kar. M\u00e4nniskor som upplever detta b\u00f6r f\u00f6rs\u00f6ka sova i \u00e5terh\u00e4mtningsst\u00e4llning eller l\u00e5ta en v\u00e4n flytta in dem i den.<\/p>\n<p>Bensodiazepiner och stimulantia b\u00f6r inte kombineras p\u00e5 grund av risken f\u00f6r \u00f6verdriven berusning. Bensodiazepinernas lugnande effekt f\u00f6rsvagas av stimulantia, vilket \u00e4r den prim\u00e4ra faktorn f\u00f6r de flesta n\u00e4r de m\u00e4ter deras berusningsniv\u00e5.<\/p>\n","protected":false},"excerpt":{"rendered":"<p>I Storbritannien, Europa, Australien och EU finns Pyrazolam 0,5 mg pellets att k\u00f6pa. K\u00f6p Pyrazolam Online, Pyrazolam Frakt \u00f6ver natten, Pyrazolam Kostnad.<\/p>\n<p>K\u00f6p 1 mg Pyrazolam Pellets med Bitcoin fr\u00e5n ett onlineapotek. C16H12BrN5 \u00e4r molekylstrukturen f\u00f6r denna kemiska presspellet. pyrazolam kan vara sv\u00e5rt att f\u00e5 tag p\u00e5.<\/p>\n<p>Pyrazolam 0,5 mg pellets finns att k\u00f6pa online. Enligt teorin f\u00f6rv\u00e4ntas Pyrazolam orsaka mindre ataxi och sedering \u00e4n andra medel. Eftersom det inte har n\u00e5gra aktiva metaboliter har pyrazolam en l\u00e4ngre halveringstid (6 timmar i genomsnitt) och en mer linj\u00e4r effekt \u00e4n de flesta andra bensodiazepiner.<\/p>\n","protected":false},"featured_media":5751,"comment_status":"open","ping_status":"closed","template":"","meta":[],"product_brand":[],"product_cat":[2014],"product_tag":[3797,3804,3805,3806,3799,3800,3801,3802,3807,3803,3809,3808,3798,3810,3813,3815,3814,3812,3811,3816,3817],"class_list":{"0":"post-5739","1":"product","2":"type-product","3":"status-publish","4":"has-post-thumbnail","6":"product_cat-kop-research-chemicals","7":"product_tag-best-place-to-order-pyrazolam-0-5-mg-pallets","8":"product_tag-bestlla-pyrazolam","9":"product_tag-order-pyrazolam-0-5-pallar","10":"product_tag-order-pyrazolam-uk","11":"product_tag-buy-pyrazolam-0-5-mg","12":"product_tag-buy-pyrazolam-0-5-mg-pellets","13":"product_tag-buy-pyrazolam-europe","14":"product_tag-buy-pyrazolam-near-me","15":"product_tag-kp-pyrazolam","16":"product_tag-kp-pyrazolam-online","17":"product_tag-pyrazolam-0-5-mg-recension","18":"product_tag-pyrazolam-0-5-mg-till-salu","19":"product_tag-bsta-kvalitet-pyrazolam","20":"product_tag-pyrazolam-effekt","21":"product_tag-pyrazolam-frsljning","22":"product_tag-pyrazolam-grossist","23":"product_tag-pyrazolam-leverantr","24":"product_tag-pyrazolam-pris","25":"product_tag-pyrazolam-till-salu","26":"product_tag-var-kan-jag-fina-pyrazolam-pallar","27":"product_tag-var-att-kpa-pyrazolam-0-5-mg","29":"first","30":"instock","31":"shipping-taxable","32":"purchasable","33":"product-type-variable","34":"has-default-attributes"},"yoast_head":"<!-- This site is optimized with the Yoast SEO plugin v27.2 - https:\/\/yoast.com\/product\/yoast-seo-wordpress\/ -->\n<title>K\u00f6p Pyrazolam 0,5 mg pellets - Pyrazolam 0,5 mg - Best Global Meds<\/title>\n<meta name=\"description\" content=\"K\u00f6p Pyrazolam 0,5 mg pellets till salu i Storbritannien, Europa, AU, EU, best\u00e4ll billiga Pyrazolam Pellets 2022, Var kan du k\u00f6pa Pyrazolam av h\u00f6g kvalitet \u00f6ver natten, Pyrazolam Pris.\" \/>\n<meta name=\"robots\" content=\"index, follow, max-snippet:-1, max-image-preview:large, max-video-preview:-1\" \/>\n<link rel=\"canonical\" href=\"https:\/\/medicinasinc.com\/se\/product\/kopa-pyrazolam-0-5-mg-pellets\/\" \/>\n<meta property=\"og:locale\" content=\"sv_SE\" \/>\n<meta property=\"og:type\" content=\"article\" \/>\n<meta property=\"og:title\" content=\"K\u00f6p Pyrazolam 0,5 mg pellets - Pyrazolam 0,5 mg - Best Global Meds\" \/>\n<meta property=\"og:description\" content=\"K\u00f6p Pyrazolam 0,5 mg pellets till salu i Storbritannien, Europa, AU, EU, best\u00e4ll billiga Pyrazolam Pellets 2022, Var kan du k\u00f6pa Pyrazolam av h\u00f6g kvalitet \u00f6ver natten, Pyrazolam Pris.\" \/>\n<meta property=\"og:url\" content=\"https:\/\/medicinasinc.com\/se\/product\/kopa-pyrazolam-0-5-mg-pellets\/\" \/>\n<meta property=\"og:site_name\" content=\"Medicinas Inc\" \/>\n<meta property=\"article:modified_time\" content=\"2022-07-03T23:15:52+00:00\" \/>\n<meta property=\"og:image\" content=\"https:\/\/medicinasinc.com\/se\/wp-content\/uploads\/sites\/16\/2022\/02\/buy-pyrazolam-0-5-mg-pellets-online.jpg\" \/>\n\t<meta property=\"og:image:width\" content=\"600\" \/>\n\t<meta property=\"og:image:height\" content=\"600\" \/>\n\t<meta property=\"og:image:type\" content=\"image\/jpeg\" \/>\n<meta name=\"twitter:card\" content=\"summary_large_image\" \/>\n<meta name=\"twitter:label1\" content=\"Ber\u00e4knad l\u00e4stid\" \/>\n\t<meta name=\"twitter:data1\" content=\"4 minuter\" \/>\n<script type=\"application\/ld+json\" class=\"yoast-schema-graph\">{\"@context\":\"https:\/\/schema.org\",\"@graph\":[{\"@type\":\"WebPage\",\"@id\":\"https:\/\/medicinasinc.com\/se\/product\/kopa-pyrazolam-0-5-mg-pellets\/\",\"url\":\"https:\/\/medicinasinc.com\/se\/product\/kopa-pyrazolam-0-5-mg-pellets\/\",\"name\":\"K\u00f6p Pyrazolam 0,5 mg pellets - Pyrazolam 0,5 mg - Best Global Meds\",\"isPartOf\":{\"@id\":\"https:\/\/medicinasinc.com\/se\/#website\"},\"primaryImageOfPage\":{\"@id\":\"https:\/\/medicinasinc.com\/se\/product\/kopa-pyrazolam-0-5-mg-pellets\/#primaryimage\"},\"image\":{\"@id\":\"https:\/\/medicinasinc.com\/se\/product\/kopa-pyrazolam-0-5-mg-pellets\/#primaryimage\"},\"thumbnailUrl\":\"https:\/\/medicinasinc.com\/se\/wp-content\/uploads\/sites\/16\/2022\/02\/buy-pyrazolam-0-5-mg-pellets-online.jpg\",\"datePublished\":\"2022-02-22T05:15:21+00:00\",\"dateModified\":\"2022-07-03T23:15:52+00:00\",\"description\":\"K\u00f6p Pyrazolam 0,5 mg pellets till salu i Storbritannien, Europa, AU, EU, best\u00e4ll billiga Pyrazolam Pellets 2022, Var kan du k\u00f6pa Pyrazolam av h\u00f6g kvalitet \u00f6ver natten, Pyrazolam Pris.\",\"breadcrumb\":{\"@id\":\"https:\/\/medicinasinc.com\/se\/product\/kopa-pyrazolam-0-5-mg-pellets\/#breadcrumb\"},\"inLanguage\":\"sv-SE\",\"potentialAction\":[{\"@type\":\"ReadAction\",\"target\":[\"https:\/\/medicinasinc.com\/se\/product\/kopa-pyrazolam-0-5-mg-pellets\/\"]}]},{\"@type\":\"ImageObject\",\"inLanguage\":\"sv-SE\",\"@id\":\"https:\/\/medicinasinc.com\/se\/product\/kopa-pyrazolam-0-5-mg-pellets\/#primaryimage\",\"url\":\"https:\/\/medicinasinc.com\/se\/wp-content\/uploads\/sites\/16\/2022\/02\/buy-pyrazolam-0-5-mg-pellets-online.jpg\",\"contentUrl\":\"https:\/\/medicinasinc.com\/se\/wp-content\/uploads\/sites\/16\/2022\/02\/buy-pyrazolam-0-5-mg-pellets-online.jpg\",\"width\":600,\"height\":600},{\"@type\":\"BreadcrumbList\",\"@id\":\"https:\/\/medicinasinc.com\/se\/product\/kopa-pyrazolam-0-5-mg-pellets\/#breadcrumb\",\"itemListElement\":[{\"@type\":\"ListItem\",\"position\":1,\"name\":\"aff\u00e4r\",\"item\":\"https:\/\/medicinasinc.com\/se\/affar\/\"},{\"@type\":\"ListItem\",\"position\":2,\"name\":\"K\u00f6p Pyrazolam 0,5 mg pellets\"}]},{\"@type\":\"WebSite\",\"@id\":\"https:\/\/medicinasinc.com\/se\/#website\",\"url\":\"https:\/\/medicinasinc.com\/se\/\",\"name\":\"Medicinas Inc\",\"description\":\"Health Medical Clinic\",\"potentialAction\":[{\"@type\":\"SearchAction\",\"target\":{\"@type\":\"EntryPoint\",\"urlTemplate\":\"https:\/\/medicinasinc.com\/se\/?s={search_term_string}\"},\"query-input\":{\"@type\":\"PropertyValueSpecification\",\"valueRequired\":true,\"valueName\":\"search_term_string\"}}],\"inLanguage\":\"sv-SE\"}]}<\/script>\n<!-- \/ Yoast SEO plugin. -->","yoast_head_json":{"title":"K\u00f6p Pyrazolam 0,5 mg pellets - Pyrazolam 0,5 mg - Best Global Meds","description":"K\u00f6p Pyrazolam 0,5 mg pellets till salu i Storbritannien, Europa, AU, EU, best\u00e4ll billiga Pyrazolam Pellets 2022, Var kan du k\u00f6pa Pyrazolam av h\u00f6g kvalitet \u00f6ver natten, Pyrazolam Pris.","robots":{"index":"index","follow":"follow","max-snippet":"max-snippet:-1","max-image-preview":"max-image-preview:large","max-video-preview":"max-video-preview:-1"},"canonical":"https:\/\/medicinasinc.com\/se\/product\/kopa-pyrazolam-0-5-mg-pellets\/","og_locale":"sv_SE","og_type":"article","og_title":"K\u00f6p Pyrazolam 0,5 mg pellets - Pyrazolam 0,5 mg - Best Global Meds","og_description":"K\u00f6p Pyrazolam 0,5 mg pellets till salu i Storbritannien, Europa, AU, EU, best\u00e4ll billiga Pyrazolam Pellets 2022, Var kan du k\u00f6pa Pyrazolam av h\u00f6g kvalitet \u00f6ver natten, Pyrazolam Pris.","og_url":"https:\/\/medicinasinc.com\/se\/product\/kopa-pyrazolam-0-5-mg-pellets\/","og_site_name":"Medicinas Inc","article_modified_time":"2022-07-03T23:15:52+00:00","og_image":[{"width":600,"height":600,"url":"https:\/\/medicinasinc.com\/se\/wp-content\/uploads\/sites\/16\/2022\/02\/buy-pyrazolam-0-5-mg-pellets-online.jpg","type":"image\/jpeg"}],"twitter_card":"summary_large_image","twitter_misc":{"Ber\u00e4knad l\u00e4stid":"4 minuter"},"schema":{"@context":"https:\/\/schema.org","@graph":[{"@type":"WebPage","@id":"https:\/\/medicinasinc.com\/se\/product\/kopa-pyrazolam-0-5-mg-pellets\/","url":"https:\/\/medicinasinc.com\/se\/product\/kopa-pyrazolam-0-5-mg-pellets\/","name":"K\u00f6p Pyrazolam 0,5 mg pellets - Pyrazolam 0,5 mg - Best Global Meds","isPartOf":{"@id":"https:\/\/medicinasinc.com\/se\/#website"},"primaryImageOfPage":{"@id":"https:\/\/medicinasinc.com\/se\/product\/kopa-pyrazolam-0-5-mg-pellets\/#primaryimage"},"image":{"@id":"https:\/\/medicinasinc.com\/se\/product\/kopa-pyrazolam-0-5-mg-pellets\/#primaryimage"},"thumbnailUrl":"https:\/\/medicinasinc.com\/se\/wp-content\/uploads\/sites\/16\/2022\/02\/buy-pyrazolam-0-5-mg-pellets-online.jpg","datePublished":"2022-02-22T05:15:21+00:00","dateModified":"2022-07-03T23:15:52+00:00","description":"K\u00f6p Pyrazolam 0,5 mg pellets till salu i Storbritannien, Europa, AU, EU, best\u00e4ll billiga Pyrazolam Pellets 2022, Var kan du k\u00f6pa Pyrazolam av h\u00f6g kvalitet \u00f6ver natten, Pyrazolam Pris.","breadcrumb":{"@id":"https:\/\/medicinasinc.com\/se\/product\/kopa-pyrazolam-0-5-mg-pellets\/#breadcrumb"},"inLanguage":"sv-SE","potentialAction":[{"@type":"ReadAction","target":["https:\/\/medicinasinc.com\/se\/product\/kopa-pyrazolam-0-5-mg-pellets\/"]}]},{"@type":"ImageObject","inLanguage":"sv-SE","@id":"https:\/\/medicinasinc.com\/se\/product\/kopa-pyrazolam-0-5-mg-pellets\/#primaryimage","url":"https:\/\/medicinasinc.com\/se\/wp-content\/uploads\/sites\/16\/2022\/02\/buy-pyrazolam-0-5-mg-pellets-online.jpg","contentUrl":"https:\/\/medicinasinc.com\/se\/wp-content\/uploads\/sites\/16\/2022\/02\/buy-pyrazolam-0-5-mg-pellets-online.jpg","width":600,"height":600},{"@type":"BreadcrumbList","@id":"https:\/\/medicinasinc.com\/se\/product\/kopa-pyrazolam-0-5-mg-pellets\/#breadcrumb","itemListElement":[{"@type":"ListItem","position":1,"name":"aff\u00e4r","item":"https:\/\/medicinasinc.com\/se\/affar\/"},{"@type":"ListItem","position":2,"name":"K\u00f6p Pyrazolam 0,5 mg pellets"}]},{"@type":"WebSite","@id":"https:\/\/medicinasinc.com\/se\/#website","url":"https:\/\/medicinasinc.com\/se\/","name":"Medicinas Inc","description":"Health Medical Clinic","potentialAction":[{"@type":"SearchAction","target":{"@type":"EntryPoint","urlTemplate":"https:\/\/medicinasinc.com\/se\/?s={search_term_string}"},"query-input":{"@type":"PropertyValueSpecification","valueRequired":true,"valueName":"search_term_string"}}],"inLanguage":"sv-SE"}]}},"_links":{"self":[{"href":"https:\/\/medicinasinc.com\/se\/wp-json\/wp\/v2\/product\/5739","targetHints":{"allow":["GET"]}}],"collection":[{"href":"https:\/\/medicinasinc.com\/se\/wp-json\/wp\/v2\/product"}],"about":[{"href":"https:\/\/medicinasinc.com\/se\/wp-json\/wp\/v2\/types\/product"}],"replies":[{"embeddable":true,"href":"https:\/\/medicinasinc.com\/se\/wp-json\/wp\/v2\/comments?post=5739"}],"wp:featuredmedia":[{"embeddable":true,"href":"https:\/\/medicinasinc.com\/se\/wp-json\/wp\/v2\/media\/5751"}],"wp:attachment":[{"href":"https:\/\/medicinasinc.com\/se\/wp-json\/wp\/v2\/media?parent=5739"}],"wp:term":[{"taxonomy":"product_brand","embeddable":true,"href":"https:\/\/medicinasinc.com\/se\/wp-json\/wp\/v2\/product_brand?post=5739"},{"taxonomy":"product_cat","embeddable":true,"href":"https:\/\/medicinasinc.com\/se\/wp-json\/wp\/v2\/product_cat?post=5739"},{"taxonomy":"product_tag","embeddable":true,"href":"https:\/\/medicinasinc.com\/se\/wp-json\/wp\/v2\/product_tag?post=5739"}],"curies":[{"name":"wp","href":"https:\/\/api.w.org\/{rel}","templated":true}]}}