{"id":5735,"date":"2022-02-22T05:09:43","date_gmt":"2022-02-22T05:09:43","guid":{"rendered":"https:\/\/medicinasinc.com\/se\/?post_type=product&#038;p=5735"},"modified":"2022-07-03T23:16:01","modified_gmt":"2022-07-03T23:16:01","slug":"kop-al-lad-pulver","status":"publish","type":"product","link":"https:\/\/medicinasinc.com\/se\/product\/kop-al-lad-pulver\/","title":{"rendered":"K\u00f6p al-lad pulver"},"content":{"rendered":"<p>K\u00f6p al-lad-pulver i Storbritannien, Europa, Australien och EU och f\u00e5 det till 2022 till ett billigt pris. Al-lad-pulverf\u00f6rs\u00e4ljning, var man kan k\u00f6pa al-lad-pulver \u00f6ver natten.<\/p>\n<p>Pulverad AL-LAD. Grossist och leverant\u00f6r av 99 procent rena farmaceutiska r\u00e5varor, forskningskemikalier och generiska l\u00e4kemedel, inklusive AL-LAD Powder. F\u00f6rpackningar som \u00e4r b\u00e5de s\u00e4kra och diskreta, samt frakt som har sp\u00e5rats.<\/p>\n<p>En analog till lysergsyradietylamid, k\u00e4nd som AL-LAD, eller 6-allyl-6-nor-LSD, \u00e4r en kemikalie f\u00f6rening (LSD). Ett LSD-liknande psykoaktivt l\u00e4kemedel av lysergamidklassen, administreras f\u00f6r att ge samma psykedeliska effekter.<\/p>\n<p>Information som \u00e4r snabb och smutsig<\/p>\n<p>AL-LAD \u00e4r produktens namn.<br \/> 6-6-nor-6-allyl-6-nor, AL-LAD<br \/> -LSD<br \/> CAS-nummer: 65527-61-9<br \/> C22H27N3O \u00e4r molekylformeln<br \/> The International Union of Pure and Applied Chemistry (6aR,9R)<br \/> -N,N-diethyl-7-prop<br \/> -2-enyl-6,6a,8,9<br \/> -tetrahydro- 4H-indolo[4,3-fg]<br \/> kinolin-9-karboxamid<br \/> Molekylvikten \u00e4r 349,5 g\/mol.<br \/> 99,5 procent fri fr\u00e5n f\u00f6roreningar<br \/> Vit eller benvit kristallint pulver till utseendet<\/p>\n<p>Leverant\u00f6r av AL-LAD Powder<\/p>\n<p>P\u00e5 marknaden f\u00f6r farmaceutiska r\u00e5varor \u00e4r vi v\u00e4lk\u00e4nda f\u00f6r det breda utbudet av produkter vi erbjuder och f\u00f6r att tillhandah\u00e5lla p\u00e5litlig dropp- frakttj\u00e4nster f\u00f6r generiska l\u00e4kemedel av h\u00f6gsta kaliber. AL-LAD Powder Wholesalers m\u00e5l \u00e4r att f\u00f6rse kunderna med h\u00f6gkvalitativa produkter till konkurrenskraftiga priser.<\/p>\n","protected":false},"excerpt":{"rendered":"<div class=\"woocommerce-product-details__short-description\">\n<p>K\u00f6p al-lad-puder till salu i Storbritannien, Europa, AU, EU, best\u00e4ll billigt al-lad-pulver 2022, var kan man k\u00f6pa al-lad av h\u00f6g kvalitet powder Overnight Delivery, al-lad-pulverf\u00f6rs\u00e4ljning.<\/p>\n<p>K\u00f6p AL-LAD Powder Europe fr\u00e5n en p\u00e5litlig leverant\u00f6r av forskningskemikalier. AL-LAD Powder s\u00e4ljs av en grossist som skickar fr\u00e5n EU.<\/p>\n<p>Personer som vill k\u00f6pa AL-LAD Powder kan f\u00e5 det till de b\u00e4sta priserna. Den har h\u00f6gkvalitativa lysergamider och andra f\u00f6reningar. De l\u00e4gsta priserna. Det finns en rabatt. V\u00e4rldsomfattande leverans \u00e4r snabb.<\/p>\n<p>K\u00f6p Al-lad Powder Online. 6-allyl-6-nor-lysergic acid dietylamid, \u00e4ven k\u00e4nd som Aladdin, \u00e4r en halvsyntetisk hallucinogen drog som kan f\u00e5 m\u00e4nniskor att bli galna.<\/p>\n<table class=\"table\" style=\"height: 249px\" width=\"455\">\n<tbody>\n<tr>\n<th><\/th>\n<td><\/td>\n<\/tr>\n<tr>\n<th>Min. orderkvantitet:<\/th>\n<td>20 g<\/td>\n<\/tr>\n<tr>\n<th>F\u00f6rs\u00f6rjningsf\u00f6rm\u00e5ga:<\/th>\n<td>100 kg\/m\u00e5nad<\/td>\n<\/tr>\n<tr>\n<th>Port:<\/th>\n<td> Warszawa, Nederl\u00e4nderna<\/td>\n<\/tr>\n<tr>\n<th>Betalningsvillkor:<\/th>\n<td>Bank\u00f6verf\u00f6ring, Bitcoin, WU\/MG, \u00d6vrigt<\/td>\n<\/tr>\n<tr>\n<th>F\u00f6rpackningsdetaljer:<\/th>\n<td>P\u00e5 kundf\u00f6rfr\u00e5gan<\/td>\n<\/tr>\n<tr>\n<th>Leveransdetaljer:<\/th>\n<td>Expressfrakt, DPD, Pharma Courier EU<\/td>\n<\/tr>\n<\/tbody>\n<\/table><\/div>\n","protected":false},"featured_media":5747,"comment_status":"open","ping_status":"closed","template":"","meta":[],"product_brand":[],"product_cat":[2014],"product_tag":[3758,3759,3760,3761,3764,3763,3780,3765,3770,3771,3772,3773,3782,3768,3767,3775,3777,3766,3769,3776,3778,3779,3774,3757,3762,3791,3785,3786,3787,3788,3790,3789,3784,3792,3781,3783,3793,3795,3796,3794],"class_list":{"0":"post-5735","1":"product","2":"type-product","3":"status-publish","4":"has-post-thumbnail","6":"product_cat-kop-research-chemicals","7":"product_tag-al-lad-supplier","8":"product_tag-al-lad-buy","9":"product_tag-al-lad-dosage","10":"product_tag-al-lad-drog","11":"product_tag-al-lad-upplevelse","12":"product_tag-al-lad-erowid","13":"product_tag-al-lad-sljare","14":"product_tag-al-lad-powder-buy","15":"product_tag-al-lad-powder-for-sale-online","16":"product_tag-al-lad-powder-prices","17":"product_tag-al-lad-powder-review","18":"product_tag-al-lad-powder-reviews","19":"product_tag-bsta-kvalitet-al-lad-pulver","20":"product_tag-al-lad-powder-europe","21":"product_tag-al-lad-pulver-effekt","22":"product_tag-al-lad-pulver-frsljning","23":"product_tag-al-lad-pulver-grossist","24":"product_tag-al-lad-puder-kina","25":"product_tag-al-lad-pulver-till-frsljning","26":"product_tag-al-lad-pulverleverantr","27":"product_tag-al-lad-reddit","28":"product_tag-al-lad-trip-rapport","29":"product_tag-al-lad-pulver-rea","30":"product_tag-al-lad-skerhet","31":"product_tag-all-load-effekter","32":"product_tag-bestlla-al-lad-pulver","33":"product_tag-buy-al-lad-uk","34":"product_tag-buy-al-lad-online","35":"product_tag-buy-al-lad-powder-australia","36":"product_tag-buy-al-lad-powder-europe","37":"product_tag-easychems-recension","38":"product_tag-ltt-chems-recension","39":"product_tag-k-c3-b6p-al-lad-pulver","40":"product_tag-kp-al-lad-pulver","41":"product_tag-redan-lt-laglighet","42":"product_tag-kp-al-lad-kanada","43":"product_tag-prov-al-lad-pulver","44":"product_tag-var-att-kpa-al-lad-pulver","45":"product_tag-var-att-bestlla-al-lad-pulver","46":"product_tag-var-att-kpa-al-lad","48":"first","49":"instock","50":"shipping-taxable","51":"purchasable","52":"product-type-variable","53":"has-default-attributes"},"yoast_head":"<!-- This site is optimized with the Yoast SEO plugin v27.3 - https:\/\/yoast.com\/product\/yoast-seo-wordpress\/ -->\n<title>K\u00f6p al-lad pulver - Al-lad pulver till salu - Best Global Meds<\/title>\n<meta name=\"description\" content=\"K\u00f6p al-lad-pulver till salu i Storbritannien, Europa, AU, EU, best\u00e4ll billigt al-lad-pulver 2022, Var kan man k\u00f6pa h\u00f6gkvalitativt al-lad-pulver Leverans \u00f6ver natten, f\u00f6rs\u00e4ljning av al-lad-pulver.\" \/>\n<meta name=\"robots\" content=\"index, follow, max-snippet:-1, max-image-preview:large, max-video-preview:-1\" \/>\n<link rel=\"canonical\" href=\"https:\/\/medicinasinc.com\/se\/product\/kop-al-lad-pulver\/\" \/>\n<meta property=\"og:locale\" content=\"sv_SE\" \/>\n<meta property=\"og:type\" content=\"article\" \/>\n<meta property=\"og:title\" content=\"K\u00f6p al-lad pulver - Al-lad pulver till salu - Best Global Meds\" \/>\n<meta property=\"og:description\" content=\"K\u00f6p al-lad-pulver till salu i Storbritannien, Europa, AU, EU, best\u00e4ll billigt al-lad-pulver 2022, Var kan man k\u00f6pa h\u00f6gkvalitativt al-lad-pulver Leverans \u00f6ver natten, f\u00f6rs\u00e4ljning av al-lad-pulver.\" \/>\n<meta property=\"og:url\" content=\"https:\/\/medicinasinc.com\/se\/product\/kop-al-lad-pulver\/\" \/>\n<meta property=\"og:site_name\" content=\"Medicinas Inc\" \/>\n<meta property=\"article:modified_time\" content=\"2022-07-03T23:16:01+00:00\" \/>\n<meta property=\"og:image\" content=\"https:\/\/medicinasinc.com\/se\/wp-content\/uploads\/sites\/16\/2022\/02\/Buy-al-lad-powder.jpg\" \/>\n\t<meta property=\"og:image:width\" content=\"931\" \/>\n\t<meta property=\"og:image:height\" content=\"799\" \/>\n\t<meta property=\"og:image:type\" content=\"image\/jpeg\" \/>\n<meta name=\"twitter:card\" content=\"summary_large_image\" \/>\n<meta name=\"twitter:label1\" content=\"Ber\u00e4knad l\u00e4stid\" \/>\n\t<meta name=\"twitter:data1\" content=\"1 minut\" \/>\n<script type=\"application\/ld+json\" class=\"yoast-schema-graph\">{\"@context\":\"https:\\\/\\\/schema.org\",\"@graph\":[{\"@type\":\"WebPage\",\"@id\":\"https:\\\/\\\/medicinasinc.com\\\/se\\\/product\\\/kop-al-lad-pulver\\\/\",\"url\":\"https:\\\/\\\/medicinasinc.com\\\/se\\\/product\\\/kop-al-lad-pulver\\\/\",\"name\":\"K\u00f6p al-lad pulver - Al-lad pulver till salu - Best Global Meds\",\"isPartOf\":{\"@id\":\"https:\\\/\\\/medicinasinc.com\\\/se\\\/#website\"},\"primaryImageOfPage\":{\"@id\":\"https:\\\/\\\/medicinasinc.com\\\/se\\\/product\\\/kop-al-lad-pulver\\\/#primaryimage\"},\"image\":{\"@id\":\"https:\\\/\\\/medicinasinc.com\\\/se\\\/product\\\/kop-al-lad-pulver\\\/#primaryimage\"},\"thumbnailUrl\":\"https:\\\/\\\/medicinasinc.com\\\/se\\\/wp-content\\\/uploads\\\/sites\\\/16\\\/2022\\\/02\\\/Buy-al-lad-powder.jpg\",\"datePublished\":\"2022-02-22T05:09:43+00:00\",\"dateModified\":\"2022-07-03T23:16:01+00:00\",\"description\":\"K\u00f6p al-lad-pulver till salu i Storbritannien, Europa, AU, EU, best\u00e4ll billigt al-lad-pulver 2022, Var kan man k\u00f6pa h\u00f6gkvalitativt al-lad-pulver Leverans \u00f6ver natten, f\u00f6rs\u00e4ljning av al-lad-pulver.\",\"breadcrumb\":{\"@id\":\"https:\\\/\\\/medicinasinc.com\\\/se\\\/product\\\/kop-al-lad-pulver\\\/#breadcrumb\"},\"inLanguage\":\"sv-SE\",\"potentialAction\":[{\"@type\":\"ReadAction\",\"target\":[\"https:\\\/\\\/medicinasinc.com\\\/se\\\/product\\\/kop-al-lad-pulver\\\/\"]}]},{\"@type\":\"ImageObject\",\"inLanguage\":\"sv-SE\",\"@id\":\"https:\\\/\\\/medicinasinc.com\\\/se\\\/product\\\/kop-al-lad-pulver\\\/#primaryimage\",\"url\":\"https:\\\/\\\/medicinasinc.com\\\/se\\\/wp-content\\\/uploads\\\/sites\\\/16\\\/2022\\\/02\\\/Buy-al-lad-powder.jpg\",\"contentUrl\":\"https:\\\/\\\/medicinasinc.com\\\/se\\\/wp-content\\\/uploads\\\/sites\\\/16\\\/2022\\\/02\\\/Buy-al-lad-powder.jpg\",\"width\":931,\"height\":799},{\"@type\":\"BreadcrumbList\",\"@id\":\"https:\\\/\\\/medicinasinc.com\\\/se\\\/product\\\/kop-al-lad-pulver\\\/#breadcrumb\",\"itemListElement\":[{\"@type\":\"ListItem\",\"position\":1,\"name\":\"aff\u00e4r\",\"item\":\"https:\\\/\\\/medicinasinc.com\\\/se\\\/affar\\\/\"},{\"@type\":\"ListItem\",\"position\":2,\"name\":\"K\u00f6p al-lad pulver\"}]},{\"@type\":\"WebSite\",\"@id\":\"https:\\\/\\\/medicinasinc.com\\\/se\\\/#website\",\"url\":\"https:\\\/\\\/medicinasinc.com\\\/se\\\/\",\"name\":\"Medicinas Inc\",\"description\":\"Health Medical Clinic\",\"potentialAction\":[{\"@type\":\"SearchAction\",\"target\":{\"@type\":\"EntryPoint\",\"urlTemplate\":\"https:\\\/\\\/medicinasinc.com\\\/se\\\/?s={search_term_string}\"},\"query-input\":{\"@type\":\"PropertyValueSpecification\",\"valueRequired\":true,\"valueName\":\"search_term_string\"}}],\"inLanguage\":\"sv-SE\"}]}<\/script>\n<!-- \/ Yoast SEO plugin. -->","yoast_head_json":{"title":"K\u00f6p al-lad pulver - Al-lad pulver till salu - Best Global Meds","description":"K\u00f6p al-lad-pulver till salu i Storbritannien, Europa, AU, EU, best\u00e4ll billigt al-lad-pulver 2022, Var kan man k\u00f6pa h\u00f6gkvalitativt al-lad-pulver Leverans \u00f6ver natten, f\u00f6rs\u00e4ljning av al-lad-pulver.","robots":{"index":"index","follow":"follow","max-snippet":"max-snippet:-1","max-image-preview":"max-image-preview:large","max-video-preview":"max-video-preview:-1"},"canonical":"https:\/\/medicinasinc.com\/se\/product\/kop-al-lad-pulver\/","og_locale":"sv_SE","og_type":"article","og_title":"K\u00f6p al-lad pulver - Al-lad pulver till salu - Best Global Meds","og_description":"K\u00f6p al-lad-pulver till salu i Storbritannien, Europa, AU, EU, best\u00e4ll billigt al-lad-pulver 2022, Var kan man k\u00f6pa h\u00f6gkvalitativt al-lad-pulver Leverans \u00f6ver natten, f\u00f6rs\u00e4ljning av al-lad-pulver.","og_url":"https:\/\/medicinasinc.com\/se\/product\/kop-al-lad-pulver\/","og_site_name":"Medicinas Inc","article_modified_time":"2022-07-03T23:16:01+00:00","og_image":[{"width":931,"height":799,"url":"https:\/\/medicinasinc.com\/se\/wp-content\/uploads\/sites\/16\/2022\/02\/Buy-al-lad-powder.jpg","type":"image\/jpeg"}],"twitter_card":"summary_large_image","twitter_misc":{"Ber\u00e4knad l\u00e4stid":"1 minut"},"schema":{"@context":"https:\/\/schema.org","@graph":[{"@type":"WebPage","@id":"https:\/\/medicinasinc.com\/se\/product\/kop-al-lad-pulver\/","url":"https:\/\/medicinasinc.com\/se\/product\/kop-al-lad-pulver\/","name":"K\u00f6p al-lad pulver - Al-lad pulver till salu - Best Global Meds","isPartOf":{"@id":"https:\/\/medicinasinc.com\/se\/#website"},"primaryImageOfPage":{"@id":"https:\/\/medicinasinc.com\/se\/product\/kop-al-lad-pulver\/#primaryimage"},"image":{"@id":"https:\/\/medicinasinc.com\/se\/product\/kop-al-lad-pulver\/#primaryimage"},"thumbnailUrl":"https:\/\/medicinasinc.com\/se\/wp-content\/uploads\/sites\/16\/2022\/02\/Buy-al-lad-powder.jpg","datePublished":"2022-02-22T05:09:43+00:00","dateModified":"2022-07-03T23:16:01+00:00","description":"K\u00f6p al-lad-pulver till salu i Storbritannien, Europa, AU, EU, best\u00e4ll billigt al-lad-pulver 2022, Var kan man k\u00f6pa h\u00f6gkvalitativt al-lad-pulver Leverans \u00f6ver natten, f\u00f6rs\u00e4ljning av al-lad-pulver.","breadcrumb":{"@id":"https:\/\/medicinasinc.com\/se\/product\/kop-al-lad-pulver\/#breadcrumb"},"inLanguage":"sv-SE","potentialAction":[{"@type":"ReadAction","target":["https:\/\/medicinasinc.com\/se\/product\/kop-al-lad-pulver\/"]}]},{"@type":"ImageObject","inLanguage":"sv-SE","@id":"https:\/\/medicinasinc.com\/se\/product\/kop-al-lad-pulver\/#primaryimage","url":"https:\/\/medicinasinc.com\/se\/wp-content\/uploads\/sites\/16\/2022\/02\/Buy-al-lad-powder.jpg","contentUrl":"https:\/\/medicinasinc.com\/se\/wp-content\/uploads\/sites\/16\/2022\/02\/Buy-al-lad-powder.jpg","width":931,"height":799},{"@type":"BreadcrumbList","@id":"https:\/\/medicinasinc.com\/se\/product\/kop-al-lad-pulver\/#breadcrumb","itemListElement":[{"@type":"ListItem","position":1,"name":"aff\u00e4r","item":"https:\/\/medicinasinc.com\/se\/affar\/"},{"@type":"ListItem","position":2,"name":"K\u00f6p al-lad pulver"}]},{"@type":"WebSite","@id":"https:\/\/medicinasinc.com\/se\/#website","url":"https:\/\/medicinasinc.com\/se\/","name":"Medicinas Inc","description":"Health Medical Clinic","potentialAction":[{"@type":"SearchAction","target":{"@type":"EntryPoint","urlTemplate":"https:\/\/medicinasinc.com\/se\/?s={search_term_string}"},"query-input":{"@type":"PropertyValueSpecification","valueRequired":true,"valueName":"search_term_string"}}],"inLanguage":"sv-SE"}]}},"_links":{"self":[{"href":"https:\/\/medicinasinc.com\/se\/wp-json\/wp\/v2\/product\/5735","targetHints":{"allow":["GET"]}}],"collection":[{"href":"https:\/\/medicinasinc.com\/se\/wp-json\/wp\/v2\/product"}],"about":[{"href":"https:\/\/medicinasinc.com\/se\/wp-json\/wp\/v2\/types\/product"}],"replies":[{"embeddable":true,"href":"https:\/\/medicinasinc.com\/se\/wp-json\/wp\/v2\/comments?post=5735"}],"wp:featuredmedia":[{"embeddable":true,"href":"https:\/\/medicinasinc.com\/se\/wp-json\/wp\/v2\/media\/5747"}],"wp:attachment":[{"href":"https:\/\/medicinasinc.com\/se\/wp-json\/wp\/v2\/media?parent=5735"}],"wp:term":[{"taxonomy":"product_brand","embeddable":true,"href":"https:\/\/medicinasinc.com\/se\/wp-json\/wp\/v2\/product_brand?post=5735"},{"taxonomy":"product_cat","embeddable":true,"href":"https:\/\/medicinasinc.com\/se\/wp-json\/wp\/v2\/product_cat?post=5735"},{"taxonomy":"product_tag","embeddable":true,"href":"https:\/\/medicinasinc.com\/se\/wp-json\/wp\/v2\/product_tag?post=5735"}],"curies":[{"name":"wp","href":"https:\/\/api.w.org\/{rel}","templated":true}]}}