{"id":5731,"date":"2022-02-22T05:03:24","date_gmt":"2022-02-22T05:03:24","guid":{"rendered":"https:\/\/medicinasinc.com\/se\/?post_type=product&#038;p=5731"},"modified":"2022-07-03T23:16:10","modified_gmt":"2022-07-03T23:16:10","slug":"kop-sextacy-pulver","status":"publish","type":"product","link":"https:\/\/medicinasinc.com\/se\/product\/kop-sextacy-pulver\/","title":{"rendered":"K\u00f6p Sextacy Powder"},"content":{"rendered":"<p>Se till att du k\u00f6per Sextacy Powder.<\/p>\n<p>Handla Sextacy Powder online i l\u00f6svikt och k\u00f6p det i stora m\u00e4ngder.<\/p>\n<p>Sextacy-pulver \u00e4r en ny och sp\u00e4nnande m\u00e4rkesprodukt som du kan k\u00f6pa.<br \/> Om du vill anv\u00e4nda Sextacy m\u00e5ste du k\u00f6pa den i pulverform. Huvudingrediensen \u00e4r a-PVP.<\/p>\n<p>Styrkan \u00e4r 5\/5. Sextacy Det b\u00e4sta pulvret som \u00e4r lagligt att anv\u00e4nda.<br \/> Det \u00e4r dags att f\u00e5 fart p\u00e5 labbet med denna nya och fantastiska produkt.<\/p>\n<p>Du kan k\u00f6pa rent Sextacy Powder online.<\/p>\n<div class=\"product-next-previous\">\n<div class=\"product-prev\"><\/div><\/div>\n","protected":false},"excerpt":{"rendered":"<p>Pure Quality Sextacy Powder till salu i Europa, Storbritannien och Australien kan k\u00f6pas p\u00e5 internet. Om du vill anv\u00e4nda Sextacy m\u00e5ste du k\u00f6pa den i pulverform. Huvudingrediensen \u00e4r a-PVP.<\/p>\n<p>K\u00f6p Sextacy Legal High Powder p\u00e5 internet. Du kan g\u00f6ra detta<\/p>\n<p>K\u00f6pa mycket p\u00e5 en g\u00e5ng Sextacy \u00e4r en ny och sp\u00e4nnande m\u00e4rkesprodukt som du kan k\u00f6pa. Sextacy \u00e4r en PVP, och det \u00e4r vad det \u00e4r.<\/p>\n<p>Det finns m\u00e5nga webbplatser d\u00e4r du kan k\u00f6pa mycket badsalt f\u00f6r mycket pengar.<\/p>\n<p>Online, du kan k\u00f6pa sextacy badsalt fr\u00e5n Global Medicine. Sextacy badsalt till rea priser kan du ta reda p\u00e5 genom att l\u00e4sa denna text<\/p>\n","protected":false},"featured_media":5742,"comment_status":"open","ping_status":"closed","template":"","meta":[],"product_brand":[],"product_cat":[2014],"product_tag":[3732,3731,3736,3734,3735,3545,3733,3737,3739,3742,3743,3744,3749,3750,3751,3752,3740,3753,3755,3738,3754,3746,3747,3748,3745,3741,3756],"class_list":{"0":"post-5731","1":"product","2":"type-product","3":"status-publish","4":"has-post-thumbnail","6":"product_cat-kop-research-chemicals","7":"product_tag-bsta-sextacy-powder-online","8":"product_tag-best-quality-sextacy-powder","9":"product_tag-order-sextacy-pulver","10":"product_tag-buy-sextacy-powder-europe","11":"product_tag-buy-sextacy-powder-online","12":"product_tag-kp-metoxetamin","13":"product_tag-kp-sextacy-pulver","14":"product_tag-purchase-sextacy-powder","15":"product_tag-sextacy-pulver-effekt","16":"product_tag-sextacy-powder-for-sale-online","17":"product_tag-sextacy-powder-google","18":"product_tag-sextacy-powder-mail","19":"product_tag-sextacy-powder-over-night","20":"product_tag-sextacy-powder-purchase","21":"product_tag-sextacy-powder-reviews","22":"product_tag-sextacy-powder-sale","23":"product_tag-sextacy-powder-europa","24":"product_tag-sextacy-powder-shipping","25":"product_tag-sextacy-pulver-grossist","26":"product_tag-sextacy-powder-kp","27":"product_tag-sextacy-pulver-leverantr","28":"product_tag-sextacy-powder-nra-mig","29":"product_tag-sextacy-powder-online","30":"product_tag-sextacy-powder-ordning","31":"product_tag-sextacy-powder-postorder","32":"product_tag-sextacy-pulver-till-frsljning","33":"product_tag-var-att-kpa-sextacy-pulver","35":"first","36":"instock","37":"shipping-taxable","38":"purchasable","39":"product-type-variable","40":"has-default-attributes"},"yoast_head":"<!-- This site is optimized with the Yoast SEO plugin v27.2 - https:\/\/yoast.com\/product\/yoast-seo-wordpress\/ -->\n<title>K\u00f6p Sextacy Powder - Sextacy Powder f\u00f6rs\u00e4ljning - B\u00e4sta globala medicinerna<\/title>\n<meta name=\"description\" content=\"K\u00f6p Pure Quality Sextacy Powder till salu i Europa, Storbritannien, AU Online. Den aktiva ingrediensen i Sextacy \u00e4r a-PVP och denna produkt kommer endast i pulverform! Best\u00e4ll Sextacy Powder\" \/>\n<meta name=\"robots\" content=\"index, follow, max-snippet:-1, max-image-preview:large, max-video-preview:-1\" \/>\n<link rel=\"canonical\" href=\"https:\/\/medicinasinc.com\/se\/product\/kop-sextacy-pulver\/\" \/>\n<meta property=\"og:locale\" content=\"sv_SE\" \/>\n<meta property=\"og:type\" content=\"article\" \/>\n<meta property=\"og:title\" content=\"K\u00f6p Sextacy Powder - Sextacy Powder f\u00f6rs\u00e4ljning - B\u00e4sta globala medicinerna\" \/>\n<meta property=\"og:description\" content=\"K\u00f6p Pure Quality Sextacy Powder till salu i Europa, Storbritannien, AU Online. Den aktiva ingrediensen i Sextacy \u00e4r a-PVP och denna produkt kommer endast i pulverform! Best\u00e4ll Sextacy Powder\" \/>\n<meta property=\"og:url\" content=\"https:\/\/medicinasinc.com\/se\/product\/kop-sextacy-pulver\/\" \/>\n<meta property=\"og:site_name\" content=\"Medicinas Inc\" \/>\n<meta property=\"article:modified_time\" content=\"2022-07-03T23:16:10+00:00\" \/>\n<meta property=\"og:image\" content=\"https:\/\/medicinasinc.com\/se\/wp-content\/uploads\/sites\/16\/2022\/02\/Buy-Sextacy-Powder.jpg\" \/>\n\t<meta property=\"og:image:width\" content=\"300\" \/>\n\t<meta property=\"og:image:height\" content=\"300\" \/>\n\t<meta property=\"og:image:type\" content=\"image\/jpeg\" \/>\n<meta name=\"twitter:card\" content=\"summary_large_image\" \/>\n<meta name=\"twitter:label1\" content=\"Ber\u00e4knad l\u00e4stid\" \/>\n\t<meta name=\"twitter:data1\" content=\"1 minut\" \/>\n<script type=\"application\/ld+json\" class=\"yoast-schema-graph\">{\"@context\":\"https:\/\/schema.org\",\"@graph\":[{\"@type\":\"WebPage\",\"@id\":\"https:\/\/medicinasinc.com\/se\/product\/kop-sextacy-pulver\/\",\"url\":\"https:\/\/medicinasinc.com\/se\/product\/kop-sextacy-pulver\/\",\"name\":\"K\u00f6p Sextacy Powder - Sextacy Powder f\u00f6rs\u00e4ljning - B\u00e4sta globala medicinerna\",\"isPartOf\":{\"@id\":\"https:\/\/medicinasinc.com\/se\/#website\"},\"primaryImageOfPage\":{\"@id\":\"https:\/\/medicinasinc.com\/se\/product\/kop-sextacy-pulver\/#primaryimage\"},\"image\":{\"@id\":\"https:\/\/medicinasinc.com\/se\/product\/kop-sextacy-pulver\/#primaryimage\"},\"thumbnailUrl\":\"https:\/\/medicinasinc.com\/se\/wp-content\/uploads\/sites\/16\/2022\/02\/Buy-Sextacy-Powder.jpg\",\"datePublished\":\"2022-02-22T05:03:24+00:00\",\"dateModified\":\"2022-07-03T23:16:10+00:00\",\"description\":\"K\u00f6p Pure Quality Sextacy Powder till salu i Europa, Storbritannien, AU Online. Den aktiva ingrediensen i Sextacy \u00e4r a-PVP och denna produkt kommer endast i pulverform! Best\u00e4ll Sextacy Powder\",\"breadcrumb\":{\"@id\":\"https:\/\/medicinasinc.com\/se\/product\/kop-sextacy-pulver\/#breadcrumb\"},\"inLanguage\":\"sv-SE\",\"potentialAction\":[{\"@type\":\"ReadAction\",\"target\":[\"https:\/\/medicinasinc.com\/se\/product\/kop-sextacy-pulver\/\"]}]},{\"@type\":\"ImageObject\",\"inLanguage\":\"sv-SE\",\"@id\":\"https:\/\/medicinasinc.com\/se\/product\/kop-sextacy-pulver\/#primaryimage\",\"url\":\"https:\/\/medicinasinc.com\/se\/wp-content\/uploads\/sites\/16\/2022\/02\/Buy-Sextacy-Powder.jpg\",\"contentUrl\":\"https:\/\/medicinasinc.com\/se\/wp-content\/uploads\/sites\/16\/2022\/02\/Buy-Sextacy-Powder.jpg\",\"width\":300,\"height\":300},{\"@type\":\"BreadcrumbList\",\"@id\":\"https:\/\/medicinasinc.com\/se\/product\/kop-sextacy-pulver\/#breadcrumb\",\"itemListElement\":[{\"@type\":\"ListItem\",\"position\":1,\"name\":\"aff\u00e4r\",\"item\":\"https:\/\/medicinasinc.com\/se\/affar\/\"},{\"@type\":\"ListItem\",\"position\":2,\"name\":\"K\u00f6p Sextacy Powder\"}]},{\"@type\":\"WebSite\",\"@id\":\"https:\/\/medicinasinc.com\/se\/#website\",\"url\":\"https:\/\/medicinasinc.com\/se\/\",\"name\":\"Medicinas Inc\",\"description\":\"Health Medical Clinic\",\"potentialAction\":[{\"@type\":\"SearchAction\",\"target\":{\"@type\":\"EntryPoint\",\"urlTemplate\":\"https:\/\/medicinasinc.com\/se\/?s={search_term_string}\"},\"query-input\":{\"@type\":\"PropertyValueSpecification\",\"valueRequired\":true,\"valueName\":\"search_term_string\"}}],\"inLanguage\":\"sv-SE\"}]}<\/script>\n<!-- \/ Yoast SEO plugin. -->","yoast_head_json":{"title":"K\u00f6p Sextacy Powder - Sextacy Powder f\u00f6rs\u00e4ljning - B\u00e4sta globala medicinerna","description":"K\u00f6p Pure Quality Sextacy Powder till salu i Europa, Storbritannien, AU Online. Den aktiva ingrediensen i Sextacy \u00e4r a-PVP och denna produkt kommer endast i pulverform! Best\u00e4ll Sextacy Powder","robots":{"index":"index","follow":"follow","max-snippet":"max-snippet:-1","max-image-preview":"max-image-preview:large","max-video-preview":"max-video-preview:-1"},"canonical":"https:\/\/medicinasinc.com\/se\/product\/kop-sextacy-pulver\/","og_locale":"sv_SE","og_type":"article","og_title":"K\u00f6p Sextacy Powder - Sextacy Powder f\u00f6rs\u00e4ljning - B\u00e4sta globala medicinerna","og_description":"K\u00f6p Pure Quality Sextacy Powder till salu i Europa, Storbritannien, AU Online. Den aktiva ingrediensen i Sextacy \u00e4r a-PVP och denna produkt kommer endast i pulverform! Best\u00e4ll Sextacy Powder","og_url":"https:\/\/medicinasinc.com\/se\/product\/kop-sextacy-pulver\/","og_site_name":"Medicinas Inc","article_modified_time":"2022-07-03T23:16:10+00:00","og_image":[{"width":300,"height":300,"url":"https:\/\/medicinasinc.com\/se\/wp-content\/uploads\/sites\/16\/2022\/02\/Buy-Sextacy-Powder.jpg","type":"image\/jpeg"}],"twitter_card":"summary_large_image","twitter_misc":{"Ber\u00e4knad l\u00e4stid":"1 minut"},"schema":{"@context":"https:\/\/schema.org","@graph":[{"@type":"WebPage","@id":"https:\/\/medicinasinc.com\/se\/product\/kop-sextacy-pulver\/","url":"https:\/\/medicinasinc.com\/se\/product\/kop-sextacy-pulver\/","name":"K\u00f6p Sextacy Powder - Sextacy Powder f\u00f6rs\u00e4ljning - B\u00e4sta globala medicinerna","isPartOf":{"@id":"https:\/\/medicinasinc.com\/se\/#website"},"primaryImageOfPage":{"@id":"https:\/\/medicinasinc.com\/se\/product\/kop-sextacy-pulver\/#primaryimage"},"image":{"@id":"https:\/\/medicinasinc.com\/se\/product\/kop-sextacy-pulver\/#primaryimage"},"thumbnailUrl":"https:\/\/medicinasinc.com\/se\/wp-content\/uploads\/sites\/16\/2022\/02\/Buy-Sextacy-Powder.jpg","datePublished":"2022-02-22T05:03:24+00:00","dateModified":"2022-07-03T23:16:10+00:00","description":"K\u00f6p Pure Quality Sextacy Powder till salu i Europa, Storbritannien, AU Online. Den aktiva ingrediensen i Sextacy \u00e4r a-PVP och denna produkt kommer endast i pulverform! Best\u00e4ll Sextacy Powder","breadcrumb":{"@id":"https:\/\/medicinasinc.com\/se\/product\/kop-sextacy-pulver\/#breadcrumb"},"inLanguage":"sv-SE","potentialAction":[{"@type":"ReadAction","target":["https:\/\/medicinasinc.com\/se\/product\/kop-sextacy-pulver\/"]}]},{"@type":"ImageObject","inLanguage":"sv-SE","@id":"https:\/\/medicinasinc.com\/se\/product\/kop-sextacy-pulver\/#primaryimage","url":"https:\/\/medicinasinc.com\/se\/wp-content\/uploads\/sites\/16\/2022\/02\/Buy-Sextacy-Powder.jpg","contentUrl":"https:\/\/medicinasinc.com\/se\/wp-content\/uploads\/sites\/16\/2022\/02\/Buy-Sextacy-Powder.jpg","width":300,"height":300},{"@type":"BreadcrumbList","@id":"https:\/\/medicinasinc.com\/se\/product\/kop-sextacy-pulver\/#breadcrumb","itemListElement":[{"@type":"ListItem","position":1,"name":"aff\u00e4r","item":"https:\/\/medicinasinc.com\/se\/affar\/"},{"@type":"ListItem","position":2,"name":"K\u00f6p Sextacy Powder"}]},{"@type":"WebSite","@id":"https:\/\/medicinasinc.com\/se\/#website","url":"https:\/\/medicinasinc.com\/se\/","name":"Medicinas Inc","description":"Health Medical Clinic","potentialAction":[{"@type":"SearchAction","target":{"@type":"EntryPoint","urlTemplate":"https:\/\/medicinasinc.com\/se\/?s={search_term_string}"},"query-input":{"@type":"PropertyValueSpecification","valueRequired":true,"valueName":"search_term_string"}}],"inLanguage":"sv-SE"}]}},"_links":{"self":[{"href":"https:\/\/medicinasinc.com\/se\/wp-json\/wp\/v2\/product\/5731","targetHints":{"allow":["GET"]}}],"collection":[{"href":"https:\/\/medicinasinc.com\/se\/wp-json\/wp\/v2\/product"}],"about":[{"href":"https:\/\/medicinasinc.com\/se\/wp-json\/wp\/v2\/types\/product"}],"replies":[{"embeddable":true,"href":"https:\/\/medicinasinc.com\/se\/wp-json\/wp\/v2\/comments?post=5731"}],"wp:featuredmedia":[{"embeddable":true,"href":"https:\/\/medicinasinc.com\/se\/wp-json\/wp\/v2\/media\/5742"}],"wp:attachment":[{"href":"https:\/\/medicinasinc.com\/se\/wp-json\/wp\/v2\/media?parent=5731"}],"wp:term":[{"taxonomy":"product_brand","embeddable":true,"href":"https:\/\/medicinasinc.com\/se\/wp-json\/wp\/v2\/product_brand?post=5731"},{"taxonomy":"product_cat","embeddable":true,"href":"https:\/\/medicinasinc.com\/se\/wp-json\/wp\/v2\/product_cat?post=5731"},{"taxonomy":"product_tag","embeddable":true,"href":"https:\/\/medicinasinc.com\/se\/wp-json\/wp\/v2\/product_tag?post=5731"}],"curies":[{"name":"wp","href":"https:\/\/api.w.org\/{rel}","templated":true}]}}