{"id":5730,"date":"2022-02-22T05:01:35","date_gmt":"2022-02-22T05:01:35","guid":{"rendered":"https:\/\/medicinasinc.com\/se\/?post_type=product&#038;p=5730"},"modified":"2022-07-03T23:16:21","modified_gmt":"2022-07-03T23:16:21","slug":"kop-rent-mdma-pulver","status":"publish","type":"product","link":"https:\/\/medicinasinc.com\/se\/product\/kop-rent-mdma-pulver\/","title":{"rendered":"K\u00f6p rent mdma-pulver"},"content":{"rendered":"<p>K\u00f6p MDMA i pulverform<\/p>\n<p>MDMA-pulver, MDMA-kristaller och ecstasy<\/p>\n<p>Med dess stimulerande och hallucinogena egenskaper i lika stor utstr\u00e4ckning \u00e4r MDMA-pulverkristaller en av de mest popul\u00e4ra fritidsaktiviteterna \u00e4mnen p\u00e5 marknaden idag.<\/p>\n<p>1,2 Vanligtvis kan<\/p>\n<p>MDMA-pulver k\u00f6pas online.<\/p>\n<p>MDMA-pulver till salu i sin renaste form, online. <\/p>\n<p>Vi s\u00e4ljer endast MDMA (Ecstasy\/Molly)-pulver av h\u00f6gsta kvalitet online p\u00e5.<\/p>\n<p>Rent MDMA-pulver finns att k\u00f6pa online.<\/p>\n<p>Det billigaste st\u00e4llet k\u00f6pa Ecstasy\/Molly Powder<\/p>\n<p>Har MDMA-pulver n\u00e5gra f\u00f6rdelar eller nackdelar j\u00e4mf\u00f6rt med piller?<\/p>\n<p>Krossade MDMA-kristaller eller -pulver \u00e4r ett annat s\u00e4tt att f\u00e5 i sig \u00e4mnet.<\/p>\n<p>Oralt administrerat MDMA (f\u00f6rkortning av 3,4-metylendioximetamfetamin), vars kemiska namn \u00e4r 3,4-metylendioximetamfetamin, har en halveringstid p\u00e5 3 till 6 timmar. En till tv\u00e5 MDMA-tabletter, som var och en inneh\u00e5ller 60 till 120 milligram MDMA, \u00e4r den vanligast rapporterade dosen. 1 N\u00e4r effekterna av den f\u00f6rsta dosen b\u00f6rjar avta \u00e4r det inte ovanligt att anv\u00e4ndare tar en andra dos av l\u00e4kemedlet.<\/p>\n","protected":false},"excerpt":{"rendered":"<p>K\u00f6p Quality Mdma Powder till salu i Storbritannien, Europa, AU i v\u00e5r medicinasinc.com\/se onlinebutik med snabb leverans \u00f6ver hela v\u00e4rlden! Det b\u00e4sta Mdma-pulvret f\u00f6r best\u00e4llning hittar du h\u00e4r!<\/p>\n<ul>\n<li>K\u00f6p rent MDMA-pulver online<\/li>\n<li>Rent MDMA-pulver online<\/li>\n<li>Ecstasy\/Molly Powder till salu <\/li>\n<li>\u00a0k\u00f6p Ecstasy\/Molly Powder online<\/li>\n<\/ul>\n","protected":false},"featured_media":5740,"comment_status":"open","ping_status":"closed","template":"","meta":[],"product_brand":[],"product_cat":[2014],"product_tag":[3702,3701,3724,3723,3647,3703,3727,3708,3726,3704,3705,3725,3706,3707,3709,3713,3714,3715,3716,3720,3721,3722,3711,3609,3718,3719,3662,3712,3659,3717,3710,3729,3728,3730],"class_list":{"0":"post-5730","1":"product","2":"type-product","3":"status-publish","4":"has-post-thumbnail","6":"product_cat-kop-research-chemicals","7":"product_tag-bsta-kvalitet-mdma-pulver","8":"product_tag-bsta-mdma-pulver","9":"product_tag-bestll-mdma-pulver-kristall-online","10":"product_tag-order-mdma-pulver","11":"product_tag-buy-mdma-powder","12":"product_tag-buy-mdma-powder-crystal-online","13":"product_tag-det-bsta-stllet-att-kpa-mdma-powder-crystal-online","14":"product_tag-hur-man-kper-mdma-pulver-kristall-online","15":"product_tag-kp-mdma-pulver-kristall-online","16":"product_tag-kp-mdma-pulver-eu","17":"product_tag-kp-mdma-pulver-europa","18":"product_tag-kp-mdma-pulver","19":"product_tag-kp-mdma-pulver-nra-mig","20":"product_tag-kp-mdma-pulver-online","21":"product_tag-mdma-pulver-kristall-till-salu","22":"product_tag-mdma-powder-google","23":"product_tag-mdma-powder-mail-order","24":"product_tag-mdma-powder-near-me","25":"product_tag-mdma-powder-online","26":"product_tag-mdma-powder-review","27":"product_tag-mdma-powder-reviews","28":"product_tag-mdma-powder-shipping","29":"product_tag-mdma-pulver-europa","30":"product_tag-mdma-pulver-kp","31":"product_tag-mdma-pulver-pris","32":"product_tag-mdma-powder-reddit","33":"product_tag-mdma-pulver-till-frsljning","34":"product_tag-mdma-pulver-till-frsljning-online","35":"product_tag-mdma-pulver","36":"product_tag-mdma-pulver-c3-b6ver-natt","37":"product_tag-mdma-pulver-effekt","38":"product_tag-var-att-kpa-mdma-pulver-kristall-online","39":"product_tag-var-att-kpa-mdma-pulver","40":"product_tag-var-att-bestlla-mdma-pulver","42":"first","43":"instock","44":"shipping-taxable","45":"purchasable","46":"product-type-variable","47":"has-default-attributes"},"yoast_head":"<!-- This site is optimized with the Yoast SEO plugin v27.2 - https:\/\/yoast.com\/product\/yoast-seo-wordpress\/ -->\n<title>K\u00f6p rent mdma-pulver - mdma-pulver till salu - Best Global Meds<\/title>\n<meta name=\"description\" content=\"K\u00f6p Quality Mdma Powder till salu i Storbritannien, Europa, AU i v\u00e5r medicinasinc.com\/se onlinebutik med snabb leverans \u00f6ver hela v\u00e4rlden! Det b\u00e4sta Mdma-pulvret f\u00f6r best\u00e4llning hittar du h\u00e4r!\" \/>\n<meta name=\"robots\" content=\"index, follow, max-snippet:-1, max-image-preview:large, max-video-preview:-1\" \/>\n<link rel=\"canonical\" href=\"https:\/\/medicinasinc.com\/se\/product\/kop-rent-mdma-pulver\/\" \/>\n<meta property=\"og:locale\" content=\"sv_SE\" \/>\n<meta property=\"og:type\" content=\"article\" \/>\n<meta property=\"og:title\" content=\"K\u00f6p rent mdma-pulver - mdma-pulver till salu - Best Global Meds\" \/>\n<meta property=\"og:description\" content=\"K\u00f6p Quality Mdma Powder till salu i Storbritannien, Europa, AU i v\u00e5r medicinasinc.com\/se onlinebutik med snabb leverans \u00f6ver hela v\u00e4rlden! Det b\u00e4sta Mdma-pulvret f\u00f6r best\u00e4llning hittar du h\u00e4r!\" \/>\n<meta property=\"og:url\" content=\"https:\/\/medicinasinc.com\/se\/product\/kop-rent-mdma-pulver\/\" \/>\n<meta property=\"og:site_name\" content=\"Medicinas Inc\" \/>\n<meta property=\"article:modified_time\" content=\"2022-07-03T23:16:21+00:00\" \/>\n<meta property=\"og:image\" content=\"https:\/\/medicinasinc.com\/se\/wp-content\/uploads\/sites\/16\/2022\/02\/Buy-pure-mdma-powder.jpg\" \/>\n\t<meta property=\"og:image:width\" content=\"1500\" \/>\n\t<meta property=\"og:image:height\" content=\"1496\" \/>\n\t<meta property=\"og:image:type\" content=\"image\/jpeg\" \/>\n<meta name=\"twitter:card\" content=\"summary_large_image\" \/>\n<meta name=\"twitter:label1\" content=\"Ber\u00e4knad l\u00e4stid\" \/>\n\t<meta name=\"twitter:data1\" content=\"1 minut\" \/>\n<script type=\"application\/ld+json\" class=\"yoast-schema-graph\">{\"@context\":\"https:\/\/schema.org\",\"@graph\":[{\"@type\":\"WebPage\",\"@id\":\"https:\/\/medicinasinc.com\/se\/product\/kop-rent-mdma-pulver\/\",\"url\":\"https:\/\/medicinasinc.com\/se\/product\/kop-rent-mdma-pulver\/\",\"name\":\"K\u00f6p rent mdma-pulver - mdma-pulver till salu - Best Global Meds\",\"isPartOf\":{\"@id\":\"https:\/\/medicinasinc.com\/se\/#website\"},\"primaryImageOfPage\":{\"@id\":\"https:\/\/medicinasinc.com\/se\/product\/kop-rent-mdma-pulver\/#primaryimage\"},\"image\":{\"@id\":\"https:\/\/medicinasinc.com\/se\/product\/kop-rent-mdma-pulver\/#primaryimage\"},\"thumbnailUrl\":\"https:\/\/medicinasinc.com\/se\/wp-content\/uploads\/sites\/16\/2022\/02\/Buy-pure-mdma-powder.jpg\",\"datePublished\":\"2022-02-22T05:01:35+00:00\",\"dateModified\":\"2022-07-03T23:16:21+00:00\",\"description\":\"K\u00f6p Quality Mdma Powder till salu i Storbritannien, Europa, AU i v\u00e5r medicinasinc.com\/se onlinebutik med snabb leverans \u00f6ver hela v\u00e4rlden! Det b\u00e4sta Mdma-pulvret f\u00f6r best\u00e4llning hittar du h\u00e4r!\",\"breadcrumb\":{\"@id\":\"https:\/\/medicinasinc.com\/se\/product\/kop-rent-mdma-pulver\/#breadcrumb\"},\"inLanguage\":\"sv-SE\",\"potentialAction\":[{\"@type\":\"ReadAction\",\"target\":[\"https:\/\/medicinasinc.com\/se\/product\/kop-rent-mdma-pulver\/\"]}]},{\"@type\":\"ImageObject\",\"inLanguage\":\"sv-SE\",\"@id\":\"https:\/\/medicinasinc.com\/se\/product\/kop-rent-mdma-pulver\/#primaryimage\",\"url\":\"https:\/\/medicinasinc.com\/se\/wp-content\/uploads\/sites\/16\/2022\/02\/Buy-pure-mdma-powder.jpg\",\"contentUrl\":\"https:\/\/medicinasinc.com\/se\/wp-content\/uploads\/sites\/16\/2022\/02\/Buy-pure-mdma-powder.jpg\",\"width\":1500,\"height\":1496},{\"@type\":\"BreadcrumbList\",\"@id\":\"https:\/\/medicinasinc.com\/se\/product\/kop-rent-mdma-pulver\/#breadcrumb\",\"itemListElement\":[{\"@type\":\"ListItem\",\"position\":1,\"name\":\"aff\u00e4r\",\"item\":\"https:\/\/medicinasinc.com\/se\/affar\/\"},{\"@type\":\"ListItem\",\"position\":2,\"name\":\"K\u00f6p rent mdma-pulver\"}]},{\"@type\":\"WebSite\",\"@id\":\"https:\/\/medicinasinc.com\/se\/#website\",\"url\":\"https:\/\/medicinasinc.com\/se\/\",\"name\":\"Medicinas Inc\",\"description\":\"Health Medical Clinic\",\"potentialAction\":[{\"@type\":\"SearchAction\",\"target\":{\"@type\":\"EntryPoint\",\"urlTemplate\":\"https:\/\/medicinasinc.com\/se\/?s={search_term_string}\"},\"query-input\":{\"@type\":\"PropertyValueSpecification\",\"valueRequired\":true,\"valueName\":\"search_term_string\"}}],\"inLanguage\":\"sv-SE\"}]}<\/script>\n<!-- \/ Yoast SEO plugin. -->","yoast_head_json":{"title":"K\u00f6p rent mdma-pulver - mdma-pulver till salu - Best Global Meds","description":"K\u00f6p Quality Mdma Powder till salu i Storbritannien, Europa, AU i v\u00e5r medicinasinc.com\/se onlinebutik med snabb leverans \u00f6ver hela v\u00e4rlden! Det b\u00e4sta Mdma-pulvret f\u00f6r best\u00e4llning hittar du h\u00e4r!","robots":{"index":"index","follow":"follow","max-snippet":"max-snippet:-1","max-image-preview":"max-image-preview:large","max-video-preview":"max-video-preview:-1"},"canonical":"https:\/\/medicinasinc.com\/se\/product\/kop-rent-mdma-pulver\/","og_locale":"sv_SE","og_type":"article","og_title":"K\u00f6p rent mdma-pulver - mdma-pulver till salu - Best Global Meds","og_description":"K\u00f6p Quality Mdma Powder till salu i Storbritannien, Europa, AU i v\u00e5r medicinasinc.com\/se onlinebutik med snabb leverans \u00f6ver hela v\u00e4rlden! Det b\u00e4sta Mdma-pulvret f\u00f6r best\u00e4llning hittar du h\u00e4r!","og_url":"https:\/\/medicinasinc.com\/se\/product\/kop-rent-mdma-pulver\/","og_site_name":"Medicinas Inc","article_modified_time":"2022-07-03T23:16:21+00:00","og_image":[{"width":1500,"height":1496,"url":"https:\/\/medicinasinc.com\/se\/wp-content\/uploads\/sites\/16\/2022\/02\/Buy-pure-mdma-powder.jpg","type":"image\/jpeg"}],"twitter_card":"summary_large_image","twitter_misc":{"Ber\u00e4knad l\u00e4stid":"1 minut"},"schema":{"@context":"https:\/\/schema.org","@graph":[{"@type":"WebPage","@id":"https:\/\/medicinasinc.com\/se\/product\/kop-rent-mdma-pulver\/","url":"https:\/\/medicinasinc.com\/se\/product\/kop-rent-mdma-pulver\/","name":"K\u00f6p rent mdma-pulver - mdma-pulver till salu - Best Global Meds","isPartOf":{"@id":"https:\/\/medicinasinc.com\/se\/#website"},"primaryImageOfPage":{"@id":"https:\/\/medicinasinc.com\/se\/product\/kop-rent-mdma-pulver\/#primaryimage"},"image":{"@id":"https:\/\/medicinasinc.com\/se\/product\/kop-rent-mdma-pulver\/#primaryimage"},"thumbnailUrl":"https:\/\/medicinasinc.com\/se\/wp-content\/uploads\/sites\/16\/2022\/02\/Buy-pure-mdma-powder.jpg","datePublished":"2022-02-22T05:01:35+00:00","dateModified":"2022-07-03T23:16:21+00:00","description":"K\u00f6p Quality Mdma Powder till salu i Storbritannien, Europa, AU i v\u00e5r medicinasinc.com\/se onlinebutik med snabb leverans \u00f6ver hela v\u00e4rlden! Det b\u00e4sta Mdma-pulvret f\u00f6r best\u00e4llning hittar du h\u00e4r!","breadcrumb":{"@id":"https:\/\/medicinasinc.com\/se\/product\/kop-rent-mdma-pulver\/#breadcrumb"},"inLanguage":"sv-SE","potentialAction":[{"@type":"ReadAction","target":["https:\/\/medicinasinc.com\/se\/product\/kop-rent-mdma-pulver\/"]}]},{"@type":"ImageObject","inLanguage":"sv-SE","@id":"https:\/\/medicinasinc.com\/se\/product\/kop-rent-mdma-pulver\/#primaryimage","url":"https:\/\/medicinasinc.com\/se\/wp-content\/uploads\/sites\/16\/2022\/02\/Buy-pure-mdma-powder.jpg","contentUrl":"https:\/\/medicinasinc.com\/se\/wp-content\/uploads\/sites\/16\/2022\/02\/Buy-pure-mdma-powder.jpg","width":1500,"height":1496},{"@type":"BreadcrumbList","@id":"https:\/\/medicinasinc.com\/se\/product\/kop-rent-mdma-pulver\/#breadcrumb","itemListElement":[{"@type":"ListItem","position":1,"name":"aff\u00e4r","item":"https:\/\/medicinasinc.com\/se\/affar\/"},{"@type":"ListItem","position":2,"name":"K\u00f6p rent mdma-pulver"}]},{"@type":"WebSite","@id":"https:\/\/medicinasinc.com\/se\/#website","url":"https:\/\/medicinasinc.com\/se\/","name":"Medicinas Inc","description":"Health Medical Clinic","potentialAction":[{"@type":"SearchAction","target":{"@type":"EntryPoint","urlTemplate":"https:\/\/medicinasinc.com\/se\/?s={search_term_string}"},"query-input":{"@type":"PropertyValueSpecification","valueRequired":true,"valueName":"search_term_string"}}],"inLanguage":"sv-SE"}]}},"_links":{"self":[{"href":"https:\/\/medicinasinc.com\/se\/wp-json\/wp\/v2\/product\/5730","targetHints":{"allow":["GET"]}}],"collection":[{"href":"https:\/\/medicinasinc.com\/se\/wp-json\/wp\/v2\/product"}],"about":[{"href":"https:\/\/medicinasinc.com\/se\/wp-json\/wp\/v2\/types\/product"}],"replies":[{"embeddable":true,"href":"https:\/\/medicinasinc.com\/se\/wp-json\/wp\/v2\/comments?post=5730"}],"wp:featuredmedia":[{"embeddable":true,"href":"https:\/\/medicinasinc.com\/se\/wp-json\/wp\/v2\/media\/5740"}],"wp:attachment":[{"href":"https:\/\/medicinasinc.com\/se\/wp-json\/wp\/v2\/media?parent=5730"}],"wp:term":[{"taxonomy":"product_brand","embeddable":true,"href":"https:\/\/medicinasinc.com\/se\/wp-json\/wp\/v2\/product_brand?post=5730"},{"taxonomy":"product_cat","embeddable":true,"href":"https:\/\/medicinasinc.com\/se\/wp-json\/wp\/v2\/product_cat?post=5730"},{"taxonomy":"product_tag","embeddable":true,"href":"https:\/\/medicinasinc.com\/se\/wp-json\/wp\/v2\/product_tag?post=5730"}],"curies":[{"name":"wp","href":"https:\/\/api.w.org\/{rel}","templated":true}]}}