{"id":5729,"date":"2022-02-22T04:59:37","date_gmt":"2022-02-22T04:59:37","guid":{"rendered":"https:\/\/medicinasinc.com\/se\/?post_type=product&#038;p=5729"},"modified":"2022-07-03T23:16:31","modified_gmt":"2022-07-03T23:16:31","slug":"kopa-hydrokodon-pulver","status":"publish","type":"product","link":"https:\/\/medicinasinc.com\/se\/product\/kopa-hydrokodon-pulver\/","title":{"rendered":"K\u00f6p Hydrocodone Powder"},"content":{"rendered":"<p>F\u00f6r att k\u00f6pa Hydrocodone Powder online, klicka h\u00e4r.<br \/> Online kan du k\u00f6pa Hydrocodone Powder i l\u00f6svikt till ett bra pris till grossistpriser. Hydrocodone, som s\u00e4ljs under varum\u00e4rket Hysingla och andra namn, \u00e4r en opioid som kan anv\u00e4ndas f\u00f6r att behandla sm\u00e4rta som varar l\u00e4nge om andra behandlingar inte fungerar. Som hostd\u00e4mpande medel anv\u00e4nds det \u00e4ven av personer \u00f6ver 18 \u00e5r. Folk \u00e4ter det. Paracetamol och hydrokodon s\u00e4ljs vanligtvis tillsammans. Ibuprofen och hydrokodon brukar ocks\u00e5 s\u00e4ljas tillsammans. Det finns i sig sj\u00e4lvt i en l\u00e5ngverkande form som du kan k\u00f6pa.<\/p>\n<p>Det finns tv\u00e5 typer av hydrokodonsalt eller pulver:<\/p>\n<p>Hydrokodon \u00e4r en halvsyntetisk opioid som kommer fr\u00e5n kodeinv\u00e4xten. Hydrokodon kan tas genom munnen f\u00f6r att lindra sm\u00e4rta och sluta hosta, ofta med paracetamol eller ibuprofen. Det finns m\u00e5nga recept p\u00e5 hydrokodon i USA.<\/p>\n","protected":false},"excerpt":{"rendered":"<p>Hydrocodone Powder till salu i Europa, Storbritannien och Australien. Kodein anv\u00e4nds f\u00f6r att g\u00f6ra hydrokodonpulver, en halvsyntetisk opioid. Billigaste priserna p\u00e5 Hydrocodone Powder.<\/p>\n<p>K\u00f6p Hydrocodone Powder Online fr\u00e5n en p\u00e5litlig k\u00e4lla.<\/p>\n<p>Det \u00e4r en halvsyntetisk opioid som h\u00e4rr\u00f6r fr\u00e5n kodein. Hydrokodonpulver<\/p>\n","protected":false},"featured_media":5738,"comment_status":"open","ping_status":"closed","template":"","meta":[],"product_brand":[],"product_cat":[2014],"product_tag":[3695,3671,3672,3675,3685,3676,3680,3681,3682,3683,3684,3686,3678,3679,3688,3689,3677,3687,3674,3673,3670,3692,3693,3690,3691,3694,3696,3697,3699,3698,3700],"class_list":{"0":"post-5729","1":"product","2":"type-product","3":"status-publish","4":"has-post-thumbnail","6":"product_cat-kop-research-chemicals","7":"product_tag-blandning-kratom-och-hydrokodon","8":"product_tag-buy-hydrocodone-online-usa","9":"product_tag-buy-hydrocodone-online-without-rx","10":"product_tag-does-hydrocodone-cause-constipation","11":"product_tag-hydrokodon-pulver-recension","12":"product_tag-hydrocodone-hcl","13":"product_tag-hydrocodone-powder-for-compounding","14":"product_tag-hydrocodone-powder-for-sale","15":"product_tag-hydrocodone-powder-order","16":"product_tag-hydrocodone-powder-price","17":"product_tag-hydrokodon-pulver-reddit","18":"product_tag-hydrokodon-pulver-frsljning","19":"product_tag-hydrokodon-pulver-kp","20":"product_tag-hydrokodon-pulver-effekt","21":"product_tag-hydrokodon-vs-kratom","22":"product_tag-hydrokodon-vs-vicodin","23":"product_tag-hydrokodon-pulver","24":"product_tag-hydrokodon-pulver-anvndningar","25":"product_tag-kan-hydrokodon-ddar-dig","26":"product_tag-kpa-hydrokodon-pulver","27":"product_tag-kpa-hydrokodon-acetaminofen","28":"product_tag-kratom-bali-compared-to-hydrocodone","29":"product_tag-kratom-compared-to-norco","30":"product_tag-kratom-och-hydrokodon","31":"product_tag-kratom-och-hydrokodon-kombination","32":"product_tag-kratom-vs-hydrokodon-styrka","33":"product_tag-pure-hydrocodone-powder-for-sale","34":"product_tag-r-hydrokodon-pulver","35":"product_tag-vad-bestr-hydrokodon-av","36":"product_tag-vad-hnder-nr-du-snor-hydrokodon","37":"product_tag-var-man-kan-kpa-hydrokodon-piller","39":"first","40":"instock","41":"shipping-taxable","42":"purchasable","43":"product-type-variable","44":"has-default-attributes"},"yoast_head":"<!-- This site is optimized with the Yoast SEO plugin v27.3 - https:\/\/yoast.com\/product\/yoast-seo-wordpress\/ -->\n<title>K\u00f6p Hydrocodone Powder - Hydrocodone Powder- Best Global Meds<\/title>\n<meta name=\"description\" content=\"K\u00f6p kvalitetshydrokodonpulver till salu i Europa, Storbritannien, AU Online. Hydrokodonpulver \u00e4r en halvsyntetisk opioid som h\u00e4rr\u00f6r fr\u00e5n kodein. Best\u00e4ll Hydrocodone Powder till b\u00e4sta priser\" \/>\n<meta name=\"robots\" content=\"index, follow, max-snippet:-1, max-image-preview:large, max-video-preview:-1\" \/>\n<link rel=\"canonical\" href=\"https:\/\/medicinasinc.com\/se\/product\/kopa-hydrokodon-pulver\/\" \/>\n<meta property=\"og:locale\" content=\"sv_SE\" \/>\n<meta property=\"og:type\" content=\"article\" \/>\n<meta property=\"og:title\" content=\"K\u00f6p Hydrocodone Powder - Hydrocodone Powder- Best Global Meds\" \/>\n<meta property=\"og:description\" content=\"K\u00f6p kvalitetshydrokodonpulver till salu i Europa, Storbritannien, AU Online. Hydrokodonpulver \u00e4r en halvsyntetisk opioid som h\u00e4rr\u00f6r fr\u00e5n kodein. Best\u00e4ll Hydrocodone Powder till b\u00e4sta priser\" \/>\n<meta property=\"og:url\" content=\"https:\/\/medicinasinc.com\/se\/product\/kopa-hydrokodon-pulver\/\" \/>\n<meta property=\"og:site_name\" content=\"Medicinas Inc\" \/>\n<meta property=\"article:modified_time\" content=\"2022-07-03T23:16:31+00:00\" \/>\n<meta property=\"og:image\" content=\"https:\/\/medicinasinc.com\/se\/wp-content\/uploads\/sites\/16\/2022\/02\/Buy-Hydrocodone-Powder.jpg\" \/>\n\t<meta property=\"og:image:width\" content=\"650\" \/>\n\t<meta property=\"og:image:height\" content=\"390\" \/>\n\t<meta property=\"og:image:type\" content=\"image\/jpeg\" \/>\n<meta name=\"twitter:card\" content=\"summary_large_image\" \/>\n<meta name=\"twitter:label1\" content=\"Ber\u00e4knad l\u00e4stid\" \/>\n\t<meta name=\"twitter:data1\" content=\"1 minut\" \/>\n<script type=\"application\/ld+json\" class=\"yoast-schema-graph\">{\"@context\":\"https:\\\/\\\/schema.org\",\"@graph\":[{\"@type\":\"WebPage\",\"@id\":\"https:\\\/\\\/medicinasinc.com\\\/se\\\/product\\\/kopa-hydrokodon-pulver\\\/\",\"url\":\"https:\\\/\\\/medicinasinc.com\\\/se\\\/product\\\/kopa-hydrokodon-pulver\\\/\",\"name\":\"K\u00f6p Hydrocodone Powder - Hydrocodone Powder- Best Global Meds\",\"isPartOf\":{\"@id\":\"https:\\\/\\\/medicinasinc.com\\\/se\\\/#website\"},\"primaryImageOfPage\":{\"@id\":\"https:\\\/\\\/medicinasinc.com\\\/se\\\/product\\\/kopa-hydrokodon-pulver\\\/#primaryimage\"},\"image\":{\"@id\":\"https:\\\/\\\/medicinasinc.com\\\/se\\\/product\\\/kopa-hydrokodon-pulver\\\/#primaryimage\"},\"thumbnailUrl\":\"https:\\\/\\\/medicinasinc.com\\\/se\\\/wp-content\\\/uploads\\\/sites\\\/16\\\/2022\\\/02\\\/Buy-Hydrocodone-Powder.jpg\",\"datePublished\":\"2022-02-22T04:59:37+00:00\",\"dateModified\":\"2022-07-03T23:16:31+00:00\",\"description\":\"K\u00f6p kvalitetshydrokodonpulver till salu i Europa, Storbritannien, AU Online. Hydrokodonpulver \u00e4r en halvsyntetisk opioid som h\u00e4rr\u00f6r fr\u00e5n kodein. Best\u00e4ll Hydrocodone Powder till b\u00e4sta priser\",\"breadcrumb\":{\"@id\":\"https:\\\/\\\/medicinasinc.com\\\/se\\\/product\\\/kopa-hydrokodon-pulver\\\/#breadcrumb\"},\"inLanguage\":\"sv-SE\",\"potentialAction\":[{\"@type\":\"ReadAction\",\"target\":[\"https:\\\/\\\/medicinasinc.com\\\/se\\\/product\\\/kopa-hydrokodon-pulver\\\/\"]}]},{\"@type\":\"ImageObject\",\"inLanguage\":\"sv-SE\",\"@id\":\"https:\\\/\\\/medicinasinc.com\\\/se\\\/product\\\/kopa-hydrokodon-pulver\\\/#primaryimage\",\"url\":\"https:\\\/\\\/medicinasinc.com\\\/se\\\/wp-content\\\/uploads\\\/sites\\\/16\\\/2022\\\/02\\\/Buy-Hydrocodone-Powder.jpg\",\"contentUrl\":\"https:\\\/\\\/medicinasinc.com\\\/se\\\/wp-content\\\/uploads\\\/sites\\\/16\\\/2022\\\/02\\\/Buy-Hydrocodone-Powder.jpg\",\"width\":650,\"height\":390},{\"@type\":\"BreadcrumbList\",\"@id\":\"https:\\\/\\\/medicinasinc.com\\\/se\\\/product\\\/kopa-hydrokodon-pulver\\\/#breadcrumb\",\"itemListElement\":[{\"@type\":\"ListItem\",\"position\":1,\"name\":\"aff\u00e4r\",\"item\":\"https:\\\/\\\/medicinasinc.com\\\/se\\\/affar\\\/\"},{\"@type\":\"ListItem\",\"position\":2,\"name\":\"K\u00f6p Hydrocodone Powder\"}]},{\"@type\":\"WebSite\",\"@id\":\"https:\\\/\\\/medicinasinc.com\\\/se\\\/#website\",\"url\":\"https:\\\/\\\/medicinasinc.com\\\/se\\\/\",\"name\":\"Medicinas Inc\",\"description\":\"Health Medical Clinic\",\"potentialAction\":[{\"@type\":\"SearchAction\",\"target\":{\"@type\":\"EntryPoint\",\"urlTemplate\":\"https:\\\/\\\/medicinasinc.com\\\/se\\\/?s={search_term_string}\"},\"query-input\":{\"@type\":\"PropertyValueSpecification\",\"valueRequired\":true,\"valueName\":\"search_term_string\"}}],\"inLanguage\":\"sv-SE\"}]}<\/script>\n<!-- \/ Yoast SEO plugin. -->","yoast_head_json":{"title":"K\u00f6p Hydrocodone Powder - Hydrocodone Powder- Best Global Meds","description":"K\u00f6p kvalitetshydrokodonpulver till salu i Europa, Storbritannien, AU Online. Hydrokodonpulver \u00e4r en halvsyntetisk opioid som h\u00e4rr\u00f6r fr\u00e5n kodein. Best\u00e4ll Hydrocodone Powder till b\u00e4sta priser","robots":{"index":"index","follow":"follow","max-snippet":"max-snippet:-1","max-image-preview":"max-image-preview:large","max-video-preview":"max-video-preview:-1"},"canonical":"https:\/\/medicinasinc.com\/se\/product\/kopa-hydrokodon-pulver\/","og_locale":"sv_SE","og_type":"article","og_title":"K\u00f6p Hydrocodone Powder - Hydrocodone Powder- Best Global Meds","og_description":"K\u00f6p kvalitetshydrokodonpulver till salu i Europa, Storbritannien, AU Online. Hydrokodonpulver \u00e4r en halvsyntetisk opioid som h\u00e4rr\u00f6r fr\u00e5n kodein. Best\u00e4ll Hydrocodone Powder till b\u00e4sta priser","og_url":"https:\/\/medicinasinc.com\/se\/product\/kopa-hydrokodon-pulver\/","og_site_name":"Medicinas Inc","article_modified_time":"2022-07-03T23:16:31+00:00","og_image":[{"width":650,"height":390,"url":"https:\/\/medicinasinc.com\/se\/wp-content\/uploads\/sites\/16\/2022\/02\/Buy-Hydrocodone-Powder.jpg","type":"image\/jpeg"}],"twitter_card":"summary_large_image","twitter_misc":{"Ber\u00e4knad l\u00e4stid":"1 minut"},"schema":{"@context":"https:\/\/schema.org","@graph":[{"@type":"WebPage","@id":"https:\/\/medicinasinc.com\/se\/product\/kopa-hydrokodon-pulver\/","url":"https:\/\/medicinasinc.com\/se\/product\/kopa-hydrokodon-pulver\/","name":"K\u00f6p Hydrocodone Powder - Hydrocodone Powder- Best Global Meds","isPartOf":{"@id":"https:\/\/medicinasinc.com\/se\/#website"},"primaryImageOfPage":{"@id":"https:\/\/medicinasinc.com\/se\/product\/kopa-hydrokodon-pulver\/#primaryimage"},"image":{"@id":"https:\/\/medicinasinc.com\/se\/product\/kopa-hydrokodon-pulver\/#primaryimage"},"thumbnailUrl":"https:\/\/medicinasinc.com\/se\/wp-content\/uploads\/sites\/16\/2022\/02\/Buy-Hydrocodone-Powder.jpg","datePublished":"2022-02-22T04:59:37+00:00","dateModified":"2022-07-03T23:16:31+00:00","description":"K\u00f6p kvalitetshydrokodonpulver till salu i Europa, Storbritannien, AU Online. Hydrokodonpulver \u00e4r en halvsyntetisk opioid som h\u00e4rr\u00f6r fr\u00e5n kodein. Best\u00e4ll Hydrocodone Powder till b\u00e4sta priser","breadcrumb":{"@id":"https:\/\/medicinasinc.com\/se\/product\/kopa-hydrokodon-pulver\/#breadcrumb"},"inLanguage":"sv-SE","potentialAction":[{"@type":"ReadAction","target":["https:\/\/medicinasinc.com\/se\/product\/kopa-hydrokodon-pulver\/"]}]},{"@type":"ImageObject","inLanguage":"sv-SE","@id":"https:\/\/medicinasinc.com\/se\/product\/kopa-hydrokodon-pulver\/#primaryimage","url":"https:\/\/medicinasinc.com\/se\/wp-content\/uploads\/sites\/16\/2022\/02\/Buy-Hydrocodone-Powder.jpg","contentUrl":"https:\/\/medicinasinc.com\/se\/wp-content\/uploads\/sites\/16\/2022\/02\/Buy-Hydrocodone-Powder.jpg","width":650,"height":390},{"@type":"BreadcrumbList","@id":"https:\/\/medicinasinc.com\/se\/product\/kopa-hydrokodon-pulver\/#breadcrumb","itemListElement":[{"@type":"ListItem","position":1,"name":"aff\u00e4r","item":"https:\/\/medicinasinc.com\/se\/affar\/"},{"@type":"ListItem","position":2,"name":"K\u00f6p Hydrocodone Powder"}]},{"@type":"WebSite","@id":"https:\/\/medicinasinc.com\/se\/#website","url":"https:\/\/medicinasinc.com\/se\/","name":"Medicinas Inc","description":"Health Medical Clinic","potentialAction":[{"@type":"SearchAction","target":{"@type":"EntryPoint","urlTemplate":"https:\/\/medicinasinc.com\/se\/?s={search_term_string}"},"query-input":{"@type":"PropertyValueSpecification","valueRequired":true,"valueName":"search_term_string"}}],"inLanguage":"sv-SE"}]}},"_links":{"self":[{"href":"https:\/\/medicinasinc.com\/se\/wp-json\/wp\/v2\/product\/5729","targetHints":{"allow":["GET"]}}],"collection":[{"href":"https:\/\/medicinasinc.com\/se\/wp-json\/wp\/v2\/product"}],"about":[{"href":"https:\/\/medicinasinc.com\/se\/wp-json\/wp\/v2\/types\/product"}],"replies":[{"embeddable":true,"href":"https:\/\/medicinasinc.com\/se\/wp-json\/wp\/v2\/comments?post=5729"}],"wp:featuredmedia":[{"embeddable":true,"href":"https:\/\/medicinasinc.com\/se\/wp-json\/wp\/v2\/media\/5738"}],"wp:attachment":[{"href":"https:\/\/medicinasinc.com\/se\/wp-json\/wp\/v2\/media?parent=5729"}],"wp:term":[{"taxonomy":"product_brand","embeddable":true,"href":"https:\/\/medicinasinc.com\/se\/wp-json\/wp\/v2\/product_brand?post=5729"},{"taxonomy":"product_cat","embeddable":true,"href":"https:\/\/medicinasinc.com\/se\/wp-json\/wp\/v2\/product_cat?post=5729"},{"taxonomy":"product_tag","embeddable":true,"href":"https:\/\/medicinasinc.com\/se\/wp-json\/wp\/v2\/product_tag?post=5729"}],"curies":[{"name":"wp","href":"https:\/\/api.w.org\/{rel}","templated":true}]}}