{"id":5703,"date":"2022-02-22T04:29:46","date_gmt":"2022-02-22T04:29:46","guid":{"rendered":"https:\/\/medicinasinc.com\/se\/?post_type=product&#038;p=5703"},"modified":"2022-07-03T23:16:48","modified_gmt":"2022-07-03T23:16:48","slug":"kop-dimetyltryptamin-dmt","status":"publish","type":"product","link":"https:\/\/medicinasinc.com\/se\/product\/kop-dimetyltryptamin-dmt\/","title":{"rendered":"K\u00f6p Dimethyltryptamine DMT"},"content":{"rendered":"<p>Det finns m\u00e5nga st\u00e4llen att k\u00f6pa DMT Powder online.<\/p>\n<p>DMT har funnits l\u00e4nge. L\u00e4kemedlet har anv\u00e4nts mycket genom \u00e5ren till en massa olika saker tills det av regeringen s\u00e5gs som en drog som kan vara farlig om den tas till det extrema. Du kanske inte kan k\u00f6pa DMT-pulver online om du inte vet hur man g\u00f6r. \u00c4ntligen har ditt h\u00e5rda arbete l\u00f6nat sig och du har de resultat du vill ha. Bestglobalmeds \u00e4r en webbplats d\u00e4r du kan k\u00f6pa DMT online till ett bra pris. Den har h\u00f6gkvalitativ och ren DMT.<\/p>\n<p>Ett svar p\u00e5 fr\u00e5gan &#8221;Vad \u00e4r DMT-pulver?&#8221;<\/p>\n<p>DMT (N, N-dimetyltryptamin) \u00e4r ett naturligt psykedeliskt tryptamin som kan finns i v\u00e4xter, djur och m\u00e4nniskor. Det \u00e4r en del av gruppen psykedeliska droger (\u00e4mnen som g\u00f6r dig mer medveten). DMT-blandningar tillverkade av Changa g\u00f6rs ocks\u00e5 p\u00e5 detta s\u00e4tt. De kan g\u00f6ras till en pulverform, eller de kan g\u00f6ras till en pulverform.<\/p>\n<p>Det \u00e4r ett naturligt f\u00f6rekommande \u00e4mne som kan hittas i sm\u00e5 m\u00e4ngder i den m\u00e4nskliga hj\u00e4rnan, d\u00e4r dess funktion \u00e4r ok\u00e4nd. DMT \u00e4r k\u00e4nt f\u00f6r sin kraft. Om du r\u00f6ker det, varar den psykedeliska resan den g\u00f6r i bara 5 till 30 minuter, men effekten den har \u00e4r kraftfull och l\u00e5ngvarig. Att k\u00e4nna att han eller hon har skickats till en helt annan plats, med ljud och bilder som f\u00e5r dig att t\u00e4nka p\u00e5 kaled\u043e\u0441\u043e\u0440iska saker,<\/p>\n<p>Ayahuasca-brygger, som \u00e4r gjorda med DMT-inneh\u00e5llande tr\u00e4dbark och andra v\u00e4xter som inneh\u00e5ller en kemikalie som kallas MAO-h\u00e4mmare (monoaminoxidash\u00e4mmare, f\u00f6r de riktigt sjuka). MAO-h\u00e4mmaren g\u00f6r att DMT varar mycket l\u00e4ngre i v\u00e5ra kroppar och f\u00f6rl\u00e4nger den psykiatriska upplevelsen i timmar. DMT har anv\u00e4nts i traditionella l\u00e4kemedel under l\u00e5ng tid.<\/p>\n<p>Under de senaste \u00e5ren har denna brygd blivit mer popul\u00e4r p\u00e5 grund av dess l\u00e4kande egenskaper, bland annat som behandling f\u00f6r missbruk. J\u00e4mf\u00f6rt med den &#8221;h\u00e5rda patriarken&#8221; av Sbog\u00e1ne, har den &#8221;k\u00e4rleksfulla matriarken&#8221; av Ayahuasca-healing kallats den &#8221;k\u00e4rleksfulla matriarken&#8221;. Det hj\u00e4lper m\u00e4nniskor att bryta ner de f\u00f6rsvarsmekanismer de kan ha byggt upp som hindrar dem fr\u00e5n att f\u00e5 kontakt med andra.<\/p>\n<p>Vet du hur DMT ser ut?<br \/> Beskriv hur DMT ser ut.<br \/> N\u00c4R det \u00e4r rent ser det ut som ett vitt kristalliserat pulver eller n\u00e5got annat.<br \/> N\u00e4r det inte \u00e4r rent ser det ocks\u00e5 ut som ett gult, orange eller rosa pulver eller v\u00e4tska. Detta \u00e4r vanligare, men det \u00e4r inte det enda s\u00e4ttet att se p\u00e5 det.<br \/> En brunaktig\/r\u00f6d \u00f6rtblandning, n\u00e4r den blandas med \u00f6rter, g\u00f6r en drink som kallas ayahuasca Brunaktig\/r\u00f6d sprit n\u00e4r den ing\u00e5r i en ayahuasca dryck.<br \/> DMT smakar och luktar som vad.<\/p>\n<p>N, N-dimetyltr\u0443ptamin har en mycket stark lukt och smak som m\u00e5nga, inklusive v\u00e5ra kunder, har liknat vid br\u00e4nd plast och nya skor.<\/p>\n<p>Hur anv\u00e4nds DMT?<\/p>\n<p>N\u00e4r du k\u00f6per DMT online, t\u00e4nk p\u00e5 att det kan anv\u00e4ndas p\u00e5 tre huvudsakliga s\u00e4tt: Smackad, \u00e4ndrad och insvept.<\/p>\n<p>DMT \u00e4r r\u00f6kt.<\/p>\n<p>M\u00e4nniskor blandar ibland DMT med \u00f6rter, som ayahuasca, f\u00f6r att g\u00f6ra en drink som kallas ch\u00e1nga. Detta beror p\u00e5 att DMT \u00e4r farligt och kan vara farligt att r\u00f6ka. Varje parti ch\u0430nga \u00e4r olika beroende p\u00e5 vilka \u00f6rter som anv\u00e4nds, s\u00e5 styrkan p\u00e5 varje sats varierar.<\/p>\n<p>M\u00e4nniskor \u00e4r fulla av DMT<\/p>\n<p>Ch\u00e1cruna \u00e4r en sydamerikansk \u00f6rt som har DMT i Det. Ibland blandas den med \u0430y\u0430huas\u0441\u0430-v\u00e4xten f\u00f6r att g\u00f6ra den shamanska brygden \u0430y\u0430huas\u0441\u0430.<\/p>\n<p>Att ge DMT till n\u00e5gon<\/p>\n<p>DMT kan g\u00f6ras redo att injiceras, och det kan vara mycket farligt ocks\u00e5.<\/p>\n<p>DMTs fnysning<\/p>\n<p>F\u00f6r att f\u00e5 DMT kan du krossa det till pulver och fnysa det.<\/p>\n<p>D\u043e\u0455\u0430g\u0435<\/p>\n<p>DMT: R\u00f6kte 15-60 mg (endast i en glaspipa), sniffade 20-50 mg och drack 30 till 150 mg.<\/p>\n<p>Changa: Allt beror p\u00e5 hur mycket DMT som finns i aktien.<\/p>\n<p>S\u00e5 l\u00e4nge det finns tillr\u00e4ckligt med DMT i mixen.<\/p>\n<p>Vad h\u00e4nder om du tar DMT?<br \/> Hur k\u00e4nner du f\u00f6r det?<\/p>\n<p> DMT \u00e4r k\u00e4nt f\u00f6r att ge m\u00e4nniskor som tar det en v\u00e4ldigt intensiv &#8221;trp&#8221;, vilket \u00e4r namnet p\u00e5 upplevelsen av att ta psykedelika.<\/p>\n<p>N\u00e4r du tar DMT ser v\u00e4rlden v\u00e4ldigt annorlunda ut. F\u00e4rger, ljud, f\u00f6rem\u00e5l och till och med tid kan alla verkar v\u00e4ldigt olika. Vissa m\u00e4nniskor har upplevelser utanf\u00f6r kroppen n\u00e4r de tar DMT.<\/p>\n<p>Det kan f\u00e5 dig att:<\/p>\n<p>se och h\u00f6ra saker som inte finns d\u00e4r (h\u0430llu\u0441n\u0430t\u0435), vilket kan vara bra eller d\u00e5lig erfarenhet. K\u00e4nns som att tid och r\u00f6relse snabbar upp eller saktar ner. Detta kallas &#8221;visuellt.&#8221;<br \/> Hur agerar m\u00e4nniskor?<\/p>\n<p>M\u00e4nniskor kan agera p\u00e5 ett s\u00e4tt som de inte f\u00f6rv\u00e4ntar sig n\u00e4r de \u00e4r h\u00f6ga p\u00e5 DMT, precis som med alla hallucinogena droger.<\/p>\n<p>Flera anv\u00e4ndare s\u00e4ger att de k\u00e4nner sig som om de g\u00e5r igenom en n\u00e4ra d\u00f6den-upplevelse, och som ett resultat blir de v\u00e4ldigt tysta och ser in\u00e5t som ett resultat.<\/p>\n<p>Vissa m\u00e4nniskor s\u00e4ger att de kan inte r\u00f6ra p\u00e5 sig medan de \u00e4r p\u00e5 DMT.<\/p>\n<p>N\u00e4r b\u00f6rjar DMT ha en effekt p\u00e5 dig?<\/p>\n<p>Allt beror p\u00e5 hur mycket du har tagit, hur stor du \u00e4r , om du har \u00e4tit och vilka andra droger du har tagit.<\/p>\n<p>Detta ord \u00e4r ocks\u00e5 k\u00e4nt som &#8221;k\u0441k.&#8221;<\/p>\n<p>N\u00e4r du r\u00f6ker kommer DMT in v\u00e4ldigt snabbt. Effekten kan ta l\u00e5ng tid att visa sig n\u00e4r den \u00e4r en del av en ayahuasca-ceremoni.<\/p>\n<p>Hur l\u00e4nge varade den?<\/p>\n<p>Du kan bli v\u00e4ldigt upphetsad n\u00e4r du g\u00e5r p\u00e5 en DMT resa, men de h\u00e5ller ocks\u00e5 v\u00e4ldigt snabbt, ibland bara n\u00e5gra minuter. Som en del av en ayahuasca-ceremoni kan en DMT-resa p\u00e5g\u00e5 i flera timmar, men den kan ocks\u00e5 vara mycket kort.<\/p>\n<p>P\u00e5 grund av dessa sk\u00e4l var DMT k\u00e4nd som &#8221;bun\u00e9s-resan&#8221; p\u00e5 1960-talet i F\u00f6renta staterna. En anv\u00e4ndare kunde f\u00e5 hela djupet och omf\u00e5nget av en upplevelse med denna drog, som var snabbare \u00e4n med andra droger, som LSD eller magiska svampar.<\/p>\n<p>DMT har vad?<br \/> S\u00e5 h\u00e4r har fysisk h\u00e4lsa fungerar:<\/p>\n<p>M\u00e5nga m\u00e4nniskor i Sydamerika dricker eller \u00e4ter drycker eller mat som har DMT i sig som en del av sitt s\u00e4tt att leva. Det mest k\u00e4nda exemplet \u00e4r ayahuasca-ceremonier.<\/p>\n<p>Det finns vissa m\u00e4nniskor som tror att DMT \u00e4r en andlig drog som ocks\u00e5 \u00e4r s\u00e4ker, men det \u00e4r fortfarande en kemisk hallucinogen.<\/p>\n<p>Det kan:<\/p>\n<p> p&gt; <\/p>\n<p>Det \u00e4r dags att kontrollera ditt blodtryck.<br \/> om du redan har en hj\u00e4rtsjukdom kan en h\u00f6jning av pulsen g\u00f6ra dig sjuk och f\u00e5 dig att vilja l\u00e4mna. Det beror p\u00e5 att din kropp f\u00e5r mycket gift.<\/p>\n<p>Om du tar DMT kan det ha m\u00e5nga olika, och ibland v\u00e4ldigt skr\u00e4mmande, effekter. Dessa effekter kanske inte ens finns i en persons huvud.<\/p>\n<p>Det kan vara mycket f\u00f6rvirrande och skr\u00e4mmande om en person kommer in.<\/p>\n<p>Det kan hj\u00e4lpa dig: om du tar en drog som DMT .<\/p>\n<p>\u00c5terblickar intr\u00e4ffar n\u00e4r en del av en resa \u00e5terupplevs efter den ursprungliga.<br \/> H\u00e5ll ett \u00f6ga p\u00e5 n\u00e5gon som har haft psykiska problem tidigare. Det kan orsaka problem f\u00f6r n\u00e5gon som inte visste att de l\u00f6pte risk f\u00f6r psykiska problem.<br \/> Om resan g\u00e5r d\u00e5ligt kan anv\u00e4ndaren skada sig sj\u00e4lv. S\u00e5 om du \u00e4r p\u00e5 d\u00e5ligt eller oroligt hum\u00f6r kanske du inte vill ta DMT.<br \/> Leda till obehagliga och k\u00e4nslom\u00e4ssiga effekter som kan vara i flera dagar efter att du tagit l\u00e4kemedlet. Dessa effekter kan vara obehagliga eller k\u00e4nslom\u00e4ssiga.<\/p>\n<div class=\"product-next-previous\">\n<div class=\"product-prev\"><\/div><\/div>\n","protected":false},"excerpt":{"rendered":"<p>K\u00f6p Dimethyltryptamine DMT till salu i Storbritannien, Europa, AU. vi erbjuder den mest p\u00e5litliga transaktionen och s\u00e4ljer till mycket \u00f6verkomliga priser. Best\u00e4ll DMT nu till b\u00e4sta priser. V\u00e5r Dimethyltryptamine \u00e4r en av de b\u00e4sta fr\u00e5n den mest p\u00e5litliga leverant\u00f6ren, kontakta nu f\u00f6r att best\u00e4lla din rena kvalitet Dimethyltryptamine DMT till salu<\/p>\n<p><em>Dmt<\/em>\u00a0\u00e4r ett kraftfullt hallucinogent l\u00e4kemedel som finns i flera v\u00e4xter som kan r\u00f6kas, snortas eller blandas med ayahuasca. Best\u00e4ll\u00a0<em>DMT<\/em>\u00a0online.<\/p>\n","protected":false},"featured_media":5713,"comment_status":"open","ping_status":"closed","template":"","meta":[],"product_brand":[],"product_cat":[703,2014],"product_tag":[3615,3640,3641,3623,3616,3617,3619,3620,3621,3622,3627,3628,3629,3630,3624,3632,3631,3626,3638,3639,3633,3295,3637,3636,3635,3634,3618,3625,3642,3643],"class_list":{"0":"post-5703","1":"product","2":"type-product","3":"status-publish","4":"has-post-thumbnail","6":"product_cat-kop-psykedeliska-droger","7":"product_cat-kop-research-chemicals","8":"product_tag-bsta-stllet-att-kpa-dimetyltryptamin","9":"product_tag-order-dimetyltryptamin","10":"product_tag-order-dmt","11":"product_tag-billig-psykisk-drog","12":"product_tag-buy-dimethyltryptamine","13":"product_tag-buy-dmt","14":"product_tag-bu-dmt","15":"product_tag-bu-psycheclic-drug","16":"product_tag-bu-pur-dmthltrtmn-dmt-onln","17":"product_tag-bu-hl-drog-nl-d1n","18":"product_tag-dimethyltryptamine-effect","19":"product_tag-dimethyltryptamine-for-sale","20":"product_tag-dimethyltryptamine-order","21":"product_tag-dimethyltryptamine-purchase","22":"product_tag-dimetyltryptamin","23":"product_tag-dimetyltryptamin-recension","24":"product_tag-dimetyltryptamin-reddit","25":"product_tag-dimetyltryptamin-dosering-fr-gravida-kvinnor","26":"product_tag-dmt-rea","27":"product_tag-dmt-frsljning","28":"product_tag-dmt-kp","29":"product_tag-dmt-order","30":"product_tag-dmt-recension","31":"product_tag-dmt-reddit","32":"product_tag-dmt-till-salu","33":"product_tag-dmt-effekt","34":"product_tag-k-c3-b6p-ren-dmt","35":"product_tag-dimetyltryptamin-kp","36":"product_tag-ren-dmt-till-salu","37":"product_tag-vad-r-dmt-pulver","39":"first","40":"instock","41":"shipping-taxable","42":"purchasable","43":"product-type-variable","44":"has-default-attributes"},"yoast_head":"<!-- This site is optimized with the Yoast SEO plugin v27.3 - https:\/\/yoast.com\/product\/yoast-seo-wordpress\/ -->\n<title>K\u00f6p Dimethyltryptamine DMT - Dmt Till Salu - Best Global Meds<\/title>\n<meta name=\"description\" content=\"K\u00f6p Dimethyltryptamine DMT till salu i Storbritannien, Europa, AU. vi erbjuder den mest p\u00e5litliga transaktionen och s\u00e4ljer till mycket \u00f6verkomliga priser. Best\u00e4ll DMT nu till b\u00e4sta priser\" \/>\n<meta name=\"robots\" content=\"index, follow, max-snippet:-1, max-image-preview:large, max-video-preview:-1\" \/>\n<link rel=\"canonical\" href=\"https:\/\/medicinasinc.com\/se\/product\/kop-dimetyltryptamin-dmt\/\" \/>\n<meta property=\"og:locale\" content=\"sv_SE\" \/>\n<meta property=\"og:type\" content=\"article\" \/>\n<meta property=\"og:title\" content=\"K\u00f6p Dimethyltryptamine DMT - Dmt Till Salu - Best Global Meds\" \/>\n<meta property=\"og:description\" content=\"K\u00f6p Dimethyltryptamine DMT till salu i Storbritannien, Europa, AU. vi erbjuder den mest p\u00e5litliga transaktionen och s\u00e4ljer till mycket \u00f6verkomliga priser. Best\u00e4ll DMT nu till b\u00e4sta priser\" \/>\n<meta property=\"og:url\" content=\"https:\/\/medicinasinc.com\/se\/product\/kop-dimetyltryptamin-dmt\/\" \/>\n<meta property=\"og:site_name\" content=\"Medicinas Inc\" \/>\n<meta property=\"article:modified_time\" content=\"2022-07-03T23:16:48+00:00\" \/>\n<meta property=\"og:image\" content=\"https:\/\/medicinasinc.com\/se\/wp-content\/uploads\/sites\/16\/2022\/02\/DMT-for-Sale.jpg\" \/>\n\t<meta property=\"og:image:width\" content=\"500\" \/>\n\t<meta property=\"og:image:height\" content=\"500\" \/>\n\t<meta property=\"og:image:type\" content=\"image\/jpeg\" \/>\n<meta name=\"twitter:card\" content=\"summary_large_image\" \/>\n<meta name=\"twitter:label1\" content=\"Ber\u00e4knad l\u00e4stid\" \/>\n\t<meta name=\"twitter:data1\" content=\"6 minuter\" \/>\n<script type=\"application\/ld+json\" class=\"yoast-schema-graph\">{\"@context\":\"https:\\\/\\\/schema.org\",\"@graph\":[{\"@type\":\"WebPage\",\"@id\":\"https:\\\/\\\/medicinasinc.com\\\/se\\\/product\\\/kop-dimetyltryptamin-dmt\\\/\",\"url\":\"https:\\\/\\\/medicinasinc.com\\\/se\\\/product\\\/kop-dimetyltryptamin-dmt\\\/\",\"name\":\"K\u00f6p Dimethyltryptamine DMT - Dmt Till Salu - Best Global Meds\",\"isPartOf\":{\"@id\":\"https:\\\/\\\/medicinasinc.com\\\/se\\\/#website\"},\"primaryImageOfPage\":{\"@id\":\"https:\\\/\\\/medicinasinc.com\\\/se\\\/product\\\/kop-dimetyltryptamin-dmt\\\/#primaryimage\"},\"image\":{\"@id\":\"https:\\\/\\\/medicinasinc.com\\\/se\\\/product\\\/kop-dimetyltryptamin-dmt\\\/#primaryimage\"},\"thumbnailUrl\":\"https:\\\/\\\/medicinasinc.com\\\/se\\\/wp-content\\\/uploads\\\/sites\\\/16\\\/2022\\\/02\\\/DMT-for-Sale.jpg\",\"datePublished\":\"2022-02-22T04:29:46+00:00\",\"dateModified\":\"2022-07-03T23:16:48+00:00\",\"description\":\"K\u00f6p Dimethyltryptamine DMT till salu i Storbritannien, Europa, AU. vi erbjuder den mest p\u00e5litliga transaktionen och s\u00e4ljer till mycket \u00f6verkomliga priser. Best\u00e4ll DMT nu till b\u00e4sta priser\",\"breadcrumb\":{\"@id\":\"https:\\\/\\\/medicinasinc.com\\\/se\\\/product\\\/kop-dimetyltryptamin-dmt\\\/#breadcrumb\"},\"inLanguage\":\"sv-SE\",\"potentialAction\":[{\"@type\":\"ReadAction\",\"target\":[\"https:\\\/\\\/medicinasinc.com\\\/se\\\/product\\\/kop-dimetyltryptamin-dmt\\\/\"]}]},{\"@type\":\"ImageObject\",\"inLanguage\":\"sv-SE\",\"@id\":\"https:\\\/\\\/medicinasinc.com\\\/se\\\/product\\\/kop-dimetyltryptamin-dmt\\\/#primaryimage\",\"url\":\"https:\\\/\\\/medicinasinc.com\\\/se\\\/wp-content\\\/uploads\\\/sites\\\/16\\\/2022\\\/02\\\/DMT-for-Sale.jpg\",\"contentUrl\":\"https:\\\/\\\/medicinasinc.com\\\/se\\\/wp-content\\\/uploads\\\/sites\\\/16\\\/2022\\\/02\\\/DMT-for-Sale.jpg\",\"width\":500,\"height\":500},{\"@type\":\"BreadcrumbList\",\"@id\":\"https:\\\/\\\/medicinasinc.com\\\/se\\\/product\\\/kop-dimetyltryptamin-dmt\\\/#breadcrumb\",\"itemListElement\":[{\"@type\":\"ListItem\",\"position\":1,\"name\":\"aff\u00e4r\",\"item\":\"https:\\\/\\\/medicinasinc.com\\\/se\\\/affar\\\/\"},{\"@type\":\"ListItem\",\"position\":2,\"name\":\"K\u00f6p Dimethyltryptamine DMT\"}]},{\"@type\":\"WebSite\",\"@id\":\"https:\\\/\\\/medicinasinc.com\\\/se\\\/#website\",\"url\":\"https:\\\/\\\/medicinasinc.com\\\/se\\\/\",\"name\":\"Medicinas Inc\",\"description\":\"Health Medical Clinic\",\"potentialAction\":[{\"@type\":\"SearchAction\",\"target\":{\"@type\":\"EntryPoint\",\"urlTemplate\":\"https:\\\/\\\/medicinasinc.com\\\/se\\\/?s={search_term_string}\"},\"query-input\":{\"@type\":\"PropertyValueSpecification\",\"valueRequired\":true,\"valueName\":\"search_term_string\"}}],\"inLanguage\":\"sv-SE\"}]}<\/script>\n<!-- \/ Yoast SEO plugin. -->","yoast_head_json":{"title":"K\u00f6p Dimethyltryptamine DMT - Dmt Till Salu - Best Global Meds","description":"K\u00f6p Dimethyltryptamine DMT till salu i Storbritannien, Europa, AU. vi erbjuder den mest p\u00e5litliga transaktionen och s\u00e4ljer till mycket \u00f6verkomliga priser. Best\u00e4ll DMT nu till b\u00e4sta priser","robots":{"index":"index","follow":"follow","max-snippet":"max-snippet:-1","max-image-preview":"max-image-preview:large","max-video-preview":"max-video-preview:-1"},"canonical":"https:\/\/medicinasinc.com\/se\/product\/kop-dimetyltryptamin-dmt\/","og_locale":"sv_SE","og_type":"article","og_title":"K\u00f6p Dimethyltryptamine DMT - Dmt Till Salu - Best Global Meds","og_description":"K\u00f6p Dimethyltryptamine DMT till salu i Storbritannien, Europa, AU. vi erbjuder den mest p\u00e5litliga transaktionen och s\u00e4ljer till mycket \u00f6verkomliga priser. Best\u00e4ll DMT nu till b\u00e4sta priser","og_url":"https:\/\/medicinasinc.com\/se\/product\/kop-dimetyltryptamin-dmt\/","og_site_name":"Medicinas Inc","article_modified_time":"2022-07-03T23:16:48+00:00","og_image":[{"width":500,"height":500,"url":"https:\/\/medicinasinc.com\/se\/wp-content\/uploads\/sites\/16\/2022\/02\/DMT-for-Sale.jpg","type":"image\/jpeg"}],"twitter_card":"summary_large_image","twitter_misc":{"Ber\u00e4knad l\u00e4stid":"6 minuter"},"schema":{"@context":"https:\/\/schema.org","@graph":[{"@type":"WebPage","@id":"https:\/\/medicinasinc.com\/se\/product\/kop-dimetyltryptamin-dmt\/","url":"https:\/\/medicinasinc.com\/se\/product\/kop-dimetyltryptamin-dmt\/","name":"K\u00f6p Dimethyltryptamine DMT - Dmt Till Salu - Best Global Meds","isPartOf":{"@id":"https:\/\/medicinasinc.com\/se\/#website"},"primaryImageOfPage":{"@id":"https:\/\/medicinasinc.com\/se\/product\/kop-dimetyltryptamin-dmt\/#primaryimage"},"image":{"@id":"https:\/\/medicinasinc.com\/se\/product\/kop-dimetyltryptamin-dmt\/#primaryimage"},"thumbnailUrl":"https:\/\/medicinasinc.com\/se\/wp-content\/uploads\/sites\/16\/2022\/02\/DMT-for-Sale.jpg","datePublished":"2022-02-22T04:29:46+00:00","dateModified":"2022-07-03T23:16:48+00:00","description":"K\u00f6p Dimethyltryptamine DMT till salu i Storbritannien, Europa, AU. vi erbjuder den mest p\u00e5litliga transaktionen och s\u00e4ljer till mycket \u00f6verkomliga priser. Best\u00e4ll DMT nu till b\u00e4sta priser","breadcrumb":{"@id":"https:\/\/medicinasinc.com\/se\/product\/kop-dimetyltryptamin-dmt\/#breadcrumb"},"inLanguage":"sv-SE","potentialAction":[{"@type":"ReadAction","target":["https:\/\/medicinasinc.com\/se\/product\/kop-dimetyltryptamin-dmt\/"]}]},{"@type":"ImageObject","inLanguage":"sv-SE","@id":"https:\/\/medicinasinc.com\/se\/product\/kop-dimetyltryptamin-dmt\/#primaryimage","url":"https:\/\/medicinasinc.com\/se\/wp-content\/uploads\/sites\/16\/2022\/02\/DMT-for-Sale.jpg","contentUrl":"https:\/\/medicinasinc.com\/se\/wp-content\/uploads\/sites\/16\/2022\/02\/DMT-for-Sale.jpg","width":500,"height":500},{"@type":"BreadcrumbList","@id":"https:\/\/medicinasinc.com\/se\/product\/kop-dimetyltryptamin-dmt\/#breadcrumb","itemListElement":[{"@type":"ListItem","position":1,"name":"aff\u00e4r","item":"https:\/\/medicinasinc.com\/se\/affar\/"},{"@type":"ListItem","position":2,"name":"K\u00f6p Dimethyltryptamine DMT"}]},{"@type":"WebSite","@id":"https:\/\/medicinasinc.com\/se\/#website","url":"https:\/\/medicinasinc.com\/se\/","name":"Medicinas Inc","description":"Health Medical Clinic","potentialAction":[{"@type":"SearchAction","target":{"@type":"EntryPoint","urlTemplate":"https:\/\/medicinasinc.com\/se\/?s={search_term_string}"},"query-input":{"@type":"PropertyValueSpecification","valueRequired":true,"valueName":"search_term_string"}}],"inLanguage":"sv-SE"}]}},"_links":{"self":[{"href":"https:\/\/medicinasinc.com\/se\/wp-json\/wp\/v2\/product\/5703","targetHints":{"allow":["GET"]}}],"collection":[{"href":"https:\/\/medicinasinc.com\/se\/wp-json\/wp\/v2\/product"}],"about":[{"href":"https:\/\/medicinasinc.com\/se\/wp-json\/wp\/v2\/types\/product"}],"replies":[{"embeddable":true,"href":"https:\/\/medicinasinc.com\/se\/wp-json\/wp\/v2\/comments?post=5703"}],"wp:featuredmedia":[{"embeddable":true,"href":"https:\/\/medicinasinc.com\/se\/wp-json\/wp\/v2\/media\/5713"}],"wp:attachment":[{"href":"https:\/\/medicinasinc.com\/se\/wp-json\/wp\/v2\/media?parent=5703"}],"wp:term":[{"taxonomy":"product_brand","embeddable":true,"href":"https:\/\/medicinasinc.com\/se\/wp-json\/wp\/v2\/product_brand?post=5703"},{"taxonomy":"product_cat","embeddable":true,"href":"https:\/\/medicinasinc.com\/se\/wp-json\/wp\/v2\/product_cat?post=5703"},{"taxonomy":"product_tag","embeddable":true,"href":"https:\/\/medicinasinc.com\/se\/wp-json\/wp\/v2\/product_tag?post=5703"}],"curies":[{"name":"wp","href":"https:\/\/api.w.org\/{rel}","templated":true}]}}