{"id":5696,"date":"2022-02-22T04:23:00","date_gmt":"2022-02-22T04:23:00","guid":{"rendered":"https:\/\/medicinasinc.com\/se\/?post_type=product&#038;p=5696"},"modified":"2022-08-07T05:48:57","modified_gmt":"2022-08-07T05:48:57","slug":"kopa-efenidin-pulver","status":"publish","type":"product","link":"https:\/\/medicinasinc.com\/se\/product\/kopa-efenidin-pulver\/","title":{"rendered":"K\u00f6p Efenidin pulver"},"content":{"rendered":"<p>Efenidinpulver: K\u00f6p Efenidin i Storbritannien, Europa, Asien, USA, Australien, Kina och resten av v\u00e4rlden fr\u00e5n Efenidinpulver.<\/p>\n<p>Europeiskt efenidin till salu, leverant\u00f6r av Efenidin, f\u00f6r f\u00f6rs\u00e4ljning. Grossister av Efenidin kan skicka det till Europa.<\/p>\n<p>Efenidin, som ocks\u00e5 \u00e4r k\u00e4nt som NEDPA och EPE, \u00e4r ett dissociativt bed\u00f6vningsmedel som ing\u00e5r i l\u00e4kemedelsklassen diaryletylamin. Fysiskt liknar Efenidin diaryletylaminer som difenidin och metoxfenidin, som ocks\u00e5 kallas efenidin. Sedation, hallucinationer, anestesi och tillst\u00e5nd utanf\u00f6r kroppen, kallade &#8221;dissociativ anestesi&#8221;, \u00e4r n\u00e5gra av biverkningarna.<\/p>\n<p>Detaljerad information om detta f\u00f6rem\u00e5l:<\/p>\n<p>holl\u00e4ndska, litauiska , och amerikansk<br \/>\nDess namn \u00e4r Efenidinpulver.<br \/>\nEPE \u00e4r IUPAC-namnet f\u00f6r N-Ethyl-1,2-diphenylethylamine.<br \/>\nCAS-nummer: 60951-19-1<br \/>\nC16H19N \u00e4r MF.<br \/>\nMer \u00e4n 99,5 procent<br \/>\nS\u00e5 h\u00e4r ser det ut:<br \/>\nAluminiumfoliep\u00e5se eller plastp\u00e5se: S\u00e5 h\u00e4r packar du:<\/p>\n<p>Betalningsvillkoren:<\/p>\n<p>Minsta best\u00e4llningsbelopp: Fr\u00e5ga om betalningsvillkor: Bitcoin, Money Gram, Bank\u00f6verf\u00f6ring och s\u00e5 vidare.<\/p>\n<p>Leverans- och fraktregler:<\/p>\n<p>1. Vi skickar ut varorna inom 1 dag efter att du har betalat.<br \/>\n2: Vi skickar varorna med UPS, DHL, TNT eller FEDEX. Vi kommer att v\u00e4lja den b\u00e4sta kuriren f\u00f6r varje land och hitta det s\u00e4kraste s\u00e4ttet att f\u00e5 varorna till dig.<br \/>\nDet tar cirka tre till fem dagar att f\u00e5 post fr\u00e5n EMS. DHL, UPS och FedEx tar 4-5 dagar.<br \/>\n4. Tullen i l\u00e4nder som Ryssland, Australien och Kanada \u00e4r mycket strikta, men vi kan se till att vi levererar 100 % av tiden.<br \/>\n5. Som regel b\u00f6r du f\u00e5 varorna inom 4-5 dagar. Om varorna f\u00f6rsvann eller inte kom fram av andra sk\u00e4l, skickar vi dem igen.<\/p>\n<p>Priset: Fr\u00e5ga.<\/p>\n<p>Obs!<\/p>\n<p>Vi har m\u00e5nga stamkunder \u00f6ver hela v\u00e4rlden, och vi hoppas kunna arbeta med dig under l\u00e5ng tid. F\u00f6r mer information, tveka inte att kontakta oss. Vi kommer att g\u00f6ra v\u00e5rt b\u00e4sta f\u00f6r att m\u00f6ta dina behov. Tack!<\/p>\n","protected":false},"excerpt":{"rendered":"<div class=\"woocommerce-product-details__short-description\">\n<p>medicinasinc.com\/se har h\u00f6grent efenidinpulver till f\u00f6rs\u00e4ljning i Storbritannien, Europa och Australien, och vi kan skicka det till dig var som helst i v\u00e4rlden. Det \u00e4r h\u00e4r du kan k\u00f6pa det b\u00e4sta efenidinpulvret att best\u00e4lla.<\/p>\n<p>Handla efenidinpulver online och f\u00e5 det till ett bra pris. Ett l\u00e4kemedel som heter efedrin \u00e4r ett dissociativt bed\u00f6vningsmedel. Det blockerar ocks\u00e5 NMDA-receptorn, vilket g\u00f6r det mindre sannolikt att l\u00e4kemedlet kommer att fungera.<\/p>\n<p>K\u00f6p rent, h\u00f6gkvalitativt efenidinpulver online med Bitcoin \u2013 du kan g\u00f6ra detta.<\/p>\n<p>Handla f\u00f6r lagliga droger online, k\u00f6p forskningskemikalier, r\u00e5a farmaceutiska pulver och mer i en butik.<\/p>\n<p>Efenidinpulver, farmaceutiska intermedi\u00e4rer och r\u00e5pulver s\u00e4ljs av detta f\u00f6retag.<\/p>\n<p>Det finns Efenidin piller till salu. Kina\u00a0Ephenidine-leverant\u00f6r. Grossist\u00a0efenidin\u00a0export\u00f6r<\/p>\n<p><em>K\u00f6p efenidinpulver<\/em> i grossistledet online i l\u00f6svikt nu. Efenidin \u00e4r ett dissociativt bed\u00f6vningsmedel och fungerar som en antagonist f\u00f6r NMDA.<\/p>\n<p>&nbsp;<\/p>\n<\/div>\n","protected":false},"featured_media":5707,"comment_status":"open","ping_status":"closed","template":"","meta":[],"product_brand":[],"product_cat":[2014],"product_tag":[3591,3611,3612,3605,3594,3595,3596,3597,3599,3600,3602,3606,3604,3598,3603,3608,3610,3613,3592,3593,3607,3609,3614],"class_list":{"0":"post-5696","1":"product","2":"type-product","3":"status-publish","4":"has-post-thumbnail","6":"product_cat-kop-research-chemicals","7":"product_tag-sng-c3-bedvningsmedel","8":"product_tag-order-efenidin-pulver","9":"product_tag-bestll-efenidin-pulver-online","10":"product_tag-efenidin-pulver-ordning","11":"product_tag-buy-ephenidine-powder-online","12":"product_tag-diaryletylamin","13":"product_tag-dissociativ","14":"product_tag-dissociativ-bedvningsmedel","15":"product_tag-efenidin","16":"product_tag-efenidin-pulver-bulk","17":"product_tag-efenidin-pulver-porslin","18":"product_tag-efenidin-pulver-reddit","19":"product_tag-efenidin-pulver-till-salu","20":"product_tag-epe","21":"product_tag-ephenidine-powder-effect","22":"product_tag-ephenidine-powder-wholesale","23":"product_tag-rr-inte","24":"product_tag-rent-efenidin-pulver","25":"product_tag-kpa-efenidin-pulver","26":"product_tag-kpa-efenidin-pulver-europa","27":"product_tag-efenidin-pulver-leverantr","28":"product_tag-mdma-pulver-kp","29":"product_tag-vad-r-efenidin-pulver","31":"first","32":"instock","33":"featured","34":"shipping-taxable","35":"purchasable","36":"product-type-variable","37":"has-default-attributes"},"yoast_head":"<!-- This site is optimized with the Yoast SEO plugin v27.3 - https:\/\/yoast.com\/product\/yoast-seo-wordpress\/ -->\n<title>K\u00f6p efenidin pulver - efenidin pulver online - b\u00e4sta globala mediciner<\/title>\n<meta name=\"description\" content=\"K\u00f6p h\u00f6grent efenidinpulver till salu i Storbritannien, Europa, AU i v\u00e5r medicinasinc.com onlinebutik med snabb leverans \u00f6ver hela v\u00e4rlden! Det b\u00e4sta efenidinpulvret f\u00f6r best\u00e4llning hittar du h\u00e4r!\" \/>\n<meta name=\"robots\" content=\"index, follow, max-snippet:-1, max-image-preview:large, max-video-preview:-1\" \/>\n<link rel=\"canonical\" href=\"https:\/\/medicinasinc.com\/se\/product\/kopa-efenidin-pulver\/\" \/>\n<meta property=\"og:locale\" content=\"sv_SE\" \/>\n<meta property=\"og:type\" content=\"article\" \/>\n<meta property=\"og:title\" content=\"K\u00f6p efenidin pulver - efenidin pulver online - b\u00e4sta globala mediciner\" \/>\n<meta property=\"og:description\" content=\"K\u00f6p h\u00f6grent efenidinpulver till salu i Storbritannien, Europa, AU i v\u00e5r medicinasinc.com onlinebutik med snabb leverans \u00f6ver hela v\u00e4rlden! Det b\u00e4sta efenidinpulvret f\u00f6r best\u00e4llning hittar du h\u00e4r!\" \/>\n<meta property=\"og:url\" content=\"https:\/\/medicinasinc.com\/se\/product\/kopa-efenidin-pulver\/\" \/>\n<meta property=\"og:site_name\" content=\"Medicinas Inc\" \/>\n<meta property=\"article:modified_time\" content=\"2022-08-07T05:48:57+00:00\" \/>\n<meta property=\"og:image\" content=\"https:\/\/medicinasinc.com\/se\/wp-content\/uploads\/sites\/16\/2022\/02\/Buy-Ephenidine-Powder-1.jpg\" \/>\n\t<meta property=\"og:image:width\" content=\"1080\" \/>\n\t<meta property=\"og:image:height\" content=\"1166\" \/>\n\t<meta property=\"og:image:type\" content=\"image\/jpeg\" \/>\n<meta name=\"twitter:card\" content=\"summary_large_image\" \/>\n<meta name=\"twitter:label1\" content=\"Ber\u00e4knad l\u00e4stid\" \/>\n\t<meta name=\"twitter:data1\" content=\"2 minuter\" \/>\n<script type=\"application\/ld+json\" class=\"yoast-schema-graph\">{\"@context\":\"https:\\\/\\\/schema.org\",\"@graph\":[{\"@type\":\"WebPage\",\"@id\":\"https:\\\/\\\/medicinasinc.com\\\/se\\\/product\\\/kopa-efenidin-pulver\\\/\",\"url\":\"https:\\\/\\\/medicinasinc.com\\\/se\\\/product\\\/kopa-efenidin-pulver\\\/\",\"name\":\"K\u00f6p efenidin pulver - efenidin pulver online - b\u00e4sta globala mediciner\",\"isPartOf\":{\"@id\":\"https:\\\/\\\/medicinasinc.com\\\/se\\\/#website\"},\"primaryImageOfPage\":{\"@id\":\"https:\\\/\\\/medicinasinc.com\\\/se\\\/product\\\/kopa-efenidin-pulver\\\/#primaryimage\"},\"image\":{\"@id\":\"https:\\\/\\\/medicinasinc.com\\\/se\\\/product\\\/kopa-efenidin-pulver\\\/#primaryimage\"},\"thumbnailUrl\":\"https:\\\/\\\/medicinasinc.com\\\/se\\\/wp-content\\\/uploads\\\/sites\\\/16\\\/2022\\\/02\\\/Buy-Ephenidine-Powder-1.jpg\",\"datePublished\":\"2022-02-22T04:23:00+00:00\",\"dateModified\":\"2022-08-07T05:48:57+00:00\",\"description\":\"K\u00f6p h\u00f6grent efenidinpulver till salu i Storbritannien, Europa, AU i v\u00e5r medicinasinc.com onlinebutik med snabb leverans \u00f6ver hela v\u00e4rlden! Det b\u00e4sta efenidinpulvret f\u00f6r best\u00e4llning hittar du h\u00e4r!\",\"breadcrumb\":{\"@id\":\"https:\\\/\\\/medicinasinc.com\\\/se\\\/product\\\/kopa-efenidin-pulver\\\/#breadcrumb\"},\"inLanguage\":\"sv-SE\",\"potentialAction\":[{\"@type\":\"ReadAction\",\"target\":[\"https:\\\/\\\/medicinasinc.com\\\/se\\\/product\\\/kopa-efenidin-pulver\\\/\"]}]},{\"@type\":\"ImageObject\",\"inLanguage\":\"sv-SE\",\"@id\":\"https:\\\/\\\/medicinasinc.com\\\/se\\\/product\\\/kopa-efenidin-pulver\\\/#primaryimage\",\"url\":\"https:\\\/\\\/medicinasinc.com\\\/se\\\/wp-content\\\/uploads\\\/sites\\\/16\\\/2022\\\/02\\\/Buy-Ephenidine-Powder-1.jpg\",\"contentUrl\":\"https:\\\/\\\/medicinasinc.com\\\/se\\\/wp-content\\\/uploads\\\/sites\\\/16\\\/2022\\\/02\\\/Buy-Ephenidine-Powder-1.jpg\",\"width\":1080,\"height\":1166},{\"@type\":\"BreadcrumbList\",\"@id\":\"https:\\\/\\\/medicinasinc.com\\\/se\\\/product\\\/kopa-efenidin-pulver\\\/#breadcrumb\",\"itemListElement\":[{\"@type\":\"ListItem\",\"position\":1,\"name\":\"aff\u00e4r\",\"item\":\"https:\\\/\\\/medicinasinc.com\\\/se\\\/affar\\\/\"},{\"@type\":\"ListItem\",\"position\":2,\"name\":\"K\u00f6p Efenidin pulver\"}]},{\"@type\":\"WebSite\",\"@id\":\"https:\\\/\\\/medicinasinc.com\\\/se\\\/#website\",\"url\":\"https:\\\/\\\/medicinasinc.com\\\/se\\\/\",\"name\":\"Medicinas Inc\",\"description\":\"Health Medical Clinic\",\"potentialAction\":[{\"@type\":\"SearchAction\",\"target\":{\"@type\":\"EntryPoint\",\"urlTemplate\":\"https:\\\/\\\/medicinasinc.com\\\/se\\\/?s={search_term_string}\"},\"query-input\":{\"@type\":\"PropertyValueSpecification\",\"valueRequired\":true,\"valueName\":\"search_term_string\"}}],\"inLanguage\":\"sv-SE\"}]}<\/script>\n<!-- \/ Yoast SEO plugin. -->","yoast_head_json":{"title":"K\u00f6p efenidin pulver - efenidin pulver online - b\u00e4sta globala mediciner","description":"K\u00f6p h\u00f6grent efenidinpulver till salu i Storbritannien, Europa, AU i v\u00e5r medicinasinc.com onlinebutik med snabb leverans \u00f6ver hela v\u00e4rlden! Det b\u00e4sta efenidinpulvret f\u00f6r best\u00e4llning hittar du h\u00e4r!","robots":{"index":"index","follow":"follow","max-snippet":"max-snippet:-1","max-image-preview":"max-image-preview:large","max-video-preview":"max-video-preview:-1"},"canonical":"https:\/\/medicinasinc.com\/se\/product\/kopa-efenidin-pulver\/","og_locale":"sv_SE","og_type":"article","og_title":"K\u00f6p efenidin pulver - efenidin pulver online - b\u00e4sta globala mediciner","og_description":"K\u00f6p h\u00f6grent efenidinpulver till salu i Storbritannien, Europa, AU i v\u00e5r medicinasinc.com onlinebutik med snabb leverans \u00f6ver hela v\u00e4rlden! Det b\u00e4sta efenidinpulvret f\u00f6r best\u00e4llning hittar du h\u00e4r!","og_url":"https:\/\/medicinasinc.com\/se\/product\/kopa-efenidin-pulver\/","og_site_name":"Medicinas Inc","article_modified_time":"2022-08-07T05:48:57+00:00","og_image":[{"width":1080,"height":1166,"url":"https:\/\/medicinasinc.com\/se\/wp-content\/uploads\/sites\/16\/2022\/02\/Buy-Ephenidine-Powder-1.jpg","type":"image\/jpeg"}],"twitter_card":"summary_large_image","twitter_misc":{"Ber\u00e4knad l\u00e4stid":"2 minuter"},"schema":{"@context":"https:\/\/schema.org","@graph":[{"@type":"WebPage","@id":"https:\/\/medicinasinc.com\/se\/product\/kopa-efenidin-pulver\/","url":"https:\/\/medicinasinc.com\/se\/product\/kopa-efenidin-pulver\/","name":"K\u00f6p efenidin pulver - efenidin pulver online - b\u00e4sta globala mediciner","isPartOf":{"@id":"https:\/\/medicinasinc.com\/se\/#website"},"primaryImageOfPage":{"@id":"https:\/\/medicinasinc.com\/se\/product\/kopa-efenidin-pulver\/#primaryimage"},"image":{"@id":"https:\/\/medicinasinc.com\/se\/product\/kopa-efenidin-pulver\/#primaryimage"},"thumbnailUrl":"https:\/\/medicinasinc.com\/se\/wp-content\/uploads\/sites\/16\/2022\/02\/Buy-Ephenidine-Powder-1.jpg","datePublished":"2022-02-22T04:23:00+00:00","dateModified":"2022-08-07T05:48:57+00:00","description":"K\u00f6p h\u00f6grent efenidinpulver till salu i Storbritannien, Europa, AU i v\u00e5r medicinasinc.com onlinebutik med snabb leverans \u00f6ver hela v\u00e4rlden! Det b\u00e4sta efenidinpulvret f\u00f6r best\u00e4llning hittar du h\u00e4r!","breadcrumb":{"@id":"https:\/\/medicinasinc.com\/se\/product\/kopa-efenidin-pulver\/#breadcrumb"},"inLanguage":"sv-SE","potentialAction":[{"@type":"ReadAction","target":["https:\/\/medicinasinc.com\/se\/product\/kopa-efenidin-pulver\/"]}]},{"@type":"ImageObject","inLanguage":"sv-SE","@id":"https:\/\/medicinasinc.com\/se\/product\/kopa-efenidin-pulver\/#primaryimage","url":"https:\/\/medicinasinc.com\/se\/wp-content\/uploads\/sites\/16\/2022\/02\/Buy-Ephenidine-Powder-1.jpg","contentUrl":"https:\/\/medicinasinc.com\/se\/wp-content\/uploads\/sites\/16\/2022\/02\/Buy-Ephenidine-Powder-1.jpg","width":1080,"height":1166},{"@type":"BreadcrumbList","@id":"https:\/\/medicinasinc.com\/se\/product\/kopa-efenidin-pulver\/#breadcrumb","itemListElement":[{"@type":"ListItem","position":1,"name":"aff\u00e4r","item":"https:\/\/medicinasinc.com\/se\/affar\/"},{"@type":"ListItem","position":2,"name":"K\u00f6p Efenidin pulver"}]},{"@type":"WebSite","@id":"https:\/\/medicinasinc.com\/se\/#website","url":"https:\/\/medicinasinc.com\/se\/","name":"Medicinas Inc","description":"Health Medical Clinic","potentialAction":[{"@type":"SearchAction","target":{"@type":"EntryPoint","urlTemplate":"https:\/\/medicinasinc.com\/se\/?s={search_term_string}"},"query-input":{"@type":"PropertyValueSpecification","valueRequired":true,"valueName":"search_term_string"}}],"inLanguage":"sv-SE"}]}},"_links":{"self":[{"href":"https:\/\/medicinasinc.com\/se\/wp-json\/wp\/v2\/product\/5696","targetHints":{"allow":["GET"]}}],"collection":[{"href":"https:\/\/medicinasinc.com\/se\/wp-json\/wp\/v2\/product"}],"about":[{"href":"https:\/\/medicinasinc.com\/se\/wp-json\/wp\/v2\/types\/product"}],"replies":[{"embeddable":true,"href":"https:\/\/medicinasinc.com\/se\/wp-json\/wp\/v2\/comments?post=5696"}],"wp:featuredmedia":[{"embeddable":true,"href":"https:\/\/medicinasinc.com\/se\/wp-json\/wp\/v2\/media\/5707"}],"wp:attachment":[{"href":"https:\/\/medicinasinc.com\/se\/wp-json\/wp\/v2\/media?parent=5696"}],"wp:term":[{"taxonomy":"product_brand","embeddable":true,"href":"https:\/\/medicinasinc.com\/se\/wp-json\/wp\/v2\/product_brand?post=5696"},{"taxonomy":"product_cat","embeddable":true,"href":"https:\/\/medicinasinc.com\/se\/wp-json\/wp\/v2\/product_cat?post=5696"},{"taxonomy":"product_tag","embeddable":true,"href":"https:\/\/medicinasinc.com\/se\/wp-json\/wp\/v2\/product_tag?post=5696"}],"curies":[{"name":"wp","href":"https:\/\/api.w.org\/{rel}","templated":true}]}}