{"id":5686,"date":"2022-02-22T04:12:43","date_gmt":"2022-02-22T04:12:43","guid":{"rendered":"https:\/\/medicinasinc.com\/se\/?post_type=product&#038;p=5686"},"modified":"2022-07-03T23:17:09","modified_gmt":"2022-07-03T23:17:09","slug":"kop-ald-52-pulver","status":"publish","type":"product","link":"https:\/\/medicinasinc.com\/se\/product\/kop-ald-52-pulver\/","title":{"rendered":"K\u00f6p ALD-52 pulver"},"content":{"rendered":"<p><a href=\"https:\/\/www.bestglobalmeds.com\/product\/research-chemicals\/buy-ald-52-powder\/\"><strong>ALD-52-pulver<\/strong><\/a>. Grossist och leverant\u00f6r av rent\u00a0<em>ALD-52-pulver<\/em>\u00a0till l\u00e4gsta pris och olika farmaceutiska r\u00e5varor med &gt;99 % renhet, forskningskemikalier och generisk medicin. S\u00e4ker och diskret f\u00f6rpackning med sp\u00e5rad frakt.<\/p>\n<p>ALD-52, \u00e4ven k\u00e4nd som 1-acetyl-LSD, \u00e4r en kemisk analog till lysergsyradietylamid (LSD). Det \u00e4r en psykedelisk substans av lysergamidklassen som ger LSD-liknande psykedeliska effekter n\u00e4r det administreras.<\/p>\n<p class=\"h2_style\">Snabb information<\/p>\n<p>Produktnamn: <a href=\"https:\/\/www.bestglobalmeds.com\/product\/research-chemicals\/buy-ald-52-powder\/\">ALD-52<\/a><br \/> Synonymer: ALD-52, 1-acetyl-LSD, 1A-LSD , 1A-LAD<br \/> CAS-nr: 3270-02-8<br \/> Molekylformel: C22H27N3O2<br \/> IUPAC: (6aR,9R)-4-Acetyl-N,N-dietyl-7-metyl -4,6,6a,7,8,9-hexahydroindolo[4,3-fg]kinolin-9-karboxamid<br \/> Molekylvikt: 365,477 g\/mol<br \/> Renhet: 99,6 %<br \/> Utseende : Vitt kristallint pulver \/ benvitt pulver<\/p>\n<h2>ALD-52 Powder Supplier<\/h2>\n<p>En av Europas ledande leverant\u00f6rer av l\u00e4kemedelsr\u00e5varor, vi \u00e4r k\u00e4nda f\u00f6r det exceptionella sortimentet av produkter och v\u00e5ra generiska l\u00e4kemedel av h\u00f6g kvalitet, drop-shipping-tj\u00e4nster. Eftersom vi \u00e4r en ALD-52 Powder Grossist str\u00e4var vi efter att leverera h\u00f6gkvalitativa och kostnadseffektiva produkter p\u00e5 marknaden.<\/p>\n<div class=\"product-next-previous\">\n<div class=\"product-prev\"><\/div><\/div>\n","protected":false},"excerpt":{"rendered":"<p>Det b\u00e4sta st\u00e4llet att k\u00f6pa ALD-52 Powder \u00e4r fr\u00e5n Storbritannien. Du kan ocks\u00e5 k\u00f6pa den fr\u00e5n Europa, Australien och EU f\u00f6r ett billigt pris. K\u00f6p ALD-52 Powder 2022, ALD-52 Powder Overnight Delivery, ALD-52 Powder Price.<\/p>\n<p>Ett av f\u00f6retagen som tillverkar och s\u00e4ljer ALD-52.<\/p>\n<p>onlinebutik: k\u00f6p ALD-52 online, ALD-52 till salu, ALD-52-leverant\u00f6r, ALD-52-pulver, k\u00f6p det nu<\/p>\n<p>ALD-52\u00a0reddit. Frakten \u00e4r gratis.<\/p>\n<p>Du kan k\u00f6pa rent pulver med 10 mg ALD-52 till f\u00f6rs\u00e4ljning online.<\/p>\n<p>&nbsp;<\/p>\n<p><strong>25%<\/strong> &gt;\u00a0av f\u00f6r\u00a0<strong>40 mg\u00a0<\/strong>och upp\u00e5t. Kupongkod: bhobos2018z<\/p>\n<table class=\"table\">\n<tbody>\n<tr>\n<th><span style=\"font-weight: 400\">Min.best\u00e4llningskvantitet:<\/span><\/th>\n<td>10 g<\/td>\n<\/tr>\n<tr>\n<th><span style=\"font-weight: 400\">F\u00f6rs\u00f6rjningsf\u00f6rm\u00e5ga:<\/span><\/th>\n<td>100 kg\/m\u00e5nad<\/td>\n<\/tr>\n<tr>\n<th><span style=\"font-weight: 400\">Port:<\/span><\/th>\n<td>Warszawa, Nederl\u00e4nderna<\/td>\n<\/tr>\n<tr>\n<th><span style=\"font-weight: 400\">Betalningsvillkor:<\/span><\/th>\n<td>Bank\u00f6verf\u00f6ring, Bitcoin, WU\/MG, \u00d6vrigt<\/td>\n<\/tr>\n<tr>\n<th><span style=\"font-weight: 400\">F\u00f6rpackningsdetaljer:<\/span><\/th>\n<td>P\u00e5 kundf\u00f6rfr\u00e5gan<\/td>\n<\/tr>\n<tr>\n<th><span style=\"font-weight: 400\">Leveransinformation:<\/span><\/th>\n<td>DPD, Express Shipping, Pharma Courier EU<\/td>\n<\/tr>\n<\/tbody>\n<\/table>\n","protected":false},"featured_media":5699,"comment_status":"open","ping_status":"closed","template":"","meta":[],"product_brand":[],"product_cat":[2014],"product_tag":[3574,3577,3578,3576,3582,3580,3581,3579,3575,3583,3587,3586,3585,3584,3588,3589,3590],"class_list":{"0":"post-5686","1":"product","2":"type-product","3":"status-publish","4":"has-post-thumbnail","6":"product_cat-kop-research-chemicals","7":"product_tag-ald-52-dosering","8":"product_tag-ald-52-powder-effect","9":"product_tag-ald-52-powder-for-sale","10":"product_tag-ald-52-pulver","11":"product_tag-ald-52-pulver-grossist","12":"product_tag-ald-52-powder-reddit","13":"product_tag-ald-52-pulver-leverantr","14":"product_tag-ald-52-powder-order","15":"product_tag-ald-52-till-salu","16":"product_tag-best-place-to-order-ald-52","17":"product_tag-order-ald-52-pulver","18":"product_tag-buy-ald-52-powder-online","19":"product_tag-kp-ald-52-pulver","20":"product_tag-k-c3-b6p-ald-52","21":"product_tag-pure-ald-52-powder","22":"product_tag-pure-ald-52-powder-google","23":"product_tag-vad-r-ald-52-pulver","25":"first","26":"instock","27":"shipping-taxable","28":"purchasable","29":"product-type-simple"},"yoast_head":"<!-- This site is optimized with the Yoast SEO plugin v27.3 - https:\/\/yoast.com\/product\/yoast-seo-wordpress\/ -->\n<title>K\u00f6p ALD-52 Powder - ALD-52 Powder Online - Best Global Meds<\/title>\n<meta name=\"description\" content=\"K\u00f6p K\u00f6p ALD-52-pulver till f\u00f6rs\u00e4ljning i Storbritannien, Europa, AU, EU, best\u00e4ll billigt\u00a0K\u00f6p ALD-52-pulver\u00a02022, var du kan\u00a0k\u00f6pa\u00a0h\u00f6gkvalitativt\u00a0k\u00f6p ALD-52-pulver \u00f6ver natten,\u00a0ALD-52\u00a0pulver\u00a0pris.\" \/>\n<meta name=\"robots\" content=\"index, follow, max-snippet:-1, max-image-preview:large, max-video-preview:-1\" \/>\n<link rel=\"canonical\" href=\"https:\/\/medicinasinc.com\/se\/product\/kop-ald-52-pulver\/\" \/>\n<meta property=\"og:locale\" content=\"sv_SE\" \/>\n<meta property=\"og:type\" content=\"article\" \/>\n<meta property=\"og:title\" content=\"K\u00f6p ALD-52 Powder - ALD-52 Powder Online - Best Global Meds\" \/>\n<meta property=\"og:description\" content=\"K\u00f6p K\u00f6p ALD-52-pulver till f\u00f6rs\u00e4ljning i Storbritannien, Europa, AU, EU, best\u00e4ll billigt\u00a0K\u00f6p ALD-52-pulver\u00a02022, var du kan\u00a0k\u00f6pa\u00a0h\u00f6gkvalitativt\u00a0k\u00f6p ALD-52-pulver \u00f6ver natten,\u00a0ALD-52\u00a0pulver\u00a0pris.\" \/>\n<meta property=\"og:url\" content=\"https:\/\/medicinasinc.com\/se\/product\/kop-ald-52-pulver\/\" \/>\n<meta property=\"og:site_name\" content=\"Medicinas Inc\" \/>\n<meta property=\"article:modified_time\" content=\"2022-07-03T23:17:09+00:00\" \/>\n<meta property=\"og:image\" content=\"https:\/\/medicinasinc.com\/se\/wp-content\/uploads\/sites\/16\/2022\/02\/Buy-ALD-52-Powder.jpg\" \/>\n\t<meta property=\"og:image:width\" content=\"1080\" \/>\n\t<meta property=\"og:image:height\" content=\"995\" \/>\n\t<meta property=\"og:image:type\" content=\"image\/jpeg\" \/>\n<meta name=\"twitter:card\" content=\"summary_large_image\" \/>\n<meta name=\"twitter:label1\" content=\"Ber\u00e4knad l\u00e4stid\" \/>\n\t<meta name=\"twitter:data1\" content=\"1 minut\" \/>\n<script type=\"application\/ld+json\" class=\"yoast-schema-graph\">{\"@context\":\"https:\\\/\\\/schema.org\",\"@graph\":[{\"@type\":\"WebPage\",\"@id\":\"https:\\\/\\\/medicinasinc.com\\\/se\\\/product\\\/kop-ald-52-pulver\\\/\",\"url\":\"https:\\\/\\\/medicinasinc.com\\\/se\\\/product\\\/kop-ald-52-pulver\\\/\",\"name\":\"K\u00f6p ALD-52 Powder - ALD-52 Powder Online - Best Global Meds\",\"isPartOf\":{\"@id\":\"https:\\\/\\\/medicinasinc.com\\\/se\\\/#website\"},\"primaryImageOfPage\":{\"@id\":\"https:\\\/\\\/medicinasinc.com\\\/se\\\/product\\\/kop-ald-52-pulver\\\/#primaryimage\"},\"image\":{\"@id\":\"https:\\\/\\\/medicinasinc.com\\\/se\\\/product\\\/kop-ald-52-pulver\\\/#primaryimage\"},\"thumbnailUrl\":\"https:\\\/\\\/medicinasinc.com\\\/se\\\/wp-content\\\/uploads\\\/sites\\\/16\\\/2022\\\/02\\\/Buy-ALD-52-Powder.jpg\",\"datePublished\":\"2022-02-22T04:12:43+00:00\",\"dateModified\":\"2022-07-03T23:17:09+00:00\",\"description\":\"K\u00f6p K\u00f6p ALD-52-pulver till f\u00f6rs\u00e4ljning i Storbritannien, Europa, AU, EU, best\u00e4ll billigt\u00a0K\u00f6p ALD-52-pulver\u00a02022, var du kan\u00a0k\u00f6pa\u00a0h\u00f6gkvalitativt\u00a0k\u00f6p ALD-52-pulver \u00f6ver natten,\u00a0ALD-52\u00a0pulver\u00a0pris.\",\"breadcrumb\":{\"@id\":\"https:\\\/\\\/medicinasinc.com\\\/se\\\/product\\\/kop-ald-52-pulver\\\/#breadcrumb\"},\"inLanguage\":\"sv-SE\",\"potentialAction\":[{\"@type\":\"ReadAction\",\"target\":[\"https:\\\/\\\/medicinasinc.com\\\/se\\\/product\\\/kop-ald-52-pulver\\\/\"]}]},{\"@type\":\"ImageObject\",\"inLanguage\":\"sv-SE\",\"@id\":\"https:\\\/\\\/medicinasinc.com\\\/se\\\/product\\\/kop-ald-52-pulver\\\/#primaryimage\",\"url\":\"https:\\\/\\\/medicinasinc.com\\\/se\\\/wp-content\\\/uploads\\\/sites\\\/16\\\/2022\\\/02\\\/Buy-ALD-52-Powder.jpg\",\"contentUrl\":\"https:\\\/\\\/medicinasinc.com\\\/se\\\/wp-content\\\/uploads\\\/sites\\\/16\\\/2022\\\/02\\\/Buy-ALD-52-Powder.jpg\",\"width\":1080,\"height\":995},{\"@type\":\"BreadcrumbList\",\"@id\":\"https:\\\/\\\/medicinasinc.com\\\/se\\\/product\\\/kop-ald-52-pulver\\\/#breadcrumb\",\"itemListElement\":[{\"@type\":\"ListItem\",\"position\":1,\"name\":\"aff\u00e4r\",\"item\":\"https:\\\/\\\/medicinasinc.com\\\/se\\\/affar\\\/\"},{\"@type\":\"ListItem\",\"position\":2,\"name\":\"K\u00f6p ALD-52 pulver\"}]},{\"@type\":\"WebSite\",\"@id\":\"https:\\\/\\\/medicinasinc.com\\\/se\\\/#website\",\"url\":\"https:\\\/\\\/medicinasinc.com\\\/se\\\/\",\"name\":\"Medicinas Inc\",\"description\":\"Health Medical Clinic\",\"potentialAction\":[{\"@type\":\"SearchAction\",\"target\":{\"@type\":\"EntryPoint\",\"urlTemplate\":\"https:\\\/\\\/medicinasinc.com\\\/se\\\/?s={search_term_string}\"},\"query-input\":{\"@type\":\"PropertyValueSpecification\",\"valueRequired\":true,\"valueName\":\"search_term_string\"}}],\"inLanguage\":\"sv-SE\"}]}<\/script>\n<!-- \/ Yoast SEO plugin. -->","yoast_head_json":{"title":"K\u00f6p ALD-52 Powder - ALD-52 Powder Online - Best Global Meds","description":"K\u00f6p K\u00f6p ALD-52-pulver till f\u00f6rs\u00e4ljning i Storbritannien, Europa, AU, EU, best\u00e4ll billigt\u00a0K\u00f6p ALD-52-pulver\u00a02022, var du kan\u00a0k\u00f6pa\u00a0h\u00f6gkvalitativt\u00a0k\u00f6p ALD-52-pulver \u00f6ver natten,\u00a0ALD-52\u00a0pulver\u00a0pris.","robots":{"index":"index","follow":"follow","max-snippet":"max-snippet:-1","max-image-preview":"max-image-preview:large","max-video-preview":"max-video-preview:-1"},"canonical":"https:\/\/medicinasinc.com\/se\/product\/kop-ald-52-pulver\/","og_locale":"sv_SE","og_type":"article","og_title":"K\u00f6p ALD-52 Powder - ALD-52 Powder Online - Best Global Meds","og_description":"K\u00f6p K\u00f6p ALD-52-pulver till f\u00f6rs\u00e4ljning i Storbritannien, Europa, AU, EU, best\u00e4ll billigt\u00a0K\u00f6p ALD-52-pulver\u00a02022, var du kan\u00a0k\u00f6pa\u00a0h\u00f6gkvalitativt\u00a0k\u00f6p ALD-52-pulver \u00f6ver natten,\u00a0ALD-52\u00a0pulver\u00a0pris.","og_url":"https:\/\/medicinasinc.com\/se\/product\/kop-ald-52-pulver\/","og_site_name":"Medicinas Inc","article_modified_time":"2022-07-03T23:17:09+00:00","og_image":[{"width":1080,"height":995,"url":"https:\/\/medicinasinc.com\/se\/wp-content\/uploads\/sites\/16\/2022\/02\/Buy-ALD-52-Powder.jpg","type":"image\/jpeg"}],"twitter_card":"summary_large_image","twitter_misc":{"Ber\u00e4knad l\u00e4stid":"1 minut"},"schema":{"@context":"https:\/\/schema.org","@graph":[{"@type":"WebPage","@id":"https:\/\/medicinasinc.com\/se\/product\/kop-ald-52-pulver\/","url":"https:\/\/medicinasinc.com\/se\/product\/kop-ald-52-pulver\/","name":"K\u00f6p ALD-52 Powder - ALD-52 Powder Online - Best Global Meds","isPartOf":{"@id":"https:\/\/medicinasinc.com\/se\/#website"},"primaryImageOfPage":{"@id":"https:\/\/medicinasinc.com\/se\/product\/kop-ald-52-pulver\/#primaryimage"},"image":{"@id":"https:\/\/medicinasinc.com\/se\/product\/kop-ald-52-pulver\/#primaryimage"},"thumbnailUrl":"https:\/\/medicinasinc.com\/se\/wp-content\/uploads\/sites\/16\/2022\/02\/Buy-ALD-52-Powder.jpg","datePublished":"2022-02-22T04:12:43+00:00","dateModified":"2022-07-03T23:17:09+00:00","description":"K\u00f6p K\u00f6p ALD-52-pulver till f\u00f6rs\u00e4ljning i Storbritannien, Europa, AU, EU, best\u00e4ll billigt\u00a0K\u00f6p ALD-52-pulver\u00a02022, var du kan\u00a0k\u00f6pa\u00a0h\u00f6gkvalitativt\u00a0k\u00f6p ALD-52-pulver \u00f6ver natten,\u00a0ALD-52\u00a0pulver\u00a0pris.","breadcrumb":{"@id":"https:\/\/medicinasinc.com\/se\/product\/kop-ald-52-pulver\/#breadcrumb"},"inLanguage":"sv-SE","potentialAction":[{"@type":"ReadAction","target":["https:\/\/medicinasinc.com\/se\/product\/kop-ald-52-pulver\/"]}]},{"@type":"ImageObject","inLanguage":"sv-SE","@id":"https:\/\/medicinasinc.com\/se\/product\/kop-ald-52-pulver\/#primaryimage","url":"https:\/\/medicinasinc.com\/se\/wp-content\/uploads\/sites\/16\/2022\/02\/Buy-ALD-52-Powder.jpg","contentUrl":"https:\/\/medicinasinc.com\/se\/wp-content\/uploads\/sites\/16\/2022\/02\/Buy-ALD-52-Powder.jpg","width":1080,"height":995},{"@type":"BreadcrumbList","@id":"https:\/\/medicinasinc.com\/se\/product\/kop-ald-52-pulver\/#breadcrumb","itemListElement":[{"@type":"ListItem","position":1,"name":"aff\u00e4r","item":"https:\/\/medicinasinc.com\/se\/affar\/"},{"@type":"ListItem","position":2,"name":"K\u00f6p ALD-52 pulver"}]},{"@type":"WebSite","@id":"https:\/\/medicinasinc.com\/se\/#website","url":"https:\/\/medicinasinc.com\/se\/","name":"Medicinas Inc","description":"Health Medical Clinic","potentialAction":[{"@type":"SearchAction","target":{"@type":"EntryPoint","urlTemplate":"https:\/\/medicinasinc.com\/se\/?s={search_term_string}"},"query-input":{"@type":"PropertyValueSpecification","valueRequired":true,"valueName":"search_term_string"}}],"inLanguage":"sv-SE"}]}},"_links":{"self":[{"href":"https:\/\/medicinasinc.com\/se\/wp-json\/wp\/v2\/product\/5686","targetHints":{"allow":["GET"]}}],"collection":[{"href":"https:\/\/medicinasinc.com\/se\/wp-json\/wp\/v2\/product"}],"about":[{"href":"https:\/\/medicinasinc.com\/se\/wp-json\/wp\/v2\/types\/product"}],"replies":[{"embeddable":true,"href":"https:\/\/medicinasinc.com\/se\/wp-json\/wp\/v2\/comments?post=5686"}],"wp:featuredmedia":[{"embeddable":true,"href":"https:\/\/medicinasinc.com\/se\/wp-json\/wp\/v2\/media\/5699"}],"wp:attachment":[{"href":"https:\/\/medicinasinc.com\/se\/wp-json\/wp\/v2\/media?parent=5686"}],"wp:term":[{"taxonomy":"product_brand","embeddable":true,"href":"https:\/\/medicinasinc.com\/se\/wp-json\/wp\/v2\/product_brand?post=5686"},{"taxonomy":"product_cat","embeddable":true,"href":"https:\/\/medicinasinc.com\/se\/wp-json\/wp\/v2\/product_cat?post=5686"},{"taxonomy":"product_tag","embeddable":true,"href":"https:\/\/medicinasinc.com\/se\/wp-json\/wp\/v2\/product_tag?post=5686"}],"curies":[{"name":"wp","href":"https:\/\/api.w.org\/{rel}","templated":true}]}}