{"id":5685,"date":"2022-02-22T04:11:15","date_gmt":"2022-02-22T04:11:15","guid":{"rendered":"https:\/\/medicinasinc.com\/se\/?post_type=product&#038;p=5685"},"modified":"2022-07-03T23:17:19","modified_gmt":"2022-07-03T23:17:19","slug":"kop-pumpa-det-badsalt","status":"publish","type":"product","link":"https:\/\/medicinasinc.com\/se\/product\/kop-pumpa-det-badsalt\/","title":{"rendered":"K\u00f6p Pump It Badsalt"},"content":{"rendered":"<p>Det \u00e4r en bra id\u00e9 att k\u00f6pa Pump-It Powder-badsalt<\/p>\n<p>K\u00f6p Pump-It Powder-badsalt fr\u00e5n en p\u00e5litlig k\u00e4lla. Vi s\u00e4ljer de b\u00e4sta badprodukterna, som badsalt. Badsalt kommer att ge dig ett smidigt, sensuellt bad som g\u00f6r att du k\u00e4nner dig ren efter att du har anv\u00e4nt dem. V\u00e5ra kunder kan dock vara s\u00e4kra p\u00e5 att de kommer att f\u00e5 de b\u00e4sta produkterna p\u00e5 marknaden. Men vi s\u00e4ljer och k\u00f6per \u00e4ven andra koncentrerade badsalt till bra priser.<\/p>\n<p>V\u00e5ra badsalt luktar starkt.<\/p>\n<p>Pump-It Powder Badsalt \u00e4r t\u00e4nkt att g\u00f6ra din badupplevelse \u00e4nnu mer sp\u00e4nnande, energisk och euforisk. En liten summa \u00e4r allt som beh\u00f6vs f\u00f6r att g\u00f6ra stor skillnad. Du kan dock bara l\u00e4gga till en liten m\u00e4ngd i ett varmt bad f\u00f6r att naturligt mjuka upp vattnet, vilket kommer att f\u00e5 dig att k\u00e4nna dig mycket energisk och glad efter\u00e5t. Men det anv\u00e4nds f\u00f6r att se ut som de naturliga varma k\u00e4llorna i det grekiska havet. Anv\u00e4nd Pump-It Powder sparsamt i b\u00f6rjan, eftersom f\u00f6r mycket kommer att g\u00f6ra ditt badvatten smutsigt och g\u00f6ra dig olycklig. Men om du anv\u00e4nder Pump-It Powder p\u00e5 r\u00e4tt s\u00e4tt kan det hj\u00e4lpa dig att ta dig till platser du trodde var om\u00f6jliga.<\/p>\n<p>Relaterade f\u00f6rem\u00e5l:<br \/> Du kan se n\u00e5gra av v\u00e5ra ursprungliga badsalt i listan nedan .<br \/> Det \u00e4r 500 mg koncentrerade badsalt fr\u00e5n Rave On.<br \/> \u00c5tta Ballz-badsalt har 500 mg av dem.<br \/> Premium-badsalt fr\u00e5n Hollywood \u00e4r 1 gram.<br \/> 500mg DIAMOND DUST<br \/> En matsked har 500mg pulver.<br \/> Black Diamond Novelty Powder \u00e4r gjord av Black Diamond.<br \/> Det \u00e4r 500mg Pump-it Powder fr\u00e5n Eight Ballz.<br \/> 500mg White Rush Bath Salter<br \/> Ivory Wave Ultra Bath Salts inneh\u00e5ller 500 mg av dem.<br \/> Ivory Wave 500 mg badsalt<br \/> I det h\u00e4r fallet finns 500 mg Lady Bubbles badsalt i f\u00f6rpackningen.<br \/> Cloud 9 badsalt har 500 mg av dem.<br \/> Det finns 500 mg Heavenly Soak Euphoric \u2013 Novelty Powder i denna flaska.<br \/> Det \u00e4r 500 mg Heavenly Soak \u2013 Energy \u2013 Fun Powder.<br \/> 500 mg Sky \u2013 Fun Pulver<br \/> Det finns 500mg nyhet pow der in Molly&#8217;s Blend \u2013<\/p>\n<p>&nbsp;<\/p>\n<p>Vanilla Sky Bath Salts 500mg, Fizz Concentrated Baths Salts 500mg, Bolivian Ivory Wave Recharge Badsalt 500mg, White Girl Koncentrerat badsalt 500mg, Koncentrerad Badsalt 500mg, X-klassade badsalt 500mg<br \/> Elfenbensl\u00e4ta 500mg badsalt<br \/> 50mg Blue Wave-badsalt<br \/> Blue Silk \u00e4r 500mg badsalt.<br \/> I det h\u00e4r fallet 500mg Bolivianska badsalt anv\u00e4ndes.<br \/> Badsalt fr\u00e5n G Pheonix<\/p>\n<p>&nbsp;<\/p>\n<p>I det h\u00e4r fallet \u00e4r White Girl 500mg koncentrerade badsalt vad du beh\u00f6ver.<br \/> 500mg White Lady Bath Salts<br \/> Bliss Concentrated Bath Salts har 500mg salt i varje p\u00e5se.<br \/> Snow Leopard Bath Salts har 500mg av dem i varje p\u00e5se.<br \/> 500mg extra badsalt fr\u00e5n Lunar Vinka. 500mg koncentrerat badsalt fr\u00e5n White Horse.<br \/> 500mg uppiggande badsalt<br \/> 500mg Cloud 10 Bath Salt<br \/> Blue Magic: 500mg badsalt<br \/> Badsalt med namnet Scarface har 500mg av det.<br \/> M\u00e5nga fler m\u00e4nniskor ocks\u00e5.<\/p>\n","protected":false},"excerpt":{"rendered":"<p>I v\u00e5r medicinasinc.com\/se onlinebutik kan du k\u00f6pa Pump It Bath Salt till f\u00f6rs\u00e4ljning i Storbritannien, Europa och Australien, och vi skickar det direkt. Du kan k\u00f6pa det b\u00e4sta Pump It Bath Salt h\u00e4r!<\/p>\n<p>Det \u00e4r s\u00e4kert att k\u00f6pa Pump It Up Bath Salt fr\u00e5n Global medicinas Bath Salts. Vi s\u00e4ljer koncentrerade K2-badsalt till l\u00e5ga priser p\u00e5 internet.<\/p>\n<p>Till b\u00e4sta pris kan du k\u00f6pa Pump It-badsalt online fr\u00e5n en butik. Vi lovar s\u00e4ker och s\u00e4ker frakt \u00f6ver hela v\u00e4rlden.<\/p>\n<p>Var vill du k\u00f6pa &#8220;Pump-It Powder Bath Salts&#8221;? Best Global Meds ger dig chansen att k\u00f6pa amped badsalt till f\u00f6rs\u00e4ljning online.<\/p>\n","protected":false},"featured_media":5697,"comment_status":"open","ping_status":"closed","template":"","meta":[],"product_brand":[],"product_cat":[2014],"product_tag":[3567,3565,3566,3569,3570,3568,3571,3572,3573],"class_list":{"0":"post-5685","1":"product","2":"type-product","3":"status-publish","4":"has-post-thumbnail","6":"product_cat-kop-research-chemicals","7":"product_tag-bestlla-pumpa-det-badsalt","8":"product_tag-buy-pump-it-bath-salt","9":"product_tag-buy-pump-it-powder-bath-salts","10":"product_tag-pump-it-bad-salt-effekt","11":"product_tag-pump-it-bath-salt-for-sale","12":"product_tag-pumpa-det-badsalt-kpa","13":"product_tag-pump-it-bad-salt-ordning","14":"product_tag-pumpa-det-badsalt-pwder","15":"product_tag-pump-it-bad-salt-reddit","17":"first","18":"instock","19":"featured","20":"shipping-taxable","21":"purchasable","22":"product-type-variable","23":"has-default-attributes"},"yoast_head":"<!-- This site is optimized with the Yoast SEO plugin v27.3 - https:\/\/yoast.com\/product\/yoast-seo-wordpress\/ -->\n<title>K\u00f6p Pump It Bath Salt - Pump It Bath Salt - Best Global Meds<\/title>\n<meta name=\"description\" content=\"K\u00f6p Pump It Bath Salt till salu i Storbritannien, Europa, AU i v\u00e5r medicinasinc.com\/se onlinebutik med snabb leverans \u00f6ver hela v\u00e4rlden! Det b\u00e4sta Pump It-badsaltet f\u00f6r best\u00e4llning hittar du h\u00e4r!\" \/>\n<meta name=\"robots\" content=\"index, follow, max-snippet:-1, max-image-preview:large, max-video-preview:-1\" \/>\n<link rel=\"canonical\" href=\"https:\/\/medicinasinc.com\/se\/product\/kop-pumpa-det-badsalt\/\" \/>\n<meta property=\"og:locale\" content=\"sv_SE\" \/>\n<meta property=\"og:type\" content=\"article\" \/>\n<meta property=\"og:title\" content=\"K\u00f6p Pump It Bath Salt - Pump It Bath Salt - Best Global Meds\" \/>\n<meta property=\"og:description\" content=\"K\u00f6p Pump It Bath Salt till salu i Storbritannien, Europa, AU i v\u00e5r medicinasinc.com\/se onlinebutik med snabb leverans \u00f6ver hela v\u00e4rlden! Det b\u00e4sta Pump It-badsaltet f\u00f6r best\u00e4llning hittar du h\u00e4r!\" \/>\n<meta property=\"og:url\" content=\"https:\/\/medicinasinc.com\/se\/product\/kop-pumpa-det-badsalt\/\" \/>\n<meta property=\"og:site_name\" content=\"Medicinas Inc\" \/>\n<meta property=\"article:modified_time\" content=\"2022-07-03T23:17:19+00:00\" \/>\n<meta property=\"og:image\" content=\"https:\/\/medicinasinc.com\/se\/wp-content\/uploads\/sites\/16\/2022\/02\/Buy-Pump-It-Bath-Salt.jpg\" \/>\n\t<meta property=\"og:image:width\" content=\"600\" \/>\n\t<meta property=\"og:image:height\" content=\"600\" \/>\n\t<meta property=\"og:image:type\" content=\"image\/jpeg\" \/>\n<meta name=\"twitter:card\" content=\"summary_large_image\" \/>\n<meta name=\"twitter:label1\" content=\"Ber\u00e4knad l\u00e4stid\" \/>\n\t<meta name=\"twitter:data1\" content=\"3 minuter\" \/>\n<script type=\"application\/ld+json\" class=\"yoast-schema-graph\">{\"@context\":\"https:\\\/\\\/schema.org\",\"@graph\":[{\"@type\":\"WebPage\",\"@id\":\"https:\\\/\\\/medicinasinc.com\\\/se\\\/product\\\/kop-pumpa-det-badsalt\\\/\",\"url\":\"https:\\\/\\\/medicinasinc.com\\\/se\\\/product\\\/kop-pumpa-det-badsalt\\\/\",\"name\":\"K\u00f6p Pump It Bath Salt - Pump It Bath Salt - Best Global Meds\",\"isPartOf\":{\"@id\":\"https:\\\/\\\/medicinasinc.com\\\/se\\\/#website\"},\"primaryImageOfPage\":{\"@id\":\"https:\\\/\\\/medicinasinc.com\\\/se\\\/product\\\/kop-pumpa-det-badsalt\\\/#primaryimage\"},\"image\":{\"@id\":\"https:\\\/\\\/medicinasinc.com\\\/se\\\/product\\\/kop-pumpa-det-badsalt\\\/#primaryimage\"},\"thumbnailUrl\":\"https:\\\/\\\/medicinasinc.com\\\/se\\\/wp-content\\\/uploads\\\/sites\\\/16\\\/2022\\\/02\\\/Buy-Pump-It-Bath-Salt.jpg\",\"datePublished\":\"2022-02-22T04:11:15+00:00\",\"dateModified\":\"2022-07-03T23:17:19+00:00\",\"description\":\"K\u00f6p Pump It Bath Salt till salu i Storbritannien, Europa, AU i v\u00e5r medicinasinc.com\\\/se onlinebutik med snabb leverans \u00f6ver hela v\u00e4rlden! Det b\u00e4sta Pump It-badsaltet f\u00f6r best\u00e4llning hittar du h\u00e4r!\",\"breadcrumb\":{\"@id\":\"https:\\\/\\\/medicinasinc.com\\\/se\\\/product\\\/kop-pumpa-det-badsalt\\\/#breadcrumb\"},\"inLanguage\":\"sv-SE\",\"potentialAction\":[{\"@type\":\"ReadAction\",\"target\":[\"https:\\\/\\\/medicinasinc.com\\\/se\\\/product\\\/kop-pumpa-det-badsalt\\\/\"]}]},{\"@type\":\"ImageObject\",\"inLanguage\":\"sv-SE\",\"@id\":\"https:\\\/\\\/medicinasinc.com\\\/se\\\/product\\\/kop-pumpa-det-badsalt\\\/#primaryimage\",\"url\":\"https:\\\/\\\/medicinasinc.com\\\/se\\\/wp-content\\\/uploads\\\/sites\\\/16\\\/2022\\\/02\\\/Buy-Pump-It-Bath-Salt.jpg\",\"contentUrl\":\"https:\\\/\\\/medicinasinc.com\\\/se\\\/wp-content\\\/uploads\\\/sites\\\/16\\\/2022\\\/02\\\/Buy-Pump-It-Bath-Salt.jpg\",\"width\":600,\"height\":600},{\"@type\":\"BreadcrumbList\",\"@id\":\"https:\\\/\\\/medicinasinc.com\\\/se\\\/product\\\/kop-pumpa-det-badsalt\\\/#breadcrumb\",\"itemListElement\":[{\"@type\":\"ListItem\",\"position\":1,\"name\":\"aff\u00e4r\",\"item\":\"https:\\\/\\\/medicinasinc.com\\\/se\\\/affar\\\/\"},{\"@type\":\"ListItem\",\"position\":2,\"name\":\"K\u00f6p Pump It Badsalt\"}]},{\"@type\":\"WebSite\",\"@id\":\"https:\\\/\\\/medicinasinc.com\\\/se\\\/#website\",\"url\":\"https:\\\/\\\/medicinasinc.com\\\/se\\\/\",\"name\":\"Medicinas Inc\",\"description\":\"Health Medical Clinic\",\"potentialAction\":[{\"@type\":\"SearchAction\",\"target\":{\"@type\":\"EntryPoint\",\"urlTemplate\":\"https:\\\/\\\/medicinasinc.com\\\/se\\\/?s={search_term_string}\"},\"query-input\":{\"@type\":\"PropertyValueSpecification\",\"valueRequired\":true,\"valueName\":\"search_term_string\"}}],\"inLanguage\":\"sv-SE\"}]}<\/script>\n<!-- \/ Yoast SEO plugin. -->","yoast_head_json":{"title":"K\u00f6p Pump It Bath Salt - Pump It Bath Salt - Best Global Meds","description":"K\u00f6p Pump It Bath Salt till salu i Storbritannien, Europa, AU i v\u00e5r medicinasinc.com\/se onlinebutik med snabb leverans \u00f6ver hela v\u00e4rlden! Det b\u00e4sta Pump It-badsaltet f\u00f6r best\u00e4llning hittar du h\u00e4r!","robots":{"index":"index","follow":"follow","max-snippet":"max-snippet:-1","max-image-preview":"max-image-preview:large","max-video-preview":"max-video-preview:-1"},"canonical":"https:\/\/medicinasinc.com\/se\/product\/kop-pumpa-det-badsalt\/","og_locale":"sv_SE","og_type":"article","og_title":"K\u00f6p Pump It Bath Salt - Pump It Bath Salt - Best Global Meds","og_description":"K\u00f6p Pump It Bath Salt till salu i Storbritannien, Europa, AU i v\u00e5r medicinasinc.com\/se onlinebutik med snabb leverans \u00f6ver hela v\u00e4rlden! Det b\u00e4sta Pump It-badsaltet f\u00f6r best\u00e4llning hittar du h\u00e4r!","og_url":"https:\/\/medicinasinc.com\/se\/product\/kop-pumpa-det-badsalt\/","og_site_name":"Medicinas Inc","article_modified_time":"2022-07-03T23:17:19+00:00","og_image":[{"width":600,"height":600,"url":"https:\/\/medicinasinc.com\/se\/wp-content\/uploads\/sites\/16\/2022\/02\/Buy-Pump-It-Bath-Salt.jpg","type":"image\/jpeg"}],"twitter_card":"summary_large_image","twitter_misc":{"Ber\u00e4knad l\u00e4stid":"3 minuter"},"schema":{"@context":"https:\/\/schema.org","@graph":[{"@type":"WebPage","@id":"https:\/\/medicinasinc.com\/se\/product\/kop-pumpa-det-badsalt\/","url":"https:\/\/medicinasinc.com\/se\/product\/kop-pumpa-det-badsalt\/","name":"K\u00f6p Pump It Bath Salt - Pump It Bath Salt - Best Global Meds","isPartOf":{"@id":"https:\/\/medicinasinc.com\/se\/#website"},"primaryImageOfPage":{"@id":"https:\/\/medicinasinc.com\/se\/product\/kop-pumpa-det-badsalt\/#primaryimage"},"image":{"@id":"https:\/\/medicinasinc.com\/se\/product\/kop-pumpa-det-badsalt\/#primaryimage"},"thumbnailUrl":"https:\/\/medicinasinc.com\/se\/wp-content\/uploads\/sites\/16\/2022\/02\/Buy-Pump-It-Bath-Salt.jpg","datePublished":"2022-02-22T04:11:15+00:00","dateModified":"2022-07-03T23:17:19+00:00","description":"K\u00f6p Pump It Bath Salt till salu i Storbritannien, Europa, AU i v\u00e5r medicinasinc.com\/se onlinebutik med snabb leverans \u00f6ver hela v\u00e4rlden! Det b\u00e4sta Pump It-badsaltet f\u00f6r best\u00e4llning hittar du h\u00e4r!","breadcrumb":{"@id":"https:\/\/medicinasinc.com\/se\/product\/kop-pumpa-det-badsalt\/#breadcrumb"},"inLanguage":"sv-SE","potentialAction":[{"@type":"ReadAction","target":["https:\/\/medicinasinc.com\/se\/product\/kop-pumpa-det-badsalt\/"]}]},{"@type":"ImageObject","inLanguage":"sv-SE","@id":"https:\/\/medicinasinc.com\/se\/product\/kop-pumpa-det-badsalt\/#primaryimage","url":"https:\/\/medicinasinc.com\/se\/wp-content\/uploads\/sites\/16\/2022\/02\/Buy-Pump-It-Bath-Salt.jpg","contentUrl":"https:\/\/medicinasinc.com\/se\/wp-content\/uploads\/sites\/16\/2022\/02\/Buy-Pump-It-Bath-Salt.jpg","width":600,"height":600},{"@type":"BreadcrumbList","@id":"https:\/\/medicinasinc.com\/se\/product\/kop-pumpa-det-badsalt\/#breadcrumb","itemListElement":[{"@type":"ListItem","position":1,"name":"aff\u00e4r","item":"https:\/\/medicinasinc.com\/se\/affar\/"},{"@type":"ListItem","position":2,"name":"K\u00f6p Pump It Badsalt"}]},{"@type":"WebSite","@id":"https:\/\/medicinasinc.com\/se\/#website","url":"https:\/\/medicinasinc.com\/se\/","name":"Medicinas Inc","description":"Health Medical Clinic","potentialAction":[{"@type":"SearchAction","target":{"@type":"EntryPoint","urlTemplate":"https:\/\/medicinasinc.com\/se\/?s={search_term_string}"},"query-input":{"@type":"PropertyValueSpecification","valueRequired":true,"valueName":"search_term_string"}}],"inLanguage":"sv-SE"}]}},"_links":{"self":[{"href":"https:\/\/medicinasinc.com\/se\/wp-json\/wp\/v2\/product\/5685","targetHints":{"allow":["GET"]}}],"collection":[{"href":"https:\/\/medicinasinc.com\/se\/wp-json\/wp\/v2\/product"}],"about":[{"href":"https:\/\/medicinasinc.com\/se\/wp-json\/wp\/v2\/types\/product"}],"replies":[{"embeddable":true,"href":"https:\/\/medicinasinc.com\/se\/wp-json\/wp\/v2\/comments?post=5685"}],"wp:featuredmedia":[{"embeddable":true,"href":"https:\/\/medicinasinc.com\/se\/wp-json\/wp\/v2\/media\/5697"}],"wp:attachment":[{"href":"https:\/\/medicinasinc.com\/se\/wp-json\/wp\/v2\/media?parent=5685"}],"wp:term":[{"taxonomy":"product_brand","embeddable":true,"href":"https:\/\/medicinasinc.com\/se\/wp-json\/wp\/v2\/product_brand?post=5685"},{"taxonomy":"product_cat","embeddable":true,"href":"https:\/\/medicinasinc.com\/se\/wp-json\/wp\/v2\/product_cat?post=5685"},{"taxonomy":"product_tag","embeddable":true,"href":"https:\/\/medicinasinc.com\/se\/wp-json\/wp\/v2\/product_tag?post=5685"}],"curies":[{"name":"wp","href":"https:\/\/api.w.org\/{rel}","templated":true}]}}