{"id":5684,"date":"2022-02-22T04:10:18","date_gmt":"2022-02-22T04:10:18","guid":{"rendered":"https:\/\/medicinasinc.com\/se\/?post_type=product&#038;p=5684"},"modified":"2022-07-03T23:17:30","modified_gmt":"2022-07-03T23:17:30","slug":"kop-mmb-2201-pulver","status":"publish","type":"product","link":"https:\/\/medicinasinc.com\/se\/product\/kop-mmb-2201-pulver\/","title":{"rendered":"K\u00f6p MMB-2201 pulver"},"content":{"rendered":"<p>MDMB-2201 Drug \u00e4r en f\u00f6rstklassig forskningskemikalie som du kan k\u00f6pa online till ett rimligt pris. P\u00e5litlig leverant\u00f6r bestglobalmed.com erbjuder 5F-MDMB-2201 till ett rabatterat pris. Som designdrog och som aktiv ingrediens i syntetiserade cannabisblandningar \u00e4r MMB-2201 en stark indol-3-karboxamidbaserad syntetisk cannabinoid.<\/p>\n<p>Indol-3-karboxamidbaserad syntetisk cannabinoid MMB-2201 ( \u00e4ven k\u00e4nd som 5F-MMB-PICA, 5F-AMB-PICA och I-AMB) har annonserats som en designerdrog och en ingrediens i syntetiska cannabisblandningar. Den rapporterades f\u00f6rsta g\u00e5ngen i Ryssland och Vitryssland i januari 2014 och har sedan dess s\u00e5lts i m\u00e5nga fler l\u00e4nder. Indolk\u00e4rnas motsvarighet till 5F-AMB \u00e4r denna f\u00f6rening. syntetiska cannabisf\u00f6reningar med en N-1-metoxikarbonylgrupp inneh\u00e5llande en indol-3-karboxamidk\u00e4rna eller en indazol-3-karboxamidk\u00e4rna, samt en isopropyl- eller t-butylsubstituent, har visat sig vara betydligt mer skadliga \u00e4n \u00e4ldre syntetisk cannabinoid f\u00f6reningar<\/p>\n<p>Syntetisk cannabinoid 5F-MDMB-2201 \u00e4r extremt lik MMB-2201 (indazolfamiljen). P\u00e5 b\u00e5de CB1- och CB2-receptorerna ut\u00f6var 5F-MDMB-2201 en signifikant effekt (agonism).<\/p>\n<p>Metaboliskt namn: Metyl-2-metyl-1H-indol-3-karboxamido-dimetylbutanat<\/p>\n<p>Som designmedicin och aktiv ingrediens i syntetiska cannabisblandningar \u00e4r MMB-2201 en indol-3-karboxamidbaserad syntetisk cannabinoid.<\/p>\n<p>889493-21-2 CAS-nummer<\/p>\n<p>C21H29FN2O3 \u00e4r den kemiska formeln.<\/p>\n<p>Minsta renhet p\u00e5 99,7 procent<\/p>\n<p>376,49 \u00e4r molekylvikten<\/p>\n<p>Kristaller\/pulver i utseende<\/p>\n<p> Indol-3-karboxamid-baserad syntetisk cannabinoid MMB-2201 (\u00e4ven k\u00e4nd som 5F-MMB-PICA, 5F-AMB-PICA och I-AMB) \u00e4r en designermedicin och aktiv ingrediens i syntetiska cannabisblandningar. \u00c4ven om den ursprungligen rapporterades i Ryssland och Vitryssland i januari i \u00e5r, har den sedan b\u00f6rjat s\u00e4ljas i ett antal andra l\u00e4nder. 5F-indol AMB:s k\u00e4rnmotsvarighet finns i denna f\u00f6rening. Det har visat sig att nyare syntetiska cannabisf\u00f6reningar med en indol-3-karboxamid- eller indazol-3-karboxamidk\u00e4rna och en N-1-metoxikarbonylgrupp kopplad till en isopropyl- eller t-butylsubstituent \u00e4r mycket mer skadliga \u00e4n \u00e4ldre syntetiska cannabinoidf\u00f6reningar. &#8211;<\/p>\n<p>Syntetisk cannabinoid 5F-MDMB-2201 \u00e4r extremt lik MMB-2201 (indazolfamiljen). B\u00e5de CB1- och CB2-receptorerna \u00e4r mycket antagonistiska mot 5F-MDMB-2201.<\/p>\n<p>Metaboliskt namn: Metyl-2-metyl-1H-indol-3-karboxamido-dimetylbutanat.<\/p>\n<p>Som en designermedicin och aktiv ingrediens i syntetiska cannabisblandningar, MMB-2201 \u00e4r en indol-3-karboxamidbaserad syntetisk cannabinoid.<\/p>\n<p>889493-21-2 CAS-nummer<\/p>\n<p>C21H29FN2O3 \u00e4r den kemiska formeln .<\/p>\n<p>Minsta renhet p\u00e5 99,7 procent<\/p>\n<p>376,49 \u00e4r molekylvikten<\/p>\n<p>Kristaller och pulver<\/p>\n","protected":false},"excerpt":{"rendered":"<p>K\u00f6p MMB-2201 Powder till salu i Storbritannien, Europa, AU. vi erbjuder den mest p\u00e5litliga transaktionen och s\u00e4ljer till mycket \u00f6verkomliga priser. Best\u00e4ll MMB-2201 Powder nu till b\u00e4sta priser<\/p>\n<p>K\u00f6p online MMB-2201 Powder Pure Online. MMB-2201 Powder \u00e4r ocks\u00e5: 5F-MMB-PICA, 5F-AMB-PICA eller I-AMB.<\/p>\n<p>5CAKB48 MMB022,\u00a0<em>MPHP2201<\/em>\u00a0h\u00f6g renhet och gult\u00a0<em>pulver<\/em>\u00a0online &#8230; <em>Mmbfub<\/em>,\u00a0<em>Mphp2201<\/em>, 5f-mdmb-<em>2201<\/em>, 5feapb\/5feapb, Mmb022, 4-cdc, Fub144,\u00a0<em>Fub2201<\/em>.<\/p>\n<p><em>K\u00f6p<\/em>\u00a05F MDMB Online &#8211; Du kan best\u00e4lla 5F-MDMB-<em>2201 pulver<\/em>\u00a0till ett billigt pris fr\u00e5n &#8230; 5F MDMB\u00a0<em>2201<\/em>\u00a0Crystals \u00e4r \u00e4ven k\u00e4nda som 5F-<em>MMB<\/em>-PICA, 5F-AMB-PICA och I-AMB.<\/p>\n<p>&nbsp;<\/p>\n<p> p&gt;<\/p>\n","protected":false},"featured_media":5695,"comment_status":"open","ping_status":"closed","template":"","meta":[],"product_brand":[],"product_cat":[2596],"product_tag":[2600,2601,2602,2605,2606,2607,2612,2613,2614,2610,2609,2608,2611,2616,2615,2603,2604,2626,2627,2628,2629,2619,2620,2622,2625,2621,3563,3564,2631],"class_list":{"0":"post-5684","1":"product","2":"type-product","3":"status-publish","4":"has-post-thumbnail","6":"product_cat-cannabinoider-till-salu","7":"product_tag-5f-mdmb-2201","8":"product_tag-5f-mdmb-2201-cannabinoider","9":"product_tag-5f-mdmb-2201-cannabinoider-till-frsljning","10":"product_tag-5f-mdmb-2201-powder","11":"product_tag-5f-mdmb-2201-powder-australia","12":"product_tag-5f-mdmb-2201-powder-canada","13":"product_tag-5f-mdmb-2201-powder-uk","14":"product_tag-5f-mdmb-2201-powder-usa","15":"product_tag-5f-mdmb-2201-powder-vendor","16":"product_tag-5f-mdmb-2201-powder-review","17":"product_tag-5f-mdmb-2201-pulver-till-frsljning","18":"product_tag-5f-mdmb-2201-pulverdosering","19":"product_tag-5f-mdmb-2201-pulverleverantr","20":"product_tag-5f-mdmb-2201-recension","21":"product_tag-5f-mdmb-2201-reddit","22":"product_tag-5f-mdmb-2201-till-salu","23":"product_tag-5f-mdmb-2201-till-frsljning-online","24":"product_tag-order-5f-mdmb-2201","25":"product_tag-order-5f-mdmb-2201-online","26":"product_tag-order-5f-mdmb-2201-pulver","27":"product_tag-ren-5f-mdmb-2201-pulver","28":"product_tag-kp-5f-mdmb-2201","29":"product_tag-kp-5f-mdmb-2201-cannabinoider","30":"product_tag-kp-5f-mdmb-2201-pulver-online","31":"product_tag-mail-5f-mdmb-2201","32":"product_tag-kp-5f-mdmb-2201-online","33":"product_tag-remove-term-5f-mdmb-2201-5f-mdmb-2201-effekt","34":"product_tag-remove-term-5f-mdmb-2201-5f-mdmb-2201-powder-for-sale","35":"product_tag-var-att-kpa-5f-mdmb-2201","37":"first","38":"instock","39":"shipping-taxable","40":"purchasable","41":"product-type-variable","42":"has-default-attributes"},"yoast_head":"<!-- This site is optimized with the Yoast SEO plugin v27.3 - https:\/\/yoast.com\/product\/yoast-seo-wordpress\/ -->\n<title>K\u00f6p MMB-2201 Powder - MMB-2201 Till salu - Best Global Meds<\/title>\n<meta name=\"description\" content=\"K\u00f6p MMB-2201 pulver till salu i Storbritannien, Europa, AU. vi erbjuder den mest p\u00e5litliga transaktionen och s\u00e4ljer till mycket \u00f6verkomliga priser. Best\u00e4ll MMB-2201 Powder nu till b\u00e4sta priser\" \/>\n<meta name=\"robots\" content=\"index, follow, max-snippet:-1, max-image-preview:large, max-video-preview:-1\" \/>\n<link rel=\"canonical\" href=\"https:\/\/medicinasinc.com\/se\/product\/kop-mmb-2201-pulver\/\" \/>\n<meta property=\"og:locale\" content=\"sv_SE\" \/>\n<meta property=\"og:type\" content=\"article\" \/>\n<meta property=\"og:title\" content=\"K\u00f6p MMB-2201 Powder - MMB-2201 Till salu - Best Global Meds\" \/>\n<meta property=\"og:description\" content=\"K\u00f6p MMB-2201 pulver till salu i Storbritannien, Europa, AU. vi erbjuder den mest p\u00e5litliga transaktionen och s\u00e4ljer till mycket \u00f6verkomliga priser. Best\u00e4ll MMB-2201 Powder nu till b\u00e4sta priser\" \/>\n<meta property=\"og:url\" content=\"https:\/\/medicinasinc.com\/se\/product\/kop-mmb-2201-pulver\/\" \/>\n<meta property=\"og:site_name\" content=\"Medicinas Inc\" \/>\n<meta property=\"article:modified_time\" content=\"2022-07-03T23:17:30+00:00\" \/>\n<meta property=\"og:image\" content=\"https:\/\/medicinasinc.com\/se\/wp-content\/uploads\/sites\/16\/2022\/02\/Buy-MMB-2201-Powder.jpg\" \/>\n\t<meta property=\"og:image:width\" content=\"600\" \/>\n\t<meta property=\"og:image:height\" content=\"600\" \/>\n\t<meta property=\"og:image:type\" content=\"image\/jpeg\" \/>\n<meta name=\"twitter:card\" content=\"summary_large_image\" \/>\n<meta name=\"twitter:label1\" content=\"Ber\u00e4knad l\u00e4stid\" \/>\n\t<meta name=\"twitter:data1\" content=\"2 minuter\" \/>\n<script type=\"application\/ld+json\" class=\"yoast-schema-graph\">{\"@context\":\"https:\\\/\\\/schema.org\",\"@graph\":[{\"@type\":\"WebPage\",\"@id\":\"https:\\\/\\\/medicinasinc.com\\\/se\\\/product\\\/kop-mmb-2201-pulver\\\/\",\"url\":\"https:\\\/\\\/medicinasinc.com\\\/se\\\/product\\\/kop-mmb-2201-pulver\\\/\",\"name\":\"K\u00f6p MMB-2201 Powder - MMB-2201 Till salu - Best Global Meds\",\"isPartOf\":{\"@id\":\"https:\\\/\\\/medicinasinc.com\\\/se\\\/#website\"},\"primaryImageOfPage\":{\"@id\":\"https:\\\/\\\/medicinasinc.com\\\/se\\\/product\\\/kop-mmb-2201-pulver\\\/#primaryimage\"},\"image\":{\"@id\":\"https:\\\/\\\/medicinasinc.com\\\/se\\\/product\\\/kop-mmb-2201-pulver\\\/#primaryimage\"},\"thumbnailUrl\":\"https:\\\/\\\/medicinasinc.com\\\/se\\\/wp-content\\\/uploads\\\/sites\\\/16\\\/2022\\\/02\\\/Buy-MMB-2201-Powder.jpg\",\"datePublished\":\"2022-02-22T04:10:18+00:00\",\"dateModified\":\"2022-07-03T23:17:30+00:00\",\"description\":\"K\u00f6p MMB-2201 pulver till salu i Storbritannien, Europa, AU. vi erbjuder den mest p\u00e5litliga transaktionen och s\u00e4ljer till mycket \u00f6verkomliga priser. Best\u00e4ll MMB-2201 Powder nu till b\u00e4sta priser\",\"breadcrumb\":{\"@id\":\"https:\\\/\\\/medicinasinc.com\\\/se\\\/product\\\/kop-mmb-2201-pulver\\\/#breadcrumb\"},\"inLanguage\":\"sv-SE\",\"potentialAction\":[{\"@type\":\"ReadAction\",\"target\":[\"https:\\\/\\\/medicinasinc.com\\\/se\\\/product\\\/kop-mmb-2201-pulver\\\/\"]}]},{\"@type\":\"ImageObject\",\"inLanguage\":\"sv-SE\",\"@id\":\"https:\\\/\\\/medicinasinc.com\\\/se\\\/product\\\/kop-mmb-2201-pulver\\\/#primaryimage\",\"url\":\"https:\\\/\\\/medicinasinc.com\\\/se\\\/wp-content\\\/uploads\\\/sites\\\/16\\\/2022\\\/02\\\/Buy-MMB-2201-Powder.jpg\",\"contentUrl\":\"https:\\\/\\\/medicinasinc.com\\\/se\\\/wp-content\\\/uploads\\\/sites\\\/16\\\/2022\\\/02\\\/Buy-MMB-2201-Powder.jpg\",\"width\":600,\"height\":600},{\"@type\":\"BreadcrumbList\",\"@id\":\"https:\\\/\\\/medicinasinc.com\\\/se\\\/product\\\/kop-mmb-2201-pulver\\\/#breadcrumb\",\"itemListElement\":[{\"@type\":\"ListItem\",\"position\":1,\"name\":\"aff\u00e4r\",\"item\":\"https:\\\/\\\/medicinasinc.com\\\/se\\\/affar\\\/\"},{\"@type\":\"ListItem\",\"position\":2,\"name\":\"K\u00f6p MMB-2201 pulver\"}]},{\"@type\":\"WebSite\",\"@id\":\"https:\\\/\\\/medicinasinc.com\\\/se\\\/#website\",\"url\":\"https:\\\/\\\/medicinasinc.com\\\/se\\\/\",\"name\":\"Medicinas Inc\",\"description\":\"Health Medical Clinic\",\"potentialAction\":[{\"@type\":\"SearchAction\",\"target\":{\"@type\":\"EntryPoint\",\"urlTemplate\":\"https:\\\/\\\/medicinasinc.com\\\/se\\\/?s={search_term_string}\"},\"query-input\":{\"@type\":\"PropertyValueSpecification\",\"valueRequired\":true,\"valueName\":\"search_term_string\"}}],\"inLanguage\":\"sv-SE\"}]}<\/script>\n<!-- \/ Yoast SEO plugin. -->","yoast_head_json":{"title":"K\u00f6p MMB-2201 Powder - MMB-2201 Till salu - Best Global Meds","description":"K\u00f6p MMB-2201 pulver till salu i Storbritannien, Europa, AU. vi erbjuder den mest p\u00e5litliga transaktionen och s\u00e4ljer till mycket \u00f6verkomliga priser. Best\u00e4ll MMB-2201 Powder nu till b\u00e4sta priser","robots":{"index":"index","follow":"follow","max-snippet":"max-snippet:-1","max-image-preview":"max-image-preview:large","max-video-preview":"max-video-preview:-1"},"canonical":"https:\/\/medicinasinc.com\/se\/product\/kop-mmb-2201-pulver\/","og_locale":"sv_SE","og_type":"article","og_title":"K\u00f6p MMB-2201 Powder - MMB-2201 Till salu - Best Global Meds","og_description":"K\u00f6p MMB-2201 pulver till salu i Storbritannien, Europa, AU. vi erbjuder den mest p\u00e5litliga transaktionen och s\u00e4ljer till mycket \u00f6verkomliga priser. Best\u00e4ll MMB-2201 Powder nu till b\u00e4sta priser","og_url":"https:\/\/medicinasinc.com\/se\/product\/kop-mmb-2201-pulver\/","og_site_name":"Medicinas Inc","article_modified_time":"2022-07-03T23:17:30+00:00","og_image":[{"width":600,"height":600,"url":"https:\/\/medicinasinc.com\/se\/wp-content\/uploads\/sites\/16\/2022\/02\/Buy-MMB-2201-Powder.jpg","type":"image\/jpeg"}],"twitter_card":"summary_large_image","twitter_misc":{"Ber\u00e4knad l\u00e4stid":"2 minuter"},"schema":{"@context":"https:\/\/schema.org","@graph":[{"@type":"WebPage","@id":"https:\/\/medicinasinc.com\/se\/product\/kop-mmb-2201-pulver\/","url":"https:\/\/medicinasinc.com\/se\/product\/kop-mmb-2201-pulver\/","name":"K\u00f6p MMB-2201 Powder - MMB-2201 Till salu - Best Global Meds","isPartOf":{"@id":"https:\/\/medicinasinc.com\/se\/#website"},"primaryImageOfPage":{"@id":"https:\/\/medicinasinc.com\/se\/product\/kop-mmb-2201-pulver\/#primaryimage"},"image":{"@id":"https:\/\/medicinasinc.com\/se\/product\/kop-mmb-2201-pulver\/#primaryimage"},"thumbnailUrl":"https:\/\/medicinasinc.com\/se\/wp-content\/uploads\/sites\/16\/2022\/02\/Buy-MMB-2201-Powder.jpg","datePublished":"2022-02-22T04:10:18+00:00","dateModified":"2022-07-03T23:17:30+00:00","description":"K\u00f6p MMB-2201 pulver till salu i Storbritannien, Europa, AU. vi erbjuder den mest p\u00e5litliga transaktionen och s\u00e4ljer till mycket \u00f6verkomliga priser. Best\u00e4ll MMB-2201 Powder nu till b\u00e4sta priser","breadcrumb":{"@id":"https:\/\/medicinasinc.com\/se\/product\/kop-mmb-2201-pulver\/#breadcrumb"},"inLanguage":"sv-SE","potentialAction":[{"@type":"ReadAction","target":["https:\/\/medicinasinc.com\/se\/product\/kop-mmb-2201-pulver\/"]}]},{"@type":"ImageObject","inLanguage":"sv-SE","@id":"https:\/\/medicinasinc.com\/se\/product\/kop-mmb-2201-pulver\/#primaryimage","url":"https:\/\/medicinasinc.com\/se\/wp-content\/uploads\/sites\/16\/2022\/02\/Buy-MMB-2201-Powder.jpg","contentUrl":"https:\/\/medicinasinc.com\/se\/wp-content\/uploads\/sites\/16\/2022\/02\/Buy-MMB-2201-Powder.jpg","width":600,"height":600},{"@type":"BreadcrumbList","@id":"https:\/\/medicinasinc.com\/se\/product\/kop-mmb-2201-pulver\/#breadcrumb","itemListElement":[{"@type":"ListItem","position":1,"name":"aff\u00e4r","item":"https:\/\/medicinasinc.com\/se\/affar\/"},{"@type":"ListItem","position":2,"name":"K\u00f6p MMB-2201 pulver"}]},{"@type":"WebSite","@id":"https:\/\/medicinasinc.com\/se\/#website","url":"https:\/\/medicinasinc.com\/se\/","name":"Medicinas Inc","description":"Health Medical Clinic","potentialAction":[{"@type":"SearchAction","target":{"@type":"EntryPoint","urlTemplate":"https:\/\/medicinasinc.com\/se\/?s={search_term_string}"},"query-input":{"@type":"PropertyValueSpecification","valueRequired":true,"valueName":"search_term_string"}}],"inLanguage":"sv-SE"}]}},"_links":{"self":[{"href":"https:\/\/medicinasinc.com\/se\/wp-json\/wp\/v2\/product\/5684","targetHints":{"allow":["GET"]}}],"collection":[{"href":"https:\/\/medicinasinc.com\/se\/wp-json\/wp\/v2\/product"}],"about":[{"href":"https:\/\/medicinasinc.com\/se\/wp-json\/wp\/v2\/types\/product"}],"replies":[{"embeddable":true,"href":"https:\/\/medicinasinc.com\/se\/wp-json\/wp\/v2\/comments?post=5684"}],"wp:featuredmedia":[{"embeddable":true,"href":"https:\/\/medicinasinc.com\/se\/wp-json\/wp\/v2\/media\/5695"}],"wp:attachment":[{"href":"https:\/\/medicinasinc.com\/se\/wp-json\/wp\/v2\/media?parent=5684"}],"wp:term":[{"taxonomy":"product_brand","embeddable":true,"href":"https:\/\/medicinasinc.com\/se\/wp-json\/wp\/v2\/product_brand?post=5684"},{"taxonomy":"product_cat","embeddable":true,"href":"https:\/\/medicinasinc.com\/se\/wp-json\/wp\/v2\/product_cat?post=5684"},{"taxonomy":"product_tag","embeddable":true,"href":"https:\/\/medicinasinc.com\/se\/wp-json\/wp\/v2\/product_tag?post=5684"}],"curies":[{"name":"wp","href":"https:\/\/api.w.org\/{rel}","templated":true}]}}