{"id":5682,"date":"2022-02-22T04:07:27","date_gmt":"2022-02-22T04:07:27","guid":{"rendered":"https:\/\/medicinasinc.com\/se\/?post_type=product&#038;p=5682"},"modified":"2022-07-03T23:17:43","modified_gmt":"2022-07-03T23:17:43","slug":"kop-inget-tjur-badsalt","status":"publish","type":"product","link":"https:\/\/medicinasinc.com\/se\/product\/kop-inget-tjur-badsalt\/","title":{"rendered":"K\u00f6p inget tjurbadsalt"},"content":{"rendered":"<p>H\u00e5ll p\u00e5 dig stressavlastande badsalt<\/p>\n<p>Badsalt som inte inneh\u00e5ller n\u00e5gon tjur finns till rea. F\u00f6r att s\u00e4kerst\u00e4lla att du har ett avkopplande, sensuellt bad tillhandah\u00e5ller vi h\u00f6gkvalitativa badprodukter som badsalt. N\u00e4r du k\u00f6per badsalt online fr\u00e5n oss kan du vara s\u00e4ker p\u00e5 att du f\u00e5r den b\u00e4sta m\u00f6jliga produkten. Andra badsaltkoncentrat \u00e4r tillg\u00e4ngliga f\u00f6r f\u00f6rs\u00e4ljning till rimliga kostnader genom v\u00e5r grossist- och detaljhandelsverksamhet.<\/p>\n<p>Det handlar om v\u00e5ra produkter<\/p>\n<p>En bl\u00f6tl\u00e4ggning med No-Bull Bath Salts kommer att f\u00e5 dig att k\u00e4nna dig upplivad , energisk och euforisk. En blygsam bit \u00e4r allt som kr\u00e4vs f\u00f6r att f\u00e5 en betydande inverkan. Som ett alternativ, l\u00e4gg en liten m\u00e4ngd i ditt varma bad och du kommer att k\u00e4nna dig f\u00f6ryngrad och extatisk. Trots detta anv\u00e4nder m\u00e5nga m\u00e4nniskor den f\u00f6r att imitera de genuina varma k\u00e4llorna som finns l\u00e4ngs den grekiska kusten. Notera: V\u00e5r produkt \u00e4r ett kraftfullt badsalt f\u00f6r meditation. I b\u00f6rjan, anv\u00e4nd bara en liten m\u00e4ngd f\u00f6r att undvika att ditt badvatten blir f\u00f6r grumligt. Men om de anv\u00e4nds p\u00e5 r\u00e4tt s\u00e4tt kan No Bull Bath Salts hj\u00e4lpa dig att er\u00f6vra tidigare o\u00f6verstigliga h\u00f6jder.<\/p>\n<p>ANDRA SAKER ATT PROVA<br \/> Ivory Wave Recharge Bath Salts 500mg, White Girl 500mg Koncentrerat badsalt, Tranquility Concentrated Bath Salter 500mg och X Rated Bath Salts 500mg \u00e4r n\u00e5gra av de badsalt vi har.<br \/> Badsalt Koncentrerat elfenbensl\u00e4t 500mg<br \/> Badsalt 50mg Blue Wave<br \/> Rent badsalt &#8211; bl\u00e5 silke, 500 mg <br \/> 500mg bolivianska badsalt<br \/> Rave On Bath Salt Tranquility 500mg koncentrerade badsalt fr\u00e5n G Pheonix.<br \/> 500 milligram Eight Ballz-badsalt.<br \/> TOALETSALT, 1 GRAM, HOLLYWOOD br \/&gt; Diamond Dust \u2013 500 milligram<br \/> 500 milligram Drone V Fun Powder<br \/> Novelty Powder Black Diamond fr\u00e5n Black Diamond<br \/> Novelty powder pump-it pulver 500mg Eight Ballz<br \/> 500mg White Rush Bath Salts.<br \/> 400g Pure Bath Salts Ivory Wave Ultra<br \/> Salts of the Wave 500mg Ivory<br \/> 500mg Lady Bubbles Bathsalt.<br \/> 50 0mg Cloud 9 Bath Salts<br \/> Powder 500mg Heavenly Soak &#8211; Euphoric &#8211; Novelty<br \/> Energy &#8211; Novelty Powder 500mg from Heavenly Soak<br \/> The Sky &#8211; Novelty Powder \u2013 500 mg<br \/> Novelty Powder, 500mg Mollys blandning<\/p>\n","protected":false},"excerpt":{"rendered":"<p>Koncentrerat badsalt av h\u00f6gsta kvalitet.<\/p>\n<p>100 % lagligt \u00f6ver hela v\u00e4rlden<\/p>\n<p><em>K\u00f6p<\/em>\u00a0White Girl\u00a0<em>Badsalt<\/em>\u00a0fr\u00e5n godk\u00e4nd leverant\u00f6r . H\u00f6gklassig renhet, rimliga priser, snabb garanterad leverans, \u00e5terbetalnings-\/returpolicy, bra kundservice.<\/p>\n<p>Betalar du f\u00f6r mycket f\u00f6r\u00a0<em>inga<\/em>&#8211;<em>tjurbadsalt<\/em>\u00a0online? <em>K\u00f6p inga<\/em>&#8211;<em>tjurbadsalt<\/em> online p\u00e5 Best Global Meds. L\u00e4r dig <em>vet<\/em>\u00a0om\u00a0<em>no<\/em>&#8211;<em>tjurbadsalt<\/em>\u00a0till f\u00f6rs\u00e4ljningspriser.<\/p>\n<p><em>K\u00f6p No Bull Badsalt<\/em>\u00a0Online till b\u00e4sta pris. Vi garanterar s\u00e4ker och s\u00e4ker frakt \u00f6ver hela v\u00e4rlden.<\/p>\n","protected":false},"featured_media":5693,"comment_status":"open","ping_status":"closed","template":"","meta":[],"product_brand":[],"product_cat":[2014],"product_tag":[3561,3548,3549,3550,3559,3554,3558,3552,3556,3553,3555,3551,3557,3560,3562],"class_list":{"0":"post-5682","1":"product","2":"type-product","3":"status-publish","4":"has-post-thumbnail","6":"product_cat-kop-research-chemicals","7":"product_tag-bestll-inga-tjur-badsalt-online","8":"product_tag-buy-no-bull-bath-salt","9":"product_tag-buy-no-bull-powder-cleaner-1000mg-bath-salt-online","10":"product_tag-buy-no-bull-bath-salts-online","11":"product_tag-inga-tjur-badsalt","12":"product_tag-ingen-tjur-bad-salt-ordning","13":"product_tag-no-bull-powder-cleaner-1000mg-badsalt-online","14":"product_tag-ingen-tjur-bad-salt-effekt","15":"product_tag-ingen-tjur-bad-salt-frsljning","16":"product_tag-inget-tjurbad-salt-google","17":"product_tag-no-bull-bath-salt-reddit","18":"product_tag-inget-tjurbad-salt-kp","19":"product_tag-inget-tjur-pulver-rengrare-1000mg-badsalt","20":"product_tag-inga-tjur-badsalt-till-frsljning","21":"product_tag-var-att-kpa-inga-tjur-badsalt","23":"first","24":"instock","25":"shipping-taxable","26":"purchasable","27":"product-type-variable","28":"has-default-attributes"},"yoast_head":"<!-- This site is optimized with the Yoast SEO plugin v27.3 - https:\/\/yoast.com\/product\/yoast-seo-wordpress\/ -->\n<title>K\u00f6p inget tjurbadsalt - inget tjurbadsalt online - b\u00e4sta globala mediciner<\/title>\n<meta name=\"description\" content=\"K\u00f6p inget tjurbadsalt till salu i Storbritannien, Europa, AU. vi erbjuder den mest p\u00e5litliga transaktionen och s\u00e4ljer till mycket \u00f6verkomliga priser. Best\u00e4ll No Bull Bath Salt nu till b\u00e4sta priser\" \/>\n<meta name=\"robots\" content=\"index, follow, max-snippet:-1, max-image-preview:large, max-video-preview:-1\" \/>\n<link rel=\"canonical\" href=\"https:\/\/medicinasinc.com\/se\/product\/kop-inget-tjur-badsalt\/\" \/>\n<meta property=\"og:locale\" content=\"sv_SE\" \/>\n<meta property=\"og:type\" content=\"article\" \/>\n<meta property=\"og:title\" content=\"K\u00f6p inget tjurbadsalt - inget tjurbadsalt online - b\u00e4sta globala mediciner\" \/>\n<meta property=\"og:description\" content=\"K\u00f6p inget tjurbadsalt till salu i Storbritannien, Europa, AU. vi erbjuder den mest p\u00e5litliga transaktionen och s\u00e4ljer till mycket \u00f6verkomliga priser. Best\u00e4ll No Bull Bath Salt nu till b\u00e4sta priser\" \/>\n<meta property=\"og:url\" content=\"https:\/\/medicinasinc.com\/se\/product\/kop-inget-tjur-badsalt\/\" \/>\n<meta property=\"og:site_name\" content=\"Medicinas Inc\" \/>\n<meta property=\"article:modified_time\" content=\"2022-07-03T23:17:43+00:00\" \/>\n<meta property=\"og:image\" content=\"https:\/\/medicinasinc.com\/se\/wp-content\/uploads\/sites\/16\/2022\/02\/Buy-No-Bull-Bath-Salt.jpg\" \/>\n\t<meta property=\"og:image:width\" content=\"600\" \/>\n\t<meta property=\"og:image:height\" content=\"600\" \/>\n\t<meta property=\"og:image:type\" content=\"image\/jpeg\" \/>\n<meta name=\"twitter:card\" content=\"summary_large_image\" \/>\n<meta name=\"twitter:label1\" content=\"Ber\u00e4knad l\u00e4stid\" \/>\n\t<meta name=\"twitter:data1\" content=\"2 minuter\" \/>\n<script type=\"application\/ld+json\" class=\"yoast-schema-graph\">{\"@context\":\"https:\\\/\\\/schema.org\",\"@graph\":[{\"@type\":\"WebPage\",\"@id\":\"https:\\\/\\\/medicinasinc.com\\\/se\\\/product\\\/kop-inget-tjur-badsalt\\\/\",\"url\":\"https:\\\/\\\/medicinasinc.com\\\/se\\\/product\\\/kop-inget-tjur-badsalt\\\/\",\"name\":\"K\u00f6p inget tjurbadsalt - inget tjurbadsalt online - b\u00e4sta globala mediciner\",\"isPartOf\":{\"@id\":\"https:\\\/\\\/medicinasinc.com\\\/se\\\/#website\"},\"primaryImageOfPage\":{\"@id\":\"https:\\\/\\\/medicinasinc.com\\\/se\\\/product\\\/kop-inget-tjur-badsalt\\\/#primaryimage\"},\"image\":{\"@id\":\"https:\\\/\\\/medicinasinc.com\\\/se\\\/product\\\/kop-inget-tjur-badsalt\\\/#primaryimage\"},\"thumbnailUrl\":\"https:\\\/\\\/medicinasinc.com\\\/se\\\/wp-content\\\/uploads\\\/sites\\\/16\\\/2022\\\/02\\\/Buy-No-Bull-Bath-Salt.jpg\",\"datePublished\":\"2022-02-22T04:07:27+00:00\",\"dateModified\":\"2022-07-03T23:17:43+00:00\",\"description\":\"K\u00f6p inget tjurbadsalt till salu i Storbritannien, Europa, AU. vi erbjuder den mest p\u00e5litliga transaktionen och s\u00e4ljer till mycket \u00f6verkomliga priser. Best\u00e4ll No Bull Bath Salt nu till b\u00e4sta priser\",\"breadcrumb\":{\"@id\":\"https:\\\/\\\/medicinasinc.com\\\/se\\\/product\\\/kop-inget-tjur-badsalt\\\/#breadcrumb\"},\"inLanguage\":\"sv-SE\",\"potentialAction\":[{\"@type\":\"ReadAction\",\"target\":[\"https:\\\/\\\/medicinasinc.com\\\/se\\\/product\\\/kop-inget-tjur-badsalt\\\/\"]}]},{\"@type\":\"ImageObject\",\"inLanguage\":\"sv-SE\",\"@id\":\"https:\\\/\\\/medicinasinc.com\\\/se\\\/product\\\/kop-inget-tjur-badsalt\\\/#primaryimage\",\"url\":\"https:\\\/\\\/medicinasinc.com\\\/se\\\/wp-content\\\/uploads\\\/sites\\\/16\\\/2022\\\/02\\\/Buy-No-Bull-Bath-Salt.jpg\",\"contentUrl\":\"https:\\\/\\\/medicinasinc.com\\\/se\\\/wp-content\\\/uploads\\\/sites\\\/16\\\/2022\\\/02\\\/Buy-No-Bull-Bath-Salt.jpg\",\"width\":600,\"height\":600},{\"@type\":\"BreadcrumbList\",\"@id\":\"https:\\\/\\\/medicinasinc.com\\\/se\\\/product\\\/kop-inget-tjur-badsalt\\\/#breadcrumb\",\"itemListElement\":[{\"@type\":\"ListItem\",\"position\":1,\"name\":\"aff\u00e4r\",\"item\":\"https:\\\/\\\/medicinasinc.com\\\/se\\\/affar\\\/\"},{\"@type\":\"ListItem\",\"position\":2,\"name\":\"K\u00f6p inget tjurbadsalt\"}]},{\"@type\":\"WebSite\",\"@id\":\"https:\\\/\\\/medicinasinc.com\\\/se\\\/#website\",\"url\":\"https:\\\/\\\/medicinasinc.com\\\/se\\\/\",\"name\":\"Medicinas Inc\",\"description\":\"Health Medical Clinic\",\"potentialAction\":[{\"@type\":\"SearchAction\",\"target\":{\"@type\":\"EntryPoint\",\"urlTemplate\":\"https:\\\/\\\/medicinasinc.com\\\/se\\\/?s={search_term_string}\"},\"query-input\":{\"@type\":\"PropertyValueSpecification\",\"valueRequired\":true,\"valueName\":\"search_term_string\"}}],\"inLanguage\":\"sv-SE\"}]}<\/script>\n<!-- \/ Yoast SEO plugin. -->","yoast_head_json":{"title":"K\u00f6p inget tjurbadsalt - inget tjurbadsalt online - b\u00e4sta globala mediciner","description":"K\u00f6p inget tjurbadsalt till salu i Storbritannien, Europa, AU. vi erbjuder den mest p\u00e5litliga transaktionen och s\u00e4ljer till mycket \u00f6verkomliga priser. Best\u00e4ll No Bull Bath Salt nu till b\u00e4sta priser","robots":{"index":"index","follow":"follow","max-snippet":"max-snippet:-1","max-image-preview":"max-image-preview:large","max-video-preview":"max-video-preview:-1"},"canonical":"https:\/\/medicinasinc.com\/se\/product\/kop-inget-tjur-badsalt\/","og_locale":"sv_SE","og_type":"article","og_title":"K\u00f6p inget tjurbadsalt - inget tjurbadsalt online - b\u00e4sta globala mediciner","og_description":"K\u00f6p inget tjurbadsalt till salu i Storbritannien, Europa, AU. vi erbjuder den mest p\u00e5litliga transaktionen och s\u00e4ljer till mycket \u00f6verkomliga priser. Best\u00e4ll No Bull Bath Salt nu till b\u00e4sta priser","og_url":"https:\/\/medicinasinc.com\/se\/product\/kop-inget-tjur-badsalt\/","og_site_name":"Medicinas Inc","article_modified_time":"2022-07-03T23:17:43+00:00","og_image":[{"width":600,"height":600,"url":"https:\/\/medicinasinc.com\/se\/wp-content\/uploads\/sites\/16\/2022\/02\/Buy-No-Bull-Bath-Salt.jpg","type":"image\/jpeg"}],"twitter_card":"summary_large_image","twitter_misc":{"Ber\u00e4knad l\u00e4stid":"2 minuter"},"schema":{"@context":"https:\/\/schema.org","@graph":[{"@type":"WebPage","@id":"https:\/\/medicinasinc.com\/se\/product\/kop-inget-tjur-badsalt\/","url":"https:\/\/medicinasinc.com\/se\/product\/kop-inget-tjur-badsalt\/","name":"K\u00f6p inget tjurbadsalt - inget tjurbadsalt online - b\u00e4sta globala mediciner","isPartOf":{"@id":"https:\/\/medicinasinc.com\/se\/#website"},"primaryImageOfPage":{"@id":"https:\/\/medicinasinc.com\/se\/product\/kop-inget-tjur-badsalt\/#primaryimage"},"image":{"@id":"https:\/\/medicinasinc.com\/se\/product\/kop-inget-tjur-badsalt\/#primaryimage"},"thumbnailUrl":"https:\/\/medicinasinc.com\/se\/wp-content\/uploads\/sites\/16\/2022\/02\/Buy-No-Bull-Bath-Salt.jpg","datePublished":"2022-02-22T04:07:27+00:00","dateModified":"2022-07-03T23:17:43+00:00","description":"K\u00f6p inget tjurbadsalt till salu i Storbritannien, Europa, AU. vi erbjuder den mest p\u00e5litliga transaktionen och s\u00e4ljer till mycket \u00f6verkomliga priser. Best\u00e4ll No Bull Bath Salt nu till b\u00e4sta priser","breadcrumb":{"@id":"https:\/\/medicinasinc.com\/se\/product\/kop-inget-tjur-badsalt\/#breadcrumb"},"inLanguage":"sv-SE","potentialAction":[{"@type":"ReadAction","target":["https:\/\/medicinasinc.com\/se\/product\/kop-inget-tjur-badsalt\/"]}]},{"@type":"ImageObject","inLanguage":"sv-SE","@id":"https:\/\/medicinasinc.com\/se\/product\/kop-inget-tjur-badsalt\/#primaryimage","url":"https:\/\/medicinasinc.com\/se\/wp-content\/uploads\/sites\/16\/2022\/02\/Buy-No-Bull-Bath-Salt.jpg","contentUrl":"https:\/\/medicinasinc.com\/se\/wp-content\/uploads\/sites\/16\/2022\/02\/Buy-No-Bull-Bath-Salt.jpg","width":600,"height":600},{"@type":"BreadcrumbList","@id":"https:\/\/medicinasinc.com\/se\/product\/kop-inget-tjur-badsalt\/#breadcrumb","itemListElement":[{"@type":"ListItem","position":1,"name":"aff\u00e4r","item":"https:\/\/medicinasinc.com\/se\/affar\/"},{"@type":"ListItem","position":2,"name":"K\u00f6p inget tjurbadsalt"}]},{"@type":"WebSite","@id":"https:\/\/medicinasinc.com\/se\/#website","url":"https:\/\/medicinasinc.com\/se\/","name":"Medicinas Inc","description":"Health Medical Clinic","potentialAction":[{"@type":"SearchAction","target":{"@type":"EntryPoint","urlTemplate":"https:\/\/medicinasinc.com\/se\/?s={search_term_string}"},"query-input":{"@type":"PropertyValueSpecification","valueRequired":true,"valueName":"search_term_string"}}],"inLanguage":"sv-SE"}]}},"_links":{"self":[{"href":"https:\/\/medicinasinc.com\/se\/wp-json\/wp\/v2\/product\/5682","targetHints":{"allow":["GET"]}}],"collection":[{"href":"https:\/\/medicinasinc.com\/se\/wp-json\/wp\/v2\/product"}],"about":[{"href":"https:\/\/medicinasinc.com\/se\/wp-json\/wp\/v2\/types\/product"}],"replies":[{"embeddable":true,"href":"https:\/\/medicinasinc.com\/se\/wp-json\/wp\/v2\/comments?post=5682"}],"wp:featuredmedia":[{"embeddable":true,"href":"https:\/\/medicinasinc.com\/se\/wp-json\/wp\/v2\/media\/5693"}],"wp:attachment":[{"href":"https:\/\/medicinasinc.com\/se\/wp-json\/wp\/v2\/media?parent=5682"}],"wp:term":[{"taxonomy":"product_brand","embeddable":true,"href":"https:\/\/medicinasinc.com\/se\/wp-json\/wp\/v2\/product_brand?post=5682"},{"taxonomy":"product_cat","embeddable":true,"href":"https:\/\/medicinasinc.com\/se\/wp-json\/wp\/v2\/product_cat?post=5682"},{"taxonomy":"product_tag","embeddable":true,"href":"https:\/\/medicinasinc.com\/se\/wp-json\/wp\/v2\/product_tag?post=5682"}],"curies":[{"name":"wp","href":"https:\/\/api.w.org\/{rel}","templated":true}]}}