{"id":5677,"date":"2022-02-22T04:00:21","date_gmt":"2022-02-22T04:00:21","guid":{"rendered":"https:\/\/medicinasinc.com\/se\/?post_type=product&#038;p=5677"},"modified":"2022-07-03T23:17:54","modified_gmt":"2022-07-03T23:17:54","slug":"kopa-metoxetamin","status":"publish","type":"product","link":"https:\/\/medicinasinc.com\/se\/product\/kopa-metoxetamin\/","title":{"rendered":"K\u00f6p metoxetamin"},"content":{"rendered":"<p>Methoxetamine MXE Till salu p\u00e5 Internet<\/p>\n<p>Vet du vad det \u00e4r?<\/p>\n<p>Dissociativ hallucinogen Methoxetamine MXE Online, f\u00f6rkortat MXE, har s\u00e5lts som en designerdrog. Dissociativa medel som ketamin och fencyklidin (PCP), som var avsedda f\u00f6r medicinsk anv\u00e4ndning som anestesimedel, skapades f\u00f6r l\u00e4kemedelsmarknaden. Det \u00e4r m\u00f6jligt att k\u00f6pa metoxetamin online eller fr\u00e5n lokala f\u00f6rs\u00e4ljare. Till salu finns Methoxetamine MXE-pulver, som kan k\u00f6pas till ett l\u00e5gt pris, eller k\u00f6pas i bulk f\u00f6r en h\u00f6gre kostnad.<\/p>\n<p>Methoxetamine (MXE), ett hallucinogen och bed\u00f6vningsmedel som fungerar som en antagonist p\u00e5 NMDA-receptorn , \u00e4r relaterat till veterin\u00e4rmedicinen ketamin. Metoxetamins effekter p\u00e5st\u00e5s vara starkare och mer l\u00e5ngvariga \u00e4n ketamins, vilket g\u00f6r det till ett idealiskt alternativ f\u00f6r studenter som forskar om \u00e4mnet. Metoxetamin finns tillg\u00e4ngligt fr\u00e5n BAC endast f\u00f6r forsknings\u00e4ndam\u00e5l. MXE Metoxetamin Online utan recept<\/p>\n<p>Metoxetamin \u00e4r ett popul\u00e4rt l\u00e4kemedel, och m\u00e5nga individer letar efter s\u00e4tt att f\u00e5 tag p\u00e5 det utan att l\u00e4mna sina hem. Som ett resultat kr\u00e4ver de betalnings- och leveransalternativ som \u00e4r s\u00e5 enkla som m\u00f6jligt. De \u00e4r dock fr\u00e4mst oroade \u00f6ver att f\u00f6rbli ouppt\u00e4ckta. D\u00e4remot kan du k\u00f6pa metoxetamin anonymt och s\u00e4kert h\u00e4r genom att skicka pengar med kreditkort. Att skicka pengar med Western Union eller Money Gram \u00e4r ett enkelt s\u00e4tt att \u00e5stadkomma detta. Vi kanske vill titta p\u00e5 diskrethet. Som ett resultat tror vi att Bitcoin \u00e4r det perfekta betalningsmedlet. Vars\u00e5god och g\u00f6r din best\u00e4llning nu, skicka oss sedan en bekr\u00e4ftelse n\u00e4r du \u00e4r klar.<\/p>\n<p>Methoxetamine MXE Till salu p\u00e5 Internet<\/p>\n<p>Som en ansedd leverant\u00f6r av forskningskemikalier och l\u00e4kemedel, v\u00e5r kemikaliebutik har levererat till n\u00e4stan alla l\u00e4nder i v\u00e4rlden. F\u00f6r v\u00e5ra kunders bekv\u00e4mlighet tar vi \u00e4ven bitcoin och presentkort. Nedan listas n\u00e5gra av v\u00e5ra mest popul\u00e4ra artiklar.<\/p>\n<p>MXE-pulver p\u00e5 marknaden till salu<br \/> K\u00f6p 25 I-NBOMe online.<br \/> A-PVP-kristaller kan k\u00f6pas<br \/> Actavis prometazin med kodein 32 oz finns att k\u00f6pa.<br \/> AB-PINACA kan k\u00f6pas online.<br \/> Adderall online utan recept<br \/> K\u00f6p AK-B48<br \/> K\u00f6p amfetamin i pulverform.<br \/> Butylonkristaller till salu<\/p>\n","protected":false},"excerpt":{"rendered":"<p>K\u00f6p Methoxetamine MXE till salu i Storbritannien, Europa, AU. vi erbjuder den mest p\u00e5litliga transaktionen och s\u00e4ljer till mycket \u00f6verkomliga priser. Best\u00e4ll Methoxetamine MXE nu till b\u00e4sta priser<\/p>\n<p>Folk kan k\u00f6pa Methoxetamine MXE till salu i Storbritannien. M\u00e4nniskor som handlar av oss kan vara s\u00e4kra p\u00e5 att de f\u00e5r vad de betalar f\u00f6r. Methoxetamine MXE kan k\u00f6pas nu till de b\u00e4sta priserna.<\/p>\n<p>K\u00f6p metoxetamin online, best\u00e4ll den b\u00e4sta MXE 99 procent ren \u00f6vernattning och ta reda p\u00e5 var du kan k\u00f6pa metoxetamin med ett kreditkort. MXE-priset.<\/p>\n<p>Metoxetamin \u00e4r ett l\u00e4kemedel som anv\u00e4nds f\u00f6r att behandla sm\u00e4rta. En hallucinogen som heter Methoxetamine MXE, eller f\u00f6rkortat MXE, har s\u00e5lts som en &#8220;designerdrog.&#8221;<\/p>\n","protected":false},"featured_media":5687,"comment_status":"open","ping_status":"closed","template":"","meta":[],"product_brand":[],"product_cat":[2014],"product_tag":[3524,3283,3544,3525,3526,3527,3531,3532,3528,3529,3530,3545,3533,3534,3535,3538,3543,3539,3536,3537,3541,3542,3540,3546,3547],"class_list":{"0":"post-5677","1":"product","2":"type-product","3":"status-publish","4":"has-post-thumbnail","6":"product_cat-kop-research-chemicals","7":"product_tag-bsta-mxe-leverantr","8":"product_tag-bsta-stllet-att-kpa-mxe","9":"product_tag-bestll-metoxetamin-online","10":"product_tag-buy-methoxetamine","11":"product_tag-buy-methoxetamine-mxe-online","12":"product_tag-buy-methoxetamine-online","13":"product_tag-buy-mxe-united-states","14":"product_tag-buy-research-chemicals-methoxetamine","15":"product_tag-kp-mxe-1g","16":"product_tag-kp-mxe-online","17":"product_tag-k-c3-b6p-mxe-forskningskemikalie","18":"product_tag-kp-metoxetamin","19":"product_tag-methoxetamine-for-sale","20":"product_tag-methoxetamine-online","21":"product_tag-mxe","22":"product_tag-mxe-drog-till-frsljning","23":"product_tag-mxe-frsljare","24":"product_tag-mxe-drog-info","25":"product_tag-mxe-kp","26":"product_tag-mxe-kp-online","27":"product_tag-mxe-metoxetamin","28":"product_tag-mxe-metoxetamin-erowid","29":"product_tag-mxe-till-salu","30":"product_tag-var-kan-jag-kpa-mxe","31":"product_tag-var-att-kpa-mxe-online","33":"first","34":"instock","35":"shipping-taxable","36":"purchasable","37":"product-type-variable","38":"has-default-attributes"},"yoast_head":"<!-- This site is optimized with the Yoast SEO plugin v27.3 - https:\/\/yoast.com\/product\/yoast-seo-wordpress\/ -->\n<title>K\u00f6p Metoxetamin - Metoxetamin - Best Global Meds<\/title>\n<meta name=\"description\" content=\"K\u00f6p Methoxetamine MXE till salu i Storbritannien, Europa, AU. vi erbjuder den mest p\u00e5litliga transaktionen och s\u00e4ljer till mycket \u00f6verkomliga priser. Best\u00e4ll Methoxetamine MXE nu till b\u00e4sta priser\" \/>\n<meta name=\"robots\" content=\"index, follow, max-snippet:-1, max-image-preview:large, max-video-preview:-1\" \/>\n<link rel=\"canonical\" href=\"https:\/\/medicinasinc.com\/se\/product\/kopa-metoxetamin\/\" \/>\n<meta property=\"og:locale\" content=\"sv_SE\" \/>\n<meta property=\"og:type\" content=\"article\" \/>\n<meta property=\"og:title\" content=\"K\u00f6p Metoxetamin - Metoxetamin - Best Global Meds\" \/>\n<meta property=\"og:description\" content=\"K\u00f6p Methoxetamine MXE till salu i Storbritannien, Europa, AU. vi erbjuder den mest p\u00e5litliga transaktionen och s\u00e4ljer till mycket \u00f6verkomliga priser. Best\u00e4ll Methoxetamine MXE nu till b\u00e4sta priser\" \/>\n<meta property=\"og:url\" content=\"https:\/\/medicinasinc.com\/se\/product\/kopa-metoxetamin\/\" \/>\n<meta property=\"og:site_name\" content=\"Medicinas Inc\" \/>\n<meta property=\"article:modified_time\" content=\"2022-07-03T23:17:54+00:00\" \/>\n<meta property=\"og:image\" content=\"https:\/\/medicinasinc.com\/se\/wp-content\/uploads\/sites\/16\/2022\/02\/Buy-Methoxetamine.webp\" \/>\n\t<meta property=\"og:image:width\" content=\"750\" \/>\n\t<meta property=\"og:image:height\" content=\"461\" \/>\n\t<meta property=\"og:image:type\" content=\"image\/webp\" \/>\n<meta name=\"twitter:card\" content=\"summary_large_image\" \/>\n<meta name=\"twitter:label1\" content=\"Ber\u00e4knad l\u00e4stid\" \/>\n\t<meta name=\"twitter:data1\" content=\"2 minuter\" \/>\n<script type=\"application\/ld+json\" class=\"yoast-schema-graph\">{\"@context\":\"https:\\\/\\\/schema.org\",\"@graph\":[{\"@type\":\"WebPage\",\"@id\":\"https:\\\/\\\/medicinasinc.com\\\/se\\\/product\\\/kopa-metoxetamin\\\/\",\"url\":\"https:\\\/\\\/medicinasinc.com\\\/se\\\/product\\\/kopa-metoxetamin\\\/\",\"name\":\"K\u00f6p Metoxetamin - Metoxetamin - Best Global Meds\",\"isPartOf\":{\"@id\":\"https:\\\/\\\/medicinasinc.com\\\/se\\\/#website\"},\"primaryImageOfPage\":{\"@id\":\"https:\\\/\\\/medicinasinc.com\\\/se\\\/product\\\/kopa-metoxetamin\\\/#primaryimage\"},\"image\":{\"@id\":\"https:\\\/\\\/medicinasinc.com\\\/se\\\/product\\\/kopa-metoxetamin\\\/#primaryimage\"},\"thumbnailUrl\":\"https:\\\/\\\/medicinasinc.com\\\/se\\\/wp-content\\\/uploads\\\/sites\\\/16\\\/2022\\\/02\\\/Buy-Methoxetamine.webp\",\"datePublished\":\"2022-02-22T04:00:21+00:00\",\"dateModified\":\"2022-07-03T23:17:54+00:00\",\"description\":\"K\u00f6p Methoxetamine MXE till salu i Storbritannien, Europa, AU. vi erbjuder den mest p\u00e5litliga transaktionen och s\u00e4ljer till mycket \u00f6verkomliga priser. Best\u00e4ll Methoxetamine MXE nu till b\u00e4sta priser\",\"breadcrumb\":{\"@id\":\"https:\\\/\\\/medicinasinc.com\\\/se\\\/product\\\/kopa-metoxetamin\\\/#breadcrumb\"},\"inLanguage\":\"sv-SE\",\"potentialAction\":[{\"@type\":\"ReadAction\",\"target\":[\"https:\\\/\\\/medicinasinc.com\\\/se\\\/product\\\/kopa-metoxetamin\\\/\"]}]},{\"@type\":\"ImageObject\",\"inLanguage\":\"sv-SE\",\"@id\":\"https:\\\/\\\/medicinasinc.com\\\/se\\\/product\\\/kopa-metoxetamin\\\/#primaryimage\",\"url\":\"https:\\\/\\\/medicinasinc.com\\\/se\\\/wp-content\\\/uploads\\\/sites\\\/16\\\/2022\\\/02\\\/Buy-Methoxetamine.webp\",\"contentUrl\":\"https:\\\/\\\/medicinasinc.com\\\/se\\\/wp-content\\\/uploads\\\/sites\\\/16\\\/2022\\\/02\\\/Buy-Methoxetamine.webp\",\"width\":750,\"height\":461},{\"@type\":\"BreadcrumbList\",\"@id\":\"https:\\\/\\\/medicinasinc.com\\\/se\\\/product\\\/kopa-metoxetamin\\\/#breadcrumb\",\"itemListElement\":[{\"@type\":\"ListItem\",\"position\":1,\"name\":\"aff\u00e4r\",\"item\":\"https:\\\/\\\/medicinasinc.com\\\/se\\\/affar\\\/\"},{\"@type\":\"ListItem\",\"position\":2,\"name\":\"K\u00f6p metoxetamin\"}]},{\"@type\":\"WebSite\",\"@id\":\"https:\\\/\\\/medicinasinc.com\\\/se\\\/#website\",\"url\":\"https:\\\/\\\/medicinasinc.com\\\/se\\\/\",\"name\":\"Medicinas Inc\",\"description\":\"Health Medical Clinic\",\"potentialAction\":[{\"@type\":\"SearchAction\",\"target\":{\"@type\":\"EntryPoint\",\"urlTemplate\":\"https:\\\/\\\/medicinasinc.com\\\/se\\\/?s={search_term_string}\"},\"query-input\":{\"@type\":\"PropertyValueSpecification\",\"valueRequired\":true,\"valueName\":\"search_term_string\"}}],\"inLanguage\":\"sv-SE\"}]}<\/script>\n<!-- \/ Yoast SEO plugin. -->","yoast_head_json":{"title":"K\u00f6p Metoxetamin - Metoxetamin - Best Global Meds","description":"K\u00f6p Methoxetamine MXE till salu i Storbritannien, Europa, AU. vi erbjuder den mest p\u00e5litliga transaktionen och s\u00e4ljer till mycket \u00f6verkomliga priser. Best\u00e4ll Methoxetamine MXE nu till b\u00e4sta priser","robots":{"index":"index","follow":"follow","max-snippet":"max-snippet:-1","max-image-preview":"max-image-preview:large","max-video-preview":"max-video-preview:-1"},"canonical":"https:\/\/medicinasinc.com\/se\/product\/kopa-metoxetamin\/","og_locale":"sv_SE","og_type":"article","og_title":"K\u00f6p Metoxetamin - Metoxetamin - Best Global Meds","og_description":"K\u00f6p Methoxetamine MXE till salu i Storbritannien, Europa, AU. vi erbjuder den mest p\u00e5litliga transaktionen och s\u00e4ljer till mycket \u00f6verkomliga priser. Best\u00e4ll Methoxetamine MXE nu till b\u00e4sta priser","og_url":"https:\/\/medicinasinc.com\/se\/product\/kopa-metoxetamin\/","og_site_name":"Medicinas Inc","article_modified_time":"2022-07-03T23:17:54+00:00","og_image":[{"width":750,"height":461,"url":"https:\/\/medicinasinc.com\/se\/wp-content\/uploads\/sites\/16\/2022\/02\/Buy-Methoxetamine.webp","type":"image\/webp"}],"twitter_card":"summary_large_image","twitter_misc":{"Ber\u00e4knad l\u00e4stid":"2 minuter"},"schema":{"@context":"https:\/\/schema.org","@graph":[{"@type":"WebPage","@id":"https:\/\/medicinasinc.com\/se\/product\/kopa-metoxetamin\/","url":"https:\/\/medicinasinc.com\/se\/product\/kopa-metoxetamin\/","name":"K\u00f6p Metoxetamin - Metoxetamin - Best Global Meds","isPartOf":{"@id":"https:\/\/medicinasinc.com\/se\/#website"},"primaryImageOfPage":{"@id":"https:\/\/medicinasinc.com\/se\/product\/kopa-metoxetamin\/#primaryimage"},"image":{"@id":"https:\/\/medicinasinc.com\/se\/product\/kopa-metoxetamin\/#primaryimage"},"thumbnailUrl":"https:\/\/medicinasinc.com\/se\/wp-content\/uploads\/sites\/16\/2022\/02\/Buy-Methoxetamine.webp","datePublished":"2022-02-22T04:00:21+00:00","dateModified":"2022-07-03T23:17:54+00:00","description":"K\u00f6p Methoxetamine MXE till salu i Storbritannien, Europa, AU. vi erbjuder den mest p\u00e5litliga transaktionen och s\u00e4ljer till mycket \u00f6verkomliga priser. Best\u00e4ll Methoxetamine MXE nu till b\u00e4sta priser","breadcrumb":{"@id":"https:\/\/medicinasinc.com\/se\/product\/kopa-metoxetamin\/#breadcrumb"},"inLanguage":"sv-SE","potentialAction":[{"@type":"ReadAction","target":["https:\/\/medicinasinc.com\/se\/product\/kopa-metoxetamin\/"]}]},{"@type":"ImageObject","inLanguage":"sv-SE","@id":"https:\/\/medicinasinc.com\/se\/product\/kopa-metoxetamin\/#primaryimage","url":"https:\/\/medicinasinc.com\/se\/wp-content\/uploads\/sites\/16\/2022\/02\/Buy-Methoxetamine.webp","contentUrl":"https:\/\/medicinasinc.com\/se\/wp-content\/uploads\/sites\/16\/2022\/02\/Buy-Methoxetamine.webp","width":750,"height":461},{"@type":"BreadcrumbList","@id":"https:\/\/medicinasinc.com\/se\/product\/kopa-metoxetamin\/#breadcrumb","itemListElement":[{"@type":"ListItem","position":1,"name":"aff\u00e4r","item":"https:\/\/medicinasinc.com\/se\/affar\/"},{"@type":"ListItem","position":2,"name":"K\u00f6p metoxetamin"}]},{"@type":"WebSite","@id":"https:\/\/medicinasinc.com\/se\/#website","url":"https:\/\/medicinasinc.com\/se\/","name":"Medicinas Inc","description":"Health Medical Clinic","potentialAction":[{"@type":"SearchAction","target":{"@type":"EntryPoint","urlTemplate":"https:\/\/medicinasinc.com\/se\/?s={search_term_string}"},"query-input":{"@type":"PropertyValueSpecification","valueRequired":true,"valueName":"search_term_string"}}],"inLanguage":"sv-SE"}]}},"_links":{"self":[{"href":"https:\/\/medicinasinc.com\/se\/wp-json\/wp\/v2\/product\/5677","targetHints":{"allow":["GET"]}}],"collection":[{"href":"https:\/\/medicinasinc.com\/se\/wp-json\/wp\/v2\/product"}],"about":[{"href":"https:\/\/medicinasinc.com\/se\/wp-json\/wp\/v2\/types\/product"}],"replies":[{"embeddable":true,"href":"https:\/\/medicinasinc.com\/se\/wp-json\/wp\/v2\/comments?post=5677"}],"wp:featuredmedia":[{"embeddable":true,"href":"https:\/\/medicinasinc.com\/se\/wp-json\/wp\/v2\/media\/5687"}],"wp:attachment":[{"href":"https:\/\/medicinasinc.com\/se\/wp-json\/wp\/v2\/media?parent=5677"}],"wp:term":[{"taxonomy":"product_brand","embeddable":true,"href":"https:\/\/medicinasinc.com\/se\/wp-json\/wp\/v2\/product_brand?post=5677"},{"taxonomy":"product_cat","embeddable":true,"href":"https:\/\/medicinasinc.com\/se\/wp-json\/wp\/v2\/product_cat?post=5677"},{"taxonomy":"product_tag","embeddable":true,"href":"https:\/\/medicinasinc.com\/se\/wp-json\/wp\/v2\/product_tag?post=5677"}],"curies":[{"name":"wp","href":"https:\/\/api.w.org\/{rel}","templated":true}]}}