{"id":5673,"date":"2022-02-22T03:54:58","date_gmt":"2022-02-22T03:54:58","guid":{"rendered":"https:\/\/medicinasinc.com\/se\/?post_type=product&#038;p=5673"},"modified":"2022-07-03T23:18:06","modified_gmt":"2022-07-03T23:18:06","slug":"kop-alprox-2mg-piller-xanax","status":"publish","type":"product","link":"https:\/\/medicinasinc.com\/se\/product\/kop-alprox-2mg-piller-xanax\/","title":{"rendered":"K\u00f6p Alprox 2mg piller (Xanax)"},"content":{"rendered":"<p>M\u00e4nniskor som vill k\u00f6pa billiga 2mg XANAX online b\u00f6r leta efter dem. Best\u00e4ll XANAX 2mg fr\u00e5n Global Home Med till ett l\u00e5gt pris och f\u00e5 det levererat direkt till din d\u00f6rr!<\/p>\n<p>Alprazolam kan k\u00f6pas i Storbritannien, s\u00e5 du kan g\u00f6ra det. Ett m\u00e4rke av Xanax som heter Alprazolam har 2mg av drog i den. Det \u00e4r mer kraftfullt i Storbritannien att ta tabletten p\u00e5 2 mg av detta bra \u00e5ngestl\u00e4kemedel.<\/p>\n<p>M\u00e4nniskor som vill k\u00f6pa Xanax kan k\u00f6pa det online. Xanax bars till salu \u2013 K\u00f6p xanax 2mg online \u2013 k\u00f6p xanax 1mg online \u2013<\/p>\n<p>Xanax kan f\u00e5 dig att k\u00e4nna dig d\u00e5sig och lugn, vilket g\u00f6r att du k\u00e4nner dig avslappnad och tillfreds.<\/p>\n<p>K\u00f6p Xanax 2Mg i Storbrittanien. Best\u00e4ll Xanax Overnight p\u00e5 ett vettigt s\u00e4tt. Fussy Wilburn detonerar sitt sublimeringserbjudande Buying Xanax Online Reddit.<\/p>\n<p>Folk kan k\u00f6pa billigt Xanax utan l\u00e4karintyg. N\u00e4r du k\u00f6per zoloft online kan du hitta det p\u00e5 de b\u00e4sta onlineapoteken. Du kan ocks\u00e5 k\u00f6pa billiga xanax och fentermin online. P\u00e5 den h\u00e4r bilden kan du se generiska Xanax 2mg barer som ser ut som den \u00e4kta varan.<\/p>\n<p>F\u00f6r att behandla panik\u00e5ngest och \u00e5ngest, k\u00f6p Xanax 2mg Alprazolam 0,5mg, 1mg eller 2mg Tablett anv\u00e4nds. M\u00e4nniskor som \u00e4r r\u00e4dda och stressade kan vara v\u00e4ldigt r\u00e4dda och stressade. Det \u00e4r b\u00e4st att b\u00f6rja med en liten m\u00e4ngd och sedan gradvis \u00f6ka m\u00e4ngden. Sluta inte ta detta l\u00e4kemedel omedelbart, eftersom det kan orsaka abstinenssymptom som kramper, aggressivt beteende, dimsyn och mer, som n\u00e4r du slutar ta det.<\/p>\n<p>Ta Alprazolam 0,5 MG tablett med eller utan mat, men \u00e4t ingenting innan du tar det. Ta inte in mer \u00e4n vad l\u00e4karen har sagt till dig. Om du har n\u00e5gra d\u00e5liga biverkningar, kontakta din l\u00e4kare. Se till att tala med din l\u00e4kare innan du slutar ta medicinen, eftersom det kan f\u00e5 dig att m\u00e5 d\u00e5ligt.<\/p>\n<p>S\u00e5 h\u00e4r fungerar det<br \/> Detta l\u00e4kemedel binder till kloridkanalerna och l\u00e5ter kloridjoner fl\u00f6da Detta g\u00f6r att neurons membran blir mer stabilt och hyperpolariserat, vilket hindrar cellen fr\u00e5n att bli mer upphetsad.<\/p>\n","protected":false},"excerpt":{"rendered":"<p>K\u00f6p Alprox xanax 2mg piller till salu i Storbritannien, Europa. k\u00f6pa Alprox online, k\u00f6p xanax online, k\u00f6p online alprox, k\u00f6pa xanax, Alprox 2mg, var kan jag k\u00f6pa alprox online.<\/p>\n<p>Online kan du k\u00f6pa Alprox 2mg piller till f\u00f6rs\u00e4ljning till ett l\u00e5gt pris (Xanax). I det h\u00e4r fallet kan du f\u00e5 Alprox online. Du kan ocks\u00e5 f\u00e5 det online, k\u00f6pa Alprox online, skaffa xanax online och ta reda p\u00e5 var du kan f\u00e5 det ifr\u00e5n.<\/p>\n<p>Du kan k\u00f6pa Alprazolam Xanax 2 mg tabletter fr\u00e5n v\u00e5r globala medicinbutik och f\u00e5 dem snabbt levererade till vilket land som helst i v\u00e4rlden! H\u00e4r hittar du den b\u00e4sta Alprazolam 2 MG Tablet som du kan k\u00f6pa.<\/p>\n<p>K\u00f6p Xanax 2 MG Tablet anv\u00e4nds f\u00f6r att behandla panik\u00e5ngest och \u00e5ngest, s\u00e5som pl\u00f6tslig extrem r\u00e4dsla och stress orsakad av stress. Det \u00e4r b\u00e4st att b\u00f6rja med en liten m\u00e4ngd och sedan gradvis \u00f6ka m\u00e4ngden. Sluta inte ta detta l\u00e4kemedel omedelbart, eftersom det kan orsaka abstinenssymptom som kramper, aggressivt beteende, dimsyn och mer, om du slutar ta det f\u00f6r snabbt.<\/p>\n","protected":false},"featured_media":5683,"comment_status":"open","ping_status":"closed","template":"","meta":[],"product_brand":[],"product_cat":[1117],"product_tag":[1143,3502,1188,3507,1168,3505,3506,1192,1182,1189,3503,3504,1194,3508,3509,3510,3513,3515,3514,3516,3511,3512,3517,3521,3519,3518,3522,3520,3523],"class_list":{"0":"post-5673","1":"product","2":"type-product","3":"status-publish","4":"has-post-thumbnail","6":"product_cat-kop-smarta-somn-sextabletter","7":"product_tag-alprazolam-till-salu","8":"product_tag-best-shop-xanax-2-mg-uk","9":"product_tag-bestlla-alprazolam-online","10":"product_tag-order-xanax-2-mg-uk","11":"product_tag-buy-alprazolam-online","12":"product_tag-buy-xanax-2mg","13":"product_tag-buy-xanax-online","14":"product_tag-det-bsta-stllet-att-kpa-alprazolam-online","15":"product_tag-hur-man-kper-alprazolam-online","16":"product_tag-kp-alprazolam-online","17":"product_tag-kp-xanax-2-mg","18":"product_tag-kp-xanax-2-mg-uk","19":"product_tag-var-att-kpa-alprazolam-online","20":"product_tag-var-att-kpa-xanax-2-mg-uk","21":"product_tag-xanax-2-mg-effekt","22":"product_tag-xanax-2-mg-europe","23":"product_tag-xanax-2-mg-google","24":"product_tag-xanax-2-mg-gravid-kvinna","25":"product_tag-xanax-2-mg-online-uk","26":"product_tag-xanax-2-mg-reddit","27":"product_tag-xanax-2-mg-till-salu","28":"product_tag-xanax-2-mg-till-frsljning-uk","29":"product_tag-xanax-2-mg-uk","30":"product_tag-xanax-2mg-ordning","31":"product_tag-xanax-2mg-effekt","32":"product_tag-xanax-2mg-kp","33":"product_tag-xanax-2mg-reddit","34":"product_tag-xanax-2mg-till-salu","35":"product_tag-xanax-bar-till-salu","37":"first","38":"instock","39":"shipping-taxable","40":"purchasable","41":"product-type-variable","42":"has-default-attributes"},"yoast_head":"<!-- This site is optimized with the Yoast SEO plugin v27.3 - https:\/\/yoast.com\/product\/yoast-seo-wordpress\/ -->\n<title>K\u00f6p Alprox 2 mg piller (Xanax) - Xanax 2 mg - B\u00e4sta globala medicinerna<\/title>\n<meta name=\"description\" content=\"K\u00f6p Alprox xanax 2mg piller till salu i Storbritannien, Europa. k\u00f6p Alprox online, k\u00f6p xanax online, k\u00f6p online alprox, k\u00f6p xanax, Best\u00e4ll Alprox 2mg, var kan jag k\u00f6pa alprox online.\" \/>\n<meta name=\"robots\" content=\"index, follow, max-snippet:-1, max-image-preview:large, max-video-preview:-1\" \/>\n<link rel=\"canonical\" href=\"https:\/\/medicinasinc.com\/se\/product\/kop-alprox-2mg-piller-xanax\/\" \/>\n<meta property=\"og:locale\" content=\"sv_SE\" \/>\n<meta property=\"og:type\" content=\"article\" \/>\n<meta property=\"og:title\" content=\"K\u00f6p Alprox 2 mg piller (Xanax) - Xanax 2 mg - B\u00e4sta globala medicinerna\" \/>\n<meta property=\"og:description\" content=\"K\u00f6p Alprox xanax 2mg piller till salu i Storbritannien, Europa. k\u00f6p Alprox online, k\u00f6p xanax online, k\u00f6p online alprox, k\u00f6p xanax, Best\u00e4ll Alprox 2mg, var kan jag k\u00f6pa alprox online.\" \/>\n<meta property=\"og:url\" content=\"https:\/\/medicinasinc.com\/se\/product\/kop-alprox-2mg-piller-xanax\/\" \/>\n<meta property=\"og:site_name\" content=\"Medicinas Inc\" \/>\n<meta property=\"article:modified_time\" content=\"2022-07-03T23:18:06+00:00\" \/>\n<meta property=\"og:image\" content=\"https:\/\/medicinasinc.com\/se\/wp-content\/uploads\/sites\/16\/2022\/02\/Buy-xanax-2-mg.jpg\" \/>\n\t<meta property=\"og:image:width\" content=\"400\" \/>\n\t<meta property=\"og:image:height\" content=\"350\" \/>\n\t<meta property=\"og:image:type\" content=\"image\/jpeg\" \/>\n<meta name=\"twitter:card\" content=\"summary_large_image\" \/>\n<meta name=\"twitter:label1\" content=\"Ber\u00e4knad l\u00e4stid\" \/>\n\t<meta name=\"twitter:data1\" content=\"2 minuter\" \/>\n<script type=\"application\/ld+json\" class=\"yoast-schema-graph\">{\"@context\":\"https:\\\/\\\/schema.org\",\"@graph\":[{\"@type\":\"WebPage\",\"@id\":\"https:\\\/\\\/medicinasinc.com\\\/se\\\/product\\\/kop-alprox-2mg-piller-xanax\\\/\",\"url\":\"https:\\\/\\\/medicinasinc.com\\\/se\\\/product\\\/kop-alprox-2mg-piller-xanax\\\/\",\"name\":\"K\u00f6p Alprox 2 mg piller (Xanax) - Xanax 2 mg - B\u00e4sta globala medicinerna\",\"isPartOf\":{\"@id\":\"https:\\\/\\\/medicinasinc.com\\\/se\\\/#website\"},\"primaryImageOfPage\":{\"@id\":\"https:\\\/\\\/medicinasinc.com\\\/se\\\/product\\\/kop-alprox-2mg-piller-xanax\\\/#primaryimage\"},\"image\":{\"@id\":\"https:\\\/\\\/medicinasinc.com\\\/se\\\/product\\\/kop-alprox-2mg-piller-xanax\\\/#primaryimage\"},\"thumbnailUrl\":\"https:\\\/\\\/medicinasinc.com\\\/se\\\/wp-content\\\/uploads\\\/sites\\\/16\\\/2022\\\/02\\\/Buy-xanax-2-mg.jpg\",\"datePublished\":\"2022-02-22T03:54:58+00:00\",\"dateModified\":\"2022-07-03T23:18:06+00:00\",\"description\":\"K\u00f6p Alprox xanax 2mg piller till salu i Storbritannien, Europa. k\u00f6p Alprox online, k\u00f6p xanax online, k\u00f6p online alprox, k\u00f6p xanax, Best\u00e4ll Alprox 2mg, var kan jag k\u00f6pa alprox online.\",\"breadcrumb\":{\"@id\":\"https:\\\/\\\/medicinasinc.com\\\/se\\\/product\\\/kop-alprox-2mg-piller-xanax\\\/#breadcrumb\"},\"inLanguage\":\"sv-SE\",\"potentialAction\":[{\"@type\":\"ReadAction\",\"target\":[\"https:\\\/\\\/medicinasinc.com\\\/se\\\/product\\\/kop-alprox-2mg-piller-xanax\\\/\"]}]},{\"@type\":\"ImageObject\",\"inLanguage\":\"sv-SE\",\"@id\":\"https:\\\/\\\/medicinasinc.com\\\/se\\\/product\\\/kop-alprox-2mg-piller-xanax\\\/#primaryimage\",\"url\":\"https:\\\/\\\/medicinasinc.com\\\/se\\\/wp-content\\\/uploads\\\/sites\\\/16\\\/2022\\\/02\\\/Buy-xanax-2-mg.jpg\",\"contentUrl\":\"https:\\\/\\\/medicinasinc.com\\\/se\\\/wp-content\\\/uploads\\\/sites\\\/16\\\/2022\\\/02\\\/Buy-xanax-2-mg.jpg\",\"width\":400,\"height\":350},{\"@type\":\"BreadcrumbList\",\"@id\":\"https:\\\/\\\/medicinasinc.com\\\/se\\\/product\\\/kop-alprox-2mg-piller-xanax\\\/#breadcrumb\",\"itemListElement\":[{\"@type\":\"ListItem\",\"position\":1,\"name\":\"aff\u00e4r\",\"item\":\"https:\\\/\\\/medicinasinc.com\\\/se\\\/affar\\\/\"},{\"@type\":\"ListItem\",\"position\":2,\"name\":\"K\u00f6p Alprox 2mg piller (Xanax)\"}]},{\"@type\":\"WebSite\",\"@id\":\"https:\\\/\\\/medicinasinc.com\\\/se\\\/#website\",\"url\":\"https:\\\/\\\/medicinasinc.com\\\/se\\\/\",\"name\":\"Medicinas Inc\",\"description\":\"Health Medical Clinic\",\"potentialAction\":[{\"@type\":\"SearchAction\",\"target\":{\"@type\":\"EntryPoint\",\"urlTemplate\":\"https:\\\/\\\/medicinasinc.com\\\/se\\\/?s={search_term_string}\"},\"query-input\":{\"@type\":\"PropertyValueSpecification\",\"valueRequired\":true,\"valueName\":\"search_term_string\"}}],\"inLanguage\":\"sv-SE\"}]}<\/script>\n<!-- \/ Yoast SEO plugin. -->","yoast_head_json":{"title":"K\u00f6p Alprox 2 mg piller (Xanax) - Xanax 2 mg - B\u00e4sta globala medicinerna","description":"K\u00f6p Alprox xanax 2mg piller till salu i Storbritannien, Europa. k\u00f6p Alprox online, k\u00f6p xanax online, k\u00f6p online alprox, k\u00f6p xanax, Best\u00e4ll Alprox 2mg, var kan jag k\u00f6pa alprox online.","robots":{"index":"index","follow":"follow","max-snippet":"max-snippet:-1","max-image-preview":"max-image-preview:large","max-video-preview":"max-video-preview:-1"},"canonical":"https:\/\/medicinasinc.com\/se\/product\/kop-alprox-2mg-piller-xanax\/","og_locale":"sv_SE","og_type":"article","og_title":"K\u00f6p Alprox 2 mg piller (Xanax) - Xanax 2 mg - B\u00e4sta globala medicinerna","og_description":"K\u00f6p Alprox xanax 2mg piller till salu i Storbritannien, Europa. k\u00f6p Alprox online, k\u00f6p xanax online, k\u00f6p online alprox, k\u00f6p xanax, Best\u00e4ll Alprox 2mg, var kan jag k\u00f6pa alprox online.","og_url":"https:\/\/medicinasinc.com\/se\/product\/kop-alprox-2mg-piller-xanax\/","og_site_name":"Medicinas Inc","article_modified_time":"2022-07-03T23:18:06+00:00","og_image":[{"width":400,"height":350,"url":"https:\/\/medicinasinc.com\/se\/wp-content\/uploads\/sites\/16\/2022\/02\/Buy-xanax-2-mg.jpg","type":"image\/jpeg"}],"twitter_card":"summary_large_image","twitter_misc":{"Ber\u00e4knad l\u00e4stid":"2 minuter"},"schema":{"@context":"https:\/\/schema.org","@graph":[{"@type":"WebPage","@id":"https:\/\/medicinasinc.com\/se\/product\/kop-alprox-2mg-piller-xanax\/","url":"https:\/\/medicinasinc.com\/se\/product\/kop-alprox-2mg-piller-xanax\/","name":"K\u00f6p Alprox 2 mg piller (Xanax) - Xanax 2 mg - B\u00e4sta globala medicinerna","isPartOf":{"@id":"https:\/\/medicinasinc.com\/se\/#website"},"primaryImageOfPage":{"@id":"https:\/\/medicinasinc.com\/se\/product\/kop-alprox-2mg-piller-xanax\/#primaryimage"},"image":{"@id":"https:\/\/medicinasinc.com\/se\/product\/kop-alprox-2mg-piller-xanax\/#primaryimage"},"thumbnailUrl":"https:\/\/medicinasinc.com\/se\/wp-content\/uploads\/sites\/16\/2022\/02\/Buy-xanax-2-mg.jpg","datePublished":"2022-02-22T03:54:58+00:00","dateModified":"2022-07-03T23:18:06+00:00","description":"K\u00f6p Alprox xanax 2mg piller till salu i Storbritannien, Europa. k\u00f6p Alprox online, k\u00f6p xanax online, k\u00f6p online alprox, k\u00f6p xanax, Best\u00e4ll Alprox 2mg, var kan jag k\u00f6pa alprox online.","breadcrumb":{"@id":"https:\/\/medicinasinc.com\/se\/product\/kop-alprox-2mg-piller-xanax\/#breadcrumb"},"inLanguage":"sv-SE","potentialAction":[{"@type":"ReadAction","target":["https:\/\/medicinasinc.com\/se\/product\/kop-alprox-2mg-piller-xanax\/"]}]},{"@type":"ImageObject","inLanguage":"sv-SE","@id":"https:\/\/medicinasinc.com\/se\/product\/kop-alprox-2mg-piller-xanax\/#primaryimage","url":"https:\/\/medicinasinc.com\/se\/wp-content\/uploads\/sites\/16\/2022\/02\/Buy-xanax-2-mg.jpg","contentUrl":"https:\/\/medicinasinc.com\/se\/wp-content\/uploads\/sites\/16\/2022\/02\/Buy-xanax-2-mg.jpg","width":400,"height":350},{"@type":"BreadcrumbList","@id":"https:\/\/medicinasinc.com\/se\/product\/kop-alprox-2mg-piller-xanax\/#breadcrumb","itemListElement":[{"@type":"ListItem","position":1,"name":"aff\u00e4r","item":"https:\/\/medicinasinc.com\/se\/affar\/"},{"@type":"ListItem","position":2,"name":"K\u00f6p Alprox 2mg piller (Xanax)"}]},{"@type":"WebSite","@id":"https:\/\/medicinasinc.com\/se\/#website","url":"https:\/\/medicinasinc.com\/se\/","name":"Medicinas Inc","description":"Health Medical Clinic","potentialAction":[{"@type":"SearchAction","target":{"@type":"EntryPoint","urlTemplate":"https:\/\/medicinasinc.com\/se\/?s={search_term_string}"},"query-input":{"@type":"PropertyValueSpecification","valueRequired":true,"valueName":"search_term_string"}}],"inLanguage":"sv-SE"}]}},"_links":{"self":[{"href":"https:\/\/medicinasinc.com\/se\/wp-json\/wp\/v2\/product\/5673","targetHints":{"allow":["GET"]}}],"collection":[{"href":"https:\/\/medicinasinc.com\/se\/wp-json\/wp\/v2\/product"}],"about":[{"href":"https:\/\/medicinasinc.com\/se\/wp-json\/wp\/v2\/types\/product"}],"replies":[{"embeddable":true,"href":"https:\/\/medicinasinc.com\/se\/wp-json\/wp\/v2\/comments?post=5673"}],"wp:featuredmedia":[{"embeddable":true,"href":"https:\/\/medicinasinc.com\/se\/wp-json\/wp\/v2\/media\/5683"}],"wp:attachment":[{"href":"https:\/\/medicinasinc.com\/se\/wp-json\/wp\/v2\/media?parent=5673"}],"wp:term":[{"taxonomy":"product_brand","embeddable":true,"href":"https:\/\/medicinasinc.com\/se\/wp-json\/wp\/v2\/product_brand?post=5673"},{"taxonomy":"product_cat","embeddable":true,"href":"https:\/\/medicinasinc.com\/se\/wp-json\/wp\/v2\/product_cat?post=5673"},{"taxonomy":"product_tag","embeddable":true,"href":"https:\/\/medicinasinc.com\/se\/wp-json\/wp\/v2\/product_tag?post=5673"}],"curies":[{"name":"wp","href":"https:\/\/api.w.org\/{rel}","templated":true}]}}