{"id":5667,"date":"2022-02-22T03:49:11","date_gmt":"2022-02-22T03:49:11","guid":{"rendered":"https:\/\/medicinasinc.com\/se\/?post_type=product&#038;p=5667"},"modified":"2022-07-03T23:18:17","modified_gmt":"2022-07-03T23:18:17","slug":"kopa-sten-pa-badsalt","status":"publish","type":"product","link":"https:\/\/medicinasinc.com\/se\/product\/kopa-sten-pa-badsalt\/","title":{"rendered":"K\u00f6p Rock On Bath Salt"},"content":{"rendered":"<p><strong>I det h\u00e4r fallet kan du k\u00f6pa Rock On Bath Salt p\u00e5 webben.<\/strong><\/p>\n<p>K\u00f6p Rock On Bath Salt till salu i Storbritannien, Europa och AU f\u00f6r ett bra pris pris. M\u00e4nniskor som handlar av oss kan vara s\u00e4kra p\u00e5 att de f\u00e5r vad de betalar f\u00f6r. Detta Rock On Bath Salt \u00e4r nu till de b\u00e4sta priserna.<\/p>\n","protected":false},"excerpt":{"rendered":"<div class=\"woocommerce-product-details__short-description\">\n<p><strong>Produktpriset \u00e4r per 10 gram<\/strong><\/p>\n<p>K\u00f6p Rock On Bath Salt till salu i Storbritannien, Europa, AU. vi erbjuder den mest p\u00e5litliga transaktionen och s\u00e4ljer till mycket \u00f6verkomliga priser. Rock On Bath Salt nu till b\u00e4sta priser<\/p>\n<\/p><\/div>\n","protected":false},"featured_media":5676,"comment_status":"open","ping_status":"closed","template":"","meta":[],"product_brand":[],"product_cat":[2014],"product_tag":[3442,3083,3435,3433,3434,3438,3095,3436,3437,3440,3441,3483,3484,3486,3487,3485,3470,3445,3446,3447,3448,3450,3455,3458,3501,3467,3469,3472,3473,3474,3439,3479,3475,3476,3468,3443,3451,3488,3449,3452,3454,3456,3457,3097,3489,3477,3478,3466,3453,3165,3481,3482,3480,3471,3444,3494,3496,3495,3499,3498,3497],"class_list":{"0":"post-5667","1":"product","2":"type-product","3":"status-publish","4":"has-post-thumbnail","6":"product_cat-kop-research-chemicals","7":"product_tag-bsta-kvalitet-online-badsalt","8":"product_tag-elfenben-vg-bad-salter","9":"product_tag-badsalt-lkemedel-frsljning-online","10":"product_tag-badsalt-lkemedel","11":"product_tag-badsalt-lkemedel-till-frsljning-online","12":"product_tag-badsalt-online-butik","13":"product_tag-badsalt-till-frsljning","14":"product_tag-badsalt-till-frsljning-online","15":"product_tag-badsalt-till-frsljning-online-med-kreditkort","16":"product_tag-badsalter","17":"product_tag-bsta-badsalt","18":"product_tag-bestll-badsalt-lkemedel-online","19":"product_tag-bestll-badsalt-online","20":"product_tag-bestll-badsalt-online-torsk","21":"product_tag-bestll-badsalt-online-med-kreditkort","22":"product_tag-bestll-badsalt-online-badsalt-grossist","23":"product_tag-billigt-badsalt","24":"product_tag-buy-bath-salts-drug-online","25":"product_tag-buy-bath-salts-online","26":"product_tag-buy-bath-salts-online-legal","27":"product_tag-buy-bath-salts-online-where-can-i-buy-bath-salts-online","28":"product_tag-buy-bath-salts-online-with-credit-cards","29":"product_tag-buy-ivory-wave-for-sale-online","30":"product_tag-buy-pump-it-bath-salt-1000mg","31":"product_tag-buy-rock-on-bath-salt-online","32":"product_tag-buy-synthetic-bath-salts-online","33":"product_tag-can-you-still-buy-bath-salts","34":"product_tag-concentrated-bath-salts","35":"product_tag-diskret-badsalt-handlare-online","36":"product_tag-tta-ballz-badsalt-till-frsljning-online","37":"product_tag-badsalt-frsljning-online","38":"product_tag-letar-att-kpa-badsalt-sol-online","39":"product_tag-hitta-legit-badsalt-leverantrer-online","40":"product_tag-ivory-wave","41":"product_tag-kan-du-kpa-badsalt-i-butiker","42":"product_tag-buy-amped-novelty-powder-500mg","43":"product_tag-kp-badsalt-med-paypal-online","44":"product_tag-kp-badsalt-online","45":"product_tag-k-c3-b6pa-badsalt-online-med-kreditkort","46":"product_tag-k-c3-b6p-billigt-badsalt-bst-c3-a4ll-badsalt-l-c3-a4kemedel-online","47":"product_tag-kp-elfenben-vg-badsalt-1000mg","48":"product_tag-kp-k2-badsalt-online","49":"product_tag-kp-mefedron-badsalt-online-med-kreditkort","50":"product_tag-kpa-badsalt","51":"product_tag-kvalitets-badsalt-lkemedel-till-frsljning-online","52":"product_tag-legal-badsalt-till-frsljning-online","53":"product_tag-legit-badsalt-leverantrer-online","54":"product_tag-kp-sextacy-badsalt-online","55":"product_tag-kp-tta-ballz-badsalt-online","56":"product_tag-mdpv-badsalt-till-salu","57":"product_tag-mefedron-badsalt-var-att-kpa","58":"product_tag-mefedron","59":"product_tag-mefedron-badsalt-till-salu","60":"product_tag-moln-9-badsalt","61":"product_tag-k-c3-b6pa-badsalt-torsk","62":"product_tag-safest-online-store-to-buy-bath-salts","63":"product_tag-vad-gr-badsalt-gr","64":"product_tag-vanilj-sky-bad-salt-till-frsljning","65":"product_tag-var-kan-jag-bestlla-mdpv-badsalt-online","66":"product_tag-var-kan-jag-f-badsalt","67":"product_tag-var-kan-jag-kpa-badsalt-online","69":"first","70":"instock","71":"shipping-taxable","72":"purchasable","73":"product-type-variable"},"yoast_head":"<!-- This site is optimized with the Yoast SEO plugin v27.2 - https:\/\/yoast.com\/product\/yoast-seo-wordpress\/ -->\n<title>K\u00f6p Rock On Bath Salt Online - Rock On Bath Salt - Best Global Meds<\/title>\n<meta name=\"description\" content=\"K\u00f6p Rock On Bath Salt till salu i Storbritannien, Europa, AU. vi erbjuder den mest p\u00e5litliga transaktionen och s\u00e4ljer till mycket \u00f6verkomliga priser. Rock On Bath Salt nu till b\u00e4sta priser\" \/>\n<meta name=\"robots\" content=\"index, follow, max-snippet:-1, max-image-preview:large, max-video-preview:-1\" \/>\n<link rel=\"canonical\" href=\"https:\/\/medicinasinc.com\/se\/product\/kopa-sten-pa-badsalt\/\" \/>\n<meta property=\"og:locale\" content=\"sv_SE\" \/>\n<meta property=\"og:type\" content=\"article\" \/>\n<meta property=\"og:title\" content=\"K\u00f6p Rock On Bath Salt Online - Rock On Bath Salt - Best Global Meds\" \/>\n<meta property=\"og:description\" content=\"K\u00f6p Rock On Bath Salt till salu i Storbritannien, Europa, AU. vi erbjuder den mest p\u00e5litliga transaktionen och s\u00e4ljer till mycket \u00f6verkomliga priser. Rock On Bath Salt nu till b\u00e4sta priser\" \/>\n<meta property=\"og:url\" content=\"https:\/\/medicinasinc.com\/se\/product\/kopa-sten-pa-badsalt\/\" \/>\n<meta property=\"og:site_name\" content=\"Medicinas Inc\" \/>\n<meta property=\"article:modified_time\" content=\"2022-07-03T23:18:17+00:00\" \/>\n<meta property=\"og:image\" content=\"https:\/\/medicinasinc.com\/se\/wp-content\/uploads\/sites\/16\/2022\/02\/Buy-Rock-On-Bath-Salt.jpeg\" \/>\n\t<meta property=\"og:image:width\" content=\"640\" \/>\n\t<meta property=\"og:image:height\" content=\"428\" \/>\n\t<meta property=\"og:image:type\" content=\"image\/jpeg\" \/>\n<meta name=\"twitter:card\" content=\"summary_large_image\" \/>\n<meta name=\"twitter:label1\" content=\"Ber\u00e4knad l\u00e4stid\" \/>\n\t<meta name=\"twitter:data1\" content=\"1 minut\" \/>\n<script type=\"application\/ld+json\" class=\"yoast-schema-graph\">{\"@context\":\"https:\/\/schema.org\",\"@graph\":[{\"@type\":\"WebPage\",\"@id\":\"https:\/\/medicinasinc.com\/se\/product\/kopa-sten-pa-badsalt\/\",\"url\":\"https:\/\/medicinasinc.com\/se\/product\/kopa-sten-pa-badsalt\/\",\"name\":\"K\u00f6p Rock On Bath Salt Online - Rock On Bath Salt - Best Global Meds\",\"isPartOf\":{\"@id\":\"https:\/\/medicinasinc.com\/se\/#website\"},\"primaryImageOfPage\":{\"@id\":\"https:\/\/medicinasinc.com\/se\/product\/kopa-sten-pa-badsalt\/#primaryimage\"},\"image\":{\"@id\":\"https:\/\/medicinasinc.com\/se\/product\/kopa-sten-pa-badsalt\/#primaryimage\"},\"thumbnailUrl\":\"https:\/\/medicinasinc.com\/se\/wp-content\/uploads\/sites\/16\/2022\/02\/Buy-Rock-On-Bath-Salt.jpeg\",\"datePublished\":\"2022-02-22T03:49:11+00:00\",\"dateModified\":\"2022-07-03T23:18:17+00:00\",\"description\":\"K\u00f6p Rock On Bath Salt till salu i Storbritannien, Europa, AU. vi erbjuder den mest p\u00e5litliga transaktionen och s\u00e4ljer till mycket \u00f6verkomliga priser. Rock On Bath Salt nu till b\u00e4sta priser\",\"breadcrumb\":{\"@id\":\"https:\/\/medicinasinc.com\/se\/product\/kopa-sten-pa-badsalt\/#breadcrumb\"},\"inLanguage\":\"sv-SE\",\"potentialAction\":[{\"@type\":\"ReadAction\",\"target\":[\"https:\/\/medicinasinc.com\/se\/product\/kopa-sten-pa-badsalt\/\"]}]},{\"@type\":\"ImageObject\",\"inLanguage\":\"sv-SE\",\"@id\":\"https:\/\/medicinasinc.com\/se\/product\/kopa-sten-pa-badsalt\/#primaryimage\",\"url\":\"https:\/\/medicinasinc.com\/se\/wp-content\/uploads\/sites\/16\/2022\/02\/Buy-Rock-On-Bath-Salt.jpeg\",\"contentUrl\":\"https:\/\/medicinasinc.com\/se\/wp-content\/uploads\/sites\/16\/2022\/02\/Buy-Rock-On-Bath-Salt.jpeg\",\"width\":640,\"height\":428},{\"@type\":\"BreadcrumbList\",\"@id\":\"https:\/\/medicinasinc.com\/se\/product\/kopa-sten-pa-badsalt\/#breadcrumb\",\"itemListElement\":[{\"@type\":\"ListItem\",\"position\":1,\"name\":\"aff\u00e4r\",\"item\":\"https:\/\/medicinasinc.com\/se\/affar\/\"},{\"@type\":\"ListItem\",\"position\":2,\"name\":\"K\u00f6p Rock On Bath Salt\"}]},{\"@type\":\"WebSite\",\"@id\":\"https:\/\/medicinasinc.com\/se\/#website\",\"url\":\"https:\/\/medicinasinc.com\/se\/\",\"name\":\"Medicinas Inc\",\"description\":\"Health Medical Clinic\",\"potentialAction\":[{\"@type\":\"SearchAction\",\"target\":{\"@type\":\"EntryPoint\",\"urlTemplate\":\"https:\/\/medicinasinc.com\/se\/?s={search_term_string}\"},\"query-input\":{\"@type\":\"PropertyValueSpecification\",\"valueRequired\":true,\"valueName\":\"search_term_string\"}}],\"inLanguage\":\"sv-SE\"}]}<\/script>\n<!-- \/ Yoast SEO plugin. -->","yoast_head_json":{"title":"K\u00f6p Rock On Bath Salt Online - Rock On Bath Salt - Best Global Meds","description":"K\u00f6p Rock On Bath Salt till salu i Storbritannien, Europa, AU. vi erbjuder den mest p\u00e5litliga transaktionen och s\u00e4ljer till mycket \u00f6verkomliga priser. Rock On Bath Salt nu till b\u00e4sta priser","robots":{"index":"index","follow":"follow","max-snippet":"max-snippet:-1","max-image-preview":"max-image-preview:large","max-video-preview":"max-video-preview:-1"},"canonical":"https:\/\/medicinasinc.com\/se\/product\/kopa-sten-pa-badsalt\/","og_locale":"sv_SE","og_type":"article","og_title":"K\u00f6p Rock On Bath Salt Online - Rock On Bath Salt - Best Global Meds","og_description":"K\u00f6p Rock On Bath Salt till salu i Storbritannien, Europa, AU. vi erbjuder den mest p\u00e5litliga transaktionen och s\u00e4ljer till mycket \u00f6verkomliga priser. Rock On Bath Salt nu till b\u00e4sta priser","og_url":"https:\/\/medicinasinc.com\/se\/product\/kopa-sten-pa-badsalt\/","og_site_name":"Medicinas Inc","article_modified_time":"2022-07-03T23:18:17+00:00","og_image":[{"width":640,"height":428,"url":"https:\/\/medicinasinc.com\/se\/wp-content\/uploads\/sites\/16\/2022\/02\/Buy-Rock-On-Bath-Salt.jpeg","type":"image\/jpeg"}],"twitter_card":"summary_large_image","twitter_misc":{"Ber\u00e4knad l\u00e4stid":"1 minut"},"schema":{"@context":"https:\/\/schema.org","@graph":[{"@type":"WebPage","@id":"https:\/\/medicinasinc.com\/se\/product\/kopa-sten-pa-badsalt\/","url":"https:\/\/medicinasinc.com\/se\/product\/kopa-sten-pa-badsalt\/","name":"K\u00f6p Rock On Bath Salt Online - Rock On Bath Salt - Best Global Meds","isPartOf":{"@id":"https:\/\/medicinasinc.com\/se\/#website"},"primaryImageOfPage":{"@id":"https:\/\/medicinasinc.com\/se\/product\/kopa-sten-pa-badsalt\/#primaryimage"},"image":{"@id":"https:\/\/medicinasinc.com\/se\/product\/kopa-sten-pa-badsalt\/#primaryimage"},"thumbnailUrl":"https:\/\/medicinasinc.com\/se\/wp-content\/uploads\/sites\/16\/2022\/02\/Buy-Rock-On-Bath-Salt.jpeg","datePublished":"2022-02-22T03:49:11+00:00","dateModified":"2022-07-03T23:18:17+00:00","description":"K\u00f6p Rock On Bath Salt till salu i Storbritannien, Europa, AU. vi erbjuder den mest p\u00e5litliga transaktionen och s\u00e4ljer till mycket \u00f6verkomliga priser. Rock On Bath Salt nu till b\u00e4sta priser","breadcrumb":{"@id":"https:\/\/medicinasinc.com\/se\/product\/kopa-sten-pa-badsalt\/#breadcrumb"},"inLanguage":"sv-SE","potentialAction":[{"@type":"ReadAction","target":["https:\/\/medicinasinc.com\/se\/product\/kopa-sten-pa-badsalt\/"]}]},{"@type":"ImageObject","inLanguage":"sv-SE","@id":"https:\/\/medicinasinc.com\/se\/product\/kopa-sten-pa-badsalt\/#primaryimage","url":"https:\/\/medicinasinc.com\/se\/wp-content\/uploads\/sites\/16\/2022\/02\/Buy-Rock-On-Bath-Salt.jpeg","contentUrl":"https:\/\/medicinasinc.com\/se\/wp-content\/uploads\/sites\/16\/2022\/02\/Buy-Rock-On-Bath-Salt.jpeg","width":640,"height":428},{"@type":"BreadcrumbList","@id":"https:\/\/medicinasinc.com\/se\/product\/kopa-sten-pa-badsalt\/#breadcrumb","itemListElement":[{"@type":"ListItem","position":1,"name":"aff\u00e4r","item":"https:\/\/medicinasinc.com\/se\/affar\/"},{"@type":"ListItem","position":2,"name":"K\u00f6p Rock On Bath Salt"}]},{"@type":"WebSite","@id":"https:\/\/medicinasinc.com\/se\/#website","url":"https:\/\/medicinasinc.com\/se\/","name":"Medicinas Inc","description":"Health Medical Clinic","potentialAction":[{"@type":"SearchAction","target":{"@type":"EntryPoint","urlTemplate":"https:\/\/medicinasinc.com\/se\/?s={search_term_string}"},"query-input":{"@type":"PropertyValueSpecification","valueRequired":true,"valueName":"search_term_string"}}],"inLanguage":"sv-SE"}]}},"_links":{"self":[{"href":"https:\/\/medicinasinc.com\/se\/wp-json\/wp\/v2\/product\/5667","targetHints":{"allow":["GET"]}}],"collection":[{"href":"https:\/\/medicinasinc.com\/se\/wp-json\/wp\/v2\/product"}],"about":[{"href":"https:\/\/medicinasinc.com\/se\/wp-json\/wp\/v2\/types\/product"}],"replies":[{"embeddable":true,"href":"https:\/\/medicinasinc.com\/se\/wp-json\/wp\/v2\/comments?post=5667"}],"wp:featuredmedia":[{"embeddable":true,"href":"https:\/\/medicinasinc.com\/se\/wp-json\/wp\/v2\/media\/5676"}],"wp:attachment":[{"href":"https:\/\/medicinasinc.com\/se\/wp-json\/wp\/v2\/media?parent=5667"}],"wp:term":[{"taxonomy":"product_brand","embeddable":true,"href":"https:\/\/medicinasinc.com\/se\/wp-json\/wp\/v2\/product_brand?post=5667"},{"taxonomy":"product_cat","embeddable":true,"href":"https:\/\/medicinasinc.com\/se\/wp-json\/wp\/v2\/product_cat?post=5667"},{"taxonomy":"product_tag","embeddable":true,"href":"https:\/\/medicinasinc.com\/se\/wp-json\/wp\/v2\/product_tag?post=5667"}],"curies":[{"name":"wp","href":"https:\/\/api.w.org\/{rel}","templated":true}]}}