{"id":5653,"date":"2022-02-22T03:27:38","date_gmt":"2022-02-22T03:27:38","guid":{"rendered":"https:\/\/medicinasinc.com\/se\/?post_type=product&#038;p=5653"},"modified":"2022-07-03T23:18:30","modified_gmt":"2022-07-03T23:18:30","slug":"kop-3-mmc-pulver","status":"publish","type":"product","link":"https:\/\/medicinasinc.com\/se\/product\/kop-3-mmc-pulver\/","title":{"rendered":"K\u00f6p 3-mmc pulver"},"content":{"rendered":"<p>Det b\u00e4sta st\u00e4llet att k\u00f6pa 3-MMC-pulver online \u00e4r medicinasinc.com\/se, vilket \u00e4r det b\u00e4sta st\u00e4llet att k\u00f6pa 3-MMC-pulver fr\u00e5n en kemikalieleverant\u00f6r i Europa.<\/p>\n<p>Bank\u00f6verf\u00f6ring eller bitcoinbetalningar ? Kolla in detaljerna vid utcheckningen.<br \/> Observera att du endast \u00e4r t\u00e4ckt f\u00f6r f\u00f6rlust p\u00e5 en tj\u00e4nst som \u00e4r sp\u00e5rad och f\u00f6rs\u00e4krad. Om ditt paket f\u00f6rsvinner f\u00e5r du en gratis \u00e5terfrakt efter 30 dagar. Om ditt paket f\u00f6rsvinner kommer du inte att f\u00e5 en gratis \u00e5ters\u00e4ndning.<br \/> Bitcoin-best\u00e4llningar som g\u00f6rs f\u00f6re 15.30 skickas samma dag.<br \/> K\u00f6p\u00a0 3MMC-kort.<\/p>\n<p>Du kan k\u00f6pa Chemical 3-MMC-pulver fr\u00e5n www.bestglobalmeds.com i bulk till ett billigt pris.<\/p>\n<p>3-Methylmethcathinone, eller 3-MMC, \u00e4r ett exempel p\u00e5 en molekyl i klassen katinoner som har tillsatts till dem . De \u00e4r en typ av amfetamin som har en fenylring som \u00e4r kopplad till en aminogrupp (NH2) genom en etylkedja och en extra metylsubstitution vid R.<\/p>\n<p>3-MMC och andra katinoner \u00e4r olika fr\u00e5n var och en annat eftersom de har ketonsubstitutioner p\u00e5 betakolet i amfetaminskelettet, vilket g\u00f6r dem till -keto-amfetaminer. metylsubstitutioner: 3-MMC har tv\u00e5 p\u00e5 sin katinonstruktur, en vid R3 i fenylgruppen och en vid kv\u00e4vegruppen RN, vilket \u00e4r dit metylgruppen g\u00e5r. 3-MMC liknar mefedron f\u00f6rutom en sak: metylgruppen s\u00e4tts vid R3 ist\u00e4llet f\u00f6r R4.<\/p>\n<p>Det finns m\u00e5nga olika s\u00e4tt att anv\u00e4nda 3-MMC-pulver, men det \u00e4r bara t\u00e4nkt att vara anv\u00e4nds f\u00f6r forskning. Den kan inte anv\u00e4ndas till n\u00e5gon av dessa andra saker.<\/p>\n<p>Innan du k\u00f6per forskningskemikalier, se till att du har r\u00e4tt verktyg och att ditt arbetsomr\u00e5de \u00e4r v\u00e4l ventilerat.<\/p>\n<p> Du m\u00e5ste vara minst 18 \u00e5r gammal f\u00f6r att k\u00f6pa denna vara.<\/p>\n<p>3-MMC-pulvret \u00e4r lagligt i v\u00e5rt hemland, d\u00e4r vi bor. Det \u00e4r upp till dig att k\u00e4nna till och f\u00f6lja lagarna i ditt land, l\u00e4n, region, stat eller stad. Vi \u00e4r inte ansvariga f\u00f6r vad du g\u00f6r eller vad som h\u00e4nder efter att du best\u00e4llt.<\/p>\n","protected":false},"excerpt":{"rendered":"<p>3-Methylmethcathinone, \u00e4ven k\u00e4nd som 3-MMC eller metafedron[1], \u00e4r ett nytt l\u00e4kemedel. Hydrokloridsaltet av 3-MMC \u00e4r ett vitt pulver som ser ut som flingor.<\/p>\n<p>Var kan jag k\u00f6pa 3-mmc-pulver till f\u00f6rs\u00e4ljning i Storbritannien och Europa? I kristall-, pellets- och pulverform har vi h\u00f6gkvalitativa 3-MMC till salu. Du kan k\u00f6pa det fr\u00e5n oss p\u00e5 Best Global Meds.<\/p>\n<p>Det \u00e4r l\u00e4tt att k\u00f6pa 3-MMC-pulver online fr\u00e5n ett f\u00f6retag som heter medicinasinc.com\/se, som \u00e4r en av de b\u00e4sta kemikalieleverant\u00f6rerna i Europa. Bank\u00f6verf\u00f6ring eller bitcoinbetalningar \u00e4r tv\u00e5 s\u00e4tt att betala f\u00f6r saker.<\/p>\n","protected":false},"featured_media":5664,"comment_status":"open","ping_status":"closed","template":"","meta":[],"product_brand":[],"product_cat":[2014],"product_tag":[2101,2102,2395,2105,2125,2129,2131,2103,2326,2104,2327,2339,2313,2106,2107,2398,2110,2112,2113,2114,2115,2116,2144,2118,2119,2108,2120,2121,2122,2123,2117,2124,2126,2368,2127,2128,2130,2135,2136,2137,2134,2138,2133,2132,2139,2140,2141,2142,2143,2111,2145,2146,2152,2153,2150,2151,2155,2331,2156,2402,2157,2158,2372,2159,2160,2164,2161,2162,2163,2165,2166,2167,2168,2169,2172,2173,2178,2179,2180,2181,2183,2420,2419,2189,2190,2191,2192,2197,2198,2199,2201,2202,2204,2203,2200,2205,2206,2210,2207,2208,2209,2211,2212,2213,2214,2215,2216,2217,2218,2379,2408,2380,2409,2410,2383,2412,2469,2415,2387,2475,2391,2219,2221,2222,2223,2225,2226,2232,2236,2238,2240,2244,2245,2246,2247,2248,2250,2251,2252,2254,2255,2256,2257,2258,2260,2261,2262,2263,2264,2265,2266,2267,2403,2270,2268,2269,2271,2273,2275,2276,2278,2274,2279,2370,3500,2280,2281,2282,2283,2285,2286,2287,2288,2290,2292,2185,2186,2187,2188,2284,2353,2354,2193,2306,2194,2307,2195,2308,2196,2291,2293,2277,2361,2447,2272,2289,2413,2468,2384,2414,2389,2417,2388,2418,2474,2390,2416,2407,2294,2406,2295,2309,2297,2298,2302,2299,2300,2301,2303,2304,2305,2439,2441,2310,2311,2312,2314,2315,2317,2318,2319,2321,2243,2421,2422,2177,2426,2423,2174,2424,2425,2316,2227,2228,2427,2229,2428,2233,2429,2430,2431,2182,2253,2434,2235,2432,2170,2171,2433,2249,2322,2239,2394,2400,2324,2325,2328,2329,2330,2332,2335,2336,2337,2340,2342,2343,2346,2220,2175,2259,2234,2320,2323,2184,2176,2348,2349,2350,2351,2352,2355,2356,2357,2358,2359,2360,2362,2363,2364,2365,2366,2367,2369,2371,2373,2374,2436,2443,2444,2445,2381,2385,2386,2382,2411,2392,2338,2341,2333,2344,2334,2345,2347,2396,2397,2399,2401,2404,2405,2435,2437,2438,2440,2442,2446,2476,2449,2450,2451,2452,2453,2454,2455,2456,2457,2458,2459,2460,2461,2462,2463,2464,2465,2466,2467,2470,2471,2472,2473],"class_list":{"0":"post-5653","1":"product","2":"type-product","3":"status-publish","4":"has-post-thumbnail","6":"product_cat-kop-research-chemicals","7":"product_tag-2-fdck","8":"product_tag-2-mmc","9":"product_tag-lagra-2-mmc","10":"product_tag-3-mmc","11":"product_tag-3-mmc-pellets","12":"product_tag-3-mmc-pulver","13":"product_tag-3-mmc-pulvereffekt","14":"product_tag-3-cmc","15":"product_tag-butik-3-cmc","16":"product_tag-3-mma","17":"product_tag-magasin-3-mma","18":"product_tag-magasin-3-kvalitet","19":"product_tag-kopp-3-mamma","20":"product_tag-3-mmc-bitcoin","21":"product_tag-3-mmc-bulgarien","22":"product_tag-lagra-3-mmc","23":"product_tag-3-mmc-cypern","24":"product_tag-3-mmc-denmark","25":"product_tag-3-mmc-estonia","26":"product_tag-3-mmc-finland","27":"product_tag-3-mmc-frankrike","28":"product_tag-3-mmc-grekland","29":"product_tag-3-mmc-grossist","30":"product_tag-3-mmc-ireland","31":"product_tag-3-mmc-italien","32":"product_tag-3-mmc-kroatiska","33":"product_tag-3-mmc-lettland","34":"product_tag-3-mmc-litauen","35":"product_tag-3-mmc-luxembourg","36":"product_tag-3-mmc-malta","37":"product_tag-3mmc-motvillig","38":"product_tag-3-mmc-nederlnderna","39":"product_tag-3-mmc-piller","40":"product_tag-shop-3-mmc-piller","41":"product_tag-3-mmc-polen","42":"product_tag-3-mmc-portugal","43":"product_tag-3-mmc-powder-bulk","44":"product_tag-3-mmc-powder-reddit","45":"product_tag-3-mmc-powder-sale","46":"product_tag-3-mmc-powder-sales","47":"product_tag-3-mmc-pulver-ordning","48":"product_tag-3-mmc-pulver-grossist","49":"product_tag-3-mmc-powder-online","50":"product_tag-3-mmc-pulver-till-salu","51":"product_tag-3-mmc-rumnien","52":"product_tag-3-mmc-slovakien","53":"product_tag-3-mmc-slovenien","54":"product_tag-3-mmc-spanien","55":"product_tag-3-mmc-sverige","56":"product_tag-3-mmc-tjeckien","57":"product_tag-3mmc","58":"product_tag-3mmc-belgien","59":"product_tag-3mmc-grossist","60":"product_tag-3mmc-med-bitcoin","61":"product_tag-3mmc-rumnien","62":"product_tag-3mmc-spanien","63":"product_tag-4-cmc","64":"product_tag-butik-4-cmc","65":"product_tag-5-mmpa","66":"product_tag-lagra-5-mmpa","67":"product_tag-a-php","68":"product_tag-a-pihp","69":"product_tag-shop-at-pihp","70":"product_tag-acheter-2-fdck","71":"product_tag-acheter-2-mmc","72":"product_tag-acheter-3-mmc-pellets","73":"product_tag-acheter-3-cmc","74":"product_tag-acheter-3-mma","75":"product_tag-acheter-3-mmc","76":"product_tag-acheter-3-mmc-piller","77":"product_tag-acheter-4-cmc","78":"product_tag-acheter-5-mmpa","79":"product_tag-acheter-a-php","80":"product_tag-acheter-a-pihp","81":"product_tag-acquista-2-fdck","82":"product_tag-acquista-2-mmc","83":"product_tag-acquista-3-mmc-pills","84":"product_tag-acquista-4-cmc","85":"product_tag-acquista-5-mmpa","86":"product_tag-acquista-a-php","87":"product_tag-acquista-eutylone","88":"product_tag-uzlet-hexen","89":"product_tag-start-hexedron","90":"product_tag-al-por-mayor-3-mmc","91":"product_tag-al-por-mayor-3-mmc-pellets","92":"product_tag-al-por-mayor-3-mmc-pills","93":"product_tag-al-por-mayor-4-cmc","94":"product_tag-al-por-mayor-hexedrone","95":"product_tag-al-por-mayor-hexen","96":"product_tag-bsta-3-cmc","97":"product_tag-bsta-4-cmc","98":"product_tag-best-a-pihp","99":"product_tag-bsta-hxor","100":"product_tag-bsta-hexedron","101":"product_tag-best-3-mmc","102":"product_tag-bulk-2-fdck","103":"product_tag-bulk-2-mmc","104":"product_tag-bulk-3-mmc-pellets","105":"product_tag-bulk-3-cmc","106":"product_tag-bulk-3-mma","107":"product_tag-bulk-3-mmc","108":"product_tag-bulk-3-mmc-piller","109":"product_tag-bulk-4-cmc","110":"product_tag-bulk-5-mmpa","111":"product_tag-bulk-a-php","112":"product_tag-bulk-a-pihp","113":"product_tag-bulk-eutylon","114":"product_tag-bulk-hexedron","115":"product_tag-bulk-hexen","116":"product_tag-shop-2-fdck","117":"product_tag-start-2-fdck","118":"product_tag-shop-2-mmc","119":"product_tag-uzlet-2-mmc","120":"product_tag-start-3-cmc","121":"product_tag-shop-3-mmc","122":"product_tag-uzlet-3-mmc","123":"product_tag-winkel-3-mmc-piller","124":"product_tag-start-4-cmc","125":"product_tag-shop-5-mmpa","126":"product_tag-winkel-hexedron","127":"product_tag-butikshexedron","128":"product_tag-buy-2-fdck","129":"product_tag-buy-3-cmc","130":"product_tag-buy-3-mma","131":"product_tag-buy-3-mmc","132":"product_tag-buy-3-mmc-pellets","133":"product_tag-buy-3-mmc-pills","134":"product_tag-buy-3mmc-powder","135":"product_tag-buy-a-pihp","136":"product_tag-buy-eutylone","137":"product_tag-buy-hexen","138":"product_tag-comprar-2-mmc","139":"product_tag-comprar-3-cmc","140":"product_tag-comprar-3-mma","141":"product_tag-comprar-3-mmc","142":"product_tag-comprar-3-mmc-pellets","143":"product_tag-comprar-4-cmc","144":"product_tag-comprar-5-mmpa","145":"product_tag-comprar-a-php","146":"product_tag-comprar-eutylone","147":"product_tag-comprar-hexedrone","148":"product_tag-comprar-hexen","149":"product_tag-cumpara-2-fdck","150":"product_tag-cumpara-3-cmc","151":"product_tag-cumpara-3-mmc","152":"product_tag-cumpara-4-cmc","153":"product_tag-cumpara-5-mmpa","154":"product_tag-cumpara-a-php","155":"product_tag-cumpara-a-pihp","156":"product_tag-cumpara-eutylone","157":"product_tag-cumpara-hexedrone","158":"product_tag-cumpara-hexen","159":"product_tag-butik-till-php","160":"product_tag-en-gros-3-mma","161":"product_tag-en-gros-2-fdck","162":"product_tag-en-gros-3-cmc","163":"product_tag-en-gros-3-mmc","164":"product_tag-en-gros-5-mmpa","165":"product_tag-en-gros-a-pihp","166":"product_tag-en-gros-eutylone","167":"product_tag-en-gros-hexen","168":"product_tag-en-gros-to-php","169":"product_tag-eutylone","170":"product_tag-business-5-mmpa","171":"product_tag-forsknings-kemiskt-3-mmc-pulver","172":"product_tag-groothandel-2-fdck","173":"product_tag-groothandel-2-mmc","174":"product_tag-groothandel-3-cmc","175":"product_tag-groothandel-3-mma","176":"product_tag-groothandel-3-mmc-pellets","177":"product_tag-groothandel-3-mmc-piller","178":"product_tag-groothandel-4-cmc","179":"product_tag-groothandel-5-mmpa","180":"product_tag-groothandel-a-pihp","181":"product_tag-groothandel-hexedrone","182":"product_tag-grossist-2-fdck","183":"product_tag-grossist-2-mmc","184":"product_tag-grossist-3-cmc","185":"product_tag-grossist-3-mma","186":"product_tag-grossist-3-mmc","187":"product_tag-grossist-3-mmc-pellets","188":"product_tag-grossist-3-mmc-piller","189":"product_tag-grossist-5-mmpa","190":"product_tag-grossist-a-php","191":"product_tag-grossist-till-php","192":"product_tag-grossist-a-pihp","193":"product_tag-grossist-till-pihp","194":"product_tag-ingrosso-eutylon","195":"product_tag-grossist-eutylon","196":"product_tag-grossist-eutylone","197":"product_tag-grossist-hexes","198":"product_tag-grossist-hexedron","199":"product_tag-grossist-hexen","200":"product_tag-vente-en-gros-hexen","201":"product_tag-grossist-4-cmc","202":"product_tag-grov-a-php","203":"product_tag-uzlet-3-mmc-pellets","204":"product_tag-lagra-3-mmc-pellets","205":"product_tag-shop-3-mmc-pellets","206":"product_tag-uzlet-3-mmc-piller","207":"product_tag-shop-a-pihp","208":"product_tag-start-en-pihp","209":"product_tag-shop-a-php","210":"product_tag-start-eutylon","211":"product_tag-handla-eutylone","212":"product_tag-shop-eutylone","213":"product_tag-uzlet-a-php","214":"product_tag-butik-hexen","215":"product_tag-hexedron","216":"product_tag-hexedron-butik","217":"product_tag-hexen","218":"product_tag-ingrosso-hxor","219":"product_tag-ingrosso-2-fdck","220":"product_tag-ingrosso-2-mmc","221":"product_tag-ingrosso-3-mmc-pellets","222":"product_tag-ingrosso-3-cmc","223":"product_tag-ingrosso-3-mma","224":"product_tag-ingrosso-3-mmc","225":"product_tag-ingrosso-3-mmc-piller","226":"product_tag-ingrosso-4-cmc","227":"product_tag-ingrosso-5-mmpa","228":"product_tag-slj-i-gros-3-mmc","229":"product_tag-vente-en-gros-3-mmc-piller","230":"product_tag-koop-2-fdck","231":"product_tag-koop-2-mmc","232":"product_tag-koop-3-cmc","233":"product_tag-koop-3-mmc","234":"product_tag-koop-3-mmc-pellets","235":"product_tag-koop-4-cmc","236":"product_tag-koop-5-mmpa","237":"product_tag-koop-a-php","238":"product_tag-koop-eutylone","239":"product_tag-kp-2-fdck","240":"product_tag-jrn-lsning-2-fdck","241":"product_tag-jrn-lsa-2-mmc","242":"product_tag-kp-3-mmc-pellets","243":"product_tag-jrn-solve-3-mmc-pellets","244":"product_tag-jrn-lsa-3-cmc","245":"product_tag-kp-3-cmc","246":"product_tag-jrn-lsning-3-mma","247":"product_tag-jrn-lsa-3-mmc","248":"product_tag-koop-3-mmc-piller","249":"product_tag-kp-3-mmc-pulver-europe","250":"product_tag-kp-3-mmc-pulver-se","251":"product_tag-jrnlsning-3-mmc-piller","252":"product_tag-kp-3mmc","253":"product_tag-jrn-lsa-4-cmc","254":"product_tag-kp-4-cmc","255":"product_tag-jrn-lsa-5-mmpa","256":"product_tag-iron-solve-the-php","257":"product_tag-iron-and-the-pihp","258":"product_tag-kp-p-pihp","259":"product_tag-kpa-en-pihp","260":"product_tag-jrn-lsning-hexen","261":"product_tag-kp-en-php","262":"product_tag-vasarold-meg-eutylon","263":"product_tag-kp-eutylon","264":"product_tag-acheter-hexen","265":"product_tag-jrn-lsa-hexedron","266":"product_tag-k-c3-b6p-3-mmc-piller","267":"product_tag-kpa-hexedron","268":"product_tag-kp-hexedron","269":"product_tag-store-2-fdck","270":"product_tag-lagra-3-mmc-piller","271":"product_tag-magasin-2-fdck","272":"product_tag-magasin-2-mmc","273":"product_tag-magasin-3-mmc","274":"product_tag-magasin-3-mmc-pellets","275":"product_tag-magasin-3-mmc-piller","276":"product_tag-magasin-5-mmpa","277":"product_tag-magasin-eutylone","278":"product_tag-magasin-hexen","279":"product_tag-magazin-2-fdck","280":"product_tag-magazin-3-mmc","281":"product_tag-magazin-5-mmpa","282":"product_tag-magazin-a-php","283":"product_tag-magazin-hexedron","284":"product_tag-kp-2-mmc","285":"product_tag-kp-3-mma","286":"product_tag-cumpara-3-mma","287":"product_tag-kp-5-mmpa","288":"product_tag-koop-a-pihp","289":"product_tag-kp-hexar","290":"product_tag-kp-hexen","291":"product_tag-kp-3-mmc","292":"product_tag-nagykereskedelem-2-fdck","293":"product_tag-nagykereskedelem-2-mmc","294":"product_tag-nagykereskedelem-3-cmc","295":"product_tag-nagykereskedelem-3-mma","296":"product_tag-nagykereskedelem-3-mmc","297":"product_tag-nagykereskedelem-4-cmc","298":"product_tag-nagykereskedelem-5-mmpa","299":"product_tag-nagykereskedelem-a-php","300":"product_tag-nagykereskedelem-a-pihp","301":"product_tag-nagykereskedelem-eutylone","302":"product_tag-nagykereskedelem-hexedrone","303":"product_tag-negozio-2-fdck","304":"product_tag-negozio-2-mmc","305":"product_tag-negozio-3-cmc","306":"product_tag-negozio-3-mma","307":"product_tag-negozio-3-mmc","308":"product_tag-negozio-3-mmc-pellets","309":"product_tag-negozio-4-cmc","310":"product_tag-negozio-a-php","311":"product_tag-negozio-eutylone","312":"product_tag-negozio-hexen","313":"product_tag-slj-i-gros-2-mmc","314":"product_tag-slj-i-gros-5-mmpa","315":"product_tag-vente-en-gros-a-php","316":"product_tag-kom-in-gros-a-pihp","317":"product_tag-shop-3-cmc","318":"product_tag-shop-3-mmc-pills","319":"product_tag-shop-4-cmc","320":"product_tag-shop-3-mma","321":"product_tag-uzlet-3-mma","322":"product_tag-shoppa-hxor","323":"product_tag-magazin-3-cmc","324":"product_tag-magazin-4-cmc","325":"product_tag-magasin-a-php","326":"product_tag-magazin-a-pihp","327":"product_tag-magasin-pihp","328":"product_tag-magazin-eutylon","329":"product_tag-tidningshxor","330":"product_tag-tienda-3-cmc","331":"product_tag-tienda-3-mma","332":"product_tag-tienda-3-mmc-pellets","333":"product_tag-tienda-4-cmc","334":"product_tag-tienda-a-pihp","335":"product_tag-tienda-eutylone","336":"product_tag-vente-en-gros-2-fdck","337":"product_tag-vente-en-gros-3-cmc","338":"product_tag-vente-en-gros-3-mma","339":"product_tag-vente-en-gros-3-mmc-pellets","340":"product_tag-vente-en-gros-4-cmc","341":"product_tag-vente-en-gros-eutylone","342":"product_tag-vinkelhxor","343":"product_tag-wholesale-2-fdck","344":"product_tag-wholesale-2-mmc","345":"product_tag-wholesale-3-cmc","346":"product_tag-wholesale-3-mma","347":"product_tag-wholesale-3-mmc","348":"product_tag-wholesale-3-mmc-pellets","349":"product_tag-wholesale-3-mmc-pills","350":"product_tag-wholesale-4-cmc","351":"product_tag-wholesale-5-mmpa","352":"product_tag-wholesale-a-php","353":"product_tag-wholesale-a-pihp","354":"product_tag-wholesale-eutylone","355":"product_tag-wholesale-hexedrone","356":"product_tag-wholesale-hexen","357":"product_tag-winkel-2-fdck","358":"product_tag-winkel-2-mmc","359":"product_tag-winkel-3-cmc","360":"product_tag-winkel-3-mma","361":"product_tag-winkel-3-mmc","362":"product_tag-winkel-4-cmc","363":"product_tag-winkel-5-mmpa","364":"product_tag-winkel-a-php","365":"product_tag-winkel-a-pihp","367":"first","368":"instock","369":"shipping-taxable","370":"purchasable","371":"product-type-variable","372":"has-default-attributes"},"yoast_head":"<!-- This site is optimized with the Yoast SEO plugin v27.3 - https:\/\/yoast.com\/product\/yoast-seo-wordpress\/ -->\n<title>K\u00f6p 3-mmc-pulver - 3-mmc-pulver till salu - Best Global Meds<\/title>\n<meta name=\"description\" content=\"Var kan man k\u00f6pa 3 mmc-pulver till salu i Storbritannien, Europa? H\u00e4r p\u00e5 Best Global Meds har vi h\u00f6gkvalitativt 3-MMC-pulver tillg\u00e4ngligt f\u00f6r f\u00f6rs\u00e4ljning i kristall-, pellets- och pulverform.\" \/>\n<meta name=\"robots\" content=\"index, follow, max-snippet:-1, max-image-preview:large, max-video-preview:-1\" \/>\n<link rel=\"canonical\" href=\"https:\/\/medicinasinc.com\/se\/product\/kop-3-mmc-pulver\/\" \/>\n<meta property=\"og:locale\" content=\"sv_SE\" \/>\n<meta property=\"og:type\" content=\"article\" \/>\n<meta property=\"og:title\" content=\"K\u00f6p 3-mmc-pulver - 3-mmc-pulver till salu - Best Global Meds\" \/>\n<meta property=\"og:description\" content=\"Var kan man k\u00f6pa 3 mmc-pulver till salu i Storbritannien, Europa? H\u00e4r p\u00e5 Best Global Meds har vi h\u00f6gkvalitativt 3-MMC-pulver tillg\u00e4ngligt f\u00f6r f\u00f6rs\u00e4ljning i kristall-, pellets- och pulverform.\" \/>\n<meta property=\"og:url\" content=\"https:\/\/medicinasinc.com\/se\/product\/kop-3-mmc-pulver\/\" \/>\n<meta property=\"og:site_name\" content=\"Medicinas Inc\" \/>\n<meta property=\"article:modified_time\" content=\"2022-07-03T23:18:30+00:00\" \/>\n<meta property=\"og:image\" content=\"https:\/\/medicinasinc.com\/se\/wp-content\/uploads\/sites\/16\/2022\/02\/3-MMC-powder.jpg\" \/>\n\t<meta property=\"og:image:width\" content=\"350\" \/>\n\t<meta property=\"og:image:height\" content=\"350\" \/>\n\t<meta property=\"og:image:type\" content=\"image\/jpeg\" \/>\n<meta name=\"twitter:card\" content=\"summary_large_image\" \/>\n<meta name=\"twitter:label1\" content=\"Ber\u00e4knad l\u00e4stid\" \/>\n\t<meta name=\"twitter:data1\" content=\"2 minuter\" \/>\n<script type=\"application\/ld+json\" class=\"yoast-schema-graph\">{\"@context\":\"https:\\\/\\\/schema.org\",\"@graph\":[{\"@type\":\"WebPage\",\"@id\":\"https:\\\/\\\/medicinasinc.com\\\/se\\\/product\\\/kop-3-mmc-pulver\\\/\",\"url\":\"https:\\\/\\\/medicinasinc.com\\\/se\\\/product\\\/kop-3-mmc-pulver\\\/\",\"name\":\"K\u00f6p 3-mmc-pulver - 3-mmc-pulver till salu - Best Global Meds\",\"isPartOf\":{\"@id\":\"https:\\\/\\\/medicinasinc.com\\\/se\\\/#website\"},\"primaryImageOfPage\":{\"@id\":\"https:\\\/\\\/medicinasinc.com\\\/se\\\/product\\\/kop-3-mmc-pulver\\\/#primaryimage\"},\"image\":{\"@id\":\"https:\\\/\\\/medicinasinc.com\\\/se\\\/product\\\/kop-3-mmc-pulver\\\/#primaryimage\"},\"thumbnailUrl\":\"https:\\\/\\\/medicinasinc.com\\\/se\\\/wp-content\\\/uploads\\\/sites\\\/16\\\/2022\\\/02\\\/3-MMC-powder.jpg\",\"datePublished\":\"2022-02-22T03:27:38+00:00\",\"dateModified\":\"2022-07-03T23:18:30+00:00\",\"description\":\"Var kan man k\u00f6pa 3 mmc-pulver till salu i Storbritannien, Europa? H\u00e4r p\u00e5 Best Global Meds har vi h\u00f6gkvalitativt 3-MMC-pulver tillg\u00e4ngligt f\u00f6r f\u00f6rs\u00e4ljning i kristall-, pellets- och pulverform.\",\"breadcrumb\":{\"@id\":\"https:\\\/\\\/medicinasinc.com\\\/se\\\/product\\\/kop-3-mmc-pulver\\\/#breadcrumb\"},\"inLanguage\":\"sv-SE\",\"potentialAction\":[{\"@type\":\"ReadAction\",\"target\":[\"https:\\\/\\\/medicinasinc.com\\\/se\\\/product\\\/kop-3-mmc-pulver\\\/\"]}]},{\"@type\":\"ImageObject\",\"inLanguage\":\"sv-SE\",\"@id\":\"https:\\\/\\\/medicinasinc.com\\\/se\\\/product\\\/kop-3-mmc-pulver\\\/#primaryimage\",\"url\":\"https:\\\/\\\/medicinasinc.com\\\/se\\\/wp-content\\\/uploads\\\/sites\\\/16\\\/2022\\\/02\\\/3-MMC-powder.jpg\",\"contentUrl\":\"https:\\\/\\\/medicinasinc.com\\\/se\\\/wp-content\\\/uploads\\\/sites\\\/16\\\/2022\\\/02\\\/3-MMC-powder.jpg\",\"width\":350,\"height\":350},{\"@type\":\"BreadcrumbList\",\"@id\":\"https:\\\/\\\/medicinasinc.com\\\/se\\\/product\\\/kop-3-mmc-pulver\\\/#breadcrumb\",\"itemListElement\":[{\"@type\":\"ListItem\",\"position\":1,\"name\":\"aff\u00e4r\",\"item\":\"https:\\\/\\\/medicinasinc.com\\\/se\\\/affar\\\/\"},{\"@type\":\"ListItem\",\"position\":2,\"name\":\"K\u00f6p 3-mmc pulver\"}]},{\"@type\":\"WebSite\",\"@id\":\"https:\\\/\\\/medicinasinc.com\\\/se\\\/#website\",\"url\":\"https:\\\/\\\/medicinasinc.com\\\/se\\\/\",\"name\":\"Medicinas Inc\",\"description\":\"Health Medical Clinic\",\"potentialAction\":[{\"@type\":\"SearchAction\",\"target\":{\"@type\":\"EntryPoint\",\"urlTemplate\":\"https:\\\/\\\/medicinasinc.com\\\/se\\\/?s={search_term_string}\"},\"query-input\":{\"@type\":\"PropertyValueSpecification\",\"valueRequired\":true,\"valueName\":\"search_term_string\"}}],\"inLanguage\":\"sv-SE\"}]}<\/script>\n<!-- \/ Yoast SEO plugin. -->","yoast_head_json":{"title":"K\u00f6p 3-mmc-pulver - 3-mmc-pulver till salu - Best Global Meds","description":"Var kan man k\u00f6pa 3 mmc-pulver till salu i Storbritannien, Europa? H\u00e4r p\u00e5 Best Global Meds har vi h\u00f6gkvalitativt 3-MMC-pulver tillg\u00e4ngligt f\u00f6r f\u00f6rs\u00e4ljning i kristall-, pellets- och pulverform.","robots":{"index":"index","follow":"follow","max-snippet":"max-snippet:-1","max-image-preview":"max-image-preview:large","max-video-preview":"max-video-preview:-1"},"canonical":"https:\/\/medicinasinc.com\/se\/product\/kop-3-mmc-pulver\/","og_locale":"sv_SE","og_type":"article","og_title":"K\u00f6p 3-mmc-pulver - 3-mmc-pulver till salu - Best Global Meds","og_description":"Var kan man k\u00f6pa 3 mmc-pulver till salu i Storbritannien, Europa? H\u00e4r p\u00e5 Best Global Meds har vi h\u00f6gkvalitativt 3-MMC-pulver tillg\u00e4ngligt f\u00f6r f\u00f6rs\u00e4ljning i kristall-, pellets- och pulverform.","og_url":"https:\/\/medicinasinc.com\/se\/product\/kop-3-mmc-pulver\/","og_site_name":"Medicinas Inc","article_modified_time":"2022-07-03T23:18:30+00:00","og_image":[{"width":350,"height":350,"url":"https:\/\/medicinasinc.com\/se\/wp-content\/uploads\/sites\/16\/2022\/02\/3-MMC-powder.jpg","type":"image\/jpeg"}],"twitter_card":"summary_large_image","twitter_misc":{"Ber\u00e4knad l\u00e4stid":"2 minuter"},"schema":{"@context":"https:\/\/schema.org","@graph":[{"@type":"WebPage","@id":"https:\/\/medicinasinc.com\/se\/product\/kop-3-mmc-pulver\/","url":"https:\/\/medicinasinc.com\/se\/product\/kop-3-mmc-pulver\/","name":"K\u00f6p 3-mmc-pulver - 3-mmc-pulver till salu - Best Global Meds","isPartOf":{"@id":"https:\/\/medicinasinc.com\/se\/#website"},"primaryImageOfPage":{"@id":"https:\/\/medicinasinc.com\/se\/product\/kop-3-mmc-pulver\/#primaryimage"},"image":{"@id":"https:\/\/medicinasinc.com\/se\/product\/kop-3-mmc-pulver\/#primaryimage"},"thumbnailUrl":"https:\/\/medicinasinc.com\/se\/wp-content\/uploads\/sites\/16\/2022\/02\/3-MMC-powder.jpg","datePublished":"2022-02-22T03:27:38+00:00","dateModified":"2022-07-03T23:18:30+00:00","description":"Var kan man k\u00f6pa 3 mmc-pulver till salu i Storbritannien, Europa? H\u00e4r p\u00e5 Best Global Meds har vi h\u00f6gkvalitativt 3-MMC-pulver tillg\u00e4ngligt f\u00f6r f\u00f6rs\u00e4ljning i kristall-, pellets- och pulverform.","breadcrumb":{"@id":"https:\/\/medicinasinc.com\/se\/product\/kop-3-mmc-pulver\/#breadcrumb"},"inLanguage":"sv-SE","potentialAction":[{"@type":"ReadAction","target":["https:\/\/medicinasinc.com\/se\/product\/kop-3-mmc-pulver\/"]}]},{"@type":"ImageObject","inLanguage":"sv-SE","@id":"https:\/\/medicinasinc.com\/se\/product\/kop-3-mmc-pulver\/#primaryimage","url":"https:\/\/medicinasinc.com\/se\/wp-content\/uploads\/sites\/16\/2022\/02\/3-MMC-powder.jpg","contentUrl":"https:\/\/medicinasinc.com\/se\/wp-content\/uploads\/sites\/16\/2022\/02\/3-MMC-powder.jpg","width":350,"height":350},{"@type":"BreadcrumbList","@id":"https:\/\/medicinasinc.com\/se\/product\/kop-3-mmc-pulver\/#breadcrumb","itemListElement":[{"@type":"ListItem","position":1,"name":"aff\u00e4r","item":"https:\/\/medicinasinc.com\/se\/affar\/"},{"@type":"ListItem","position":2,"name":"K\u00f6p 3-mmc pulver"}]},{"@type":"WebSite","@id":"https:\/\/medicinasinc.com\/se\/#website","url":"https:\/\/medicinasinc.com\/se\/","name":"Medicinas Inc","description":"Health Medical Clinic","potentialAction":[{"@type":"SearchAction","target":{"@type":"EntryPoint","urlTemplate":"https:\/\/medicinasinc.com\/se\/?s={search_term_string}"},"query-input":{"@type":"PropertyValueSpecification","valueRequired":true,"valueName":"search_term_string"}}],"inLanguage":"sv-SE"}]}},"_links":{"self":[{"href":"https:\/\/medicinasinc.com\/se\/wp-json\/wp\/v2\/product\/5653","targetHints":{"allow":["GET"]}}],"collection":[{"href":"https:\/\/medicinasinc.com\/se\/wp-json\/wp\/v2\/product"}],"about":[{"href":"https:\/\/medicinasinc.com\/se\/wp-json\/wp\/v2\/types\/product"}],"replies":[{"embeddable":true,"href":"https:\/\/medicinasinc.com\/se\/wp-json\/wp\/v2\/comments?post=5653"}],"wp:featuredmedia":[{"embeddable":true,"href":"https:\/\/medicinasinc.com\/se\/wp-json\/wp\/v2\/media\/5664"}],"wp:attachment":[{"href":"https:\/\/medicinasinc.com\/se\/wp-json\/wp\/v2\/media?parent=5653"}],"wp:term":[{"taxonomy":"product_brand","embeddable":true,"href":"https:\/\/medicinasinc.com\/se\/wp-json\/wp\/v2\/product_brand?post=5653"},{"taxonomy":"product_cat","embeddable":true,"href":"https:\/\/medicinasinc.com\/se\/wp-json\/wp\/v2\/product_cat?post=5653"},{"taxonomy":"product_tag","embeddable":true,"href":"https:\/\/medicinasinc.com\/se\/wp-json\/wp\/v2\/product_tag?post=5653"}],"curies":[{"name":"wp","href":"https:\/\/api.w.org\/{rel}","templated":true}]}}