{"id":5652,"date":"2022-02-22T03:24:25","date_gmt":"2022-02-22T03:24:25","guid":{"rendered":"https:\/\/medicinasinc.com\/se\/?post_type=product&#038;p=5652"},"modified":"2022-07-03T23:18:43","modified_gmt":"2022-07-03T23:18:43","slug":"kopa-snabbt-silver-badsalt","status":"publish","type":"product","link":"https:\/\/medicinasinc.com\/se\/product\/kopa-snabbt-silver-badsalt\/","title":{"rendered":"K\u00f6p Quicksilver Badsalt"},"content":{"rendered":"<p><strong>Du kan k\u00f6pa Quick Silver Bath Salt p\u00e5 Internet.<\/strong><\/p>\n<p>I Storbritannien, Europa och Australien kan du k\u00f6pa Quicksilver Bath Salt f\u00f6r mycket pengar. M\u00e4nniskor som handlar av oss kan vara s\u00e4kra p\u00e5 att de f\u00e5r vad de betalar f\u00f6r. Nu \u00e4r den b\u00e4sta tiden att k\u00f6pa Quicksilver Bath Salt till de b\u00e4sta priserna.<\/p>\n<div class=\"product-next-previous\">\n<div class=\"product-prev\"><\/div><\/div>\n","protected":false},"excerpt":{"rendered":"<div class=\"woocommerce-product-details__short-description\">\n<p>Koncentrerat badsalt fr\u00e5n de b\u00e4sta m\u00e4rkena. metylaminopropan: Metiopropamin \u00e4r 1-tiofen-2-yl 2-metylaminopropan.<\/p>\n<p>Till b\u00e4sta pris kan du k\u00f6pa QuickSilver Badsalt online. Vi lovar s\u00e4ker och s\u00e4ker frakt \u00f6ver hela v\u00e4rlden.<\/p>\n<p>Handla 1000mg QuickSilver Badsalt online. Koncentrerat badsalt fr\u00e5n de b\u00e4sta m\u00e4rkena. 1-(tiofen-2-yl)-2-metylaminopropan kallas metiopropamin.<\/p>\n<\/p><\/div>\n","protected":false},"featured_media":5662,"comment_status":"open","ping_status":"closed","template":"","meta":[],"product_brand":[],"product_cat":[2014],"product_tag":[3432,3442,3083,3435,3433,3434,3438,3095,3436,3437,3440,3441,3483,3484,3486,3487,3485,3470,3445,3446,3447,3448,3450,3455,3458,3461,3462,3463,3464,3467,3469,3472,3473,3474,3439,3479,3475,3476,3468,3443,3451,3488,3449,3452,3454,3456,3457,3459,3460,3097,3465,3489,3477,3478,3466,3453,3165,3481,3482,3480,3471,3444,3492,3493,3491,3494,3490,3496,3495,3499,3498,3497],"class_list":{"0":"post-5652","1":"product","2":"type-product","3":"status-publish","4":"has-post-thumbnail","6":"product_cat-kop-research-chemicals","7":"product_tag-badsalt","8":"product_tag-bsta-kvalitet-online-badsalt","9":"product_tag-elfenben-vg-bad-salter","10":"product_tag-badsalt-lkemedel-frsljning-online","11":"product_tag-badsalt-lkemedel","12":"product_tag-badsalt-lkemedel-till-frsljning-online","13":"product_tag-badsalt-online-butik","14":"product_tag-badsalt-till-frsljning","15":"product_tag-badsalt-till-frsljning-online","16":"product_tag-badsalt-till-frsljning-online-med-kreditkort","17":"product_tag-badsalter","18":"product_tag-bsta-badsalt","19":"product_tag-bestll-badsalt-lkemedel-online","20":"product_tag-bestll-badsalt-online","21":"product_tag-bestll-badsalt-online-torsk","22":"product_tag-bestll-badsalt-online-med-kreditkort","23":"product_tag-bestll-badsalt-online-badsalt-grossist","24":"product_tag-billigt-badsalt","25":"product_tag-buy-bath-salts-drug-online","26":"product_tag-buy-bath-salts-online","27":"product_tag-buy-bath-salts-online-legal","28":"product_tag-buy-bath-salts-online-where-can-i-buy-bath-salts-online","29":"product_tag-buy-bath-salts-online-with-credit-cards","30":"product_tag-buy-ivory-wave-for-sale-online","31":"product_tag-buy-pump-it-bath-salt-1000mg","32":"product_tag-buy-quick-silver-bath-salts-australia","33":"product_tag-buy-quick-silver-bath-salts-canada","34":"product_tag-buy-quick-silver-bath-salts-online","35":"product_tag-buy-quick-silver-bath-salts-usa","36":"product_tag-buy-synthetic-bath-salts-online","37":"product_tag-can-you-still-buy-bath-salts","38":"product_tag-concentrated-bath-salts","39":"product_tag-diskret-badsalt-handlare-online","40":"product_tag-tta-ballz-badsalt-till-frsljning-online","41":"product_tag-badsalt-frsljning-online","42":"product_tag-letar-att-kpa-badsalt-sol-online","43":"product_tag-hitta-legit-badsalt-leverantrer-online","44":"product_tag-ivory-wave","45":"product_tag-kan-du-kpa-badsalt-i-butiker","46":"product_tag-buy-amped-novelty-powder-500mg","47":"product_tag-kp-badsalt-med-paypal-online","48":"product_tag-kp-badsalt-online","49":"product_tag-k-c3-b6pa-badsalt-online-med-kreditkort","50":"product_tag-k-c3-b6p-billigt-badsalt-bst-c3-a4ll-badsalt-l-c3-a4kemedel-online","51":"product_tag-kp-elfenben-vg-badsalt-1000mg","52":"product_tag-kp-k2-badsalt-online","53":"product_tag-kp-mefedron-badsalt-online-med-kreditkort","54":"product_tag-kp-snabb-silver","55":"product_tag-kp-snabbt-silver-badsalt-online","56":"product_tag-kpa-badsalt","57":"product_tag-k-c3-b6pa-forskningskemikalier-bestllningar","58":"product_tag-kvalitets-badsalt-lkemedel-till-frsljning-online","59":"product_tag-legal-badsalt-till-frsljning-online","60":"product_tag-legit-badsalt-leverantrer-online","61":"product_tag-kp-sextacy-badsalt-online","62":"product_tag-kp-tta-ballz-badsalt-online","63":"product_tag-mdpv-badsalt-till-salu","64":"product_tag-mefedron-badsalt-var-att-kpa","65":"product_tag-mefedron","66":"product_tag-mefedron-badsalt-till-salu","67":"product_tag-moln-9-badsalt","68":"product_tag-k-c3-b6pa-badsalt-torsk","69":"product_tag-snabbt-silver-badsalt-online","70":"product_tag-snabba-silver-badsalt-leverantrer-forskningskemikalier","71":"product_tag-snabba-silver-badsalt-till-frsljning","72":"product_tag-safest-online-store-to-buy-bath-salts","73":"product_tag-snabbt-silver-badsalt","74":"product_tag-vad-gr-badsalt-gr","75":"product_tag-vanilj-sky-bad-salt-till-frsljning","76":"product_tag-var-kan-jag-bestlla-mdpv-badsalt-online","77":"product_tag-var-kan-jag-f-badsalt","78":"product_tag-var-kan-jag-kpa-badsalt-online","80":"first","81":"instock","82":"shipping-taxable","83":"purchasable","84":"product-type-variable","85":"has-default-attributes"},"yoast_head":"<!-- This site is optimized with the Yoast SEO plugin v27.2 - https:\/\/yoast.com\/product\/yoast-seo-wordpress\/ -->\n<title>K\u00f6p Quick Silver Badsalt - Quick Silver Badsalt - Best Global Meds<\/title>\n<meta name=\"description\" content=\"K\u00f6p Quicksilver badsalt till salu i Storbritannien, Europa, AU. vi erbjuder den mest p\u00e5litliga transaktionen och s\u00e4ljer till mycket \u00f6verkomliga priser. Best\u00e4ll Quicksilver Badsalt nu till b\u00e4sta priser\" \/>\n<meta name=\"robots\" content=\"index, follow, max-snippet:-1, max-image-preview:large, max-video-preview:-1\" \/>\n<link rel=\"canonical\" href=\"https:\/\/medicinasinc.com\/se\/product\/kopa-snabbt-silver-badsalt\/\" \/>\n<meta property=\"og:locale\" content=\"sv_SE\" \/>\n<meta property=\"og:type\" content=\"article\" \/>\n<meta property=\"og:title\" content=\"K\u00f6p Quick Silver Badsalt - Quick Silver Badsalt - Best Global Meds\" \/>\n<meta property=\"og:description\" content=\"K\u00f6p Quicksilver badsalt till salu i Storbritannien, Europa, AU. vi erbjuder den mest p\u00e5litliga transaktionen och s\u00e4ljer till mycket \u00f6verkomliga priser. Best\u00e4ll Quicksilver Badsalt nu till b\u00e4sta priser\" \/>\n<meta property=\"og:url\" content=\"https:\/\/medicinasinc.com\/se\/product\/kopa-snabbt-silver-badsalt\/\" \/>\n<meta property=\"og:site_name\" content=\"Medicinas Inc\" \/>\n<meta property=\"article:modified_time\" content=\"2022-07-03T23:18:43+00:00\" \/>\n<meta property=\"og:image\" content=\"https:\/\/medicinasinc.com\/se\/wp-content\/uploads\/sites\/16\/2022\/02\/Buy-Quicksilver-Bath-Salt.jpg\" \/>\n\t<meta property=\"og:image:width\" content=\"600\" \/>\n\t<meta property=\"og:image:height\" content=\"599\" \/>\n\t<meta property=\"og:image:type\" content=\"image\/jpeg\" \/>\n<meta name=\"twitter:card\" content=\"summary_large_image\" \/>\n<meta name=\"twitter:label1\" content=\"Ber\u00e4knad l\u00e4stid\" \/>\n\t<meta name=\"twitter:data1\" content=\"1 minut\" \/>\n<script type=\"application\/ld+json\" class=\"yoast-schema-graph\">{\"@context\":\"https:\/\/schema.org\",\"@graph\":[{\"@type\":\"WebPage\",\"@id\":\"https:\/\/medicinasinc.com\/se\/product\/kopa-snabbt-silver-badsalt\/\",\"url\":\"https:\/\/medicinasinc.com\/se\/product\/kopa-snabbt-silver-badsalt\/\",\"name\":\"K\u00f6p Quick Silver Badsalt - Quick Silver Badsalt - Best Global Meds\",\"isPartOf\":{\"@id\":\"https:\/\/medicinasinc.com\/se\/#website\"},\"primaryImageOfPage\":{\"@id\":\"https:\/\/medicinasinc.com\/se\/product\/kopa-snabbt-silver-badsalt\/#primaryimage\"},\"image\":{\"@id\":\"https:\/\/medicinasinc.com\/se\/product\/kopa-snabbt-silver-badsalt\/#primaryimage\"},\"thumbnailUrl\":\"https:\/\/medicinasinc.com\/se\/wp-content\/uploads\/sites\/16\/2022\/02\/Buy-Quicksilver-Bath-Salt.jpg\",\"datePublished\":\"2022-02-22T03:24:25+00:00\",\"dateModified\":\"2022-07-03T23:18:43+00:00\",\"description\":\"K\u00f6p Quicksilver badsalt till salu i Storbritannien, Europa, AU. vi erbjuder den mest p\u00e5litliga transaktionen och s\u00e4ljer till mycket \u00f6verkomliga priser. Best\u00e4ll Quicksilver Badsalt nu till b\u00e4sta priser\",\"breadcrumb\":{\"@id\":\"https:\/\/medicinasinc.com\/se\/product\/kopa-snabbt-silver-badsalt\/#breadcrumb\"},\"inLanguage\":\"sv-SE\",\"potentialAction\":[{\"@type\":\"ReadAction\",\"target\":[\"https:\/\/medicinasinc.com\/se\/product\/kopa-snabbt-silver-badsalt\/\"]}]},{\"@type\":\"ImageObject\",\"inLanguage\":\"sv-SE\",\"@id\":\"https:\/\/medicinasinc.com\/se\/product\/kopa-snabbt-silver-badsalt\/#primaryimage\",\"url\":\"https:\/\/medicinasinc.com\/se\/wp-content\/uploads\/sites\/16\/2022\/02\/Buy-Quicksilver-Bath-Salt.jpg\",\"contentUrl\":\"https:\/\/medicinasinc.com\/se\/wp-content\/uploads\/sites\/16\/2022\/02\/Buy-Quicksilver-Bath-Salt.jpg\",\"width\":600,\"height\":599},{\"@type\":\"BreadcrumbList\",\"@id\":\"https:\/\/medicinasinc.com\/se\/product\/kopa-snabbt-silver-badsalt\/#breadcrumb\",\"itemListElement\":[{\"@type\":\"ListItem\",\"position\":1,\"name\":\"aff\u00e4r\",\"item\":\"https:\/\/medicinasinc.com\/se\/affar\/\"},{\"@type\":\"ListItem\",\"position\":2,\"name\":\"K\u00f6p Quicksilver Badsalt\"}]},{\"@type\":\"WebSite\",\"@id\":\"https:\/\/medicinasinc.com\/se\/#website\",\"url\":\"https:\/\/medicinasinc.com\/se\/\",\"name\":\"Medicinas Inc\",\"description\":\"Health Medical Clinic\",\"potentialAction\":[{\"@type\":\"SearchAction\",\"target\":{\"@type\":\"EntryPoint\",\"urlTemplate\":\"https:\/\/medicinasinc.com\/se\/?s={search_term_string}\"},\"query-input\":{\"@type\":\"PropertyValueSpecification\",\"valueRequired\":true,\"valueName\":\"search_term_string\"}}],\"inLanguage\":\"sv-SE\"}]}<\/script>\n<!-- \/ Yoast SEO plugin. -->","yoast_head_json":{"title":"K\u00f6p Quick Silver Badsalt - Quick Silver Badsalt - Best Global Meds","description":"K\u00f6p Quicksilver badsalt till salu i Storbritannien, Europa, AU. vi erbjuder den mest p\u00e5litliga transaktionen och s\u00e4ljer till mycket \u00f6verkomliga priser. Best\u00e4ll Quicksilver Badsalt nu till b\u00e4sta priser","robots":{"index":"index","follow":"follow","max-snippet":"max-snippet:-1","max-image-preview":"max-image-preview:large","max-video-preview":"max-video-preview:-1"},"canonical":"https:\/\/medicinasinc.com\/se\/product\/kopa-snabbt-silver-badsalt\/","og_locale":"sv_SE","og_type":"article","og_title":"K\u00f6p Quick Silver Badsalt - Quick Silver Badsalt - Best Global Meds","og_description":"K\u00f6p Quicksilver badsalt till salu i Storbritannien, Europa, AU. vi erbjuder den mest p\u00e5litliga transaktionen och s\u00e4ljer till mycket \u00f6verkomliga priser. Best\u00e4ll Quicksilver Badsalt nu till b\u00e4sta priser","og_url":"https:\/\/medicinasinc.com\/se\/product\/kopa-snabbt-silver-badsalt\/","og_site_name":"Medicinas Inc","article_modified_time":"2022-07-03T23:18:43+00:00","og_image":[{"width":600,"height":599,"url":"https:\/\/medicinasinc.com\/se\/wp-content\/uploads\/sites\/16\/2022\/02\/Buy-Quicksilver-Bath-Salt.jpg","type":"image\/jpeg"}],"twitter_card":"summary_large_image","twitter_misc":{"Ber\u00e4knad l\u00e4stid":"1 minut"},"schema":{"@context":"https:\/\/schema.org","@graph":[{"@type":"WebPage","@id":"https:\/\/medicinasinc.com\/se\/product\/kopa-snabbt-silver-badsalt\/","url":"https:\/\/medicinasinc.com\/se\/product\/kopa-snabbt-silver-badsalt\/","name":"K\u00f6p Quick Silver Badsalt - Quick Silver Badsalt - Best Global Meds","isPartOf":{"@id":"https:\/\/medicinasinc.com\/se\/#website"},"primaryImageOfPage":{"@id":"https:\/\/medicinasinc.com\/se\/product\/kopa-snabbt-silver-badsalt\/#primaryimage"},"image":{"@id":"https:\/\/medicinasinc.com\/se\/product\/kopa-snabbt-silver-badsalt\/#primaryimage"},"thumbnailUrl":"https:\/\/medicinasinc.com\/se\/wp-content\/uploads\/sites\/16\/2022\/02\/Buy-Quicksilver-Bath-Salt.jpg","datePublished":"2022-02-22T03:24:25+00:00","dateModified":"2022-07-03T23:18:43+00:00","description":"K\u00f6p Quicksilver badsalt till salu i Storbritannien, Europa, AU. vi erbjuder den mest p\u00e5litliga transaktionen och s\u00e4ljer till mycket \u00f6verkomliga priser. Best\u00e4ll Quicksilver Badsalt nu till b\u00e4sta priser","breadcrumb":{"@id":"https:\/\/medicinasinc.com\/se\/product\/kopa-snabbt-silver-badsalt\/#breadcrumb"},"inLanguage":"sv-SE","potentialAction":[{"@type":"ReadAction","target":["https:\/\/medicinasinc.com\/se\/product\/kopa-snabbt-silver-badsalt\/"]}]},{"@type":"ImageObject","inLanguage":"sv-SE","@id":"https:\/\/medicinasinc.com\/se\/product\/kopa-snabbt-silver-badsalt\/#primaryimage","url":"https:\/\/medicinasinc.com\/se\/wp-content\/uploads\/sites\/16\/2022\/02\/Buy-Quicksilver-Bath-Salt.jpg","contentUrl":"https:\/\/medicinasinc.com\/se\/wp-content\/uploads\/sites\/16\/2022\/02\/Buy-Quicksilver-Bath-Salt.jpg","width":600,"height":599},{"@type":"BreadcrumbList","@id":"https:\/\/medicinasinc.com\/se\/product\/kopa-snabbt-silver-badsalt\/#breadcrumb","itemListElement":[{"@type":"ListItem","position":1,"name":"aff\u00e4r","item":"https:\/\/medicinasinc.com\/se\/affar\/"},{"@type":"ListItem","position":2,"name":"K\u00f6p Quicksilver Badsalt"}]},{"@type":"WebSite","@id":"https:\/\/medicinasinc.com\/se\/#website","url":"https:\/\/medicinasinc.com\/se\/","name":"Medicinas Inc","description":"Health Medical Clinic","potentialAction":[{"@type":"SearchAction","target":{"@type":"EntryPoint","urlTemplate":"https:\/\/medicinasinc.com\/se\/?s={search_term_string}"},"query-input":{"@type":"PropertyValueSpecification","valueRequired":true,"valueName":"search_term_string"}}],"inLanguage":"sv-SE"}]}},"_links":{"self":[{"href":"https:\/\/medicinasinc.com\/se\/wp-json\/wp\/v2\/product\/5652","targetHints":{"allow":["GET"]}}],"collection":[{"href":"https:\/\/medicinasinc.com\/se\/wp-json\/wp\/v2\/product"}],"about":[{"href":"https:\/\/medicinasinc.com\/se\/wp-json\/wp\/v2\/types\/product"}],"replies":[{"embeddable":true,"href":"https:\/\/medicinasinc.com\/se\/wp-json\/wp\/v2\/comments?post=5652"}],"wp:featuredmedia":[{"embeddable":true,"href":"https:\/\/medicinasinc.com\/se\/wp-json\/wp\/v2\/media\/5662"}],"wp:attachment":[{"href":"https:\/\/medicinasinc.com\/se\/wp-json\/wp\/v2\/media?parent=5652"}],"wp:term":[{"taxonomy":"product_brand","embeddable":true,"href":"https:\/\/medicinasinc.com\/se\/wp-json\/wp\/v2\/product_brand?post=5652"},{"taxonomy":"product_cat","embeddable":true,"href":"https:\/\/medicinasinc.com\/se\/wp-json\/wp\/v2\/product_cat?post=5652"},{"taxonomy":"product_tag","embeddable":true,"href":"https:\/\/medicinasinc.com\/se\/wp-json\/wp\/v2\/product_tag?post=5652"}],"curies":[{"name":"wp","href":"https:\/\/api.w.org\/{rel}","templated":true}]}}