{"id":5638,"date":"2022-02-22T03:11:29","date_gmt":"2022-02-22T03:11:29","guid":{"rendered":"https:\/\/medicinasinc.com\/se\/?post_type=product&#038;p=5638"},"modified":"2022-07-03T23:19:02","modified_gmt":"2022-07-03T23:19:02","slug":"kopa-sextacy-badsalt","status":"publish","type":"product","link":"https:\/\/medicinasinc.com\/se\/product\/kopa-sextacy-badsalt\/","title":{"rendered":"K\u00f6p Sextacy Bath Salt"},"content":{"rendered":"<p>K\u00f6p Sextacy Bath Salt fr\u00e5n en onlinebutik som denna:<br \/> K\u00f6p n\u00e5gra Sextacy Bath Salts att anv\u00e4nda i badet.<\/p>\n<p>Detta \u00e4r ett koncentrerat badsalt. Men du kan fortfarande slappna av och l\u00e5ta Sextacy ta tankarna bort fr\u00e5n saker en stund. Ta ett varmt bad och tills\u00e4tt inneh\u00e5llet. Detta kommer att mjuka upp vattnet naturligt, vilket g\u00f6r att du k\u00e4nner dig v\u00e4ldigt lugn och lugnad.<\/p>\n<p>Det \u00e4r mycket viktigt att du b\u00f6rjar med en mycket liten m\u00e4ngd Sextacy-badsalt f\u00f6r att se hur din kropp reagerar. Eftersom Sextacy Ultimate \u00e4r s\u00e5 stark kan du beh\u00f6va anv\u00e4nda mer av det i ditt bad f\u00f6r att f\u00e5 den fulla avkoppling du vill ha.<\/p>\n<p>Sextacy \u00e4r en stor sak.<\/p>\n<p>I MP-testet , f\u00f6ljande \u00e4r vad som h\u00e4nde:<\/p>\n<p>Om Ivory Wave inte r\u00e4cker f\u00f6r dig \u00e4r det h\u00e4r den starkare versionen av en fantastisk och avancerad produkt. Den \u00e4r v\u00e4ldigt lik Ivory Wave, men den har n\u00e5gra extra ingredienser som g\u00f6r den \u00e4nnu b\u00e4ttre. Men det g\u00f6r dig v\u00e4ldigt mycket k\u00e5t och f\u00e5r dig att k\u00e4nna att du \u00e4r i en dr\u00f6m mitt i ditt bad. Den blir v\u00e4ldigt stark och du b\u00f6r vara f\u00f6rsiktig n\u00e4r du anv\u00e4nder den. Det kommer att g\u00f6ra ditt bad mycket snabbt. B\u00f6rja med v\u00e4ldigt lite. I 6 till 9 timmar kommer det p\u00e5 cirka 10 minuter, och det varar s\u00e5 l\u00e4nge. Sextacy badsalt \u00e4r dock v\u00e4ldigt likt Ivory Ultra, men det har fortfarande sin egen magiska touch LOL. Det h\u00e4r \u00e4r dock en fantastisk produkt, s\u00e5 jag skulle rekommendera den med f\u00f6rsiktighet och forts\u00e4tt komma med feedback! Ett m\u00e5ste!<\/p>\n<p>Natriumbikarbonat, natriumklorid, djuphavssalt, mineraler och andra naturligt f\u00f6rekommande sp\u00e5r\u00e4mnen \u00e4r n\u00e5gra av ingredienserna.<\/p>\n<p>Laglighet: Denna produkt \u00e4r laglig i varje land eftersom den \u00e4r gjord med \u00f6rter.<\/p>\n<p>I det h\u00e4r fallet \u00e4r White Girl 500 mg koncentrerade badsalt vad du beh\u00f6ver.<br \/> 500 mg White Lady badsalt<br \/> Bliss koncentrerade badsalt har 500mg salt i varje p\u00e5se.<br \/> Snow Leopard Bath Salts har 500mg av dem i varje p\u00e5se.<br \/> 500mg extra badsalt fr\u00e5n Lunar Wave. 500mg koncentrerat badsalt fr\u00e5n White Horse.<br \/> 500mg uppiggande badsalt<br \/> 500mg Cloud 10 Bath Salt<br \/> Blue Magic: 500mg Bath Salts<br \/> Badsalt med namnet Scarface har 500mg av det.<br \/> M\u00e5nga fler m\u00e4nniskor ocks\u00e5.<\/p>\n","protected":false},"excerpt":{"rendered":"<div class=\"woocommerce-product-details__short-description\">\n<p>Det \u00e4r enkelt att k\u00f6pa Sextacy Bath Salt online fr\u00e5n v\u00e5r medicinasinc.com\/se-butik och f\u00e5 det snabbt levererat till ditt hem i Europa och Storbritannien . Det b\u00e4sta st\u00e4llet att k\u00f6pa Sextacy-badsalt \u00e4r h\u00e4r!<\/p>\n<p>K\u00f6p 50 paket koncentrerat sextacy-badsalt p\u00e5 internet. Koncentrerad sextacy: 10 paket med 10 K\u00f6p koncentrerad sextacy 20 paket badsalt p\u00e5 internet.<\/p>\n<p>Det finns m\u00e5nga webbplatser d\u00e4r du kan k\u00f6pa mycket badsalt f\u00f6r mycket pengar.<\/p>\n<p>Online kan du k\u00f6pa sextacy badsalt fr\u00e5n Global Medicine. Sextacy badsalt till rea priser kan du ta reda p\u00e5 genom att l\u00e4sa denna text<\/p>\n<\/p><\/div>\n","protected":false},"featured_media":5650,"comment_status":"open","ping_status":"closed","template":"","meta":[],"product_brand":[],"product_cat":[2014],"product_tag":[3401,3397,3396,3400,3398,3399,3402,3404,3406,3403,3407,3414,3405,3413,3409,3410,3412,3411,3408],"class_list":{"0":"post-5638","1":"product","2":"type-product","3":"status-publish","4":"has-post-thumbnail","6":"product_cat-kop-research-chemicals","7":"product_tag-slja-sextacy-badsalt","8":"product_tag-bsta-sextacy-badsalt","9":"product_tag-bsta-stllet-att-kpa-sextacy-badsalt","10":"product_tag-bestlla-sextacy-badsalt","11":"product_tag-kpa-sextacy-badsalt","12":"product_tag-kp-sextacy-badsalt-uk","13":"product_tag-sextacy-badsalt","14":"product_tag-sextacy-badsalt-kp","15":"product_tag-sextacy-badsalt-effekt","16":"product_tag-sextacy-badsalt-alibaba","17":"product_tag-sextacy-bath-salt-europe","18":"product_tag-sextacy-badsalt-grossist","19":"product_tag-sextacy-badsalt-kina","20":"product_tag-sextacy-badsalt-leverantr","21":"product_tag-sextacy-badsalt-online","22":"product_tag-sextacy-badsalt-ordning","23":"product_tag-sextacy-badsalt-rea","24":"product_tag-sextacy-bath-salt-reddit","25":"product_tag-sextacy-badsalt-till-salu","27":"first","28":"instock","29":"shipping-taxable","30":"purchasable","31":"product-type-variable"},"yoast_head":"<!-- This site is optimized with the Yoast SEO plugin v27.2 - https:\/\/yoast.com\/product\/yoast-seo-wordpress\/ -->\n<title>K\u00f6p Sextacy Bath Salt - Sextacy Bath Salt - Best Global Meds<\/title>\n<meta name=\"description\" content=\"K\u00f6p Sextacy Bath Salt till salu i Storbritannien, Europa i v\u00e5r medicinasinc.com\/se onlinebutik med snabb leverans \u00f6ver hela v\u00e4rlden! Det b\u00e4sta Sextacy-badsaltet f\u00f6r best\u00e4llning hittar du!\" \/>\n<meta name=\"robots\" content=\"index, follow, max-snippet:-1, max-image-preview:large, max-video-preview:-1\" \/>\n<link rel=\"canonical\" href=\"https:\/\/medicinasinc.com\/se\/product\/kopa-sextacy-badsalt\/\" \/>\n<meta property=\"og:locale\" content=\"sv_SE\" \/>\n<meta property=\"og:type\" content=\"article\" \/>\n<meta property=\"og:title\" content=\"K\u00f6p Sextacy Bath Salt - Sextacy Bath Salt - Best Global Meds\" \/>\n<meta property=\"og:description\" content=\"K\u00f6p Sextacy Bath Salt till salu i Storbritannien, Europa i v\u00e5r medicinasinc.com\/se onlinebutik med snabb leverans \u00f6ver hela v\u00e4rlden! Det b\u00e4sta Sextacy-badsaltet f\u00f6r best\u00e4llning hittar du!\" \/>\n<meta property=\"og:url\" content=\"https:\/\/medicinasinc.com\/se\/product\/kopa-sextacy-badsalt\/\" \/>\n<meta property=\"og:site_name\" content=\"Medicinas Inc\" \/>\n<meta property=\"article:modified_time\" content=\"2022-07-03T23:19:02+00:00\" \/>\n<meta property=\"og:image\" content=\"https:\/\/medicinasinc.com\/se\/wp-content\/uploads\/sites\/16\/2022\/02\/Buy-Sextacy-Bath-Salt.jpg\" \/>\n\t<meta property=\"og:image:width\" content=\"600\" \/>\n\t<meta property=\"og:image:height\" content=\"600\" \/>\n\t<meta property=\"og:image:type\" content=\"image\/jpeg\" \/>\n<meta name=\"twitter:card\" content=\"summary_large_image\" \/>\n<meta name=\"twitter:label1\" content=\"Ber\u00e4knad l\u00e4stid\" \/>\n\t<meta name=\"twitter:data1\" content=\"2 minuter\" \/>\n<script type=\"application\/ld+json\" class=\"yoast-schema-graph\">{\"@context\":\"https:\/\/schema.org\",\"@graph\":[{\"@type\":\"WebPage\",\"@id\":\"https:\/\/medicinasinc.com\/se\/product\/kopa-sextacy-badsalt\/\",\"url\":\"https:\/\/medicinasinc.com\/se\/product\/kopa-sextacy-badsalt\/\",\"name\":\"K\u00f6p Sextacy Bath Salt - Sextacy Bath Salt - Best Global Meds\",\"isPartOf\":{\"@id\":\"https:\/\/medicinasinc.com\/se\/#website\"},\"primaryImageOfPage\":{\"@id\":\"https:\/\/medicinasinc.com\/se\/product\/kopa-sextacy-badsalt\/#primaryimage\"},\"image\":{\"@id\":\"https:\/\/medicinasinc.com\/se\/product\/kopa-sextacy-badsalt\/#primaryimage\"},\"thumbnailUrl\":\"https:\/\/medicinasinc.com\/se\/wp-content\/uploads\/sites\/16\/2022\/02\/Buy-Sextacy-Bath-Salt.jpg\",\"datePublished\":\"2022-02-22T03:11:29+00:00\",\"dateModified\":\"2022-07-03T23:19:02+00:00\",\"description\":\"K\u00f6p Sextacy Bath Salt till salu i Storbritannien, Europa i v\u00e5r medicinasinc.com\/se onlinebutik med snabb leverans \u00f6ver hela v\u00e4rlden! Det b\u00e4sta Sextacy-badsaltet f\u00f6r best\u00e4llning hittar du!\",\"breadcrumb\":{\"@id\":\"https:\/\/medicinasinc.com\/se\/product\/kopa-sextacy-badsalt\/#breadcrumb\"},\"inLanguage\":\"sv-SE\",\"potentialAction\":[{\"@type\":\"ReadAction\",\"target\":[\"https:\/\/medicinasinc.com\/se\/product\/kopa-sextacy-badsalt\/\"]}]},{\"@type\":\"ImageObject\",\"inLanguage\":\"sv-SE\",\"@id\":\"https:\/\/medicinasinc.com\/se\/product\/kopa-sextacy-badsalt\/#primaryimage\",\"url\":\"https:\/\/medicinasinc.com\/se\/wp-content\/uploads\/sites\/16\/2022\/02\/Buy-Sextacy-Bath-Salt.jpg\",\"contentUrl\":\"https:\/\/medicinasinc.com\/se\/wp-content\/uploads\/sites\/16\/2022\/02\/Buy-Sextacy-Bath-Salt.jpg\",\"width\":600,\"height\":600},{\"@type\":\"BreadcrumbList\",\"@id\":\"https:\/\/medicinasinc.com\/se\/product\/kopa-sextacy-badsalt\/#breadcrumb\",\"itemListElement\":[{\"@type\":\"ListItem\",\"position\":1,\"name\":\"aff\u00e4r\",\"item\":\"https:\/\/medicinasinc.com\/se\/affar\/\"},{\"@type\":\"ListItem\",\"position\":2,\"name\":\"K\u00f6p Sextacy Bath Salt\"}]},{\"@type\":\"WebSite\",\"@id\":\"https:\/\/medicinasinc.com\/se\/#website\",\"url\":\"https:\/\/medicinasinc.com\/se\/\",\"name\":\"Medicinas Inc\",\"description\":\"Health Medical Clinic\",\"potentialAction\":[{\"@type\":\"SearchAction\",\"target\":{\"@type\":\"EntryPoint\",\"urlTemplate\":\"https:\/\/medicinasinc.com\/se\/?s={search_term_string}\"},\"query-input\":{\"@type\":\"PropertyValueSpecification\",\"valueRequired\":true,\"valueName\":\"search_term_string\"}}],\"inLanguage\":\"sv-SE\"}]}<\/script>\n<!-- \/ Yoast SEO plugin. -->","yoast_head_json":{"title":"K\u00f6p Sextacy Bath Salt - Sextacy Bath Salt - Best Global Meds","description":"K\u00f6p Sextacy Bath Salt till salu i Storbritannien, Europa i v\u00e5r medicinasinc.com\/se onlinebutik med snabb leverans \u00f6ver hela v\u00e4rlden! Det b\u00e4sta Sextacy-badsaltet f\u00f6r best\u00e4llning hittar du!","robots":{"index":"index","follow":"follow","max-snippet":"max-snippet:-1","max-image-preview":"max-image-preview:large","max-video-preview":"max-video-preview:-1"},"canonical":"https:\/\/medicinasinc.com\/se\/product\/kopa-sextacy-badsalt\/","og_locale":"sv_SE","og_type":"article","og_title":"K\u00f6p Sextacy Bath Salt - Sextacy Bath Salt - Best Global Meds","og_description":"K\u00f6p Sextacy Bath Salt till salu i Storbritannien, Europa i v\u00e5r medicinasinc.com\/se onlinebutik med snabb leverans \u00f6ver hela v\u00e4rlden! Det b\u00e4sta Sextacy-badsaltet f\u00f6r best\u00e4llning hittar du!","og_url":"https:\/\/medicinasinc.com\/se\/product\/kopa-sextacy-badsalt\/","og_site_name":"Medicinas Inc","article_modified_time":"2022-07-03T23:19:02+00:00","og_image":[{"width":600,"height":600,"url":"https:\/\/medicinasinc.com\/se\/wp-content\/uploads\/sites\/16\/2022\/02\/Buy-Sextacy-Bath-Salt.jpg","type":"image\/jpeg"}],"twitter_card":"summary_large_image","twitter_misc":{"Ber\u00e4knad l\u00e4stid":"2 minuter"},"schema":{"@context":"https:\/\/schema.org","@graph":[{"@type":"WebPage","@id":"https:\/\/medicinasinc.com\/se\/product\/kopa-sextacy-badsalt\/","url":"https:\/\/medicinasinc.com\/se\/product\/kopa-sextacy-badsalt\/","name":"K\u00f6p Sextacy Bath Salt - Sextacy Bath Salt - Best Global Meds","isPartOf":{"@id":"https:\/\/medicinasinc.com\/se\/#website"},"primaryImageOfPage":{"@id":"https:\/\/medicinasinc.com\/se\/product\/kopa-sextacy-badsalt\/#primaryimage"},"image":{"@id":"https:\/\/medicinasinc.com\/se\/product\/kopa-sextacy-badsalt\/#primaryimage"},"thumbnailUrl":"https:\/\/medicinasinc.com\/se\/wp-content\/uploads\/sites\/16\/2022\/02\/Buy-Sextacy-Bath-Salt.jpg","datePublished":"2022-02-22T03:11:29+00:00","dateModified":"2022-07-03T23:19:02+00:00","description":"K\u00f6p Sextacy Bath Salt till salu i Storbritannien, Europa i v\u00e5r medicinasinc.com\/se onlinebutik med snabb leverans \u00f6ver hela v\u00e4rlden! Det b\u00e4sta Sextacy-badsaltet f\u00f6r best\u00e4llning hittar du!","breadcrumb":{"@id":"https:\/\/medicinasinc.com\/se\/product\/kopa-sextacy-badsalt\/#breadcrumb"},"inLanguage":"sv-SE","potentialAction":[{"@type":"ReadAction","target":["https:\/\/medicinasinc.com\/se\/product\/kopa-sextacy-badsalt\/"]}]},{"@type":"ImageObject","inLanguage":"sv-SE","@id":"https:\/\/medicinasinc.com\/se\/product\/kopa-sextacy-badsalt\/#primaryimage","url":"https:\/\/medicinasinc.com\/se\/wp-content\/uploads\/sites\/16\/2022\/02\/Buy-Sextacy-Bath-Salt.jpg","contentUrl":"https:\/\/medicinasinc.com\/se\/wp-content\/uploads\/sites\/16\/2022\/02\/Buy-Sextacy-Bath-Salt.jpg","width":600,"height":600},{"@type":"BreadcrumbList","@id":"https:\/\/medicinasinc.com\/se\/product\/kopa-sextacy-badsalt\/#breadcrumb","itemListElement":[{"@type":"ListItem","position":1,"name":"aff\u00e4r","item":"https:\/\/medicinasinc.com\/se\/affar\/"},{"@type":"ListItem","position":2,"name":"K\u00f6p Sextacy Bath Salt"}]},{"@type":"WebSite","@id":"https:\/\/medicinasinc.com\/se\/#website","url":"https:\/\/medicinasinc.com\/se\/","name":"Medicinas Inc","description":"Health Medical Clinic","potentialAction":[{"@type":"SearchAction","target":{"@type":"EntryPoint","urlTemplate":"https:\/\/medicinasinc.com\/se\/?s={search_term_string}"},"query-input":{"@type":"PropertyValueSpecification","valueRequired":true,"valueName":"search_term_string"}}],"inLanguage":"sv-SE"}]}},"_links":{"self":[{"href":"https:\/\/medicinasinc.com\/se\/wp-json\/wp\/v2\/product\/5638","targetHints":{"allow":["GET"]}}],"collection":[{"href":"https:\/\/medicinasinc.com\/se\/wp-json\/wp\/v2\/product"}],"about":[{"href":"https:\/\/medicinasinc.com\/se\/wp-json\/wp\/v2\/types\/product"}],"replies":[{"embeddable":true,"href":"https:\/\/medicinasinc.com\/se\/wp-json\/wp\/v2\/comments?post=5638"}],"wp:featuredmedia":[{"embeddable":true,"href":"https:\/\/medicinasinc.com\/se\/wp-json\/wp\/v2\/media\/5650"}],"wp:attachment":[{"href":"https:\/\/medicinasinc.com\/se\/wp-json\/wp\/v2\/media?parent=5638"}],"wp:term":[{"taxonomy":"product_brand","embeddable":true,"href":"https:\/\/medicinasinc.com\/se\/wp-json\/wp\/v2\/product_brand?post=5638"},{"taxonomy":"product_cat","embeddable":true,"href":"https:\/\/medicinasinc.com\/se\/wp-json\/wp\/v2\/product_cat?post=5638"},{"taxonomy":"product_tag","embeddable":true,"href":"https:\/\/medicinasinc.com\/se\/wp-json\/wp\/v2\/product_tag?post=5638"}],"curies":[{"name":"wp","href":"https:\/\/api.w.org\/{rel}","templated":true}]}}