{"id":5637,"date":"2022-02-22T03:10:06","date_gmt":"2022-02-22T03:10:06","guid":{"rendered":"https:\/\/medicinasinc.com\/se\/?post_type=product&#038;p=5637"},"modified":"2022-07-03T23:19:15","modified_gmt":"2022-07-03T23:19:15","slug":"kopa-gnista-badsalt","status":"publish","type":"product","link":"https:\/\/medicinasinc.com\/se\/product\/kopa-gnista-badsalt\/","title":{"rendered":"K\u00f6p Sparkle Bath Salt"},"content":{"rendered":"<p>Detaljer om produkten<\/p>\n<p>N\u00e4r du anv\u00e4nder v\u00e5ra MOUSSERANDE BADSALT kan du g\u00f6ra din tid i badkaret roligare. Denna premiumbadtillsats har d\u00f6da havssalter och epsomsalter som hj\u00e4lper kroppen att bli av med gifter. Kokosmj\u00f6lkspulver, havreprotein och kaolinlera mjukar upp och ger n\u00e4ring \u00e5t huden. Eukalyptus-, enb\u00e4rs- och lavendeloljor hj\u00e4lper m\u00e4nniskor att slappna av, sova b\u00e4ttre och har aromaterapif\u00f6rdelar.<\/p>\n<p>MOusserande badsalter kommer i en 10 oz specialtillverkad glaskaraff som \u00e4r inlindad i sj\u00f6gr\u00e4s. Lockets insida anv\u00e4nds f\u00f6r att m\u00e4ta salterna.<\/p>\n<p>ZERO WASTE REFILL POUCH \u00e4r gjord av papper som kan komposteras hemma. Det \u00e4r v\u00e5rt svar p\u00e5 eng\u00e5ngsp\u00e5sarna f\u00f6r badsalt i plast som vi brukade g\u00f6ra tidigare. Om en p\u00e5se har \u00d6sterrikes OK HOME-certifiering betyder det att den kommer att g\u00e5 s\u00f6nder helt i din tr\u00e4dg\u00e5rdskomposth\u00f6g. ZERO WASTE REFILL-p\u00e5sen har 10 oz salt i sig.<\/p>\n<p>Hur man anv\u00e4nder den<\/p>\n<p>H\u00e4ll 2-3 till tre kapsyler i en kopp varmt vatten med locket p\u00e5 insidan av skopan. Du kan se n\u00e4r det \u00e4r dags att f\u00e5 in din kropp genom de milda bubblorna och lite gnistra.<\/p>\n<p>Efter ett bad beh\u00f6ver du inte sk\u00f6lja. Du kan klappa ner kroppen med en handduk. F\u00f6lj upp med kroppsolja f\u00f6r att h\u00e5lla fukten i.<\/p>\n<p>Ingredienser<\/p>\n<p>Magnesiumsulfat, Cocos Nucifera-extrakt, Kaolinlera, Mica Powder och Sodium Sodium \u00e4r n\u00e5gra av ingredienserna i Maris Sal , som ocks\u00e5 \u00e4r k\u00e4nt som D\u00f6dahavssalt eller Havssalt.<\/p>\n<p>Hydraterat havreprotein (havreprotein) och bikarbonat<\/p>\n<p>PULVER: Kolloidalt silver, Vaccinium angustifolium fruktextrakt (bl\u00e5b\u00e4rsextrakt), Coco-Glucoside, Eucalyptus globulus bladolja, Lavandula angustifolia blomolja, Juniperus communis tr\u00e4olja och Lavandula angustifolia blomolja (Juniper Essential Oil)<\/p>\n<div class=\"product-next-previous\">\n<div class=\" product-prev\"><\/div><\/div>\n","protected":false},"excerpt":{"rendered":"<p>Du kan k\u00f6pa gnistrande badsalt till f\u00f6rs\u00e4ljning i Storbritannien, EU och Australien. M\u00e4nniskor som handlar av oss kan vara s\u00e4kra p\u00e5 att de f\u00e5r vad de betalar f\u00f6r. Till de b\u00e4sta priserna, k\u00f6p Sparkle Bath Salt nu!<\/p>\n<p>Se till att du k\u00f6per JENAM LIVE LOVE SPARKLE BATH SALT CUP till b\u00e4sta pris online i b\u00e5de Nederl\u00e4nderna och USA. K\u00f6p n\u00e5got fr\u00e5n Best Global Meds nu. De har bra priser!<\/p>\n<p>Koncentrerat badsalt fr\u00e5n de b\u00e4sta m\u00e4rkena. Ett m\u00e5ste f\u00f6r alla stj\u00e4rnsk\u00e5dare. Du kommer att k\u00e4nna dig lika ljus som stj\u00e4rnorna.<\/p>\n","protected":false},"featured_media":5648,"comment_status":"open","ping_status":"closed","template":"","meta":[],"product_brand":[],"product_cat":[610,2014],"product_tag":[3383,3380,3381,3382,3384,3385,3387,3388,3389,3390,3392,3391,3393,3386,3394,3395],"class_list":{"0":"post-5637","1":"product","2":"type-product","3":"status-publish","4":"has-post-thumbnail","6":"product_cat-kop-hash-hasch","7":"product_cat-kop-research-chemicals","8":"product_tag-bestlla-gnista-badsalt","9":"product_tag-kpa-gnista-badsalt","10":"product_tag-kp-gnista-bad-salt-europa","11":"product_tag-kp-gnista-badsalt-uk","12":"product_tag-sparkle-bath-salt-buy","13":"product_tag-sparkle-bath-salt-effect","14":"product_tag-sparkle-bad-salt-online","15":"product_tag-sparkle-bad-salt-ordning","16":"product_tag-gnistan-bad-salt-polen","17":"product_tag-sparkle-bath-salt-purchase","18":"product_tag-sparkle-bad-salt-rea","19":"product_tag-sparkle-bad-salt-reddit","20":"product_tag-sparkle-bad-salt-sverige","21":"product_tag-sparkle-bad-salt-tyskland","22":"product_tag-var-att-kpa-gnista-badsalt","23":"product_tag-var-att-bestlla-gnista-badsalt","25":"first","26":"instock","27":"shipping-taxable","28":"purchasable","29":"product-type-variable","30":"has-default-attributes"},"yoast_head":"<!-- This site is optimized with the Yoast SEO plugin v27.3 - https:\/\/yoast.com\/product\/yoast-seo-wordpress\/ -->\n<title>K\u00f6p Sparkle Bath Salt - Sparkle Bath Salt - Best Global Meds<\/title>\n<meta name=\"description\" content=\"K\u00f6p Sparkle Bath Salt till salu i Storbritannien, Europa, AU. vi erbjuder den mest p\u00e5litliga transaktionen och s\u00e4ljer till mycket \u00f6verkomliga priser. Best\u00e4ll Sparkle Bath Salt nu till b\u00e4sta priser\" \/>\n<meta name=\"robots\" content=\"index, follow, max-snippet:-1, max-image-preview:large, max-video-preview:-1\" \/>\n<link rel=\"canonical\" href=\"https:\/\/medicinasinc.com\/se\/product\/kopa-gnista-badsalt\/\" \/>\n<meta property=\"og:locale\" content=\"sv_SE\" \/>\n<meta property=\"og:type\" content=\"article\" \/>\n<meta property=\"og:title\" content=\"K\u00f6p Sparkle Bath Salt - Sparkle Bath Salt - Best Global Meds\" \/>\n<meta property=\"og:description\" content=\"K\u00f6p Sparkle Bath Salt till salu i Storbritannien, Europa, AU. vi erbjuder den mest p\u00e5litliga transaktionen och s\u00e4ljer till mycket \u00f6verkomliga priser. Best\u00e4ll Sparkle Bath Salt nu till b\u00e4sta priser\" \/>\n<meta property=\"og:url\" content=\"https:\/\/medicinasinc.com\/se\/product\/kopa-gnista-badsalt\/\" \/>\n<meta property=\"og:site_name\" content=\"Medicinas Inc\" \/>\n<meta property=\"article:modified_time\" content=\"2022-07-03T23:19:15+00:00\" \/>\n<meta property=\"og:image\" content=\"https:\/\/medicinasinc.com\/se\/wp-content\/uploads\/sites\/16\/2022\/02\/Buy-Sparkle-Bath-Salt.jpg\" \/>\n\t<meta property=\"og:image:width\" content=\"750\" \/>\n\t<meta property=\"og:image:height\" content=\"750\" \/>\n\t<meta property=\"og:image:type\" content=\"image\/jpeg\" \/>\n<meta name=\"twitter:card\" content=\"summary_large_image\" \/>\n<meta name=\"twitter:label1\" content=\"Ber\u00e4knad l\u00e4stid\" \/>\n\t<meta name=\"twitter:data1\" content=\"2 minuter\" \/>\n<script type=\"application\/ld+json\" class=\"yoast-schema-graph\">{\"@context\":\"https:\\\/\\\/schema.org\",\"@graph\":[{\"@type\":\"WebPage\",\"@id\":\"https:\\\/\\\/medicinasinc.com\\\/se\\\/product\\\/kopa-gnista-badsalt\\\/\",\"url\":\"https:\\\/\\\/medicinasinc.com\\\/se\\\/product\\\/kopa-gnista-badsalt\\\/\",\"name\":\"K\u00f6p Sparkle Bath Salt - Sparkle Bath Salt - Best Global Meds\",\"isPartOf\":{\"@id\":\"https:\\\/\\\/medicinasinc.com\\\/se\\\/#website\"},\"primaryImageOfPage\":{\"@id\":\"https:\\\/\\\/medicinasinc.com\\\/se\\\/product\\\/kopa-gnista-badsalt\\\/#primaryimage\"},\"image\":{\"@id\":\"https:\\\/\\\/medicinasinc.com\\\/se\\\/product\\\/kopa-gnista-badsalt\\\/#primaryimage\"},\"thumbnailUrl\":\"https:\\\/\\\/medicinasinc.com\\\/se\\\/wp-content\\\/uploads\\\/sites\\\/16\\\/2022\\\/02\\\/Buy-Sparkle-Bath-Salt.jpg\",\"datePublished\":\"2022-02-22T03:10:06+00:00\",\"dateModified\":\"2022-07-03T23:19:15+00:00\",\"description\":\"K\u00f6p Sparkle Bath Salt till salu i Storbritannien, Europa, AU. vi erbjuder den mest p\u00e5litliga transaktionen och s\u00e4ljer till mycket \u00f6verkomliga priser. Best\u00e4ll Sparkle Bath Salt nu till b\u00e4sta priser\",\"breadcrumb\":{\"@id\":\"https:\\\/\\\/medicinasinc.com\\\/se\\\/product\\\/kopa-gnista-badsalt\\\/#breadcrumb\"},\"inLanguage\":\"sv-SE\",\"potentialAction\":[{\"@type\":\"ReadAction\",\"target\":[\"https:\\\/\\\/medicinasinc.com\\\/se\\\/product\\\/kopa-gnista-badsalt\\\/\"]}]},{\"@type\":\"ImageObject\",\"inLanguage\":\"sv-SE\",\"@id\":\"https:\\\/\\\/medicinasinc.com\\\/se\\\/product\\\/kopa-gnista-badsalt\\\/#primaryimage\",\"url\":\"https:\\\/\\\/medicinasinc.com\\\/se\\\/wp-content\\\/uploads\\\/sites\\\/16\\\/2022\\\/02\\\/Buy-Sparkle-Bath-Salt.jpg\",\"contentUrl\":\"https:\\\/\\\/medicinasinc.com\\\/se\\\/wp-content\\\/uploads\\\/sites\\\/16\\\/2022\\\/02\\\/Buy-Sparkle-Bath-Salt.jpg\",\"width\":750,\"height\":750},{\"@type\":\"BreadcrumbList\",\"@id\":\"https:\\\/\\\/medicinasinc.com\\\/se\\\/product\\\/kopa-gnista-badsalt\\\/#breadcrumb\",\"itemListElement\":[{\"@type\":\"ListItem\",\"position\":1,\"name\":\"aff\u00e4r\",\"item\":\"https:\\\/\\\/medicinasinc.com\\\/se\\\/affar\\\/\"},{\"@type\":\"ListItem\",\"position\":2,\"name\":\"K\u00f6p Sparkle Bath Salt\"}]},{\"@type\":\"WebSite\",\"@id\":\"https:\\\/\\\/medicinasinc.com\\\/se\\\/#website\",\"url\":\"https:\\\/\\\/medicinasinc.com\\\/se\\\/\",\"name\":\"Medicinas Inc\",\"description\":\"Health Medical Clinic\",\"potentialAction\":[{\"@type\":\"SearchAction\",\"target\":{\"@type\":\"EntryPoint\",\"urlTemplate\":\"https:\\\/\\\/medicinasinc.com\\\/se\\\/?s={search_term_string}\"},\"query-input\":{\"@type\":\"PropertyValueSpecification\",\"valueRequired\":true,\"valueName\":\"search_term_string\"}}],\"inLanguage\":\"sv-SE\"}]}<\/script>\n<!-- \/ Yoast SEO plugin. -->","yoast_head_json":{"title":"K\u00f6p Sparkle Bath Salt - Sparkle Bath Salt - Best Global Meds","description":"K\u00f6p Sparkle Bath Salt till salu i Storbritannien, Europa, AU. vi erbjuder den mest p\u00e5litliga transaktionen och s\u00e4ljer till mycket \u00f6verkomliga priser. Best\u00e4ll Sparkle Bath Salt nu till b\u00e4sta priser","robots":{"index":"index","follow":"follow","max-snippet":"max-snippet:-1","max-image-preview":"max-image-preview:large","max-video-preview":"max-video-preview:-1"},"canonical":"https:\/\/medicinasinc.com\/se\/product\/kopa-gnista-badsalt\/","og_locale":"sv_SE","og_type":"article","og_title":"K\u00f6p Sparkle Bath Salt - Sparkle Bath Salt - Best Global Meds","og_description":"K\u00f6p Sparkle Bath Salt till salu i Storbritannien, Europa, AU. vi erbjuder den mest p\u00e5litliga transaktionen och s\u00e4ljer till mycket \u00f6verkomliga priser. Best\u00e4ll Sparkle Bath Salt nu till b\u00e4sta priser","og_url":"https:\/\/medicinasinc.com\/se\/product\/kopa-gnista-badsalt\/","og_site_name":"Medicinas Inc","article_modified_time":"2022-07-03T23:19:15+00:00","og_image":[{"width":750,"height":750,"url":"https:\/\/medicinasinc.com\/se\/wp-content\/uploads\/sites\/16\/2022\/02\/Buy-Sparkle-Bath-Salt.jpg","type":"image\/jpeg"}],"twitter_card":"summary_large_image","twitter_misc":{"Ber\u00e4knad l\u00e4stid":"2 minuter"},"schema":{"@context":"https:\/\/schema.org","@graph":[{"@type":"WebPage","@id":"https:\/\/medicinasinc.com\/se\/product\/kopa-gnista-badsalt\/","url":"https:\/\/medicinasinc.com\/se\/product\/kopa-gnista-badsalt\/","name":"K\u00f6p Sparkle Bath Salt - Sparkle Bath Salt - Best Global Meds","isPartOf":{"@id":"https:\/\/medicinasinc.com\/se\/#website"},"primaryImageOfPage":{"@id":"https:\/\/medicinasinc.com\/se\/product\/kopa-gnista-badsalt\/#primaryimage"},"image":{"@id":"https:\/\/medicinasinc.com\/se\/product\/kopa-gnista-badsalt\/#primaryimage"},"thumbnailUrl":"https:\/\/medicinasinc.com\/se\/wp-content\/uploads\/sites\/16\/2022\/02\/Buy-Sparkle-Bath-Salt.jpg","datePublished":"2022-02-22T03:10:06+00:00","dateModified":"2022-07-03T23:19:15+00:00","description":"K\u00f6p Sparkle Bath Salt till salu i Storbritannien, Europa, AU. vi erbjuder den mest p\u00e5litliga transaktionen och s\u00e4ljer till mycket \u00f6verkomliga priser. Best\u00e4ll Sparkle Bath Salt nu till b\u00e4sta priser","breadcrumb":{"@id":"https:\/\/medicinasinc.com\/se\/product\/kopa-gnista-badsalt\/#breadcrumb"},"inLanguage":"sv-SE","potentialAction":[{"@type":"ReadAction","target":["https:\/\/medicinasinc.com\/se\/product\/kopa-gnista-badsalt\/"]}]},{"@type":"ImageObject","inLanguage":"sv-SE","@id":"https:\/\/medicinasinc.com\/se\/product\/kopa-gnista-badsalt\/#primaryimage","url":"https:\/\/medicinasinc.com\/se\/wp-content\/uploads\/sites\/16\/2022\/02\/Buy-Sparkle-Bath-Salt.jpg","contentUrl":"https:\/\/medicinasinc.com\/se\/wp-content\/uploads\/sites\/16\/2022\/02\/Buy-Sparkle-Bath-Salt.jpg","width":750,"height":750},{"@type":"BreadcrumbList","@id":"https:\/\/medicinasinc.com\/se\/product\/kopa-gnista-badsalt\/#breadcrumb","itemListElement":[{"@type":"ListItem","position":1,"name":"aff\u00e4r","item":"https:\/\/medicinasinc.com\/se\/affar\/"},{"@type":"ListItem","position":2,"name":"K\u00f6p Sparkle Bath Salt"}]},{"@type":"WebSite","@id":"https:\/\/medicinasinc.com\/se\/#website","url":"https:\/\/medicinasinc.com\/se\/","name":"Medicinas Inc","description":"Health Medical Clinic","potentialAction":[{"@type":"SearchAction","target":{"@type":"EntryPoint","urlTemplate":"https:\/\/medicinasinc.com\/se\/?s={search_term_string}"},"query-input":{"@type":"PropertyValueSpecification","valueRequired":true,"valueName":"search_term_string"}}],"inLanguage":"sv-SE"}]}},"_links":{"self":[{"href":"https:\/\/medicinasinc.com\/se\/wp-json\/wp\/v2\/product\/5637","targetHints":{"allow":["GET"]}}],"collection":[{"href":"https:\/\/medicinasinc.com\/se\/wp-json\/wp\/v2\/product"}],"about":[{"href":"https:\/\/medicinasinc.com\/se\/wp-json\/wp\/v2\/types\/product"}],"replies":[{"embeddable":true,"href":"https:\/\/medicinasinc.com\/se\/wp-json\/wp\/v2\/comments?post=5637"}],"wp:featuredmedia":[{"embeddable":true,"href":"https:\/\/medicinasinc.com\/se\/wp-json\/wp\/v2\/media\/5648"}],"wp:attachment":[{"href":"https:\/\/medicinasinc.com\/se\/wp-json\/wp\/v2\/media?parent=5637"}],"wp:term":[{"taxonomy":"product_brand","embeddable":true,"href":"https:\/\/medicinasinc.com\/se\/wp-json\/wp\/v2\/product_brand?post=5637"},{"taxonomy":"product_cat","embeddable":true,"href":"https:\/\/medicinasinc.com\/se\/wp-json\/wp\/v2\/product_cat?post=5637"},{"taxonomy":"product_tag","embeddable":true,"href":"https:\/\/medicinasinc.com\/se\/wp-json\/wp\/v2\/product_tag?post=5637"}],"curies":[{"name":"wp","href":"https:\/\/api.w.org\/{rel}","templated":true}]}}