{"id":5636,"date":"2022-02-22T03:08:33","date_gmt":"2022-02-22T03:08:33","guid":{"rendered":"https:\/\/medicinasinc.com\/se\/?post_type=product&#038;p=5636"},"modified":"2022-07-03T23:19:24","modified_gmt":"2022-07-03T23:19:24","slug":"kopa-syntakain-pulver","status":"publish","type":"product","link":"https:\/\/medicinasinc.com\/se\/product\/kopa-syntakain-pulver\/","title":{"rendered":"K\u00f6p Synthacaine Powder"},"content":{"rendered":"<p>K\u00d6P PULVER AV SYNTHACAINE ATT ANV\u00c4NDA<br \/> Synthacaine Powder \u00e4r en forskningskemikalie som s\u00e4ljs av en grossist.<br \/> N\u00e4r du checkar ut kan du v\u00e4lja att betala med bank\u00f6verf\u00f6ring eller med bitcoins.<br \/> Observera att du endast \u00e4r t\u00e4ckt om ditt paket f\u00f6rsvinner. Om du anv\u00e4nder en sp\u00e5rad f\u00f6rs\u00e4krad tj\u00e4nst och ditt paket g\u00e5r f\u00f6rlorat kommer vi att skicka tillbaka det till dig gratis.<br \/> Kontrollera med ditt lands lagar om import av kemikalier.<br \/> Best\u00e4llningar p\u00e5 bitcoins som g\u00f6rs m\u00e5ndag till fredag till 15.30 kommer att skickas samma dag som de placeras.<\/p>\n<p>N\u00e4r Synthacaine f\u00f6rst anv\u00e4ndes i forskning hade det ett d\u00e5ligt rykte. Detta beror mest p\u00e5 att m\u00e5nga f\u00f6retag s\u00e5lde prover av l\u00e5g kvalitet p\u00e5 det. Men inte h\u00e4r p\u00e5 Highstore.net!<\/p>\n<p>Vi arbetar med ett bra labb f\u00f6r att se till att allt syntakain vi g\u00f6r \u00e4r minst 98 % rent. Vi ger inte ut det exakta receptet f\u00f6r denna produkt eftersom det \u00e4r en hemlig blandning.<\/p>\n<p>Det finns ett gott rykte f\u00f6r Gr8 Research Chems synthacaine. Vi \u00e4r glada att kunna s\u00e4ga att v\u00e5rt lager kommer fr\u00e5n samma k\u00e4lla.<\/p>\n<p>Det finns fortfarande mycket vi inte vet om denna kemikalie, men hittills har tester visat att den kan f\u00e5 m\u00e4nniskor att k\u00e4nna sig glada mycket snabbt .<\/p>\n<p>Det kan ocks\u00e5 vara ett stimulerande medel, s\u00e5 det \u00e4r viktigt f\u00f6r forskare att vidta \u00e5tg\u00e4rder f\u00f6r att h\u00e5lla sig borta fr\u00e5n det och att bara testa tv\u00e5 partier av det \u00e5t g\u00e5ngen.<\/p>\n<p>Kemikalierna som vi s\u00e4ljer \u00e4r inte godk\u00e4nda f\u00f6r n\u00e5gon typ av in vivo-forskning (dvs inte p\u00e5 m\u00e4nniskor eller djur) eller kliniska pr\u00f6vningar, s\u00e5 om de av misstag intas b\u00f6r du f\u00e5 medicinsk hj\u00e4lp direkt. Detta g\u00e4ller f\u00f6r alla kemikalier vi s\u00e4ljer. F\u00f6lj standardlaboratories\u00e4kerhetsreglerna, som att b\u00e4ra r\u00e4tt hud-, \u00f6gon- och kl\u00e4dskydd.<\/p>\n<p>Om du \u00e4ter det b\u00f6r du f\u00e5 medicinsk hj\u00e4lp omedelbart.<\/p>\n<p>Folk kan k\u00f6pa denna produkt i 500 mg och 1 gram m\u00e4ngder. De kan ocks\u00e5 k\u00f6pa det i m\u00e4ngder p\u00e5 500 mg och 2 gram.<\/p>\n<p>M\u00e5ste vara \u00f6ver 18 och inte \u00e4tas av m\u00e4nniskor.<\/p>\n","protected":false},"excerpt":{"rendered":"<div class=\"woocommerce-product-details__short-description\">\n<p>Du kan k\u00f6pa Synthacaine Powder fr\u00e5n v\u00e5r Best Global Meds onlinebutik i Storbritannien, Europa, Asien, Kina och f\u00e5 det snabbt levererat \u00f6ver hela v\u00e4rlden! Det \u00e4r h\u00e4r du hittar det b\u00e4sta Synthacaine att k\u00f6pa.<\/p>\n<p>Synthacaine Powder: K\u00f6p Synthacaine Powder, Synthacaine Powder Research Chemical Grossist. N\u00e4r du checkar ut kan du v\u00e4lja att betala med bank\u00f6verf\u00f6ring eller med bitcoins.<\/p>\n<p>Synthacaine f\u00f6r att k\u00f6pa online Synthacaine kan k\u00f6pas fr\u00e5n kemibutiker online. Du kan hitta dem. Kemikaliebutiker online \u00e4r det b\u00e4sta st\u00e4llet att k\u00f6pa forskningskemikalier, eftersom du kan f\u00e5 dem d\u00e4r.<\/p>\n<p>Vad \u00e4r Synthacaine? Vart kan jag k\u00f6pa det? Best Global Meds \u00e4r ett av de b\u00e4sta st\u00e4llena att k\u00f6pa Synthacaine online. Till salu: Vi har h\u00f6gkvalitativt Synthacaine till salu.<\/p>\n<p>K\u00f6p Synthacaine Powder till ett l\u00e5gt pris online.<\/p>\n<p>Synthacaine \u00e4r 99,8 % rent. Synthacaine anv\u00e4nds i forskning. Vid 100 mg \u00e4r den v\u00e4ldigt stark.<\/p>\n<\/p><\/div>\n","protected":false},"featured_media":5646,"comment_status":"open","ping_status":"closed","template":"","meta":[],"product_brand":[],"product_cat":[2014],"product_tag":[3363,3374,3360,3361,3362,3367,3365,3366,3364,3359,3369,3377,3371,3370,3368,3373,3375,3372,3376,3378,3379],"class_list":{"0":"post-5636","1":"product","2":"type-product","3":"status-publish","4":"has-post-thumbnail","6":"product_cat-kop-research-chemicals","7":"product_tag-bestlla-syntakain-pulver-europa","8":"product_tag-syntakain-pulver-ordning","9":"product_tag-buy-research-chemical-synthacaine-powder-online","10":"product_tag-buy-synthacaine-powder","11":"product_tag-buy-synthacaine-powder-uk","12":"product_tag-forskning-kemikalier-online","13":"product_tag-forsknings-kemisk-ny-fristtning-syntakain-pulver","14":"product_tag-forsknings-kemiskt-syntakain-pulver","15":"product_tag-research-chem-synthacaine-pulver","16":"product_tag-kpa-forskning-kemiskt-syntakain-pulver","17":"product_tag-syntakain-pulver-kp","18":"product_tag-syntakain-pulver-frsljning","19":"product_tag-syntakain-pulver-effekt","20":"product_tag-syntakain-pulver-kina","21":"product_tag-syntakain-pulver","22":"product_tag-syntakain-pulver-online","23":"product_tag-synthacaine-powder-reddit","24":"product_tag-syntakain-pulver-till-frsljning","25":"product_tag-syntakain-pulver-forskningskemikalie","26":"product_tag-syntakain-pulver-grossist","27":"product_tag-var-att-kpa-syntakain-pulver","29":"first","30":"instock","31":"shipping-taxable","32":"purchasable","33":"product-type-variable","34":"has-default-attributes"},"yoast_head":"<!-- This site is optimized with the Yoast SEO plugin v27.3 - https:\/\/yoast.com\/product\/yoast-seo-wordpress\/ -->\n<title>K\u00f6p Synthacaine Powder - Synthacaine Powder - Best Global Meds<\/title>\n<meta name=\"description\" content=\"K\u00f6p Synthacaine Powder Storbritannien, Europa, Asien, Kina i v\u00e5r b\u00e4sta globala medicin onlinebutik med snabb leverans \u00f6ver hela v\u00e4rlden! Det b\u00e4sta Synthacaine f\u00f6r best\u00e4llning hittar du h\u00e4r!\" \/>\n<meta name=\"robots\" content=\"index, follow, max-snippet:-1, max-image-preview:large, max-video-preview:-1\" \/>\n<link rel=\"canonical\" href=\"https:\/\/medicinasinc.com\/se\/product\/kopa-syntakain-pulver\/\" \/>\n<meta property=\"og:locale\" content=\"sv_SE\" \/>\n<meta property=\"og:type\" content=\"article\" \/>\n<meta property=\"og:title\" content=\"K\u00f6p Synthacaine Powder - Synthacaine Powder - Best Global Meds\" \/>\n<meta property=\"og:description\" content=\"K\u00f6p Synthacaine Powder Storbritannien, Europa, Asien, Kina i v\u00e5r b\u00e4sta globala medicin onlinebutik med snabb leverans \u00f6ver hela v\u00e4rlden! Det b\u00e4sta Synthacaine f\u00f6r best\u00e4llning hittar du h\u00e4r!\" \/>\n<meta property=\"og:url\" content=\"https:\/\/medicinasinc.com\/se\/product\/kopa-syntakain-pulver\/\" \/>\n<meta property=\"og:site_name\" content=\"Medicinas Inc\" \/>\n<meta property=\"article:modified_time\" content=\"2022-07-03T23:19:24+00:00\" \/>\n<meta property=\"og:image\" content=\"https:\/\/medicinasinc.com\/se\/wp-content\/uploads\/sites\/16\/2022\/02\/Buy-Synthacaine-Powder.jpg\" \/>\n\t<meta property=\"og:image:width\" content=\"600\" \/>\n\t<meta property=\"og:image:height\" content=\"600\" \/>\n\t<meta property=\"og:image:type\" content=\"image\/jpeg\" \/>\n<meta name=\"twitter:card\" content=\"summary_large_image\" \/>\n<meta name=\"twitter:label1\" content=\"Ber\u00e4knad l\u00e4stid\" \/>\n\t<meta name=\"twitter:data1\" content=\"2 minuter\" \/>\n<script type=\"application\/ld+json\" class=\"yoast-schema-graph\">{\"@context\":\"https:\\\/\\\/schema.org\",\"@graph\":[{\"@type\":\"WebPage\",\"@id\":\"https:\\\/\\\/medicinasinc.com\\\/se\\\/product\\\/kopa-syntakain-pulver\\\/\",\"url\":\"https:\\\/\\\/medicinasinc.com\\\/se\\\/product\\\/kopa-syntakain-pulver\\\/\",\"name\":\"K\u00f6p Synthacaine Powder - Synthacaine Powder - Best Global Meds\",\"isPartOf\":{\"@id\":\"https:\\\/\\\/medicinasinc.com\\\/se\\\/#website\"},\"primaryImageOfPage\":{\"@id\":\"https:\\\/\\\/medicinasinc.com\\\/se\\\/product\\\/kopa-syntakain-pulver\\\/#primaryimage\"},\"image\":{\"@id\":\"https:\\\/\\\/medicinasinc.com\\\/se\\\/product\\\/kopa-syntakain-pulver\\\/#primaryimage\"},\"thumbnailUrl\":\"https:\\\/\\\/medicinasinc.com\\\/se\\\/wp-content\\\/uploads\\\/sites\\\/16\\\/2022\\\/02\\\/Buy-Synthacaine-Powder.jpg\",\"datePublished\":\"2022-02-22T03:08:33+00:00\",\"dateModified\":\"2022-07-03T23:19:24+00:00\",\"description\":\"K\u00f6p Synthacaine Powder Storbritannien, Europa, Asien, Kina i v\u00e5r b\u00e4sta globala medicin onlinebutik med snabb leverans \u00f6ver hela v\u00e4rlden! Det b\u00e4sta Synthacaine f\u00f6r best\u00e4llning hittar du h\u00e4r!\",\"breadcrumb\":{\"@id\":\"https:\\\/\\\/medicinasinc.com\\\/se\\\/product\\\/kopa-syntakain-pulver\\\/#breadcrumb\"},\"inLanguage\":\"sv-SE\",\"potentialAction\":[{\"@type\":\"ReadAction\",\"target\":[\"https:\\\/\\\/medicinasinc.com\\\/se\\\/product\\\/kopa-syntakain-pulver\\\/\"]}]},{\"@type\":\"ImageObject\",\"inLanguage\":\"sv-SE\",\"@id\":\"https:\\\/\\\/medicinasinc.com\\\/se\\\/product\\\/kopa-syntakain-pulver\\\/#primaryimage\",\"url\":\"https:\\\/\\\/medicinasinc.com\\\/se\\\/wp-content\\\/uploads\\\/sites\\\/16\\\/2022\\\/02\\\/Buy-Synthacaine-Powder.jpg\",\"contentUrl\":\"https:\\\/\\\/medicinasinc.com\\\/se\\\/wp-content\\\/uploads\\\/sites\\\/16\\\/2022\\\/02\\\/Buy-Synthacaine-Powder.jpg\",\"width\":600,\"height\":600},{\"@type\":\"BreadcrumbList\",\"@id\":\"https:\\\/\\\/medicinasinc.com\\\/se\\\/product\\\/kopa-syntakain-pulver\\\/#breadcrumb\",\"itemListElement\":[{\"@type\":\"ListItem\",\"position\":1,\"name\":\"aff\u00e4r\",\"item\":\"https:\\\/\\\/medicinasinc.com\\\/se\\\/affar\\\/\"},{\"@type\":\"ListItem\",\"position\":2,\"name\":\"K\u00f6p Synthacaine Powder\"}]},{\"@type\":\"WebSite\",\"@id\":\"https:\\\/\\\/medicinasinc.com\\\/se\\\/#website\",\"url\":\"https:\\\/\\\/medicinasinc.com\\\/se\\\/\",\"name\":\"Medicinas Inc\",\"description\":\"Health Medical Clinic\",\"potentialAction\":[{\"@type\":\"SearchAction\",\"target\":{\"@type\":\"EntryPoint\",\"urlTemplate\":\"https:\\\/\\\/medicinasinc.com\\\/se\\\/?s={search_term_string}\"},\"query-input\":{\"@type\":\"PropertyValueSpecification\",\"valueRequired\":true,\"valueName\":\"search_term_string\"}}],\"inLanguage\":\"sv-SE\"}]}<\/script>\n<!-- \/ Yoast SEO plugin. -->","yoast_head_json":{"title":"K\u00f6p Synthacaine Powder - Synthacaine Powder - Best Global Meds","description":"K\u00f6p Synthacaine Powder Storbritannien, Europa, Asien, Kina i v\u00e5r b\u00e4sta globala medicin onlinebutik med snabb leverans \u00f6ver hela v\u00e4rlden! Det b\u00e4sta Synthacaine f\u00f6r best\u00e4llning hittar du h\u00e4r!","robots":{"index":"index","follow":"follow","max-snippet":"max-snippet:-1","max-image-preview":"max-image-preview:large","max-video-preview":"max-video-preview:-1"},"canonical":"https:\/\/medicinasinc.com\/se\/product\/kopa-syntakain-pulver\/","og_locale":"sv_SE","og_type":"article","og_title":"K\u00f6p Synthacaine Powder - Synthacaine Powder - Best Global Meds","og_description":"K\u00f6p Synthacaine Powder Storbritannien, Europa, Asien, Kina i v\u00e5r b\u00e4sta globala medicin onlinebutik med snabb leverans \u00f6ver hela v\u00e4rlden! Det b\u00e4sta Synthacaine f\u00f6r best\u00e4llning hittar du h\u00e4r!","og_url":"https:\/\/medicinasinc.com\/se\/product\/kopa-syntakain-pulver\/","og_site_name":"Medicinas Inc","article_modified_time":"2022-07-03T23:19:24+00:00","og_image":[{"width":600,"height":600,"url":"https:\/\/medicinasinc.com\/se\/wp-content\/uploads\/sites\/16\/2022\/02\/Buy-Synthacaine-Powder.jpg","type":"image\/jpeg"}],"twitter_card":"summary_large_image","twitter_misc":{"Ber\u00e4knad l\u00e4stid":"2 minuter"},"schema":{"@context":"https:\/\/schema.org","@graph":[{"@type":"WebPage","@id":"https:\/\/medicinasinc.com\/se\/product\/kopa-syntakain-pulver\/","url":"https:\/\/medicinasinc.com\/se\/product\/kopa-syntakain-pulver\/","name":"K\u00f6p Synthacaine Powder - Synthacaine Powder - Best Global Meds","isPartOf":{"@id":"https:\/\/medicinasinc.com\/se\/#website"},"primaryImageOfPage":{"@id":"https:\/\/medicinasinc.com\/se\/product\/kopa-syntakain-pulver\/#primaryimage"},"image":{"@id":"https:\/\/medicinasinc.com\/se\/product\/kopa-syntakain-pulver\/#primaryimage"},"thumbnailUrl":"https:\/\/medicinasinc.com\/se\/wp-content\/uploads\/sites\/16\/2022\/02\/Buy-Synthacaine-Powder.jpg","datePublished":"2022-02-22T03:08:33+00:00","dateModified":"2022-07-03T23:19:24+00:00","description":"K\u00f6p Synthacaine Powder Storbritannien, Europa, Asien, Kina i v\u00e5r b\u00e4sta globala medicin onlinebutik med snabb leverans \u00f6ver hela v\u00e4rlden! Det b\u00e4sta Synthacaine f\u00f6r best\u00e4llning hittar du h\u00e4r!","breadcrumb":{"@id":"https:\/\/medicinasinc.com\/se\/product\/kopa-syntakain-pulver\/#breadcrumb"},"inLanguage":"sv-SE","potentialAction":[{"@type":"ReadAction","target":["https:\/\/medicinasinc.com\/se\/product\/kopa-syntakain-pulver\/"]}]},{"@type":"ImageObject","inLanguage":"sv-SE","@id":"https:\/\/medicinasinc.com\/se\/product\/kopa-syntakain-pulver\/#primaryimage","url":"https:\/\/medicinasinc.com\/se\/wp-content\/uploads\/sites\/16\/2022\/02\/Buy-Synthacaine-Powder.jpg","contentUrl":"https:\/\/medicinasinc.com\/se\/wp-content\/uploads\/sites\/16\/2022\/02\/Buy-Synthacaine-Powder.jpg","width":600,"height":600},{"@type":"BreadcrumbList","@id":"https:\/\/medicinasinc.com\/se\/product\/kopa-syntakain-pulver\/#breadcrumb","itemListElement":[{"@type":"ListItem","position":1,"name":"aff\u00e4r","item":"https:\/\/medicinasinc.com\/se\/affar\/"},{"@type":"ListItem","position":2,"name":"K\u00f6p Synthacaine Powder"}]},{"@type":"WebSite","@id":"https:\/\/medicinasinc.com\/se\/#website","url":"https:\/\/medicinasinc.com\/se\/","name":"Medicinas Inc","description":"Health Medical Clinic","potentialAction":[{"@type":"SearchAction","target":{"@type":"EntryPoint","urlTemplate":"https:\/\/medicinasinc.com\/se\/?s={search_term_string}"},"query-input":{"@type":"PropertyValueSpecification","valueRequired":true,"valueName":"search_term_string"}}],"inLanguage":"sv-SE"}]}},"_links":{"self":[{"href":"https:\/\/medicinasinc.com\/se\/wp-json\/wp\/v2\/product\/5636","targetHints":{"allow":["GET"]}}],"collection":[{"href":"https:\/\/medicinasinc.com\/se\/wp-json\/wp\/v2\/product"}],"about":[{"href":"https:\/\/medicinasinc.com\/se\/wp-json\/wp\/v2\/types\/product"}],"replies":[{"embeddable":true,"href":"https:\/\/medicinasinc.com\/se\/wp-json\/wp\/v2\/comments?post=5636"}],"wp:featuredmedia":[{"embeddable":true,"href":"https:\/\/medicinasinc.com\/se\/wp-json\/wp\/v2\/media\/5646"}],"wp:attachment":[{"href":"https:\/\/medicinasinc.com\/se\/wp-json\/wp\/v2\/media?parent=5636"}],"wp:term":[{"taxonomy":"product_brand","embeddable":true,"href":"https:\/\/medicinasinc.com\/se\/wp-json\/wp\/v2\/product_brand?post=5636"},{"taxonomy":"product_cat","embeddable":true,"href":"https:\/\/medicinasinc.com\/se\/wp-json\/wp\/v2\/product_cat?post=5636"},{"taxonomy":"product_tag","embeddable":true,"href":"https:\/\/medicinasinc.com\/se\/wp-json\/wp\/v2\/product_tag?post=5636"}],"curies":[{"name":"wp","href":"https:\/\/api.w.org\/{rel}","templated":true}]}}