{"id":5617,"date":"2022-02-22T02:48:56","date_gmt":"2022-02-22T02:48:56","guid":{"rendered":"https:\/\/medicinasinc.com\/se\/?post_type=product&#038;p=5617"},"modified":"2022-07-03T23:19:43","modified_gmt":"2022-07-03T23:19:43","slug":"buy-u-47700-pulver","status":"publish","type":"product","link":"https:\/\/medicinasinc.com\/se\/product\/buy-u-47700-pulver\/","title":{"rendered":"K\u00f6p U-47700 Powder"},"content":{"rendered":"<p>Online kan du k\u00f6pa U-47700-pulver till ett mycket l\u00e5gt pris.<\/p>\n<p>K\u00f6p U-47700 fr\u00e5n bestglobalmeds.com.<br \/> Ett sm\u00e4rtstillande medel som heter U-47700 \u00e4r en del av opioiden familj. Den gjordes f\u00f6rst av Upjohn f\u00f6r cirka 40 \u00e5r sedan. Den tillverkades av AH-7921, som \u00e4r en liknande opioid. U-47700 var viktig i utvecklingen av denna klass av opioider, men den har inte testats p\u00e5 m\u00e4nniskor eller djur.<\/p>\n<p>Farmakologi: U-47700 \u00e4r mycket bra p\u00e5 att rikta in sig p\u00e5 -opioidreceptorn. Det tros vara 7 till 8 g\u00e5nger kraftfullare \u00e4n morfindos per dos. Det tros vara en stark kappa-agonist, vilket betyder att det inte b\u00f6r orsaka mycket dysfori eller andra problem.<\/p>\n<p>M\u00e4nniskor som tillverkar samma slags kemikalier<\/p>\n<p>U-50488<br \/> AH-7921<br \/> U-69 593<br \/> Sverige har f\u00f6rbjudit U-47700 sedan januari 2016, men inga andra st\u00f6rre l\u00e4nder har gjort detsamma.<\/p>\n<p>U-47700, som de flesta opioider och deras derivat, \u00e4r inte s\u00e4kert f\u00f6r m\u00e4nniskor att \u00e4ta. Det s\u00e4ljs endast till forskarkemister och personer som arbetar i laboratorier.<\/p>\n","protected":false},"excerpt":{"rendered":"<div class=\"woocommerce-product-details__short-description\">\n<p>Det \u00e4r enkelt att k\u00f6pa U-47700 Powder online fr\u00e5n v\u00e5r medicinasinc.com\/se-butik och f\u00e5 det snabbt levererat till alla l\u00e4nder i v\u00e4rlden! Det b\u00e4sta U-47700 Powder du kan k\u00f6pa \u00e4r h\u00e4r!<\/p>\n<p>K\u00f6p u-47700 Powder online. Detta bruna pulver \u00e4r v\u00e4ldigt rent. 99,8 % av g\u00e5ngerna \u00e4r det naturligt.<\/p>\n<p>Online kan du k\u00f6pa 1 oz U-47700-pulver billigt. En typisk dos \u00e4r n\u00e5gra milligram. Kolla in vad du ger dig p\u00e5.<\/p>\n<div class=\"char\">SPECIFIKATION<\/div>\n<div class=\"specification\">\n<div class=\"sprow\"><span class=\"spname \">Produktnamn:<\/span><span class=\"sptext\">U-47700<\/span><\/div>\n<div class=\"sprow\"><span class=\"spname\">IUPAC-namn:<\/span><span class=\"sptext\">trans-3,4-diklor-N-(2-(dimetylamino)cyklohexyl)-N-metylbensamid<\/span><\/div>\n<div class=\"sprow\"><span class=\"spname\">Andra namn:<\/span><span class=\"sptext\">Pink, Pinky, U-47700<\/span><\/div>\n<div class=\"sprow\"><span class=\"spname\">Cas-nummer:<\/span><span class=\"sptext\">121348-98-9<\/span><\/div>\n<div class=\"sprow\"><span class=\"spname\">Molekylformel:<\/span><span class=\"sptext\">C16H22Cl2N2O<\/span><\/div>\n<div class=\"sprow\"><span class=\"spname\">Molarmassa:<\/span><span class=\"sptext\"> 329,265 g\/mol<\/span><\/div>\n<div class=\"sprow\"><span class=\"spname\">Effekt:<\/span><span class=\"sptext\">lugnande medel<\/span><\/div>\n<div class=\"sprow\"><span class=\"spname\">\u00c4mnets renhet:<\/span><span class=\"sptext\"> 99,9 %<\/span><\/div>\n<div class=\"sprow\"><span class=\"spname\">Fysiska egenskaper:<\/span><span class=\"sptext\">Kristallint pulver<\/span><\/div>\n<\/p><\/div>\n<\/p><\/div>\n","protected":false},"featured_media":5629,"comment_status":"open","ping_status":"closed","template":"","meta":[],"product_brand":[],"product_cat":[2014],"product_tag":[3322,3326,3327,3343,3324,3325,3323,3330,3331,3335,3329,3336,3337,3338,3340,3333,3328,3332,3334,3339,3341,3342],"class_list":{"0":"post-5617","1":"product","2":"type-product","3":"status-publish","4":"has-post-thumbnail","6":"product_cat-kop-research-chemicals","7":"product_tag-bsta-stlle-att-kpa-u-47700-pulver","8":"product_tag-order-u-47700-pulver","9":"product_tag-detaljhandel-u-47700-pulver","10":"product_tag-grossist-u-47700-pulver","11":"product_tag-buy-u-47700-powder-europe","12":"product_tag-buy-u-47700-powder-uk","13":"product_tag-buy-u-47700-pulver","14":"product_tag-u-47700-powder-effect","15":"product_tag-u-47700-powder-europe","16":"product_tag-u-47700-powder-google","17":"product_tag-u-47700-powder-buy-uk","18":"product_tag-u-47700-powder-lithuania","19":"product_tag-u-47700-powder-near-me","20":"product_tag-u-47700-powder-online","21":"product_tag-u-47700-powder-reddit","22":"product_tag-u-47700-pulver-till-frsljning-online","23":"product_tag-u-47700-pulver-kp","24":"product_tag-u-47700-pulver-till-frsljning","25":"product_tag-u-47700-pulver-tyskland","26":"product_tag-u-47700-pulver-order","27":"product_tag-u-47700-pulver-rea","28":"product_tag-var-att-kpa-u-47700-pulver","30":"first","31":"instock","32":"shipping-taxable","33":"purchasable","34":"product-type-variable","35":"has-default-attributes"},"yoast_head":"<!-- This site is optimized with the Yoast SEO plugin v27.3 - https:\/\/yoast.com\/product\/yoast-seo-wordpress\/ -->\n<title>K\u00f6p U-47700 Powder - U-47700 Powder Online - B\u00e4sta globala medicinerna<\/title>\n<meta name=\"description\" content=\"K\u00f6p U-47700 Powder Storbritannien, Europa, Asien, Kina i v\u00e5r medicinasinc.com\/se onlinebutik med snabb leverans \u00f6ver hela v\u00e4rlden! Det b\u00e4sta U-47700 pulvret f\u00f6r best\u00e4llning hittar du h\u00e4r!\" \/>\n<meta name=\"robots\" content=\"index, follow, max-snippet:-1, max-image-preview:large, max-video-preview:-1\" \/>\n<link rel=\"canonical\" href=\"https:\/\/medicinasinc.com\/se\/product\/buy-u-47700-pulver\/\" \/>\n<meta property=\"og:locale\" content=\"sv_SE\" \/>\n<meta property=\"og:type\" content=\"article\" \/>\n<meta property=\"og:title\" content=\"K\u00f6p U-47700 Powder - U-47700 Powder Online - B\u00e4sta globala medicinerna\" \/>\n<meta property=\"og:description\" content=\"K\u00f6p U-47700 Powder Storbritannien, Europa, Asien, Kina i v\u00e5r medicinasinc.com\/se onlinebutik med snabb leverans \u00f6ver hela v\u00e4rlden! Det b\u00e4sta U-47700 pulvret f\u00f6r best\u00e4llning hittar du h\u00e4r!\" \/>\n<meta property=\"og:url\" content=\"https:\/\/medicinasinc.com\/se\/product\/buy-u-47700-pulver\/\" \/>\n<meta property=\"og:site_name\" content=\"Medicinas Inc\" \/>\n<meta property=\"article:modified_time\" content=\"2022-07-03T23:19:43+00:00\" \/>\n<meta property=\"og:image\" content=\"https:\/\/medicinasinc.com\/se\/wp-content\/uploads\/sites\/16\/2022\/02\/Buy-U-47700-POWDER.jpg\" \/>\n\t<meta property=\"og:image:width\" content=\"600\" \/>\n\t<meta property=\"og:image:height\" content=\"600\" \/>\n\t<meta property=\"og:image:type\" content=\"image\/jpeg\" \/>\n<meta name=\"twitter:card\" content=\"summary_large_image\" \/>\n<meta name=\"twitter:label1\" content=\"Ber\u00e4knad l\u00e4stid\" \/>\n\t<meta name=\"twitter:data1\" content=\"1 minut\" \/>\n<script type=\"application\/ld+json\" class=\"yoast-schema-graph\">{\"@context\":\"https:\\\/\\\/schema.org\",\"@graph\":[{\"@type\":\"WebPage\",\"@id\":\"https:\\\/\\\/medicinasinc.com\\\/se\\\/product\\\/buy-u-47700-pulver\\\/\",\"url\":\"https:\\\/\\\/medicinasinc.com\\\/se\\\/product\\\/buy-u-47700-pulver\\\/\",\"name\":\"K\u00f6p U-47700 Powder - U-47700 Powder Online - B\u00e4sta globala medicinerna\",\"isPartOf\":{\"@id\":\"https:\\\/\\\/medicinasinc.com\\\/se\\\/#website\"},\"primaryImageOfPage\":{\"@id\":\"https:\\\/\\\/medicinasinc.com\\\/se\\\/product\\\/buy-u-47700-pulver\\\/#primaryimage\"},\"image\":{\"@id\":\"https:\\\/\\\/medicinasinc.com\\\/se\\\/product\\\/buy-u-47700-pulver\\\/#primaryimage\"},\"thumbnailUrl\":\"https:\\\/\\\/medicinasinc.com\\\/se\\\/wp-content\\\/uploads\\\/sites\\\/16\\\/2022\\\/02\\\/Buy-U-47700-POWDER.jpg\",\"datePublished\":\"2022-02-22T02:48:56+00:00\",\"dateModified\":\"2022-07-03T23:19:43+00:00\",\"description\":\"K\u00f6p U-47700 Powder Storbritannien, Europa, Asien, Kina i v\u00e5r medicinasinc.com\\\/se onlinebutik med snabb leverans \u00f6ver hela v\u00e4rlden! Det b\u00e4sta U-47700 pulvret f\u00f6r best\u00e4llning hittar du h\u00e4r!\",\"breadcrumb\":{\"@id\":\"https:\\\/\\\/medicinasinc.com\\\/se\\\/product\\\/buy-u-47700-pulver\\\/#breadcrumb\"},\"inLanguage\":\"sv-SE\",\"potentialAction\":[{\"@type\":\"ReadAction\",\"target\":[\"https:\\\/\\\/medicinasinc.com\\\/se\\\/product\\\/buy-u-47700-pulver\\\/\"]}]},{\"@type\":\"ImageObject\",\"inLanguage\":\"sv-SE\",\"@id\":\"https:\\\/\\\/medicinasinc.com\\\/se\\\/product\\\/buy-u-47700-pulver\\\/#primaryimage\",\"url\":\"https:\\\/\\\/medicinasinc.com\\\/se\\\/wp-content\\\/uploads\\\/sites\\\/16\\\/2022\\\/02\\\/Buy-U-47700-POWDER.jpg\",\"contentUrl\":\"https:\\\/\\\/medicinasinc.com\\\/se\\\/wp-content\\\/uploads\\\/sites\\\/16\\\/2022\\\/02\\\/Buy-U-47700-POWDER.jpg\",\"width\":600,\"height\":600},{\"@type\":\"BreadcrumbList\",\"@id\":\"https:\\\/\\\/medicinasinc.com\\\/se\\\/product\\\/buy-u-47700-pulver\\\/#breadcrumb\",\"itemListElement\":[{\"@type\":\"ListItem\",\"position\":1,\"name\":\"aff\u00e4r\",\"item\":\"https:\\\/\\\/medicinasinc.com\\\/se\\\/affar\\\/\"},{\"@type\":\"ListItem\",\"position\":2,\"name\":\"K\u00f6p U-47700 Powder\"}]},{\"@type\":\"WebSite\",\"@id\":\"https:\\\/\\\/medicinasinc.com\\\/se\\\/#website\",\"url\":\"https:\\\/\\\/medicinasinc.com\\\/se\\\/\",\"name\":\"Medicinas Inc\",\"description\":\"Health Medical Clinic\",\"potentialAction\":[{\"@type\":\"SearchAction\",\"target\":{\"@type\":\"EntryPoint\",\"urlTemplate\":\"https:\\\/\\\/medicinasinc.com\\\/se\\\/?s={search_term_string}\"},\"query-input\":{\"@type\":\"PropertyValueSpecification\",\"valueRequired\":true,\"valueName\":\"search_term_string\"}}],\"inLanguage\":\"sv-SE\"}]}<\/script>\n<!-- \/ Yoast SEO plugin. -->","yoast_head_json":{"title":"K\u00f6p U-47700 Powder - U-47700 Powder Online - B\u00e4sta globala medicinerna","description":"K\u00f6p U-47700 Powder Storbritannien, Europa, Asien, Kina i v\u00e5r medicinasinc.com\/se onlinebutik med snabb leverans \u00f6ver hela v\u00e4rlden! Det b\u00e4sta U-47700 pulvret f\u00f6r best\u00e4llning hittar du h\u00e4r!","robots":{"index":"index","follow":"follow","max-snippet":"max-snippet:-1","max-image-preview":"max-image-preview:large","max-video-preview":"max-video-preview:-1"},"canonical":"https:\/\/medicinasinc.com\/se\/product\/buy-u-47700-pulver\/","og_locale":"sv_SE","og_type":"article","og_title":"K\u00f6p U-47700 Powder - U-47700 Powder Online - B\u00e4sta globala medicinerna","og_description":"K\u00f6p U-47700 Powder Storbritannien, Europa, Asien, Kina i v\u00e5r medicinasinc.com\/se onlinebutik med snabb leverans \u00f6ver hela v\u00e4rlden! Det b\u00e4sta U-47700 pulvret f\u00f6r best\u00e4llning hittar du h\u00e4r!","og_url":"https:\/\/medicinasinc.com\/se\/product\/buy-u-47700-pulver\/","og_site_name":"Medicinas Inc","article_modified_time":"2022-07-03T23:19:43+00:00","og_image":[{"width":600,"height":600,"url":"https:\/\/medicinasinc.com\/se\/wp-content\/uploads\/sites\/16\/2022\/02\/Buy-U-47700-POWDER.jpg","type":"image\/jpeg"}],"twitter_card":"summary_large_image","twitter_misc":{"Ber\u00e4knad l\u00e4stid":"1 minut"},"schema":{"@context":"https:\/\/schema.org","@graph":[{"@type":"WebPage","@id":"https:\/\/medicinasinc.com\/se\/product\/buy-u-47700-pulver\/","url":"https:\/\/medicinasinc.com\/se\/product\/buy-u-47700-pulver\/","name":"K\u00f6p U-47700 Powder - U-47700 Powder Online - B\u00e4sta globala medicinerna","isPartOf":{"@id":"https:\/\/medicinasinc.com\/se\/#website"},"primaryImageOfPage":{"@id":"https:\/\/medicinasinc.com\/se\/product\/buy-u-47700-pulver\/#primaryimage"},"image":{"@id":"https:\/\/medicinasinc.com\/se\/product\/buy-u-47700-pulver\/#primaryimage"},"thumbnailUrl":"https:\/\/medicinasinc.com\/se\/wp-content\/uploads\/sites\/16\/2022\/02\/Buy-U-47700-POWDER.jpg","datePublished":"2022-02-22T02:48:56+00:00","dateModified":"2022-07-03T23:19:43+00:00","description":"K\u00f6p U-47700 Powder Storbritannien, Europa, Asien, Kina i v\u00e5r medicinasinc.com\/se onlinebutik med snabb leverans \u00f6ver hela v\u00e4rlden! Det b\u00e4sta U-47700 pulvret f\u00f6r best\u00e4llning hittar du h\u00e4r!","breadcrumb":{"@id":"https:\/\/medicinasinc.com\/se\/product\/buy-u-47700-pulver\/#breadcrumb"},"inLanguage":"sv-SE","potentialAction":[{"@type":"ReadAction","target":["https:\/\/medicinasinc.com\/se\/product\/buy-u-47700-pulver\/"]}]},{"@type":"ImageObject","inLanguage":"sv-SE","@id":"https:\/\/medicinasinc.com\/se\/product\/buy-u-47700-pulver\/#primaryimage","url":"https:\/\/medicinasinc.com\/se\/wp-content\/uploads\/sites\/16\/2022\/02\/Buy-U-47700-POWDER.jpg","contentUrl":"https:\/\/medicinasinc.com\/se\/wp-content\/uploads\/sites\/16\/2022\/02\/Buy-U-47700-POWDER.jpg","width":600,"height":600},{"@type":"BreadcrumbList","@id":"https:\/\/medicinasinc.com\/se\/product\/buy-u-47700-pulver\/#breadcrumb","itemListElement":[{"@type":"ListItem","position":1,"name":"aff\u00e4r","item":"https:\/\/medicinasinc.com\/se\/affar\/"},{"@type":"ListItem","position":2,"name":"K\u00f6p U-47700 Powder"}]},{"@type":"WebSite","@id":"https:\/\/medicinasinc.com\/se\/#website","url":"https:\/\/medicinasinc.com\/se\/","name":"Medicinas Inc","description":"Health Medical Clinic","potentialAction":[{"@type":"SearchAction","target":{"@type":"EntryPoint","urlTemplate":"https:\/\/medicinasinc.com\/se\/?s={search_term_string}"},"query-input":{"@type":"PropertyValueSpecification","valueRequired":true,"valueName":"search_term_string"}}],"inLanguage":"sv-SE"}]}},"_links":{"self":[{"href":"https:\/\/medicinasinc.com\/se\/wp-json\/wp\/v2\/product\/5617","targetHints":{"allow":["GET"]}}],"collection":[{"href":"https:\/\/medicinasinc.com\/se\/wp-json\/wp\/v2\/product"}],"about":[{"href":"https:\/\/medicinasinc.com\/se\/wp-json\/wp\/v2\/types\/product"}],"replies":[{"embeddable":true,"href":"https:\/\/medicinasinc.com\/se\/wp-json\/wp\/v2\/comments?post=5617"}],"wp:featuredmedia":[{"embeddable":true,"href":"https:\/\/medicinasinc.com\/se\/wp-json\/wp\/v2\/media\/5629"}],"wp:attachment":[{"href":"https:\/\/medicinasinc.com\/se\/wp-json\/wp\/v2\/media?parent=5617"}],"wp:term":[{"taxonomy":"product_brand","embeddable":true,"href":"https:\/\/medicinasinc.com\/se\/wp-json\/wp\/v2\/product_brand?post=5617"},{"taxonomy":"product_cat","embeddable":true,"href":"https:\/\/medicinasinc.com\/se\/wp-json\/wp\/v2\/product_cat?post=5617"},{"taxonomy":"product_tag","embeddable":true,"href":"https:\/\/medicinasinc.com\/se\/wp-json\/wp\/v2\/product_tag?post=5617"}],"curies":[{"name":"wp","href":"https:\/\/api.w.org\/{rel}","templated":true}]}}