{"id":5616,"date":"2022-02-22T02:47:20","date_gmt":"2022-02-22T02:47:20","guid":{"rendered":"https:\/\/medicinasinc.com\/se\/?post_type=product&#038;p=5616"},"modified":"2022-07-03T23:19:57","modified_gmt":"2022-07-03T23:19:57","slug":"kop-w-18-piller","status":"publish","type":"product","link":"https:\/\/medicinasinc.com\/se\/product\/kop-w-18-piller\/","title":{"rendered":"K\u00f6p W-18 piller"},"content":{"rendered":"<p>W-18-piller kan k\u00f6pas.<\/p>\n<p>K\u00f6p W-18-piller h\u00e4r. Detta \u00e4r en kemikalie som inte \u00e4r avsedd f\u00f6r m\u00e4nniskor att anv\u00e4nda.<\/p>\n<p>Funktioner<br \/> Denna artikel har tillverkats och testats f\u00f6r att uppfylla standarderna ISO17025:2005 och Guide 34:2009.<br \/> Denna artikel \u00e4r avsedd att anv\u00e4ndas som analytisk referensstandard.<br \/> Det finns mycket material tillg\u00e4ngligt f\u00f6r akademisk forskning vid vissa institutioner. Kontakta v\u00e5r f\u00f6rs\u00e4ljningsavdelning f\u00f6r prisuppgift.<br \/> W-18 (Art.nr 15480) \u00e4r ett material som kan anv\u00e4ndas f\u00f6r testning. P\u00e5 grund av detta kan det vara mycket effektivt f\u00f6r att lindra sm\u00e4rta. I mus fenylkinon vridningsanalysen har det visat sig vara mycket effektivt f\u00f6r att lindra sm\u00e4rta. 1 N\u00e4r det g\u00e4ller m\u00e4nniskor vet vi inte hur detta \u00e4mne p\u00e5verkar deras kroppar eller hur det kan skada dem. Detta \u00e4r en produkt som kan anv\u00e4ndas f\u00f6r kriminaltekniska och forsknings\u00e4ndam\u00e5l.<\/p>\n","protected":false},"excerpt":{"rendered":"<div class=\"woocommerce-product-details__short-description\">\n<p>K\u00f6p W-18-piller till salu Storbritannien, Europa online V\u00e5r frakt- och leveranskostnad \u00e4r 100 % s\u00e4ker och bekv\u00e4m. best\u00e4ll W-18-piller och f\u00e5 otrolig kvalitet fr\u00e5n oss<\/p>\n<p>W-18 till salu | K\u00f6p W-18 online | Var kan man k\u00f6pa W-18 online- Var kan man k\u00f6pa W-18 piller online. Denna produkt har tillverkats och testats f\u00f6r att uppfylla ISO17025:2005 och Guide 34:2009 riktlinjer<\/p>\n<\/p><\/div>\n","protected":false},"featured_media":5627,"comment_status":"open","ping_status":"closed","template":"","meta":[],"product_brand":[],"product_cat":[1117],"product_tag":[3307,3310,3308,3309,3316,3311,3312,3313,3315,3319,3318,3320,3317,3321,3314],"class_list":{"0":"post-5616","1":"product","2":"type-product","3":"status-publish","4":"has-post-thumbnail","6":"product_cat-kop-smarta-somn-sextabletter","7":"product_tag-buy-w-18","8":"product_tag-w-18-kp","9":"product_tag-kpa-w-18-droger","10":"product_tag-k-c3-b6p-w-18-piller","11":"product_tag-w-18-ordning","12":"product_tag-w-18-droger","13":"product_tag-w-18-droger-till-frsljning","14":"product_tag-w-18-effekt","15":"product_tag-w-18-online","16":"product_tag-w-18-piller-order","17":"product_tag-w-18-piller-effekt","18":"product_tag-w-18-piller-grossist","19":"product_tag-w-18-pills-buy","20":"product_tag-w-18-reddit","21":"product_tag-w-18-till-salu","23":"first","24":"instock","25":"shipping-taxable","26":"purchasable","27":"product-type-variable"},"yoast_head":"<!-- This site is optimized with the Yoast SEO plugin v27.3 - https:\/\/yoast.com\/product\/yoast-seo-wordpress\/ -->\n<title>K\u00f6p W-18 Pills - W-18 Pills till salu- Best Global Meds<\/title>\n<meta name=\"description\" content=\"K\u00f6p W-18-piller till salu Storbritannien, Europa Online V\u00e5r frakt- och leveranskostnad \u00e4r 100 % s\u00e4ker och bekv\u00e4m. best\u00e4ll W-18-piller och f\u00e5 fantastisk kvalitet fr\u00e5n oss\" \/>\n<meta name=\"robots\" content=\"index, follow, max-snippet:-1, max-image-preview:large, max-video-preview:-1\" \/>\n<link rel=\"canonical\" href=\"https:\/\/medicinasinc.com\/se\/product\/kop-w-18-piller\/\" \/>\n<meta property=\"og:locale\" content=\"sv_SE\" \/>\n<meta property=\"og:type\" content=\"article\" \/>\n<meta property=\"og:title\" content=\"K\u00f6p W-18 Pills - W-18 Pills till salu- Best Global Meds\" \/>\n<meta property=\"og:description\" content=\"K\u00f6p W-18-piller till salu Storbritannien, Europa Online V\u00e5r frakt- och leveranskostnad \u00e4r 100 % s\u00e4ker och bekv\u00e4m. best\u00e4ll W-18-piller och f\u00e5 fantastisk kvalitet fr\u00e5n oss\" \/>\n<meta property=\"og:url\" content=\"https:\/\/medicinasinc.com\/se\/product\/kop-w-18-piller\/\" \/>\n<meta property=\"og:site_name\" content=\"Medicinas Inc\" \/>\n<meta property=\"article:modified_time\" content=\"2022-07-03T23:19:57+00:00\" \/>\n<meta property=\"og:image\" content=\"https:\/\/medicinasinc.com\/se\/wp-content\/uploads\/sites\/16\/2022\/02\/Buy-W-18-Pills.jpg\" \/>\n\t<meta property=\"og:image:width\" content=\"840\" \/>\n\t<meta property=\"og:image:height\" content=\"781\" \/>\n\t<meta property=\"og:image:type\" content=\"image\/jpeg\" \/>\n<meta name=\"twitter:card\" content=\"summary_large_image\" \/>\n<meta name=\"twitter:label1\" content=\"Ber\u00e4knad l\u00e4stid\" \/>\n\t<meta name=\"twitter:data1\" content=\"1 minut\" \/>\n<script type=\"application\/ld+json\" class=\"yoast-schema-graph\">{\"@context\":\"https:\\\/\\\/schema.org\",\"@graph\":[{\"@type\":\"WebPage\",\"@id\":\"https:\\\/\\\/medicinasinc.com\\\/se\\\/product\\\/kop-w-18-piller\\\/\",\"url\":\"https:\\\/\\\/medicinasinc.com\\\/se\\\/product\\\/kop-w-18-piller\\\/\",\"name\":\"K\u00f6p W-18 Pills - W-18 Pills till salu- Best Global Meds\",\"isPartOf\":{\"@id\":\"https:\\\/\\\/medicinasinc.com\\\/se\\\/#website\"},\"primaryImageOfPage\":{\"@id\":\"https:\\\/\\\/medicinasinc.com\\\/se\\\/product\\\/kop-w-18-piller\\\/#primaryimage\"},\"image\":{\"@id\":\"https:\\\/\\\/medicinasinc.com\\\/se\\\/product\\\/kop-w-18-piller\\\/#primaryimage\"},\"thumbnailUrl\":\"https:\\\/\\\/medicinasinc.com\\\/se\\\/wp-content\\\/uploads\\\/sites\\\/16\\\/2022\\\/02\\\/Buy-W-18-Pills.jpg\",\"datePublished\":\"2022-02-22T02:47:20+00:00\",\"dateModified\":\"2022-07-03T23:19:57+00:00\",\"description\":\"K\u00f6p W-18-piller till salu Storbritannien, Europa Online V\u00e5r frakt- och leveranskostnad \u00e4r 100 % s\u00e4ker och bekv\u00e4m. best\u00e4ll W-18-piller och f\u00e5 fantastisk kvalitet fr\u00e5n oss\",\"breadcrumb\":{\"@id\":\"https:\\\/\\\/medicinasinc.com\\\/se\\\/product\\\/kop-w-18-piller\\\/#breadcrumb\"},\"inLanguage\":\"sv-SE\",\"potentialAction\":[{\"@type\":\"ReadAction\",\"target\":[\"https:\\\/\\\/medicinasinc.com\\\/se\\\/product\\\/kop-w-18-piller\\\/\"]}]},{\"@type\":\"ImageObject\",\"inLanguage\":\"sv-SE\",\"@id\":\"https:\\\/\\\/medicinasinc.com\\\/se\\\/product\\\/kop-w-18-piller\\\/#primaryimage\",\"url\":\"https:\\\/\\\/medicinasinc.com\\\/se\\\/wp-content\\\/uploads\\\/sites\\\/16\\\/2022\\\/02\\\/Buy-W-18-Pills.jpg\",\"contentUrl\":\"https:\\\/\\\/medicinasinc.com\\\/se\\\/wp-content\\\/uploads\\\/sites\\\/16\\\/2022\\\/02\\\/Buy-W-18-Pills.jpg\",\"width\":840,\"height\":781},{\"@type\":\"BreadcrumbList\",\"@id\":\"https:\\\/\\\/medicinasinc.com\\\/se\\\/product\\\/kop-w-18-piller\\\/#breadcrumb\",\"itemListElement\":[{\"@type\":\"ListItem\",\"position\":1,\"name\":\"aff\u00e4r\",\"item\":\"https:\\\/\\\/medicinasinc.com\\\/se\\\/affar\\\/\"},{\"@type\":\"ListItem\",\"position\":2,\"name\":\"K\u00f6p W-18 piller\"}]},{\"@type\":\"WebSite\",\"@id\":\"https:\\\/\\\/medicinasinc.com\\\/se\\\/#website\",\"url\":\"https:\\\/\\\/medicinasinc.com\\\/se\\\/\",\"name\":\"Medicinas Inc\",\"description\":\"Health Medical Clinic\",\"potentialAction\":[{\"@type\":\"SearchAction\",\"target\":{\"@type\":\"EntryPoint\",\"urlTemplate\":\"https:\\\/\\\/medicinasinc.com\\\/se\\\/?s={search_term_string}\"},\"query-input\":{\"@type\":\"PropertyValueSpecification\",\"valueRequired\":true,\"valueName\":\"search_term_string\"}}],\"inLanguage\":\"sv-SE\"}]}<\/script>\n<!-- \/ Yoast SEO plugin. -->","yoast_head_json":{"title":"K\u00f6p W-18 Pills - W-18 Pills till salu- Best Global Meds","description":"K\u00f6p W-18-piller till salu Storbritannien, Europa Online V\u00e5r frakt- och leveranskostnad \u00e4r 100 % s\u00e4ker och bekv\u00e4m. best\u00e4ll W-18-piller och f\u00e5 fantastisk kvalitet fr\u00e5n oss","robots":{"index":"index","follow":"follow","max-snippet":"max-snippet:-1","max-image-preview":"max-image-preview:large","max-video-preview":"max-video-preview:-1"},"canonical":"https:\/\/medicinasinc.com\/se\/product\/kop-w-18-piller\/","og_locale":"sv_SE","og_type":"article","og_title":"K\u00f6p W-18 Pills - W-18 Pills till salu- Best Global Meds","og_description":"K\u00f6p W-18-piller till salu Storbritannien, Europa Online V\u00e5r frakt- och leveranskostnad \u00e4r 100 % s\u00e4ker och bekv\u00e4m. best\u00e4ll W-18-piller och f\u00e5 fantastisk kvalitet fr\u00e5n oss","og_url":"https:\/\/medicinasinc.com\/se\/product\/kop-w-18-piller\/","og_site_name":"Medicinas Inc","article_modified_time":"2022-07-03T23:19:57+00:00","og_image":[{"width":840,"height":781,"url":"https:\/\/medicinasinc.com\/se\/wp-content\/uploads\/sites\/16\/2022\/02\/Buy-W-18-Pills.jpg","type":"image\/jpeg"}],"twitter_card":"summary_large_image","twitter_misc":{"Ber\u00e4knad l\u00e4stid":"1 minut"},"schema":{"@context":"https:\/\/schema.org","@graph":[{"@type":"WebPage","@id":"https:\/\/medicinasinc.com\/se\/product\/kop-w-18-piller\/","url":"https:\/\/medicinasinc.com\/se\/product\/kop-w-18-piller\/","name":"K\u00f6p W-18 Pills - W-18 Pills till salu- Best Global Meds","isPartOf":{"@id":"https:\/\/medicinasinc.com\/se\/#website"},"primaryImageOfPage":{"@id":"https:\/\/medicinasinc.com\/se\/product\/kop-w-18-piller\/#primaryimage"},"image":{"@id":"https:\/\/medicinasinc.com\/se\/product\/kop-w-18-piller\/#primaryimage"},"thumbnailUrl":"https:\/\/medicinasinc.com\/se\/wp-content\/uploads\/sites\/16\/2022\/02\/Buy-W-18-Pills.jpg","datePublished":"2022-02-22T02:47:20+00:00","dateModified":"2022-07-03T23:19:57+00:00","description":"K\u00f6p W-18-piller till salu Storbritannien, Europa Online V\u00e5r frakt- och leveranskostnad \u00e4r 100 % s\u00e4ker och bekv\u00e4m. best\u00e4ll W-18-piller och f\u00e5 fantastisk kvalitet fr\u00e5n oss","breadcrumb":{"@id":"https:\/\/medicinasinc.com\/se\/product\/kop-w-18-piller\/#breadcrumb"},"inLanguage":"sv-SE","potentialAction":[{"@type":"ReadAction","target":["https:\/\/medicinasinc.com\/se\/product\/kop-w-18-piller\/"]}]},{"@type":"ImageObject","inLanguage":"sv-SE","@id":"https:\/\/medicinasinc.com\/se\/product\/kop-w-18-piller\/#primaryimage","url":"https:\/\/medicinasinc.com\/se\/wp-content\/uploads\/sites\/16\/2022\/02\/Buy-W-18-Pills.jpg","contentUrl":"https:\/\/medicinasinc.com\/se\/wp-content\/uploads\/sites\/16\/2022\/02\/Buy-W-18-Pills.jpg","width":840,"height":781},{"@type":"BreadcrumbList","@id":"https:\/\/medicinasinc.com\/se\/product\/kop-w-18-piller\/#breadcrumb","itemListElement":[{"@type":"ListItem","position":1,"name":"aff\u00e4r","item":"https:\/\/medicinasinc.com\/se\/affar\/"},{"@type":"ListItem","position":2,"name":"K\u00f6p W-18 piller"}]},{"@type":"WebSite","@id":"https:\/\/medicinasinc.com\/se\/#website","url":"https:\/\/medicinasinc.com\/se\/","name":"Medicinas Inc","description":"Health Medical Clinic","potentialAction":[{"@type":"SearchAction","target":{"@type":"EntryPoint","urlTemplate":"https:\/\/medicinasinc.com\/se\/?s={search_term_string}"},"query-input":{"@type":"PropertyValueSpecification","valueRequired":true,"valueName":"search_term_string"}}],"inLanguage":"sv-SE"}]}},"_links":{"self":[{"href":"https:\/\/medicinasinc.com\/se\/wp-json\/wp\/v2\/product\/5616","targetHints":{"allow":["GET"]}}],"collection":[{"href":"https:\/\/medicinasinc.com\/se\/wp-json\/wp\/v2\/product"}],"about":[{"href":"https:\/\/medicinasinc.com\/se\/wp-json\/wp\/v2\/types\/product"}],"replies":[{"embeddable":true,"href":"https:\/\/medicinasinc.com\/se\/wp-json\/wp\/v2\/comments?post=5616"}],"wp:featuredmedia":[{"embeddable":true,"href":"https:\/\/medicinasinc.com\/se\/wp-json\/wp\/v2\/media\/5627"}],"wp:attachment":[{"href":"https:\/\/medicinasinc.com\/se\/wp-json\/wp\/v2\/media?parent=5616"}],"wp:term":[{"taxonomy":"product_brand","embeddable":true,"href":"https:\/\/medicinasinc.com\/se\/wp-json\/wp\/v2\/product_brand?post=5616"},{"taxonomy":"product_cat","embeddable":true,"href":"https:\/\/medicinasinc.com\/se\/wp-json\/wp\/v2\/product_cat?post=5616"},{"taxonomy":"product_tag","embeddable":true,"href":"https:\/\/medicinasinc.com\/se\/wp-json\/wp\/v2\/product_tag?post=5616"}],"curies":[{"name":"wp","href":"https:\/\/api.w.org\/{rel}","templated":true}]}}