{"id":5615,"date":"2022-02-22T02:46:09","date_gmt":"2022-02-22T02:46:09","guid":{"rendered":"https:\/\/medicinasinc.com\/se\/?post_type=product&#038;p=5615"},"modified":"2022-07-03T23:20:08","modified_gmt":"2022-07-03T23:20:08","slug":"kopa-vit-tjej-badsalt","status":"publish","type":"product","link":"https:\/\/medicinasinc.com\/se\/product\/kopa-vit-tjej-badsalt\/","title":{"rendered":"K\u00f6p White Girl Badsalt"},"content":{"rendered":"<p>Du kan k\u00f6pa White Girl Bath Salt p\u00e5 webben.<br \/> White Girl Bath Salt kan k\u00f6pas online. Hur k\u00f6per jag dem?<\/p>\n<p>Var vill du k\u00f6pa badsalt f\u00f6r vita flickor? Det finns inga kr\u00e5ngel eller kr\u00e5ngligheter n\u00e4r du k\u00f6per vita flickbadsalt fr\u00e5n Best Global Meds. F\u00f6r att se till att du sparar pengar n\u00e4r du k\u00f6per badsalt f\u00f6r vita flickor fr\u00e5n v\u00e5r onlineapotek arbetar vi h\u00e5rt. N\u00e4r du k\u00f6per n\u00e5got fr\u00e5n Chemicals Lab vill vi att du ska betala mindre och f\u00e5 mer.<\/p>\n<p>K\u00f6p lite White Girl Bath Salts.<\/p>\n<p>Fr\u00e5n en legitim k\u00e4lla kan du k\u00f6pa White Girl Bath Salter online. Vi s\u00e4ljer de b\u00e4sta badprodukterna, som badsalt. Badsalt kommer att ge dig ett smidigt, sensuellt bad som g\u00f6r att du k\u00e4nner dig ren efter att du har anv\u00e4nt dem. V\u00e5ra kunder kan dock vara s\u00e4kra p\u00e5 att de kommer att f\u00e5 de b\u00e4sta produkterna p\u00e5 marknaden. Men vi s\u00e4ljer och k\u00f6per \u00e4ven andra koncentrerade badsalt till bra priser.<\/p>\n<p>V\u00e5ra badsalt luktar starkt.<\/p>\n<p>Det finns m\u00e5nga olika sorters White Girl-badsalt, och de \u00e4r t\u00e4nkta att g\u00f6ra din badupplevelse \u00e4nnu b\u00e4ttre. En liten summa \u00e4r allt som beh\u00f6vs f\u00f6r att g\u00f6ra stor skillnad. Du kan dock bara l\u00e4gga till en liten m\u00e4ngd i ett varmt bad f\u00f6r att naturligt mjuka upp vattnet, vilket kommer att f\u00e5 dig att k\u00e4nna dig mycket energisk och glad efter\u00e5t. Men det anv\u00e4nds f\u00f6r att se ut som de naturliga varma k\u00e4llorna i det grekiska havet. I b\u00f6rjan, anv\u00e4nd v\u00e4ldigt lite av White Girl-badsaltet, eftersom f\u00f6r mycket kommer att g\u00f6ra ditt badvatten smutsigt och g\u00f6ra dig olycklig. White Girl Bath Salts, \u00e5 andra sidan, kan hj\u00e4lpa dig att ta dig till platser du trodde var om\u00f6jliga.<\/p>\n","protected":false},"excerpt":{"rendered":"<p>V\u00e5r medicinasinc.com\/se-butik s\u00e4ljer White Girl Bath Salt till f\u00f6rs\u00e4ljning i Storbritannien, Europa och \u00f6ver hela v\u00e4rlden! Du kan k\u00f6pa det b\u00e4sta White Girl Bath Salt h\u00e4r!<\/p>\n<p>Priset p\u00e5 White Girl Badsalt p\u00e5 Internet kan vara f\u00f6r h\u00f6gt.<\/p>\n<p>P\u00e5 b\u00e4sta globala medicin kan du k\u00f6pa White Girl badsalt fr\u00e5n bekv\u00e4mligheten av ditt eget hem. White girl badsalt \u00e4r till salu.<\/p>\n<p>I det h\u00e4r fallet kan du k\u00f6pa badsalt p\u00e5 internet White Girl 500mg Bath Salt<\/p>\n<p>Best Global Meds s\u00e4ljer h\u00f6gkvalitativa badsalt som kommer att ge dig ett mjukt, sensuellt bad som g\u00f6r att du k\u00e4nner dig ren.<\/p>\n<p>N\u00e4r du k\u00f6per badsalt f\u00f6r vita flickor online fr\u00e5n oss kan du vara s\u00e4ker p\u00e5 att de kommer att vara det b\u00e4sta du kan f\u00e5. Vi s\u00e4ljer och k\u00f6per andra koncentrerade badsalt till bra priser.<\/p>\n<p>V\u00e5ra badsalt luktar starkt.<\/p>\n<div class=\"product-next-previous\">\n<div class=\"product- f\u00f6reg\u00e5ende\"><\/div>\n<\/p><\/div>\n","protected":false},"featured_media":5625,"comment_status":"open","ping_status":"closed","template":"","meta":[],"product_brand":[],"product_cat":[2014],"product_tag":[3302,3299,3300,3301,3303,3305,3306,3304],"class_list":{"0":"post-5615","1":"product","2":"type-product","3":"status-publish","4":"has-post-thumbnail","6":"product_cat-kop-research-chemicals","7":"product_tag-bestll-vit-tjej-badsalt-online","8":"product_tag-buy-concentrated-white-girl-500mg-bath-salt-online","9":"product_tag-buy-white-girl-bath-salts-online","10":"product_tag-koncentrerade-vit-flicka-500mg-bad-salter","11":"product_tag-var-att-kpa-vit-tjej-badsalt","12":"product_tag-vit-tjej-badsalt","13":"product_tag-vit-tjej-badsalt-till-frsljning","14":"product_tag-vit-tjej-500mg-badsalt-online","16":"first","17":"instock","18":"shipping-taxable","19":"purchasable","20":"product-type-variable","21":"has-default-attributes"},"yoast_head":"<!-- This site is optimized with the Yoast SEO plugin v27.3 - https:\/\/yoast.com\/product\/yoast-seo-wordpress\/ -->\n<title>K\u00f6p White Girl Bath Salt - Badsalt till salu - Best Global Meds<\/title>\n<meta name=\"description\" content=\"letar efter att k\u00f6pa White Girl Bath Salt till salu i Storbritannien, Europa i v\u00e5r medicinasinc.com\/se-butik med snabb v\u00e4rldsomsp\u00e4nnande leverans! Det b\u00e4sta White Girl Badsalt f\u00f6r best\u00e4llning hittar du h\u00e4r!\" \/>\n<meta name=\"robots\" content=\"index, follow, max-snippet:-1, max-image-preview:large, max-video-preview:-1\" \/>\n<link rel=\"canonical\" href=\"https:\/\/medicinasinc.com\/se\/product\/kopa-vit-tjej-badsalt\/\" \/>\n<meta property=\"og:locale\" content=\"sv_SE\" \/>\n<meta property=\"og:type\" content=\"article\" \/>\n<meta property=\"og:title\" content=\"K\u00f6p White Girl Bath Salt - Badsalt till salu - Best Global Meds\" \/>\n<meta property=\"og:description\" content=\"letar efter att k\u00f6pa White Girl Bath Salt till salu i Storbritannien, Europa i v\u00e5r medicinasinc.com\/se-butik med snabb v\u00e4rldsomsp\u00e4nnande leverans! Det b\u00e4sta White Girl Badsalt f\u00f6r best\u00e4llning hittar du h\u00e4r!\" \/>\n<meta property=\"og:url\" content=\"https:\/\/medicinasinc.com\/se\/product\/kopa-vit-tjej-badsalt\/\" \/>\n<meta property=\"og:site_name\" content=\"Medicinas Inc\" \/>\n<meta property=\"article:modified_time\" content=\"2022-07-03T23:20:08+00:00\" \/>\n<meta property=\"og:image\" content=\"https:\/\/medicinasinc.com\/se\/wp-content\/uploads\/sites\/16\/2022\/02\/Buy-White-Girl-Bath-Salt.jpg\" \/>\n\t<meta property=\"og:image:width\" content=\"600\" \/>\n\t<meta property=\"og:image:height\" content=\"600\" \/>\n\t<meta property=\"og:image:type\" content=\"image\/jpeg\" \/>\n<meta name=\"twitter:card\" content=\"summary_large_image\" \/>\n<meta name=\"twitter:label1\" content=\"Ber\u00e4knad l\u00e4stid\" \/>\n\t<meta name=\"twitter:data1\" content=\"2 minuter\" \/>\n<script type=\"application\/ld+json\" class=\"yoast-schema-graph\">{\"@context\":\"https:\\\/\\\/schema.org\",\"@graph\":[{\"@type\":\"WebPage\",\"@id\":\"https:\\\/\\\/medicinasinc.com\\\/se\\\/product\\\/kopa-vit-tjej-badsalt\\\/\",\"url\":\"https:\\\/\\\/medicinasinc.com\\\/se\\\/product\\\/kopa-vit-tjej-badsalt\\\/\",\"name\":\"K\u00f6p White Girl Bath Salt - Badsalt till salu - Best Global Meds\",\"isPartOf\":{\"@id\":\"https:\\\/\\\/medicinasinc.com\\\/se\\\/#website\"},\"primaryImageOfPage\":{\"@id\":\"https:\\\/\\\/medicinasinc.com\\\/se\\\/product\\\/kopa-vit-tjej-badsalt\\\/#primaryimage\"},\"image\":{\"@id\":\"https:\\\/\\\/medicinasinc.com\\\/se\\\/product\\\/kopa-vit-tjej-badsalt\\\/#primaryimage\"},\"thumbnailUrl\":\"https:\\\/\\\/medicinasinc.com\\\/se\\\/wp-content\\\/uploads\\\/sites\\\/16\\\/2022\\\/02\\\/Buy-White-Girl-Bath-Salt.jpg\",\"datePublished\":\"2022-02-22T02:46:09+00:00\",\"dateModified\":\"2022-07-03T23:20:08+00:00\",\"description\":\"letar efter att k\u00f6pa White Girl Bath Salt till salu i Storbritannien, Europa i v\u00e5r medicinasinc.com\\\/se-butik med snabb v\u00e4rldsomsp\u00e4nnande leverans! Det b\u00e4sta White Girl Badsalt f\u00f6r best\u00e4llning hittar du h\u00e4r!\",\"breadcrumb\":{\"@id\":\"https:\\\/\\\/medicinasinc.com\\\/se\\\/product\\\/kopa-vit-tjej-badsalt\\\/#breadcrumb\"},\"inLanguage\":\"sv-SE\",\"potentialAction\":[{\"@type\":\"ReadAction\",\"target\":[\"https:\\\/\\\/medicinasinc.com\\\/se\\\/product\\\/kopa-vit-tjej-badsalt\\\/\"]}]},{\"@type\":\"ImageObject\",\"inLanguage\":\"sv-SE\",\"@id\":\"https:\\\/\\\/medicinasinc.com\\\/se\\\/product\\\/kopa-vit-tjej-badsalt\\\/#primaryimage\",\"url\":\"https:\\\/\\\/medicinasinc.com\\\/se\\\/wp-content\\\/uploads\\\/sites\\\/16\\\/2022\\\/02\\\/Buy-White-Girl-Bath-Salt.jpg\",\"contentUrl\":\"https:\\\/\\\/medicinasinc.com\\\/se\\\/wp-content\\\/uploads\\\/sites\\\/16\\\/2022\\\/02\\\/Buy-White-Girl-Bath-Salt.jpg\",\"width\":600,\"height\":600},{\"@type\":\"BreadcrumbList\",\"@id\":\"https:\\\/\\\/medicinasinc.com\\\/se\\\/product\\\/kopa-vit-tjej-badsalt\\\/#breadcrumb\",\"itemListElement\":[{\"@type\":\"ListItem\",\"position\":1,\"name\":\"aff\u00e4r\",\"item\":\"https:\\\/\\\/medicinasinc.com\\\/se\\\/affar\\\/\"},{\"@type\":\"ListItem\",\"position\":2,\"name\":\"K\u00f6p White Girl Badsalt\"}]},{\"@type\":\"WebSite\",\"@id\":\"https:\\\/\\\/medicinasinc.com\\\/se\\\/#website\",\"url\":\"https:\\\/\\\/medicinasinc.com\\\/se\\\/\",\"name\":\"Medicinas Inc\",\"description\":\"Health Medical Clinic\",\"potentialAction\":[{\"@type\":\"SearchAction\",\"target\":{\"@type\":\"EntryPoint\",\"urlTemplate\":\"https:\\\/\\\/medicinasinc.com\\\/se\\\/?s={search_term_string}\"},\"query-input\":{\"@type\":\"PropertyValueSpecification\",\"valueRequired\":true,\"valueName\":\"search_term_string\"}}],\"inLanguage\":\"sv-SE\"}]}<\/script>\n<!-- \/ Yoast SEO plugin. -->","yoast_head_json":{"title":"K\u00f6p White Girl Bath Salt - Badsalt till salu - Best Global Meds","description":"letar efter att k\u00f6pa White Girl Bath Salt till salu i Storbritannien, Europa i v\u00e5r medicinasinc.com\/se-butik med snabb v\u00e4rldsomsp\u00e4nnande leverans! Det b\u00e4sta White Girl Badsalt f\u00f6r best\u00e4llning hittar du h\u00e4r!","robots":{"index":"index","follow":"follow","max-snippet":"max-snippet:-1","max-image-preview":"max-image-preview:large","max-video-preview":"max-video-preview:-1"},"canonical":"https:\/\/medicinasinc.com\/se\/product\/kopa-vit-tjej-badsalt\/","og_locale":"sv_SE","og_type":"article","og_title":"K\u00f6p White Girl Bath Salt - Badsalt till salu - Best Global Meds","og_description":"letar efter att k\u00f6pa White Girl Bath Salt till salu i Storbritannien, Europa i v\u00e5r medicinasinc.com\/se-butik med snabb v\u00e4rldsomsp\u00e4nnande leverans! Det b\u00e4sta White Girl Badsalt f\u00f6r best\u00e4llning hittar du h\u00e4r!","og_url":"https:\/\/medicinasinc.com\/se\/product\/kopa-vit-tjej-badsalt\/","og_site_name":"Medicinas Inc","article_modified_time":"2022-07-03T23:20:08+00:00","og_image":[{"width":600,"height":600,"url":"https:\/\/medicinasinc.com\/se\/wp-content\/uploads\/sites\/16\/2022\/02\/Buy-White-Girl-Bath-Salt.jpg","type":"image\/jpeg"}],"twitter_card":"summary_large_image","twitter_misc":{"Ber\u00e4knad l\u00e4stid":"2 minuter"},"schema":{"@context":"https:\/\/schema.org","@graph":[{"@type":"WebPage","@id":"https:\/\/medicinasinc.com\/se\/product\/kopa-vit-tjej-badsalt\/","url":"https:\/\/medicinasinc.com\/se\/product\/kopa-vit-tjej-badsalt\/","name":"K\u00f6p White Girl Bath Salt - Badsalt till salu - Best Global Meds","isPartOf":{"@id":"https:\/\/medicinasinc.com\/se\/#website"},"primaryImageOfPage":{"@id":"https:\/\/medicinasinc.com\/se\/product\/kopa-vit-tjej-badsalt\/#primaryimage"},"image":{"@id":"https:\/\/medicinasinc.com\/se\/product\/kopa-vit-tjej-badsalt\/#primaryimage"},"thumbnailUrl":"https:\/\/medicinasinc.com\/se\/wp-content\/uploads\/sites\/16\/2022\/02\/Buy-White-Girl-Bath-Salt.jpg","datePublished":"2022-02-22T02:46:09+00:00","dateModified":"2022-07-03T23:20:08+00:00","description":"letar efter att k\u00f6pa White Girl Bath Salt till salu i Storbritannien, Europa i v\u00e5r medicinasinc.com\/se-butik med snabb v\u00e4rldsomsp\u00e4nnande leverans! Det b\u00e4sta White Girl Badsalt f\u00f6r best\u00e4llning hittar du h\u00e4r!","breadcrumb":{"@id":"https:\/\/medicinasinc.com\/se\/product\/kopa-vit-tjej-badsalt\/#breadcrumb"},"inLanguage":"sv-SE","potentialAction":[{"@type":"ReadAction","target":["https:\/\/medicinasinc.com\/se\/product\/kopa-vit-tjej-badsalt\/"]}]},{"@type":"ImageObject","inLanguage":"sv-SE","@id":"https:\/\/medicinasinc.com\/se\/product\/kopa-vit-tjej-badsalt\/#primaryimage","url":"https:\/\/medicinasinc.com\/se\/wp-content\/uploads\/sites\/16\/2022\/02\/Buy-White-Girl-Bath-Salt.jpg","contentUrl":"https:\/\/medicinasinc.com\/se\/wp-content\/uploads\/sites\/16\/2022\/02\/Buy-White-Girl-Bath-Salt.jpg","width":600,"height":600},{"@type":"BreadcrumbList","@id":"https:\/\/medicinasinc.com\/se\/product\/kopa-vit-tjej-badsalt\/#breadcrumb","itemListElement":[{"@type":"ListItem","position":1,"name":"aff\u00e4r","item":"https:\/\/medicinasinc.com\/se\/affar\/"},{"@type":"ListItem","position":2,"name":"K\u00f6p White Girl Badsalt"}]},{"@type":"WebSite","@id":"https:\/\/medicinasinc.com\/se\/#website","url":"https:\/\/medicinasinc.com\/se\/","name":"Medicinas Inc","description":"Health Medical Clinic","potentialAction":[{"@type":"SearchAction","target":{"@type":"EntryPoint","urlTemplate":"https:\/\/medicinasinc.com\/se\/?s={search_term_string}"},"query-input":{"@type":"PropertyValueSpecification","valueRequired":true,"valueName":"search_term_string"}}],"inLanguage":"sv-SE"}]}},"_links":{"self":[{"href":"https:\/\/medicinasinc.com\/se\/wp-json\/wp\/v2\/product\/5615","targetHints":{"allow":["GET"]}}],"collection":[{"href":"https:\/\/medicinasinc.com\/se\/wp-json\/wp\/v2\/product"}],"about":[{"href":"https:\/\/medicinasinc.com\/se\/wp-json\/wp\/v2\/types\/product"}],"replies":[{"embeddable":true,"href":"https:\/\/medicinasinc.com\/se\/wp-json\/wp\/v2\/comments?post=5615"}],"wp:featuredmedia":[{"embeddable":true,"href":"https:\/\/medicinasinc.com\/se\/wp-json\/wp\/v2\/media\/5625"}],"wp:attachment":[{"href":"https:\/\/medicinasinc.com\/se\/wp-json\/wp\/v2\/media?parent=5615"}],"wp:term":[{"taxonomy":"product_brand","embeddable":true,"href":"https:\/\/medicinasinc.com\/se\/wp-json\/wp\/v2\/product_brand?post=5615"},{"taxonomy":"product_cat","embeddable":true,"href":"https:\/\/medicinasinc.com\/se\/wp-json\/wp\/v2\/product_cat?post=5615"},{"taxonomy":"product_tag","embeddable":true,"href":"https:\/\/medicinasinc.com\/se\/wp-json\/wp\/v2\/product_tag?post=5615"}],"curies":[{"name":"wp","href":"https:\/\/api.w.org\/{rel}","templated":true}]}}