{"id":5614,"date":"2022-02-22T02:44:39","date_gmt":"2022-02-22T02:44:39","guid":{"rendered":"https:\/\/medicinasinc.com\/se\/?post_type=product&#038;p=5614"},"modified":"2022-07-03T23:20:18","modified_gmt":"2022-07-03T23:20:18","slug":"kopa-bk-etyl-k-kristaller","status":"publish","type":"product","link":"https:\/\/medicinasinc.com\/se\/product\/kopa-bk-etyl-k-kristaller\/","title":{"rendered":"K\u00f6p bk-Ethyl-K-kristaller"},"content":{"rendered":"<p>K\u00f6p bk-Ethyl-K Chemical online fr\u00e5n en grossist.<\/p>\n<p>bk-Ethyl-K kemikalie kan k\u00f6pas i bulk.<\/p>\n<p>BKK-ethyl-k<\/p>\n<p>Det \u00e4r ocks\u00e5 k\u00e4nt som Ethylone, som \u00e4r en entaktogen energigivare. Det kallas ofta 3,4-metylendioxi-N-etylkatinon, men detta \u00e4r inte alltid det korrekta namnet. Etylon kallas 1-(1,3-bensodioxol-5-yl)-2-(metylamino)-1-propanon eftersom det har ett anv\u00e4ndbart namn. Formel: C12H15NO3 har en normal massa p\u00e5 221,251999 Da och en monoisotopisk massa p\u00e5 221,104996 Da. Detta \u00e4r den subnukle\u00e4ra formeln. Det b\u00e4sta st\u00e4llet att k\u00f6pa eten p\u00e5 \u00e4r Kina. Etylon \u00e4r en v\u00e4rdefull sten som g\u00e5r att k\u00f6pa. K\u00f6p etylstenar som \u00e4r v\u00e4rdefulla. Leverant\u00f6r av Ethylone. K\u00f6p eten med rabatt. rabatt Ethylone<\/p>\n<p>Det nya stimulantia bk-Ethyl-K \u00e4r ett l\u00e4kemedel som gjorts av en designer. Det \u00e4r en amfetaminanalog. Det finns inga problem i tullen med den nya formeln.<\/p>\n<table class=\"t1\" cellspacing=\"0\" cellpadding=\"0\">\n<tbody>\n<tr>\n<td class=\"td1\" valign=\"top \">\n<p class=\"p3\"><span class=\"s1\"><b>Synonymer<\/b><\/span><\/p>\n<\/td>\n<td class=\"td2\" valign=\"top\">\n<p class=\"p3\"><a href=\"https:\/\/medicinasinc.com\/se\/product\/research-chemicals\/buy-bk-ethyl-k-crystals\/\"><span class=\"s1\"> bk-Ethyl-K<\/span><\/a><\/p>\n<\/td>\n<\/tr>\n<tr>\n<td class=\"td3\" valign=\"top\">\n<p class=\"p3\"><span class=\"s1\"><b>IUPAC<\/b><\/span><\/p>\n<\/td>\n<td class=\"td4\" valign=\"top\">\n<p class=\"p3\"><span class=\"s1\">1-(benso[d][1,3]dioxol-5-yl)-2-(etylamino)pentan-1-on<\/span><\/p>\n<\/td>\n<\/tr>\n<tr>\n<td class=\"td1\" valign=\"top\">\n<p class=\"p3\"><span class=\"s1\"><b>Formel<\/b><\/span><\/p>\n<\/td>\n<td class=\"td2\" valign=\"top\">\n<p class=\"p3\"><span class=\"s1\">Nej<\/span><\/p>\n<\/td>\n<\/tr>\n<tr>\n<td class=\"td3\" valign=\"top\">\n<p class=\"p3\"><span class=\"s1\"><b>Molekylvikt<\/b><\/span><\/p>\n<\/td>\n<td class=\"td4\" valign=\"top\">\n<p class=\"p3\"><span class=\"s1\">Nej<\/p>\n<\/td>\n<\/tr>\n<tr>\n<td class=\"td1\" valign=\"top\">\n<p class=\"p3\"><span class=\"s1\"><b>CAS <\/b><\/span><\/p>\n<\/td>\n<td class=\"td2\" valign=\"top\">\n<p class=\"p3\"><span class=\"s1\">Nej<\/span> <\/p>\n<\/td>\n<\/tr>\n<tr>\n<td class=\"td3\" valign=\"top\">\n<p class=\"p3\"><span class=\"s1\"><b>Utseende<\/b> b&gt;<\/span><\/p>\n<\/td>\n<td class=\"td4\" valign=\"top\">\n<p class=\"p3\"><span class=\"s1\">Nej<\/span><\/p>\n<\/td>\n<\/tr>\n<tr>\n<td class=\"td1\" valign=\"top\">\n<p class=\"p3\"><span class=\"s1\"><b>Renhet<\/b> <\/span><\/p>\n<\/td>\n<td class=\"td2\" valign=\"top\">\n<p class=\"p3\"><span class=\"s1\">\u2265 99 %<\/span><\/p>\n<\/td>\n<\/tr>\n<\/tbody>\n<\/table>\n<p><img loading=\"lazy\" decoding=\"async\" class=\"alignnone wp-image-923 size-full lazyloaded\" style=\"border: 0px;vertical-align: middle;max-width: 100%\" src=\"https:\/\/i2.wp.com\/chemspro.com\/wp-content\/uploads\/sites\/16\/2017\/04\/bk-ethyl-k-e1570866136196. jpg?resize=260%2C185&amp;ssl=1\" alt=\"bk-Ethyl-K \" width=\"260\" height=\"185\" data-attachment-id=\"923\" data-permalink=\"https:\/\/chemspro .com\/stimulants\/bk-ethyl-k-crystals.html\/at tachment\/bk-ethyl-k\" data-orig-file=\"https:\/\/i2.wp.com\/chemspro.com\/wp-content\/uploads\/sites\/16\/2017\/04\/bk-ethyl-k-e1570866136196 .jpg?fit=260%2C185&amp;ssl=1\" data-orig-size=\"260,185\" data-comments-opened=\"1\" \/><\/p>\n<p>M\u00e4nniskor som k\u00f6per Bk-Ethyl-K fr\u00e5n denna webbplatsen b\u00f6r anv\u00e4nda den f\u00f6r forskning och kriminalteknik. Etyl-K \u00e4r en del av katinon- och amfetaminfamiljerna. Detta \u00e4r vikten av formeln: 285,8 g-mol<\/p>\n<p>Ingen vet vad som kommer att h\u00e4nda med dig efter att ha tagit bk-Ethyl-K, men det kan finnas n\u00e5gra.<\/p>\n<p>Den fullst\u00e4ndiga kemiskt namn \u00e4r bk-etyl-K: 1- (benso [d] [1,3] dioxol-5-yl) -2- (etylamino) pentan-1-on \u00e4r den f\u00f6rsta.<\/p>\n<p> F\u00f6rvaring: p\u00e5 en plats som \u00e4r sval och torr. Termerna bk-Ethyl-K kan h\u00e5lla i upp till tv\u00e5 \u00e5r om de f\u00f6rvaras p\u00e5 r\u00e4tt s\u00e4tt.<\/p>\n","protected":false},"excerpt":{"rendered":"<div class=\"woocommerce-product-details__short-description\">\n<p>I v\u00e5r medicinasinc.com\/se-butik kan du k\u00f6pa billiga bk-Ethyl-K-kristaller till salu i Storbritannien, Europa och \u00f6ver hela v\u00e4rlden! Det \u00e4r h\u00e4r du kan k\u00f6pa de b\u00e4sta bk-Ethyl-K-kristallerna att best\u00e4lla.<\/p>\n<p>K\u00f6p bk-Ethyl-K Chemical Online fr\u00e5n en grossist. billiga forskningskemikalier som har den b\u00e4sta renheten f\u00f6r forskning<\/p>\n<p>.<\/p>\n<\/p><\/div>\n","protected":false},"featured_media":5623,"comment_status":"open","ping_status":"closed","template":"","meta":[],"product_brand":[],"product_cat":[2014],"product_tag":[3281,3282,3283,3296,3284,3286,3289,3290,3291,3285,3288,3287,3293,3294,3297,3295,3298,3292],"class_list":{"0":"post-5614","1":"product","2":"type-product","3":"status-publish","4":"has-post-thumbnail","6":"product_cat-kop-research-chemicals","7":"product_tag-bsta-bk-etyl-k-kristaller-grossist","8":"product_tag-bsta-stllet-att-kpa-bk-etyl-k-kristaller","9":"product_tag-bsta-stllet-att-kpa-mxe","10":"product_tag-order-bk-etyl-k-kristaller-uk","11":"product_tag-bk-ethyl-k-crystals","12":"product_tag-bk-etyl-k-kristaller-kp-europa","13":"product_tag-bk-ethyl-k-crystals-kufen","14":"product_tag-bk-ethyl-k-crystals-order","15":"product_tag-bk-ethyl-k-crystals-reddit","16":"product_tag-bk-etyl-k-kristaller-kp","17":"product_tag-bk-etyl-k-kristaller-till-salu","18":"product_tag-bk-etyl-k-kristaller-effekt","19":"product_tag-buy-bk-ethyl-k-crystals-europe","20":"product_tag-buy-bk-ethyl-k-crystals-uk","21":"product_tag-detaljhandels-bk-etyl-k-kristaller","22":"product_tag-dmt-order","23":"product_tag-grossist-bk-etyl-k-kristaller","24":"product_tag-kpa-bk-etyl-k-kristaller","26":"first","27":"instock","28":"shipping-taxable","29":"purchasable","30":"product-type-variable","31":"has-default-attributes"},"yoast_head":"<!-- This site is optimized with the Yoast SEO plugin v27.3 - https:\/\/yoast.com\/product\/yoast-seo-wordpress\/ -->\n<title>K\u00f6p bk-Ethyl-K Crystals - bk-Ethyl-K Online- Best Global Medicins<\/title>\n<meta name=\"description\" content=\"letar efter att k\u00f6pa billiga bk-Ethyl-K-kristaller till salu i Storbritannien, Europa i v\u00e5r medicinasinc.com\/se-butik med snabb v\u00e4rldsomsp\u00e4nnande leverans! De b\u00e4sta bk-Ethyl-K-kristallerna f\u00f6r best\u00e4llning hittar du h\u00e4r!\" \/>\n<meta name=\"robots\" content=\"index, follow, max-snippet:-1, max-image-preview:large, max-video-preview:-1\" \/>\n<link rel=\"canonical\" href=\"https:\/\/medicinasinc.com\/se\/product\/kopa-bk-etyl-k-kristaller\/\" \/>\n<meta property=\"og:locale\" content=\"sv_SE\" \/>\n<meta property=\"og:type\" content=\"article\" \/>\n<meta property=\"og:title\" content=\"K\u00f6p bk-Ethyl-K Crystals - bk-Ethyl-K Online- Best Global Medicins\" \/>\n<meta property=\"og:description\" content=\"letar efter att k\u00f6pa billiga bk-Ethyl-K-kristaller till salu i Storbritannien, Europa i v\u00e5r medicinasinc.com\/se-butik med snabb v\u00e4rldsomsp\u00e4nnande leverans! De b\u00e4sta bk-Ethyl-K-kristallerna f\u00f6r best\u00e4llning hittar du h\u00e4r!\" \/>\n<meta property=\"og:url\" content=\"https:\/\/medicinasinc.com\/se\/product\/kopa-bk-etyl-k-kristaller\/\" \/>\n<meta property=\"og:site_name\" content=\"Medicinas Inc\" \/>\n<meta property=\"article:modified_time\" content=\"2022-07-03T23:20:18+00:00\" \/>\n<meta property=\"og:image\" content=\"https:\/\/medicinasinc.com\/se\/wp-content\/uploads\/sites\/16\/2022\/02\/Buy-bk-Ethyl-K-Crystals.jpg\" \/>\n\t<meta property=\"og:image:width\" content=\"600\" \/>\n\t<meta property=\"og:image:height\" content=\"600\" \/>\n\t<meta property=\"og:image:type\" content=\"image\/jpeg\" \/>\n<meta name=\"twitter:card\" content=\"summary_large_image\" \/>\n<meta name=\"twitter:label1\" content=\"Ber\u00e4knad l\u00e4stid\" \/>\n\t<meta name=\"twitter:data1\" content=\"2 minuter\" \/>\n<script type=\"application\/ld+json\" class=\"yoast-schema-graph\">{\"@context\":\"https:\\\/\\\/schema.org\",\"@graph\":[{\"@type\":\"WebPage\",\"@id\":\"https:\\\/\\\/medicinasinc.com\\\/se\\\/product\\\/kopa-bk-etyl-k-kristaller\\\/\",\"url\":\"https:\\\/\\\/medicinasinc.com\\\/se\\\/product\\\/kopa-bk-etyl-k-kristaller\\\/\",\"name\":\"K\u00f6p bk-Ethyl-K Crystals - bk-Ethyl-K Online- Best Global Medicins\",\"isPartOf\":{\"@id\":\"https:\\\/\\\/medicinasinc.com\\\/se\\\/#website\"},\"primaryImageOfPage\":{\"@id\":\"https:\\\/\\\/medicinasinc.com\\\/se\\\/product\\\/kopa-bk-etyl-k-kristaller\\\/#primaryimage\"},\"image\":{\"@id\":\"https:\\\/\\\/medicinasinc.com\\\/se\\\/product\\\/kopa-bk-etyl-k-kristaller\\\/#primaryimage\"},\"thumbnailUrl\":\"https:\\\/\\\/medicinasinc.com\\\/se\\\/wp-content\\\/uploads\\\/sites\\\/16\\\/2022\\\/02\\\/Buy-bk-Ethyl-K-Crystals.jpg\",\"datePublished\":\"2022-02-22T02:44:39+00:00\",\"dateModified\":\"2022-07-03T23:20:18+00:00\",\"description\":\"letar efter att k\u00f6pa billiga bk-Ethyl-K-kristaller till salu i Storbritannien, Europa i v\u00e5r medicinasinc.com\\\/se-butik med snabb v\u00e4rldsomsp\u00e4nnande leverans! De b\u00e4sta bk-Ethyl-K-kristallerna f\u00f6r best\u00e4llning hittar du h\u00e4r!\",\"breadcrumb\":{\"@id\":\"https:\\\/\\\/medicinasinc.com\\\/se\\\/product\\\/kopa-bk-etyl-k-kristaller\\\/#breadcrumb\"},\"inLanguage\":\"sv-SE\",\"potentialAction\":[{\"@type\":\"ReadAction\",\"target\":[\"https:\\\/\\\/medicinasinc.com\\\/se\\\/product\\\/kopa-bk-etyl-k-kristaller\\\/\"]}]},{\"@type\":\"ImageObject\",\"inLanguage\":\"sv-SE\",\"@id\":\"https:\\\/\\\/medicinasinc.com\\\/se\\\/product\\\/kopa-bk-etyl-k-kristaller\\\/#primaryimage\",\"url\":\"https:\\\/\\\/medicinasinc.com\\\/se\\\/wp-content\\\/uploads\\\/sites\\\/16\\\/2022\\\/02\\\/Buy-bk-Ethyl-K-Crystals.jpg\",\"contentUrl\":\"https:\\\/\\\/medicinasinc.com\\\/se\\\/wp-content\\\/uploads\\\/sites\\\/16\\\/2022\\\/02\\\/Buy-bk-Ethyl-K-Crystals.jpg\",\"width\":600,\"height\":600},{\"@type\":\"BreadcrumbList\",\"@id\":\"https:\\\/\\\/medicinasinc.com\\\/se\\\/product\\\/kopa-bk-etyl-k-kristaller\\\/#breadcrumb\",\"itemListElement\":[{\"@type\":\"ListItem\",\"position\":1,\"name\":\"aff\u00e4r\",\"item\":\"https:\\\/\\\/medicinasinc.com\\\/se\\\/affar\\\/\"},{\"@type\":\"ListItem\",\"position\":2,\"name\":\"K\u00f6p bk-Ethyl-K-kristaller\"}]},{\"@type\":\"WebSite\",\"@id\":\"https:\\\/\\\/medicinasinc.com\\\/se\\\/#website\",\"url\":\"https:\\\/\\\/medicinasinc.com\\\/se\\\/\",\"name\":\"Medicinas Inc\",\"description\":\"Health Medical Clinic\",\"potentialAction\":[{\"@type\":\"SearchAction\",\"target\":{\"@type\":\"EntryPoint\",\"urlTemplate\":\"https:\\\/\\\/medicinasinc.com\\\/se\\\/?s={search_term_string}\"},\"query-input\":{\"@type\":\"PropertyValueSpecification\",\"valueRequired\":true,\"valueName\":\"search_term_string\"}}],\"inLanguage\":\"sv-SE\"}]}<\/script>\n<!-- \/ Yoast SEO plugin. -->","yoast_head_json":{"title":"K\u00f6p bk-Ethyl-K Crystals - bk-Ethyl-K Online- Best Global Medicins","description":"letar efter att k\u00f6pa billiga bk-Ethyl-K-kristaller till salu i Storbritannien, Europa i v\u00e5r medicinasinc.com\/se-butik med snabb v\u00e4rldsomsp\u00e4nnande leverans! De b\u00e4sta bk-Ethyl-K-kristallerna f\u00f6r best\u00e4llning hittar du h\u00e4r!","robots":{"index":"index","follow":"follow","max-snippet":"max-snippet:-1","max-image-preview":"max-image-preview:large","max-video-preview":"max-video-preview:-1"},"canonical":"https:\/\/medicinasinc.com\/se\/product\/kopa-bk-etyl-k-kristaller\/","og_locale":"sv_SE","og_type":"article","og_title":"K\u00f6p bk-Ethyl-K Crystals - bk-Ethyl-K Online- Best Global Medicins","og_description":"letar efter att k\u00f6pa billiga bk-Ethyl-K-kristaller till salu i Storbritannien, Europa i v\u00e5r medicinasinc.com\/se-butik med snabb v\u00e4rldsomsp\u00e4nnande leverans! De b\u00e4sta bk-Ethyl-K-kristallerna f\u00f6r best\u00e4llning hittar du h\u00e4r!","og_url":"https:\/\/medicinasinc.com\/se\/product\/kopa-bk-etyl-k-kristaller\/","og_site_name":"Medicinas Inc","article_modified_time":"2022-07-03T23:20:18+00:00","og_image":[{"width":600,"height":600,"url":"https:\/\/medicinasinc.com\/se\/wp-content\/uploads\/sites\/16\/2022\/02\/Buy-bk-Ethyl-K-Crystals.jpg","type":"image\/jpeg"}],"twitter_card":"summary_large_image","twitter_misc":{"Ber\u00e4knad l\u00e4stid":"2 minuter"},"schema":{"@context":"https:\/\/schema.org","@graph":[{"@type":"WebPage","@id":"https:\/\/medicinasinc.com\/se\/product\/kopa-bk-etyl-k-kristaller\/","url":"https:\/\/medicinasinc.com\/se\/product\/kopa-bk-etyl-k-kristaller\/","name":"K\u00f6p bk-Ethyl-K Crystals - bk-Ethyl-K Online- Best Global Medicins","isPartOf":{"@id":"https:\/\/medicinasinc.com\/se\/#website"},"primaryImageOfPage":{"@id":"https:\/\/medicinasinc.com\/se\/product\/kopa-bk-etyl-k-kristaller\/#primaryimage"},"image":{"@id":"https:\/\/medicinasinc.com\/se\/product\/kopa-bk-etyl-k-kristaller\/#primaryimage"},"thumbnailUrl":"https:\/\/medicinasinc.com\/se\/wp-content\/uploads\/sites\/16\/2022\/02\/Buy-bk-Ethyl-K-Crystals.jpg","datePublished":"2022-02-22T02:44:39+00:00","dateModified":"2022-07-03T23:20:18+00:00","description":"letar efter att k\u00f6pa billiga bk-Ethyl-K-kristaller till salu i Storbritannien, Europa i v\u00e5r medicinasinc.com\/se-butik med snabb v\u00e4rldsomsp\u00e4nnande leverans! De b\u00e4sta bk-Ethyl-K-kristallerna f\u00f6r best\u00e4llning hittar du h\u00e4r!","breadcrumb":{"@id":"https:\/\/medicinasinc.com\/se\/product\/kopa-bk-etyl-k-kristaller\/#breadcrumb"},"inLanguage":"sv-SE","potentialAction":[{"@type":"ReadAction","target":["https:\/\/medicinasinc.com\/se\/product\/kopa-bk-etyl-k-kristaller\/"]}]},{"@type":"ImageObject","inLanguage":"sv-SE","@id":"https:\/\/medicinasinc.com\/se\/product\/kopa-bk-etyl-k-kristaller\/#primaryimage","url":"https:\/\/medicinasinc.com\/se\/wp-content\/uploads\/sites\/16\/2022\/02\/Buy-bk-Ethyl-K-Crystals.jpg","contentUrl":"https:\/\/medicinasinc.com\/se\/wp-content\/uploads\/sites\/16\/2022\/02\/Buy-bk-Ethyl-K-Crystals.jpg","width":600,"height":600},{"@type":"BreadcrumbList","@id":"https:\/\/medicinasinc.com\/se\/product\/kopa-bk-etyl-k-kristaller\/#breadcrumb","itemListElement":[{"@type":"ListItem","position":1,"name":"aff\u00e4r","item":"https:\/\/medicinasinc.com\/se\/affar\/"},{"@type":"ListItem","position":2,"name":"K\u00f6p bk-Ethyl-K-kristaller"}]},{"@type":"WebSite","@id":"https:\/\/medicinasinc.com\/se\/#website","url":"https:\/\/medicinasinc.com\/se\/","name":"Medicinas Inc","description":"Health Medical Clinic","potentialAction":[{"@type":"SearchAction","target":{"@type":"EntryPoint","urlTemplate":"https:\/\/medicinasinc.com\/se\/?s={search_term_string}"},"query-input":{"@type":"PropertyValueSpecification","valueRequired":true,"valueName":"search_term_string"}}],"inLanguage":"sv-SE"}]}},"_links":{"self":[{"href":"https:\/\/medicinasinc.com\/se\/wp-json\/wp\/v2\/product\/5614","targetHints":{"allow":["GET"]}}],"collection":[{"href":"https:\/\/medicinasinc.com\/se\/wp-json\/wp\/v2\/product"}],"about":[{"href":"https:\/\/medicinasinc.com\/se\/wp-json\/wp\/v2\/types\/product"}],"replies":[{"embeddable":true,"href":"https:\/\/medicinasinc.com\/se\/wp-json\/wp\/v2\/comments?post=5614"}],"wp:featuredmedia":[{"embeddable":true,"href":"https:\/\/medicinasinc.com\/se\/wp-json\/wp\/v2\/media\/5623"}],"wp:attachment":[{"href":"https:\/\/medicinasinc.com\/se\/wp-json\/wp\/v2\/media?parent=5614"}],"wp:term":[{"taxonomy":"product_brand","embeddable":true,"href":"https:\/\/medicinasinc.com\/se\/wp-json\/wp\/v2\/product_brand?post=5614"},{"taxonomy":"product_cat","embeddable":true,"href":"https:\/\/medicinasinc.com\/se\/wp-json\/wp\/v2\/product_cat?post=5614"},{"taxonomy":"product_tag","embeddable":true,"href":"https:\/\/medicinasinc.com\/se\/wp-json\/wp\/v2\/product_tag?post=5614"}],"curies":[{"name":"wp","href":"https:\/\/api.w.org\/{rel}","templated":true}]}}