{"id":5592,"date":"2022-02-22T02:23:26","date_gmt":"2022-02-22T02:23:26","guid":{"rendered":"https:\/\/medicinasinc.com\/se\/?post_type=product&#038;p=5592"},"modified":"2022-07-03T23:20:29","modified_gmt":"2022-07-03T23:20:29","slug":"kopa-eth-lad-pulver","status":"publish","type":"product","link":"https:\/\/medicinasinc.com\/se\/product\/kopa-eth-lad-pulver\/","title":{"rendered":"K\u00f6p ETH-LAD Pulver"},"content":{"rendered":"<p>En k\u00e4lla f\u00f6r att f\u00e5 tag p\u00e5 ETH-LAD-pulver, ETH-LAD till salu<\/p>\n<p>ETH-LAD-pulvertillverkare i Kina. Leverant\u00f6rer och grossister av ETH-LAD Powder. Kina forskningskemikalier till salu: ETH-LAD Powder<\/p>\n<p>Ladd, \u00e4ven k\u00e4nd som ETH-LAD, \u00e4r en cyklisk tetrahydroindol (\u00e4ven k\u00e4nd som ETH-LAD eller ETH-LAD).<\/p>\n<p> Lysergamide familjemedlem kinolin-9-karboxamid. ETH-LAD \u00e4r en LSD-analog som f\u00f6rst nyligen har varit tillg\u00e4nglig f\u00f6r forskarv\u00e4rlden, vilket \u00f6ppnar upp en uppsj\u00f6 av m\u00f6jligheter att studera dess effekter. Som beskrivs i Alexander Shulgins TiHKAL-bok p\u00e5 1970-talet, syntetiserades ETH-LAD av en japansk forskargrupp p\u00e5 1970-talet.<\/p>\n<p>Produktbeskrivning:<\/p>\n<p>Ursprungsl\u00e4n: Kina; Nederl\u00e4nderna; Litauen; USA<br \/> ETH-LAD Powder \u00e4r dess officiella namn.<br \/> MF: Inget f\u00f6r n\u00e4rvarande.<br \/> renhet: st\u00f6rre \u00e4n eller lika med 99,5 procent<br \/> Blotters i utseende<br \/> Plast- eller aluminiumfoliep\u00e5se f\u00f6r packning<\/p>\n<p>Betalningsvillkor:<\/p>\n<p>Minsta best\u00e4llningskvantitet \u00e4r tio enheter. Betala med Bitcoin, Money Gram, bank\u00f6verf\u00f6ring eller vilken metod du vill.<\/p>\n<p>Prover \u00e4r tillg\u00e4ngliga gratis.<\/p>\n<p>Gratis bonusprover ing\u00e5r alltid i varje best\u00e4llning. Fem distinkta f\u00f6rem\u00e5l, som var och en v\u00e4ger tv\u00e5 gram.<br \/> Ett provset med 10 eller fler varor, som v\u00e4ger 5-10 gram vardera, kostar $400 och inkluderar leverans. V\u00e4nligen kontakta oss f\u00f6r att g\u00f6ra en best\u00e4llning.<\/p>\n<p>Leverans- och fraktvillkor:<\/p>\n<p>Efter att ha mottagit betalningen kommer produkterna att skickas inom en arbetsdag.<br \/> UPS, EMS, DHL, TNT eller FEDEX kommer att anv\u00e4ndas f\u00f6r att skicka varorna. F\u00f6r varje land kommer vi att v\u00e4lja den b\u00e4sta kuriren och den s\u00e4kraste leveransmetoden f\u00f6r dig.<br \/> 5,-14 dagar f\u00f6r EMS-leveranstid. 4-7 dagar f\u00f6r DHL, UPS och FedEx.<br \/> Ryssland, Australien och Kanada har alla str\u00e4nga tullbest\u00e4mmelser som vi kan hj\u00e4lpa dig med.<br \/> I de flesta fall f\u00e5r du din best\u00e4llning inom fyra till sju dagar. Varorna kommer att skickas om om de f\u00f6rsvinner eller inte tas emot av n\u00e5gon anledning.<\/p>\n<p>Kontakta oss om du beh\u00f6ver annan information.<\/p>\n<p>Obs!<\/p>\n<p>Vi har en stor global kundbas och ser fram emot att arbeta med dig p\u00e5 l\u00e5ng sikt. F\u00f6r ytterligare information, tveka inte att kontakta oss. Vi kommer att g\u00f6ra allt vi kan f\u00f6r att hj\u00e4lpa dig. Tack s\u00e5 mycket!<\/p>\n","protected":false},"excerpt":{"rendered":"<div class=\"g\">\n<div data-hveid=\"CAUQAA\" data-ved=\"2ahUKEwiXmcfFl6nzAhVLQEEAHXkQAPMQFSgAegQIBRAA\">\n<div class=\"tF2Cxc\">\n<div class=\"IsZvec\">\n<div>\n<p>V\u00e5r medicinsinc. com\/se onlinebutik erbjuder snabb v\u00e4rldsomsp\u00e4nnande leverans av ETH-LAD-pulver, som tillverkas i Europa och Storbritannien. Hitta det b\u00e4sta ETH-LAD-pulvret p\u00e5 marknaden h\u00e4r.<br \/> Distribut\u00f6r av farmaceutiska intermedi\u00e4rer och forskningskemikalier fr\u00e5n Kinas ETH-LAD-pulverleverant\u00f6r<br \/> Du kan k\u00f6pa ETH-LAD-pulver fr\u00e5n denna sida. <br \/> Europeisk leverant\u00f6r av ETH-LAD-pulver.<br \/> En analog till LSD som kallas ETH-LAD-pulver kan k\u00f6pas online.<br \/> I likhet med LSD \u00e4r ETH-LAD ett hallucinogent \u00e4mne.<\/p>\n<p>LSD-analogt ETH-LAD-pulver. Den aktiva dosen av ETH-LAD, ett psykedeliskt l\u00e4kemedel med en m\u00e4ngd styrkor mellan 20 och 150 mikrogram, \u00e4r j\u00e4mf\u00f6rbar med den f\u00f6r LSD.<\/p>\n<p>ETH-LAD-pulver finns att k\u00f6pa.<\/p>\n<p>6-etyl-6-nor-lysergsyradietylamid IUPAC \u00e4r ETH-LAD-pulver<\/p>\n<p>Best\u00e4llningar kommer att skickas fr\u00e5n f\u00f6ljande l\u00e4nder: Frankrike, Tyskland, Storbritannien och Sverige.<\/p>\n<\/p><\/div>\n<\/p><\/div>\n<\/p><\/div>\n<\/p><\/div>\n<\/p><\/div>\n","protected":false},"featured_media":5604,"comment_status":"open","ping_status":"closed","template":"","meta":[],"product_brand":[],"product_cat":[2014],"product_tag":[3279,3263,3264,3276,3267,3266,3278,3265,3270,3272,3273,3274,3268,3271,3269,3277,3275,3280],"class_list":{"0":"post-5592","1":"product","2":"type-product","3":"status-publish","4":"has-post-thumbnail","6":"product_cat-kop-research-chemicals","7":"product_tag-bestlla-eth-lad-pulver","8":"product_tag-buy-eth-lad-powder","9":"product_tag-buy-eth-lad-powder-uk","10":"product_tag-eth-lad-retails","11":"product_tag-eth-lad-ordningen","12":"product_tag-eth-lad-effekt","13":"product_tag-eth-lad-grossist","14":"product_tag-eth-lad-kp","15":"product_tag-eth-lad-powder-europa","16":"product_tag-eth-lad-powder-retail","17":"product_tag-eth-lad-powder-uk","18":"product_tag-eth-lad-powder-wholesale","19":"product_tag-eth-lad-pulver","20":"product_tag-eth-lad-pulver-till-frsljning","21":"product_tag-eth-lad-pudereffekt","22":"product_tag-eth-lad-recension","23":"product_tag-eth-lad-reddit","24":"product_tag-var-att-kpa-eth-lad-pulver","26":"first","27":"instock","28":"shipping-taxable","29":"purchasable","30":"product-type-variable","31":"has-default-attributes"},"yoast_head":"<!-- This site is optimized with the Yoast SEO plugin v27.3 - https:\/\/yoast.com\/product\/yoast-seo-wordpress\/ -->\n<title>K\u00f6p ETH-LAD-pulver - ETH-LAD-pulver online - b\u00e4sta globala mediciner<\/title>\n<meta name=\"description\" content=\"K\u00f6p ETH-LAD pulver Europa, Storbritannien Online i v\u00e5r Bestglobalmeds onlinebutik med snabb leverans \u00f6ver hela v\u00e4rlden! Det b\u00e4sta ETH-LAD-pulvret f\u00f6r best\u00e4llning hittar du h\u00e4r!\" \/>\n<meta name=\"robots\" content=\"index, follow, max-snippet:-1, max-image-preview:large, max-video-preview:-1\" \/>\n<link rel=\"canonical\" href=\"https:\/\/medicinasinc.com\/se\/product\/kopa-eth-lad-pulver\/\" \/>\n<meta property=\"og:locale\" content=\"sv_SE\" \/>\n<meta property=\"og:type\" content=\"article\" \/>\n<meta property=\"og:title\" content=\"K\u00f6p ETH-LAD-pulver - ETH-LAD-pulver online - b\u00e4sta globala mediciner\" \/>\n<meta property=\"og:description\" content=\"K\u00f6p ETH-LAD pulver Europa, Storbritannien Online i v\u00e5r Bestglobalmeds onlinebutik med snabb leverans \u00f6ver hela v\u00e4rlden! Det b\u00e4sta ETH-LAD-pulvret f\u00f6r best\u00e4llning hittar du h\u00e4r!\" \/>\n<meta property=\"og:url\" content=\"https:\/\/medicinasinc.com\/se\/product\/kopa-eth-lad-pulver\/\" \/>\n<meta property=\"og:site_name\" content=\"Medicinas Inc\" \/>\n<meta property=\"article:modified_time\" content=\"2022-07-03T23:20:29+00:00\" \/>\n<meta property=\"og:image\" content=\"https:\/\/medicinasinc.com\/se\/wp-content\/uploads\/sites\/16\/2022\/02\/Buy-ETH-LAD-Powder.jpg\" \/>\n\t<meta property=\"og:image:width\" content=\"600\" \/>\n\t<meta property=\"og:image:height\" content=\"600\" \/>\n\t<meta property=\"og:image:type\" content=\"image\/jpeg\" \/>\n<meta name=\"twitter:card\" content=\"summary_large_image\" \/>\n<meta name=\"twitter:label1\" content=\"Ber\u00e4knad l\u00e4stid\" \/>\n\t<meta name=\"twitter:data1\" content=\"2 minuter\" \/>\n<script type=\"application\/ld+json\" class=\"yoast-schema-graph\">{\"@context\":\"https:\\\/\\\/schema.org\",\"@graph\":[{\"@type\":\"WebPage\",\"@id\":\"https:\\\/\\\/medicinasinc.com\\\/se\\\/product\\\/kopa-eth-lad-pulver\\\/\",\"url\":\"https:\\\/\\\/medicinasinc.com\\\/se\\\/product\\\/kopa-eth-lad-pulver\\\/\",\"name\":\"K\u00f6p ETH-LAD-pulver - ETH-LAD-pulver online - b\u00e4sta globala mediciner\",\"isPartOf\":{\"@id\":\"https:\\\/\\\/medicinasinc.com\\\/se\\\/#website\"},\"primaryImageOfPage\":{\"@id\":\"https:\\\/\\\/medicinasinc.com\\\/se\\\/product\\\/kopa-eth-lad-pulver\\\/#primaryimage\"},\"image\":{\"@id\":\"https:\\\/\\\/medicinasinc.com\\\/se\\\/product\\\/kopa-eth-lad-pulver\\\/#primaryimage\"},\"thumbnailUrl\":\"https:\\\/\\\/medicinasinc.com\\\/se\\\/wp-content\\\/uploads\\\/sites\\\/16\\\/2022\\\/02\\\/Buy-ETH-LAD-Powder.jpg\",\"datePublished\":\"2022-02-22T02:23:26+00:00\",\"dateModified\":\"2022-07-03T23:20:29+00:00\",\"description\":\"K\u00f6p ETH-LAD pulver Europa, Storbritannien Online i v\u00e5r Bestglobalmeds onlinebutik med snabb leverans \u00f6ver hela v\u00e4rlden! Det b\u00e4sta ETH-LAD-pulvret f\u00f6r best\u00e4llning hittar du h\u00e4r!\",\"breadcrumb\":{\"@id\":\"https:\\\/\\\/medicinasinc.com\\\/se\\\/product\\\/kopa-eth-lad-pulver\\\/#breadcrumb\"},\"inLanguage\":\"sv-SE\",\"potentialAction\":[{\"@type\":\"ReadAction\",\"target\":[\"https:\\\/\\\/medicinasinc.com\\\/se\\\/product\\\/kopa-eth-lad-pulver\\\/\"]}]},{\"@type\":\"ImageObject\",\"inLanguage\":\"sv-SE\",\"@id\":\"https:\\\/\\\/medicinasinc.com\\\/se\\\/product\\\/kopa-eth-lad-pulver\\\/#primaryimage\",\"url\":\"https:\\\/\\\/medicinasinc.com\\\/se\\\/wp-content\\\/uploads\\\/sites\\\/16\\\/2022\\\/02\\\/Buy-ETH-LAD-Powder.jpg\",\"contentUrl\":\"https:\\\/\\\/medicinasinc.com\\\/se\\\/wp-content\\\/uploads\\\/sites\\\/16\\\/2022\\\/02\\\/Buy-ETH-LAD-Powder.jpg\",\"width\":600,\"height\":600},{\"@type\":\"BreadcrumbList\",\"@id\":\"https:\\\/\\\/medicinasinc.com\\\/se\\\/product\\\/kopa-eth-lad-pulver\\\/#breadcrumb\",\"itemListElement\":[{\"@type\":\"ListItem\",\"position\":1,\"name\":\"aff\u00e4r\",\"item\":\"https:\\\/\\\/medicinasinc.com\\\/se\\\/affar\\\/\"},{\"@type\":\"ListItem\",\"position\":2,\"name\":\"K\u00f6p ETH-LAD Pulver\"}]},{\"@type\":\"WebSite\",\"@id\":\"https:\\\/\\\/medicinasinc.com\\\/se\\\/#website\",\"url\":\"https:\\\/\\\/medicinasinc.com\\\/se\\\/\",\"name\":\"Medicinas Inc\",\"description\":\"Health Medical Clinic\",\"potentialAction\":[{\"@type\":\"SearchAction\",\"target\":{\"@type\":\"EntryPoint\",\"urlTemplate\":\"https:\\\/\\\/medicinasinc.com\\\/se\\\/?s={search_term_string}\"},\"query-input\":{\"@type\":\"PropertyValueSpecification\",\"valueRequired\":true,\"valueName\":\"search_term_string\"}}],\"inLanguage\":\"sv-SE\"}]}<\/script>\n<!-- \/ Yoast SEO plugin. -->","yoast_head_json":{"title":"K\u00f6p ETH-LAD-pulver - ETH-LAD-pulver online - b\u00e4sta globala mediciner","description":"K\u00f6p ETH-LAD pulver Europa, Storbritannien Online i v\u00e5r Bestglobalmeds onlinebutik med snabb leverans \u00f6ver hela v\u00e4rlden! Det b\u00e4sta ETH-LAD-pulvret f\u00f6r best\u00e4llning hittar du h\u00e4r!","robots":{"index":"index","follow":"follow","max-snippet":"max-snippet:-1","max-image-preview":"max-image-preview:large","max-video-preview":"max-video-preview:-1"},"canonical":"https:\/\/medicinasinc.com\/se\/product\/kopa-eth-lad-pulver\/","og_locale":"sv_SE","og_type":"article","og_title":"K\u00f6p ETH-LAD-pulver - ETH-LAD-pulver online - b\u00e4sta globala mediciner","og_description":"K\u00f6p ETH-LAD pulver Europa, Storbritannien Online i v\u00e5r Bestglobalmeds onlinebutik med snabb leverans \u00f6ver hela v\u00e4rlden! Det b\u00e4sta ETH-LAD-pulvret f\u00f6r best\u00e4llning hittar du h\u00e4r!","og_url":"https:\/\/medicinasinc.com\/se\/product\/kopa-eth-lad-pulver\/","og_site_name":"Medicinas Inc","article_modified_time":"2022-07-03T23:20:29+00:00","og_image":[{"width":600,"height":600,"url":"https:\/\/medicinasinc.com\/se\/wp-content\/uploads\/sites\/16\/2022\/02\/Buy-ETH-LAD-Powder.jpg","type":"image\/jpeg"}],"twitter_card":"summary_large_image","twitter_misc":{"Ber\u00e4knad l\u00e4stid":"2 minuter"},"schema":{"@context":"https:\/\/schema.org","@graph":[{"@type":"WebPage","@id":"https:\/\/medicinasinc.com\/se\/product\/kopa-eth-lad-pulver\/","url":"https:\/\/medicinasinc.com\/se\/product\/kopa-eth-lad-pulver\/","name":"K\u00f6p ETH-LAD-pulver - ETH-LAD-pulver online - b\u00e4sta globala mediciner","isPartOf":{"@id":"https:\/\/medicinasinc.com\/se\/#website"},"primaryImageOfPage":{"@id":"https:\/\/medicinasinc.com\/se\/product\/kopa-eth-lad-pulver\/#primaryimage"},"image":{"@id":"https:\/\/medicinasinc.com\/se\/product\/kopa-eth-lad-pulver\/#primaryimage"},"thumbnailUrl":"https:\/\/medicinasinc.com\/se\/wp-content\/uploads\/sites\/16\/2022\/02\/Buy-ETH-LAD-Powder.jpg","datePublished":"2022-02-22T02:23:26+00:00","dateModified":"2022-07-03T23:20:29+00:00","description":"K\u00f6p ETH-LAD pulver Europa, Storbritannien Online i v\u00e5r Bestglobalmeds onlinebutik med snabb leverans \u00f6ver hela v\u00e4rlden! Det b\u00e4sta ETH-LAD-pulvret f\u00f6r best\u00e4llning hittar du h\u00e4r!","breadcrumb":{"@id":"https:\/\/medicinasinc.com\/se\/product\/kopa-eth-lad-pulver\/#breadcrumb"},"inLanguage":"sv-SE","potentialAction":[{"@type":"ReadAction","target":["https:\/\/medicinasinc.com\/se\/product\/kopa-eth-lad-pulver\/"]}]},{"@type":"ImageObject","inLanguage":"sv-SE","@id":"https:\/\/medicinasinc.com\/se\/product\/kopa-eth-lad-pulver\/#primaryimage","url":"https:\/\/medicinasinc.com\/se\/wp-content\/uploads\/sites\/16\/2022\/02\/Buy-ETH-LAD-Powder.jpg","contentUrl":"https:\/\/medicinasinc.com\/se\/wp-content\/uploads\/sites\/16\/2022\/02\/Buy-ETH-LAD-Powder.jpg","width":600,"height":600},{"@type":"BreadcrumbList","@id":"https:\/\/medicinasinc.com\/se\/product\/kopa-eth-lad-pulver\/#breadcrumb","itemListElement":[{"@type":"ListItem","position":1,"name":"aff\u00e4r","item":"https:\/\/medicinasinc.com\/se\/affar\/"},{"@type":"ListItem","position":2,"name":"K\u00f6p ETH-LAD Pulver"}]},{"@type":"WebSite","@id":"https:\/\/medicinasinc.com\/se\/#website","url":"https:\/\/medicinasinc.com\/se\/","name":"Medicinas Inc","description":"Health Medical Clinic","potentialAction":[{"@type":"SearchAction","target":{"@type":"EntryPoint","urlTemplate":"https:\/\/medicinasinc.com\/se\/?s={search_term_string}"},"query-input":{"@type":"PropertyValueSpecification","valueRequired":true,"valueName":"search_term_string"}}],"inLanguage":"sv-SE"}]}},"_links":{"self":[{"href":"https:\/\/medicinasinc.com\/se\/wp-json\/wp\/v2\/product\/5592","targetHints":{"allow":["GET"]}}],"collection":[{"href":"https:\/\/medicinasinc.com\/se\/wp-json\/wp\/v2\/product"}],"about":[{"href":"https:\/\/medicinasinc.com\/se\/wp-json\/wp\/v2\/types\/product"}],"replies":[{"embeddable":true,"href":"https:\/\/medicinasinc.com\/se\/wp-json\/wp\/v2\/comments?post=5592"}],"wp:featuredmedia":[{"embeddable":true,"href":"https:\/\/medicinasinc.com\/se\/wp-json\/wp\/v2\/media\/5604"}],"wp:attachment":[{"href":"https:\/\/medicinasinc.com\/se\/wp-json\/wp\/v2\/media?parent=5592"}],"wp:term":[{"taxonomy":"product_brand","embeddable":true,"href":"https:\/\/medicinasinc.com\/se\/wp-json\/wp\/v2\/product_brand?post=5592"},{"taxonomy":"product_cat","embeddable":true,"href":"https:\/\/medicinasinc.com\/se\/wp-json\/wp\/v2\/product_cat?post=5592"},{"taxonomy":"product_tag","embeddable":true,"href":"https:\/\/medicinasinc.com\/se\/wp-json\/wp\/v2\/product_tag?post=5592"}],"curies":[{"name":"wp","href":"https:\/\/api.w.org\/{rel}","templated":true}]}}